{"id":24218,"date":"2020-03-19T14:45:45","date_gmt":"2020-03-19T13:45:45","guid":{"rendered":"https:\/\/teiaeducation.ch\/product\/faire-le-bon-mouvement-jeu-de-pose-educo\/"},"modified":"2025-12-08T12:28:17","modified_gmt":"2025-12-08T11:28:17","slug":"faire-le-bon-mouvement-jeu-de-pose-educo","status":"publish","type":"product","link":"https:\/\/teiaeducation.ch\/fr\/produit\/faire-le-bon-mouvement-jeu-de-pose-educo\/","title":{"rendered":"Faire le bon mouvement : jeu de pose &#8211; Educo"},"content":{"rendered":"<p>Educo faire le bon mouvement jeu de pose est un jouet \u00e9ducatif de haute qualit\u00e9 et un jeu interactif et de la <a href=\"https:\/\/teiaeducation.ch\/fr\/categorie-produit\/domaines-du-curriculum\/alphabetisation-langage\/collaboration-fr\/\">collaboration<\/a> qui peut \u00eatre jou\u00e9 de diff\u00e9rentes mani\u00e8res. Jou\u00e9 par un seul enfant ou en groupe, il s&#8217;agit de r\u00e9aliser le mouvement indiqu\u00e9 sur les cartes de pose.<\/p>\n<p>Faire le bon mouvement encourage la <a href=\"https:\/\/teiaeducation.ch\/fr\/categorie-produit\/domaines-du-curriculum\/sensorielles-motrices\/competences-motrices\/\">motricit\u00e9<\/a> et permet \u00e0 l&#8217;enfant de se mettre en mouvement en imitant la posture indiqu\u00e9e sur la carte ou de d\u00e9crire la posture \u00e0 un autre enfant. En d\u00e9crivant les postures, des concepts tels que haut, bas, gauche et droite sont abord\u00e9s. Le jeu de posture Educo facilite l&#8217;apprentissage du nom et de la prise de diff\u00e9rentes postures.<\/p>\n<p>Le jeu couvre 16 postures qui se r\u00e9p\u00e8tent toutes deux fois, ce qui permet \u00e9galement de jouer \u00e0 faire le bon geste comme un jeu de m\u00e9moire qui stimule la perception et la m\u00e9moire visuelles.<\/p>\n<p>La marque n\u00e9erlandaise <a href=\"https:\/\/teiaeducation.ch\/fr\/categorie-produit\/marques\/educo-fr\/\">Educo<\/a> repr\u00e9sente un monde color\u00e9 d\u2019apprentissage ludique, de <a href=\"https:\/\/teiaeducation.ch\/fr\/categorie-produit\/domaines-du-curriculum\/\">jeux \u00e9ducatifs<\/a> stimulants et de jouets. De haute qualit\u00e9 et durables, les produits Educo tournent autour des situations quotidiennes et aident les enfants \u00e0 associer les jeux \u00e0 des sujets r\u00e9guliers, transformant le processus d\u2019apprentissage en une simulation de leur environnement naturel.<\/p>\n<p>Les produits \u00e9ducatifs actifs et pratiques d\u2019Educo sont principalement faits en bois, avec des mat\u00e9riaux durables tels que les encres et les peintures \u00e0 base d\u2019eau. Les jouets sont fabriqu\u00e9s pour supporter des ann\u00e9es d\u2019utilisation robuste, encourager l\u2019apprentissage bas\u00e9 sur le <a href=\"https:\/\/teiaeducation.ch\/fr\/categorie-produit\/jouer\/\">jeu<\/a> et inspirer la croissance et le succ\u00e8s chez les enfants \u00e2g\u00e9s de 1 \u00e0 6 ans. Ils r\u00e9pondent aux exigences de diverses r\u00e9glementations europ\u00e9ennes et internationales en mati\u00e8re de s\u00e9curit\u00e9 des jouets et se conforment \u00e0 la directive 2009\/48\/CE sur la s\u00e9curit\u00e9 des jouets, y compris EN81 et ASTM.<\/p>\n<p>Educo faire le bon mouvement jeu de pose est adapt\u00e9 aux enfants de 3 ans et plus.<\/p>\n<p>Contenu :<\/p>\n<p>32 cartes en plastique \u00e9pais (9 x 9 cm) avec 16 postures diff\u00e9rentes chacune deux fois<br \/>\nUne bo\u00eete en bois pour le stockage (23 x 14 x 4,2 cm)<\/p>\n<p><em><span class=\"tlid-translation translation\" lang=\"fr\"><span title=\"\">Nous n'avons actuellement pas cet article en stock, mais il est disponible en pr\u00e9-commande.<\/span> <span class=\"\" title=\"\">Nous commanderons cet article pour vous aupr\u00e8s de notre fournisseur.<\/span> <span class=\"\" title=\"\">Veuillez allouer de 2 \u00e0 3 semaines maximum pour la livraison.<\/span><\/span><\/em><\/p>\n\t<div id=\"gap-1732044586\" class=\"gap-element clearfix\" style=\"display:block; height:auto;\">\n\t\t\n<style>\n#gap-1732044586 {\n  padding-top: 20px;\n}\n<\/style>\n\t<\/div>\n\t\n","protected":false},"excerpt":{"rendered":"<p>Num\u00e9ro d&#8217;article: 900000056<\/p>\n<p>Educo faire le bon mouvement jeu de pose est un jouet \u00e9ducatif de haute qualit\u00e9 et de la collaboration qui peut \u00eatre jou\u00e9 de diff\u00e9rentes mani\u00e8res.<\/p>\n","protected":false},"featured_media":23857,"comment_status":"closed","ping_status":"closed","template":"","meta":[],"product_brand":[],"product_cat":[8527,215,216,285,602,22344,635,283,224,8526,235,234,206,13130,18969,22181,1220,627,289,23650,288,7595,1218,217,5851,209,212,612],"product_tag":[23602,1363,8579,8578,23603],"class_list":{"0":"post-24218","1":"product","2":"type-product","3":"status-publish","4":"has-post-thumbnail","6":"product_cat-3-6-ans-ecole-a-domicile","7":"product_cat-3-6-ans","8":"product_cat-6-12-ans","9":"product_cat-alphabetisation-langage","10":"product_cat-collaboration-fr","11":"product_cat-collections-saisonnieres","12":"product_cat-competences-motrices","13":"product_cat-domaines-du-curriculum","14":"product_cat-educo-fr","15":"product_cat-fournitures-scolaires-a-domicile","16":"product_cat-geometrie-jeu-mathematique","17":"product_cat-jeu-mathematique","18":"product_cat-jeu-motricite","19":"product_cat-jouer","20":"product_cat-jouets-actifs","21":"product_cat-jouets-montessori","22":"product_cat-traditionnelle","23":"product_cat-orientation-spatiale-fr","24":"product_cat-geometrie","25":"product_cat-la-rentree-scolaire","26":"product_cat-mathematiques-calcul","27":"product_cat-methode-deducation","28":"product_cat-montessori-fr","29":"product_cat-marques","30":"product_cat-nouveautes","31":"product_cat-sensorielles-motrices","32":"product_cat-tranche-dage","33":"product_cat-vocabulaire-fr","34":"product_tag-educational-toys-fr","35":"product_tag-educo-fr","36":"product_tag-faire-le-bon-mouvement","37":"product_tag-jeu-de-pose","38":"product_tag-wooden-toys-fr","40":"first","41":"onbackorder","42":"taxable","43":"shipping-taxable","44":"purchasable","45":"product-type-simple"},"yoast_head":"<!-- This site is optimized with the Yoast SEO Premium plugin v25.8 (Yoast SEO v27.4) - https:\/\/yoast.com\/product\/yoast-seo-premium-wordpress\/ -->\n<title>Faire le bon mouvement : jeu de pose - Educo<\/title>\n<meta name=\"description\" content=\"Educo faire le bon mouvement jeu de pose est un jouet \u00e9ducatif de haute qualit\u00e9 et de la collaboration qui peut \u00eatre jou\u00e9 de diff\u00e9rentes mani\u00e8res.\" \/>\n<meta name=\"robots\" content=\"index, follow, max-snippet:-1, max-image-preview:large, max-video-preview:-1\" \/>\n<link rel=\"canonical\" href=\"https:\/\/teiaeducation.ch\/fr\/produit\/faire-le-bon-mouvement-jeu-de-pose-educo\/\" \/>\n<meta property=\"og:locale\" content=\"fr_FR\" \/>\n<meta property=\"og:type\" content=\"article\" \/>\n<meta property=\"og:title\" content=\"Faire le bon mouvement : jeu de pose - Educo\" \/>\n<meta property=\"og:description\" content=\"Educo faire le bon mouvement jeu de pose est un jouet \u00e9ducatif de haute qualit\u00e9 et de la collaboration qui peut \u00eatre jou\u00e9 de diff\u00e9rentes mani\u00e8res.\" \/>\n<meta property=\"og:url\" content=\"https:\/\/teiaeducation.ch\/fr\/produit\/faire-le-bon-mouvement-jeu-de-pose-educo\/\" \/>\n<meta property=\"og:site_name\" content=\"Sustainable Educational Products &amp; Ecological Toys\u00a0\" \/>\n<meta property=\"article:publisher\" content=\"https:\/\/www.facebook.com\/teiaeducation\/\" \/>\n<meta property=\"article:modified_time\" content=\"2025-12-08T11:28:17+00:00\" \/>\n<meta property=\"og:image\" content=\"https:\/\/teiaeducation.ch\/wp-content\/uploads\/2020\/03\/Make-the-right-move_Posing-game_Educo_900000056-scaled-scaled.jpg\" \/>\n\t<meta property=\"og:image:width\" content=\"2048\" \/>\n\t<meta property=\"og:image:height\" content=\"2048\" \/>\n\t<meta property=\"og:image:type\" content=\"image\/jpeg\" \/>\n<script type=\"application\/ld+json\" class=\"yoast-schema-graph\">{\"@context\":\"https:\\\/\\\/schema.org\",\"@graph\":[{\"@type\":\"WebPage\",\"@id\":\"https:\\\/\\\/teiaeducation.ch\\\/fr\\\/produit\\\/faire-le-bon-mouvement-jeu-de-pose-educo\\\/\",\"url\":\"https:\\\/\\\/teiaeducation.ch\\\/fr\\\/produit\\\/faire-le-bon-mouvement-jeu-de-pose-educo\\\/\",\"name\":\"Faire le bon mouvement : jeu de pose - Educo\",\"isPartOf\":{\"@id\":\"https:\\\/\\\/teiaeducation.ch\\\/fr\\\/#website\"},\"primaryImageOfPage\":{\"@id\":\"https:\\\/\\\/teiaeducation.ch\\\/fr\\\/produit\\\/faire-le-bon-mouvement-jeu-de-pose-educo\\\/#primaryimage\"},\"image\":{\"@id\":\"https:\\\/\\\/teiaeducation.ch\\\/fr\\\/produit\\\/faire-le-bon-mouvement-jeu-de-pose-educo\\\/#primaryimage\"},\"thumbnailUrl\":\"https:\\\/\\\/teiaeducation.ch\\\/wp-content\\\/uploads\\\/2020\\\/03\\\/Make-the-right-move_Posing-game_Educo_900000056-scaled-scaled.jpg\",\"datePublished\":\"2020-03-19T13:45:45+00:00\",\"dateModified\":\"2025-12-08T11:28:17+00:00\",\"description\":\"Educo faire le bon mouvement jeu de pose est un jouet \u00e9ducatif de haute qualit\u00e9 et de la collaboration qui peut \u00eatre jou\u00e9 de diff\u00e9rentes mani\u00e8res.\",\"breadcrumb\":{\"@id\":\"https:\\\/\\\/teiaeducation.ch\\\/fr\\\/produit\\\/faire-le-bon-mouvement-jeu-de-pose-educo\\\/#breadcrumb\"},\"inLanguage\":\"fr-FR\",\"potentialAction\":[{\"@type\":\"ReadAction\",\"target\":[\"https:\\\/\\\/teiaeducation.ch\\\/fr\\\/produit\\\/faire-le-bon-mouvement-jeu-de-pose-educo\\\/\"]}]},{\"@type\":\"ImageObject\",\"inLanguage\":\"fr-FR\",\"@id\":\"https:\\\/\\\/teiaeducation.ch\\\/fr\\\/produit\\\/faire-le-bon-mouvement-jeu-de-pose-educo\\\/#primaryimage\",\"url\":\"https:\\\/\\\/teiaeducation.ch\\\/wp-content\\\/uploads\\\/2020\\\/03\\\/Make-the-right-move_Posing-game_Educo_900000056-scaled-scaled.jpg\",\"contentUrl\":\"https:\\\/\\\/teiaeducation.ch\\\/wp-content\\\/uploads\\\/2020\\\/03\\\/Make-the-right-move_Posing-game_Educo_900000056-scaled-scaled.jpg\",\"width\":2048,\"height\":2048,\"caption\":\"jouet \u00e9ducatif haute qualit\u00e9 Faire le bon mouvement : jeu de pose - Educo\"},{\"@type\":\"BreadcrumbList\",\"@id\":\"https:\\\/\\\/teiaeducation.ch\\\/fr\\\/produit\\\/faire-le-bon-mouvement-jeu-de-pose-educo\\\/#breadcrumb\",\"itemListElement\":[{\"@type\":\"ListItem\",\"position\":1,\"name\":\"Home\",\"item\":\"https:\\\/\\\/teiaeducation.ch\\\/fr\\\/\"},{\"@type\":\"ListItem\",\"position\":2,\"name\":\"Boutique Teia Education &amp; Play\",\"item\":\"https:\\\/\\\/teiaeducation.ch\\\/fr\\\/boutique\\\/\"},{\"@type\":\"ListItem\",\"position\":3,\"name\":\"Nos Marques\",\"item\":\"https:\\\/\\\/teiaeducation.ch\\\/fr\\\/categorie-produit\\\/marques\\\/\"},{\"@type\":\"ListItem\",\"position\":4,\"name\":\"Educo\",\"item\":\"https:\\\/\\\/teiaeducation.ch\\\/fr\\\/categorie-produit\\\/marques\\\/educo-fr\\\/\"},{\"@type\":\"ListItem\",\"position\":5,\"name\":\"Jeu Motricit\u00e9\",\"item\":\"https:\\\/\\\/teiaeducation.ch\\\/fr\\\/categorie-produit\\\/marques\\\/educo-fr\\\/jeu-motricite\\\/\"},{\"@type\":\"ListItem\",\"position\":6,\"name\":\"Faire le bon mouvement : jeu de pose &#8211; Educo\"}]},{\"@type\":\"WebSite\",\"@id\":\"https:\\\/\\\/teiaeducation.ch\\\/fr\\\/#website\",\"url\":\"https:\\\/\\\/teiaeducation.ch\\\/fr\\\/\",\"name\":\"Sustainable Educational Products &amp; Ecological Toys\u00a0\",\"description\":\"Specialised Swiss shop selling sustainable educational toys and games, AMI certified Montessori materials, handmade ecological wooden Waldorf toys and arts &amp; crafts supplies, school supplies, children&#039;s furniture and Montessori reference and parenting books.\",\"publisher\":{\"@id\":\"https:\\\/\\\/teiaeducation.ch\\\/fr\\\/#organization\"},\"alternateName\":\"Teia Education & Play\",\"potentialAction\":[{\"@type\":\"SearchAction\",\"target\":{\"@type\":\"EntryPoint\",\"urlTemplate\":\"https:\\\/\\\/teiaeducation.ch\\\/fr\\\/?s={search_term_string}\"},\"query-input\":{\"@type\":\"PropertyValueSpecification\",\"valueRequired\":true,\"valueName\":\"search_term_string\"}}],\"inLanguage\":\"fr-FR\"},{\"@type\":\"Organization\",\"@id\":\"https:\\\/\\\/teiaeducation.ch\\\/fr\\\/#organization\",\"name\":\"Teia Education & Play\",\"url\":\"https:\\\/\\\/teiaeducation.ch\\\/fr\\\/\",\"logo\":{\"@type\":\"ImageObject\",\"inLanguage\":\"fr-FR\",\"@id\":\"https:\\\/\\\/teiaeducation.ch\\\/fr\\\/#\\\/schema\\\/logo\\\/image\\\/\",\"url\":\"https:\\\/\\\/teiaeducation.ch\\\/wp-content\\\/uploads\\\/2020\\\/11\\\/Teia-Education-Switzerland-e1620156442216.jpg\",\"contentUrl\":\"https:\\\/\\\/teiaeducation.ch\\\/wp-content\\\/uploads\\\/2020\\\/11\\\/Teia-Education-Switzerland-e1620156442216.jpg\",\"width\":166,\"height\":145,\"caption\":\"Teia Education & Play\"},\"image\":{\"@id\":\"https:\\\/\\\/teiaeducation.ch\\\/fr\\\/#\\\/schema\\\/logo\\\/image\\\/\"},\"sameAs\":[\"https:\\\/\\\/www.facebook.com\\\/teiaeducation\\\/\",\"https:\\\/\\\/x.com\\\/EducationTeia\",\"https:\\\/\\\/www.instagram.com\\\/teia.education\\\/\",\"https:\\\/\\\/www.linkedin.com\\\/company\\\/35501660\",\"https:\\\/\\\/www.pinterest.ch\\\/TeiaEducation\\\/\"]}]}<\/script>\n<meta property=\"product:price:amount\" content=\"52.90\" \/>\n<meta property=\"product:price:currency\" content=\"CHF\" \/>\n<meta property=\"og:availability\" content=\"backorder\" \/>\n<meta property=\"product:availability\" content=\"available for order\" \/>\n<meta property=\"product:retailer_item_id\" content=\"00000000000000000000000000000000000000000000023855\" \/>\n<meta property=\"product:condition\" content=\"new\" \/>\n<!-- \/ Yoast SEO Premium plugin. -->","yoast_head_json":{"title":"Faire le bon mouvement : jeu de pose - Educo","description":"Educo faire le bon mouvement jeu de pose est un jouet \u00e9ducatif de haute qualit\u00e9 et de la collaboration qui peut \u00eatre jou\u00e9 de diff\u00e9rentes mani\u00e8res.","robots":{"index":"index","follow":"follow","max-snippet":"max-snippet:-1","max-image-preview":"max-image-preview:large","max-video-preview":"max-video-preview:-1"},"canonical":"https:\/\/teiaeducation.ch\/fr\/produit\/faire-le-bon-mouvement-jeu-de-pose-educo\/","og_locale":"fr_FR","og_type":"article","og_title":"Faire le bon mouvement : jeu de pose - Educo","og_description":"Educo faire le bon mouvement jeu de pose est un jouet \u00e9ducatif de haute qualit\u00e9 et de la collaboration qui peut \u00eatre jou\u00e9 de diff\u00e9rentes mani\u00e8res.","og_url":"https:\/\/teiaeducation.ch\/fr\/produit\/faire-le-bon-mouvement-jeu-de-pose-educo\/","og_site_name":"Sustainable Educational Products &amp; Ecological Toys\u00a0","article_publisher":"https:\/\/www.facebook.com\/teiaeducation\/","article_modified_time":"2025-12-08T11:28:17+00:00","og_image":[{"width":2048,"height":2048,"url":"https:\/\/teiaeducation.ch\/wp-content\/uploads\/2020\/03\/Make-the-right-move_Posing-game_Educo_900000056-scaled-scaled.jpg","type":"image\/jpeg"}],"schema":{"@context":"https:\/\/schema.org","@graph":[{"@type":"WebPage","@id":"https:\/\/teiaeducation.ch\/fr\/produit\/faire-le-bon-mouvement-jeu-de-pose-educo\/","url":"https:\/\/teiaeducation.ch\/fr\/produit\/faire-le-bon-mouvement-jeu-de-pose-educo\/","name":"Faire le bon mouvement : jeu de pose - Educo","isPartOf":{"@id":"https:\/\/teiaeducation.ch\/fr\/#website"},"primaryImageOfPage":{"@id":"https:\/\/teiaeducation.ch\/fr\/produit\/faire-le-bon-mouvement-jeu-de-pose-educo\/#primaryimage"},"image":{"@id":"https:\/\/teiaeducation.ch\/fr\/produit\/faire-le-bon-mouvement-jeu-de-pose-educo\/#primaryimage"},"thumbnailUrl":"https:\/\/teiaeducation.ch\/wp-content\/uploads\/2020\/03\/Make-the-right-move_Posing-game_Educo_900000056-scaled-scaled.jpg","datePublished":"2020-03-19T13:45:45+00:00","dateModified":"2025-12-08T11:28:17+00:00","description":"Educo faire le bon mouvement jeu de pose est un jouet \u00e9ducatif de haute qualit\u00e9 et de la collaboration qui peut \u00eatre jou\u00e9 de diff\u00e9rentes mani\u00e8res.","breadcrumb":{"@id":"https:\/\/teiaeducation.ch\/fr\/produit\/faire-le-bon-mouvement-jeu-de-pose-educo\/#breadcrumb"},"inLanguage":"fr-FR","potentialAction":[{"@type":"ReadAction","target":["https:\/\/teiaeducation.ch\/fr\/produit\/faire-le-bon-mouvement-jeu-de-pose-educo\/"]}]},{"@type":"ImageObject","inLanguage":"fr-FR","@id":"https:\/\/teiaeducation.ch\/fr\/produit\/faire-le-bon-mouvement-jeu-de-pose-educo\/#primaryimage","url":"https:\/\/teiaeducation.ch\/wp-content\/uploads\/2020\/03\/Make-the-right-move_Posing-game_Educo_900000056-scaled-scaled.jpg","contentUrl":"https:\/\/teiaeducation.ch\/wp-content\/uploads\/2020\/03\/Make-the-right-move_Posing-game_Educo_900000056-scaled-scaled.jpg","width":2048,"height":2048,"caption":"jouet \u00e9ducatif haute qualit\u00e9 Faire le bon mouvement : jeu de pose - Educo"},{"@type":"BreadcrumbList","@id":"https:\/\/teiaeducation.ch\/fr\/produit\/faire-le-bon-mouvement-jeu-de-pose-educo\/#breadcrumb","itemListElement":[{"@type":"ListItem","position":1,"name":"Home","item":"https:\/\/teiaeducation.ch\/fr\/"},{"@type":"ListItem","position":2,"name":"Boutique Teia Education &amp; Play","item":"https:\/\/teiaeducation.ch\/fr\/boutique\/"},{"@type":"ListItem","position":3,"name":"Nos Marques","item":"https:\/\/teiaeducation.ch\/fr\/categorie-produit\/marques\/"},{"@type":"ListItem","position":4,"name":"Educo","item":"https:\/\/teiaeducation.ch\/fr\/categorie-produit\/marques\/educo-fr\/"},{"@type":"ListItem","position":5,"name":"Jeu Motricit\u00e9","item":"https:\/\/teiaeducation.ch\/fr\/categorie-produit\/marques\/educo-fr\/jeu-motricite\/"},{"@type":"ListItem","position":6,"name":"Faire le bon mouvement : jeu de pose &#8211; Educo"}]},{"@type":"WebSite","@id":"https:\/\/teiaeducation.ch\/fr\/#website","url":"https:\/\/teiaeducation.ch\/fr\/","name":"Sustainable Educational Products &amp; Ecological Toys\u00a0","description":"Specialised Swiss shop selling sustainable educational toys and games, AMI certified Montessori materials, handmade ecological wooden Waldorf toys and arts &amp; crafts supplies, school supplies, children&#039;s furniture and Montessori reference and parenting books.","publisher":{"@id":"https:\/\/teiaeducation.ch\/fr\/#organization"},"alternateName":"Teia Education & Play","potentialAction":[{"@type":"SearchAction","target":{"@type":"EntryPoint","urlTemplate":"https:\/\/teiaeducation.ch\/fr\/?s={search_term_string}"},"query-input":{"@type":"PropertyValueSpecification","valueRequired":true,"valueName":"search_term_string"}}],"inLanguage":"fr-FR"},{"@type":"Organization","@id":"https:\/\/teiaeducation.ch\/fr\/#organization","name":"Teia Education & Play","url":"https:\/\/teiaeducation.ch\/fr\/","logo":{"@type":"ImageObject","inLanguage":"fr-FR","@id":"https:\/\/teiaeducation.ch\/fr\/#\/schema\/logo\/image\/","url":"https:\/\/teiaeducation.ch\/wp-content\/uploads\/2020\/11\/Teia-Education-Switzerland-e1620156442216.jpg","contentUrl":"https:\/\/teiaeducation.ch\/wp-content\/uploads\/2020\/11\/Teia-Education-Switzerland-e1620156442216.jpg","width":166,"height":145,"caption":"Teia Education & Play"},"image":{"@id":"https:\/\/teiaeducation.ch\/fr\/#\/schema\/logo\/image\/"},"sameAs":["https:\/\/www.facebook.com\/teiaeducation\/","https:\/\/x.com\/EducationTeia","https:\/\/www.instagram.com\/teia.education\/","https:\/\/www.linkedin.com\/company\/35501660","https:\/\/www.pinterest.ch\/TeiaEducation\/"]}]},"product_price_amount":"52.90","product_price_currency":"CHF","og_availability":"backorder","product_availability":"available for order","product_retailer_item_id":"00000000000000000000000000000000000000000000023855","product_condition":"new"},"_links":{"self":[{"href":"https:\/\/teiaeducation.ch\/fr\/wp-json\/wp\/v2\/product\/24218","targetHints":{"allow":["GET"]}}],"collection":[{"href":"https:\/\/teiaeducation.ch\/fr\/wp-json\/wp\/v2\/product"}],"about":[{"href":"https:\/\/teiaeducation.ch\/fr\/wp-json\/wp\/v2\/types\/product"}],"replies":[{"embeddable":true,"href":"https:\/\/teiaeducation.ch\/fr\/wp-json\/wp\/v2\/comments?post=24218"}],"wp:featuredmedia":[{"embeddable":true,"href":"https:\/\/teiaeducation.ch\/fr\/wp-json\/wp\/v2\/media\/23857"}],"wp:attachment":[{"href":"https:\/\/teiaeducation.ch\/fr\/wp-json\/wp\/v2\/media?parent=24218"}],"wp:term":[{"taxonomy":"product_brand","embeddable":true,"href":"https:\/\/teiaeducation.ch\/fr\/wp-json\/wp\/v2\/product_brand?post=24218"},{"taxonomy":"product_cat","embeddable":true,"href":"https:\/\/teiaeducation.ch\/fr\/wp-json\/wp\/v2\/product_cat?post=24218"},{"taxonomy":"product_tag","embeddable":true,"href":"https:\/\/teiaeducation.ch\/fr\/wp-json\/wp\/v2\/product_tag?post=24218"}],"curies":[{"name":"wp","href":"https:\/\/api.w.org\/{rel}","templated":true}]}}