{"id":24228,"date":"2020-03-19T16:44:12","date_gmt":"2020-03-19T15:44:12","guid":{"rendered":"https:\/\/teiaeducation.ch\/product\/coder-avec-des-animaux-educo\/"},"modified":"2021-04-27T13:26:52","modified_gmt":"2021-04-27T11:26:52","slug":"coder-avec-des-animaux-educo","status":"publish","type":"product","link":"https:\/\/teiaeducation.ch\/fr\/produit\/coder-avec-des-animaux-educo\/","title":{"rendered":"Coder avec des animaux &#8211; Educo"},"content":{"rendered":"<p>Coder avec des animaux \/ Jouet \u00e9ducatif de haute qualit\u00e9 &#8211; Educo<\/p>\n<p>Educo coder avec des animaux est un jouet \u00e9ducatif de haute qualit\u00e9 qui permet \u00e0 l&#8217;enfant d&#8217;apprendre les bases du codage sans utiliser de technologie. Le jeu est \u00e9galement cr\u00e9\u00e9 pour pratiquer l&#8217;orientation spatiale et la <a href=\"https:\/\/teiaeducation.ch\/fr\/categorie-produit\/domaines-du-curriculum\/alphabetisation-langage\/collaboration-fr\/\">collaboration<\/a>.<\/p>\n<p>Coder avec des animaux comprend deux niveaux de cartes d&#8217;affectation : le niveau 1 contient des animaux en bois afin de rendre les \u00e9tapes du codage tangibles et le niveau 2 contient une carte avec une fl\u00e8che comme support. La position de d\u00e9part des animaux est d\u00e9termin\u00e9e par la direction vers laquelle pointe leur nez et les animaux sont reli\u00e9s entre eux par des routes. Chaque route comporte un obstacle, comme une flaque de boue ou un arbre. Ces obstacles font partie des conditions pr\u00e9alables \u00e9nonc\u00e9es dans la mission.<\/p>\n<p>De gauche \u00e0 droite, les cartes de mission indiquent : l&#8217;animal par lequel on commence, l&#8217;animal par lequel on finit, et les conditions pr\u00e9alables pour les routes \u00e0 emprunter. Utilisez les cartes avec les fl\u00e8ches pour marquer la bonne solution. Les enfants ont ainsi r\u00e9alis\u00e9 leur premier code de programmation.<\/p>\n<p>Les cartes d&#8217;exercice pr\u00e9sentent un degr\u00e9 de difficult\u00e9 croissant et sont autocontr\u00f4l\u00e9es.<\/p>\n<p>La marque n\u00e9erlandaise Educo repr\u00e9sente un monde color\u00e9 d\u2019apprentissage ludique, de jeux \u00e9ducatifs stimulants et de jouets. De haute qualit\u00e9 et durables, les produits Educo tournent autour des situations quotidiennes et aident les enfants \u00e0 associer les jeux \u00e0 des sujets r\u00e9guliers, transformant le processus d\u2019apprentissage en une simulation de leur environnement naturel.<\/p>\n<p>Les produits \u00e9ducatifs actifs et pratiques d\u2019Educo sont principalement faits en bois, avec des mat\u00e9riaux durables tels que les encres et les peintures \u00e0 base d\u2019eau. Les jouets sont fabriqu\u00e9s pour supporter des ann\u00e9es d\u2019utilisation robuste, encourager l\u2019apprentissage bas\u00e9 sur le jeu et inspirer la croissance et le succ\u00e8s chez les enfants \u00e2g\u00e9s de 1 \u00e0 6 ans. Ils r\u00e9pondent aux exigences de diverses r\u00e9glementations europ\u00e9ennes et internationales en mati\u00e8re de s\u00e9curit\u00e9 des jouets et se conforment \u00e0 la directive 2009\/48\/CE sur la s\u00e9curit\u00e9 des jouets, y compris EN81 et ASTM.<\/p>\n<p>Coder avec des animaux Educo\u00a0est adapt\u00e9 aux enfants de 5 ans et plus.<\/p>\n<p>Contenu :<\/p>\n<p>2 cartes d&#8217;affectation en plastique (2 niveaux)<br \/>\n6 cartes d&#8217;affectation en plastique niveau 1<br \/>\n6 animaux en bois<br \/>\n12 cartes d&#8217;affectation en plastique niveau 2<br \/>\nUne carte plastique pour l&#8217;assistance<br \/>\n16 cartes en plastique avec des symboles de fl\u00e8ches<br \/>\nUne bo\u00eete en bois pour le stockage (23 x 23 x 5 cm)<\/p>\n","protected":false},"excerpt":{"rendered":"<p>Num\u00e9ro d&#8217;article: 900000052<\/p>\n<p>Educo coder avec des animaux est un jouet \u00e9ducatif de haute qualit\u00e9 qui permet \u00e0 l&#8217;enfant d&#8217;apprendre les bases du codage sans utiliser de technologie.<\/p>\n","protected":false},"featured_media":23864,"comment_status":"closed","ping_status":"closed","template":"","meta":[],"product_brand":[],"product_cat":[215,8580,216,285,601,18893,22344,283,224,8526,235,286,234,1220,627,289,288,7595,217,5851,623,212,612],"product_tag":[1363],"class_list":{"0":"post-24228","1":"product","2":"type-product","3":"status-publish","4":"has-post-thumbnail","6":"product_cat-3-6-ans","7":"product_cat-6-12-ans-ecole-a-domicile","8":"product_cat-6-12-ans","9":"product_cat-alphabetisation-langage","10":"product_cat-classification-fr","11":"product_cat-collection-printemps","12":"product_cat-collections-saisonnieres","13":"product_cat-domaines-du-curriculum","14":"product_cat-educo-fr","15":"product_cat-fournitures-scolaires-a-domicile","16":"product_cat-geometrie-jeu-mathematique","17":"product_cat-grammaire","18":"product_cat-jeu-mathematique","19":"product_cat-traditionnelle","20":"product_cat-orientation-spatiale-fr","21":"product_cat-geometrie","22":"product_cat-mathematiques-calcul","23":"product_cat-methode-deducation","24":"product_cat-marques","25":"product_cat-nouveautes","26":"product_cat-serialisation","27":"product_cat-tranche-dage","28":"product_cat-vocabulaire-fr","29":"product_tag-educo-fr","31":"first","32":"instock","33":"taxable","34":"shipping-taxable","35":"purchasable","36":"product-type-simple"},"yoast_head":"<!-- This site is optimized with the Yoast SEO plugin v27.1.1 - https:\/\/yoast.com\/product\/yoast-seo-wordpress\/ -->\n<title>Coder avec des animaux Educo - Sustainable Educational Products &amp; Ecological Toys\u00a0<\/title>\n<meta name=\"description\" content=\"Educo coder avec des animaux est un jouet \u00e9ducatif de haute qualit\u00e9 qui permet \u00e0 l&#039;enfant d&#039;apprendre les bases du codage sans utiliser de technologie.\" \/>\n<meta name=\"robots\" content=\"index, follow, max-snippet:-1, max-image-preview:large, max-video-preview:-1\" \/>\n<link rel=\"canonical\" href=\"https:\/\/teiaeducation.ch\/fr\/produit\/coder-avec-des-animaux-educo\/\" \/>\n<meta property=\"og:locale\" content=\"fr_FR\" \/>\n<meta property=\"og:type\" content=\"article\" \/>\n<meta property=\"og:title\" content=\"Coder avec des animaux Educo - Sustainable Educational Products &amp; Ecological Toys\u00a0\" \/>\n<meta property=\"og:description\" content=\"Educo coder avec des animaux est un jouet \u00e9ducatif de haute qualit\u00e9 qui permet \u00e0 l&#039;enfant d&#039;apprendre les bases du codage sans utiliser de technologie.\" \/>\n<meta property=\"og:url\" content=\"https:\/\/teiaeducation.ch\/fr\/produit\/coder-avec-des-animaux-educo\/\" \/>\n<meta property=\"og:site_name\" content=\"Sustainable Educational Products &amp; Ecological Toys\u00a0\" \/>\n<meta property=\"article:publisher\" content=\"https:\/\/www.facebook.com\/teiaeducation\/\" \/>\n<meta property=\"article:modified_time\" content=\"2021-04-27T11:26:52+00:00\" \/>\n<meta property=\"og:image\" content=\"https:\/\/teiaeducation.ch\/wp-content\/uploads\/2020\/03\/Coding-animals-Educo-scaled-scaled.jpg\" \/>\n\t<meta property=\"og:image:width\" content=\"2048\" \/>\n\t<meta property=\"og:image:height\" content=\"2048\" \/>\n\t<meta property=\"og:image:type\" content=\"image\/jpeg\" \/>\n<script type=\"application\/ld+json\" class=\"yoast-schema-graph\">{\"@context\":\"https:\/\/schema.org\",\"@graph\":[{\"@type\":\"WebPage\",\"@id\":\"https:\/\/teiaeducation.ch\/fr\/produit\/coder-avec-des-animaux-educo\/\",\"url\":\"https:\/\/teiaeducation.ch\/fr\/produit\/coder-avec-des-animaux-educo\/\",\"name\":\"Coder avec des animaux Educo - Sustainable Educational Products &amp; Ecological Toys\u00a0\",\"isPartOf\":{\"@id\":\"https:\/\/teiaeducation.ch\/fr\/#website\"},\"primaryImageOfPage\":{\"@id\":\"https:\/\/teiaeducation.ch\/fr\/produit\/coder-avec-des-animaux-educo\/#primaryimage\"},\"image\":{\"@id\":\"https:\/\/teiaeducation.ch\/fr\/produit\/coder-avec-des-animaux-educo\/#primaryimage\"},\"thumbnailUrl\":\"https:\/\/teiaeducation.ch\/wp-content\/uploads\/2020\/03\/Coding-animals-Educo-scaled-scaled.jpg\",\"datePublished\":\"2020-03-19T15:44:12+00:00\",\"dateModified\":\"2021-04-27T11:26:52+00:00\",\"description\":\"Educo coder avec des animaux est un jouet \u00e9ducatif de haute qualit\u00e9 qui permet \u00e0 l'enfant d'apprendre les bases du codage sans utiliser de technologie.\",\"breadcrumb\":{\"@id\":\"https:\/\/teiaeducation.ch\/fr\/produit\/coder-avec-des-animaux-educo\/#breadcrumb\"},\"inLanguage\":\"fr-FR\",\"potentialAction\":[{\"@type\":\"ReadAction\",\"target\":[\"https:\/\/teiaeducation.ch\/fr\/produit\/coder-avec-des-animaux-educo\/\"]}]},{\"@type\":\"ImageObject\",\"inLanguage\":\"fr-FR\",\"@id\":\"https:\/\/teiaeducation.ch\/fr\/produit\/coder-avec-des-animaux-educo\/#primaryimage\",\"url\":\"https:\/\/teiaeducation.ch\/wp-content\/uploads\/2020\/03\/Coding-animals-Educo-scaled-scaled.jpg\",\"contentUrl\":\"https:\/\/teiaeducation.ch\/wp-content\/uploads\/2020\/03\/Coding-animals-Educo-scaled-scaled.jpg\",\"width\":2048,\"height\":2048,\"caption\":\"jouet \u00e9ducatif haute qualit\u00e9 Coder avec des animaux - Educo\"},{\"@type\":\"BreadcrumbList\",\"@id\":\"https:\/\/teiaeducation.ch\/fr\/produit\/coder-avec-des-animaux-educo\/#breadcrumb\",\"itemListElement\":[{\"@type\":\"ListItem\",\"position\":1,\"name\":\"Home\",\"item\":\"https:\/\/teiaeducation.ch\/fr\/\"},{\"@type\":\"ListItem\",\"position\":2,\"name\":\"Boutique Teia Education &amp; Play\",\"item\":\"https:\/\/teiaeducation.ch\/fr\/boutique\/\"},{\"@type\":\"ListItem\",\"position\":3,\"name\":\"Nos Marques\",\"item\":\"https:\/\/teiaeducation.ch\/fr\/categorie-produit\/marques\/\"},{\"@type\":\"ListItem\",\"position\":4,\"name\":\"Educo\",\"item\":\"https:\/\/teiaeducation.ch\/fr\/categorie-produit\/marques\/educo-fr\/\"},{\"@type\":\"ListItem\",\"position\":5,\"name\":\"Jeu Math\u00e9matique\",\"item\":\"https:\/\/teiaeducation.ch\/fr\/categorie-produit\/marques\/educo-fr\/jeu-mathematique\/\"},{\"@type\":\"ListItem\",\"position\":6,\"name\":\"G\u00e9om\u00e9trie\",\"item\":\"https:\/\/teiaeducation.ch\/fr\/categorie-produit\/marques\/educo-fr\/jeu-mathematique\/geometrie-jeu-mathematique\/\"},{\"@type\":\"ListItem\",\"position\":7,\"name\":\"Coder avec des animaux &#8211; Educo\"}]},{\"@type\":\"WebSite\",\"@id\":\"https:\/\/teiaeducation.ch\/fr\/#website\",\"url\":\"https:\/\/teiaeducation.ch\/fr\/\",\"name\":\"Sustainable Educational Products &amp; Ecological Toys\u00a0\",\"description\":\"Specialised Swiss shop selling sustainable educational toys and games, AMI certified Montessori materials, handmade ecological wooden Waldorf toys and arts &amp; crafts supplies, school supplies, children&#039;s furniture and Montessori reference and parenting books.\",\"publisher\":{\"@id\":\"https:\/\/teiaeducation.ch\/fr\/#organization\"},\"alternateName\":\"Teia Education & Play\",\"potentialAction\":[{\"@type\":\"SearchAction\",\"target\":{\"@type\":\"EntryPoint\",\"urlTemplate\":\"https:\/\/teiaeducation.ch\/fr\/?s={search_term_string}\"},\"query-input\":{\"@type\":\"PropertyValueSpecification\",\"valueRequired\":true,\"valueName\":\"search_term_string\"}}],\"inLanguage\":\"fr-FR\"},{\"@type\":\"Organization\",\"@id\":\"https:\/\/teiaeducation.ch\/fr\/#organization\",\"name\":\"Teia Education & Play\",\"url\":\"https:\/\/teiaeducation.ch\/fr\/\",\"logo\":{\"@type\":\"ImageObject\",\"inLanguage\":\"fr-FR\",\"@id\":\"https:\/\/teiaeducation.ch\/fr\/#\/schema\/logo\/image\/\",\"url\":\"https:\/\/teiaeducation.ch\/wp-content\/uploads\/2020\/11\/Teia-Education-Switzerland-e1620156442216.jpg\",\"contentUrl\":\"https:\/\/teiaeducation.ch\/wp-content\/uploads\/2020\/11\/Teia-Education-Switzerland-e1620156442216.jpg\",\"width\":166,\"height\":145,\"caption\":\"Teia Education & Play\"},\"image\":{\"@id\":\"https:\/\/teiaeducation.ch\/fr\/#\/schema\/logo\/image\/\"},\"sameAs\":[\"https:\/\/www.facebook.com\/teiaeducation\/\",\"https:\/\/x.com\/EducationTeia\",\"https:\/\/www.instagram.com\/teia.education\/\",\"https:\/\/www.linkedin.com\/company\/35501660\",\"https:\/\/www.pinterest.ch\/TeiaEducation\/\"]}]}<\/script>\n<!-- \/ Yoast SEO plugin. -->","yoast_head_json":{"title":"Coder avec des animaux Educo - Sustainable Educational Products &amp; Ecological Toys\u00a0","description":"Educo coder avec des animaux est un jouet \u00e9ducatif de haute qualit\u00e9 qui permet \u00e0 l'enfant d'apprendre les bases du codage sans utiliser de technologie.","robots":{"index":"index","follow":"follow","max-snippet":"max-snippet:-1","max-image-preview":"max-image-preview:large","max-video-preview":"max-video-preview:-1"},"canonical":"https:\/\/teiaeducation.ch\/fr\/produit\/coder-avec-des-animaux-educo\/","og_locale":"fr_FR","og_type":"article","og_title":"Coder avec des animaux Educo - Sustainable Educational Products &amp; Ecological Toys\u00a0","og_description":"Educo coder avec des animaux est un jouet \u00e9ducatif de haute qualit\u00e9 qui permet \u00e0 l'enfant d'apprendre les bases du codage sans utiliser de technologie.","og_url":"https:\/\/teiaeducation.ch\/fr\/produit\/coder-avec-des-animaux-educo\/","og_site_name":"Sustainable Educational Products &amp; Ecological Toys\u00a0","article_publisher":"https:\/\/www.facebook.com\/teiaeducation\/","article_modified_time":"2021-04-27T11:26:52+00:00","og_image":[{"width":2048,"height":2048,"url":"https:\/\/teiaeducation.ch\/wp-content\/uploads\/2020\/03\/Coding-animals-Educo-scaled-scaled.jpg","type":"image\/jpeg"}],"schema":{"@context":"https:\/\/schema.org","@graph":[{"@type":"WebPage","@id":"https:\/\/teiaeducation.ch\/fr\/produit\/coder-avec-des-animaux-educo\/","url":"https:\/\/teiaeducation.ch\/fr\/produit\/coder-avec-des-animaux-educo\/","name":"Coder avec des animaux Educo - Sustainable Educational Products &amp; Ecological Toys\u00a0","isPartOf":{"@id":"https:\/\/teiaeducation.ch\/fr\/#website"},"primaryImageOfPage":{"@id":"https:\/\/teiaeducation.ch\/fr\/produit\/coder-avec-des-animaux-educo\/#primaryimage"},"image":{"@id":"https:\/\/teiaeducation.ch\/fr\/produit\/coder-avec-des-animaux-educo\/#primaryimage"},"thumbnailUrl":"https:\/\/teiaeducation.ch\/wp-content\/uploads\/2020\/03\/Coding-animals-Educo-scaled-scaled.jpg","datePublished":"2020-03-19T15:44:12+00:00","dateModified":"2021-04-27T11:26:52+00:00","description":"Educo coder avec des animaux est un jouet \u00e9ducatif de haute qualit\u00e9 qui permet \u00e0 l'enfant d'apprendre les bases du codage sans utiliser de technologie.","breadcrumb":{"@id":"https:\/\/teiaeducation.ch\/fr\/produit\/coder-avec-des-animaux-educo\/#breadcrumb"},"inLanguage":"fr-FR","potentialAction":[{"@type":"ReadAction","target":["https:\/\/teiaeducation.ch\/fr\/produit\/coder-avec-des-animaux-educo\/"]}]},{"@type":"ImageObject","inLanguage":"fr-FR","@id":"https:\/\/teiaeducation.ch\/fr\/produit\/coder-avec-des-animaux-educo\/#primaryimage","url":"https:\/\/teiaeducation.ch\/wp-content\/uploads\/2020\/03\/Coding-animals-Educo-scaled-scaled.jpg","contentUrl":"https:\/\/teiaeducation.ch\/wp-content\/uploads\/2020\/03\/Coding-animals-Educo-scaled-scaled.jpg","width":2048,"height":2048,"caption":"jouet \u00e9ducatif haute qualit\u00e9 Coder avec des animaux - Educo"},{"@type":"BreadcrumbList","@id":"https:\/\/teiaeducation.ch\/fr\/produit\/coder-avec-des-animaux-educo\/#breadcrumb","itemListElement":[{"@type":"ListItem","position":1,"name":"Home","item":"https:\/\/teiaeducation.ch\/fr\/"},{"@type":"ListItem","position":2,"name":"Boutique Teia Education &amp; Play","item":"https:\/\/teiaeducation.ch\/fr\/boutique\/"},{"@type":"ListItem","position":3,"name":"Nos Marques","item":"https:\/\/teiaeducation.ch\/fr\/categorie-produit\/marques\/"},{"@type":"ListItem","position":4,"name":"Educo","item":"https:\/\/teiaeducation.ch\/fr\/categorie-produit\/marques\/educo-fr\/"},{"@type":"ListItem","position":5,"name":"Jeu Math\u00e9matique","item":"https:\/\/teiaeducation.ch\/fr\/categorie-produit\/marques\/educo-fr\/jeu-mathematique\/"},{"@type":"ListItem","position":6,"name":"G\u00e9om\u00e9trie","item":"https:\/\/teiaeducation.ch\/fr\/categorie-produit\/marques\/educo-fr\/jeu-mathematique\/geometrie-jeu-mathematique\/"},{"@type":"ListItem","position":7,"name":"Coder avec des animaux &#8211; Educo"}]},{"@type":"WebSite","@id":"https:\/\/teiaeducation.ch\/fr\/#website","url":"https:\/\/teiaeducation.ch\/fr\/","name":"Sustainable Educational Products &amp; Ecological Toys\u00a0","description":"Specialised Swiss shop selling sustainable educational toys and games, AMI certified Montessori materials, handmade ecological wooden Waldorf toys and arts &amp; crafts supplies, school supplies, children&#039;s furniture and Montessori reference and parenting books.","publisher":{"@id":"https:\/\/teiaeducation.ch\/fr\/#organization"},"alternateName":"Teia Education & Play","potentialAction":[{"@type":"SearchAction","target":{"@type":"EntryPoint","urlTemplate":"https:\/\/teiaeducation.ch\/fr\/?s={search_term_string}"},"query-input":{"@type":"PropertyValueSpecification","valueRequired":true,"valueName":"search_term_string"}}],"inLanguage":"fr-FR"},{"@type":"Organization","@id":"https:\/\/teiaeducation.ch\/fr\/#organization","name":"Teia Education & Play","url":"https:\/\/teiaeducation.ch\/fr\/","logo":{"@type":"ImageObject","inLanguage":"fr-FR","@id":"https:\/\/teiaeducation.ch\/fr\/#\/schema\/logo\/image\/","url":"https:\/\/teiaeducation.ch\/wp-content\/uploads\/2020\/11\/Teia-Education-Switzerland-e1620156442216.jpg","contentUrl":"https:\/\/teiaeducation.ch\/wp-content\/uploads\/2020\/11\/Teia-Education-Switzerland-e1620156442216.jpg","width":166,"height":145,"caption":"Teia Education & Play"},"image":{"@id":"https:\/\/teiaeducation.ch\/fr\/#\/schema\/logo\/image\/"},"sameAs":["https:\/\/www.facebook.com\/teiaeducation\/","https:\/\/x.com\/EducationTeia","https:\/\/www.instagram.com\/teia.education\/","https:\/\/www.linkedin.com\/company\/35501660","https:\/\/www.pinterest.ch\/TeiaEducation\/"]}]}},"_links":{"self":[{"href":"https:\/\/teiaeducation.ch\/fr\/wp-json\/wp\/v2\/product\/24228","targetHints":{"allow":["GET"]}}],"collection":[{"href":"https:\/\/teiaeducation.ch\/fr\/wp-json\/wp\/v2\/product"}],"about":[{"href":"https:\/\/teiaeducation.ch\/fr\/wp-json\/wp\/v2\/types\/product"}],"replies":[{"embeddable":true,"href":"https:\/\/teiaeducation.ch\/fr\/wp-json\/wp\/v2\/comments?post=24228"}],"wp:featuredmedia":[{"embeddable":true,"href":"https:\/\/teiaeducation.ch\/fr\/wp-json\/wp\/v2\/media\/23864"}],"wp:attachment":[{"href":"https:\/\/teiaeducation.ch\/fr\/wp-json\/wp\/v2\/media?parent=24228"}],"wp:term":[{"taxonomy":"product_brand","embeddable":true,"href":"https:\/\/teiaeducation.ch\/fr\/wp-json\/wp\/v2\/product_brand?post=24228"},{"taxonomy":"product_cat","embeddable":true,"href":"https:\/\/teiaeducation.ch\/fr\/wp-json\/wp\/v2\/product_cat?post=24228"},{"taxonomy":"product_tag","embeddable":true,"href":"https:\/\/teiaeducation.ch\/fr\/wp-json\/wp\/v2\/product_tag?post=24228"}],"curies":[{"name":"wp","href":"https:\/\/api.w.org\/{rel}","templated":true}]}}