{"id":26599,"date":"2020-05-17T22:55:22","date_gmt":"2020-05-17T20:55:22","guid":{"rendered":"https:\/\/teiaeducation.ch\/?post_type=product&#038;p=26599"},"modified":"2026-03-13T14:38:57","modified_gmt":"2026-03-13T13:38:57","slug":"wooden-birthday-train-gluckskafer","status":"publish","type":"product","link":"https:\/\/teiaeducation.ch\/fr\/produit\/wooden-birthday-train-gluckskafer\/","title":{"rendered":"Wooden birthday train &#8211; Gl\u00fccksk\u00e4fer"},"content":{"rendered":"<p>A <a href=\"https:\/\/teiaeducation.ch\/product-category\/education-method\/waldorf\/\">Waldorf<\/a> inspired handmade wooden birthday toy train with rail from the \u2018colourful shapes\u2019 range by Gl\u00fccksk\u00e4fer. The wooden birthday train is 49cm long and includes metal insets for decorative numbers, <a href=\"https:\/\/teiaeducation.ch\/product\/birthday-ring-decorative-figures-flowers-gluckskafer\/\">candle holder decoration<\/a> or <a href=\"https:\/\/teiaeducation.ch\/product\/birthday-candle-unicorn-gluckskafer\/\">birthday candles<\/a> measuring 1.4cm in diameter.<\/p>\n<p>The birthday train is suitable for use from babies first birthday till the sixth birthday and features a train engine and 5 carriages in various bright <a href=\"https:\/\/teiaeducation.ch\/product-category\/learning-themes\/sensory-motor-skills\/learning-about-colour\/\">colours<\/a>.<\/p>\n<p>The birthday train is a twist on the traditional <a href=\"https:\/\/teiaeducation.ch\/product-category\/celebrations\/\">Waldorf celebration<\/a> ring and spirals which symbolise celebration of birthdays, family occasions, religious celebrations such as Christmas and other cultural events. The Waldorf pedagogy is\u00a0thoughtful, has a strong emphasis on creative development, letting the child be in an unhurried pace and helps the child\u00a0understand how to flow with <a href=\"https:\/\/teiaeducation.ch\/product-category\/play\/nature-play\/\">nature<\/a>.<\/p>\n<p>The engine is used for the first birthday, and each carriage will be completed with\u00a0a candle or a new personalised ornament\u00a0until the child is six. Though the birthday train can be enjoyed long after the sixth birthday as well as cherished and played with on regular days. Each carriage and the train engine can be taken off the rail and played with separately. The birthday train is also\u00a0a beautiful addition to toy shelves, a play room or to be featured in a window still.<\/p>\n<p>The Gl\u00fccksk\u00e4fer wooden birthday train is suitable for children aged 12 months and up.<\/p>\n<p>Contents:<\/p>\n<p>1 wooden birthday train (49 x 6 x 8cm)<\/p>\n<h2>About Gl\u00fccksk\u00e4fer<\/h2>\n<p>German brand Gl\u00fccksk\u00e4fer is a small, ethical, family-run company that has been producing high-quality traditional\u00a0toys\u00a0for over 60 years. Designed following\u00a0<a href=\"https:\/\/teiaeducation.ch\/product-category\/education-method\/waldorf-steiner-toys-craft-materials\/\">Waldorf<\/a>\u00a0and\u00a0<a href=\"https:\/\/teiaeducation.ch\/product-category\/education-method\/the-montessori-pedagogy-materials-toys\/\">Montessori<\/a> principles and in collaboration with pedagogues, parents, doctors and midwives, the beautiful handmade Gl\u00fccksk\u00e4fer <a href=\"https:\/\/teiaeducation.ch\/product-category\/hgh-quality-toys-play\/\">toys<\/a>\u00a0aim to promote a child\u2019s development through creative and independent play. Their range of handmade toys and colourful play sets are a beautiful addition to toy shelves, a play room or to be featured in a window still!<\/p>\n<p>Ideal for playing with at home, nursery, Waldorf or <a href=\"https:\/\/teiaeducation.ch\/waldorf-steiner-schools-supplies\/\">Rudolf Steiner school<\/a>, the range of <a href=\"https:\/\/teiaeducation.ch\/product-category\/brands\/gluckskafer\/\">Gl\u00fccksk\u00e4fer<\/a> colourful shapes toys are\u00a0crafted by hand according to the <a href=\"https:\/\/teiaeducation.ch\/product-category\/hgh-quality-toys-play\/waldorf-toys\/\">Waldorf<\/a> philosophy which is well-known to encourage children to discover creative play independently and without limitations. The <a href=\"https:\/\/teiaeducation.ch\/product-category\/hgh-quality-toys-play\/handmade-wooden-toys\/\">wooden toys<\/a> are coloured by hand with non-toxic water-based paints and are not finished with lacquer to ensure the original characteristics of the wood and the grain shows through. The surface of the FSC certified European wood pieces are left slightly rough making them fully stackable and less slippery.<\/p>\n<p>Gl\u00fccksk\u00e4fer&#8217;s Waldorf-inspired wooden toys, range of children\u2019s tools, <a href=\"https:\/\/teiaeducation.ch\/product-category\/play\/imaginative-role-play\/\">pretend play<\/a> toys, children\u2019s furniture, wooden\u00a0<a href=\"https:\/\/teiaeducation.ch\/product-category\/celebrations\/birthdays\/\">birthday<\/a>\u00a0decorations and Waldorf <a href=\"https:\/\/teiaeducation.ch\/product-category\/creative-art-craft\/crafting-tools-storage\/\">crafting tools<\/a> are designed in Germany and made in Europe. The brand is part of traditional German toy makers Nic Toys, renowned for the highest standards of quality products designed to support child development manufactured ethically and sustainably.<\/p>\n<p>Each Gl\u00fccksk\u00e4fer toy is\u00a0CE certified and complies with the European standard for toy safety (EN 71).<\/p>\n","protected":false},"excerpt":{"rendered":"<p>Item number: 522830<\/p>\n<p>The Waldorf inspired handmade wooden birthday toy train with rail from the \u2018colourful shapes\u2019 range by Gl\u00fccksk\u00e4fer is suitable for use from babies first birthday till the sixth birthday!<\/p>\n","protected":false},"featured_media":26600,"comment_status":"open","ping_status":"closed","template":"","meta":[],"product_brand":[32328],"product_cat":[77,96,119,22275,10292,16982,7061,14951,14952,14953,14954,21253,12030,22766,10299,120,10283,870,22767],"product_tag":[11948,13454,12007,13508,13655,5898,8474,13656,13509,11950],"class_list":{"0":"post-26599","1":"product","2":"type-product","3":"status-publish","4":"has-post-thumbnail","6":"product_brand-gluckskafer","7":"product_cat-1-3-years-toddler","8":"product_cat-3-6-years-preschool","9":"product_cat-age-range","10":"product_cat-birthdays","11":"product_cat-boats-trains","12":"product_cat-celebrations","13":"product_cat-learning-materials-toys-montessori-waldorf-froebel","14":"product_cat-gift-guide-0-12-months-baby","15":"product_cat-gift-guide-1-3-years-toddler","16":"product_cat-gift-guide-3-6-years-preschool","17":"product_cat-gift-guide-6-12-years-primary","18":"product_cat-gifts-guides","19":"product_cat-gluckskafer-brands","20":"product_cat-handmade-wooden-toys","21":"product_cat-open-ended-play","22":"product_cat-brands","23":"product_cat-hgh-quality-toys-play","24":"product_cat-waldorf-steiner-toys-craft-materials","25":"product_cat-waldorf-toys","26":"product_tag-gluckskafer","27":"product_tag-gluckskafer-colourful-shapes-range","28":"product_tag-gluckskafer-colourful-shapes-wood","29":"product_tag-gluckskafer-switzerland","30":"product_tag-gluckskafer-wooden-birthday-train","31":"product_tag-handmade-wooden-toys","32":"product_tag-made-in-germany","33":"product_tag-waldorf-birthday-celebration-ring","34":"product_tag-waldorf-colourful-stacker","35":"product_tag-waldorf-wooden-toys","37":"first","38":"outofstock","39":"taxable","40":"shipping-taxable","41":"purchasable","42":"product-type-simple"},"yoast_head":"<!-- This site is optimized with the Yoast SEO plugin v27.1.1 - https:\/\/yoast.com\/product\/yoast-seo-wordpress\/ -->\n<title>Wooden birthday train - Gl\u00fccksk\u00e4fer - Teia Education &amp; Play<\/title>\n<meta name=\"description\" content=\"The handmade wooden birthday toy train from Gl\u00fccksk\u00e4fer is a twist on the Waldorf celebration ring &amp; suitable for use from the first till the sixth birthday\" \/>\n<meta name=\"robots\" content=\"index, follow, max-snippet:-1, max-image-preview:large, max-video-preview:-1\" \/>\n<link rel=\"canonical\" href=\"https:\/\/teiaeducation.ch\/fr\/produit\/wooden-birthday-train-gluckskafer\/\" \/>\n<meta property=\"og:locale\" content=\"fr_FR\" \/>\n<meta property=\"og:type\" content=\"article\" \/>\n<meta property=\"og:title\" content=\"Wooden birthday train - Gl\u00fccksk\u00e4fer - Teia Education &amp; Play\" \/>\n<meta property=\"og:description\" content=\"The handmade wooden birthday toy train from Gl\u00fccksk\u00e4fer is a twist on the Waldorf celebration ring &amp; suitable for use from the first till the sixth birthday\" \/>\n<meta property=\"og:url\" content=\"https:\/\/teiaeducation.ch\/fr\/produit\/wooden-birthday-train-gluckskafer\/\" \/>\n<meta property=\"og:site_name\" content=\"Sustainable Educational Products &amp; Ecological Toys\u00a0\" \/>\n<meta property=\"article:publisher\" content=\"https:\/\/www.facebook.com\/teiaeducation\/\" \/>\n<meta property=\"article:modified_time\" content=\"2026-03-13T13:38:57+00:00\" \/>\n<meta property=\"og:image\" content=\"https:\/\/teiaeducation.ch\/wp-content\/uploads\/2020\/05\/Wooden-birthday-train-Gl\u00fccksk\u00e4fer.jpg\" \/>\n\t<meta property=\"og:image:width\" content=\"1154\" \/>\n\t<meta property=\"og:image:height\" content=\"942\" \/>\n\t<meta property=\"og:image:type\" content=\"image\/jpeg\" \/>\n<script type=\"application\/ld+json\" class=\"yoast-schema-graph\">{\"@context\":\"https:\/\/schema.org\",\"@graph\":[{\"@type\":\"WebPage\",\"@id\":\"https:\/\/teiaeducation.ch\/fr\/produit\/wooden-birthday-train-gluckskafer\/\",\"url\":\"https:\/\/teiaeducation.ch\/fr\/produit\/wooden-birthday-train-gluckskafer\/\",\"name\":\"Wooden birthday train - Gl\u00fccksk\u00e4fer - Teia Education & Play\",\"isPartOf\":{\"@id\":\"https:\/\/teiaeducation.ch\/fr\/#website\"},\"primaryImageOfPage\":{\"@id\":\"https:\/\/teiaeducation.ch\/fr\/produit\/wooden-birthday-train-gluckskafer\/#primaryimage\"},\"image\":{\"@id\":\"https:\/\/teiaeducation.ch\/fr\/produit\/wooden-birthday-train-gluckskafer\/#primaryimage\"},\"thumbnailUrl\":\"https:\/\/teiaeducation.ch\/wp-content\/uploads\/2020\/05\/Wooden-birthday-train-Gl\u00fccksk\u00e4fer.jpg\",\"datePublished\":\"2020-05-17T20:55:22+00:00\",\"dateModified\":\"2026-03-13T13:38:57+00:00\",\"description\":\"The handmade wooden birthday toy train from Gl\u00fccksk\u00e4fer is a twist on the Waldorf celebration ring & suitable for use from the first till the sixth birthday\",\"breadcrumb\":{\"@id\":\"https:\/\/teiaeducation.ch\/fr\/produit\/wooden-birthday-train-gluckskafer\/#breadcrumb\"},\"inLanguage\":\"fr-FR\",\"potentialAction\":[{\"@type\":\"ReadAction\",\"target\":[\"https:\/\/teiaeducation.ch\/fr\/produit\/wooden-birthday-train-gluckskafer\/\"]}]},{\"@type\":\"ImageObject\",\"inLanguage\":\"fr-FR\",\"@id\":\"https:\/\/teiaeducation.ch\/fr\/produit\/wooden-birthday-train-gluckskafer\/#primaryimage\",\"url\":\"https:\/\/teiaeducation.ch\/wp-content\/uploads\/2020\/05\/Wooden-birthday-train-Gl\u00fccksk\u00e4fer.jpg\",\"contentUrl\":\"https:\/\/teiaeducation.ch\/wp-content\/uploads\/2020\/05\/Wooden-birthday-train-Gl\u00fccksk\u00e4fer.jpg\",\"width\":1154,\"height\":942,\"caption\":\"Handmade Wooden birthday toy train - Gl\u00fccksk\u00e4fer\"},{\"@type\":\"BreadcrumbList\",\"@id\":\"https:\/\/teiaeducation.ch\/fr\/produit\/wooden-birthday-train-gluckskafer\/#breadcrumb\",\"itemListElement\":[{\"@type\":\"ListItem\",\"position\":1,\"name\":\"Home\",\"item\":\"https:\/\/teiaeducation.ch\/fr\/\"},{\"@type\":\"ListItem\",\"position\":2,\"name\":\"Boutique Teia Education &amp; Play\",\"item\":\"https:\/\/teiaeducation.ch\/fr\/boutique\/\"},{\"@type\":\"ListItem\",\"position\":3,\"name\":\"Nos Marques\",\"item\":\"https:\/\/teiaeducation.ch\/fr\/categorie-produit\/marques\/\"},{\"@type\":\"ListItem\",\"position\":4,\"name\":\"Gl\u00fccksk\u00e4fer\",\"item\":\"https:\/\/teiaeducation.ch\/fr\/categorie-produit\/marques\/gluckskafer-fr\/\"},{\"@type\":\"ListItem\",\"position\":5,\"name\":\"Wooden birthday train &#8211; Gl\u00fccksk\u00e4fer\"}]},{\"@type\":\"WebSite\",\"@id\":\"https:\/\/teiaeducation.ch\/fr\/#website\",\"url\":\"https:\/\/teiaeducation.ch\/fr\/\",\"name\":\"Sustainable Educational Products &amp; Ecological Toys\u00a0\",\"description\":\"Specialised Swiss shop selling sustainable educational toys and games, AMI certified Montessori materials, handmade ecological wooden Waldorf toys and arts &amp; crafts supplies, school supplies, children&#039;s furniture and Montessori reference and parenting books.\",\"publisher\":{\"@id\":\"https:\/\/teiaeducation.ch\/fr\/#organization\"},\"alternateName\":\"Teia Education & Play\",\"potentialAction\":[{\"@type\":\"SearchAction\",\"target\":{\"@type\":\"EntryPoint\",\"urlTemplate\":\"https:\/\/teiaeducation.ch\/fr\/?s={search_term_string}\"},\"query-input\":{\"@type\":\"PropertyValueSpecification\",\"valueRequired\":true,\"valueName\":\"search_term_string\"}}],\"inLanguage\":\"fr-FR\"},{\"@type\":\"Organization\",\"@id\":\"https:\/\/teiaeducation.ch\/fr\/#organization\",\"name\":\"Teia Education & Play\",\"url\":\"https:\/\/teiaeducation.ch\/fr\/\",\"logo\":{\"@type\":\"ImageObject\",\"inLanguage\":\"fr-FR\",\"@id\":\"https:\/\/teiaeducation.ch\/fr\/#\/schema\/logo\/image\/\",\"url\":\"https:\/\/teiaeducation.ch\/wp-content\/uploads\/2020\/11\/Teia-Education-Switzerland-e1620156442216.jpg\",\"contentUrl\":\"https:\/\/teiaeducation.ch\/wp-content\/uploads\/2020\/11\/Teia-Education-Switzerland-e1620156442216.jpg\",\"width\":166,\"height\":145,\"caption\":\"Teia Education & Play\"},\"image\":{\"@id\":\"https:\/\/teiaeducation.ch\/fr\/#\/schema\/logo\/image\/\"},\"sameAs\":[\"https:\/\/www.facebook.com\/teiaeducation\/\",\"https:\/\/x.com\/EducationTeia\",\"https:\/\/www.instagram.com\/teia.education\/\",\"https:\/\/www.linkedin.com\/company\/35501660\",\"https:\/\/www.pinterest.ch\/TeiaEducation\/\"]}]}<\/script>\n<!-- \/ Yoast SEO plugin. -->","yoast_head_json":{"title":"Wooden birthday train - Gl\u00fccksk\u00e4fer - Teia Education & Play","description":"The handmade wooden birthday toy train from Gl\u00fccksk\u00e4fer is a twist on the Waldorf celebration ring & suitable for use from the first till the sixth birthday","robots":{"index":"index","follow":"follow","max-snippet":"max-snippet:-1","max-image-preview":"max-image-preview:large","max-video-preview":"max-video-preview:-1"},"canonical":"https:\/\/teiaeducation.ch\/fr\/produit\/wooden-birthday-train-gluckskafer\/","og_locale":"fr_FR","og_type":"article","og_title":"Wooden birthday train - Gl\u00fccksk\u00e4fer - Teia Education & Play","og_description":"The handmade wooden birthday toy train from Gl\u00fccksk\u00e4fer is a twist on the Waldorf celebration ring & suitable for use from the first till the sixth birthday","og_url":"https:\/\/teiaeducation.ch\/fr\/produit\/wooden-birthday-train-gluckskafer\/","og_site_name":"Sustainable Educational Products &amp; Ecological Toys\u00a0","article_publisher":"https:\/\/www.facebook.com\/teiaeducation\/","article_modified_time":"2026-03-13T13:38:57+00:00","og_image":[{"width":1154,"height":942,"url":"https:\/\/teiaeducation.ch\/wp-content\/uploads\/2020\/05\/Wooden-birthday-train-Gl\u00fccksk\u00e4fer.jpg","type":"image\/jpeg"}],"schema":{"@context":"https:\/\/schema.org","@graph":[{"@type":"WebPage","@id":"https:\/\/teiaeducation.ch\/fr\/produit\/wooden-birthday-train-gluckskafer\/","url":"https:\/\/teiaeducation.ch\/fr\/produit\/wooden-birthday-train-gluckskafer\/","name":"Wooden birthday train - Gl\u00fccksk\u00e4fer - Teia Education & Play","isPartOf":{"@id":"https:\/\/teiaeducation.ch\/fr\/#website"},"primaryImageOfPage":{"@id":"https:\/\/teiaeducation.ch\/fr\/produit\/wooden-birthday-train-gluckskafer\/#primaryimage"},"image":{"@id":"https:\/\/teiaeducation.ch\/fr\/produit\/wooden-birthday-train-gluckskafer\/#primaryimage"},"thumbnailUrl":"https:\/\/teiaeducation.ch\/wp-content\/uploads\/2020\/05\/Wooden-birthday-train-Gl\u00fccksk\u00e4fer.jpg","datePublished":"2020-05-17T20:55:22+00:00","dateModified":"2026-03-13T13:38:57+00:00","description":"The handmade wooden birthday toy train from Gl\u00fccksk\u00e4fer is a twist on the Waldorf celebration ring & suitable for use from the first till the sixth birthday","breadcrumb":{"@id":"https:\/\/teiaeducation.ch\/fr\/produit\/wooden-birthday-train-gluckskafer\/#breadcrumb"},"inLanguage":"fr-FR","potentialAction":[{"@type":"ReadAction","target":["https:\/\/teiaeducation.ch\/fr\/produit\/wooden-birthday-train-gluckskafer\/"]}]},{"@type":"ImageObject","inLanguage":"fr-FR","@id":"https:\/\/teiaeducation.ch\/fr\/produit\/wooden-birthday-train-gluckskafer\/#primaryimage","url":"https:\/\/teiaeducation.ch\/wp-content\/uploads\/2020\/05\/Wooden-birthday-train-Gl\u00fccksk\u00e4fer.jpg","contentUrl":"https:\/\/teiaeducation.ch\/wp-content\/uploads\/2020\/05\/Wooden-birthday-train-Gl\u00fccksk\u00e4fer.jpg","width":1154,"height":942,"caption":"Handmade Wooden birthday toy train - Gl\u00fccksk\u00e4fer"},{"@type":"BreadcrumbList","@id":"https:\/\/teiaeducation.ch\/fr\/produit\/wooden-birthday-train-gluckskafer\/#breadcrumb","itemListElement":[{"@type":"ListItem","position":1,"name":"Home","item":"https:\/\/teiaeducation.ch\/fr\/"},{"@type":"ListItem","position":2,"name":"Boutique Teia Education &amp; Play","item":"https:\/\/teiaeducation.ch\/fr\/boutique\/"},{"@type":"ListItem","position":3,"name":"Nos Marques","item":"https:\/\/teiaeducation.ch\/fr\/categorie-produit\/marques\/"},{"@type":"ListItem","position":4,"name":"Gl\u00fccksk\u00e4fer","item":"https:\/\/teiaeducation.ch\/fr\/categorie-produit\/marques\/gluckskafer-fr\/"},{"@type":"ListItem","position":5,"name":"Wooden birthday train &#8211; Gl\u00fccksk\u00e4fer"}]},{"@type":"WebSite","@id":"https:\/\/teiaeducation.ch\/fr\/#website","url":"https:\/\/teiaeducation.ch\/fr\/","name":"Sustainable Educational Products &amp; Ecological Toys\u00a0","description":"Specialised Swiss shop selling sustainable educational toys and games, AMI certified Montessori materials, handmade ecological wooden Waldorf toys and arts &amp; crafts supplies, school supplies, children&#039;s furniture and Montessori reference and parenting books.","publisher":{"@id":"https:\/\/teiaeducation.ch\/fr\/#organization"},"alternateName":"Teia Education & Play","potentialAction":[{"@type":"SearchAction","target":{"@type":"EntryPoint","urlTemplate":"https:\/\/teiaeducation.ch\/fr\/?s={search_term_string}"},"query-input":{"@type":"PropertyValueSpecification","valueRequired":true,"valueName":"search_term_string"}}],"inLanguage":"fr-FR"},{"@type":"Organization","@id":"https:\/\/teiaeducation.ch\/fr\/#organization","name":"Teia Education & Play","url":"https:\/\/teiaeducation.ch\/fr\/","logo":{"@type":"ImageObject","inLanguage":"fr-FR","@id":"https:\/\/teiaeducation.ch\/fr\/#\/schema\/logo\/image\/","url":"https:\/\/teiaeducation.ch\/wp-content\/uploads\/2020\/11\/Teia-Education-Switzerland-e1620156442216.jpg","contentUrl":"https:\/\/teiaeducation.ch\/wp-content\/uploads\/2020\/11\/Teia-Education-Switzerland-e1620156442216.jpg","width":166,"height":145,"caption":"Teia Education & Play"},"image":{"@id":"https:\/\/teiaeducation.ch\/fr\/#\/schema\/logo\/image\/"},"sameAs":["https:\/\/www.facebook.com\/teiaeducation\/","https:\/\/x.com\/EducationTeia","https:\/\/www.instagram.com\/teia.education\/","https:\/\/www.linkedin.com\/company\/35501660","https:\/\/www.pinterest.ch\/TeiaEducation\/"]}]}},"_links":{"self":[{"href":"https:\/\/teiaeducation.ch\/fr\/wp-json\/wp\/v2\/product\/26599","targetHints":{"allow":["GET"]}}],"collection":[{"href":"https:\/\/teiaeducation.ch\/fr\/wp-json\/wp\/v2\/product"}],"about":[{"href":"https:\/\/teiaeducation.ch\/fr\/wp-json\/wp\/v2\/types\/product"}],"replies":[{"embeddable":true,"href":"https:\/\/teiaeducation.ch\/fr\/wp-json\/wp\/v2\/comments?post=26599"}],"wp:featuredmedia":[{"embeddable":true,"href":"https:\/\/teiaeducation.ch\/fr\/wp-json\/wp\/v2\/media\/26600"}],"wp:attachment":[{"href":"https:\/\/teiaeducation.ch\/fr\/wp-json\/wp\/v2\/media?parent=26599"}],"wp:term":[{"taxonomy":"product_brand","embeddable":true,"href":"https:\/\/teiaeducation.ch\/fr\/wp-json\/wp\/v2\/product_brand?post=26599"},{"taxonomy":"product_cat","embeddable":true,"href":"https:\/\/teiaeducation.ch\/fr\/wp-json\/wp\/v2\/product_cat?post=26599"},{"taxonomy":"product_tag","embeddable":true,"href":"https:\/\/teiaeducation.ch\/fr\/wp-json\/wp\/v2\/product_tag?post=26599"}],"curies":[{"name":"wp","href":"https:\/\/api.w.org\/{rel}","templated":true}]}}