{"id":28154,"date":"2020-08-07T09:09:06","date_gmt":"2020-08-07T07:09:06","guid":{"rendered":"https:\/\/teiaeducation.ch\/?post_type=product&#038;p=28154"},"modified":"2026-04-17T11:47:18","modified_gmt":"2026-04-17T09:47:18","slug":"colourful-shapes-train-gluckskafer","status":"publish","type":"product","link":"https:\/\/teiaeducation.ch\/fr\/produit\/colourful-shapes-train-gluckskafer\/","title":{"rendered":"Wooden colourful shapes train &#8211; Gl\u00fccksk\u00e4fer"},"content":{"rendered":"<p>This Waldorf inspired wooden colourful shapes toy train with handmade <a href=\"https:\/\/teiaeducation.ch\/product-category\/play\/wooden-building-blocks\/\">wooden building blocks<\/a> from the \u2018colourful shapes\u2019 range by Gl\u00fccksk\u00e4fer is a fun and versatile toy for young children!<\/p>\n<p>The wooden <a href=\"https:\/\/teiaeducation.ch\/product-category\/play\/boats-trains\/\">train<\/a> measures 50 x 9 x 12cm and contains 22 chunky wooden blocks in various bright <a href=\"https:\/\/teiaeducation.ch\/product-category\/learning-themes\/sensory-motor-skills\/learning-about-colour\/\">colours<\/a> and different <a href=\"https:\/\/teiaeducation.ch\/product-category\/learning-themes\/mathematics-numeracy\/shapes\/\">shapes<\/a>.<\/p>\n<p>A classic toy which will last for generations, the wooden train consists of three train bases with stacking rods. The colourful blocks can be placed and transported on the train as well as used for creative building and <a href=\"https:\/\/teiaeducation.ch\/product-category\/play\/stacking-toys\/\">stacking<\/a>.<\/p>\n<p>The Gl\u00fccksk\u00e4fer colourful shapes train is suitable for children aged 12 months and up.<\/p>\n<p>Contents:<\/p>\n<p>22 wooden blocks and shapes<br \/>\n1 wooden train with three bases (50 x 9 x 12cm)<\/p>\n<h2>About Gl\u00fccksk\u00e4fer<\/h2>\n<p>German brand Gl\u00fccksk\u00e4fer is a small, ethical, family-run company that has been producing high-quality traditional\u00a0toys\u00a0for over 60 years. Designed following\u00a0<a href=\"https:\/\/teiaeducation.ch\/product-category\/education-method\/waldorf-steiner-toys-craft-materials\/\">Waldorf<\/a>\u00a0and\u00a0<a href=\"https:\/\/teiaeducation.ch\/product-category\/education-method\/the-montessori-pedagogy-materials-toys\/\">Montessori<\/a> principles and in collaboration with pedagogues, parents, doctors and midwives, the beautiful handmade Gl\u00fccksk\u00e4fer <a href=\"https:\/\/teiaeducation.ch\/product-category\/hgh-quality-toys-play\/\">toys<\/a>\u00a0aim to promote a child\u2019s development through creative and independent play. Their range of handmade toys and colourful play sets are a beautiful addition to toy shelves, a play room or to be featured in a window still!<\/p>\n<p>Ideal for playing with at home, nursery, Waldorf or <a href=\"https:\/\/teiaeducation.ch\/waldorf-steiner-schools-supplies\/\">Rudolf Steiner school<\/a>, the range of <a href=\"https:\/\/teiaeducation.ch\/product-category\/brands\/gluckskafer\/\">Gl\u00fccksk\u00e4fer<\/a> colourful shapes toys are\u00a0crafted by hand according to the <a href=\"https:\/\/teiaeducation.ch\/product-category\/hgh-quality-toys-play\/waldorf-toys\/\">Waldorf<\/a> philosophy which is well-known to encourage children to discover creative play independently and without limitations. The <a href=\"https:\/\/teiaeducation.ch\/product-category\/hgh-quality-toys-play\/handmade-wooden-toys\/\">wooden toys<\/a> are coloured by hand with non-toxic water-based paints and are not finished with lacquer to ensure the original characteristics of the wood and the grain shows through. The surface of the FSC certified European wood pieces are left slightly rough making them fully stackable and less slippery.<\/p>\n<p>Gl\u00fccksk\u00e4fer&#8217;s Waldorf-inspired wooden toys, range of children\u2019s tools, <a href=\"https:\/\/teiaeducation.ch\/product-category\/play\/imaginative-role-play\/\">pretend play<\/a> toys, children\u2019s furniture, wooden\u00a0<a href=\"https:\/\/teiaeducation.ch\/product-category\/celebrations\/birthdays\/\">birthday<\/a>\u00a0decorations and Waldorf <a href=\"https:\/\/teiaeducation.ch\/product-category\/creative-art-craft\/crafting-tools-storage\/\">crafting tools<\/a> are designed in Germany and made in Europe. The brand is part of traditional German toy makers Nic Toys, renowned for the highest standards of quality products designed to support child development manufactured ethically and sustainably.<\/p>\n<p>Each Gl\u00fccksk\u00e4fer toy is\u00a0CE certified and complies with the European standard for toy safety (EN 71).<\/p>\n","protected":false},"excerpt":{"rendered":"<p>Item number: 523301<\/p>\n<p>The Waldorf inspired wooden toy train with 22 chunky colourful handmade wooden building blocks\u00a0by Gl\u00fccksk\u00e4fer is a classic and versatile toy which will last for generations!<\/p>\n<p>&nbsp;<\/p>\n","protected":false},"featured_media":28157,"comment_status":"open","ping_status":"closed","template":"","meta":[],"product_brand":[32328],"product_cat":[77,96,119,10292,7061,14952,21253,12030,22766,120,10283,870,22767,10289],"product_tag":[12008,13598,11948,15551,13454,12007,13508,5898,8474,15533,15552,11950],"class_list":{"0":"post-28154","1":"product","2":"type-product","3":"status-publish","4":"has-post-thumbnail","6":"product_brand-gluckskafer","7":"product_cat-1-3-years-toddler","8":"product_cat-3-6-years-preschool","9":"product_cat-age-range","10":"product_cat-boats-trains","11":"product_cat-learning-materials-toys-montessori-waldorf-froebel","12":"product_cat-gift-guide-1-3-years-toddler","13":"product_cat-gifts-guides","14":"product_cat-gluckskafer-brands","15":"product_cat-handmade-wooden-toys","16":"product_cat-brands","17":"product_cat-hgh-quality-toys-play","18":"product_cat-waldorf-steiner-toys-craft-materials","19":"product_cat-waldorf-toys","20":"product_cat-wooden-building-blocks","21":"product_tag-colourful-stacking-toys-wood","22":"product_tag-colourful-wooden-blocks","23":"product_tag-gluckskafer","24":"product_tag-gluckskafer-colouirful-shapes-wooden-train","25":"product_tag-gluckskafer-colourful-shapes-range","26":"product_tag-gluckskafer-colourful-shapes-wood","27":"product_tag-gluckskafer-switzerland","28":"product_tag-handmade-wooden-toys","29":"product_tag-made-in-germany","30":"product_tag-waldorf-colourful-stacking-blocks","31":"product_tag-waldorf-colourful-wooden-blocks","32":"product_tag-waldorf-wooden-toys","34":"first","35":"outofstock","36":"taxable","37":"shipping-taxable","38":"purchasable","39":"product-type-simple"},"yoast_head":"<!-- This site is optimized with the Yoast SEO Premium plugin v25.8 (Yoast SEO v27.4) - https:\/\/yoast.com\/product\/yoast-seo-premium-wordpress\/ -->\n<title>Wooden colourful shapes train - Gl\u00fccksk\u00e4fer - Teia Education &amp; Play<\/title>\n<meta name=\"description\" content=\"The wooden toy train with 22 chunky colourful handmade wooden building blocks\u00a0by Gl\u00fccksk\u00e4fer is a classic and versatile toy which will last for generations!\" \/>\n<meta name=\"robots\" content=\"index, follow, max-snippet:-1, max-image-preview:large, max-video-preview:-1\" \/>\n<link rel=\"canonical\" href=\"https:\/\/teiaeducation.ch\/fr\/produit\/colourful-shapes-train-gluckskafer\/\" \/>\n<meta property=\"og:locale\" content=\"fr_FR\" \/>\n<meta property=\"og:type\" content=\"article\" \/>\n<meta property=\"og:title\" content=\"Wooden colourful shapes train - Gl\u00fccksk\u00e4fer\" \/>\n<meta property=\"og:description\" content=\"The wooden toy train with 22 chunky colourful handmade wooden building blocks\u00a0by Gl\u00fccksk\u00e4fer is a classic and versatile toy which will last for generations!\" \/>\n<meta property=\"og:url\" content=\"https:\/\/teiaeducation.ch\/fr\/produit\/colourful-shapes-train-gluckskafer\/\" \/>\n<meta property=\"og:site_name\" content=\"Sustainable Educational Products &amp; Ecological Toys\u00a0\" \/>\n<meta property=\"article:publisher\" content=\"https:\/\/www.facebook.com\/teiaeducation\/\" \/>\n<meta property=\"article:modified_time\" content=\"2026-04-17T09:47:18+00:00\" \/>\n<meta property=\"og:image\" content=\"https:\/\/teiaeducation.ch\/wp-content\/uploads\/2020\/08\/Colourful-Shapes-Train_Gl\u00fccksk\u00e4fer.jpg\" \/>\n\t<meta property=\"og:image:width\" content=\"1000\" \/>\n\t<meta property=\"og:image:height\" content=\"1000\" \/>\n\t<meta property=\"og:image:type\" content=\"image\/jpeg\" \/>\n<script type=\"application\/ld+json\" class=\"yoast-schema-graph\">{\"@context\":\"https:\\\/\\\/schema.org\",\"@graph\":[{\"@type\":\"WebPage\",\"@id\":\"https:\\\/\\\/teiaeducation.ch\\\/fr\\\/produit\\\/colourful-shapes-train-gluckskafer\\\/\",\"url\":\"https:\\\/\\\/teiaeducation.ch\\\/fr\\\/produit\\\/colourful-shapes-train-gluckskafer\\\/\",\"name\":\"Wooden colourful shapes train - Gl\u00fccksk\u00e4fer - Teia Education & Play\",\"isPartOf\":{\"@id\":\"https:\\\/\\\/teiaeducation.ch\\\/fr\\\/#website\"},\"primaryImageOfPage\":{\"@id\":\"https:\\\/\\\/teiaeducation.ch\\\/fr\\\/produit\\\/colourful-shapes-train-gluckskafer\\\/#primaryimage\"},\"image\":{\"@id\":\"https:\\\/\\\/teiaeducation.ch\\\/fr\\\/produit\\\/colourful-shapes-train-gluckskafer\\\/#primaryimage\"},\"thumbnailUrl\":\"https:\\\/\\\/teiaeducation.ch\\\/wp-content\\\/uploads\\\/2020\\\/08\\\/Colourful-Shapes-Train_Gl\u00fccksk\u00e4fer.jpg\",\"datePublished\":\"2020-08-07T07:09:06+00:00\",\"dateModified\":\"2026-04-17T09:47:18+00:00\",\"description\":\"The wooden toy train with 22 chunky colourful handmade wooden building blocks\u00a0by Gl\u00fccksk\u00e4fer is a classic and versatile toy which will last for generations!\",\"breadcrumb\":{\"@id\":\"https:\\\/\\\/teiaeducation.ch\\\/fr\\\/produit\\\/colourful-shapes-train-gluckskafer\\\/#breadcrumb\"},\"inLanguage\":\"fr-FR\",\"potentialAction\":[{\"@type\":\"ReadAction\",\"target\":[\"https:\\\/\\\/teiaeducation.ch\\\/fr\\\/produit\\\/colourful-shapes-train-gluckskafer\\\/\"]}]},{\"@type\":\"ImageObject\",\"inLanguage\":\"fr-FR\",\"@id\":\"https:\\\/\\\/teiaeducation.ch\\\/fr\\\/produit\\\/colourful-shapes-train-gluckskafer\\\/#primaryimage\",\"url\":\"https:\\\/\\\/teiaeducation.ch\\\/wp-content\\\/uploads\\\/2020\\\/08\\\/Colourful-Shapes-Train_Gl\u00fccksk\u00e4fer.jpg\",\"contentUrl\":\"https:\\\/\\\/teiaeducation.ch\\\/wp-content\\\/uploads\\\/2020\\\/08\\\/Colourful-Shapes-Train_Gl\u00fccksk\u00e4fer.jpg\",\"width\":1000,\"height\":1000,\"caption\":\"Handmade wooden toy train Colourful Shapes Train_Gl\u00fccksk\u00e4fer\"},{\"@type\":\"BreadcrumbList\",\"@id\":\"https:\\\/\\\/teiaeducation.ch\\\/fr\\\/produit\\\/colourful-shapes-train-gluckskafer\\\/#breadcrumb\",\"itemListElement\":[{\"@type\":\"ListItem\",\"position\":1,\"name\":\"Home\",\"item\":\"https:\\\/\\\/teiaeducation.ch\\\/fr\\\/\"},{\"@type\":\"ListItem\",\"position\":2,\"name\":\"Boutique Teia Education &amp; Play\",\"item\":\"https:\\\/\\\/teiaeducation.ch\\\/fr\\\/boutique\\\/\"},{\"@type\":\"ListItem\",\"position\":3,\"name\":\"Nos Marques\",\"item\":\"https:\\\/\\\/teiaeducation.ch\\\/fr\\\/categorie-produit\\\/marques\\\/\"},{\"@type\":\"ListItem\",\"position\":4,\"name\":\"Gl\u00fccksk\u00e4fer\",\"item\":\"https:\\\/\\\/teiaeducation.ch\\\/fr\\\/categorie-produit\\\/marques\\\/gluckskafer-fr\\\/\"},{\"@type\":\"ListItem\",\"position\":5,\"name\":\"Wooden colourful shapes train &#8211; Gl\u00fccksk\u00e4fer\"}]},{\"@type\":\"WebSite\",\"@id\":\"https:\\\/\\\/teiaeducation.ch\\\/fr\\\/#website\",\"url\":\"https:\\\/\\\/teiaeducation.ch\\\/fr\\\/\",\"name\":\"Sustainable Educational Products &amp; Ecological Toys\u00a0\",\"description\":\"Specialised Swiss shop selling sustainable educational toys and games, AMI certified Montessori materials, handmade ecological wooden Waldorf toys and arts &amp; crafts supplies, school supplies, children&#039;s furniture and Montessori reference and parenting books.\",\"publisher\":{\"@id\":\"https:\\\/\\\/teiaeducation.ch\\\/fr\\\/#organization\"},\"alternateName\":\"Teia Education & Play\",\"potentialAction\":[{\"@type\":\"SearchAction\",\"target\":{\"@type\":\"EntryPoint\",\"urlTemplate\":\"https:\\\/\\\/teiaeducation.ch\\\/fr\\\/?s={search_term_string}\"},\"query-input\":{\"@type\":\"PropertyValueSpecification\",\"valueRequired\":true,\"valueName\":\"search_term_string\"}}],\"inLanguage\":\"fr-FR\"},{\"@type\":\"Organization\",\"@id\":\"https:\\\/\\\/teiaeducation.ch\\\/fr\\\/#organization\",\"name\":\"Teia Education & Play\",\"url\":\"https:\\\/\\\/teiaeducation.ch\\\/fr\\\/\",\"logo\":{\"@type\":\"ImageObject\",\"inLanguage\":\"fr-FR\",\"@id\":\"https:\\\/\\\/teiaeducation.ch\\\/fr\\\/#\\\/schema\\\/logo\\\/image\\\/\",\"url\":\"https:\\\/\\\/teiaeducation.ch\\\/wp-content\\\/uploads\\\/2020\\\/11\\\/Teia-Education-Switzerland-e1620156442216.jpg\",\"contentUrl\":\"https:\\\/\\\/teiaeducation.ch\\\/wp-content\\\/uploads\\\/2020\\\/11\\\/Teia-Education-Switzerland-e1620156442216.jpg\",\"width\":166,\"height\":145,\"caption\":\"Teia Education & Play\"},\"image\":{\"@id\":\"https:\\\/\\\/teiaeducation.ch\\\/fr\\\/#\\\/schema\\\/logo\\\/image\\\/\"},\"sameAs\":[\"https:\\\/\\\/www.facebook.com\\\/teiaeducation\\\/\",\"https:\\\/\\\/x.com\\\/EducationTeia\",\"https:\\\/\\\/www.instagram.com\\\/teia.education\\\/\",\"https:\\\/\\\/www.linkedin.com\\\/company\\\/35501660\",\"https:\\\/\\\/www.pinterest.ch\\\/TeiaEducation\\\/\"]}]}<\/script>\n<meta property=\"product:price:amount\" content=\"102.90\" \/>\n<meta property=\"product:price:currency\" content=\"CHF\" \/>\n<meta property=\"og:availability\" content=\"out of stock\" \/>\n<meta property=\"product:availability\" content=\"out of stock\" \/>\n<meta property=\"product:retailer_item_id\" content=\"00000000000000000000000000000000000000000000028154\" \/>\n<meta property=\"product:condition\" content=\"new\" \/>\n<!-- \/ Yoast SEO Premium plugin. -->","yoast_head_json":{"title":"Wooden colourful shapes train - Gl\u00fccksk\u00e4fer - Teia Education & Play","description":"The wooden toy train with 22 chunky colourful handmade wooden building blocks\u00a0by Gl\u00fccksk\u00e4fer is a classic and versatile toy which will last for generations!","robots":{"index":"index","follow":"follow","max-snippet":"max-snippet:-1","max-image-preview":"max-image-preview:large","max-video-preview":"max-video-preview:-1"},"canonical":"https:\/\/teiaeducation.ch\/fr\/produit\/colourful-shapes-train-gluckskafer\/","og_locale":"fr_FR","og_type":"article","og_title":"Wooden colourful shapes train - Gl\u00fccksk\u00e4fer","og_description":"The wooden toy train with 22 chunky colourful handmade wooden building blocks\u00a0by Gl\u00fccksk\u00e4fer is a classic and versatile toy which will last for generations!","og_url":"https:\/\/teiaeducation.ch\/fr\/produit\/colourful-shapes-train-gluckskafer\/","og_site_name":"Sustainable Educational Products &amp; Ecological Toys\u00a0","article_publisher":"https:\/\/www.facebook.com\/teiaeducation\/","article_modified_time":"2026-04-17T09:47:18+00:00","og_image":[{"width":1000,"height":1000,"url":"https:\/\/teiaeducation.ch\/wp-content\/uploads\/2020\/08\/Colourful-Shapes-Train_Gl\u00fccksk\u00e4fer.jpg","type":"image\/jpeg"}],"schema":{"@context":"https:\/\/schema.org","@graph":[{"@type":"WebPage","@id":"https:\/\/teiaeducation.ch\/fr\/produit\/colourful-shapes-train-gluckskafer\/","url":"https:\/\/teiaeducation.ch\/fr\/produit\/colourful-shapes-train-gluckskafer\/","name":"Wooden colourful shapes train - Gl\u00fccksk\u00e4fer - Teia Education & Play","isPartOf":{"@id":"https:\/\/teiaeducation.ch\/fr\/#website"},"primaryImageOfPage":{"@id":"https:\/\/teiaeducation.ch\/fr\/produit\/colourful-shapes-train-gluckskafer\/#primaryimage"},"image":{"@id":"https:\/\/teiaeducation.ch\/fr\/produit\/colourful-shapes-train-gluckskafer\/#primaryimage"},"thumbnailUrl":"https:\/\/teiaeducation.ch\/wp-content\/uploads\/2020\/08\/Colourful-Shapes-Train_Gl\u00fccksk\u00e4fer.jpg","datePublished":"2020-08-07T07:09:06+00:00","dateModified":"2026-04-17T09:47:18+00:00","description":"The wooden toy train with 22 chunky colourful handmade wooden building blocks\u00a0by Gl\u00fccksk\u00e4fer is a classic and versatile toy which will last for generations!","breadcrumb":{"@id":"https:\/\/teiaeducation.ch\/fr\/produit\/colourful-shapes-train-gluckskafer\/#breadcrumb"},"inLanguage":"fr-FR","potentialAction":[{"@type":"ReadAction","target":["https:\/\/teiaeducation.ch\/fr\/produit\/colourful-shapes-train-gluckskafer\/"]}]},{"@type":"ImageObject","inLanguage":"fr-FR","@id":"https:\/\/teiaeducation.ch\/fr\/produit\/colourful-shapes-train-gluckskafer\/#primaryimage","url":"https:\/\/teiaeducation.ch\/wp-content\/uploads\/2020\/08\/Colourful-Shapes-Train_Gl\u00fccksk\u00e4fer.jpg","contentUrl":"https:\/\/teiaeducation.ch\/wp-content\/uploads\/2020\/08\/Colourful-Shapes-Train_Gl\u00fccksk\u00e4fer.jpg","width":1000,"height":1000,"caption":"Handmade wooden toy train Colourful Shapes Train_Gl\u00fccksk\u00e4fer"},{"@type":"BreadcrumbList","@id":"https:\/\/teiaeducation.ch\/fr\/produit\/colourful-shapes-train-gluckskafer\/#breadcrumb","itemListElement":[{"@type":"ListItem","position":1,"name":"Home","item":"https:\/\/teiaeducation.ch\/fr\/"},{"@type":"ListItem","position":2,"name":"Boutique Teia Education &amp; Play","item":"https:\/\/teiaeducation.ch\/fr\/boutique\/"},{"@type":"ListItem","position":3,"name":"Nos Marques","item":"https:\/\/teiaeducation.ch\/fr\/categorie-produit\/marques\/"},{"@type":"ListItem","position":4,"name":"Gl\u00fccksk\u00e4fer","item":"https:\/\/teiaeducation.ch\/fr\/categorie-produit\/marques\/gluckskafer-fr\/"},{"@type":"ListItem","position":5,"name":"Wooden colourful shapes train &#8211; Gl\u00fccksk\u00e4fer"}]},{"@type":"WebSite","@id":"https:\/\/teiaeducation.ch\/fr\/#website","url":"https:\/\/teiaeducation.ch\/fr\/","name":"Sustainable Educational Products &amp; Ecological Toys\u00a0","description":"Specialised Swiss shop selling sustainable educational toys and games, AMI certified Montessori materials, handmade ecological wooden Waldorf toys and arts &amp; crafts supplies, school supplies, children&#039;s furniture and Montessori reference and parenting books.","publisher":{"@id":"https:\/\/teiaeducation.ch\/fr\/#organization"},"alternateName":"Teia Education & Play","potentialAction":[{"@type":"SearchAction","target":{"@type":"EntryPoint","urlTemplate":"https:\/\/teiaeducation.ch\/fr\/?s={search_term_string}"},"query-input":{"@type":"PropertyValueSpecification","valueRequired":true,"valueName":"search_term_string"}}],"inLanguage":"fr-FR"},{"@type":"Organization","@id":"https:\/\/teiaeducation.ch\/fr\/#organization","name":"Teia Education & Play","url":"https:\/\/teiaeducation.ch\/fr\/","logo":{"@type":"ImageObject","inLanguage":"fr-FR","@id":"https:\/\/teiaeducation.ch\/fr\/#\/schema\/logo\/image\/","url":"https:\/\/teiaeducation.ch\/wp-content\/uploads\/2020\/11\/Teia-Education-Switzerland-e1620156442216.jpg","contentUrl":"https:\/\/teiaeducation.ch\/wp-content\/uploads\/2020\/11\/Teia-Education-Switzerland-e1620156442216.jpg","width":166,"height":145,"caption":"Teia Education & Play"},"image":{"@id":"https:\/\/teiaeducation.ch\/fr\/#\/schema\/logo\/image\/"},"sameAs":["https:\/\/www.facebook.com\/teiaeducation\/","https:\/\/x.com\/EducationTeia","https:\/\/www.instagram.com\/teia.education\/","https:\/\/www.linkedin.com\/company\/35501660","https:\/\/www.pinterest.ch\/TeiaEducation\/"]}]},"product_price_amount":"102.90","product_price_currency":"CHF","og_availability":"out of stock","product_availability":"out of stock","product_retailer_item_id":"00000000000000000000000000000000000000000000028154","product_condition":"new"},"_links":{"self":[{"href":"https:\/\/teiaeducation.ch\/fr\/wp-json\/wp\/v2\/product\/28154","targetHints":{"allow":["GET"]}}],"collection":[{"href":"https:\/\/teiaeducation.ch\/fr\/wp-json\/wp\/v2\/product"}],"about":[{"href":"https:\/\/teiaeducation.ch\/fr\/wp-json\/wp\/v2\/types\/product"}],"replies":[{"embeddable":true,"href":"https:\/\/teiaeducation.ch\/fr\/wp-json\/wp\/v2\/comments?post=28154"}],"wp:featuredmedia":[{"embeddable":true,"href":"https:\/\/teiaeducation.ch\/fr\/wp-json\/wp\/v2\/media\/28157"}],"wp:attachment":[{"href":"https:\/\/teiaeducation.ch\/fr\/wp-json\/wp\/v2\/media?parent=28154"}],"wp:term":[{"taxonomy":"product_brand","embeddable":true,"href":"https:\/\/teiaeducation.ch\/fr\/wp-json\/wp\/v2\/product_brand?post=28154"},{"taxonomy":"product_cat","embeddable":true,"href":"https:\/\/teiaeducation.ch\/fr\/wp-json\/wp\/v2\/product_cat?post=28154"},{"taxonomy":"product_tag","embeddable":true,"href":"https:\/\/teiaeducation.ch\/fr\/wp-json\/wp\/v2\/product_tag?post=28154"}],"curies":[{"name":"wp","href":"https:\/\/api.w.org\/{rel}","templated":true}]}}