{"id":30055,"date":"2021-04-13T13:55:35","date_gmt":"2021-04-13T11:55:35","guid":{"rendered":"https:\/\/teiaeducation.ch\/product\/valise-des-explorateurs-moulin-roty\/"},"modified":"2023-03-13T14:35:22","modified_gmt":"2023-03-13T13:35:22","slug":"la-valise-de-explorateur-moulin-roty","status":"publish","type":"product","link":"https:\/\/teiaeducation.ch\/fr\/produit\/la-valise-de-explorateur-moulin-roty\/","title":{"rendered":"La valise de l&#8217;explorateur &#8211; Moulin Roty"},"content":{"rendered":"<p>La valise de l&#8217;explorateur du Moulin Roty est parfaite pour transformer n\u2019importe quelle promenade en aventure de d\u00e9tective de la <a href=\"https:\/\/teiaeducation.ch\/fr\/categorie-produit\/jouer\/jeu-de-la-nature\/\">nature<\/a> pour le jeune explorateur. Cette valise magnifiquement illustr\u00e9e contient tout ce qu\u2019il faut pour qu\u2019un enfant explore et qu\u2019il examine de plus pr\u00e8s tous les tr\u00e9sors collect\u00e9s dans la nature et s\u2019immerge dans le monde de <a href=\"https:\/\/teiaeducation.ch\/product-category\/curriculum-areas\/culture-science\/\">la science.<\/a><\/p>\n<p>Offrant des heures de plaisir, la valise contient une boussole de poche pour s\u2019assurer qu\u2019ils trouvent toujours leur chemin de retour \u00e0 la maison, une gourde en aluminium pour \u00e9tancher la soif sur la route. Des jumelles pour s\u2019assurer que les objets, les oiseaux et les insectes de loin peuvent \u00eatre inspect\u00e9s de pr\u00e8s. Un carnet de voyage pour faire un enregistrement de leur aventure et de noter tous les tr\u00e9sors qu\u2019ils ont trouv\u00e9s ainsi que d\u2019un coffre au tr\u00e9sor d\u2019\u00e9tain pour stocker toutes leurs trouvailles.<\/p>\n<p>Cette valise de l&#8217;explorateur est faite de carton imprim\u00e9 et a une poign\u00e9e en m\u00e9tal. Le kit indispensable pour l\u2019aventure et l\u2019exploration du monde, cette valise ferait un cadeau id\u00e9al pour tout enfant \u00e2g\u00e9 de 4 ans et plus !<\/p>\n<p><a href=\"https:\/\/teiaeducation.ch\/fr\/categorie-produit\/marques\/moulin-roty-fr\/\">Moulin Roty<\/a> est une marque Fran\u00e7aise bien connue pour la cr\u00e9ation de <a href=\"https:\/\/teiaeducation.ch\/fr\/categorie-produit\/jouer\/\">jouets<\/a> de belle qualit\u00e9 pour les enfants ayant une forte valeur \u00e9motionnelle. Chaque jouet est un vrai personnage qui raconte des histoires et est le fruit du travail et du d\u00e9vouement de l\u2019\u00e9quipe cr\u00e9ative de la marque. En passant entre les mains d\u2019une \u00e9quipe d\u2019illustrateurs et de stylistes au c\u0153ur du Moulin Roty, \u00e0 Nort-sur-Erdre, en France, chaque jouet a un monde avec des couleurs et des mat\u00e9riaux con\u00e7us sp\u00e9cifiquement pour lui.<\/p>\n<p>Chaque jouet est test\u00e9 et approuv\u00e9 par un laboratoire ind\u00e9pendant Fran\u00e7ais et tous les jouets de Moulin Roty sont conformes \u00e0 la norme europ\u00e9enne NF-EN71 et portent la marque CE. La plupart des tissus et mat\u00e9riaux utilis\u00e9s pour cr\u00e9er les jouets proviennent de France et d\u2019Europe pour leur cr\u00e9ativit\u00e9 et leur qualit\u00e9 technique, ainsi que leur non-toxicit\u00e9, et ont pass\u00e9 des tests rigoureux par Oeko-Tex.<\/p>\n<p>Contenu:<\/p>\n<p>1 valise de l\u2019explorateur (28 x 18 x 12 cm)<br \/>\n1 gourde en aluminium<br \/>\n1 boussole de poche<br \/>\n1 jumelles<br \/>\n1 carnet<br \/>\n1 coffre au tr\u00e9sor d\u2019\u00e9tain<\/p>\n","protected":false},"excerpt":{"rendered":"<p>Num\u00e9ro d\u2019article: 712212<\/p>\n<p>La valise de l&#8217;explorateur du Moulin Roty est parfaite pour transformer n\u2019importe quelle promenade en aventure de d\u00e9tective de la nature !<\/p>\n","protected":false},"featured_media":29988,"comment_status":"open","ping_status":"closed","template":"","meta":[],"product_brand":[],"product_cat":[215,216,16898,23635,18893,22344,284,283,593,16897,21257,18913,13130,23132,1220,763,291,13139,7595,16899,217,5851,212],"product_tag":[16901,16903,16900,16902,16904],"class_list":{"0":"post-30055","1":"product","2":"type-product","3":"status-publish","4":"has-post-thumbnail","6":"product_cat-3-6-ans","7":"product_cat-6-12-ans","8":"product_cat-collection-automne","9":"product_cat-collection-dete","10":"product_cat-collection-printemps","11":"product_cat-collections-saisonnieres","12":"product_cat-culture-sciences","13":"product_cat-domaines-du-curriculum","14":"product_cat-etudes-botaniques","15":"product_cat-guide-cadeau-6-12-ans","16":"product_cat-guides-cadeaux","17":"product_cat-jeu-de-la-nature","18":"product_cat-jouer","19":"product_cat-jouets-de-plein-air","20":"product_cat-traditionnelle","21":"product_cat-la-science","22":"product_cat-la-vie-pratique","23":"product_cat-jeu-imaginatif-faire-semblant","24":"product_cat-methode-deducation","25":"product_cat-moulin-roty-fr","26":"product_cat-marques","27":"product_cat-nouveautes","28":"product_cat-tranche-dage","29":"product_tag-jouets-educatifs-pour-enfants","30":"product_tag-la-valise-de-lexplorateur-moulin-roty","31":"product_tag-moulin-roty-jouets-dapprentissage","32":"product_tag-scien-exploration-pour-les-enfants","33":"product_tag-valise-dexplorateurs-pour-enfants","35":"first","36":"instock","37":"taxable","38":"shipping-taxable","39":"purchasable","40":"product-type-simple"},"yoast_head":"<!-- This site is optimized with the Yoast SEO plugin v27.1.1 - https:\/\/yoast.com\/product\/yoast-seo-wordpress\/ -->\n<title>La valise de l&#039;explorateur - Moulin Roty - Teia Education &amp; Play<\/title>\n<meta name=\"description\" content=\"La valise de l&#039;explorateur du Moulin Roty est parfaite pour transformer n\u2019importe quelle promenade en aventure de d\u00e9tective de la nature !\" \/>\n<meta name=\"robots\" content=\"index, follow, max-snippet:-1, max-image-preview:large, max-video-preview:-1\" \/>\n<link rel=\"canonical\" href=\"https:\/\/teiaeducation.ch\/fr\/produit\/la-valise-de-explorateur-moulin-roty\/\" \/>\n<meta property=\"og:locale\" content=\"fr_FR\" \/>\n<meta property=\"og:type\" content=\"article\" \/>\n<meta property=\"og:title\" content=\"La valise de l&#039;explorateur - Moulin Roty - Teia Education &amp; Play\" \/>\n<meta property=\"og:description\" content=\"La valise de l&#039;explorateur du Moulin Roty est parfaite pour transformer n\u2019importe quelle promenade en aventure de d\u00e9tective de la nature !\" \/>\n<meta property=\"og:url\" content=\"https:\/\/teiaeducation.ch\/fr\/produit\/la-valise-de-explorateur-moulin-roty\/\" \/>\n<meta property=\"og:site_name\" content=\"Sustainable Educational Products &amp; Ecological Toys\u00a0\" \/>\n<meta property=\"article:publisher\" content=\"https:\/\/www.facebook.com\/teiaeducation\/\" \/>\n<meta property=\"article:modified_time\" content=\"2023-03-13T13:35:22+00:00\" \/>\n<meta property=\"og:image\" content=\"https:\/\/teiaeducation.ch\/wp-content\/uploads\/2020\/09\/Explorers-Suitcase-for-kids-Moulin-Roty-1.jpg\" \/>\n\t<meta property=\"og:image:width\" content=\"800\" \/>\n\t<meta property=\"og:image:height\" content=\"800\" \/>\n\t<meta property=\"og:image:type\" content=\"image\/jpeg\" \/>\n<script type=\"application\/ld+json\" class=\"yoast-schema-graph\">{\"@context\":\"https:\/\/schema.org\",\"@graph\":[{\"@type\":\"WebPage\",\"@id\":\"https:\/\/teiaeducation.ch\/fr\/produit\/la-valise-de-explorateur-moulin-roty\/\",\"url\":\"https:\/\/teiaeducation.ch\/fr\/produit\/la-valise-de-explorateur-moulin-roty\/\",\"name\":\"La valise de l'explorateur - Moulin Roty - Teia Education & Play\",\"isPartOf\":{\"@id\":\"https:\/\/teiaeducation.ch\/fr\/#website\"},\"primaryImageOfPage\":{\"@id\":\"https:\/\/teiaeducation.ch\/fr\/produit\/la-valise-de-explorateur-moulin-roty\/#primaryimage\"},\"image\":{\"@id\":\"https:\/\/teiaeducation.ch\/fr\/produit\/la-valise-de-explorateur-moulin-roty\/#primaryimage\"},\"thumbnailUrl\":\"https:\/\/teiaeducation.ch\/wp-content\/uploads\/2020\/09\/Explorers-Suitcase-for-kids-Moulin-Roty-1.jpg\",\"datePublished\":\"2021-04-13T11:55:35+00:00\",\"dateModified\":\"2023-03-13T13:35:22+00:00\",\"description\":\"La valise de l'explorateur du Moulin Roty est parfaite pour transformer n\u2019importe quelle promenade en aventure de d\u00e9tective de la nature !\",\"breadcrumb\":{\"@id\":\"https:\/\/teiaeducation.ch\/fr\/produit\/la-valise-de-explorateur-moulin-roty\/#breadcrumb\"},\"inLanguage\":\"fr-FR\",\"potentialAction\":[{\"@type\":\"ReadAction\",\"target\":[\"https:\/\/teiaeducation.ch\/fr\/produit\/la-valise-de-explorateur-moulin-roty\/\"]}]},{\"@type\":\"ImageObject\",\"inLanguage\":\"fr-FR\",\"@id\":\"https:\/\/teiaeducation.ch\/fr\/produit\/la-valise-de-explorateur-moulin-roty\/#primaryimage\",\"url\":\"https:\/\/teiaeducation.ch\/wp-content\/uploads\/2020\/09\/Explorers-Suitcase-for-kids-Moulin-Roty-1.jpg\",\"contentUrl\":\"https:\/\/teiaeducation.ch\/wp-content\/uploads\/2020\/09\/Explorers-Suitcase-for-kids-Moulin-Roty-1.jpg\",\"width\":800,\"height\":800,\"caption\":\"Valise Explorers pour enfants - Moulin Roty\"},{\"@type\":\"BreadcrumbList\",\"@id\":\"https:\/\/teiaeducation.ch\/fr\/produit\/la-valise-de-explorateur-moulin-roty\/#breadcrumb\",\"itemListElement\":[{\"@type\":\"ListItem\",\"position\":1,\"name\":\"Home\",\"item\":\"https:\/\/teiaeducation.ch\/fr\/\"},{\"@type\":\"ListItem\",\"position\":2,\"name\":\"Boutique Teia Education &amp; Play\",\"item\":\"https:\/\/teiaeducation.ch\/fr\/boutique\/\"},{\"@type\":\"ListItem\",\"position\":3,\"name\":\"Nos Marques\",\"item\":\"https:\/\/teiaeducation.ch\/fr\/categorie-produit\/marques\/\"},{\"@type\":\"ListItem\",\"position\":4,\"name\":\"Moulin Roty\",\"item\":\"https:\/\/teiaeducation.ch\/fr\/categorie-produit\/marques\/moulin-roty-fr\/\"},{\"@type\":\"ListItem\",\"position\":5,\"name\":\"La valise de l&#8217;explorateur &#8211; Moulin Roty\"}]},{\"@type\":\"WebSite\",\"@id\":\"https:\/\/teiaeducation.ch\/fr\/#website\",\"url\":\"https:\/\/teiaeducation.ch\/fr\/\",\"name\":\"Sustainable Educational Products &amp; Ecological Toys\u00a0\",\"description\":\"Specialised Swiss shop selling sustainable educational toys and games, AMI certified Montessori materials, handmade ecological wooden Waldorf toys and arts &amp; crafts supplies, school supplies, children&#039;s furniture and Montessori reference and parenting books.\",\"publisher\":{\"@id\":\"https:\/\/teiaeducation.ch\/fr\/#organization\"},\"alternateName\":\"Teia Education & Play\",\"potentialAction\":[{\"@type\":\"SearchAction\",\"target\":{\"@type\":\"EntryPoint\",\"urlTemplate\":\"https:\/\/teiaeducation.ch\/fr\/?s={search_term_string}\"},\"query-input\":{\"@type\":\"PropertyValueSpecification\",\"valueRequired\":true,\"valueName\":\"search_term_string\"}}],\"inLanguage\":\"fr-FR\"},{\"@type\":\"Organization\",\"@id\":\"https:\/\/teiaeducation.ch\/fr\/#organization\",\"name\":\"Teia Education & Play\",\"url\":\"https:\/\/teiaeducation.ch\/fr\/\",\"logo\":{\"@type\":\"ImageObject\",\"inLanguage\":\"fr-FR\",\"@id\":\"https:\/\/teiaeducation.ch\/fr\/#\/schema\/logo\/image\/\",\"url\":\"https:\/\/teiaeducation.ch\/wp-content\/uploads\/2020\/11\/Teia-Education-Switzerland-e1620156442216.jpg\",\"contentUrl\":\"https:\/\/teiaeducation.ch\/wp-content\/uploads\/2020\/11\/Teia-Education-Switzerland-e1620156442216.jpg\",\"width\":166,\"height\":145,\"caption\":\"Teia Education & Play\"},\"image\":{\"@id\":\"https:\/\/teiaeducation.ch\/fr\/#\/schema\/logo\/image\/\"},\"sameAs\":[\"https:\/\/www.facebook.com\/teiaeducation\/\",\"https:\/\/x.com\/EducationTeia\",\"https:\/\/www.instagram.com\/teia.education\/\",\"https:\/\/www.linkedin.com\/company\/35501660\",\"https:\/\/www.pinterest.ch\/TeiaEducation\/\"]}]}<\/script>\n<!-- \/ Yoast SEO plugin. -->","yoast_head_json":{"title":"La valise de l'explorateur - Moulin Roty - Teia Education & Play","description":"La valise de l'explorateur du Moulin Roty est parfaite pour transformer n\u2019importe quelle promenade en aventure de d\u00e9tective de la nature !","robots":{"index":"index","follow":"follow","max-snippet":"max-snippet:-1","max-image-preview":"max-image-preview:large","max-video-preview":"max-video-preview:-1"},"canonical":"https:\/\/teiaeducation.ch\/fr\/produit\/la-valise-de-explorateur-moulin-roty\/","og_locale":"fr_FR","og_type":"article","og_title":"La valise de l'explorateur - Moulin Roty - Teia Education & Play","og_description":"La valise de l'explorateur du Moulin Roty est parfaite pour transformer n\u2019importe quelle promenade en aventure de d\u00e9tective de la nature !","og_url":"https:\/\/teiaeducation.ch\/fr\/produit\/la-valise-de-explorateur-moulin-roty\/","og_site_name":"Sustainable Educational Products &amp; Ecological Toys\u00a0","article_publisher":"https:\/\/www.facebook.com\/teiaeducation\/","article_modified_time":"2023-03-13T13:35:22+00:00","og_image":[{"width":800,"height":800,"url":"https:\/\/teiaeducation.ch\/wp-content\/uploads\/2020\/09\/Explorers-Suitcase-for-kids-Moulin-Roty-1.jpg","type":"image\/jpeg"}],"schema":{"@context":"https:\/\/schema.org","@graph":[{"@type":"WebPage","@id":"https:\/\/teiaeducation.ch\/fr\/produit\/la-valise-de-explorateur-moulin-roty\/","url":"https:\/\/teiaeducation.ch\/fr\/produit\/la-valise-de-explorateur-moulin-roty\/","name":"La valise de l'explorateur - Moulin Roty - Teia Education & Play","isPartOf":{"@id":"https:\/\/teiaeducation.ch\/fr\/#website"},"primaryImageOfPage":{"@id":"https:\/\/teiaeducation.ch\/fr\/produit\/la-valise-de-explorateur-moulin-roty\/#primaryimage"},"image":{"@id":"https:\/\/teiaeducation.ch\/fr\/produit\/la-valise-de-explorateur-moulin-roty\/#primaryimage"},"thumbnailUrl":"https:\/\/teiaeducation.ch\/wp-content\/uploads\/2020\/09\/Explorers-Suitcase-for-kids-Moulin-Roty-1.jpg","datePublished":"2021-04-13T11:55:35+00:00","dateModified":"2023-03-13T13:35:22+00:00","description":"La valise de l'explorateur du Moulin Roty est parfaite pour transformer n\u2019importe quelle promenade en aventure de d\u00e9tective de la nature !","breadcrumb":{"@id":"https:\/\/teiaeducation.ch\/fr\/produit\/la-valise-de-explorateur-moulin-roty\/#breadcrumb"},"inLanguage":"fr-FR","potentialAction":[{"@type":"ReadAction","target":["https:\/\/teiaeducation.ch\/fr\/produit\/la-valise-de-explorateur-moulin-roty\/"]}]},{"@type":"ImageObject","inLanguage":"fr-FR","@id":"https:\/\/teiaeducation.ch\/fr\/produit\/la-valise-de-explorateur-moulin-roty\/#primaryimage","url":"https:\/\/teiaeducation.ch\/wp-content\/uploads\/2020\/09\/Explorers-Suitcase-for-kids-Moulin-Roty-1.jpg","contentUrl":"https:\/\/teiaeducation.ch\/wp-content\/uploads\/2020\/09\/Explorers-Suitcase-for-kids-Moulin-Roty-1.jpg","width":800,"height":800,"caption":"Valise Explorers pour enfants - Moulin Roty"},{"@type":"BreadcrumbList","@id":"https:\/\/teiaeducation.ch\/fr\/produit\/la-valise-de-explorateur-moulin-roty\/#breadcrumb","itemListElement":[{"@type":"ListItem","position":1,"name":"Home","item":"https:\/\/teiaeducation.ch\/fr\/"},{"@type":"ListItem","position":2,"name":"Boutique Teia Education &amp; Play","item":"https:\/\/teiaeducation.ch\/fr\/boutique\/"},{"@type":"ListItem","position":3,"name":"Nos Marques","item":"https:\/\/teiaeducation.ch\/fr\/categorie-produit\/marques\/"},{"@type":"ListItem","position":4,"name":"Moulin Roty","item":"https:\/\/teiaeducation.ch\/fr\/categorie-produit\/marques\/moulin-roty-fr\/"},{"@type":"ListItem","position":5,"name":"La valise de l&#8217;explorateur &#8211; Moulin Roty"}]},{"@type":"WebSite","@id":"https:\/\/teiaeducation.ch\/fr\/#website","url":"https:\/\/teiaeducation.ch\/fr\/","name":"Sustainable Educational Products &amp; Ecological Toys\u00a0","description":"Specialised Swiss shop selling sustainable educational toys and games, AMI certified Montessori materials, handmade ecological wooden Waldorf toys and arts &amp; crafts supplies, school supplies, children&#039;s furniture and Montessori reference and parenting books.","publisher":{"@id":"https:\/\/teiaeducation.ch\/fr\/#organization"},"alternateName":"Teia Education & Play","potentialAction":[{"@type":"SearchAction","target":{"@type":"EntryPoint","urlTemplate":"https:\/\/teiaeducation.ch\/fr\/?s={search_term_string}"},"query-input":{"@type":"PropertyValueSpecification","valueRequired":true,"valueName":"search_term_string"}}],"inLanguage":"fr-FR"},{"@type":"Organization","@id":"https:\/\/teiaeducation.ch\/fr\/#organization","name":"Teia Education & Play","url":"https:\/\/teiaeducation.ch\/fr\/","logo":{"@type":"ImageObject","inLanguage":"fr-FR","@id":"https:\/\/teiaeducation.ch\/fr\/#\/schema\/logo\/image\/","url":"https:\/\/teiaeducation.ch\/wp-content\/uploads\/2020\/11\/Teia-Education-Switzerland-e1620156442216.jpg","contentUrl":"https:\/\/teiaeducation.ch\/wp-content\/uploads\/2020\/11\/Teia-Education-Switzerland-e1620156442216.jpg","width":166,"height":145,"caption":"Teia Education & Play"},"image":{"@id":"https:\/\/teiaeducation.ch\/fr\/#\/schema\/logo\/image\/"},"sameAs":["https:\/\/www.facebook.com\/teiaeducation\/","https:\/\/x.com\/EducationTeia","https:\/\/www.instagram.com\/teia.education\/","https:\/\/www.linkedin.com\/company\/35501660","https:\/\/www.pinterest.ch\/TeiaEducation\/"]}]}},"_links":{"self":[{"href":"https:\/\/teiaeducation.ch\/fr\/wp-json\/wp\/v2\/product\/30055","targetHints":{"allow":["GET"]}}],"collection":[{"href":"https:\/\/teiaeducation.ch\/fr\/wp-json\/wp\/v2\/product"}],"about":[{"href":"https:\/\/teiaeducation.ch\/fr\/wp-json\/wp\/v2\/types\/product"}],"replies":[{"embeddable":true,"href":"https:\/\/teiaeducation.ch\/fr\/wp-json\/wp\/v2\/comments?post=30055"}],"wp:featuredmedia":[{"embeddable":true,"href":"https:\/\/teiaeducation.ch\/fr\/wp-json\/wp\/v2\/media\/29988"}],"wp:attachment":[{"href":"https:\/\/teiaeducation.ch\/fr\/wp-json\/wp\/v2\/media?parent=30055"}],"wp:term":[{"taxonomy":"product_brand","embeddable":true,"href":"https:\/\/teiaeducation.ch\/fr\/wp-json\/wp\/v2\/product_brand?post=30055"},{"taxonomy":"product_cat","embeddable":true,"href":"https:\/\/teiaeducation.ch\/fr\/wp-json\/wp\/v2\/product_cat?post=30055"},{"taxonomy":"product_tag","embeddable":true,"href":"https:\/\/teiaeducation.ch\/fr\/wp-json\/wp\/v2\/product_tag?post=30055"}],"curies":[{"name":"wp","href":"https:\/\/api.w.org\/{rel}","templated":true}]}}