{"id":31079,"date":"2020-10-19T15:10:27","date_gmt":"2020-10-19T13:10:27","guid":{"rendered":"https:\/\/teiaeducation.ch\/product\/fractions-en-bois-dun-tout-erzi\/"},"modified":"2025-10-01T11:20:40","modified_gmt":"2025-10-01T09:20:40","slug":"fraction-dun-tout-en-bois-erzi","status":"publish","type":"product","link":"https:\/\/teiaeducation.ch\/fr\/produit\/fraction-dun-tout-en-bois-erzi\/","title":{"rendered":"Fractions en bois d\u2019un tout &#8211; Erzi"},"content":{"rendered":"<p>Fractions en bois d\u2019un tout \/ jeu \u00e9ducatif math\u00e9matique &#8211; Erzi<\/p>\n<p>Ce magnifique jeu \u00e9ducatif math\u00e9matique de <a href=\"https:\/\/teiaeducation.ch\/fr\/categorie-produit\/domaines-du-curriculum\/mathematiques-calcul\/les-fractions\/\">fractions<\/a> d&#8217;un tout fait en bois d\u2019Erzi est un excellent moyen d\u2019aider les enfants \u00e0 comprendre les fractions gr\u00e2ce \u00e0 l\u2019apprentissage visuel et pratique!<\/p>\n<p>Construit \u00e0 partir d&#8217;h\u00eatre massif, ce syst\u00e8me unique est con\u00e7u pour enseigner aux enfants les diff\u00e9rentes parties qui composent un nombre entier. Tout en jouant avec les formes tridimensionnelles, les enfants apprennent \u00e0 distinguer les composants individuels de chaque forme enti\u00e8re comme les moiti\u00e9s, les quarts et les huiti\u00e8mes et comment exprimer les fractions.<\/p>\n<p>Chaque forme en bois a son propre espace sur la planche. Pour former un cube \u00e0 partir de quatre quarts, par exemple, l\u2019enfant r\u00e9sout le probl\u00e8me en enlevant chaque quart de son plateau et en le pla\u00e7ant \u00e0 l\u2019endroit appropri\u00e9.<\/p>\n<p>Cette m\u00e9thode directe d\u2019apprentissage par le jeu \u00e9ducatif avec les fractions d&#8217;un tout en bois donne aux enfants une excellente compr\u00e9hension des fractions et des math\u00e9matiques de base et est recommand\u00e9e pour les enfants \u00e2g\u00e9s de trois ans.<\/p>\n<p>La gamme compl\u00e8te de produits Erzi porte le sceau distinctif de qualit\u00e9 \u00ab made in Germany \u00bb, provenant, comme ils le font, des monts M\u00e9tallif\u00e8res d&#8217;Allemagne.<\/p>\n<p>Erzi utilise du bois d\u2019origine locale certifi\u00e9 et am\u00e9lior\u00e9 par le label Forest Stewardship Council (FSC) pour la cr\u00e9ation de leurs jouets. Toutes les finitions, telles que les peintures \u00e0 base d\u2019eau et les vernis, ne sont pas toxiques et chaque produit Erzi est conforme au plus haut niveau de s\u00e9curit\u00e9 des jouets. Les produits de jeu et d\u2019apprentissage Erzi de haute qualit\u00e9 se distinguent par une grande diversit\u00e9 de formes et de couleurs naturelles et sont durables et \u00e9cologiques.<\/p>\n<p>Contenu:<\/p>\n<p>19 parties (4 plaques de base avec creux pour cubes et rectangles)<br \/>\n1 gros cube pour former un tout, 2 moiti\u00e9s, 4 quarts et 8 huiti\u00e8mes<\/p>\n","protected":false},"excerpt":{"rendered":"<p>Num\u00e9ro d\u2019article: 42040<\/p>\n<p>Ce magnifique jeu math\u00e9matique de fractions d&#8217;un tout fait en bois d\u2019Erzi est un excellent moyen d\u2019aider les enfants \u00e0 comprendre les fractions gr\u00e2ce \u00e0 l\u2019apprentissage visuel et pratique!<\/p>\n","protected":false},"featured_media":30114,"comment_status":"open","ping_status":"closed","template":"","meta":[],"product_brand":[],"product_cat":[215,22344,283,17209,1220,23650,619,17211,288,7595,217,5851,7603,212],"product_tag":[17251,17254,17250,17255,17248,17249,17247,23585,17245,23584,17252,17253],"class_list":{"0":"post-31079","1":"product","2":"type-product","3":"status-publish","4":"has-post-thumbnail","6":"product_cat-3-6-ans","7":"product_cat-collections-saisonnieres","8":"product_cat-domaines-du-curriculum","9":"product_cat-erzi-fr","10":"product_cat-traditionnelle","11":"product_cat-la-rentree-scolaire","12":"product_cat-les-fractions","13":"product_cat-materiel-didactique","14":"product_cat-mathematiques-calcul","15":"product_cat-methode-deducation","16":"product_cat-marques","17":"product_cat-nouveautes","18":"product_cat-soldes","19":"product_cat-tranche-dage","20":"product_tag-blocs-de-fractions-en-bois","21":"product_tag-blocs-mathematiques-en-bois","22":"product_tag-erzi-blocs-de-fractions","23":"product_tag-erzi-fractions-dun-tout","24":"product_tag-erzi-jeux-educatifs","25":"product_tag-erzi-jeux-educatifs-de-fractions","26":"product_tag-erzi-materiel-dapprentissage","27":"product_tag-erzi-schweiz-fr","28":"product_tag-erzi-suisse-fr-2","29":"product_tag-erzi-switzerland-fr","30":"product_tag-jeu-de-fractions-en-bois","31":"product_tag-jeu-de-mathematiques-en-bois","33":"first","34":"outofstock","35":"sale","36":"taxable","37":"shipping-taxable","38":"purchasable","39":"product-type-simple"},"yoast_head":"<!-- This site is optimized with the Yoast SEO plugin v27.1.1 - https:\/\/yoast.com\/product\/yoast-seo-wordpress\/ -->\n<title>Fractions en bois d\u2019un tout - Erzi - Teia Education &amp; Play<\/title>\n<meta name=\"description\" content=\"Les fractions d&#039;un tout en bois d\u2019Erzi est un jeu \u00e9ducatif math\u00e9matique permettant l\u2019apprentissage visuel et pratique des fractions et math\u00e9matiques.\" \/>\n<meta name=\"robots\" content=\"index, follow, max-snippet:-1, max-image-preview:large, max-video-preview:-1\" \/>\n<link rel=\"canonical\" href=\"https:\/\/teiaeducation.ch\/fr\/produit\/fraction-dun-tout-en-bois-erzi\/\" \/>\n<meta property=\"og:locale\" content=\"fr_FR\" \/>\n<meta property=\"og:type\" content=\"article\" \/>\n<meta property=\"og:title\" content=\"Fractions en bois d\u2019un tout - Erzi - Teia Education &amp; Play\" \/>\n<meta property=\"og:description\" content=\"Les fractions d&#039;un tout en bois d\u2019Erzi est un jeu \u00e9ducatif math\u00e9matique permettant l\u2019apprentissage visuel et pratique des fractions et math\u00e9matiques.\" \/>\n<meta property=\"og:url\" content=\"https:\/\/teiaeducation.ch\/fr\/produit\/fraction-dun-tout-en-bois-erzi\/\" \/>\n<meta property=\"og:site_name\" content=\"Sustainable Educational Products &amp; Ecological Toys\u00a0\" \/>\n<meta property=\"article:publisher\" content=\"https:\/\/www.facebook.com\/teiaeducation\/\" \/>\n<meta property=\"article:modified_time\" content=\"2025-10-01T09:20:40+00:00\" \/>\n<meta property=\"og:image\" content=\"https:\/\/teiaeducation.ch\/wp-content\/uploads\/2020\/09\/Wooden-fractions-of-a-whole-educational-game-Erzi-scaled.jpg\" \/>\n\t<meta property=\"og:image:width\" content=\"1200\" \/>\n\t<meta property=\"og:image:height\" content=\"800\" \/>\n\t<meta property=\"og:image:type\" content=\"image\/jpeg\" \/>\n<script type=\"application\/ld+json\" class=\"yoast-schema-graph\">{\"@context\":\"https:\/\/schema.org\",\"@graph\":[{\"@type\":\"WebPage\",\"@id\":\"https:\/\/teiaeducation.ch\/fr\/produit\/fraction-dun-tout-en-bois-erzi\/\",\"url\":\"https:\/\/teiaeducation.ch\/fr\/produit\/fraction-dun-tout-en-bois-erzi\/\",\"name\":\"Fractions en bois d\u2019un tout - Erzi - Teia Education & Play\",\"isPartOf\":{\"@id\":\"https:\/\/teiaeducation.ch\/fr\/#website\"},\"primaryImageOfPage\":{\"@id\":\"https:\/\/teiaeducation.ch\/fr\/produit\/fraction-dun-tout-en-bois-erzi\/#primaryimage\"},\"image\":{\"@id\":\"https:\/\/teiaeducation.ch\/fr\/produit\/fraction-dun-tout-en-bois-erzi\/#primaryimage\"},\"thumbnailUrl\":\"https:\/\/teiaeducation.ch\/wp-content\/uploads\/2020\/09\/Wooden-fractions-of-a-whole-educational-game-Erzi-scaled.jpg\",\"datePublished\":\"2020-10-19T13:10:27+00:00\",\"dateModified\":\"2025-10-01T09:20:40+00:00\",\"description\":\"Les fractions d'un tout en bois d\u2019Erzi est un jeu \u00e9ducatif math\u00e9matique permettant l\u2019apprentissage visuel et pratique des fractions et math\u00e9matiques.\",\"breadcrumb\":{\"@id\":\"https:\/\/teiaeducation.ch\/fr\/produit\/fraction-dun-tout-en-bois-erzi\/#breadcrumb\"},\"inLanguage\":\"fr-FR\",\"potentialAction\":[{\"@type\":\"ReadAction\",\"target\":[\"https:\/\/teiaeducation.ch\/fr\/produit\/fraction-dun-tout-en-bois-erzi\/\"]}]},{\"@type\":\"ImageObject\",\"inLanguage\":\"fr-FR\",\"@id\":\"https:\/\/teiaeducation.ch\/fr\/produit\/fraction-dun-tout-en-bois-erzi\/#primaryimage\",\"url\":\"https:\/\/teiaeducation.ch\/wp-content\/uploads\/2020\/09\/Wooden-fractions-of-a-whole-educational-game-Erzi-scaled.jpg\",\"contentUrl\":\"https:\/\/teiaeducation.ch\/wp-content\/uploads\/2020\/09\/Wooden-fractions-of-a-whole-educational-game-Erzi-scaled.jpg\",\"width\":1200,\"height\":800,\"caption\":\"fractions d\u2019un tout Jeu \u00e9ducatif en bois sur les fractions d'un tout - Erzi\"},{\"@type\":\"BreadcrumbList\",\"@id\":\"https:\/\/teiaeducation.ch\/fr\/produit\/fraction-dun-tout-en-bois-erzi\/#breadcrumb\",\"itemListElement\":[{\"@type\":\"ListItem\",\"position\":1,\"name\":\"Home\",\"item\":\"https:\/\/teiaeducation.ch\/fr\/\"},{\"@type\":\"ListItem\",\"position\":2,\"name\":\"Boutique Teia Education &amp; Play\",\"item\":\"https:\/\/teiaeducation.ch\/fr\/boutique\/\"},{\"@type\":\"ListItem\",\"position\":3,\"name\":\"Domaines du Curriculum\",\"item\":\"https:\/\/teiaeducation.ch\/fr\/categorie-produit\/domaines-du-curriculum\/\"},{\"@type\":\"ListItem\",\"position\":4,\"name\":\"Math\u00e9matiques &amp; Calcul\",\"item\":\"https:\/\/teiaeducation.ch\/fr\/categorie-produit\/domaines-du-curriculum\/mathematiques-calcul\/\"},{\"@type\":\"ListItem\",\"position\":5,\"name\":\"Les Fractions\",\"item\":\"https:\/\/teiaeducation.ch\/fr\/categorie-produit\/domaines-du-curriculum\/mathematiques-calcul\/les-fractions\/\"},{\"@type\":\"ListItem\",\"position\":6,\"name\":\"Fractions en bois d\u2019un tout &#8211; Erzi\"}]},{\"@type\":\"WebSite\",\"@id\":\"https:\/\/teiaeducation.ch\/fr\/#website\",\"url\":\"https:\/\/teiaeducation.ch\/fr\/\",\"name\":\"Sustainable Educational Products &amp; Ecological Toys\u00a0\",\"description\":\"Specialised Swiss shop selling sustainable educational toys and games, AMI certified Montessori materials, handmade ecological wooden Waldorf toys and arts &amp; crafts supplies, school supplies, children&#039;s furniture and Montessori reference and parenting books.\",\"publisher\":{\"@id\":\"https:\/\/teiaeducation.ch\/fr\/#organization\"},\"alternateName\":\"Teia Education & Play\",\"potentialAction\":[{\"@type\":\"SearchAction\",\"target\":{\"@type\":\"EntryPoint\",\"urlTemplate\":\"https:\/\/teiaeducation.ch\/fr\/?s={search_term_string}\"},\"query-input\":{\"@type\":\"PropertyValueSpecification\",\"valueRequired\":true,\"valueName\":\"search_term_string\"}}],\"inLanguage\":\"fr-FR\"},{\"@type\":\"Organization\",\"@id\":\"https:\/\/teiaeducation.ch\/fr\/#organization\",\"name\":\"Teia Education & Play\",\"url\":\"https:\/\/teiaeducation.ch\/fr\/\",\"logo\":{\"@type\":\"ImageObject\",\"inLanguage\":\"fr-FR\",\"@id\":\"https:\/\/teiaeducation.ch\/fr\/#\/schema\/logo\/image\/\",\"url\":\"https:\/\/teiaeducation.ch\/wp-content\/uploads\/2020\/11\/Teia-Education-Switzerland-e1620156442216.jpg\",\"contentUrl\":\"https:\/\/teiaeducation.ch\/wp-content\/uploads\/2020\/11\/Teia-Education-Switzerland-e1620156442216.jpg\",\"width\":166,\"height\":145,\"caption\":\"Teia Education & Play\"},\"image\":{\"@id\":\"https:\/\/teiaeducation.ch\/fr\/#\/schema\/logo\/image\/\"},\"sameAs\":[\"https:\/\/www.facebook.com\/teiaeducation\/\",\"https:\/\/x.com\/EducationTeia\",\"https:\/\/www.instagram.com\/teia.education\/\",\"https:\/\/www.linkedin.com\/company\/35501660\",\"https:\/\/www.pinterest.ch\/TeiaEducation\/\"]}]}<\/script>\n<!-- \/ Yoast SEO plugin. -->","yoast_head_json":{"title":"Fractions en bois d\u2019un tout - Erzi - Teia Education & Play","description":"Les fractions d'un tout en bois d\u2019Erzi est un jeu \u00e9ducatif math\u00e9matique permettant l\u2019apprentissage visuel et pratique des fractions et math\u00e9matiques.","robots":{"index":"index","follow":"follow","max-snippet":"max-snippet:-1","max-image-preview":"max-image-preview:large","max-video-preview":"max-video-preview:-1"},"canonical":"https:\/\/teiaeducation.ch\/fr\/produit\/fraction-dun-tout-en-bois-erzi\/","og_locale":"fr_FR","og_type":"article","og_title":"Fractions en bois d\u2019un tout - Erzi - Teia Education & Play","og_description":"Les fractions d'un tout en bois d\u2019Erzi est un jeu \u00e9ducatif math\u00e9matique permettant l\u2019apprentissage visuel et pratique des fractions et math\u00e9matiques.","og_url":"https:\/\/teiaeducation.ch\/fr\/produit\/fraction-dun-tout-en-bois-erzi\/","og_site_name":"Sustainable Educational Products &amp; Ecological Toys\u00a0","article_publisher":"https:\/\/www.facebook.com\/teiaeducation\/","article_modified_time":"2025-10-01T09:20:40+00:00","og_image":[{"width":1200,"height":800,"url":"https:\/\/teiaeducation.ch\/wp-content\/uploads\/2020\/09\/Wooden-fractions-of-a-whole-educational-game-Erzi-scaled.jpg","type":"image\/jpeg"}],"schema":{"@context":"https:\/\/schema.org","@graph":[{"@type":"WebPage","@id":"https:\/\/teiaeducation.ch\/fr\/produit\/fraction-dun-tout-en-bois-erzi\/","url":"https:\/\/teiaeducation.ch\/fr\/produit\/fraction-dun-tout-en-bois-erzi\/","name":"Fractions en bois d\u2019un tout - Erzi - Teia Education & Play","isPartOf":{"@id":"https:\/\/teiaeducation.ch\/fr\/#website"},"primaryImageOfPage":{"@id":"https:\/\/teiaeducation.ch\/fr\/produit\/fraction-dun-tout-en-bois-erzi\/#primaryimage"},"image":{"@id":"https:\/\/teiaeducation.ch\/fr\/produit\/fraction-dun-tout-en-bois-erzi\/#primaryimage"},"thumbnailUrl":"https:\/\/teiaeducation.ch\/wp-content\/uploads\/2020\/09\/Wooden-fractions-of-a-whole-educational-game-Erzi-scaled.jpg","datePublished":"2020-10-19T13:10:27+00:00","dateModified":"2025-10-01T09:20:40+00:00","description":"Les fractions d'un tout en bois d\u2019Erzi est un jeu \u00e9ducatif math\u00e9matique permettant l\u2019apprentissage visuel et pratique des fractions et math\u00e9matiques.","breadcrumb":{"@id":"https:\/\/teiaeducation.ch\/fr\/produit\/fraction-dun-tout-en-bois-erzi\/#breadcrumb"},"inLanguage":"fr-FR","potentialAction":[{"@type":"ReadAction","target":["https:\/\/teiaeducation.ch\/fr\/produit\/fraction-dun-tout-en-bois-erzi\/"]}]},{"@type":"ImageObject","inLanguage":"fr-FR","@id":"https:\/\/teiaeducation.ch\/fr\/produit\/fraction-dun-tout-en-bois-erzi\/#primaryimage","url":"https:\/\/teiaeducation.ch\/wp-content\/uploads\/2020\/09\/Wooden-fractions-of-a-whole-educational-game-Erzi-scaled.jpg","contentUrl":"https:\/\/teiaeducation.ch\/wp-content\/uploads\/2020\/09\/Wooden-fractions-of-a-whole-educational-game-Erzi-scaled.jpg","width":1200,"height":800,"caption":"fractions d\u2019un tout Jeu \u00e9ducatif en bois sur les fractions d'un tout - Erzi"},{"@type":"BreadcrumbList","@id":"https:\/\/teiaeducation.ch\/fr\/produit\/fraction-dun-tout-en-bois-erzi\/#breadcrumb","itemListElement":[{"@type":"ListItem","position":1,"name":"Home","item":"https:\/\/teiaeducation.ch\/fr\/"},{"@type":"ListItem","position":2,"name":"Boutique Teia Education &amp; Play","item":"https:\/\/teiaeducation.ch\/fr\/boutique\/"},{"@type":"ListItem","position":3,"name":"Domaines du Curriculum","item":"https:\/\/teiaeducation.ch\/fr\/categorie-produit\/domaines-du-curriculum\/"},{"@type":"ListItem","position":4,"name":"Math\u00e9matiques &amp; Calcul","item":"https:\/\/teiaeducation.ch\/fr\/categorie-produit\/domaines-du-curriculum\/mathematiques-calcul\/"},{"@type":"ListItem","position":5,"name":"Les Fractions","item":"https:\/\/teiaeducation.ch\/fr\/categorie-produit\/domaines-du-curriculum\/mathematiques-calcul\/les-fractions\/"},{"@type":"ListItem","position":6,"name":"Fractions en bois d\u2019un tout &#8211; Erzi"}]},{"@type":"WebSite","@id":"https:\/\/teiaeducation.ch\/fr\/#website","url":"https:\/\/teiaeducation.ch\/fr\/","name":"Sustainable Educational Products &amp; Ecological Toys\u00a0","description":"Specialised Swiss shop selling sustainable educational toys and games, AMI certified Montessori materials, handmade ecological wooden Waldorf toys and arts &amp; crafts supplies, school supplies, children&#039;s furniture and Montessori reference and parenting books.","publisher":{"@id":"https:\/\/teiaeducation.ch\/fr\/#organization"},"alternateName":"Teia Education & Play","potentialAction":[{"@type":"SearchAction","target":{"@type":"EntryPoint","urlTemplate":"https:\/\/teiaeducation.ch\/fr\/?s={search_term_string}"},"query-input":{"@type":"PropertyValueSpecification","valueRequired":true,"valueName":"search_term_string"}}],"inLanguage":"fr-FR"},{"@type":"Organization","@id":"https:\/\/teiaeducation.ch\/fr\/#organization","name":"Teia Education & Play","url":"https:\/\/teiaeducation.ch\/fr\/","logo":{"@type":"ImageObject","inLanguage":"fr-FR","@id":"https:\/\/teiaeducation.ch\/fr\/#\/schema\/logo\/image\/","url":"https:\/\/teiaeducation.ch\/wp-content\/uploads\/2020\/11\/Teia-Education-Switzerland-e1620156442216.jpg","contentUrl":"https:\/\/teiaeducation.ch\/wp-content\/uploads\/2020\/11\/Teia-Education-Switzerland-e1620156442216.jpg","width":166,"height":145,"caption":"Teia Education & Play"},"image":{"@id":"https:\/\/teiaeducation.ch\/fr\/#\/schema\/logo\/image\/"},"sameAs":["https:\/\/www.facebook.com\/teiaeducation\/","https:\/\/x.com\/EducationTeia","https:\/\/www.instagram.com\/teia.education\/","https:\/\/www.linkedin.com\/company\/35501660","https:\/\/www.pinterest.ch\/TeiaEducation\/"]}]}},"_links":{"self":[{"href":"https:\/\/teiaeducation.ch\/fr\/wp-json\/wp\/v2\/product\/31079","targetHints":{"allow":["GET"]}}],"collection":[{"href":"https:\/\/teiaeducation.ch\/fr\/wp-json\/wp\/v2\/product"}],"about":[{"href":"https:\/\/teiaeducation.ch\/fr\/wp-json\/wp\/v2\/types\/product"}],"replies":[{"embeddable":true,"href":"https:\/\/teiaeducation.ch\/fr\/wp-json\/wp\/v2\/comments?post=31079"}],"wp:featuredmedia":[{"embeddable":true,"href":"https:\/\/teiaeducation.ch\/fr\/wp-json\/wp\/v2\/media\/30114"}],"wp:attachment":[{"href":"https:\/\/teiaeducation.ch\/fr\/wp-json\/wp\/v2\/media?parent=31079"}],"wp:term":[{"taxonomy":"product_brand","embeddable":true,"href":"https:\/\/teiaeducation.ch\/fr\/wp-json\/wp\/v2\/product_brand?post=31079"},{"taxonomy":"product_cat","embeddable":true,"href":"https:\/\/teiaeducation.ch\/fr\/wp-json\/wp\/v2\/product_cat?post=31079"},{"taxonomy":"product_tag","embeddable":true,"href":"https:\/\/teiaeducation.ch\/fr\/wp-json\/wp\/v2\/product_tag?post=31079"}],"curies":[{"name":"wp","href":"https:\/\/api.w.org\/{rel}","templated":true}]}}