{"id":31081,"date":"2020-10-18T19:06:41","date_gmt":"2020-10-18T17:06:41","guid":{"rendered":"https:\/\/teiaeducation.ch\/product\/jeu-dequilibrage-en-bois-en-forme-de-huit-erzi\/"},"modified":"2025-03-21T14:12:43","modified_gmt":"2025-03-21T13:12:43","slug":"jeu-dequilibrage-forme-huit-erzi","status":"publish","type":"product","link":"https:\/\/teiaeducation.ch\/fr\/produit\/jeu-dequilibrage-forme-huit-erzi\/","title":{"rendered":"Jeu d\u2019\u00e9quilibrage en forme de huit en bois &#8211; Erzi"},"content":{"rendered":"<p>Jeu d\u2019\u00e9quilibrage en bois en forme de huit \/ planche d\u2019\u00e9quilibrage en bois &#8211; Erzi<\/p>\n<p>Ce brillant jeu en bois d\u2019Erzi dispose d\u2019une planche de course de bille dans une figure en forme de huit pour permettre aux enfants de former leur coordination yeux main, <a href=\"https:\/\/teiaeducation.ch\/product-category\/curriculum-areas\/sensory-motor-skills\/motor-skills\/\">les habilet\u00e9s motrices,<\/a>la sensibilit\u00e9 au toucher et la concentration.<\/p>\n<p>Garder la balle en mouvement autour de la piste dans ce jouet actif d\u00e9fie les enfants et les adultes et exerce les bras et les \u00e9paules et l\u2019augmentation de la mobilit\u00e9 d\u2019une mani\u00e8re amusante. Un livret d\u2019exercice illustr\u00e9 est inclus avec la planche d\u2019\u00e9quilibrage en bois et les billes d\u2019acier peuvent \u00eatre stock\u00e9es dans les supports \u00e0 billes magn\u00e9tiques dissimul\u00e9s.<\/p>\n<p>Fabriqu\u00e9 en Allemagne \u00e0 partir de bois de bouleau et fini dans de la laque non toxique, \u00e0 l\u2019\u00e9preuve de la sueur, de la salive, et \u00e0 base d\u2019eau, le jeu en bois d&#8217;\u00e9quilibrage en forme de huit Erzi est adapt\u00e9 pour les enfants \u00e2g\u00e9s de 3 ans et plus.<\/p>\n<p>La gamme compl\u00e8te de produits Erzi porte le sceau distinctif de qualit\u00e9 \u00ab made in Germany \u00bb, provenant, comme il le dit, des montagnes de minerai de l\u2019Allemagne.<\/p>\n<p>Erzi utilise du bois d\u2019origine locale certifi\u00e9 et am\u00e9lior\u00e9 par le label Forest Stewardship Council (FSC) pour la cr\u00e9ation de leurs jouets. Toutes les finitions, telles que les peintures \u00e0 base d\u2019eau et les vernis, ne sont pas toxiques et chaque produit Erzi est conforme au plus haut niveau de s\u00e9curit\u00e9 des jouets. Les produits de jeu et d\u2019apprentissage Erzi de haute qualit\u00e9 se distinguent par une grande diversit\u00e9 de formes et de couleurs naturelles et sont durables et \u00e9cologiques.<\/p>\n<p>Contenu :<\/p>\n<p>1 planche d\u2019\u00e9quilibrage en bois<br \/>\n2 billes d\u2019acier.<\/p>\n","protected":false},"excerpt":{"rendered":"<p>Num\u00e9ro d\u2019article: 45409<\/p>\n<p>Ce brillant jeu en bois d\u2019Erzi dispose d\u2019une planche de course de bille dans une formede huit permet aux enfants de former leur coordination yeux mains, la motricit\u00e9, la sensibilit\u00e9 au toucher et la concentration.<\/p>\n","protected":false},"featured_media":29815,"comment_status":"open","ping_status":"closed","template":"","meta":[],"product_brand":[],"product_cat":[215,216,635,283,17209,17239,13130,18969,23132,23020,13142,17211,217,5851,209,212],"product_tag":[17280,17273,23586,23588,23585,23583,23587,23589,17245,23584,23590,17277,17272,17281,17283,17275,17282,17274,17278,17276,17279],"class_list":{"0":"post-31081","1":"product","2":"type-product","3":"status-publish","4":"has-post-thumbnail","6":"product_cat-3-6-ans","7":"product_cat-6-12-ans","8":"product_cat-competences-motrices","9":"product_cat-domaines-du-curriculum","10":"product_cat-erzi-fr","11":"product_cat-guide-cadeaux-educatifs","12":"product_cat-jouer","13":"product_cat-jouets-actifs","14":"product_cat-jouets-de-plein-air","15":"product_cat-jouets-en-bois","16":"product_cat-jeu-sensoriel","17":"product_cat-materiel-didactique","18":"product_cat-marques","19":"product_cat-nouveautes","20":"product_cat-sensorielles-motrices","21":"product_cat-tranche-dage","22":"product_tag-circuit-sur-planche-en-bois","23":"product_tag-erzi-huit-plat","24":"product_tag-erzi-jouets-fr","25":"product_tag-erzi-jouets-suisse-fr","26":"product_tag-erzi-schweiz-fr","27":"product_tag-erzi-shop-fr","28":"product_tag-erzi-spielzeug-fr","29":"product_tag-erzi-spielzeug-schweiz-fr","30":"product_tag-erzi-suisse-fr-2","31":"product_tag-erzi-switzerland-fr","32":"product_tag-erzi-toys-fr","33":"product_tag-jeu-actif-derzi","34":"product_tag-jeu-dequilibrage-erzi","35":"product_tag-jeu-de-coordination-en-bois","36":"product_tag-jeu-en-bois-en-forme-de-huit","37":"product_tag-jeu-en-forme-de-huit-plat","38":"product_tag-jouet-en-forme-de-huit-plat","39":"product_tag-planche-dequilibrage-erzi","40":"product_tag-planche-dexercice-erzi","41":"product_tag-planche-en-forme-de-huit","42":"product_tag-plateau-pour-bille-erzi","44":"first","45":"instock","46":"taxable","47":"shipping-taxable","48":"purchasable","49":"product-type-simple"},"yoast_head":"<!-- This site is optimized with the Yoast SEO plugin v27.1.1 - https:\/\/yoast.com\/product\/yoast-seo-wordpress\/ -->\n<title>Jeu d\u2019\u00e9quilibrage en forme de huit en bois - Erzi - Teia Education &amp; Play<\/title>\n<meta name=\"description\" content=\"Le panneau d\u2019\u00e9quilibrage en bois en forme de huit d\u2019Erzi est un jouet d\u2019exercice pour former la coordination yeux mains des enfants, la motricit\u00e9 et la concentration.\" \/>\n<meta name=\"robots\" content=\"index, follow, max-snippet:-1, max-image-preview:large, max-video-preview:-1\" \/>\n<link rel=\"canonical\" href=\"https:\/\/teiaeducation.ch\/fr\/produit\/jeu-dequilibrage-forme-huit-erzi\/\" \/>\n<meta property=\"og:locale\" content=\"fr_FR\" \/>\n<meta property=\"og:type\" content=\"article\" \/>\n<meta property=\"og:title\" content=\"Jeu d\u2019\u00e9quilibrage en forme de huit en bois - Erzi - Teia Education &amp; Play\" \/>\n<meta property=\"og:description\" content=\"Le panneau d\u2019\u00e9quilibrage en bois en forme de huit d\u2019Erzi est un jouet d\u2019exercice pour former la coordination yeux mains des enfants, la motricit\u00e9 et la concentration.\" \/>\n<meta property=\"og:url\" content=\"https:\/\/teiaeducation.ch\/fr\/produit\/jeu-dequilibrage-forme-huit-erzi\/\" \/>\n<meta property=\"og:site_name\" content=\"Sustainable Educational Products &amp; Ecological Toys\u00a0\" \/>\n<meta property=\"article:publisher\" content=\"https:\/\/www.facebook.com\/teiaeducation\/\" \/>\n<meta property=\"article:modified_time\" content=\"2025-03-21T13:12:43+00:00\" \/>\n<meta property=\"og:image\" content=\"https:\/\/teiaeducation.ch\/wp-content\/uploads\/2020\/09\/Wooden-lying-eight-balancing-game-Erzi.jpg\" \/>\n\t<meta property=\"og:image:width\" content=\"900\" \/>\n\t<meta property=\"og:image:height\" content=\"900\" \/>\n\t<meta property=\"og:image:type\" content=\"image\/jpeg\" \/>\n<script type=\"application\/ld+json\" class=\"yoast-schema-graph\">{\"@context\":\"https:\/\/schema.org\",\"@graph\":[{\"@type\":\"WebPage\",\"@id\":\"https:\/\/teiaeducation.ch\/fr\/produit\/jeu-dequilibrage-forme-huit-erzi\/\",\"url\":\"https:\/\/teiaeducation.ch\/fr\/produit\/jeu-dequilibrage-forme-huit-erzi\/\",\"name\":\"Jeu d\u2019\u00e9quilibrage en forme de huit en bois - Erzi - Teia Education & Play\",\"isPartOf\":{\"@id\":\"https:\/\/teiaeducation.ch\/fr\/#website\"},\"primaryImageOfPage\":{\"@id\":\"https:\/\/teiaeducation.ch\/fr\/produit\/jeu-dequilibrage-forme-huit-erzi\/#primaryimage\"},\"image\":{\"@id\":\"https:\/\/teiaeducation.ch\/fr\/produit\/jeu-dequilibrage-forme-huit-erzi\/#primaryimage\"},\"thumbnailUrl\":\"https:\/\/teiaeducation.ch\/wp-content\/uploads\/2020\/09\/Wooden-lying-eight-balancing-game-Erzi.jpg\",\"datePublished\":\"2020-10-18T17:06:41+00:00\",\"dateModified\":\"2025-03-21T13:12:43+00:00\",\"description\":\"Le panneau d\u2019\u00e9quilibrage en bois en forme de huit d\u2019Erzi est un jouet d\u2019exercice pour former la coordination yeux mains des enfants, la motricit\u00e9 et la concentration.\",\"breadcrumb\":{\"@id\":\"https:\/\/teiaeducation.ch\/fr\/produit\/jeu-dequilibrage-forme-huit-erzi\/#breadcrumb\"},\"inLanguage\":\"fr-FR\",\"potentialAction\":[{\"@type\":\"ReadAction\",\"target\":[\"https:\/\/teiaeducation.ch\/fr\/produit\/jeu-dequilibrage-forme-huit-erzi\/\"]}]},{\"@type\":\"ImageObject\",\"inLanguage\":\"fr-FR\",\"@id\":\"https:\/\/teiaeducation.ch\/fr\/produit\/jeu-dequilibrage-forme-huit-erzi\/#primaryimage\",\"url\":\"https:\/\/teiaeducation.ch\/wp-content\/uploads\/2020\/09\/Wooden-lying-eight-balancing-game-Erzi.jpg\",\"contentUrl\":\"https:\/\/teiaeducation.ch\/wp-content\/uploads\/2020\/09\/Wooden-lying-eight-balancing-game-Erzi.jpg\",\"width\":900,\"height\":900,\"caption\":\"Jeu d\u2019\u00e9quilibrage en forme de huit en bois - Erzi\"},{\"@type\":\"BreadcrumbList\",\"@id\":\"https:\/\/teiaeducation.ch\/fr\/produit\/jeu-dequilibrage-forme-huit-erzi\/#breadcrumb\",\"itemListElement\":[{\"@type\":\"ListItem\",\"position\":1,\"name\":\"Home\",\"item\":\"https:\/\/teiaeducation.ch\/fr\/\"},{\"@type\":\"ListItem\",\"position\":2,\"name\":\"Boutique Teia Education &amp; Play\",\"item\":\"https:\/\/teiaeducation.ch\/fr\/boutique\/\"},{\"@type\":\"ListItem\",\"position\":3,\"name\":\"Domaines du Curriculum\",\"item\":\"https:\/\/teiaeducation.ch\/fr\/categorie-produit\/domaines-du-curriculum\/\"},{\"@type\":\"ListItem\",\"position\":4,\"name\":\"Sensorielles &amp; Motrices\",\"item\":\"https:\/\/teiaeducation.ch\/fr\/categorie-produit\/domaines-du-curriculum\/sensorielles-motrices\/\"},{\"@type\":\"ListItem\",\"position\":5,\"name\":\"Comp\u00e9tences Motrices\",\"item\":\"https:\/\/teiaeducation.ch\/fr\/categorie-produit\/domaines-du-curriculum\/sensorielles-motrices\/competences-motrices\/\"},{\"@type\":\"ListItem\",\"position\":6,\"name\":\"Jeu d\u2019\u00e9quilibrage en forme de huit en bois &#8211; Erzi\"}]},{\"@type\":\"WebSite\",\"@id\":\"https:\/\/teiaeducation.ch\/fr\/#website\",\"url\":\"https:\/\/teiaeducation.ch\/fr\/\",\"name\":\"Sustainable Educational Products &amp; Ecological Toys\u00a0\",\"description\":\"Specialised Swiss shop selling sustainable educational toys and games, AMI certified Montessori materials, handmade ecological wooden Waldorf toys and arts &amp; crafts supplies, school supplies, children&#039;s furniture and Montessori reference and parenting books.\",\"publisher\":{\"@id\":\"https:\/\/teiaeducation.ch\/fr\/#organization\"},\"alternateName\":\"Teia Education & Play\",\"potentialAction\":[{\"@type\":\"SearchAction\",\"target\":{\"@type\":\"EntryPoint\",\"urlTemplate\":\"https:\/\/teiaeducation.ch\/fr\/?s={search_term_string}\"},\"query-input\":{\"@type\":\"PropertyValueSpecification\",\"valueRequired\":true,\"valueName\":\"search_term_string\"}}],\"inLanguage\":\"fr-FR\"},{\"@type\":\"Organization\",\"@id\":\"https:\/\/teiaeducation.ch\/fr\/#organization\",\"name\":\"Teia Education & Play\",\"url\":\"https:\/\/teiaeducation.ch\/fr\/\",\"logo\":{\"@type\":\"ImageObject\",\"inLanguage\":\"fr-FR\",\"@id\":\"https:\/\/teiaeducation.ch\/fr\/#\/schema\/logo\/image\/\",\"url\":\"https:\/\/teiaeducation.ch\/wp-content\/uploads\/2020\/11\/Teia-Education-Switzerland-e1620156442216.jpg\",\"contentUrl\":\"https:\/\/teiaeducation.ch\/wp-content\/uploads\/2020\/11\/Teia-Education-Switzerland-e1620156442216.jpg\",\"width\":166,\"height\":145,\"caption\":\"Teia Education & Play\"},\"image\":{\"@id\":\"https:\/\/teiaeducation.ch\/fr\/#\/schema\/logo\/image\/\"},\"sameAs\":[\"https:\/\/www.facebook.com\/teiaeducation\/\",\"https:\/\/x.com\/EducationTeia\",\"https:\/\/www.instagram.com\/teia.education\/\",\"https:\/\/www.linkedin.com\/company\/35501660\",\"https:\/\/www.pinterest.ch\/TeiaEducation\/\"]}]}<\/script>\n<!-- \/ Yoast SEO plugin. -->","yoast_head_json":{"title":"Jeu d\u2019\u00e9quilibrage en forme de huit en bois - Erzi - Teia Education & Play","description":"Le panneau d\u2019\u00e9quilibrage en bois en forme de huit d\u2019Erzi est un jouet d\u2019exercice pour former la coordination yeux mains des enfants, la motricit\u00e9 et la concentration.","robots":{"index":"index","follow":"follow","max-snippet":"max-snippet:-1","max-image-preview":"max-image-preview:large","max-video-preview":"max-video-preview:-1"},"canonical":"https:\/\/teiaeducation.ch\/fr\/produit\/jeu-dequilibrage-forme-huit-erzi\/","og_locale":"fr_FR","og_type":"article","og_title":"Jeu d\u2019\u00e9quilibrage en forme de huit en bois - Erzi - Teia Education & Play","og_description":"Le panneau d\u2019\u00e9quilibrage en bois en forme de huit d\u2019Erzi est un jouet d\u2019exercice pour former la coordination yeux mains des enfants, la motricit\u00e9 et la concentration.","og_url":"https:\/\/teiaeducation.ch\/fr\/produit\/jeu-dequilibrage-forme-huit-erzi\/","og_site_name":"Sustainable Educational Products &amp; Ecological Toys\u00a0","article_publisher":"https:\/\/www.facebook.com\/teiaeducation\/","article_modified_time":"2025-03-21T13:12:43+00:00","og_image":[{"width":900,"height":900,"url":"https:\/\/teiaeducation.ch\/wp-content\/uploads\/2020\/09\/Wooden-lying-eight-balancing-game-Erzi.jpg","type":"image\/jpeg"}],"schema":{"@context":"https:\/\/schema.org","@graph":[{"@type":"WebPage","@id":"https:\/\/teiaeducation.ch\/fr\/produit\/jeu-dequilibrage-forme-huit-erzi\/","url":"https:\/\/teiaeducation.ch\/fr\/produit\/jeu-dequilibrage-forme-huit-erzi\/","name":"Jeu d\u2019\u00e9quilibrage en forme de huit en bois - Erzi - Teia Education & Play","isPartOf":{"@id":"https:\/\/teiaeducation.ch\/fr\/#website"},"primaryImageOfPage":{"@id":"https:\/\/teiaeducation.ch\/fr\/produit\/jeu-dequilibrage-forme-huit-erzi\/#primaryimage"},"image":{"@id":"https:\/\/teiaeducation.ch\/fr\/produit\/jeu-dequilibrage-forme-huit-erzi\/#primaryimage"},"thumbnailUrl":"https:\/\/teiaeducation.ch\/wp-content\/uploads\/2020\/09\/Wooden-lying-eight-balancing-game-Erzi.jpg","datePublished":"2020-10-18T17:06:41+00:00","dateModified":"2025-03-21T13:12:43+00:00","description":"Le panneau d\u2019\u00e9quilibrage en bois en forme de huit d\u2019Erzi est un jouet d\u2019exercice pour former la coordination yeux mains des enfants, la motricit\u00e9 et la concentration.","breadcrumb":{"@id":"https:\/\/teiaeducation.ch\/fr\/produit\/jeu-dequilibrage-forme-huit-erzi\/#breadcrumb"},"inLanguage":"fr-FR","potentialAction":[{"@type":"ReadAction","target":["https:\/\/teiaeducation.ch\/fr\/produit\/jeu-dequilibrage-forme-huit-erzi\/"]}]},{"@type":"ImageObject","inLanguage":"fr-FR","@id":"https:\/\/teiaeducation.ch\/fr\/produit\/jeu-dequilibrage-forme-huit-erzi\/#primaryimage","url":"https:\/\/teiaeducation.ch\/wp-content\/uploads\/2020\/09\/Wooden-lying-eight-balancing-game-Erzi.jpg","contentUrl":"https:\/\/teiaeducation.ch\/wp-content\/uploads\/2020\/09\/Wooden-lying-eight-balancing-game-Erzi.jpg","width":900,"height":900,"caption":"Jeu d\u2019\u00e9quilibrage en forme de huit en bois - Erzi"},{"@type":"BreadcrumbList","@id":"https:\/\/teiaeducation.ch\/fr\/produit\/jeu-dequilibrage-forme-huit-erzi\/#breadcrumb","itemListElement":[{"@type":"ListItem","position":1,"name":"Home","item":"https:\/\/teiaeducation.ch\/fr\/"},{"@type":"ListItem","position":2,"name":"Boutique Teia Education &amp; Play","item":"https:\/\/teiaeducation.ch\/fr\/boutique\/"},{"@type":"ListItem","position":3,"name":"Domaines du Curriculum","item":"https:\/\/teiaeducation.ch\/fr\/categorie-produit\/domaines-du-curriculum\/"},{"@type":"ListItem","position":4,"name":"Sensorielles &amp; Motrices","item":"https:\/\/teiaeducation.ch\/fr\/categorie-produit\/domaines-du-curriculum\/sensorielles-motrices\/"},{"@type":"ListItem","position":5,"name":"Comp\u00e9tences Motrices","item":"https:\/\/teiaeducation.ch\/fr\/categorie-produit\/domaines-du-curriculum\/sensorielles-motrices\/competences-motrices\/"},{"@type":"ListItem","position":6,"name":"Jeu d\u2019\u00e9quilibrage en forme de huit en bois &#8211; Erzi"}]},{"@type":"WebSite","@id":"https:\/\/teiaeducation.ch\/fr\/#website","url":"https:\/\/teiaeducation.ch\/fr\/","name":"Sustainable Educational Products &amp; Ecological Toys\u00a0","description":"Specialised Swiss shop selling sustainable educational toys and games, AMI certified Montessori materials, handmade ecological wooden Waldorf toys and arts &amp; crafts supplies, school supplies, children&#039;s furniture and Montessori reference and parenting books.","publisher":{"@id":"https:\/\/teiaeducation.ch\/fr\/#organization"},"alternateName":"Teia Education & Play","potentialAction":[{"@type":"SearchAction","target":{"@type":"EntryPoint","urlTemplate":"https:\/\/teiaeducation.ch\/fr\/?s={search_term_string}"},"query-input":{"@type":"PropertyValueSpecification","valueRequired":true,"valueName":"search_term_string"}}],"inLanguage":"fr-FR"},{"@type":"Organization","@id":"https:\/\/teiaeducation.ch\/fr\/#organization","name":"Teia Education & Play","url":"https:\/\/teiaeducation.ch\/fr\/","logo":{"@type":"ImageObject","inLanguage":"fr-FR","@id":"https:\/\/teiaeducation.ch\/fr\/#\/schema\/logo\/image\/","url":"https:\/\/teiaeducation.ch\/wp-content\/uploads\/2020\/11\/Teia-Education-Switzerland-e1620156442216.jpg","contentUrl":"https:\/\/teiaeducation.ch\/wp-content\/uploads\/2020\/11\/Teia-Education-Switzerland-e1620156442216.jpg","width":166,"height":145,"caption":"Teia Education & Play"},"image":{"@id":"https:\/\/teiaeducation.ch\/fr\/#\/schema\/logo\/image\/"},"sameAs":["https:\/\/www.facebook.com\/teiaeducation\/","https:\/\/x.com\/EducationTeia","https:\/\/www.instagram.com\/teia.education\/","https:\/\/www.linkedin.com\/company\/35501660","https:\/\/www.pinterest.ch\/TeiaEducation\/"]}]}},"_links":{"self":[{"href":"https:\/\/teiaeducation.ch\/fr\/wp-json\/wp\/v2\/product\/31081","targetHints":{"allow":["GET"]}}],"collection":[{"href":"https:\/\/teiaeducation.ch\/fr\/wp-json\/wp\/v2\/product"}],"about":[{"href":"https:\/\/teiaeducation.ch\/fr\/wp-json\/wp\/v2\/types\/product"}],"replies":[{"embeddable":true,"href":"https:\/\/teiaeducation.ch\/fr\/wp-json\/wp\/v2\/comments?post=31081"}],"wp:featuredmedia":[{"embeddable":true,"href":"https:\/\/teiaeducation.ch\/fr\/wp-json\/wp\/v2\/media\/29815"}],"wp:attachment":[{"href":"https:\/\/teiaeducation.ch\/fr\/wp-json\/wp\/v2\/media?parent=31081"}],"wp:term":[{"taxonomy":"product_brand","embeddable":true,"href":"https:\/\/teiaeducation.ch\/fr\/wp-json\/wp\/v2\/product_brand?post=31081"},{"taxonomy":"product_cat","embeddable":true,"href":"https:\/\/teiaeducation.ch\/fr\/wp-json\/wp\/v2\/product_cat?post=31081"},{"taxonomy":"product_tag","embeddable":true,"href":"https:\/\/teiaeducation.ch\/fr\/wp-json\/wp\/v2\/product_tag?post=31081"}],"curies":[{"name":"wp","href":"https:\/\/api.w.org\/{rel}","templated":true}]}}