{"id":31083,"date":"2020-10-18T18:54:02","date_gmt":"2020-10-18T16:54:02","guid":{"rendered":"https:\/\/teiaeducation.ch\/product\/tours-dequilibrage-en-bois-erzi\/"},"modified":"2025-10-01T11:20:44","modified_gmt":"2025-10-01T09:20:44","slug":"tours-equilibrage-bois-erzi","status":"publish","type":"product","link":"https:\/\/teiaeducation.ch\/fr\/produit\/tours-equilibrage-bois-erzi\/","title":{"rendered":"Tours d\u2019\u00e9quilibrage en bois &#8211; Erzi"},"content":{"rendered":"<p>Tours d\u2019\u00e9quilibrage en bois \/ Jeu &#8211; Erzi<\/p>\n<p>Ce jeu super de tours d\u2019\u00e9quilibrage en bois d\u2019Erzi est un d\u00e9fi amusant et actif <a href=\"https:\/\/teiaeducation.ch\/product-category\/play\/stacking-toys\/\">d\u2019empilage et d\u2019\u00e9quilibre<\/a> pour 2 joueurs ou \u00e9quipes en relais.<\/p>\n<p>Vous devez \u00e9quilibrer votre tour et arriver \u00e0 la ligne d\u2019arriv\u00e9e en premier avec habilet\u00e9 et vitesse sans que la tour ne tombe! La corde de traction permet de redresser l&#8217;\u00e9chafaudage tomb\u00e9, mais ne peut \u00eatre utilis\u00e9e que pour remettre l&#8217;\u00e9chafaudage \u00e0 l&#8217;endroit avant de recommencer ou apr\u00e8s un accident de parcours.<\/p>\n<p>Grand jeu sensoriel pour am\u00e9liorer les habilet\u00e9s motrices brutes, l\u2019\u00e9quilibre et la coordination ainsi que la promotion de l\u2019activit\u00e9 physique et le jeu.<\/p>\n<p>Fabriqu\u00e9 en Allemagne \u00e0 partir de bois de h\u00eatre et fini dans la peinture s\u00fbre, non toxique, \u00e0 base d\u2019eau, le jeu de tours d\u2019\u00e9quilibrage en bois Erzi est recommand\u00e9 pour les enfants \u00e2g\u00e9s de 4 ans et plus.<\/p>\n<p>La gamme compl\u00e8te de produits Erzi porte le sceau distinctif de qualit\u00e9 \u00ab made in Germany \u00bb, provenant, comme il le dit, des montagnes de minerai de l\u2019Allemagne.<\/p>\n<p>Erzi utilise du bois d\u2019origine locale certifi\u00e9 et am\u00e9lior\u00e9 par le label Forest Stewardship Council (FSC) pour la cr\u00e9ation de leurs jouets. Toutes les finitions, telles que les peintures \u00e0 base d\u2019eau et les vernis, ne sont pas toxiques et chaque produit Erzi est conforme au plus haut niveau de s\u00e9curit\u00e9 des jouets. Les produits de jeu et d\u2019apprentissage Erzi de haute qualit\u00e9 se distinguent par une grande diversit\u00e9 de formes et de couleurs naturelles et sont durables et \u00e9cologiques.<\/p>\n<p>Contenu :<\/p>\n<p>2 tours d\u2019\u00e9quilibrage en bois<\/p>\n","protected":false},"excerpt":{"rendered":"<p>Num\u00e9ro d\u2019article: 44330<\/p>\n<p>Ce jeu super en bois de tours d\u2019\u00e9quilibrage d\u2019Erzi est un d\u00e9fi amusant et actif d\u2019empilage et d\u2019\u00e9quilibre pour 2 joueurs ou \u00e9quipes en relais. Id\u00e9al pour le jeu sensoriel pour am\u00e9liorer les habilet\u00e9s motrices brutes, l\u2019\u00e9quilibre et la coordination!<\/p>\n","protected":false},"featured_media":29808,"comment_status":"open","ping_status":"closed","template":"","meta":[],"product_brand":[],"product_cat":[215,216,635,283,17209,16897,13130,13144,18969,23020,13142,17211,217,5851,209,212],"product_tag":[23586,23588,23585,23583,23587,23589,17245,23584,23590,17296,17294,17292,17295,17272,17293,17291],"class_list":{"0":"post-31083","1":"product","2":"type-product","3":"status-publish","4":"has-post-thumbnail","6":"product_cat-3-6-ans","7":"product_cat-6-12-ans","8":"product_cat-competences-motrices","9":"product_cat-domaines-du-curriculum","10":"product_cat-erzi-fr","11":"product_cat-guide-cadeau-6-12-ans","12":"product_cat-jouer","13":"product_cat-jouets-a-empiler","14":"product_cat-jouets-actifs","15":"product_cat-jouets-en-bois","16":"product_cat-jeu-sensoriel","17":"product_cat-materiel-didactique","18":"product_cat-marques","19":"product_cat-nouveautes","20":"product_cat-sensorielles-motrices","21":"product_cat-tranche-dage","22":"product_tag-erzi-jouets-fr","23":"product_tag-erzi-jouets-suisse-fr","24":"product_tag-erzi-schweiz-fr","25":"product_tag-erzi-shop-fr","26":"product_tag-erzi-spielzeug-fr","27":"product_tag-erzi-spielzeug-schweiz-fr","28":"product_tag-erzi-suisse-fr-2","29":"product_tag-erzi-switzerland-fr","30":"product_tag-erzi-toys-fr","31":"product_tag-jeu-actif-derzi-fr-2","32":"product_tag-jeu-dequilibrage-fr","33":"product_tag-jeu-dequilibrage","34":"product_tag-jeu-dequilibrage-en-bois","35":"product_tag-jeu-dequilibrage-erzi","36":"product_tag-jeu-de-relais","37":"product_tag-tours-dequilibrage-derzi","39":"first","40":"instock","41":"taxable","42":"shipping-taxable","43":"purchasable","44":"product-type-simple"},"yoast_head":"<!-- This site is optimized with the Yoast SEO plugin v27.1.1 - https:\/\/yoast.com\/product\/yoast-seo-wordpress\/ -->\n<title>Tours d\u2019\u00e9quilibrage en bois - Erzi - Teia Education &amp; Play<\/title>\n<meta name=\"description\" content=\"Le jeu Erzi de tours d\u2019\u00e9quilibrage en bois est un d\u00e9fi actif et amusant pour am\u00e9liorer les habilet\u00e9s motrices brutes, l\u2019\u00e9quilibre et la coordination \u00e0 partir de 4 ans.\" \/>\n<meta name=\"robots\" content=\"index, follow, max-snippet:-1, max-image-preview:large, max-video-preview:-1\" \/>\n<link rel=\"canonical\" href=\"https:\/\/teiaeducation.ch\/fr\/produit\/tours-equilibrage-bois-erzi\/\" \/>\n<meta property=\"og:locale\" content=\"fr_FR\" \/>\n<meta property=\"og:type\" content=\"article\" \/>\n<meta property=\"og:title\" content=\"Tours d\u2019\u00e9quilibrage en bois - Erzi - Teia Education &amp; Play\" \/>\n<meta property=\"og:description\" content=\"Le jeu Erzi de tours d\u2019\u00e9quilibrage en bois est un d\u00e9fi actif et amusant pour am\u00e9liorer les habilet\u00e9s motrices brutes, l\u2019\u00e9quilibre et la coordination \u00e0 partir de 4 ans.\" \/>\n<meta property=\"og:url\" content=\"https:\/\/teiaeducation.ch\/fr\/produit\/tours-equilibrage-bois-erzi\/\" \/>\n<meta property=\"og:site_name\" content=\"Sustainable Educational Products &amp; Ecological Toys\u00a0\" \/>\n<meta property=\"article:publisher\" content=\"https:\/\/www.facebook.com\/teiaeducation\/\" \/>\n<meta property=\"article:modified_time\" content=\"2025-10-01T09:20:44+00:00\" \/>\n<meta property=\"og:image\" content=\"https:\/\/teiaeducation.ch\/wp-content\/uploads\/2020\/09\/Wooden-balancing-towers-game-Erzi-scaled.jpg\" \/>\n\t<meta property=\"og:image:width\" content=\"900\" \/>\n\t<meta property=\"og:image:height\" content=\"900\" \/>\n\t<meta property=\"og:image:type\" content=\"image\/jpeg\" \/>\n<script type=\"application\/ld+json\" class=\"yoast-schema-graph\">{\"@context\":\"https:\/\/schema.org\",\"@graph\":[{\"@type\":\"WebPage\",\"@id\":\"https:\/\/teiaeducation.ch\/fr\/produit\/tours-equilibrage-bois-erzi\/\",\"url\":\"https:\/\/teiaeducation.ch\/fr\/produit\/tours-equilibrage-bois-erzi\/\",\"name\":\"Tours d\u2019\u00e9quilibrage en bois - Erzi - Teia Education & Play\",\"isPartOf\":{\"@id\":\"https:\/\/teiaeducation.ch\/fr\/#website\"},\"primaryImageOfPage\":{\"@id\":\"https:\/\/teiaeducation.ch\/fr\/produit\/tours-equilibrage-bois-erzi\/#primaryimage\"},\"image\":{\"@id\":\"https:\/\/teiaeducation.ch\/fr\/produit\/tours-equilibrage-bois-erzi\/#primaryimage\"},\"thumbnailUrl\":\"https:\/\/teiaeducation.ch\/wp-content\/uploads\/2020\/09\/Wooden-balancing-towers-game-Erzi-scaled.jpg\",\"datePublished\":\"2020-10-18T16:54:02+00:00\",\"dateModified\":\"2025-10-01T09:20:44+00:00\",\"description\":\"Le jeu Erzi de tours d\u2019\u00e9quilibrage en bois est un d\u00e9fi actif et amusant pour am\u00e9liorer les habilet\u00e9s motrices brutes, l\u2019\u00e9quilibre et la coordination \u00e0 partir de 4 ans.\",\"breadcrumb\":{\"@id\":\"https:\/\/teiaeducation.ch\/fr\/produit\/tours-equilibrage-bois-erzi\/#breadcrumb\"},\"inLanguage\":\"fr-FR\",\"potentialAction\":[{\"@type\":\"ReadAction\",\"target\":[\"https:\/\/teiaeducation.ch\/fr\/produit\/tours-equilibrage-bois-erzi\/\"]}]},{\"@type\":\"ImageObject\",\"inLanguage\":\"fr-FR\",\"@id\":\"https:\/\/teiaeducation.ch\/fr\/produit\/tours-equilibrage-bois-erzi\/#primaryimage\",\"url\":\"https:\/\/teiaeducation.ch\/wp-content\/uploads\/2020\/09\/Wooden-balancing-towers-game-Erzi-scaled.jpg\",\"contentUrl\":\"https:\/\/teiaeducation.ch\/wp-content\/uploads\/2020\/09\/Wooden-balancing-towers-game-Erzi-scaled.jpg\",\"width\":900,\"height\":900,\"caption\":\"Jeu de tours d\u2019\u00e9quilibrage en bois - Erzi\"},{\"@type\":\"BreadcrumbList\",\"@id\":\"https:\/\/teiaeducation.ch\/fr\/produit\/tours-equilibrage-bois-erzi\/#breadcrumb\",\"itemListElement\":[{\"@type\":\"ListItem\",\"position\":1,\"name\":\"Home\",\"item\":\"https:\/\/teiaeducation.ch\/fr\/\"},{\"@type\":\"ListItem\",\"position\":2,\"name\":\"Boutique Teia Education &amp; Play\",\"item\":\"https:\/\/teiaeducation.ch\/fr\/boutique\/\"},{\"@type\":\"ListItem\",\"position\":3,\"name\":\"Domaines du Curriculum\",\"item\":\"https:\/\/teiaeducation.ch\/fr\/categorie-produit\/domaines-du-curriculum\/\"},{\"@type\":\"ListItem\",\"position\":4,\"name\":\"Sensorielles &amp; Motrices\",\"item\":\"https:\/\/teiaeducation.ch\/fr\/categorie-produit\/domaines-du-curriculum\/sensorielles-motrices\/\"},{\"@type\":\"ListItem\",\"position\":5,\"name\":\"Comp\u00e9tences Motrices\",\"item\":\"https:\/\/teiaeducation.ch\/fr\/categorie-produit\/domaines-du-curriculum\/sensorielles-motrices\/competences-motrices\/\"},{\"@type\":\"ListItem\",\"position\":6,\"name\":\"Tours d\u2019\u00e9quilibrage en bois &#8211; Erzi\"}]},{\"@type\":\"WebSite\",\"@id\":\"https:\/\/teiaeducation.ch\/fr\/#website\",\"url\":\"https:\/\/teiaeducation.ch\/fr\/\",\"name\":\"Sustainable Educational Products &amp; Ecological Toys\u00a0\",\"description\":\"Specialised Swiss shop selling sustainable educational toys and games, AMI certified Montessori materials, handmade ecological wooden Waldorf toys and arts &amp; crafts supplies, school supplies, children&#039;s furniture and Montessori reference and parenting books.\",\"publisher\":{\"@id\":\"https:\/\/teiaeducation.ch\/fr\/#organization\"},\"alternateName\":\"Teia Education & Play\",\"potentialAction\":[{\"@type\":\"SearchAction\",\"target\":{\"@type\":\"EntryPoint\",\"urlTemplate\":\"https:\/\/teiaeducation.ch\/fr\/?s={search_term_string}\"},\"query-input\":{\"@type\":\"PropertyValueSpecification\",\"valueRequired\":true,\"valueName\":\"search_term_string\"}}],\"inLanguage\":\"fr-FR\"},{\"@type\":\"Organization\",\"@id\":\"https:\/\/teiaeducation.ch\/fr\/#organization\",\"name\":\"Teia Education & Play\",\"url\":\"https:\/\/teiaeducation.ch\/fr\/\",\"logo\":{\"@type\":\"ImageObject\",\"inLanguage\":\"fr-FR\",\"@id\":\"https:\/\/teiaeducation.ch\/fr\/#\/schema\/logo\/image\/\",\"url\":\"https:\/\/teiaeducation.ch\/wp-content\/uploads\/2020\/11\/Teia-Education-Switzerland-e1620156442216.jpg\",\"contentUrl\":\"https:\/\/teiaeducation.ch\/wp-content\/uploads\/2020\/11\/Teia-Education-Switzerland-e1620156442216.jpg\",\"width\":166,\"height\":145,\"caption\":\"Teia Education & Play\"},\"image\":{\"@id\":\"https:\/\/teiaeducation.ch\/fr\/#\/schema\/logo\/image\/\"},\"sameAs\":[\"https:\/\/www.facebook.com\/teiaeducation\/\",\"https:\/\/x.com\/EducationTeia\",\"https:\/\/www.instagram.com\/teia.education\/\",\"https:\/\/www.linkedin.com\/company\/35501660\",\"https:\/\/www.pinterest.ch\/TeiaEducation\/\"]}]}<\/script>\n<!-- \/ Yoast SEO plugin. -->","yoast_head_json":{"title":"Tours d\u2019\u00e9quilibrage en bois - Erzi - Teia Education & Play","description":"Le jeu Erzi de tours d\u2019\u00e9quilibrage en bois est un d\u00e9fi actif et amusant pour am\u00e9liorer les habilet\u00e9s motrices brutes, l\u2019\u00e9quilibre et la coordination \u00e0 partir de 4 ans.","robots":{"index":"index","follow":"follow","max-snippet":"max-snippet:-1","max-image-preview":"max-image-preview:large","max-video-preview":"max-video-preview:-1"},"canonical":"https:\/\/teiaeducation.ch\/fr\/produit\/tours-equilibrage-bois-erzi\/","og_locale":"fr_FR","og_type":"article","og_title":"Tours d\u2019\u00e9quilibrage en bois - Erzi - Teia Education & Play","og_description":"Le jeu Erzi de tours d\u2019\u00e9quilibrage en bois est un d\u00e9fi actif et amusant pour am\u00e9liorer les habilet\u00e9s motrices brutes, l\u2019\u00e9quilibre et la coordination \u00e0 partir de 4 ans.","og_url":"https:\/\/teiaeducation.ch\/fr\/produit\/tours-equilibrage-bois-erzi\/","og_site_name":"Sustainable Educational Products &amp; Ecological Toys\u00a0","article_publisher":"https:\/\/www.facebook.com\/teiaeducation\/","article_modified_time":"2025-10-01T09:20:44+00:00","og_image":[{"width":900,"height":900,"url":"https:\/\/teiaeducation.ch\/wp-content\/uploads\/2020\/09\/Wooden-balancing-towers-game-Erzi-scaled.jpg","type":"image\/jpeg"}],"schema":{"@context":"https:\/\/schema.org","@graph":[{"@type":"WebPage","@id":"https:\/\/teiaeducation.ch\/fr\/produit\/tours-equilibrage-bois-erzi\/","url":"https:\/\/teiaeducation.ch\/fr\/produit\/tours-equilibrage-bois-erzi\/","name":"Tours d\u2019\u00e9quilibrage en bois - Erzi - Teia Education & Play","isPartOf":{"@id":"https:\/\/teiaeducation.ch\/fr\/#website"},"primaryImageOfPage":{"@id":"https:\/\/teiaeducation.ch\/fr\/produit\/tours-equilibrage-bois-erzi\/#primaryimage"},"image":{"@id":"https:\/\/teiaeducation.ch\/fr\/produit\/tours-equilibrage-bois-erzi\/#primaryimage"},"thumbnailUrl":"https:\/\/teiaeducation.ch\/wp-content\/uploads\/2020\/09\/Wooden-balancing-towers-game-Erzi-scaled.jpg","datePublished":"2020-10-18T16:54:02+00:00","dateModified":"2025-10-01T09:20:44+00:00","description":"Le jeu Erzi de tours d\u2019\u00e9quilibrage en bois est un d\u00e9fi actif et amusant pour am\u00e9liorer les habilet\u00e9s motrices brutes, l\u2019\u00e9quilibre et la coordination \u00e0 partir de 4 ans.","breadcrumb":{"@id":"https:\/\/teiaeducation.ch\/fr\/produit\/tours-equilibrage-bois-erzi\/#breadcrumb"},"inLanguage":"fr-FR","potentialAction":[{"@type":"ReadAction","target":["https:\/\/teiaeducation.ch\/fr\/produit\/tours-equilibrage-bois-erzi\/"]}]},{"@type":"ImageObject","inLanguage":"fr-FR","@id":"https:\/\/teiaeducation.ch\/fr\/produit\/tours-equilibrage-bois-erzi\/#primaryimage","url":"https:\/\/teiaeducation.ch\/wp-content\/uploads\/2020\/09\/Wooden-balancing-towers-game-Erzi-scaled.jpg","contentUrl":"https:\/\/teiaeducation.ch\/wp-content\/uploads\/2020\/09\/Wooden-balancing-towers-game-Erzi-scaled.jpg","width":900,"height":900,"caption":"Jeu de tours d\u2019\u00e9quilibrage en bois - Erzi"},{"@type":"BreadcrumbList","@id":"https:\/\/teiaeducation.ch\/fr\/produit\/tours-equilibrage-bois-erzi\/#breadcrumb","itemListElement":[{"@type":"ListItem","position":1,"name":"Home","item":"https:\/\/teiaeducation.ch\/fr\/"},{"@type":"ListItem","position":2,"name":"Boutique Teia Education &amp; Play","item":"https:\/\/teiaeducation.ch\/fr\/boutique\/"},{"@type":"ListItem","position":3,"name":"Domaines du Curriculum","item":"https:\/\/teiaeducation.ch\/fr\/categorie-produit\/domaines-du-curriculum\/"},{"@type":"ListItem","position":4,"name":"Sensorielles &amp; Motrices","item":"https:\/\/teiaeducation.ch\/fr\/categorie-produit\/domaines-du-curriculum\/sensorielles-motrices\/"},{"@type":"ListItem","position":5,"name":"Comp\u00e9tences Motrices","item":"https:\/\/teiaeducation.ch\/fr\/categorie-produit\/domaines-du-curriculum\/sensorielles-motrices\/competences-motrices\/"},{"@type":"ListItem","position":6,"name":"Tours d\u2019\u00e9quilibrage en bois &#8211; Erzi"}]},{"@type":"WebSite","@id":"https:\/\/teiaeducation.ch\/fr\/#website","url":"https:\/\/teiaeducation.ch\/fr\/","name":"Sustainable Educational Products &amp; Ecological Toys\u00a0","description":"Specialised Swiss shop selling sustainable educational toys and games, AMI certified Montessori materials, handmade ecological wooden Waldorf toys and arts &amp; crafts supplies, school supplies, children&#039;s furniture and Montessori reference and parenting books.","publisher":{"@id":"https:\/\/teiaeducation.ch\/fr\/#organization"},"alternateName":"Teia Education & Play","potentialAction":[{"@type":"SearchAction","target":{"@type":"EntryPoint","urlTemplate":"https:\/\/teiaeducation.ch\/fr\/?s={search_term_string}"},"query-input":{"@type":"PropertyValueSpecification","valueRequired":true,"valueName":"search_term_string"}}],"inLanguage":"fr-FR"},{"@type":"Organization","@id":"https:\/\/teiaeducation.ch\/fr\/#organization","name":"Teia Education & Play","url":"https:\/\/teiaeducation.ch\/fr\/","logo":{"@type":"ImageObject","inLanguage":"fr-FR","@id":"https:\/\/teiaeducation.ch\/fr\/#\/schema\/logo\/image\/","url":"https:\/\/teiaeducation.ch\/wp-content\/uploads\/2020\/11\/Teia-Education-Switzerland-e1620156442216.jpg","contentUrl":"https:\/\/teiaeducation.ch\/wp-content\/uploads\/2020\/11\/Teia-Education-Switzerland-e1620156442216.jpg","width":166,"height":145,"caption":"Teia Education & Play"},"image":{"@id":"https:\/\/teiaeducation.ch\/fr\/#\/schema\/logo\/image\/"},"sameAs":["https:\/\/www.facebook.com\/teiaeducation\/","https:\/\/x.com\/EducationTeia","https:\/\/www.instagram.com\/teia.education\/","https:\/\/www.linkedin.com\/company\/35501660","https:\/\/www.pinterest.ch\/TeiaEducation\/"]}]}},"_links":{"self":[{"href":"https:\/\/teiaeducation.ch\/fr\/wp-json\/wp\/v2\/product\/31083","targetHints":{"allow":["GET"]}}],"collection":[{"href":"https:\/\/teiaeducation.ch\/fr\/wp-json\/wp\/v2\/product"}],"about":[{"href":"https:\/\/teiaeducation.ch\/fr\/wp-json\/wp\/v2\/types\/product"}],"replies":[{"embeddable":true,"href":"https:\/\/teiaeducation.ch\/fr\/wp-json\/wp\/v2\/comments?post=31083"}],"wp:featuredmedia":[{"embeddable":true,"href":"https:\/\/teiaeducation.ch\/fr\/wp-json\/wp\/v2\/media\/29808"}],"wp:attachment":[{"href":"https:\/\/teiaeducation.ch\/fr\/wp-json\/wp\/v2\/media?parent=31083"}],"wp:term":[{"taxonomy":"product_brand","embeddable":true,"href":"https:\/\/teiaeducation.ch\/fr\/wp-json\/wp\/v2\/product_brand?post=31083"},{"taxonomy":"product_cat","embeddable":true,"href":"https:\/\/teiaeducation.ch\/fr\/wp-json\/wp\/v2\/product_cat?post=31083"},{"taxonomy":"product_tag","embeddable":true,"href":"https:\/\/teiaeducation.ch\/fr\/wp-json\/wp\/v2\/product_tag?post=31083"}],"curies":[{"name":"wp","href":"https:\/\/api.w.org\/{rel}","templated":true}]}}