{"id":31093,"date":"2020-10-18T17:50:22","date_gmt":"2020-10-18T15:50:22","guid":{"rendered":"https:\/\/teiaeducation.ch\/product\/lettre-minuscules-tactiles-en-bois-erzi\/"},"modified":"2025-01-08T22:22:33","modified_gmt":"2025-01-08T21:22:33","slug":"lettres-minuscules-tactiles-bois-erzi","status":"publish","type":"product","link":"https:\/\/teiaeducation.ch\/fr\/produit\/lettres-minuscules-tactiles-bois-erzi\/","title":{"rendered":"Lettre minuscules tactiles en bois &#8211; Erzi"},"content":{"rendered":"<p>Lettre minuscules tactiles en bois \/\u00a0Jeu \u00e9ducatif tactile en bois &#8211; Erzi<\/p>\n<p>Ce jeu \u00e9ducatif\u00a0tactile Erzi comporte de 29 planches de <a href=\"https:\/\/teiaeducation.ch\/fr\/categorie-produit\/domaines-du-curriculum\/alphabetisation-langage\/des-lettres\/\">lettres<\/a> en bois, y compris a,o &amp; u avec umlauts pour l\u2019apprentissage pratique de l\u2019alphabet.<\/p>\n<p>Les lettres minuscules tactiles ont \u00e9t\u00e9 sculpt\u00e9es dans chaque planche en bois afin que les enfants puissent les sentir, les tracer, les copier et les organiser pour un apprentissage amusant et approfondi. Ce mat\u00e9riel d\u2019alphab\u00e9tisation et d\u2019apprentissage des langues pour la pratique pr\u00e9scolaire, de pr\u00e9-lecture et de pr\u00e9-\u00e9criture peut \u00e9galement \u00eatre utilis\u00e9 dans l\u2019\u00e9ducation sp\u00e9cialis\u00e9e pour les malvoyants et les aveugles, car le point de marquage en bas \u00e0 droite de chaque planche en bois garantit que vous tenez la lettre dans le bon sens.<\/p>\n<p>Fabriqu\u00e9 en Allemagne \u00e0 partir de bois de bouleau et fini dans la peinture s\u00fbre, non toxique, \u00e0 base d\u2019eau, chaque panneau tactile mesure 7 x 5 x 0,4 cm.<\/p>\n<p>La gamme compl\u00e8te de produits Erzi porte le sceau distinctif de qualit\u00e9 \u00ab made in Germany \u00bb, provenant, comme ils le font, des monts M\u00e9tallif\u00e8res d&#8217;Allemagne.<\/p>\n<p>Erzi utilise du bois d\u2019origine locale certifi\u00e9 et am\u00e9lior\u00e9 par le label Forest Stewardship Council (FSC) pour la cr\u00e9ation de leurs jouets. Toutes les finitions, telles que les peintures \u00e0 base d\u2019eau et les vernis, ne sont pas toxiques et chaque produit Erzi est conforme au plus haut niveau de s\u00e9curit\u00e9 des jouets. Les produits de jeu et d\u2019apprentissage Erzi de haute qualit\u00e9 se distinguent par une grande diversit\u00e9 de formes et de couleurs naturelles et sont durables et \u00e9cologiques.<\/p>\n<p>L\u2019ensemble de lettres minuscules tactiles en bois d\u2019Erzi est recommand\u00e9 pour les enfants \u00e2g\u00e9s de 4 ans et plus.<\/p>\n<p>Contenu:<\/p>\n<p>29 planches tactiles en bois de lettres minuscules<br \/>\nUne bo\u00eete de stockage<\/p>\n","protected":false},"excerpt":{"rendered":"<p>Num\u00e9ro d\u2019article: 42022<\/p>\n<p>Ce jeu \u00e9ducatif\u00a0tactile Erzi comporte de 29 planches de lettres en bois, y compris a,o &amp; u avec umlauts pour l\u2019apprentissage pratique de l\u2019alphabet.<\/p>\n","protected":false},"featured_media":29510,"comment_status":"open","ping_status":"closed","template":"","meta":[],"product_brand":[],"product_cat":[8527,215,285,606,605,22032,22344,283,17209,8526,17239,21257,13130,22181,1220,23650,638,607,17211,7595,1218,217,5851,209,212],"product_tag":[8562,17248,17321,17247,23585,17245,23584,17317,17322,17319,17320,17318,17316],"class_list":{"0":"post-31093","1":"product","2":"type-product","3":"status-publish","4":"has-post-thumbnail","6":"product_cat-3-6-ans-ecole-a-domicile","7":"product_cat-3-6-ans","8":"product_cat-alphabetisation-langage","9":"product_cat-apprendre-a-ecrire","10":"product_cat-apprendre-a-lire","11":"product_cat-cadeaux-du-calendrier-de-lavent-et-de-noel","12":"product_cat-collections-saisonnieres","13":"product_cat-domaines-du-curriculum","14":"product_cat-erzi-fr","15":"product_cat-fournitures-scolaires-a-domicile","16":"product_cat-guide-cadeaux-educatifs","17":"product_cat-guides-cadeaux","18":"product_cat-jouer","19":"product_cat-jouets-montessori","20":"product_cat-traditionnelle","21":"product_cat-la-rentree-scolaire","22":"product_cat-sens","23":"product_cat-des-lettres","24":"product_cat-materiel-didactique","25":"product_cat-methode-deducation","26":"product_cat-montessori-fr","27":"product_cat-marques","28":"product_cat-nouveautes","29":"product_cat-sensorielles-motrices","30":"product_cat-tranche-dage","31":"product_tag-apprentissage-de-lalphabet","32":"product_tag-erzi-jeux-educatifs","33":"product_tag-erzi-lettres-minuscules","34":"product_tag-erzi-materiel-dapprentissage","35":"product_tag-erzi-schweiz-fr","36":"product_tag-erzi-suisse-fr-2","37":"product_tag-erzi-switzerland-fr","38":"product_tag-jeu-de-lettres-erzi","39":"product_tag-jeu-de-lettres-minuscules","40":"product_tag-lettres-a-tracer","41":"product_tag-lettres-en-bois","42":"product_tag-lettres-tactiles","43":"product_tag-materiel-dalphabetisation","45":"first","46":"instock","47":"taxable","48":"shipping-taxable","49":"purchasable","50":"product-type-simple"},"yoast_head":"<!-- This site is optimized with the Yoast SEO plugin v27.1.1 - https:\/\/yoast.com\/product\/yoast-seo-wordpress\/ -->\n<title>Lettre minuscules tactiles en bois - Erzi - Teia Education &amp; Play<\/title>\n<meta name=\"description\" content=\"Ce jeu \u00e9ducatif\u00a0tactile Erzi comporte de 29 planches de lettres minuscules en bois pour l\u2019apprentissage pratique de l\u2019alphabet pour jeunes enfants.\" \/>\n<meta name=\"robots\" content=\"index, follow, max-snippet:-1, max-image-preview:large, max-video-preview:-1\" \/>\n<link rel=\"canonical\" href=\"https:\/\/teiaeducation.ch\/fr\/produit\/lettres-minuscules-tactiles-bois-erzi\/\" \/>\n<meta property=\"og:locale\" content=\"fr_FR\" \/>\n<meta property=\"og:type\" content=\"article\" \/>\n<meta property=\"og:title\" content=\"Lettre minuscules tactiles en bois - Erzi - Teia Education &amp; Play\" \/>\n<meta property=\"og:description\" content=\"Ce jeu \u00e9ducatif\u00a0tactile Erzi comporte de 29 planches de lettres minuscules en bois pour l\u2019apprentissage pratique de l\u2019alphabet pour jeunes enfants.\" \/>\n<meta property=\"og:url\" content=\"https:\/\/teiaeducation.ch\/fr\/produit\/lettres-minuscules-tactiles-bois-erzi\/\" \/>\n<meta property=\"og:site_name\" content=\"Sustainable Educational Products &amp; Ecological Toys\u00a0\" \/>\n<meta property=\"article:publisher\" content=\"https:\/\/www.facebook.com\/teiaeducation\/\" \/>\n<meta property=\"article:modified_time\" content=\"2025-01-08T21:22:33+00:00\" \/>\n<meta property=\"og:image\" content=\"https:\/\/teiaeducation.ch\/wp-content\/uploads\/2020\/09\/Wooden-tactile-letters-lowercase-Erzi.jpg\" \/>\n\t<meta property=\"og:image:width\" content=\"900\" \/>\n\t<meta property=\"og:image:height\" content=\"900\" \/>\n\t<meta property=\"og:image:type\" content=\"image\/jpeg\" \/>\n<script type=\"application\/ld+json\" class=\"yoast-schema-graph\">{\"@context\":\"https:\/\/schema.org\",\"@graph\":[{\"@type\":\"WebPage\",\"@id\":\"https:\/\/teiaeducation.ch\/fr\/produit\/lettres-minuscules-tactiles-bois-erzi\/\",\"url\":\"https:\/\/teiaeducation.ch\/fr\/produit\/lettres-minuscules-tactiles-bois-erzi\/\",\"name\":\"Lettre minuscules tactiles en bois - Erzi - Teia Education & Play\",\"isPartOf\":{\"@id\":\"https:\/\/teiaeducation.ch\/fr\/#website\"},\"primaryImageOfPage\":{\"@id\":\"https:\/\/teiaeducation.ch\/fr\/produit\/lettres-minuscules-tactiles-bois-erzi\/#primaryimage\"},\"image\":{\"@id\":\"https:\/\/teiaeducation.ch\/fr\/produit\/lettres-minuscules-tactiles-bois-erzi\/#primaryimage\"},\"thumbnailUrl\":\"https:\/\/teiaeducation.ch\/wp-content\/uploads\/2020\/09\/Wooden-tactile-letters-lowercase-Erzi.jpg\",\"datePublished\":\"2020-10-18T15:50:22+00:00\",\"dateModified\":\"2025-01-08T21:22:33+00:00\",\"description\":\"Ce jeu \u00e9ducatif\u00a0tactile Erzi comporte de 29 planches de lettres minuscules en bois pour l\u2019apprentissage pratique de l\u2019alphabet pour jeunes enfants.\",\"breadcrumb\":{\"@id\":\"https:\/\/teiaeducation.ch\/fr\/produit\/lettres-minuscules-tactiles-bois-erzi\/#breadcrumb\"},\"inLanguage\":\"fr-FR\",\"potentialAction\":[{\"@type\":\"ReadAction\",\"target\":[\"https:\/\/teiaeducation.ch\/fr\/produit\/lettres-minuscules-tactiles-bois-erzi\/\"]}]},{\"@type\":\"ImageObject\",\"inLanguage\":\"fr-FR\",\"@id\":\"https:\/\/teiaeducation.ch\/fr\/produit\/lettres-minuscules-tactiles-bois-erzi\/#primaryimage\",\"url\":\"https:\/\/teiaeducation.ch\/wp-content\/uploads\/2020\/09\/Wooden-tactile-letters-lowercase-Erzi.jpg\",\"contentUrl\":\"https:\/\/teiaeducation.ch\/wp-content\/uploads\/2020\/09\/Wooden-tactile-letters-lowercase-Erzi.jpg\",\"width\":900,\"height\":900,\"caption\":\"Lettres minuscules tactiles en bois - Erzi\"},{\"@type\":\"BreadcrumbList\",\"@id\":\"https:\/\/teiaeducation.ch\/fr\/produit\/lettres-minuscules-tactiles-bois-erzi\/#breadcrumb\",\"itemListElement\":[{\"@type\":\"ListItem\",\"position\":1,\"name\":\"Home\",\"item\":\"https:\/\/teiaeducation.ch\/fr\/\"},{\"@type\":\"ListItem\",\"position\":2,\"name\":\"Boutique Teia Education &amp; Play\",\"item\":\"https:\/\/teiaeducation.ch\/fr\/boutique\/\"},{\"@type\":\"ListItem\",\"position\":3,\"name\":\"Domaines du Curriculum\",\"item\":\"https:\/\/teiaeducation.ch\/fr\/categorie-produit\/domaines-du-curriculum\/\"},{\"@type\":\"ListItem\",\"position\":4,\"name\":\"Alphab\u00e9tisation &amp; Langage\",\"item\":\"https:\/\/teiaeducation.ch\/fr\/categorie-produit\/domaines-du-curriculum\/alphabetisation-langage\/\"},{\"@type\":\"ListItem\",\"position\":5,\"name\":\"Apprendre \u00e0 \u00c9crire\",\"item\":\"https:\/\/teiaeducation.ch\/fr\/categorie-produit\/domaines-du-curriculum\/alphabetisation-langage\/apprendre-a-ecrire\/\"},{\"@type\":\"ListItem\",\"position\":6,\"name\":\"Lettre minuscules tactiles en bois &#8211; Erzi\"}]},{\"@type\":\"WebSite\",\"@id\":\"https:\/\/teiaeducation.ch\/fr\/#website\",\"url\":\"https:\/\/teiaeducation.ch\/fr\/\",\"name\":\"Sustainable Educational Products &amp; Ecological Toys\u00a0\",\"description\":\"Specialised Swiss shop selling sustainable educational toys and games, AMI certified Montessori materials, handmade ecological wooden Waldorf toys and arts &amp; crafts supplies, school supplies, children&#039;s furniture and Montessori reference and parenting books.\",\"publisher\":{\"@id\":\"https:\/\/teiaeducation.ch\/fr\/#organization\"},\"alternateName\":\"Teia Education & Play\",\"potentialAction\":[{\"@type\":\"SearchAction\",\"target\":{\"@type\":\"EntryPoint\",\"urlTemplate\":\"https:\/\/teiaeducation.ch\/fr\/?s={search_term_string}\"},\"query-input\":{\"@type\":\"PropertyValueSpecification\",\"valueRequired\":true,\"valueName\":\"search_term_string\"}}],\"inLanguage\":\"fr-FR\"},{\"@type\":\"Organization\",\"@id\":\"https:\/\/teiaeducation.ch\/fr\/#organization\",\"name\":\"Teia Education & Play\",\"url\":\"https:\/\/teiaeducation.ch\/fr\/\",\"logo\":{\"@type\":\"ImageObject\",\"inLanguage\":\"fr-FR\",\"@id\":\"https:\/\/teiaeducation.ch\/fr\/#\/schema\/logo\/image\/\",\"url\":\"https:\/\/teiaeducation.ch\/wp-content\/uploads\/2020\/11\/Teia-Education-Switzerland-e1620156442216.jpg\",\"contentUrl\":\"https:\/\/teiaeducation.ch\/wp-content\/uploads\/2020\/11\/Teia-Education-Switzerland-e1620156442216.jpg\",\"width\":166,\"height\":145,\"caption\":\"Teia Education & Play\"},\"image\":{\"@id\":\"https:\/\/teiaeducation.ch\/fr\/#\/schema\/logo\/image\/\"},\"sameAs\":[\"https:\/\/www.facebook.com\/teiaeducation\/\",\"https:\/\/x.com\/EducationTeia\",\"https:\/\/www.instagram.com\/teia.education\/\",\"https:\/\/www.linkedin.com\/company\/35501660\",\"https:\/\/www.pinterest.ch\/TeiaEducation\/\"]}]}<\/script>\n<!-- \/ Yoast SEO plugin. -->","yoast_head_json":{"title":"Lettre minuscules tactiles en bois - Erzi - Teia Education & Play","description":"Ce jeu \u00e9ducatif\u00a0tactile Erzi comporte de 29 planches de lettres minuscules en bois pour l\u2019apprentissage pratique de l\u2019alphabet pour jeunes enfants.","robots":{"index":"index","follow":"follow","max-snippet":"max-snippet:-1","max-image-preview":"max-image-preview:large","max-video-preview":"max-video-preview:-1"},"canonical":"https:\/\/teiaeducation.ch\/fr\/produit\/lettres-minuscules-tactiles-bois-erzi\/","og_locale":"fr_FR","og_type":"article","og_title":"Lettre minuscules tactiles en bois - Erzi - Teia Education & Play","og_description":"Ce jeu \u00e9ducatif\u00a0tactile Erzi comporte de 29 planches de lettres minuscules en bois pour l\u2019apprentissage pratique de l\u2019alphabet pour jeunes enfants.","og_url":"https:\/\/teiaeducation.ch\/fr\/produit\/lettres-minuscules-tactiles-bois-erzi\/","og_site_name":"Sustainable Educational Products &amp; Ecological Toys\u00a0","article_publisher":"https:\/\/www.facebook.com\/teiaeducation\/","article_modified_time":"2025-01-08T21:22:33+00:00","og_image":[{"width":900,"height":900,"url":"https:\/\/teiaeducation.ch\/wp-content\/uploads\/2020\/09\/Wooden-tactile-letters-lowercase-Erzi.jpg","type":"image\/jpeg"}],"schema":{"@context":"https:\/\/schema.org","@graph":[{"@type":"WebPage","@id":"https:\/\/teiaeducation.ch\/fr\/produit\/lettres-minuscules-tactiles-bois-erzi\/","url":"https:\/\/teiaeducation.ch\/fr\/produit\/lettres-minuscules-tactiles-bois-erzi\/","name":"Lettre minuscules tactiles en bois - Erzi - Teia Education & Play","isPartOf":{"@id":"https:\/\/teiaeducation.ch\/fr\/#website"},"primaryImageOfPage":{"@id":"https:\/\/teiaeducation.ch\/fr\/produit\/lettres-minuscules-tactiles-bois-erzi\/#primaryimage"},"image":{"@id":"https:\/\/teiaeducation.ch\/fr\/produit\/lettres-minuscules-tactiles-bois-erzi\/#primaryimage"},"thumbnailUrl":"https:\/\/teiaeducation.ch\/wp-content\/uploads\/2020\/09\/Wooden-tactile-letters-lowercase-Erzi.jpg","datePublished":"2020-10-18T15:50:22+00:00","dateModified":"2025-01-08T21:22:33+00:00","description":"Ce jeu \u00e9ducatif\u00a0tactile Erzi comporte de 29 planches de lettres minuscules en bois pour l\u2019apprentissage pratique de l\u2019alphabet pour jeunes enfants.","breadcrumb":{"@id":"https:\/\/teiaeducation.ch\/fr\/produit\/lettres-minuscules-tactiles-bois-erzi\/#breadcrumb"},"inLanguage":"fr-FR","potentialAction":[{"@type":"ReadAction","target":["https:\/\/teiaeducation.ch\/fr\/produit\/lettres-minuscules-tactiles-bois-erzi\/"]}]},{"@type":"ImageObject","inLanguage":"fr-FR","@id":"https:\/\/teiaeducation.ch\/fr\/produit\/lettres-minuscules-tactiles-bois-erzi\/#primaryimage","url":"https:\/\/teiaeducation.ch\/wp-content\/uploads\/2020\/09\/Wooden-tactile-letters-lowercase-Erzi.jpg","contentUrl":"https:\/\/teiaeducation.ch\/wp-content\/uploads\/2020\/09\/Wooden-tactile-letters-lowercase-Erzi.jpg","width":900,"height":900,"caption":"Lettres minuscules tactiles en bois - Erzi"},{"@type":"BreadcrumbList","@id":"https:\/\/teiaeducation.ch\/fr\/produit\/lettres-minuscules-tactiles-bois-erzi\/#breadcrumb","itemListElement":[{"@type":"ListItem","position":1,"name":"Home","item":"https:\/\/teiaeducation.ch\/fr\/"},{"@type":"ListItem","position":2,"name":"Boutique Teia Education &amp; Play","item":"https:\/\/teiaeducation.ch\/fr\/boutique\/"},{"@type":"ListItem","position":3,"name":"Domaines du Curriculum","item":"https:\/\/teiaeducation.ch\/fr\/categorie-produit\/domaines-du-curriculum\/"},{"@type":"ListItem","position":4,"name":"Alphab\u00e9tisation &amp; Langage","item":"https:\/\/teiaeducation.ch\/fr\/categorie-produit\/domaines-du-curriculum\/alphabetisation-langage\/"},{"@type":"ListItem","position":5,"name":"Apprendre \u00e0 \u00c9crire","item":"https:\/\/teiaeducation.ch\/fr\/categorie-produit\/domaines-du-curriculum\/alphabetisation-langage\/apprendre-a-ecrire\/"},{"@type":"ListItem","position":6,"name":"Lettre minuscules tactiles en bois &#8211; Erzi"}]},{"@type":"WebSite","@id":"https:\/\/teiaeducation.ch\/fr\/#website","url":"https:\/\/teiaeducation.ch\/fr\/","name":"Sustainable Educational Products &amp; Ecological Toys\u00a0","description":"Specialised Swiss shop selling sustainable educational toys and games, AMI certified Montessori materials, handmade ecological wooden Waldorf toys and arts &amp; crafts supplies, school supplies, children&#039;s furniture and Montessori reference and parenting books.","publisher":{"@id":"https:\/\/teiaeducation.ch\/fr\/#organization"},"alternateName":"Teia Education & Play","potentialAction":[{"@type":"SearchAction","target":{"@type":"EntryPoint","urlTemplate":"https:\/\/teiaeducation.ch\/fr\/?s={search_term_string}"},"query-input":{"@type":"PropertyValueSpecification","valueRequired":true,"valueName":"search_term_string"}}],"inLanguage":"fr-FR"},{"@type":"Organization","@id":"https:\/\/teiaeducation.ch\/fr\/#organization","name":"Teia Education & Play","url":"https:\/\/teiaeducation.ch\/fr\/","logo":{"@type":"ImageObject","inLanguage":"fr-FR","@id":"https:\/\/teiaeducation.ch\/fr\/#\/schema\/logo\/image\/","url":"https:\/\/teiaeducation.ch\/wp-content\/uploads\/2020\/11\/Teia-Education-Switzerland-e1620156442216.jpg","contentUrl":"https:\/\/teiaeducation.ch\/wp-content\/uploads\/2020\/11\/Teia-Education-Switzerland-e1620156442216.jpg","width":166,"height":145,"caption":"Teia Education & Play"},"image":{"@id":"https:\/\/teiaeducation.ch\/fr\/#\/schema\/logo\/image\/"},"sameAs":["https:\/\/www.facebook.com\/teiaeducation\/","https:\/\/x.com\/EducationTeia","https:\/\/www.instagram.com\/teia.education\/","https:\/\/www.linkedin.com\/company\/35501660","https:\/\/www.pinterest.ch\/TeiaEducation\/"]}]}},"_links":{"self":[{"href":"https:\/\/teiaeducation.ch\/fr\/wp-json\/wp\/v2\/product\/31093","targetHints":{"allow":["GET"]}}],"collection":[{"href":"https:\/\/teiaeducation.ch\/fr\/wp-json\/wp\/v2\/product"}],"about":[{"href":"https:\/\/teiaeducation.ch\/fr\/wp-json\/wp\/v2\/types\/product"}],"replies":[{"embeddable":true,"href":"https:\/\/teiaeducation.ch\/fr\/wp-json\/wp\/v2\/comments?post=31093"}],"wp:featuredmedia":[{"embeddable":true,"href":"https:\/\/teiaeducation.ch\/fr\/wp-json\/wp\/v2\/media\/29510"}],"wp:attachment":[{"href":"https:\/\/teiaeducation.ch\/fr\/wp-json\/wp\/v2\/media?parent=31093"}],"wp:term":[{"taxonomy":"product_brand","embeddable":true,"href":"https:\/\/teiaeducation.ch\/fr\/wp-json\/wp\/v2\/product_brand?post=31093"},{"taxonomy":"product_cat","embeddable":true,"href":"https:\/\/teiaeducation.ch\/fr\/wp-json\/wp\/v2\/product_cat?post=31093"},{"taxonomy":"product_tag","embeddable":true,"href":"https:\/\/teiaeducation.ch\/fr\/wp-json\/wp\/v2\/product_tag?post=31093"}],"curies":[{"name":"wp","href":"https:\/\/api.w.org\/{rel}","templated":true}]}}