{"id":31108,"date":"2020-10-18T14:06:26","date_gmt":"2020-10-18T12:06:26","guid":{"rendered":"https:\/\/teiaeducation.ch\/product\/hochet-detoile-darc-en-ciel-grimms\/"},"modified":"2021-10-07T09:43:49","modified_gmt":"2021-10-07T07:43:49","slug":"hochet-etoile-arc-en-ciel-grimms","status":"publish","type":"product","link":"https:\/\/teiaeducation.ch\/fr\/produit\/hochet-etoile-arc-en-ciel-grimms\/","title":{"rendered":"Hochet d\u2019\u00e9toile d\u2019arc-en-ciel &#8211; Grimm\u2019s"},"content":{"rendered":"<div>Hochet \u00e9toile arc-en-ciel en bois pour b\u00e9b\u00e9 de Grimm<\/div>\n<div><\/div>\n<div><a href=\"https:\/\/teiaeducation.ch\/product-category\/play\/baby-rattles\/\">Le hochet \u00e9toile arc-en-ciel en bois pour b\u00e9b\u00e9 magnifiquement sculpt\u00e9 de Grimm est de taille et de forme parfaite pour \u00eatre saisi par de petites mains.<\/a> Avec 10 magnifiques anneaux de couleur arc-en-ciel, il est amusant et attrayant et cr\u00e9e un son agr\u00e9able et doux.<\/div>\n<div><\/div>\n<div>Le hochet \u00e9toile arc-en-ciel pour b\u00e9b\u00e9 de Grimm est de 8cm de diam\u00e8tre et est fait de bois d\u2019aulne, un bois tr\u00e8s sp\u00e9cial qui donne une structure unique au hochet. Il est s\u00fbr, non toxique, fini avec une huile \u00e0 base de plantes pour prot\u00e9ger le bois et accentuer sa beaut\u00e9 naturelle et surtout il est s\u00fbr et naturel pour le jeu et la bouche ou dentition pour les b\u00e9b\u00e9s et les enfants d\u00e8s la naissance. C\u2019est le premier cadeau parfait pour b\u00e9b\u00e9.<\/div>\n<div><\/div>\n<div>Id\u00e9al pour jouer \u00e0 la maison, \u00e0 la cr\u00e8che, \u00e0 Waldorf ou \u00e0 l\u2019\u00e9cole Steiner, les beaux jouets en bois naturel de Grimm&#8217;s sont fabriqu\u00e9s selon la philosophie Waldorf qui est bien connue pour encourager les enfants \u00e0 d\u00e9couvrir le jeu cr\u00e9atif de mani\u00e8re ind\u00e9pendante, sans limitations et \u00e0 un rythme effr\u00e9n\u00e9. Les jouets en bois de Grimm&#8217;s sont color\u00e9s \u00e0 la main avec des peintures \u00e0 base d\u2019eau non toxiques et ne sont pas finis avec de la laque pour assurer les caract\u00e9ristiques originales du bois et pour qu&#8217;on puisse voir le grain \u00e0 travers. La surface des jouets fabriqu\u00e9s \u00e0 partir de bois europ\u00e9ens certifi\u00e9 FSC est laiss\u00e9e l\u00e9g\u00e8rement rugueuse, ce qui les rend plus facilement empilables et moins glissants.<\/div>\n<div><\/div>\n<div>Les jouets en bois de Grimm&#8217;s sont fabriqu\u00e9s dans les manufacture de Grimm&#8217;s en Allemagne ainsi que dans plusieurs ateliers \u00e0 travers l\u2019Europe \u00e0 partir de diff\u00e9rents types de bois tels que l\u2019aulne, la chaux, le h\u00eatre et l\u2019\u00e9rable. Tout le bois utilis\u00e9 pour fabriquer les jouets de Grimm&#8217;s provient de for\u00eats europ\u00e9ennes g\u00e9r\u00e9es de mani\u00e8re durable.<\/div>\n<div><\/div>\n<div>Veuillez noter que les jouets de Grimm&#8217;s sont toujours uniques, et portent des marques uniques faites par la nature. Le grain du bois a des structures et des couleurs changeantes qui servent de preuve de ses origines naturelles. Les variations uniques, les marques, les noeuds, les motifs, les rayures noires ou les taches sombres qui peuvent \u00eatre visibles dans le bois des jouets de Grimm&#8217;s sont une preuve de qualit\u00e9, et non des d\u00e9fauts.<\/div>\n<div><\/div>\n<div>Ce mat\u00e9riel convient aux enfants \u00e2g\u00e9s de 0 ans et plus.<\/div>\n<div><\/div>\n<div>Contenu :<\/div>\n<div><\/div>\n<div>1 hochet en bois<\/div>\n","protected":false},"excerpt":{"rendered":"<p>Num\u00e9ro d\u2019article: gri08011<\/p>\n<p>Le hochet \u00e9toile arc-en-ciel en bois magnifiquement sculpt\u00e9 pour b\u00e9b\u00e9 de Grimm est de taille et de forme parfaite pour le saisir avec de petites mains et a des anneaux de couleur arc-en-ciel qui sont amusants et attrayants et cr\u00e9ent un son agr\u00e9able et doux.<\/p>\n","protected":false},"featured_media":30866,"comment_status":"open","ping_status":"closed","template":"","meta":[],"product_brand":[],"product_cat":[25968,283,17212,24864,13132,13130,13149,23020,23021,638,217,5851,209,212],"product_tag":[17344,17337,8625,17332,17334,17335,17339,17340,17338,17358,17331,17341,17333,17342,17336],"class_list":{"0":"post-31108","1":"product","2":"type-product","3":"status-publish","4":"has-post-thumbnail","6":"product_cat-0-12-mois-bebe","7":"product_cat-domaines-du-curriculum","8":"product_cat-grimms-fr","9":"product_cat-hochets-prehension","10":"product_cat-hochets-bebes","11":"product_cat-jouer","12":"product_cat-jouets-de-dentition","13":"product_cat-jouets-en-bois","14":"product_cat-jouets-waldorf","15":"product_cat-sens","16":"product_cat-marques","17":"product_cat-nouveautes","18":"product_cat-sensorielles-motrices","19":"product_cat-tranche-dage","20":"product_tag-anneau-de-dentition-de-grimm","21":"product_tag-arc-en-ciel-colore-en-bois-fait-main","22":"product_tag-fabrique-en-allemagne","23":"product_tag-grimm-suisse","24":"product_tag-grimm-suisse-fr","25":"product_tag-grimme-suisse","26":"product_tag-hochet-de-grimm","27":"product_tag-hochet-en-bois-de-grimm","28":"product_tag-hochet-waldorf","29":"product_tag-jouet-de-dentition-en-bois","30":"product_tag-jouets-en-bois-waldorf","31":"product_tag-jouets-pour-bebe-durables","32":"product_tag-jouets-pour-bebe-en-bois","33":"product_tag-jouets-pour-bebes-ecologiques","34":"product_tag-magasin-de-jouets-en-bois-grimm","36":"first","37":"outofstock","38":"taxable","39":"shipping-taxable","40":"purchasable","41":"product-type-simple"},"yoast_head":"<!-- This site is optimized with the Yoast SEO plugin v27.1.1 - https:\/\/yoast.com\/product\/yoast-seo-wordpress\/ -->\n<title>Hochet \u00e9toile arc-en-ciel de Grimm - Sustainable Educational Products &amp; Ecological Toys\u00a0<\/title>\n<meta name=\"description\" content=\"Le hochet darc-en-ciel \u00e9toilel de Grimm est un jouet de b\u00e9b\u00e9 en bois durable de Waldorf avec des anneaux d\u2019arc-en-ciel et une finition non toxique et s\u00fbre appropri\u00e9e d\u00e8s la naissance.\" \/>\n<meta name=\"robots\" content=\"index, follow, max-snippet:-1, max-image-preview:large, max-video-preview:-1\" \/>\n<link rel=\"canonical\" href=\"https:\/\/teiaeducation.ch\/fr\/produit\/hochet-etoile-arc-en-ciel-grimms\/\" \/>\n<meta property=\"og:locale\" content=\"fr_FR\" \/>\n<meta property=\"og:type\" content=\"article\" \/>\n<meta property=\"og:title\" content=\"Hochet \u00e9toile arc-en-ciel de Grimm - Sustainable Educational Products &amp; Ecological Toys\u00a0\" \/>\n<meta property=\"og:description\" content=\"Le hochet darc-en-ciel \u00e9toilel de Grimm est un jouet de b\u00e9b\u00e9 en bois durable de Waldorf avec des anneaux d\u2019arc-en-ciel et une finition non toxique et s\u00fbre appropri\u00e9e d\u00e8s la naissance.\" \/>\n<meta property=\"og:url\" content=\"https:\/\/teiaeducation.ch\/fr\/produit\/hochet-etoile-arc-en-ciel-grimms\/\" \/>\n<meta property=\"og:site_name\" content=\"Sustainable Educational Products &amp; Ecological Toys\u00a0\" \/>\n<meta property=\"article:publisher\" content=\"https:\/\/www.facebook.com\/teiaeducation\/\" \/>\n<meta property=\"article:modified_time\" content=\"2021-10-07T07:43:49+00:00\" \/>\n<meta property=\"og:image\" content=\"https:\/\/teiaeducation.ch\/wp-content\/uploads\/2020\/10\/Rainbow-star-rattle-Grimms.jpg\" \/>\n\t<meta property=\"og:image:width\" content=\"800\" \/>\n\t<meta property=\"og:image:height\" content=\"710\" \/>\n\t<meta property=\"og:image:type\" content=\"image\/jpeg\" \/>\n<script type=\"application\/ld+json\" class=\"yoast-schema-graph\">{\"@context\":\"https:\/\/schema.org\",\"@graph\":[{\"@type\":\"WebPage\",\"@id\":\"https:\/\/teiaeducation.ch\/fr\/produit\/hochet-etoile-arc-en-ciel-grimms\/\",\"url\":\"https:\/\/teiaeducation.ch\/fr\/produit\/hochet-etoile-arc-en-ciel-grimms\/\",\"name\":\"Hochet \u00e9toile arc-en-ciel de Grimm - Sustainable Educational Products &amp; Ecological Toys\u00a0\",\"isPartOf\":{\"@id\":\"https:\/\/teiaeducation.ch\/fr\/#website\"},\"primaryImageOfPage\":{\"@id\":\"https:\/\/teiaeducation.ch\/fr\/produit\/hochet-etoile-arc-en-ciel-grimms\/#primaryimage\"},\"image\":{\"@id\":\"https:\/\/teiaeducation.ch\/fr\/produit\/hochet-etoile-arc-en-ciel-grimms\/#primaryimage\"},\"thumbnailUrl\":\"https:\/\/teiaeducation.ch\/wp-content\/uploads\/2020\/10\/Rainbow-star-rattle-Grimms.jpg\",\"datePublished\":\"2020-10-18T12:06:26+00:00\",\"dateModified\":\"2021-10-07T07:43:49+00:00\",\"description\":\"Le hochet darc-en-ciel \u00e9toilel de Grimm est un jouet de b\u00e9b\u00e9 en bois durable de Waldorf avec des anneaux d\u2019arc-en-ciel et une finition non toxique et s\u00fbre appropri\u00e9e d\u00e8s la naissance.\",\"breadcrumb\":{\"@id\":\"https:\/\/teiaeducation.ch\/fr\/produit\/hochet-etoile-arc-en-ciel-grimms\/#breadcrumb\"},\"inLanguage\":\"fr-FR\",\"potentialAction\":[{\"@type\":\"ReadAction\",\"target\":[\"https:\/\/teiaeducation.ch\/fr\/produit\/hochet-etoile-arc-en-ciel-grimms\/\"]}]},{\"@type\":\"ImageObject\",\"inLanguage\":\"fr-FR\",\"@id\":\"https:\/\/teiaeducation.ch\/fr\/produit\/hochet-etoile-arc-en-ciel-grimms\/#primaryimage\",\"url\":\"https:\/\/teiaeducation.ch\/wp-content\/uploads\/2020\/10\/Rainbow-star-rattle-Grimms.jpg\",\"contentUrl\":\"https:\/\/teiaeducation.ch\/wp-content\/uploads\/2020\/10\/Rainbow-star-rattle-Grimms.jpg\",\"width\":800,\"height\":710,\"caption\":\"Hochet \u00e9toile arc-en-ciel en bois pour b\u00e9b\u00e9 - Grimm\u2019s\"},{\"@type\":\"BreadcrumbList\",\"@id\":\"https:\/\/teiaeducation.ch\/fr\/produit\/hochet-etoile-arc-en-ciel-grimms\/#breadcrumb\",\"itemListElement\":[{\"@type\":\"ListItem\",\"position\":1,\"name\":\"Home\",\"item\":\"https:\/\/teiaeducation.ch\/fr\/\"},{\"@type\":\"ListItem\",\"position\":2,\"name\":\"Boutique Teia Education &amp; Play\",\"item\":\"https:\/\/teiaeducation.ch\/fr\/boutique\/\"},{\"@type\":\"ListItem\",\"position\":3,\"name\":\"Nos Marques\",\"item\":\"https:\/\/teiaeducation.ch\/fr\/categorie-produit\/marques\/\"},{\"@type\":\"ListItem\",\"position\":4,\"name\":\"Grimm's\",\"item\":\"https:\/\/teiaeducation.ch\/fr\/categorie-produit\/marques\/grimms-fr\/\"},{\"@type\":\"ListItem\",\"position\":5,\"name\":\"Hochet d\u2019\u00e9toile d\u2019arc-en-ciel &#8211; Grimm\u2019s\"}]},{\"@type\":\"WebSite\",\"@id\":\"https:\/\/teiaeducation.ch\/fr\/#website\",\"url\":\"https:\/\/teiaeducation.ch\/fr\/\",\"name\":\"Sustainable Educational Products &amp; Ecological Toys\u00a0\",\"description\":\"Specialised Swiss shop selling sustainable educational toys and games, AMI certified Montessori materials, handmade ecological wooden Waldorf toys and arts &amp; crafts supplies, school supplies, children&#039;s furniture and Montessori reference and parenting books.\",\"publisher\":{\"@id\":\"https:\/\/teiaeducation.ch\/fr\/#organization\"},\"alternateName\":\"Teia Education & Play\",\"potentialAction\":[{\"@type\":\"SearchAction\",\"target\":{\"@type\":\"EntryPoint\",\"urlTemplate\":\"https:\/\/teiaeducation.ch\/fr\/?s={search_term_string}\"},\"query-input\":{\"@type\":\"PropertyValueSpecification\",\"valueRequired\":true,\"valueName\":\"search_term_string\"}}],\"inLanguage\":\"fr-FR\"},{\"@type\":\"Organization\",\"@id\":\"https:\/\/teiaeducation.ch\/fr\/#organization\",\"name\":\"Teia Education & Play\",\"url\":\"https:\/\/teiaeducation.ch\/fr\/\",\"logo\":{\"@type\":\"ImageObject\",\"inLanguage\":\"fr-FR\",\"@id\":\"https:\/\/teiaeducation.ch\/fr\/#\/schema\/logo\/image\/\",\"url\":\"https:\/\/teiaeducation.ch\/wp-content\/uploads\/2020\/11\/Teia-Education-Switzerland-e1620156442216.jpg\",\"contentUrl\":\"https:\/\/teiaeducation.ch\/wp-content\/uploads\/2020\/11\/Teia-Education-Switzerland-e1620156442216.jpg\",\"width\":166,\"height\":145,\"caption\":\"Teia Education & Play\"},\"image\":{\"@id\":\"https:\/\/teiaeducation.ch\/fr\/#\/schema\/logo\/image\/\"},\"sameAs\":[\"https:\/\/www.facebook.com\/teiaeducation\/\",\"https:\/\/x.com\/EducationTeia\",\"https:\/\/www.instagram.com\/teia.education\/\",\"https:\/\/www.linkedin.com\/company\/35501660\",\"https:\/\/www.pinterest.ch\/TeiaEducation\/\"]}]}<\/script>\n<!-- \/ Yoast SEO plugin. -->","yoast_head_json":{"title":"Hochet \u00e9toile arc-en-ciel de Grimm - Sustainable Educational Products &amp; Ecological Toys\u00a0","description":"Le hochet darc-en-ciel \u00e9toilel de Grimm est un jouet de b\u00e9b\u00e9 en bois durable de Waldorf avec des anneaux d\u2019arc-en-ciel et une finition non toxique et s\u00fbre appropri\u00e9e d\u00e8s la naissance.","robots":{"index":"index","follow":"follow","max-snippet":"max-snippet:-1","max-image-preview":"max-image-preview:large","max-video-preview":"max-video-preview:-1"},"canonical":"https:\/\/teiaeducation.ch\/fr\/produit\/hochet-etoile-arc-en-ciel-grimms\/","og_locale":"fr_FR","og_type":"article","og_title":"Hochet \u00e9toile arc-en-ciel de Grimm - Sustainable Educational Products &amp; Ecological Toys\u00a0","og_description":"Le hochet darc-en-ciel \u00e9toilel de Grimm est un jouet de b\u00e9b\u00e9 en bois durable de Waldorf avec des anneaux d\u2019arc-en-ciel et une finition non toxique et s\u00fbre appropri\u00e9e d\u00e8s la naissance.","og_url":"https:\/\/teiaeducation.ch\/fr\/produit\/hochet-etoile-arc-en-ciel-grimms\/","og_site_name":"Sustainable Educational Products &amp; Ecological Toys\u00a0","article_publisher":"https:\/\/www.facebook.com\/teiaeducation\/","article_modified_time":"2021-10-07T07:43:49+00:00","og_image":[{"width":800,"height":710,"url":"https:\/\/teiaeducation.ch\/wp-content\/uploads\/2020\/10\/Rainbow-star-rattle-Grimms.jpg","type":"image\/jpeg"}],"schema":{"@context":"https:\/\/schema.org","@graph":[{"@type":"WebPage","@id":"https:\/\/teiaeducation.ch\/fr\/produit\/hochet-etoile-arc-en-ciel-grimms\/","url":"https:\/\/teiaeducation.ch\/fr\/produit\/hochet-etoile-arc-en-ciel-grimms\/","name":"Hochet \u00e9toile arc-en-ciel de Grimm - Sustainable Educational Products &amp; Ecological Toys\u00a0","isPartOf":{"@id":"https:\/\/teiaeducation.ch\/fr\/#website"},"primaryImageOfPage":{"@id":"https:\/\/teiaeducation.ch\/fr\/produit\/hochet-etoile-arc-en-ciel-grimms\/#primaryimage"},"image":{"@id":"https:\/\/teiaeducation.ch\/fr\/produit\/hochet-etoile-arc-en-ciel-grimms\/#primaryimage"},"thumbnailUrl":"https:\/\/teiaeducation.ch\/wp-content\/uploads\/2020\/10\/Rainbow-star-rattle-Grimms.jpg","datePublished":"2020-10-18T12:06:26+00:00","dateModified":"2021-10-07T07:43:49+00:00","description":"Le hochet darc-en-ciel \u00e9toilel de Grimm est un jouet de b\u00e9b\u00e9 en bois durable de Waldorf avec des anneaux d\u2019arc-en-ciel et une finition non toxique et s\u00fbre appropri\u00e9e d\u00e8s la naissance.","breadcrumb":{"@id":"https:\/\/teiaeducation.ch\/fr\/produit\/hochet-etoile-arc-en-ciel-grimms\/#breadcrumb"},"inLanguage":"fr-FR","potentialAction":[{"@type":"ReadAction","target":["https:\/\/teiaeducation.ch\/fr\/produit\/hochet-etoile-arc-en-ciel-grimms\/"]}]},{"@type":"ImageObject","inLanguage":"fr-FR","@id":"https:\/\/teiaeducation.ch\/fr\/produit\/hochet-etoile-arc-en-ciel-grimms\/#primaryimage","url":"https:\/\/teiaeducation.ch\/wp-content\/uploads\/2020\/10\/Rainbow-star-rattle-Grimms.jpg","contentUrl":"https:\/\/teiaeducation.ch\/wp-content\/uploads\/2020\/10\/Rainbow-star-rattle-Grimms.jpg","width":800,"height":710,"caption":"Hochet \u00e9toile arc-en-ciel en bois pour b\u00e9b\u00e9 - Grimm\u2019s"},{"@type":"BreadcrumbList","@id":"https:\/\/teiaeducation.ch\/fr\/produit\/hochet-etoile-arc-en-ciel-grimms\/#breadcrumb","itemListElement":[{"@type":"ListItem","position":1,"name":"Home","item":"https:\/\/teiaeducation.ch\/fr\/"},{"@type":"ListItem","position":2,"name":"Boutique Teia Education &amp; Play","item":"https:\/\/teiaeducation.ch\/fr\/boutique\/"},{"@type":"ListItem","position":3,"name":"Nos Marques","item":"https:\/\/teiaeducation.ch\/fr\/categorie-produit\/marques\/"},{"@type":"ListItem","position":4,"name":"Grimm's","item":"https:\/\/teiaeducation.ch\/fr\/categorie-produit\/marques\/grimms-fr\/"},{"@type":"ListItem","position":5,"name":"Hochet d\u2019\u00e9toile d\u2019arc-en-ciel &#8211; Grimm\u2019s"}]},{"@type":"WebSite","@id":"https:\/\/teiaeducation.ch\/fr\/#website","url":"https:\/\/teiaeducation.ch\/fr\/","name":"Sustainable Educational Products &amp; Ecological Toys\u00a0","description":"Specialised Swiss shop selling sustainable educational toys and games, AMI certified Montessori materials, handmade ecological wooden Waldorf toys and arts &amp; crafts supplies, school supplies, children&#039;s furniture and Montessori reference and parenting books.","publisher":{"@id":"https:\/\/teiaeducation.ch\/fr\/#organization"},"alternateName":"Teia Education & Play","potentialAction":[{"@type":"SearchAction","target":{"@type":"EntryPoint","urlTemplate":"https:\/\/teiaeducation.ch\/fr\/?s={search_term_string}"},"query-input":{"@type":"PropertyValueSpecification","valueRequired":true,"valueName":"search_term_string"}}],"inLanguage":"fr-FR"},{"@type":"Organization","@id":"https:\/\/teiaeducation.ch\/fr\/#organization","name":"Teia Education & Play","url":"https:\/\/teiaeducation.ch\/fr\/","logo":{"@type":"ImageObject","inLanguage":"fr-FR","@id":"https:\/\/teiaeducation.ch\/fr\/#\/schema\/logo\/image\/","url":"https:\/\/teiaeducation.ch\/wp-content\/uploads\/2020\/11\/Teia-Education-Switzerland-e1620156442216.jpg","contentUrl":"https:\/\/teiaeducation.ch\/wp-content\/uploads\/2020\/11\/Teia-Education-Switzerland-e1620156442216.jpg","width":166,"height":145,"caption":"Teia Education & Play"},"image":{"@id":"https:\/\/teiaeducation.ch\/fr\/#\/schema\/logo\/image\/"},"sameAs":["https:\/\/www.facebook.com\/teiaeducation\/","https:\/\/x.com\/EducationTeia","https:\/\/www.instagram.com\/teia.education\/","https:\/\/www.linkedin.com\/company\/35501660","https:\/\/www.pinterest.ch\/TeiaEducation\/"]}]}},"_links":{"self":[{"href":"https:\/\/teiaeducation.ch\/fr\/wp-json\/wp\/v2\/product\/31108","targetHints":{"allow":["GET"]}}],"collection":[{"href":"https:\/\/teiaeducation.ch\/fr\/wp-json\/wp\/v2\/product"}],"about":[{"href":"https:\/\/teiaeducation.ch\/fr\/wp-json\/wp\/v2\/types\/product"}],"replies":[{"embeddable":true,"href":"https:\/\/teiaeducation.ch\/fr\/wp-json\/wp\/v2\/comments?post=31108"}],"wp:featuredmedia":[{"embeddable":true,"href":"https:\/\/teiaeducation.ch\/fr\/wp-json\/wp\/v2\/media\/30866"}],"wp:attachment":[{"href":"https:\/\/teiaeducation.ch\/fr\/wp-json\/wp\/v2\/media?parent=31108"}],"wp:term":[{"taxonomy":"product_brand","embeddable":true,"href":"https:\/\/teiaeducation.ch\/fr\/wp-json\/wp\/v2\/product_brand?post=31108"},{"taxonomy":"product_cat","embeddable":true,"href":"https:\/\/teiaeducation.ch\/fr\/wp-json\/wp\/v2\/product_cat?post=31108"},{"taxonomy":"product_tag","embeddable":true,"href":"https:\/\/teiaeducation.ch\/fr\/wp-json\/wp\/v2\/product_tag?post=31108"}],"curies":[{"name":"wp","href":"https:\/\/api.w.org\/{rel}","templated":true}]}}