{"id":31109,"date":"2020-10-18T14:00:15","date_gmt":"2020-10-18T12:00:15","guid":{"rendered":"https:\/\/teiaeducation.ch\/product\/hochet-petit-poisson-zeppo-grimms\/"},"modified":"2021-06-24T15:43:17","modified_gmt":"2021-06-24T13:43:17","slug":"hochet-petit-poisson-zeppo-grimms","status":"publish","type":"product","link":"https:\/\/teiaeducation.ch\/fr\/produit\/hochet-petit-poisson-zeppo-grimms\/","title":{"rendered":"Hochet petit poisson Zeppo &#8211; Grimm\u2019s"},"content":{"rendered":"<div>Grimm&#8217;s hochet en bois durable poisson Zeppo pour b\u00e9b\u00e9<\/div>\n<div><\/div>\n<div>Le hochet en bois Zeppo de Grimm&#8217;s pour b\u00e9b\u00e9 magnifiquement sculpt\u00e9 est de taille et de forme parfaite pour \u00eatre saisi par de petites mains et est compl\u00e8tement s\u00fbr et naturel pour que les nourrissons puissent jouer avec et le mettre en bouche.<\/div>\n<p>Au centre se trouve une belle petite forme de poisson sculpt\u00e9 et 4 perles en bois dans de jolis bleus et verts et produit un joli son doux, ce qui rend le hochet color\u00e9 et amusant pour les nourrissons.<\/p>\n<p>Le <a href=\"https:\/\/teiaeducation.ch\/fr\/categorie-produit\/jouer\/hochets-bebes\/\">hochet<\/a> petit poisson Zeppo pour b\u00e9b\u00e9 de Grimm&#8217;s est fait de chaux et de bois d\u2019aulne, un bois tr\u00e8s sp\u00e9cial qui donne une structure unique au hochet, et les perles sont sculpt\u00e9es dans l\u2019\u00e9rable. Il est s\u00fbr, fini dnas une huile \u00e0 base de plantes pour prot\u00e9ger le bois et accentuer sa beaut\u00e9 naturelle, et surtout il est compl\u00e8tement s\u00fbr pour une utilisation par les b\u00e9b\u00e9s et les enfants d\u00e8s la naissance. Il est de 7,5 cm de diam\u00e8tre et fait un premier cadeau parfait, en tant que jouet ou en tant qu&#8217;anneau de dentition pour b\u00e9b\u00e9.<\/p>\n<p>Id\u00e9al pour jouer \u00e0 la maison, \u00e0 la cr\u00e8che, \u00e0 Waldorf ou \u00e0 l\u2019\u00e9cole Steiner, les beaux jouets en bois naturel de Grimm&#8217;s sont fabriqu\u00e9s selon la philosophie Waldorf qui est bien connue pour encourager les enfants \u00e0 d\u00e9couvrir le jeu cr\u00e9atif de mani\u00e8re ind\u00e9pendante, sans limitations et \u00e0 un rythme effr\u00e9n\u00e9. Les jouets en bois de Grimm&#8217;s sont color\u00e9s \u00e0 la main avec des peintures \u00e0 base d\u2019eau non toxiques et ne sont pas finis avec de la laque pour assurer les caract\u00e9ristiques originales du bois et pour qu&#8217;on puisse voir le grain \u00e0 travers. La surface des jouets fabriqu\u00e9s \u00e0 partir de bois europ\u00e9ens certifi\u00e9 FSC est laiss\u00e9e l\u00e9g\u00e8rement rugueuse, ce qui les rend plus facilement empilables et moins glissants.<\/p>\n<p>Les jouets en bois de Grimm&#8217;s sont fabriqu\u00e9s dans les manufacture de Grimm&#8217;s en Allemagne ainsi que dans plusieurs ateliers \u00e0 travers l\u2019Europe \u00e0 partir de diff\u00e9rents types de bois tels que l\u2019aulne, la chaux, le h\u00eatre et l\u2019\u00e9rable. Tout le bois utilis\u00e9 pour fabriquer les jouets de Grimm&#8217;s provient de for\u00eats europ\u00e9ennes g\u00e9r\u00e9es de mani\u00e8re durable.<\/p>\n<p>Veuillez noter que les jouets de Grimm&#8217;s sont toujours uniques, et portent des marques uniques faites par la nature. Le grain du bois a des structures et des couleurs changeantes qui servent de preuve de ses origines naturelles. Les variations uniques, les marques, les noeuds, les motifs, les rayures noires ou les taches sombres qui peuvent \u00eatre visibles dans le bois des jouets de Grimm&#8217;s sont une preuve de qualit\u00e9, et non des d\u00e9fauts.<\/p>\n<p>Le Grimm\u2019s hochet poisson Zeppo convient aux enfants \u00e2g\u00e9s de 0 ans et plus.<\/p>\n<p>Contenu :<\/p>\n<p>1 hochet en bois<\/p>\n","protected":false},"excerpt":{"rendered":"<p>Num\u00e9ro d\u2019article: gri08115<\/p>\n<p>Le hochet poisson Joschi de Grimm&#8217;s est un jouet pour b\u00e9b\u00e9 en bois avec des perles bleus et verts et une finition non toxique s\u00fbre.<\/p>\n","protected":false},"featured_media":30861,"comment_status":"open","ping_status":"closed","template":"","meta":[],"product_brand":[],"product_cat":[25968,283,17212,17243,24864,13132,13130,13149,23020,23021,638,217,5851,209,212],"product_tag":[17344,17356,8625,17332,17334,17335,17339,17340,17359,17338,17331,17341,17333,17361,17342,17345,17336,17362,17360],"class_list":{"0":"post-31109","1":"product","2":"type-product","3":"status-publish","4":"has-post-thumbnail","6":"product_cat-0-12-mois-bebe","7":"product_cat-domaines-du-curriculum","8":"product_cat-grimms-fr","9":"product_cat-guide-cadeaux-0-12-mois","10":"product_cat-hochets-prehension","11":"product_cat-hochets-bebes","12":"product_cat-jouer","13":"product_cat-jouets-de-dentition","14":"product_cat-jouets-en-bois","15":"product_cat-jouets-waldorf","16":"product_cat-sens","17":"product_cat-marques","18":"product_cat-nouveautes","19":"product_cat-sensorielles-motrices","20":"product_cat-tranche-dage","21":"product_tag-anneau-de-dentition-de-grimm","22":"product_tag-anneau-de-dentition-en-bois-fr","23":"product_tag-fabrique-en-allemagne","24":"product_tag-grimm-suisse","25":"product_tag-grimm-suisse-fr","26":"product_tag-grimme-suisse","27":"product_tag-hochet-de-grimm","28":"product_tag-hochet-en-bois-de-grimm","29":"product_tag-hochet-en-bois-fait-main","30":"product_tag-hochet-waldorf","31":"product_tag-jouets-en-bois-waldorf","32":"product_tag-jouets-pour-bebe-durables","33":"product_tag-jouets-pour-bebe-en-bois","34":"product_tag-jouets-pour-bebe-surs","35":"product_tag-jouets-pour-bebes-ecologiques","36":"product_tag-jouets-pour-dentition-en-bois","37":"product_tag-magasin-de-jouets-en-bois-grimm","38":"product_tag-meilleurs-jouets-pour-enfants","39":"product_tag-petit-poisson-zeppo-grimm","41":"first","42":"outofstock","43":"taxable","44":"shipping-taxable","45":"purchasable","46":"product-type-simple"},"yoast_head":"<!-- This site is optimized with the Yoast SEO plugin v27.3 - https:\/\/yoast.com\/product\/yoast-seo-wordpress\/ -->\n<title>Hochet poisson Zeppo - Grimm&#039;s - Teia Education &amp; Play<\/title>\n<meta name=\"description\" content=\"Le hochet poisson Zeppo de Grimm&#039;s est un jouet pour b\u00e9b\u00e9 en bois avec des perles bleus et verts et une finition non toxique s\u00fbre.\" \/>\n<meta name=\"robots\" content=\"index, follow, max-snippet:-1, max-image-preview:large, max-video-preview:-1\" \/>\n<link rel=\"canonical\" href=\"https:\/\/teiaeducation.ch\/fr\/produit\/hochet-petit-poisson-zeppo-grimms\/\" \/>\n<meta property=\"og:locale\" content=\"fr_FR\" \/>\n<meta property=\"og:type\" content=\"article\" \/>\n<meta property=\"og:title\" content=\"Hochet poisson Zeppo - Grimm&#039;s - Teia Education &amp; Play\" \/>\n<meta property=\"og:description\" content=\"Le hochet poisson Zeppo de Grimm&#039;s est un jouet pour b\u00e9b\u00e9 en bois avec des perles bleus et verts et une finition non toxique s\u00fbre.\" \/>\n<meta property=\"og:url\" content=\"https:\/\/teiaeducation.ch\/fr\/produit\/hochet-petit-poisson-zeppo-grimms\/\" \/>\n<meta property=\"og:site_name\" content=\"Sustainable Educational Products &amp; Ecological Toys\u00a0\" \/>\n<meta property=\"article:publisher\" content=\"https:\/\/www.facebook.com\/teiaeducation\/\" \/>\n<meta property=\"article:modified_time\" content=\"2021-06-24T13:43:17+00:00\" \/>\n<meta property=\"og:image\" content=\"https:\/\/teiaeducation.ch\/wp-content\/uploads\/2020\/10\/Little-fish-Zeppo-rattle-Grimms3.jpg\" \/>\n\t<meta property=\"og:image:width\" content=\"1800\" \/>\n\t<meta property=\"og:image:height\" content=\"1800\" \/>\n\t<meta property=\"og:image:type\" content=\"image\/jpeg\" \/>\n<script type=\"application\/ld+json\" class=\"yoast-schema-graph\">{\"@context\":\"https:\\\/\\\/schema.org\",\"@graph\":[{\"@type\":\"WebPage\",\"@id\":\"https:\\\/\\\/teiaeducation.ch\\\/fr\\\/produit\\\/hochet-petit-poisson-zeppo-grimms\\\/\",\"url\":\"https:\\\/\\\/teiaeducation.ch\\\/fr\\\/produit\\\/hochet-petit-poisson-zeppo-grimms\\\/\",\"name\":\"Hochet poisson Zeppo - Grimm's - Teia Education & Play\",\"isPartOf\":{\"@id\":\"https:\\\/\\\/teiaeducation.ch\\\/fr\\\/#website\"},\"primaryImageOfPage\":{\"@id\":\"https:\\\/\\\/teiaeducation.ch\\\/fr\\\/produit\\\/hochet-petit-poisson-zeppo-grimms\\\/#primaryimage\"},\"image\":{\"@id\":\"https:\\\/\\\/teiaeducation.ch\\\/fr\\\/produit\\\/hochet-petit-poisson-zeppo-grimms\\\/#primaryimage\"},\"thumbnailUrl\":\"https:\\\/\\\/teiaeducation.ch\\\/wp-content\\\/uploads\\\/2020\\\/10\\\/Little-fish-Zeppo-rattle-Grimms3.jpg\",\"datePublished\":\"2020-10-18T12:00:15+00:00\",\"dateModified\":\"2021-06-24T13:43:17+00:00\",\"description\":\"Le hochet poisson Zeppo de Grimm's est un jouet pour b\u00e9b\u00e9 en bois avec des perles bleus et verts et une finition non toxique s\u00fbre.\",\"breadcrumb\":{\"@id\":\"https:\\\/\\\/teiaeducation.ch\\\/fr\\\/produit\\\/hochet-petit-poisson-zeppo-grimms\\\/#breadcrumb\"},\"inLanguage\":\"fr-FR\",\"potentialAction\":[{\"@type\":\"ReadAction\",\"target\":[\"https:\\\/\\\/teiaeducation.ch\\\/fr\\\/produit\\\/hochet-petit-poisson-zeppo-grimms\\\/\"]}]},{\"@type\":\"ImageObject\",\"inLanguage\":\"fr-FR\",\"@id\":\"https:\\\/\\\/teiaeducation.ch\\\/fr\\\/produit\\\/hochet-petit-poisson-zeppo-grimms\\\/#primaryimage\",\"url\":\"https:\\\/\\\/teiaeducation.ch\\\/wp-content\\\/uploads\\\/2020\\\/10\\\/Little-fish-Zeppo-rattle-Grimms3.jpg\",\"contentUrl\":\"https:\\\/\\\/teiaeducation.ch\\\/wp-content\\\/uploads\\\/2020\\\/10\\\/Little-fish-Zeppo-rattle-Grimms3.jpg\",\"width\":1800,\"height\":1800,\"caption\":\"Hochet en bois petit poisson Zeppo pour b\u00e9b\u00e9 - Grimm\u2019s\"},{\"@type\":\"BreadcrumbList\",\"@id\":\"https:\\\/\\\/teiaeducation.ch\\\/fr\\\/produit\\\/hochet-petit-poisson-zeppo-grimms\\\/#breadcrumb\",\"itemListElement\":[{\"@type\":\"ListItem\",\"position\":1,\"name\":\"Home\",\"item\":\"https:\\\/\\\/teiaeducation.ch\\\/fr\\\/\"},{\"@type\":\"ListItem\",\"position\":2,\"name\":\"Boutique Teia Education &amp; Play\",\"item\":\"https:\\\/\\\/teiaeducation.ch\\\/fr\\\/boutique\\\/\"},{\"@type\":\"ListItem\",\"position\":3,\"name\":\"Nos Marques\",\"item\":\"https:\\\/\\\/teiaeducation.ch\\\/fr\\\/categorie-produit\\\/marques\\\/\"},{\"@type\":\"ListItem\",\"position\":4,\"name\":\"Grimm's\",\"item\":\"https:\\\/\\\/teiaeducation.ch\\\/fr\\\/categorie-produit\\\/marques\\\/grimms-fr\\\/\"},{\"@type\":\"ListItem\",\"position\":5,\"name\":\"Hochet petit poisson Zeppo &#8211; Grimm\u2019s\"}]},{\"@type\":\"WebSite\",\"@id\":\"https:\\\/\\\/teiaeducation.ch\\\/fr\\\/#website\",\"url\":\"https:\\\/\\\/teiaeducation.ch\\\/fr\\\/\",\"name\":\"Sustainable Educational Products &amp; Ecological Toys\u00a0\",\"description\":\"Specialised Swiss shop selling sustainable educational toys and games, AMI certified Montessori materials, handmade ecological wooden Waldorf toys and arts &amp; crafts supplies, school supplies, children&#039;s furniture and Montessori reference and parenting books.\",\"publisher\":{\"@id\":\"https:\\\/\\\/teiaeducation.ch\\\/fr\\\/#organization\"},\"alternateName\":\"Teia Education & Play\",\"potentialAction\":[{\"@type\":\"SearchAction\",\"target\":{\"@type\":\"EntryPoint\",\"urlTemplate\":\"https:\\\/\\\/teiaeducation.ch\\\/fr\\\/?s={search_term_string}\"},\"query-input\":{\"@type\":\"PropertyValueSpecification\",\"valueRequired\":true,\"valueName\":\"search_term_string\"}}],\"inLanguage\":\"fr-FR\"},{\"@type\":\"Organization\",\"@id\":\"https:\\\/\\\/teiaeducation.ch\\\/fr\\\/#organization\",\"name\":\"Teia Education & Play\",\"url\":\"https:\\\/\\\/teiaeducation.ch\\\/fr\\\/\",\"logo\":{\"@type\":\"ImageObject\",\"inLanguage\":\"fr-FR\",\"@id\":\"https:\\\/\\\/teiaeducation.ch\\\/fr\\\/#\\\/schema\\\/logo\\\/image\\\/\",\"url\":\"https:\\\/\\\/teiaeducation.ch\\\/wp-content\\\/uploads\\\/2020\\\/11\\\/Teia-Education-Switzerland-e1620156442216.jpg\",\"contentUrl\":\"https:\\\/\\\/teiaeducation.ch\\\/wp-content\\\/uploads\\\/2020\\\/11\\\/Teia-Education-Switzerland-e1620156442216.jpg\",\"width\":166,\"height\":145,\"caption\":\"Teia Education & Play\"},\"image\":{\"@id\":\"https:\\\/\\\/teiaeducation.ch\\\/fr\\\/#\\\/schema\\\/logo\\\/image\\\/\"},\"sameAs\":[\"https:\\\/\\\/www.facebook.com\\\/teiaeducation\\\/\",\"https:\\\/\\\/x.com\\\/EducationTeia\",\"https:\\\/\\\/www.instagram.com\\\/teia.education\\\/\",\"https:\\\/\\\/www.linkedin.com\\\/company\\\/35501660\",\"https:\\\/\\\/www.pinterest.ch\\\/TeiaEducation\\\/\"]}]}<\/script>\n<!-- \/ Yoast SEO plugin. -->","yoast_head_json":{"title":"Hochet poisson Zeppo - Grimm's - Teia Education & Play","description":"Le hochet poisson Zeppo de Grimm's est un jouet pour b\u00e9b\u00e9 en bois avec des perles bleus et verts et une finition non toxique s\u00fbre.","robots":{"index":"index","follow":"follow","max-snippet":"max-snippet:-1","max-image-preview":"max-image-preview:large","max-video-preview":"max-video-preview:-1"},"canonical":"https:\/\/teiaeducation.ch\/fr\/produit\/hochet-petit-poisson-zeppo-grimms\/","og_locale":"fr_FR","og_type":"article","og_title":"Hochet poisson Zeppo - Grimm's - Teia Education & Play","og_description":"Le hochet poisson Zeppo de Grimm's est un jouet pour b\u00e9b\u00e9 en bois avec des perles bleus et verts et une finition non toxique s\u00fbre.","og_url":"https:\/\/teiaeducation.ch\/fr\/produit\/hochet-petit-poisson-zeppo-grimms\/","og_site_name":"Sustainable Educational Products &amp; Ecological Toys\u00a0","article_publisher":"https:\/\/www.facebook.com\/teiaeducation\/","article_modified_time":"2021-06-24T13:43:17+00:00","og_image":[{"width":1800,"height":1800,"url":"https:\/\/teiaeducation.ch\/wp-content\/uploads\/2020\/10\/Little-fish-Zeppo-rattle-Grimms3.jpg","type":"image\/jpeg"}],"schema":{"@context":"https:\/\/schema.org","@graph":[{"@type":"WebPage","@id":"https:\/\/teiaeducation.ch\/fr\/produit\/hochet-petit-poisson-zeppo-grimms\/","url":"https:\/\/teiaeducation.ch\/fr\/produit\/hochet-petit-poisson-zeppo-grimms\/","name":"Hochet poisson Zeppo - Grimm's - Teia Education & Play","isPartOf":{"@id":"https:\/\/teiaeducation.ch\/fr\/#website"},"primaryImageOfPage":{"@id":"https:\/\/teiaeducation.ch\/fr\/produit\/hochet-petit-poisson-zeppo-grimms\/#primaryimage"},"image":{"@id":"https:\/\/teiaeducation.ch\/fr\/produit\/hochet-petit-poisson-zeppo-grimms\/#primaryimage"},"thumbnailUrl":"https:\/\/teiaeducation.ch\/wp-content\/uploads\/2020\/10\/Little-fish-Zeppo-rattle-Grimms3.jpg","datePublished":"2020-10-18T12:00:15+00:00","dateModified":"2021-06-24T13:43:17+00:00","description":"Le hochet poisson Zeppo de Grimm's est un jouet pour b\u00e9b\u00e9 en bois avec des perles bleus et verts et une finition non toxique s\u00fbre.","breadcrumb":{"@id":"https:\/\/teiaeducation.ch\/fr\/produit\/hochet-petit-poisson-zeppo-grimms\/#breadcrumb"},"inLanguage":"fr-FR","potentialAction":[{"@type":"ReadAction","target":["https:\/\/teiaeducation.ch\/fr\/produit\/hochet-petit-poisson-zeppo-grimms\/"]}]},{"@type":"ImageObject","inLanguage":"fr-FR","@id":"https:\/\/teiaeducation.ch\/fr\/produit\/hochet-petit-poisson-zeppo-grimms\/#primaryimage","url":"https:\/\/teiaeducation.ch\/wp-content\/uploads\/2020\/10\/Little-fish-Zeppo-rattle-Grimms3.jpg","contentUrl":"https:\/\/teiaeducation.ch\/wp-content\/uploads\/2020\/10\/Little-fish-Zeppo-rattle-Grimms3.jpg","width":1800,"height":1800,"caption":"Hochet en bois petit poisson Zeppo pour b\u00e9b\u00e9 - Grimm\u2019s"},{"@type":"BreadcrumbList","@id":"https:\/\/teiaeducation.ch\/fr\/produit\/hochet-petit-poisson-zeppo-grimms\/#breadcrumb","itemListElement":[{"@type":"ListItem","position":1,"name":"Home","item":"https:\/\/teiaeducation.ch\/fr\/"},{"@type":"ListItem","position":2,"name":"Boutique Teia Education &amp; Play","item":"https:\/\/teiaeducation.ch\/fr\/boutique\/"},{"@type":"ListItem","position":3,"name":"Nos Marques","item":"https:\/\/teiaeducation.ch\/fr\/categorie-produit\/marques\/"},{"@type":"ListItem","position":4,"name":"Grimm's","item":"https:\/\/teiaeducation.ch\/fr\/categorie-produit\/marques\/grimms-fr\/"},{"@type":"ListItem","position":5,"name":"Hochet petit poisson Zeppo &#8211; Grimm\u2019s"}]},{"@type":"WebSite","@id":"https:\/\/teiaeducation.ch\/fr\/#website","url":"https:\/\/teiaeducation.ch\/fr\/","name":"Sustainable Educational Products &amp; Ecological Toys\u00a0","description":"Specialised Swiss shop selling sustainable educational toys and games, AMI certified Montessori materials, handmade ecological wooden Waldorf toys and arts &amp; crafts supplies, school supplies, children&#039;s furniture and Montessori reference and parenting books.","publisher":{"@id":"https:\/\/teiaeducation.ch\/fr\/#organization"},"alternateName":"Teia Education & Play","potentialAction":[{"@type":"SearchAction","target":{"@type":"EntryPoint","urlTemplate":"https:\/\/teiaeducation.ch\/fr\/?s={search_term_string}"},"query-input":{"@type":"PropertyValueSpecification","valueRequired":true,"valueName":"search_term_string"}}],"inLanguage":"fr-FR"},{"@type":"Organization","@id":"https:\/\/teiaeducation.ch\/fr\/#organization","name":"Teia Education & Play","url":"https:\/\/teiaeducation.ch\/fr\/","logo":{"@type":"ImageObject","inLanguage":"fr-FR","@id":"https:\/\/teiaeducation.ch\/fr\/#\/schema\/logo\/image\/","url":"https:\/\/teiaeducation.ch\/wp-content\/uploads\/2020\/11\/Teia-Education-Switzerland-e1620156442216.jpg","contentUrl":"https:\/\/teiaeducation.ch\/wp-content\/uploads\/2020\/11\/Teia-Education-Switzerland-e1620156442216.jpg","width":166,"height":145,"caption":"Teia Education & Play"},"image":{"@id":"https:\/\/teiaeducation.ch\/fr\/#\/schema\/logo\/image\/"},"sameAs":["https:\/\/www.facebook.com\/teiaeducation\/","https:\/\/x.com\/EducationTeia","https:\/\/www.instagram.com\/teia.education\/","https:\/\/www.linkedin.com\/company\/35501660","https:\/\/www.pinterest.ch\/TeiaEducation\/"]}]}},"_links":{"self":[{"href":"https:\/\/teiaeducation.ch\/fr\/wp-json\/wp\/v2\/product\/31109","targetHints":{"allow":["GET"]}}],"collection":[{"href":"https:\/\/teiaeducation.ch\/fr\/wp-json\/wp\/v2\/product"}],"about":[{"href":"https:\/\/teiaeducation.ch\/fr\/wp-json\/wp\/v2\/types\/product"}],"replies":[{"embeddable":true,"href":"https:\/\/teiaeducation.ch\/fr\/wp-json\/wp\/v2\/comments?post=31109"}],"wp:featuredmedia":[{"embeddable":true,"href":"https:\/\/teiaeducation.ch\/fr\/wp-json\/wp\/v2\/media\/30861"}],"wp:attachment":[{"href":"https:\/\/teiaeducation.ch\/fr\/wp-json\/wp\/v2\/media?parent=31109"}],"wp:term":[{"taxonomy":"product_brand","embeddable":true,"href":"https:\/\/teiaeducation.ch\/fr\/wp-json\/wp\/v2\/product_brand?post=31109"},{"taxonomy":"product_cat","embeddable":true,"href":"https:\/\/teiaeducation.ch\/fr\/wp-json\/wp\/v2\/product_cat?post=31109"},{"taxonomy":"product_tag","embeddable":true,"href":"https:\/\/teiaeducation.ch\/fr\/wp-json\/wp\/v2\/product_tag?post=31109"}],"curies":[{"name":"wp","href":"https:\/\/api.w.org\/{rel}","templated":true}]}}