{"id":31111,"date":"2020-10-18T13:38:25","date_gmt":"2020-10-18T11:38:25","guid":{"rendered":"https:\/\/teiaeducation.ch\/product\/hochet-poisson-wilma-grimms\/"},"modified":"2021-06-24T15:08:39","modified_gmt":"2021-06-24T13:08:39","slug":"hochet-poisson-wilma-grimms","status":"publish","type":"product","link":"https:\/\/teiaeducation.ch\/fr\/produit\/hochet-poisson-wilma-grimms\/","title":{"rendered":"Hochet poisson Wilma &#8211; Grimm\u2019s"},"content":{"rendered":"<p>Grimm\u2019s hochet poisson Wilma \/ Hochet en bois durable pour b\u00e9b\u00e9<\/p>\n<p>Le hochet en bois Wilma de Grimm&#8217;s pour b\u00e9b\u00e9 magnifiquement sculpt\u00e9 en forme de poisson\u00a0est de taille et de forme parfaite pour \u00eatre saisi par de petites mains et est compl\u00e8tement s\u00fbr et naturel pour que les nourrissons puissent jouer avec et le mettre en bouche. Il est rempli de fines pierres semi-pr\u00e9cieuses, cr\u00e9ant un son agr\u00e9able et doux.<\/p>\n<p>Le <a href=\"https:\/\/teiaeducation.ch\/fr\/categorie-produit\/jouer\/hochets-bebes\/\">hochet<\/a> poisson Wilma pour b\u00e9b\u00e9 de Grimm&#8217;s est fait de bois d\u2019aulne, un bois tr\u00e8s sp\u00e9cial qui donne une structure unique au hochet. Il a une finition s\u00fbre et non toxique \u00e0 base d\u2019huile v\u00e9g\u00e9tale pour prot\u00e9ger le bois et accentuer sa beaut\u00e9 naturelle et surtout il est compl\u00e8tement s\u00fbr pour une utilisation par les b\u00e9b\u00e9s et les enfants de la naissance. Un premier cadeau parfait pour le jeu sensoriel ou comme jouet de dentition pour b\u00e9b\u00e9 !<\/p>\n<p>Id\u00e9al pour jouer \u00e0 la maison, \u00e0 la cr\u00e8che, \u00e0 Waldorf ou \u00e0 l\u2019\u00e9cole Steiner, les beaux jouets en bois naturel de Grimm&#8217;s sont fabriqu\u00e9s selon la philosophie Waldorf qui est bien connue pour encourager les enfants \u00e0 d\u00e9couvrir le jeu cr\u00e9atif de mani\u00e8re ind\u00e9pendante, sans limitations et \u00e0 un rythme effr\u00e9n\u00e9. Les jouets en bois de Grimm sont color\u00e9s \u00e0 la main avec des peintures \u00e0 base d\u2019eau non toxiques et ne sont pas finis avec de la laque pour assurer les caract\u00e9ristiques originales du bois et pour qu&#8217;on puisse voir le grain \u00e0 travers. La surface des morceaux de bois europ\u00e9ens certifi\u00e9s FSC est laiss\u00e9e l\u00e9g\u00e8rement rugueuse, ce qui les rend enti\u00e8rement empilables et moins glissants.<\/p>\n<p>Les jouets en bois de Grimm&#8217;s sont fabriqu\u00e9s dans les installations de Grimm&#8217;s en Allemagne ainsi que dans plusieurs ateliers \u00e0 travers l\u2019Europe \u00e0 partir de diff\u00e9rents types de bois tels que l\u2019aulne, la chaux, le h\u00eatre et l\u2019\u00e9rable. Tout le bois utilis\u00e9 pour fabriquer les jouets de Grimm&#8217;s provient de for\u00eats europ\u00e9ennes g\u00e9r\u00e9es de mani\u00e8re durable.<\/p>\n<p>Veuillez noter que les jouets de Grimm&#8217;s sont toujours uniques, et portent des marques uniques faites par la nature. Le grain de bois a des structures et des couleurs changeantes qui servent de preuve de ses origines naturelles. Les variations uniques, les marques, les noeuds, les motifs, les rayures noires ou les taches sombres qui peuvent \u00eatre visibles dans le bois d\u2019un jouet de Grimm&#8217;s sont une preuve de qualit\u00e9, et non des d\u00e9fauts.<\/p>\n<p>Le Grimm\u2019s hochet poisson Wilma\u00a0convient aux enfants \u00e2g\u00e9s de 0 ans et plus.<\/p>\n<p>Contenu:<\/p>\n<p>1 hochet en bois rempli de petites pierres semi-pr\u00e9cieuses.<\/p>\n<p><em>Le fournisseur de Grimm&#8217;s garantit une production \u00e9quitable des pierres en visitant r\u00e9guli\u00e8rement les producteurs personnellement.<\/em><\/p>\n","protected":false},"excerpt":{"rendered":"<p>Num\u00e9ro d\u2019article: gri08008<\/p>\n<p>Le hochet poisson Wilma de Grimm&#8217;s est un jouet pour b\u00e9b\u00e9 en bois rempli de pierres semi-pr\u00e9cieuses avec une finition non toxique s\u00fbre.<\/p>\n","protected":false},"featured_media":30820,"comment_status":"open","ping_status":"closed","template":"","meta":[],"product_brand":[],"product_cat":[25968,635,283,17212,17243,24864,13132,13130,23020,23021,638,217,5851,209,212],"product_tag":[17346,8625,17334,17332,17335,17372,17339,17340,17371,17373,17338,17376,17331,17374,17375,17370,17336],"class_list":{"0":"post-31111","1":"product","2":"type-product","3":"status-publish","4":"has-post-thumbnail","6":"product_cat-0-12-mois-bebe","7":"product_cat-competences-motrices","8":"product_cat-domaines-du-curriculum","9":"product_cat-grimms-fr","10":"product_cat-guide-cadeaux-0-12-mois","11":"product_cat-hochets-prehension","12":"product_cat-hochets-bebes","13":"product_cat-jouer","14":"product_cat-jouets-en-bois","15":"product_cat-jouets-waldorf","16":"product_cat-sens","17":"product_cat-marques","18":"product_cat-nouveautes","19":"product_cat-sensorielles-motrices","20":"product_cat-tranche-dage","21":"product_tag-anneau-de-dentition-en-bois","22":"product_tag-fabrique-en-allemagne","23":"product_tag-grimm-suisse-fr","24":"product_tag-grimm-suisse","25":"product_tag-grimme-suisse","26":"product_tag-hochet-avec-des-pierres-semi-precieuses","27":"product_tag-hochet-de-grimm","28":"product_tag-hochet-en-bois-de-grimm","29":"product_tag-hochet-poisson-grimm","30":"product_tag-hochet-poisson-wilma-de-grimm","31":"product_tag-hochet-waldorf","32":"product_tag-jouet-de-dentition-grimm","33":"product_tag-jouets-en-bois-waldorf","34":"product_tag-jouets-pour-bebe-en-bois-de-grimm","35":"product_tag-jouets-pour-bebe-surs-et-naturels","36":"product_tag-jouets-pour-bebe-waldorf","37":"product_tag-magasin-de-jouets-en-bois-grimm","39":"first","40":"instock","41":"taxable","42":"shipping-taxable","43":"purchasable","44":"product-type-simple"},"yoast_head":"<!-- This site is optimized with the Yoast SEO plugin v27.3 - https:\/\/yoast.com\/product\/yoast-seo-wordpress\/ -->\n<title>Hochet poisson Wilma - Grimm\u2019s - Teia Education &amp; Play<\/title>\n<meta name=\"description\" content=\"Le hochet poisson Wilma de Grimm&#039;s est un jouet pour b\u00e9b\u00e9 en bois rempli de pierres semi-pr\u00e9cieuses avec une finition non toxique s\u00fbre.\" \/>\n<meta name=\"robots\" content=\"index, follow, max-snippet:-1, max-image-preview:large, max-video-preview:-1\" \/>\n<link rel=\"canonical\" href=\"https:\/\/teiaeducation.ch\/fr\/produit\/hochet-poisson-wilma-grimms\/\" \/>\n<meta property=\"og:locale\" content=\"fr_FR\" \/>\n<meta property=\"og:type\" content=\"article\" \/>\n<meta property=\"og:title\" content=\"Hochet poisson Wilma - Grimm\u2019s - Teia Education &amp; Play\" \/>\n<meta property=\"og:description\" content=\"Le hochet poisson Wilma de Grimm&#039;s est un jouet pour b\u00e9b\u00e9 en bois rempli de pierres semi-pr\u00e9cieuses avec une finition non toxique s\u00fbre.\" \/>\n<meta property=\"og:url\" content=\"https:\/\/teiaeducation.ch\/fr\/produit\/hochet-poisson-wilma-grimms\/\" \/>\n<meta property=\"og:site_name\" content=\"Sustainable Educational Products &amp; Ecological Toys\u00a0\" \/>\n<meta property=\"article:publisher\" content=\"https:\/\/www.facebook.com\/teiaeducation\/\" \/>\n<meta property=\"article:modified_time\" content=\"2021-06-24T13:08:39+00:00\" \/>\n<meta property=\"og:image\" content=\"https:\/\/teiaeducation.ch\/wp-content\/uploads\/2020\/10\/Wilma-fish-rattle-Grimms.jpg\" \/>\n\t<meta property=\"og:image:width\" content=\"800\" \/>\n\t<meta property=\"og:image:height\" content=\"488\" \/>\n\t<meta property=\"og:image:type\" content=\"image\/jpeg\" \/>\n<script type=\"application\/ld+json\" class=\"yoast-schema-graph\">{\"@context\":\"https:\\\/\\\/schema.org\",\"@graph\":[{\"@type\":\"WebPage\",\"@id\":\"https:\\\/\\\/teiaeducation.ch\\\/fr\\\/produit\\\/hochet-poisson-wilma-grimms\\\/\",\"url\":\"https:\\\/\\\/teiaeducation.ch\\\/fr\\\/produit\\\/hochet-poisson-wilma-grimms\\\/\",\"name\":\"Hochet poisson Wilma - Grimm\u2019s - Teia Education & Play\",\"isPartOf\":{\"@id\":\"https:\\\/\\\/teiaeducation.ch\\\/fr\\\/#website\"},\"primaryImageOfPage\":{\"@id\":\"https:\\\/\\\/teiaeducation.ch\\\/fr\\\/produit\\\/hochet-poisson-wilma-grimms\\\/#primaryimage\"},\"image\":{\"@id\":\"https:\\\/\\\/teiaeducation.ch\\\/fr\\\/produit\\\/hochet-poisson-wilma-grimms\\\/#primaryimage\"},\"thumbnailUrl\":\"https:\\\/\\\/teiaeducation.ch\\\/wp-content\\\/uploads\\\/2020\\\/10\\\/Wilma-fish-rattle-Grimms.jpg\",\"datePublished\":\"2020-10-18T11:38:25+00:00\",\"dateModified\":\"2021-06-24T13:08:39+00:00\",\"description\":\"Le hochet poisson Wilma de Grimm's est un jouet pour b\u00e9b\u00e9 en bois rempli de pierres semi-pr\u00e9cieuses avec une finition non toxique s\u00fbre.\",\"breadcrumb\":{\"@id\":\"https:\\\/\\\/teiaeducation.ch\\\/fr\\\/produit\\\/hochet-poisson-wilma-grimms\\\/#breadcrumb\"},\"inLanguage\":\"fr-FR\",\"potentialAction\":[{\"@type\":\"ReadAction\",\"target\":[\"https:\\\/\\\/teiaeducation.ch\\\/fr\\\/produit\\\/hochet-poisson-wilma-grimms\\\/\"]}]},{\"@type\":\"ImageObject\",\"inLanguage\":\"fr-FR\",\"@id\":\"https:\\\/\\\/teiaeducation.ch\\\/fr\\\/produit\\\/hochet-poisson-wilma-grimms\\\/#primaryimage\",\"url\":\"https:\\\/\\\/teiaeducation.ch\\\/wp-content\\\/uploads\\\/2020\\\/10\\\/Wilma-fish-rattle-Grimms.jpg\",\"contentUrl\":\"https:\\\/\\\/teiaeducation.ch\\\/wp-content\\\/uploads\\\/2020\\\/10\\\/Wilma-fish-rattle-Grimms.jpg\",\"width\":800,\"height\":488,\"caption\":\"Hochet poisson Wilma en bois pour b\u00e9b\u00e9 - Grimm\u2019s\"},{\"@type\":\"BreadcrumbList\",\"@id\":\"https:\\\/\\\/teiaeducation.ch\\\/fr\\\/produit\\\/hochet-poisson-wilma-grimms\\\/#breadcrumb\",\"itemListElement\":[{\"@type\":\"ListItem\",\"position\":1,\"name\":\"Home\",\"item\":\"https:\\\/\\\/teiaeducation.ch\\\/fr\\\/\"},{\"@type\":\"ListItem\",\"position\":2,\"name\":\"Boutique Teia Education &amp; Play\",\"item\":\"https:\\\/\\\/teiaeducation.ch\\\/fr\\\/boutique\\\/\"},{\"@type\":\"ListItem\",\"position\":3,\"name\":\"Nos Marques\",\"item\":\"https:\\\/\\\/teiaeducation.ch\\\/fr\\\/categorie-produit\\\/marques\\\/\"},{\"@type\":\"ListItem\",\"position\":4,\"name\":\"Grimm's\",\"item\":\"https:\\\/\\\/teiaeducation.ch\\\/fr\\\/categorie-produit\\\/marques\\\/grimms-fr\\\/\"},{\"@type\":\"ListItem\",\"position\":5,\"name\":\"Hochet poisson Wilma &#8211; Grimm\u2019s\"}]},{\"@type\":\"WebSite\",\"@id\":\"https:\\\/\\\/teiaeducation.ch\\\/fr\\\/#website\",\"url\":\"https:\\\/\\\/teiaeducation.ch\\\/fr\\\/\",\"name\":\"Sustainable Educational Products &amp; Ecological Toys\u00a0\",\"description\":\"Specialised Swiss shop selling sustainable educational toys and games, AMI certified Montessori materials, handmade ecological wooden Waldorf toys and arts &amp; crafts supplies, school supplies, children&#039;s furniture and Montessori reference and parenting books.\",\"publisher\":{\"@id\":\"https:\\\/\\\/teiaeducation.ch\\\/fr\\\/#organization\"},\"alternateName\":\"Teia Education & Play\",\"potentialAction\":[{\"@type\":\"SearchAction\",\"target\":{\"@type\":\"EntryPoint\",\"urlTemplate\":\"https:\\\/\\\/teiaeducation.ch\\\/fr\\\/?s={search_term_string}\"},\"query-input\":{\"@type\":\"PropertyValueSpecification\",\"valueRequired\":true,\"valueName\":\"search_term_string\"}}],\"inLanguage\":\"fr-FR\"},{\"@type\":\"Organization\",\"@id\":\"https:\\\/\\\/teiaeducation.ch\\\/fr\\\/#organization\",\"name\":\"Teia Education & Play\",\"url\":\"https:\\\/\\\/teiaeducation.ch\\\/fr\\\/\",\"logo\":{\"@type\":\"ImageObject\",\"inLanguage\":\"fr-FR\",\"@id\":\"https:\\\/\\\/teiaeducation.ch\\\/fr\\\/#\\\/schema\\\/logo\\\/image\\\/\",\"url\":\"https:\\\/\\\/teiaeducation.ch\\\/wp-content\\\/uploads\\\/2020\\\/11\\\/Teia-Education-Switzerland-e1620156442216.jpg\",\"contentUrl\":\"https:\\\/\\\/teiaeducation.ch\\\/wp-content\\\/uploads\\\/2020\\\/11\\\/Teia-Education-Switzerland-e1620156442216.jpg\",\"width\":166,\"height\":145,\"caption\":\"Teia Education & Play\"},\"image\":{\"@id\":\"https:\\\/\\\/teiaeducation.ch\\\/fr\\\/#\\\/schema\\\/logo\\\/image\\\/\"},\"sameAs\":[\"https:\\\/\\\/www.facebook.com\\\/teiaeducation\\\/\",\"https:\\\/\\\/x.com\\\/EducationTeia\",\"https:\\\/\\\/www.instagram.com\\\/teia.education\\\/\",\"https:\\\/\\\/www.linkedin.com\\\/company\\\/35501660\",\"https:\\\/\\\/www.pinterest.ch\\\/TeiaEducation\\\/\"]}]}<\/script>\n<!-- \/ Yoast SEO plugin. -->","yoast_head_json":{"title":"Hochet poisson Wilma - Grimm\u2019s - Teia Education & Play","description":"Le hochet poisson Wilma de Grimm's est un jouet pour b\u00e9b\u00e9 en bois rempli de pierres semi-pr\u00e9cieuses avec une finition non toxique s\u00fbre.","robots":{"index":"index","follow":"follow","max-snippet":"max-snippet:-1","max-image-preview":"max-image-preview:large","max-video-preview":"max-video-preview:-1"},"canonical":"https:\/\/teiaeducation.ch\/fr\/produit\/hochet-poisson-wilma-grimms\/","og_locale":"fr_FR","og_type":"article","og_title":"Hochet poisson Wilma - Grimm\u2019s - Teia Education & Play","og_description":"Le hochet poisson Wilma de Grimm's est un jouet pour b\u00e9b\u00e9 en bois rempli de pierres semi-pr\u00e9cieuses avec une finition non toxique s\u00fbre.","og_url":"https:\/\/teiaeducation.ch\/fr\/produit\/hochet-poisson-wilma-grimms\/","og_site_name":"Sustainable Educational Products &amp; Ecological Toys\u00a0","article_publisher":"https:\/\/www.facebook.com\/teiaeducation\/","article_modified_time":"2021-06-24T13:08:39+00:00","og_image":[{"width":800,"height":488,"url":"https:\/\/teiaeducation.ch\/wp-content\/uploads\/2020\/10\/Wilma-fish-rattle-Grimms.jpg","type":"image\/jpeg"}],"schema":{"@context":"https:\/\/schema.org","@graph":[{"@type":"WebPage","@id":"https:\/\/teiaeducation.ch\/fr\/produit\/hochet-poisson-wilma-grimms\/","url":"https:\/\/teiaeducation.ch\/fr\/produit\/hochet-poisson-wilma-grimms\/","name":"Hochet poisson Wilma - Grimm\u2019s - Teia Education & Play","isPartOf":{"@id":"https:\/\/teiaeducation.ch\/fr\/#website"},"primaryImageOfPage":{"@id":"https:\/\/teiaeducation.ch\/fr\/produit\/hochet-poisson-wilma-grimms\/#primaryimage"},"image":{"@id":"https:\/\/teiaeducation.ch\/fr\/produit\/hochet-poisson-wilma-grimms\/#primaryimage"},"thumbnailUrl":"https:\/\/teiaeducation.ch\/wp-content\/uploads\/2020\/10\/Wilma-fish-rattle-Grimms.jpg","datePublished":"2020-10-18T11:38:25+00:00","dateModified":"2021-06-24T13:08:39+00:00","description":"Le hochet poisson Wilma de Grimm's est un jouet pour b\u00e9b\u00e9 en bois rempli de pierres semi-pr\u00e9cieuses avec une finition non toxique s\u00fbre.","breadcrumb":{"@id":"https:\/\/teiaeducation.ch\/fr\/produit\/hochet-poisson-wilma-grimms\/#breadcrumb"},"inLanguage":"fr-FR","potentialAction":[{"@type":"ReadAction","target":["https:\/\/teiaeducation.ch\/fr\/produit\/hochet-poisson-wilma-grimms\/"]}]},{"@type":"ImageObject","inLanguage":"fr-FR","@id":"https:\/\/teiaeducation.ch\/fr\/produit\/hochet-poisson-wilma-grimms\/#primaryimage","url":"https:\/\/teiaeducation.ch\/wp-content\/uploads\/2020\/10\/Wilma-fish-rattle-Grimms.jpg","contentUrl":"https:\/\/teiaeducation.ch\/wp-content\/uploads\/2020\/10\/Wilma-fish-rattle-Grimms.jpg","width":800,"height":488,"caption":"Hochet poisson Wilma en bois pour b\u00e9b\u00e9 - Grimm\u2019s"},{"@type":"BreadcrumbList","@id":"https:\/\/teiaeducation.ch\/fr\/produit\/hochet-poisson-wilma-grimms\/#breadcrumb","itemListElement":[{"@type":"ListItem","position":1,"name":"Home","item":"https:\/\/teiaeducation.ch\/fr\/"},{"@type":"ListItem","position":2,"name":"Boutique Teia Education &amp; Play","item":"https:\/\/teiaeducation.ch\/fr\/boutique\/"},{"@type":"ListItem","position":3,"name":"Nos Marques","item":"https:\/\/teiaeducation.ch\/fr\/categorie-produit\/marques\/"},{"@type":"ListItem","position":4,"name":"Grimm's","item":"https:\/\/teiaeducation.ch\/fr\/categorie-produit\/marques\/grimms-fr\/"},{"@type":"ListItem","position":5,"name":"Hochet poisson Wilma &#8211; Grimm\u2019s"}]},{"@type":"WebSite","@id":"https:\/\/teiaeducation.ch\/fr\/#website","url":"https:\/\/teiaeducation.ch\/fr\/","name":"Sustainable Educational Products &amp; Ecological Toys\u00a0","description":"Specialised Swiss shop selling sustainable educational toys and games, AMI certified Montessori materials, handmade ecological wooden Waldorf toys and arts &amp; crafts supplies, school supplies, children&#039;s furniture and Montessori reference and parenting books.","publisher":{"@id":"https:\/\/teiaeducation.ch\/fr\/#organization"},"alternateName":"Teia Education & Play","potentialAction":[{"@type":"SearchAction","target":{"@type":"EntryPoint","urlTemplate":"https:\/\/teiaeducation.ch\/fr\/?s={search_term_string}"},"query-input":{"@type":"PropertyValueSpecification","valueRequired":true,"valueName":"search_term_string"}}],"inLanguage":"fr-FR"},{"@type":"Organization","@id":"https:\/\/teiaeducation.ch\/fr\/#organization","name":"Teia Education & Play","url":"https:\/\/teiaeducation.ch\/fr\/","logo":{"@type":"ImageObject","inLanguage":"fr-FR","@id":"https:\/\/teiaeducation.ch\/fr\/#\/schema\/logo\/image\/","url":"https:\/\/teiaeducation.ch\/wp-content\/uploads\/2020\/11\/Teia-Education-Switzerland-e1620156442216.jpg","contentUrl":"https:\/\/teiaeducation.ch\/wp-content\/uploads\/2020\/11\/Teia-Education-Switzerland-e1620156442216.jpg","width":166,"height":145,"caption":"Teia Education & Play"},"image":{"@id":"https:\/\/teiaeducation.ch\/fr\/#\/schema\/logo\/image\/"},"sameAs":["https:\/\/www.facebook.com\/teiaeducation\/","https:\/\/x.com\/EducationTeia","https:\/\/www.instagram.com\/teia.education\/","https:\/\/www.linkedin.com\/company\/35501660","https:\/\/www.pinterest.ch\/TeiaEducation\/"]}]}},"_links":{"self":[{"href":"https:\/\/teiaeducation.ch\/fr\/wp-json\/wp\/v2\/product\/31111","targetHints":{"allow":["GET"]}}],"collection":[{"href":"https:\/\/teiaeducation.ch\/fr\/wp-json\/wp\/v2\/product"}],"about":[{"href":"https:\/\/teiaeducation.ch\/fr\/wp-json\/wp\/v2\/types\/product"}],"replies":[{"embeddable":true,"href":"https:\/\/teiaeducation.ch\/fr\/wp-json\/wp\/v2\/comments?post=31111"}],"wp:featuredmedia":[{"embeddable":true,"href":"https:\/\/teiaeducation.ch\/fr\/wp-json\/wp\/v2\/media\/30820"}],"wp:attachment":[{"href":"https:\/\/teiaeducation.ch\/fr\/wp-json\/wp\/v2\/media?parent=31111"}],"wp:term":[{"taxonomy":"product_brand","embeddable":true,"href":"https:\/\/teiaeducation.ch\/fr\/wp-json\/wp\/v2\/product_brand?post=31111"},{"taxonomy":"product_cat","embeddable":true,"href":"https:\/\/teiaeducation.ch\/fr\/wp-json\/wp\/v2\/product_cat?post=31111"},{"taxonomy":"product_tag","embeddable":true,"href":"https:\/\/teiaeducation.ch\/fr\/wp-json\/wp\/v2\/product_tag?post=31111"}],"curies":[{"name":"wp","href":"https:\/\/api.w.org\/{rel}","templated":true}]}}