{"id":31113,"date":"2026-01-23T12:00:22","date_gmt":"2026-01-23T11:00:22","guid":{"rendered":"https:\/\/teiaeducation.ch\/product\/poupee-de-tissu-les-parisiennes-eglantine-moulin-roty\/"},"modified":"2023-03-13T15:27:06","modified_gmt":"2023-03-13T14:27:06","slug":"poupee-tissus-les-parisiennes-eglantine-moulin-roty","status":"publish","type":"product","link":"https:\/\/teiaeducation.ch\/fr\/produit\/poupee-tissus-les-parisiennes-eglantine-moulin-roty\/","title":{"rendered":"Poup\u00e9e de tissu Les Parisiennes: Eglantine &#8211; Moulin Roty"},"content":{"rendered":"<p>Une poup\u00e9e belle et chic en tissu doux nomm\u00e9e Mademoiselle Eglantine de la collection Moulin Roty Les Parisiennes qui symbolise la couture et l\u2019\u00e9l\u00e9gance <a href=\"https:\/\/fhcm.paris\/en\/the-federation\/\">parisienne.<\/a> Rejoignez Eglantine et ses amies \u00e0 la mode pour un apr\u00e8s-midi de shopping dans les rues magiques de Paris !<\/p>\n<p>Eglantine mesure environ 39 cm et sa tenue \u00e9l\u00e9gante comprend une salopette de couleur bleue port\u00e9e sur un chemisier en coton popelin imprim\u00e9 et un t-shirt rose blush \u00e0 manches longues. Elle porte des chaussures de ballet bleu fonc\u00e9 orn\u00e9es d\u2019un ruban rouge. Le sourire timide d\u2019Eglantine, ses joues roses et son corps confortablement doux font d\u2019elle une compagne douce et fid\u00e8le pour les enfants \u00e2g\u00e9s de 12 mois et plus.<\/p>\n<p>La collection Moulin Roty Les Parisiennes met en sc\u00e8ne un groupe de dames parisiennes : la charmante Madame Constance et les \u00e9l\u00e9gantes Mademoiselles Colette, Eglantine, Cerise, Rose, Agathe, Blanche et Elo\u00efse. Chacune des poup\u00e9es douces est faite \u00e0 la main, est de haute qualit\u00e9, porte des v\u00eatements \u00e9l\u00e9gants, a un visage d\u00e9licat et des cheveux de velours. Ils font un cadeau merveilleux pour un enfant vraiment sp\u00e9cial. Les <a href=\"https:\/\/teiaeducation.ch\/fr\/categorie-produit\/jouer\/poupees-en-tissu\/\">poup\u00e9es<\/a> ont un look vintage avec une vraie touche parisienne que l\u2019on retrouve dans le choix des mat\u00e9riaux, des couleurs, des motifs de tissu et des noms.<\/p>\n<p>La poup\u00e9e Les Parisiennes Eglantine est faite de coton et de polyester d\u2019origine certifi\u00e9e Fran\u00e7ais ou europ\u00e9enne et est pr\u00e9sent\u00e9e dans une bo\u00eete cadeau illustr\u00e9e par de belles images de la capitale mondiale de la mode.<\/p>\n<p><a href=\"https:\/\/teiaeducation.ch\/fr\/categorie-produit\/marques\/moulin-roty-fr\/\">Moulin Roty<\/a> est une marque Fran\u00e7aise bien connue pour la cr\u00e9ation de <a href=\"https:\/\/teiaeducation.ch\/fr\/categorie-produit\/jouer\/\">jouets<\/a> de belle qualit\u00e9 pour les enfants ayant une forte valeur \u00e9motionnelle. Chaque jouet est un vrai personnage qui raconte des histoires et est le fruit du travail et du d\u00e9vouement de l\u2019\u00e9quipe cr\u00e9ative de la marque. En passant entre les mains d\u2019une \u00e9quipe d\u2019illustrateurs et de stylistes au c\u0153ur du Moulin Roty, \u00e0 Nort-sur-Erdre, en France, chaque jouet a un monde avec des couleurs et des mat\u00e9riaux con\u00e7us sp\u00e9cifiquement pour lui.<\/p>\n<p>Chaque jouet est test\u00e9 et approuv\u00e9 par un laboratoire ind\u00e9pendant Fran\u00e7ais et tous les jouets de Moulin Roty sont conformes \u00e0 la norme europ\u00e9enne NF-EN71 et portent la marque CE. La plupart des tissus et mat\u00e9riaux utilis\u00e9s pour cr\u00e9er les jouets proviennent de France et d\u2019Europe pour leur cr\u00e9ativit\u00e9 et leur qualit\u00e9 technique, ainsi que leur non-toxicit\u00e9, et ont pass\u00e9 des tests rigoureux par Oeko-Tex.<\/p>\n<p>La collection Les Parisiennes est fabriqu\u00e9e en Chine dans une usine certifi\u00e9e ISO qui a \u00e9t\u00e9 s\u00e9lectionn\u00e9e par Moulin Roty avec le plus grand soin et avec laquelle la marque entretient une relation durable.<\/p>\n<p>Contenu:<\/p>\n<p>1 poup\u00e9e en tissu &#8211; environ 39 cm de haut<br \/>\n1 bo\u00eete cadeau<\/p>\n<p><strong>Instructions de soins :<\/strong><\/p>\n<p>Lavable en machine \u00e0 30 degr\u00e9s sur le cycle de laine &#8211; ne pas mettre au s\u00e8che-linge.<\/p>\n","protected":false},"excerpt":{"rendered":"<p>Num\u00e9ro d\u2019article: 642527<\/p>\n<p>Rejoignez Mademoiselle Eglantine et ses amies \u00e0 la mode \u00ab Les Parisiennes \u00bb pour un apr\u00e8s-midi de shopping dans les rues magiques de Paris !<\/p>\n","protected":false},"featured_media":30844,"comment_status":"open","ping_status":"closed","template":"","meta":[],"product_brand":[],"product_cat":[25968,208,215,17242,17238,21257,13130,13137,16899,217,5851,13143,212],"product_tag":[17378,17377,17379,17380,17383,17382,17385,17381],"class_list":{"0":"post-31113","1":"product","2":"type-product","3":"status-publish","4":"has-post-thumbnail","6":"product_cat-0-12-mois-bebe","7":"product_cat-1-3-ans","8":"product_cat-3-6-ans","9":"product_cat-guide-cadeaux-1-3-ans","10":"product_cat-guide-cadeaux-jouets-mous","11":"product_cat-guides-cadeaux","12":"product_cat-jouer","13":"product_cat-jouets-en-tissu","14":"product_cat-moulin-roty-fr","15":"product_cat-marques","16":"product_cat-nouveautes","17":"product_cat-poupees-en-tissu","18":"product_cat-tranche-dage","19":"product_tag-les-parisiennes-fr","20":"product_tag-moulin-roty-fr","21":"product_tag-moulin-roty-collection-memoire-de-lenfant-fr","22":"product_tag-poupee-douces-pour-enfants","23":"product_tag-poupee-en-tissus-les-parisiennes-colette-moulin-roty","24":"product_tag-poupee-inspiree-de-parisiennes-pour-enfants","25":"product_tag-poupee-mademoiselle-eglantine-moulin-roty","26":"product_tag-poupee-stylee-pour-enfants","28":"first","29":"instock","30":"taxable","31":"shipping-taxable","32":"purchasable","33":"product-type-simple"},"yoast_head":"<!-- This site is optimized with the Yoast SEO plugin v27.1.1 - https:\/\/yoast.com\/product\/yoast-seo-wordpress\/ -->\n<title>Poup\u00e9e de tissu Les Parisiennes: Eglantine - Moulin Roty<\/title>\n<meta name=\"description\" content=\"Une belle et douce poup\u00e9e nomm\u00e9e Mademoiselle Eglantine de la collection Moulin Roty Les Parisiennes qui symbolise la couture et l\u2019\u00e9l\u00e9gance parisienne.\" \/>\n<meta name=\"robots\" content=\"index, follow, max-snippet:-1, max-image-preview:large, max-video-preview:-1\" \/>\n<link rel=\"canonical\" href=\"https:\/\/teiaeducation.ch\/fr\/produit\/poupee-tissus-les-parisiennes-eglantine-moulin-roty\/\" \/>\n<meta property=\"og:locale\" content=\"fr_FR\" \/>\n<meta property=\"og:type\" content=\"article\" \/>\n<meta property=\"og:title\" content=\"Poup\u00e9e de tissu Les Parisiennes: Eglantine - Moulin Roty\" \/>\n<meta property=\"og:description\" content=\"Une belle et douce poup\u00e9e nomm\u00e9e Mademoiselle Eglantine de la collection Moulin Roty Les Parisiennes qui symbolise la couture et l\u2019\u00e9l\u00e9gance parisienne.\" \/>\n<meta property=\"og:url\" content=\"https:\/\/teiaeducation.ch\/fr\/produit\/poupee-tissus-les-parisiennes-eglantine-moulin-roty\/\" \/>\n<meta property=\"og:site_name\" content=\"Sustainable Educational Products &amp; Ecological Toys\u00a0\" \/>\n<meta property=\"article:publisher\" content=\"https:\/\/www.facebook.com\/teiaeducation\/\" \/>\n<meta property=\"og:image\" content=\"https:\/\/teiaeducation.ch\/wp-content\/uploads\/2020\/10\/Fabric-Doll-Les-Parisiennes-Mademoiselle-Eglantine-Moulin-Roty.jpg\" \/>\n\t<meta property=\"og:image:width\" content=\"800\" \/>\n\t<meta property=\"og:image:height\" content=\"800\" \/>\n\t<meta property=\"og:image:type\" content=\"image\/jpeg\" \/>\n<script type=\"application\/ld+json\" class=\"yoast-schema-graph\">{\"@context\":\"https:\/\/schema.org\",\"@graph\":[{\"@type\":\"WebPage\",\"@id\":\"https:\/\/teiaeducation.ch\/fr\/produit\/poupee-tissus-les-parisiennes-eglantine-moulin-roty\/\",\"url\":\"https:\/\/teiaeducation.ch\/fr\/produit\/poupee-tissus-les-parisiennes-eglantine-moulin-roty\/\",\"name\":\"Poup\u00e9e de tissu Les Parisiennes: Eglantine - Moulin Roty\",\"isPartOf\":{\"@id\":\"https:\/\/teiaeducation.ch\/fr\/#website\"},\"primaryImageOfPage\":{\"@id\":\"https:\/\/teiaeducation.ch\/fr\/produit\/poupee-tissus-les-parisiennes-eglantine-moulin-roty\/#primaryimage\"},\"image\":{\"@id\":\"https:\/\/teiaeducation.ch\/fr\/produit\/poupee-tissus-les-parisiennes-eglantine-moulin-roty\/#primaryimage\"},\"thumbnailUrl\":\"https:\/\/teiaeducation.ch\/wp-content\/uploads\/2020\/10\/Fabric-Doll-Les-Parisiennes-Mademoiselle-Eglantine-Moulin-Roty.jpg\",\"datePublished\":\"2026-01-23T11:00:22+00:00\",\"description\":\"Une belle et douce poup\u00e9e nomm\u00e9e Mademoiselle Eglantine de la collection Moulin Roty Les Parisiennes qui symbolise la couture et l\u2019\u00e9l\u00e9gance parisienne.\",\"breadcrumb\":{\"@id\":\"https:\/\/teiaeducation.ch\/fr\/produit\/poupee-tissus-les-parisiennes-eglantine-moulin-roty\/#breadcrumb\"},\"inLanguage\":\"fr-FR\",\"potentialAction\":[{\"@type\":\"ReadAction\",\"target\":[\"https:\/\/teiaeducation.ch\/fr\/produit\/poupee-tissus-les-parisiennes-eglantine-moulin-roty\/\"]}]},{\"@type\":\"ImageObject\",\"inLanguage\":\"fr-FR\",\"@id\":\"https:\/\/teiaeducation.ch\/fr\/produit\/poupee-tissus-les-parisiennes-eglantine-moulin-roty\/#primaryimage\",\"url\":\"https:\/\/teiaeducation.ch\/wp-content\/uploads\/2020\/10\/Fabric-Doll-Les-Parisiennes-Mademoiselle-Eglantine-Moulin-Roty.jpg\",\"contentUrl\":\"https:\/\/teiaeducation.ch\/wp-content\/uploads\/2020\/10\/Fabric-Doll-Les-Parisiennes-Mademoiselle-Eglantine-Moulin-Roty.jpg\",\"width\":800,\"height\":800,\"caption\":\"Poup\u00e9e de tissu Les Parisiennes: Mademoiselle Eglantine - Moulin Roty\"},{\"@type\":\"BreadcrumbList\",\"@id\":\"https:\/\/teiaeducation.ch\/fr\/produit\/poupee-tissus-les-parisiennes-eglantine-moulin-roty\/#breadcrumb\",\"itemListElement\":[{\"@type\":\"ListItem\",\"position\":1,\"name\":\"Home\",\"item\":\"https:\/\/teiaeducation.ch\/fr\/\"},{\"@type\":\"ListItem\",\"position\":2,\"name\":\"Boutique Teia Education &amp; Play\",\"item\":\"https:\/\/teiaeducation.ch\/fr\/boutique\/\"},{\"@type\":\"ListItem\",\"position\":3,\"name\":\"Tranche d'\u00c2ge\",\"item\":\"https:\/\/teiaeducation.ch\/fr\/categorie-produit\/tranche-dage\/\"},{\"@type\":\"ListItem\",\"position\":4,\"name\":\"0-12 mois B\u00e9b\u00e9\",\"item\":\"https:\/\/teiaeducation.ch\/fr\/categorie-produit\/tranche-dage\/0-12-mois-bebe\/\"},{\"@type\":\"ListItem\",\"position\":5,\"name\":\"Poup\u00e9e de tissu Les Parisiennes: Eglantine &#8211; Moulin Roty\"}]},{\"@type\":\"WebSite\",\"@id\":\"https:\/\/teiaeducation.ch\/fr\/#website\",\"url\":\"https:\/\/teiaeducation.ch\/fr\/\",\"name\":\"Sustainable Educational Products &amp; Ecological Toys\u00a0\",\"description\":\"Specialised Swiss shop selling sustainable educational toys and games, AMI certified Montessori materials, handmade ecological wooden Waldorf toys and arts &amp; crafts supplies, school supplies, children&#039;s furniture and Montessori reference and parenting books.\",\"publisher\":{\"@id\":\"https:\/\/teiaeducation.ch\/fr\/#organization\"},\"alternateName\":\"Teia Education & Play\",\"potentialAction\":[{\"@type\":\"SearchAction\",\"target\":{\"@type\":\"EntryPoint\",\"urlTemplate\":\"https:\/\/teiaeducation.ch\/fr\/?s={search_term_string}\"},\"query-input\":{\"@type\":\"PropertyValueSpecification\",\"valueRequired\":true,\"valueName\":\"search_term_string\"}}],\"inLanguage\":\"fr-FR\"},{\"@type\":\"Organization\",\"@id\":\"https:\/\/teiaeducation.ch\/fr\/#organization\",\"name\":\"Teia Education & Play\",\"url\":\"https:\/\/teiaeducation.ch\/fr\/\",\"logo\":{\"@type\":\"ImageObject\",\"inLanguage\":\"fr-FR\",\"@id\":\"https:\/\/teiaeducation.ch\/fr\/#\/schema\/logo\/image\/\",\"url\":\"https:\/\/teiaeducation.ch\/wp-content\/uploads\/2020\/11\/Teia-Education-Switzerland-e1620156442216.jpg\",\"contentUrl\":\"https:\/\/teiaeducation.ch\/wp-content\/uploads\/2020\/11\/Teia-Education-Switzerland-e1620156442216.jpg\",\"width\":166,\"height\":145,\"caption\":\"Teia Education & Play\"},\"image\":{\"@id\":\"https:\/\/teiaeducation.ch\/fr\/#\/schema\/logo\/image\/\"},\"sameAs\":[\"https:\/\/www.facebook.com\/teiaeducation\/\",\"https:\/\/x.com\/EducationTeia\",\"https:\/\/www.instagram.com\/teia.education\/\",\"https:\/\/www.linkedin.com\/company\/35501660\",\"https:\/\/www.pinterest.ch\/TeiaEducation\/\"]}]}<\/script>\n<!-- \/ Yoast SEO plugin. -->","yoast_head_json":{"title":"Poup\u00e9e de tissu Les Parisiennes: Eglantine - Moulin Roty","description":"Une belle et douce poup\u00e9e nomm\u00e9e Mademoiselle Eglantine de la collection Moulin Roty Les Parisiennes qui symbolise la couture et l\u2019\u00e9l\u00e9gance parisienne.","robots":{"index":"index","follow":"follow","max-snippet":"max-snippet:-1","max-image-preview":"max-image-preview:large","max-video-preview":"max-video-preview:-1"},"canonical":"https:\/\/teiaeducation.ch\/fr\/produit\/poupee-tissus-les-parisiennes-eglantine-moulin-roty\/","og_locale":"fr_FR","og_type":"article","og_title":"Poup\u00e9e de tissu Les Parisiennes: Eglantine - Moulin Roty","og_description":"Une belle et douce poup\u00e9e nomm\u00e9e Mademoiselle Eglantine de la collection Moulin Roty Les Parisiennes qui symbolise la couture et l\u2019\u00e9l\u00e9gance parisienne.","og_url":"https:\/\/teiaeducation.ch\/fr\/produit\/poupee-tissus-les-parisiennes-eglantine-moulin-roty\/","og_site_name":"Sustainable Educational Products &amp; Ecological Toys\u00a0","article_publisher":"https:\/\/www.facebook.com\/teiaeducation\/","og_image":[{"width":800,"height":800,"url":"https:\/\/teiaeducation.ch\/wp-content\/uploads\/2020\/10\/Fabric-Doll-Les-Parisiennes-Mademoiselle-Eglantine-Moulin-Roty.jpg","type":"image\/jpeg"}],"schema":{"@context":"https:\/\/schema.org","@graph":[{"@type":"WebPage","@id":"https:\/\/teiaeducation.ch\/fr\/produit\/poupee-tissus-les-parisiennes-eglantine-moulin-roty\/","url":"https:\/\/teiaeducation.ch\/fr\/produit\/poupee-tissus-les-parisiennes-eglantine-moulin-roty\/","name":"Poup\u00e9e de tissu Les Parisiennes: Eglantine - Moulin Roty","isPartOf":{"@id":"https:\/\/teiaeducation.ch\/fr\/#website"},"primaryImageOfPage":{"@id":"https:\/\/teiaeducation.ch\/fr\/produit\/poupee-tissus-les-parisiennes-eglantine-moulin-roty\/#primaryimage"},"image":{"@id":"https:\/\/teiaeducation.ch\/fr\/produit\/poupee-tissus-les-parisiennes-eglantine-moulin-roty\/#primaryimage"},"thumbnailUrl":"https:\/\/teiaeducation.ch\/wp-content\/uploads\/2020\/10\/Fabric-Doll-Les-Parisiennes-Mademoiselle-Eglantine-Moulin-Roty.jpg","datePublished":"2026-01-23T11:00:22+00:00","description":"Une belle et douce poup\u00e9e nomm\u00e9e Mademoiselle Eglantine de la collection Moulin Roty Les Parisiennes qui symbolise la couture et l\u2019\u00e9l\u00e9gance parisienne.","breadcrumb":{"@id":"https:\/\/teiaeducation.ch\/fr\/produit\/poupee-tissus-les-parisiennes-eglantine-moulin-roty\/#breadcrumb"},"inLanguage":"fr-FR","potentialAction":[{"@type":"ReadAction","target":["https:\/\/teiaeducation.ch\/fr\/produit\/poupee-tissus-les-parisiennes-eglantine-moulin-roty\/"]}]},{"@type":"ImageObject","inLanguage":"fr-FR","@id":"https:\/\/teiaeducation.ch\/fr\/produit\/poupee-tissus-les-parisiennes-eglantine-moulin-roty\/#primaryimage","url":"https:\/\/teiaeducation.ch\/wp-content\/uploads\/2020\/10\/Fabric-Doll-Les-Parisiennes-Mademoiselle-Eglantine-Moulin-Roty.jpg","contentUrl":"https:\/\/teiaeducation.ch\/wp-content\/uploads\/2020\/10\/Fabric-Doll-Les-Parisiennes-Mademoiselle-Eglantine-Moulin-Roty.jpg","width":800,"height":800,"caption":"Poup\u00e9e de tissu Les Parisiennes: Mademoiselle Eglantine - Moulin Roty"},{"@type":"BreadcrumbList","@id":"https:\/\/teiaeducation.ch\/fr\/produit\/poupee-tissus-les-parisiennes-eglantine-moulin-roty\/#breadcrumb","itemListElement":[{"@type":"ListItem","position":1,"name":"Home","item":"https:\/\/teiaeducation.ch\/fr\/"},{"@type":"ListItem","position":2,"name":"Boutique Teia Education &amp; Play","item":"https:\/\/teiaeducation.ch\/fr\/boutique\/"},{"@type":"ListItem","position":3,"name":"Tranche d'\u00c2ge","item":"https:\/\/teiaeducation.ch\/fr\/categorie-produit\/tranche-dage\/"},{"@type":"ListItem","position":4,"name":"0-12 mois B\u00e9b\u00e9","item":"https:\/\/teiaeducation.ch\/fr\/categorie-produit\/tranche-dage\/0-12-mois-bebe\/"},{"@type":"ListItem","position":5,"name":"Poup\u00e9e de tissu Les Parisiennes: Eglantine &#8211; Moulin Roty"}]},{"@type":"WebSite","@id":"https:\/\/teiaeducation.ch\/fr\/#website","url":"https:\/\/teiaeducation.ch\/fr\/","name":"Sustainable Educational Products &amp; Ecological Toys\u00a0","description":"Specialised Swiss shop selling sustainable educational toys and games, AMI certified Montessori materials, handmade ecological wooden Waldorf toys and arts &amp; crafts supplies, school supplies, children&#039;s furniture and Montessori reference and parenting books.","publisher":{"@id":"https:\/\/teiaeducation.ch\/fr\/#organization"},"alternateName":"Teia Education & Play","potentialAction":[{"@type":"SearchAction","target":{"@type":"EntryPoint","urlTemplate":"https:\/\/teiaeducation.ch\/fr\/?s={search_term_string}"},"query-input":{"@type":"PropertyValueSpecification","valueRequired":true,"valueName":"search_term_string"}}],"inLanguage":"fr-FR"},{"@type":"Organization","@id":"https:\/\/teiaeducation.ch\/fr\/#organization","name":"Teia Education & Play","url":"https:\/\/teiaeducation.ch\/fr\/","logo":{"@type":"ImageObject","inLanguage":"fr-FR","@id":"https:\/\/teiaeducation.ch\/fr\/#\/schema\/logo\/image\/","url":"https:\/\/teiaeducation.ch\/wp-content\/uploads\/2020\/11\/Teia-Education-Switzerland-e1620156442216.jpg","contentUrl":"https:\/\/teiaeducation.ch\/wp-content\/uploads\/2020\/11\/Teia-Education-Switzerland-e1620156442216.jpg","width":166,"height":145,"caption":"Teia Education & Play"},"image":{"@id":"https:\/\/teiaeducation.ch\/fr\/#\/schema\/logo\/image\/"},"sameAs":["https:\/\/www.facebook.com\/teiaeducation\/","https:\/\/x.com\/EducationTeia","https:\/\/www.instagram.com\/teia.education\/","https:\/\/www.linkedin.com\/company\/35501660","https:\/\/www.pinterest.ch\/TeiaEducation\/"]}]}},"_links":{"self":[{"href":"https:\/\/teiaeducation.ch\/fr\/wp-json\/wp\/v2\/product\/31113","targetHints":{"allow":["GET"]}}],"collection":[{"href":"https:\/\/teiaeducation.ch\/fr\/wp-json\/wp\/v2\/product"}],"about":[{"href":"https:\/\/teiaeducation.ch\/fr\/wp-json\/wp\/v2\/types\/product"}],"replies":[{"embeddable":true,"href":"https:\/\/teiaeducation.ch\/fr\/wp-json\/wp\/v2\/comments?post=31113"}],"wp:featuredmedia":[{"embeddable":true,"href":"https:\/\/teiaeducation.ch\/fr\/wp-json\/wp\/v2\/media\/30844"}],"wp:attachment":[{"href":"https:\/\/teiaeducation.ch\/fr\/wp-json\/wp\/v2\/media?parent=31113"}],"wp:term":[{"taxonomy":"product_brand","embeddable":true,"href":"https:\/\/teiaeducation.ch\/fr\/wp-json\/wp\/v2\/product_brand?post=31113"},{"taxonomy":"product_cat","embeddable":true,"href":"https:\/\/teiaeducation.ch\/fr\/wp-json\/wp\/v2\/product_cat?post=31113"},{"taxonomy":"product_tag","embeddable":true,"href":"https:\/\/teiaeducation.ch\/fr\/wp-json\/wp\/v2\/product_tag?post=31113"}],"curies":[{"name":"wp","href":"https:\/\/api.w.org\/{rel}","templated":true}]}}