{"id":31136,"date":"2020-10-16T09:43:36","date_gmt":"2020-10-16T07:43:36","guid":{"rendered":"https:\/\/teiaeducation.ch\/product\/ensemble-de-crayons-de-cire-16-stockmar\/"},"modified":"2021-12-02T08:58:43","modified_gmt":"2021-12-02T07:58:43","slug":"crayons-cire-assortiment-16-stockmar","status":"publish","type":"product","link":"https:\/\/teiaeducation.ch\/fr\/produit\/crayons-cire-assortiment-16-stockmar\/","title":{"rendered":"8 blocs et 8 crayons de cire (16) &#8211; Stockmar"},"content":{"rendered":"<p>Assortiment 8 blocs et 8 crayons de cire (16) \/ Fournitures d\u2019art Waldorf &#8211; Stockmar<\/p>\n<p>Un assortiment de crayons de cire Stockmar non toxiques de haute qualit\u00e9, avec un \u00e9tui en m\u00e9tal , un petit grattoir et 8 blocs de cire incassable mesurant 4,1 x 2,3 x 1,2 cm et 8 crayons de cire incassables avec une longueur de 8,3 cm et un diam\u00e8tre de 1,2 cm. La taille et la forme du bloc de cire et des crayons de cire se place bien dans la main et sont particuli\u00e8rement adapt\u00e9s pour les petits enfants. La gamme de crayons de cire Stockmar contient de la cire d\u2019abeilles pure comme agent de liaison et r\u00e9pondre aux exigences \u00e9ducatives, esth\u00e9tiques et artistiques les plus \u00e9lev\u00e9es et promettent des ann\u00e9es de pur plaisir en dessinant. Les crayons ont un parfum agr\u00e9able qui fait appel aux <a href=\"https:\/\/teiaeducation.ch\/fr\/categorie-produit\/domaines-du-curriculum\/sensorielles-motrices\/sens\/\">sens<\/a>\u00a0de l\u2019enfant.<\/p>\n<p>Dot\u00e9s de propri\u00e9t\u00e9s de dessin exceptionnelles et garantis de ne pas s\u2019effriter, coller ou tacher, ces crayons de cire non toxiques font partie int\u00e9grante d\u2019un concept solide pour l\u2019\u00e9ducation artistique des enfants. La forme des blocs de cire permet de cr\u00e9er un \u00e9ventail d\u2019effets artistiques tels que des vagues en faisant glisser le bloc \u00e0 travers le papier.<\/p>\n<p>La gamme de couleurs des crayons de cire suit la version \u00e9tendue de la \u00ab th\u00e9orie des couleurs \u00bb de Goethe : chaque tonalit\u00e9 incluse dans l\u2019assortiment a \u00e9t\u00e9 ajust\u00e9e de sorte qu\u2019elle puisse \u00eatre bien m\u00e9lang\u00e9e avec n\u2019importe laquelle des autres couleurs. Des gradations interm\u00e9diaires harmonieuses et un m\u00e9lange de couleurs sans limites sont \u00e9galement possibles, que ce soit en dessinant, en peignant, en appliquant g\u00e9n\u00e9reusement, en superposant, en grattant ou en fondant des couleurs. La transparence naturelle de la cire et l\u2019absence de charges se traduisent par une capacit\u00e9 de gla\u00e7ure, comparable \u00e0 celle de la peinture \u00e0 l\u2019aquarelle.<\/p>\n<p>L\u2019assortiment de crayons de cire Stockmar Waldorf comprend les couleurs suivantes de la gamme Stockmar : 01 carmin rouge | 03 orange | 05 jaune citron | 07 vert | 09 bleu | 11 violet bleu | 13 rouille | 15 noir. Apr\u00e8s l\u2019application, les couleurs sont \u00e0 l\u2019\u00e9preuve des t\u00e2ches et ont une luminosit\u00e9 \u00e9lev\u00e9e.<\/p>\n<p>Les crayons de cire Stockmar ont \u00e9t\u00e9 test\u00e9s dans l\u2019enseignement de l\u2019art, dans les \u00e9coles Waldorf \/ Steiner, les \u00e9coles traditionnelles ainsi que les jardins d\u2019enfants et sont fabriqu\u00e9s en Allemagne \u00e0 partir d&#8217;ingr\u00e9dients naturels selon une tradition durable.<\/p>\n<p>Ce mat\u00e9riel convient aux enfants \u00e2g\u00e9s de 3 ans et plus.<\/p>\n<p>Les blocs de cire Stockmar et les crayons de cire ont \u00e9t\u00e9 recompens\u00e9s par le sceau Spielgut\u00ae.<\/p>\n<p>Contenu :<\/p>\n<p>8 blocs de cire<br \/>\n8 crayons de cire<br \/>\n1 \u00e9tui en m\u00e9tal<br \/>\n1 grattoir<\/p>\n","protected":false},"excerpt":{"rendered":"<p>Num\u00e9ro d\u2019article: 85035061<\/p>\n<p>Le blocs et crayons de cire de haute qualit\u00e9 Stockmar sont incassables et non toxiques et font partie int\u00e9grante d\u2019un concept solide pour l\u2019\u00e9ducation artistique. Ils sont bien positionn\u00e9s dans la main et sont sp\u00e9cialement adapt\u00e9s pour les petits enfants!<\/p>\n","protected":false},"featured_media":30776,"comment_status":"open","ping_status":"closed","template":"","meta":[],"product_brand":[],"product_cat":[215,216,22032,20247,17240,21257,13127,7595,217,5851,13125,212,1219],"product_tag":[17407,17406,17405,17404,17403,17402,17399,17400,17401],"class_list":{"0":"post-31136","1":"product","2":"type-product","3":"status-publish","4":"has-post-thumbnail","6":"product_cat-3-6-ans","7":"product_cat-6-12-ans","8":"product_cat-cadeaux-du-calendrier-de-lavent-et-de-noel","9":"product_cat-dessin-et-coloriage","10":"product_cat-guide-cadeaux-creatif","11":"product_cat-guides-cadeaux","12":"product_cat-creativite-beaux-arts-et-bricolage","13":"product_cat-methode-deducation","14":"product_cat-marques","15":"product_cat-nouveautes","16":"product_cat-stockmar-fr","17":"product_cat-tranche-dage","18":"product_cat-waldorf-fr","19":"product_tag-assortiment-de-crayons-de-cire-waldorf-stockmar","20":"product_tag-crayons-de-cire-naturelle-stockmar","21":"product_tag-crayons-de-cire-non-toxique","22":"product_tag-fournitures-des-ecoles-steiner-et-waldorf-suisse","23":"product_tag-fournitures-waldorf-stockmar","24":"product_tag-stockmar-allemagne","25":"product_tag-stockmar-suisse-fr","26":"product_tag-stockmar-suisse-fr-2","27":"product_tag-stockmar-suisse-fr-3","29":"first","30":"outofstock","31":"taxable","32":"shipping-taxable","33":"purchasable","34":"product-type-simple"},"yoast_head":"<!-- This site is optimized with the Yoast SEO plugin v27.1.1 - https:\/\/yoast.com\/product\/yoast-seo-wordpress\/ -->\n<title>8 blocs et 8 crayons de cire (16) - Stockmar - Teia Education &amp; Play<\/title>\n<meta name=\"description\" content=\"L&#039;assortiment de 8 blocs et 8 crayons de cire Stockmar non toxiques de haute qualit\u00e9 r\u00e9pondant aux exigences artistiques Waldorf les plus \u00e9lev\u00e9es.\" \/>\n<meta name=\"robots\" content=\"index, follow, max-snippet:-1, max-image-preview:large, max-video-preview:-1\" \/>\n<link rel=\"canonical\" href=\"https:\/\/teiaeducation.ch\/fr\/produit\/crayons-cire-assortiment-16-stockmar\/\" \/>\n<meta property=\"og:locale\" content=\"fr_FR\" \/>\n<meta property=\"og:type\" content=\"article\" \/>\n<meta property=\"og:title\" content=\"8 blocs et 8 crayons de cire (16) - Stockmar - Teia Education &amp; Play\" \/>\n<meta property=\"og:description\" content=\"L&#039;assortiment de 8 blocs et 8 crayons de cire Stockmar non toxiques de haute qualit\u00e9 r\u00e9pondant aux exigences artistiques Waldorf les plus \u00e9lev\u00e9es.\" \/>\n<meta property=\"og:url\" content=\"https:\/\/teiaeducation.ch\/fr\/produit\/crayons-cire-assortiment-16-stockmar\/\" \/>\n<meta property=\"og:site_name\" content=\"Sustainable Educational Products &amp; Ecological Toys\u00a0\" \/>\n<meta property=\"article:publisher\" content=\"https:\/\/www.facebook.com\/teiaeducation\/\" \/>\n<meta property=\"article:modified_time\" content=\"2021-12-02T07:58:43+00:00\" \/>\n<meta property=\"og:image\" content=\"https:\/\/teiaeducation.ch\/wp-content\/uploads\/2020\/10\/Wax-crayons-mix-16-Waldorf-art-supplies-Stockmar.jpg\" \/>\n\t<meta property=\"og:image:width\" content=\"850\" \/>\n\t<meta property=\"og:image:height\" content=\"900\" \/>\n\t<meta property=\"og:image:type\" content=\"image\/jpeg\" \/>\n<script type=\"application\/ld+json\" class=\"yoast-schema-graph\">{\"@context\":\"https:\/\/schema.org\",\"@graph\":[{\"@type\":\"WebPage\",\"@id\":\"https:\/\/teiaeducation.ch\/fr\/produit\/crayons-cire-assortiment-16-stockmar\/\",\"url\":\"https:\/\/teiaeducation.ch\/fr\/produit\/crayons-cire-assortiment-16-stockmar\/\",\"name\":\"8 blocs et 8 crayons de cire (16) - Stockmar - Teia Education & Play\",\"isPartOf\":{\"@id\":\"https:\/\/teiaeducation.ch\/fr\/#website\"},\"primaryImageOfPage\":{\"@id\":\"https:\/\/teiaeducation.ch\/fr\/produit\/crayons-cire-assortiment-16-stockmar\/#primaryimage\"},\"image\":{\"@id\":\"https:\/\/teiaeducation.ch\/fr\/produit\/crayons-cire-assortiment-16-stockmar\/#primaryimage\"},\"thumbnailUrl\":\"https:\/\/teiaeducation.ch\/wp-content\/uploads\/2020\/10\/Wax-crayons-mix-16-Waldorf-art-supplies-Stockmar.jpg\",\"datePublished\":\"2020-10-16T07:43:36+00:00\",\"dateModified\":\"2021-12-02T07:58:43+00:00\",\"description\":\"L'assortiment de 8 blocs et 8 crayons de cire Stockmar non toxiques de haute qualit\u00e9 r\u00e9pondant aux exigences artistiques Waldorf les plus \u00e9lev\u00e9es.\",\"breadcrumb\":{\"@id\":\"https:\/\/teiaeducation.ch\/fr\/produit\/crayons-cire-assortiment-16-stockmar\/#breadcrumb\"},\"inLanguage\":\"fr-FR\",\"potentialAction\":[{\"@type\":\"ReadAction\",\"target\":[\"https:\/\/teiaeducation.ch\/fr\/produit\/crayons-cire-assortiment-16-stockmar\/\"]}]},{\"@type\":\"ImageObject\",\"inLanguage\":\"fr-FR\",\"@id\":\"https:\/\/teiaeducation.ch\/fr\/produit\/crayons-cire-assortiment-16-stockmar\/#primaryimage\",\"url\":\"https:\/\/teiaeducation.ch\/wp-content\/uploads\/2020\/10\/Wax-crayons-mix-16-Waldorf-art-supplies-Stockmar.jpg\",\"contentUrl\":\"https:\/\/teiaeducation.ch\/wp-content\/uploads\/2020\/10\/Wax-crayons-mix-16-Waldorf-art-supplies-Stockmar.jpg\",\"width\":850,\"height\":900,\"caption\":\"Assortiment 8 blocs et 8 crayons de cire (16) \/ Fournitures d\u2019art Waldorf - Stockmar\"},{\"@type\":\"BreadcrumbList\",\"@id\":\"https:\/\/teiaeducation.ch\/fr\/produit\/crayons-cire-assortiment-16-stockmar\/#breadcrumb\",\"itemListElement\":[{\"@type\":\"ListItem\",\"position\":1,\"name\":\"Home\",\"item\":\"https:\/\/teiaeducation.ch\/fr\/\"},{\"@type\":\"ListItem\",\"position\":2,\"name\":\"Boutique Teia Education &amp; Play\",\"item\":\"https:\/\/teiaeducation.ch\/fr\/boutique\/\"},{\"@type\":\"ListItem\",\"position\":3,\"name\":\"Tranche d'\u00c2ge\",\"item\":\"https:\/\/teiaeducation.ch\/fr\/categorie-produit\/tranche-dage\/\"},{\"@type\":\"ListItem\",\"position\":4,\"name\":\"3-6 Ans Maternelle\",\"item\":\"https:\/\/teiaeducation.ch\/fr\/categorie-produit\/tranche-dage\/3-6-ans\/\"},{\"@type\":\"ListItem\",\"position\":5,\"name\":\"8 blocs et 8 crayons de cire (16) &#8211; Stockmar\"}]},{\"@type\":\"WebSite\",\"@id\":\"https:\/\/teiaeducation.ch\/fr\/#website\",\"url\":\"https:\/\/teiaeducation.ch\/fr\/\",\"name\":\"Sustainable Educational Products &amp; Ecological Toys\u00a0\",\"description\":\"Specialised Swiss shop selling sustainable educational toys and games, AMI certified Montessori materials, handmade ecological wooden Waldorf toys and arts &amp; crafts supplies, school supplies, children&#039;s furniture and Montessori reference and parenting books.\",\"publisher\":{\"@id\":\"https:\/\/teiaeducation.ch\/fr\/#organization\"},\"alternateName\":\"Teia Education & Play\",\"potentialAction\":[{\"@type\":\"SearchAction\",\"target\":{\"@type\":\"EntryPoint\",\"urlTemplate\":\"https:\/\/teiaeducation.ch\/fr\/?s={search_term_string}\"},\"query-input\":{\"@type\":\"PropertyValueSpecification\",\"valueRequired\":true,\"valueName\":\"search_term_string\"}}],\"inLanguage\":\"fr-FR\"},{\"@type\":\"Organization\",\"@id\":\"https:\/\/teiaeducation.ch\/fr\/#organization\",\"name\":\"Teia Education & Play\",\"url\":\"https:\/\/teiaeducation.ch\/fr\/\",\"logo\":{\"@type\":\"ImageObject\",\"inLanguage\":\"fr-FR\",\"@id\":\"https:\/\/teiaeducation.ch\/fr\/#\/schema\/logo\/image\/\",\"url\":\"https:\/\/teiaeducation.ch\/wp-content\/uploads\/2020\/11\/Teia-Education-Switzerland-e1620156442216.jpg\",\"contentUrl\":\"https:\/\/teiaeducation.ch\/wp-content\/uploads\/2020\/11\/Teia-Education-Switzerland-e1620156442216.jpg\",\"width\":166,\"height\":145,\"caption\":\"Teia Education & Play\"},\"image\":{\"@id\":\"https:\/\/teiaeducation.ch\/fr\/#\/schema\/logo\/image\/\"},\"sameAs\":[\"https:\/\/www.facebook.com\/teiaeducation\/\",\"https:\/\/x.com\/EducationTeia\",\"https:\/\/www.instagram.com\/teia.education\/\",\"https:\/\/www.linkedin.com\/company\/35501660\",\"https:\/\/www.pinterest.ch\/TeiaEducation\/\"]}]}<\/script>\n<!-- \/ Yoast SEO plugin. -->","yoast_head_json":{"title":"8 blocs et 8 crayons de cire (16) - Stockmar - Teia Education & Play","description":"L'assortiment de 8 blocs et 8 crayons de cire Stockmar non toxiques de haute qualit\u00e9 r\u00e9pondant aux exigences artistiques Waldorf les plus \u00e9lev\u00e9es.","robots":{"index":"index","follow":"follow","max-snippet":"max-snippet:-1","max-image-preview":"max-image-preview:large","max-video-preview":"max-video-preview:-1"},"canonical":"https:\/\/teiaeducation.ch\/fr\/produit\/crayons-cire-assortiment-16-stockmar\/","og_locale":"fr_FR","og_type":"article","og_title":"8 blocs et 8 crayons de cire (16) - Stockmar - Teia Education & Play","og_description":"L'assortiment de 8 blocs et 8 crayons de cire Stockmar non toxiques de haute qualit\u00e9 r\u00e9pondant aux exigences artistiques Waldorf les plus \u00e9lev\u00e9es.","og_url":"https:\/\/teiaeducation.ch\/fr\/produit\/crayons-cire-assortiment-16-stockmar\/","og_site_name":"Sustainable Educational Products &amp; Ecological Toys\u00a0","article_publisher":"https:\/\/www.facebook.com\/teiaeducation\/","article_modified_time":"2021-12-02T07:58:43+00:00","og_image":[{"width":850,"height":900,"url":"https:\/\/teiaeducation.ch\/wp-content\/uploads\/2020\/10\/Wax-crayons-mix-16-Waldorf-art-supplies-Stockmar.jpg","type":"image\/jpeg"}],"schema":{"@context":"https:\/\/schema.org","@graph":[{"@type":"WebPage","@id":"https:\/\/teiaeducation.ch\/fr\/produit\/crayons-cire-assortiment-16-stockmar\/","url":"https:\/\/teiaeducation.ch\/fr\/produit\/crayons-cire-assortiment-16-stockmar\/","name":"8 blocs et 8 crayons de cire (16) - Stockmar - Teia Education & Play","isPartOf":{"@id":"https:\/\/teiaeducation.ch\/fr\/#website"},"primaryImageOfPage":{"@id":"https:\/\/teiaeducation.ch\/fr\/produit\/crayons-cire-assortiment-16-stockmar\/#primaryimage"},"image":{"@id":"https:\/\/teiaeducation.ch\/fr\/produit\/crayons-cire-assortiment-16-stockmar\/#primaryimage"},"thumbnailUrl":"https:\/\/teiaeducation.ch\/wp-content\/uploads\/2020\/10\/Wax-crayons-mix-16-Waldorf-art-supplies-Stockmar.jpg","datePublished":"2020-10-16T07:43:36+00:00","dateModified":"2021-12-02T07:58:43+00:00","description":"L'assortiment de 8 blocs et 8 crayons de cire Stockmar non toxiques de haute qualit\u00e9 r\u00e9pondant aux exigences artistiques Waldorf les plus \u00e9lev\u00e9es.","breadcrumb":{"@id":"https:\/\/teiaeducation.ch\/fr\/produit\/crayons-cire-assortiment-16-stockmar\/#breadcrumb"},"inLanguage":"fr-FR","potentialAction":[{"@type":"ReadAction","target":["https:\/\/teiaeducation.ch\/fr\/produit\/crayons-cire-assortiment-16-stockmar\/"]}]},{"@type":"ImageObject","inLanguage":"fr-FR","@id":"https:\/\/teiaeducation.ch\/fr\/produit\/crayons-cire-assortiment-16-stockmar\/#primaryimage","url":"https:\/\/teiaeducation.ch\/wp-content\/uploads\/2020\/10\/Wax-crayons-mix-16-Waldorf-art-supplies-Stockmar.jpg","contentUrl":"https:\/\/teiaeducation.ch\/wp-content\/uploads\/2020\/10\/Wax-crayons-mix-16-Waldorf-art-supplies-Stockmar.jpg","width":850,"height":900,"caption":"Assortiment 8 blocs et 8 crayons de cire (16) \/ Fournitures d\u2019art Waldorf - Stockmar"},{"@type":"BreadcrumbList","@id":"https:\/\/teiaeducation.ch\/fr\/produit\/crayons-cire-assortiment-16-stockmar\/#breadcrumb","itemListElement":[{"@type":"ListItem","position":1,"name":"Home","item":"https:\/\/teiaeducation.ch\/fr\/"},{"@type":"ListItem","position":2,"name":"Boutique Teia Education &amp; Play","item":"https:\/\/teiaeducation.ch\/fr\/boutique\/"},{"@type":"ListItem","position":3,"name":"Tranche d'\u00c2ge","item":"https:\/\/teiaeducation.ch\/fr\/categorie-produit\/tranche-dage\/"},{"@type":"ListItem","position":4,"name":"3-6 Ans Maternelle","item":"https:\/\/teiaeducation.ch\/fr\/categorie-produit\/tranche-dage\/3-6-ans\/"},{"@type":"ListItem","position":5,"name":"8 blocs et 8 crayons de cire (16) &#8211; Stockmar"}]},{"@type":"WebSite","@id":"https:\/\/teiaeducation.ch\/fr\/#website","url":"https:\/\/teiaeducation.ch\/fr\/","name":"Sustainable Educational Products &amp; Ecological Toys\u00a0","description":"Specialised Swiss shop selling sustainable educational toys and games, AMI certified Montessori materials, handmade ecological wooden Waldorf toys and arts &amp; crafts supplies, school supplies, children&#039;s furniture and Montessori reference and parenting books.","publisher":{"@id":"https:\/\/teiaeducation.ch\/fr\/#organization"},"alternateName":"Teia Education & Play","potentialAction":[{"@type":"SearchAction","target":{"@type":"EntryPoint","urlTemplate":"https:\/\/teiaeducation.ch\/fr\/?s={search_term_string}"},"query-input":{"@type":"PropertyValueSpecification","valueRequired":true,"valueName":"search_term_string"}}],"inLanguage":"fr-FR"},{"@type":"Organization","@id":"https:\/\/teiaeducation.ch\/fr\/#organization","name":"Teia Education & Play","url":"https:\/\/teiaeducation.ch\/fr\/","logo":{"@type":"ImageObject","inLanguage":"fr-FR","@id":"https:\/\/teiaeducation.ch\/fr\/#\/schema\/logo\/image\/","url":"https:\/\/teiaeducation.ch\/wp-content\/uploads\/2020\/11\/Teia-Education-Switzerland-e1620156442216.jpg","contentUrl":"https:\/\/teiaeducation.ch\/wp-content\/uploads\/2020\/11\/Teia-Education-Switzerland-e1620156442216.jpg","width":166,"height":145,"caption":"Teia Education & Play"},"image":{"@id":"https:\/\/teiaeducation.ch\/fr\/#\/schema\/logo\/image\/"},"sameAs":["https:\/\/www.facebook.com\/teiaeducation\/","https:\/\/x.com\/EducationTeia","https:\/\/www.instagram.com\/teia.education\/","https:\/\/www.linkedin.com\/company\/35501660","https:\/\/www.pinterest.ch\/TeiaEducation\/"]}]}},"_links":{"self":[{"href":"https:\/\/teiaeducation.ch\/fr\/wp-json\/wp\/v2\/product\/31136","targetHints":{"allow":["GET"]}}],"collection":[{"href":"https:\/\/teiaeducation.ch\/fr\/wp-json\/wp\/v2\/product"}],"about":[{"href":"https:\/\/teiaeducation.ch\/fr\/wp-json\/wp\/v2\/types\/product"}],"replies":[{"embeddable":true,"href":"https:\/\/teiaeducation.ch\/fr\/wp-json\/wp\/v2\/comments?post=31136"}],"wp:featuredmedia":[{"embeddable":true,"href":"https:\/\/teiaeducation.ch\/fr\/wp-json\/wp\/v2\/media\/30776"}],"wp:attachment":[{"href":"https:\/\/teiaeducation.ch\/fr\/wp-json\/wp\/v2\/media?parent=31136"}],"wp:term":[{"taxonomy":"product_brand","embeddable":true,"href":"https:\/\/teiaeducation.ch\/fr\/wp-json\/wp\/v2\/product_brand?post=31136"},{"taxonomy":"product_cat","embeddable":true,"href":"https:\/\/teiaeducation.ch\/fr\/wp-json\/wp\/v2\/product_cat?post=31136"},{"taxonomy":"product_tag","embeddable":true,"href":"https:\/\/teiaeducation.ch\/fr\/wp-json\/wp\/v2\/product_tag?post=31136"}],"curies":[{"name":"wp","href":"https:\/\/api.w.org\/{rel}","templated":true}]}}