{"id":31158,"date":"2020-10-16T09:06:17","date_gmt":"2020-10-16T07:06:17","guid":{"rendered":"https:\/\/teiaeducation.ch\/product\/modelage-de-cire-dabeille-15-stockmar\/"},"modified":"2024-12-15T14:48:04","modified_gmt":"2024-12-15T13:48:04","slug":"cire-a-modeler-15-couleurs-stockmar","status":"publish","type":"product","link":"https:\/\/teiaeducation.ch\/fr\/produit\/cire-a-modeler-15-couleurs-stockmar\/","title":{"rendered":"Cire \u00e0 modeler (15 couleurs) &#8211; Stockmar"},"content":{"rendered":"<p>Cire \u00e0 modeler (15 couleurs) \/ Waldorf fournitures d\u2019art &#8211; Stockmar<\/p>\n<p>Ce d\u00e9licieux assortiment de feuilles de cire \u00e0 modeler fines, souples, non toxique et de haute qualit\u00e9 Stockmar en 15 couleurs a une haute qualit\u00e9 p\u00e9dagogique et artistique et est un mat\u00e9riau id\u00e9al pour le modelage. Le parfum agr\u00e9able des feuilles et leur maniabilit\u00e9 parfaite font appel aux sens de l\u2019enfant.<\/p>\n<p>Fabriqu\u00e9e avec de la cire d\u2019abeille enti\u00e8rement naturelle et pure comme agent de liaison dans des couleurs vives et lumineuses, la cire \u00e0 modeler Stockmar devient souple apr\u00e8s avoir \u00e9t\u00e9 r\u00e9chauff\u00e9e dans les mains et elle ne s\u2019effondrera pas et ne s\u00e9chera pas. Elle peut \u00eatre p\u00e9trie ou coup\u00e9e en diff\u00e9rentes formes ou utilis\u00e9e dans la fa\u00e7on traditionnelle Waldorf, c&#8217;est \u00e0 dire envelopper autour des bougies de paraffine ou de la cire d\u2019abeille pure. Lorsqu\u2019elle est utilis\u00e9e comme d\u00e9coration de bougie, la cire br\u00fble en toute s\u00e9curit\u00e9 lorsqu\u2019elle est allum\u00e9e avec la bougie. Les feuilles de cire collent \u00e9galement sur beaucoup d\u2019autres surfaces telles que le bois et le verre. Les figures cr\u00e9\u00e9es avec la cire durciront et garderont leur forme, mais peuvent \u00eatre r\u00e9chauff\u00e9es et reform\u00e9es au besoin. M\u00eame apr\u00e8s le durcissement, la luminosit\u00e9 et l\u2019\u00e9clat des couleurs demeurent.<\/p>\n<p>Les enfants r\u00e9ussissent \u00e0 faire l\u2019exp\u00e9rience de l\u2019art \u00e0 travers tous les sens avec la cire \u00e0 modeler avec le parfum, la couleur et la coh\u00e9rence qui travaillent ensemble lors du modelage. La cire \u00e0 modeler Stockmar r\u00e9pond aux exigences \u00e9ducatives, esth\u00e9tiques et artistiques les plus \u00e9lev\u00e9es et promet des ann\u00e9es de pur plaisir <a href=\"https:\/\/teiaeducation.ch\/fr\/categorie-produit\/creativite-beaux-arts-et-bricolage\/\">cr\u00e9atif<\/a> pour les enfants et les adultes.<\/p>\n<p>L&#8217;assortiment comprend 15 feuilles mesurant chacune environ 100 x 40 x 6 mm dans les couleurs suivantes de la gamme Stockmar : 00 ivoire | 01 carmin rouge | 02 vermillon | 03 orange | 04 jaune dor\u00e9 | 05 jaune citron | 06 vert jaune | 07 vert | 09 bleu | 10 bleu clair | 12 violet rouge | 13 rouille | 15 noir | 24 rose | 27 cire d\u2019abeille.<\/p>\n<p>La cire \u00e0 modeler Stockmar a \u00e9t\u00e9 essay\u00e9e et test\u00e9e dans l\u2019\u00e9ducation artistique, dans les \u00e9coles Waldorf \/ Steiner, les \u00e9coles traditionnelles ainsi que les jardins d\u2019enfants et sont fabriqu\u00e9s en Allemagne \u00e0 partir d&#8217;ingr\u00e9dients naturels selon une tradition durable.<\/p>\n<p>La cire \u00e0 modeler Stockmar a \u00e9t\u00e9 r\u00e9compens\u00e9 par le sceau Spielgut\u00ae.<\/p>\n<p>Ce mat\u00e9riel convient aux enfants \u00e2g\u00e9s de 3 ans et plus.<\/p>\n<p>Contenu :<\/p>\n<p>15 feuilles de cire \u00e0 modeler<br \/>\n1 \u00e9tui en carton<\/p>\n","protected":false},"excerpt":{"rendered":"<p>Num\u00e9ro d\u2019article: 85051600<\/p>\n<p>Cet assortiment de feuilles fines et souples non toxique et de haute qualit\u00e9 de cire \u00e0 modeler Stockmar dans 15 couleurs Waldorf a une haute qualit\u00e9 p\u00e9dagogique et artistique et est un mat\u00e9riau id\u00e9al pour le modelage<\/p>\n","protected":false},"featured_media":30770,"comment_status":"open","ping_status":"closed","template":"","meta":[],"product_brand":[],"product_cat":[215,216,16898,17225,18893,22344,13127,7595,20652,217,5851,13125,22348,212,1219],"product_tag":[17407,17431,17429,17430,17406,17404,17403,17402,17399,17400,17401],"class_list":{"0":"post-31158","1":"product","2":"type-product","3":"status-publish","4":"has-post-thumbnail","6":"product_cat-3-6-ans","7":"product_cat-6-12-ans","8":"product_cat-collection-automne","9":"product_cat-celebrations-fr","10":"product_cat-collection-printemps","11":"product_cat-collections-saisonnieres","12":"product_cat-creativite-beaux-arts-et-bricolage","13":"product_cat-methode-deducation","14":"product_cat-modelage","15":"product_cat-marques","16":"product_cat-nouveautes","17":"product_cat-stockmar-fr","18":"product_cat-natur-saisonale-tische","19":"product_cat-tranche-dage","20":"product_cat-waldorf-fr","21":"product_tag-assortiment-de-crayons-de-cire-waldorf-stockmar","22":"product_tag-cire-a-modeler-naturelle-stockmar","23":"product_tag-cire-a-modeler-non-toxique","24":"product_tag-cire-dabeille-a-modeler-non-toxique-waldorf","25":"product_tag-crayons-de-cire-naturelle-stockmar","26":"product_tag-fournitures-des-ecoles-steiner-et-waldorf-suisse","27":"product_tag-fournitures-waldorf-stockmar","28":"product_tag-stockmar-allemagne","29":"product_tag-stockmar-suisse-fr","30":"product_tag-stockmar-suisse-fr-2","31":"product_tag-stockmar-suisse-fr-3","33":"first","34":"outofstock","35":"taxable","36":"shipping-taxable","37":"purchasable","38":"product-type-simple"},"yoast_head":"<!-- This site is optimized with the Yoast SEO plugin v27.1.1 - https:\/\/yoast.com\/product\/yoast-seo-wordpress\/ -->\n<title>Cire \u00e0 modeler (15 couleurs) - Stockmar - Teia Education &amp; Play<\/title>\n<meta name=\"description\" content=\"Un assortiment de feuilles de cire d\u2019abeille \u00e0 modeler fines, souples, non toxique et de haute qualit\u00e9 Stockmar dans 15 couleurs Waldorf.\" \/>\n<meta name=\"robots\" content=\"index, follow, max-snippet:-1, max-image-preview:large, max-video-preview:-1\" \/>\n<link rel=\"canonical\" href=\"https:\/\/teiaeducation.ch\/fr\/produit\/cire-a-modeler-15-couleurs-stockmar\/\" \/>\n<meta property=\"og:locale\" content=\"fr_FR\" \/>\n<meta property=\"og:type\" content=\"article\" \/>\n<meta property=\"og:title\" content=\"Cire \u00e0 modeler (15 couleurs) - Stockmar - Teia Education &amp; Play\" \/>\n<meta property=\"og:description\" content=\"Un assortiment de feuilles de cire d\u2019abeille \u00e0 modeler fines, souples, non toxique et de haute qualit\u00e9 Stockmar dans 15 couleurs Waldorf.\" \/>\n<meta property=\"og:url\" content=\"https:\/\/teiaeducation.ch\/fr\/produit\/cire-a-modeler-15-couleurs-stockmar\/\" \/>\n<meta property=\"og:site_name\" content=\"Sustainable Educational Products &amp; Ecological Toys\u00a0\" \/>\n<meta property=\"article:publisher\" content=\"https:\/\/www.facebook.com\/teiaeducation\/\" \/>\n<meta property=\"article:modified_time\" content=\"2024-12-15T13:48:04+00:00\" \/>\n<meta property=\"og:image\" content=\"https:\/\/teiaeducation.ch\/wp-content\/uploads\/2020\/10\/Modelling-beeswax-15-Waldorf-art-supplies-Stockmar.jpg\" \/>\n\t<meta property=\"og:image:width\" content=\"850\" \/>\n\t<meta property=\"og:image:height\" content=\"854\" \/>\n\t<meta property=\"og:image:type\" content=\"image\/jpeg\" \/>\n<script type=\"application\/ld+json\" class=\"yoast-schema-graph\">{\"@context\":\"https:\/\/schema.org\",\"@graph\":[{\"@type\":\"WebPage\",\"@id\":\"https:\/\/teiaeducation.ch\/fr\/produit\/cire-a-modeler-15-couleurs-stockmar\/\",\"url\":\"https:\/\/teiaeducation.ch\/fr\/produit\/cire-a-modeler-15-couleurs-stockmar\/\",\"name\":\"Cire \u00e0 modeler (15 couleurs) - Stockmar - Teia Education & Play\",\"isPartOf\":{\"@id\":\"https:\/\/teiaeducation.ch\/fr\/#website\"},\"primaryImageOfPage\":{\"@id\":\"https:\/\/teiaeducation.ch\/fr\/produit\/cire-a-modeler-15-couleurs-stockmar\/#primaryimage\"},\"image\":{\"@id\":\"https:\/\/teiaeducation.ch\/fr\/produit\/cire-a-modeler-15-couleurs-stockmar\/#primaryimage\"},\"thumbnailUrl\":\"https:\/\/teiaeducation.ch\/wp-content\/uploads\/2020\/10\/Modelling-beeswax-15-Waldorf-art-supplies-Stockmar.jpg\",\"datePublished\":\"2020-10-16T07:06:17+00:00\",\"dateModified\":\"2024-12-15T13:48:04+00:00\",\"description\":\"Un assortiment de feuilles de cire d\u2019abeille \u00e0 modeler fines, souples, non toxique et de haute qualit\u00e9 Stockmar dans 15 couleurs Waldorf.\",\"breadcrumb\":{\"@id\":\"https:\/\/teiaeducation.ch\/fr\/produit\/cire-a-modeler-15-couleurs-stockmar\/#breadcrumb\"},\"inLanguage\":\"fr-FR\",\"potentialAction\":[{\"@type\":\"ReadAction\",\"target\":[\"https:\/\/teiaeducation.ch\/fr\/produit\/cire-a-modeler-15-couleurs-stockmar\/\"]}]},{\"@type\":\"ImageObject\",\"inLanguage\":\"fr-FR\",\"@id\":\"https:\/\/teiaeducation.ch\/fr\/produit\/cire-a-modeler-15-couleurs-stockmar\/#primaryimage\",\"url\":\"https:\/\/teiaeducation.ch\/wp-content\/uploads\/2020\/10\/Modelling-beeswax-15-Waldorf-art-supplies-Stockmar.jpg\",\"contentUrl\":\"https:\/\/teiaeducation.ch\/wp-content\/uploads\/2020\/10\/Modelling-beeswax-15-Waldorf-art-supplies-Stockmar.jpg\",\"width\":850,\"height\":854,\"caption\":\"Cire \u00e0 modeler 15 couleurs Fournitures d\u2019art Waldorf - Stockmar\"},{\"@type\":\"BreadcrumbList\",\"@id\":\"https:\/\/teiaeducation.ch\/fr\/produit\/cire-a-modeler-15-couleurs-stockmar\/#breadcrumb\",\"itemListElement\":[{\"@type\":\"ListItem\",\"position\":1,\"name\":\"Home\",\"item\":\"https:\/\/teiaeducation.ch\/fr\/\"},{\"@type\":\"ListItem\",\"position\":2,\"name\":\"Boutique Teia Education &amp; Play\",\"item\":\"https:\/\/teiaeducation.ch\/fr\/boutique\/\"},{\"@type\":\"ListItem\",\"position\":3,\"name\":\"Tranche d'\u00c2ge\",\"item\":\"https:\/\/teiaeducation.ch\/fr\/categorie-produit\/tranche-dage\/\"},{\"@type\":\"ListItem\",\"position\":4,\"name\":\"3-6 Ans Maternelle\",\"item\":\"https:\/\/teiaeducation.ch\/fr\/categorie-produit\/tranche-dage\/3-6-ans\/\"},{\"@type\":\"ListItem\",\"position\":5,\"name\":\"Cire \u00e0 modeler (15 couleurs) &#8211; Stockmar\"}]},{\"@type\":\"WebSite\",\"@id\":\"https:\/\/teiaeducation.ch\/fr\/#website\",\"url\":\"https:\/\/teiaeducation.ch\/fr\/\",\"name\":\"Sustainable Educational Products &amp; Ecological Toys\u00a0\",\"description\":\"Specialised Swiss shop selling sustainable educational toys and games, AMI certified Montessori materials, handmade ecological wooden Waldorf toys and arts &amp; crafts supplies, school supplies, children&#039;s furniture and Montessori reference and parenting books.\",\"publisher\":{\"@id\":\"https:\/\/teiaeducation.ch\/fr\/#organization\"},\"alternateName\":\"Teia Education & Play\",\"potentialAction\":[{\"@type\":\"SearchAction\",\"target\":{\"@type\":\"EntryPoint\",\"urlTemplate\":\"https:\/\/teiaeducation.ch\/fr\/?s={search_term_string}\"},\"query-input\":{\"@type\":\"PropertyValueSpecification\",\"valueRequired\":true,\"valueName\":\"search_term_string\"}}],\"inLanguage\":\"fr-FR\"},{\"@type\":\"Organization\",\"@id\":\"https:\/\/teiaeducation.ch\/fr\/#organization\",\"name\":\"Teia Education & Play\",\"url\":\"https:\/\/teiaeducation.ch\/fr\/\",\"logo\":{\"@type\":\"ImageObject\",\"inLanguage\":\"fr-FR\",\"@id\":\"https:\/\/teiaeducation.ch\/fr\/#\/schema\/logo\/image\/\",\"url\":\"https:\/\/teiaeducation.ch\/wp-content\/uploads\/2020\/11\/Teia-Education-Switzerland-e1620156442216.jpg\",\"contentUrl\":\"https:\/\/teiaeducation.ch\/wp-content\/uploads\/2020\/11\/Teia-Education-Switzerland-e1620156442216.jpg\",\"width\":166,\"height\":145,\"caption\":\"Teia Education & Play\"},\"image\":{\"@id\":\"https:\/\/teiaeducation.ch\/fr\/#\/schema\/logo\/image\/\"},\"sameAs\":[\"https:\/\/www.facebook.com\/teiaeducation\/\",\"https:\/\/x.com\/EducationTeia\",\"https:\/\/www.instagram.com\/teia.education\/\",\"https:\/\/www.linkedin.com\/company\/35501660\",\"https:\/\/www.pinterest.ch\/TeiaEducation\/\"]}]}<\/script>\n<!-- \/ Yoast SEO plugin. -->","yoast_head_json":{"title":"Cire \u00e0 modeler (15 couleurs) - Stockmar - Teia Education & Play","description":"Un assortiment de feuilles de cire d\u2019abeille \u00e0 modeler fines, souples, non toxique et de haute qualit\u00e9 Stockmar dans 15 couleurs Waldorf.","robots":{"index":"index","follow":"follow","max-snippet":"max-snippet:-1","max-image-preview":"max-image-preview:large","max-video-preview":"max-video-preview:-1"},"canonical":"https:\/\/teiaeducation.ch\/fr\/produit\/cire-a-modeler-15-couleurs-stockmar\/","og_locale":"fr_FR","og_type":"article","og_title":"Cire \u00e0 modeler (15 couleurs) - Stockmar - Teia Education & Play","og_description":"Un assortiment de feuilles de cire d\u2019abeille \u00e0 modeler fines, souples, non toxique et de haute qualit\u00e9 Stockmar dans 15 couleurs Waldorf.","og_url":"https:\/\/teiaeducation.ch\/fr\/produit\/cire-a-modeler-15-couleurs-stockmar\/","og_site_name":"Sustainable Educational Products &amp; Ecological Toys\u00a0","article_publisher":"https:\/\/www.facebook.com\/teiaeducation\/","article_modified_time":"2024-12-15T13:48:04+00:00","og_image":[{"width":850,"height":854,"url":"https:\/\/teiaeducation.ch\/wp-content\/uploads\/2020\/10\/Modelling-beeswax-15-Waldorf-art-supplies-Stockmar.jpg","type":"image\/jpeg"}],"schema":{"@context":"https:\/\/schema.org","@graph":[{"@type":"WebPage","@id":"https:\/\/teiaeducation.ch\/fr\/produit\/cire-a-modeler-15-couleurs-stockmar\/","url":"https:\/\/teiaeducation.ch\/fr\/produit\/cire-a-modeler-15-couleurs-stockmar\/","name":"Cire \u00e0 modeler (15 couleurs) - Stockmar - Teia Education & Play","isPartOf":{"@id":"https:\/\/teiaeducation.ch\/fr\/#website"},"primaryImageOfPage":{"@id":"https:\/\/teiaeducation.ch\/fr\/produit\/cire-a-modeler-15-couleurs-stockmar\/#primaryimage"},"image":{"@id":"https:\/\/teiaeducation.ch\/fr\/produit\/cire-a-modeler-15-couleurs-stockmar\/#primaryimage"},"thumbnailUrl":"https:\/\/teiaeducation.ch\/wp-content\/uploads\/2020\/10\/Modelling-beeswax-15-Waldorf-art-supplies-Stockmar.jpg","datePublished":"2020-10-16T07:06:17+00:00","dateModified":"2024-12-15T13:48:04+00:00","description":"Un assortiment de feuilles de cire d\u2019abeille \u00e0 modeler fines, souples, non toxique et de haute qualit\u00e9 Stockmar dans 15 couleurs Waldorf.","breadcrumb":{"@id":"https:\/\/teiaeducation.ch\/fr\/produit\/cire-a-modeler-15-couleurs-stockmar\/#breadcrumb"},"inLanguage":"fr-FR","potentialAction":[{"@type":"ReadAction","target":["https:\/\/teiaeducation.ch\/fr\/produit\/cire-a-modeler-15-couleurs-stockmar\/"]}]},{"@type":"ImageObject","inLanguage":"fr-FR","@id":"https:\/\/teiaeducation.ch\/fr\/produit\/cire-a-modeler-15-couleurs-stockmar\/#primaryimage","url":"https:\/\/teiaeducation.ch\/wp-content\/uploads\/2020\/10\/Modelling-beeswax-15-Waldorf-art-supplies-Stockmar.jpg","contentUrl":"https:\/\/teiaeducation.ch\/wp-content\/uploads\/2020\/10\/Modelling-beeswax-15-Waldorf-art-supplies-Stockmar.jpg","width":850,"height":854,"caption":"Cire \u00e0 modeler 15 couleurs Fournitures d\u2019art Waldorf - Stockmar"},{"@type":"BreadcrumbList","@id":"https:\/\/teiaeducation.ch\/fr\/produit\/cire-a-modeler-15-couleurs-stockmar\/#breadcrumb","itemListElement":[{"@type":"ListItem","position":1,"name":"Home","item":"https:\/\/teiaeducation.ch\/fr\/"},{"@type":"ListItem","position":2,"name":"Boutique Teia Education &amp; Play","item":"https:\/\/teiaeducation.ch\/fr\/boutique\/"},{"@type":"ListItem","position":3,"name":"Tranche d'\u00c2ge","item":"https:\/\/teiaeducation.ch\/fr\/categorie-produit\/tranche-dage\/"},{"@type":"ListItem","position":4,"name":"3-6 Ans Maternelle","item":"https:\/\/teiaeducation.ch\/fr\/categorie-produit\/tranche-dage\/3-6-ans\/"},{"@type":"ListItem","position":5,"name":"Cire \u00e0 modeler (15 couleurs) &#8211; Stockmar"}]},{"@type":"WebSite","@id":"https:\/\/teiaeducation.ch\/fr\/#website","url":"https:\/\/teiaeducation.ch\/fr\/","name":"Sustainable Educational Products &amp; Ecological Toys\u00a0","description":"Specialised Swiss shop selling sustainable educational toys and games, AMI certified Montessori materials, handmade ecological wooden Waldorf toys and arts &amp; crafts supplies, school supplies, children&#039;s furniture and Montessori reference and parenting books.","publisher":{"@id":"https:\/\/teiaeducation.ch\/fr\/#organization"},"alternateName":"Teia Education & Play","potentialAction":[{"@type":"SearchAction","target":{"@type":"EntryPoint","urlTemplate":"https:\/\/teiaeducation.ch\/fr\/?s={search_term_string}"},"query-input":{"@type":"PropertyValueSpecification","valueRequired":true,"valueName":"search_term_string"}}],"inLanguage":"fr-FR"},{"@type":"Organization","@id":"https:\/\/teiaeducation.ch\/fr\/#organization","name":"Teia Education & Play","url":"https:\/\/teiaeducation.ch\/fr\/","logo":{"@type":"ImageObject","inLanguage":"fr-FR","@id":"https:\/\/teiaeducation.ch\/fr\/#\/schema\/logo\/image\/","url":"https:\/\/teiaeducation.ch\/wp-content\/uploads\/2020\/11\/Teia-Education-Switzerland-e1620156442216.jpg","contentUrl":"https:\/\/teiaeducation.ch\/wp-content\/uploads\/2020\/11\/Teia-Education-Switzerland-e1620156442216.jpg","width":166,"height":145,"caption":"Teia Education & Play"},"image":{"@id":"https:\/\/teiaeducation.ch\/fr\/#\/schema\/logo\/image\/"},"sameAs":["https:\/\/www.facebook.com\/teiaeducation\/","https:\/\/x.com\/EducationTeia","https:\/\/www.instagram.com\/teia.education\/","https:\/\/www.linkedin.com\/company\/35501660","https:\/\/www.pinterest.ch\/TeiaEducation\/"]}]}},"_links":{"self":[{"href":"https:\/\/teiaeducation.ch\/fr\/wp-json\/wp\/v2\/product\/31158","targetHints":{"allow":["GET"]}}],"collection":[{"href":"https:\/\/teiaeducation.ch\/fr\/wp-json\/wp\/v2\/product"}],"about":[{"href":"https:\/\/teiaeducation.ch\/fr\/wp-json\/wp\/v2\/types\/product"}],"replies":[{"embeddable":true,"href":"https:\/\/teiaeducation.ch\/fr\/wp-json\/wp\/v2\/comments?post=31158"}],"wp:featuredmedia":[{"embeddable":true,"href":"https:\/\/teiaeducation.ch\/fr\/wp-json\/wp\/v2\/media\/30770"}],"wp:attachment":[{"href":"https:\/\/teiaeducation.ch\/fr\/wp-json\/wp\/v2\/media?parent=31158"}],"wp:term":[{"taxonomy":"product_brand","embeddable":true,"href":"https:\/\/teiaeducation.ch\/fr\/wp-json\/wp\/v2\/product_brand?post=31158"},{"taxonomy":"product_cat","embeddable":true,"href":"https:\/\/teiaeducation.ch\/fr\/wp-json\/wp\/v2\/product_cat?post=31158"},{"taxonomy":"product_tag","embeddable":true,"href":"https:\/\/teiaeducation.ch\/fr\/wp-json\/wp\/v2\/product_tag?post=31158"}],"curies":[{"name":"wp","href":"https:\/\/api.w.org\/{rel}","templated":true}]}}