{"id":31169,"date":"2020-10-15T21:27:43","date_gmt":"2020-10-15T19:27:43","guid":{"rendered":"https:\/\/teiaeducation.ch\/product\/anneau-de-dentition-naturel-en-forme-de-champignon-lanco\/"},"modified":"2021-09-08T17:15:31","modified_gmt":"2021-09-08T15:15:31","slug":"anneau-de-dentition-champignon-naturel-lanco","status":"publish","type":"product","link":"https:\/\/teiaeducation.ch\/fr\/produit\/anneau-de-dentition-champignon-naturel-lanco\/","title":{"rendered":"Jouet de dentition naturel champignon &#8211; Lanco"},"content":{"rendered":"<p>Jouet de dentition naturel en forme de chmapignon rouge \/ Jouet b\u00e9b\u00e9 biologique &#8211; Lanco<\/p>\n<p>Ce bel jouet de dentition naturel en forme de champignon Lanco est faite \u00e0 la main en Espagne \u00e0 partir de caoutchouc naturel 100% organique et de s\u00e8ve blanche de l\u2019arbre Hevea Brasiliensis. Parfait pour apaiser les gencives, ce jouet pour b\u00e9b\u00e9 organique, sans toxines, est s\u00fbr pour la bouche, la mastication et la morsure d\u00e8s la naissance, apportant un soulagement aux dents des b\u00e9b\u00e9s et la tranquillit\u00e9 d\u2019esprit aux parents.<\/p>\n<p>Inspir\u00e9 par la nature avec de belles lignes textur\u00e9es, un capuchon et une tige tr\u00e8s d\u00e9taill\u00e9s dans des tons attrayants de rouge et de blanc, le jouet de <a href=\"https:\/\/teiaeducation.ch\/fr\/categorie-produit\/jouer\/jouets-de-dentition\/\">dentition<\/a> en forme de champignon a \u00e9t\u00e9 moul\u00e9 et peint \u00e0 la main avec des colorants non toxiques de qualit\u00e9 alimentaire.<\/p>\n<p>Doux et tactile, ce jouet est facile \u00e0 manipuler m\u00eame pour les plus petites mains et mesure 8,5 x 8,5 x 6cm. L&#8217;anneau de dentition en forme de champignon est con\u00e7u pour favoriser le d\u00e9veloppement sensoriel de votre b\u00e9b\u00e9 en stimulant les sens de la vue, du toucher, de l\u2019odorat et du go\u00fbt.<\/p>\n<p>Enti\u00e8rement moul\u00e9, cet anneau de dentition peut simplement \u00eatre nettoy\u00e9 avec de l\u2019eau savonneuse et un chiffon humide. Il est herm\u00e9tiquement scell\u00e9 pour emp\u00eacher la formation de moisissure \u00e0 l\u2019int\u00e9rieur du jouet. Comme il est fabriqu\u00e9 \u00e0 partir de caoutchouc naturel, il ne doit pas \u00eatre st\u00e9rilis\u00e9 ou laiss\u00e9 en plein soleil pendant de longues p\u00e9riodes.<\/p>\n<p>Comme pour tous les jouets de dentition pour b\u00e9b\u00e9s, la surveillance des adultes est recommand\u00e9e en tout temps.<\/p>\n<p>Naturellement sans PVC, BPA, nitrosamines et phtalates, l&#8217;anneau de dentition en forme de champignon Lanco est conforme aux exigences de s\u00e9curit\u00e9 de l\u2019UE en EN71\/1\/2\/3.<\/p>\n<p>La marque espagnole Lanco fabrique \u00e0 la main des jouets en caoutchouc naturel depuis 1952. Entreprise durable, respectueuse de l\u2019environnement et socialement consciente depuis le d\u00e9but, cette entreprise familiale bas\u00e9e \u00e0 Barcelone a \u00e9t\u00e9 le premier fabricant europ\u00e9en de jouets en caoutchouc naturel.<\/p>\n<p>Contenu:<\/p>\n<p>1 jouet de dentition fabriqu\u00e9 en caoutchouc naturel 100% organique<\/p>\n","protected":false},"excerpt":{"rendered":"<p>Num\u00e9ro d\u2019article: 5690402<\/p>\n<p>Ce bel anneau de dentition en forme de champignon Lanco est fait \u00e0 la main en Espagne \u00e0 partir de caoutchouc 100% organique, sans toxines et naturelle.<\/p>\n","protected":false},"featured_media":30747,"comment_status":"open","ping_status":"closed","template":"","meta":[],"product_brand":[],"product_cat":[25968,208,22032,16898,22344,21257,13130,13149,17213,13142,217,5851,212],"product_tag":[17446,17445,17442,17438,17436,17444,17441,17440,17437,17439,17443,17435],"class_list":{"0":"post-31169","1":"product","2":"type-product","3":"status-publish","4":"has-post-thumbnail","6":"product_cat-0-12-mois-bebe","7":"product_cat-1-3-ans","8":"product_cat-cadeaux-du-calendrier-de-lavent-et-de-noel","9":"product_cat-collection-automne","10":"product_cat-collections-saisonnieres","11":"product_cat-guides-cadeaux","12":"product_cat-jouer","13":"product_cat-jouets-de-dentition","14":"product_cat-lanco-fr","15":"product_cat-jeu-sensoriel","16":"product_cat-marques","17":"product_cat-nouveautes","18":"product_cat-tranche-dage","19":"product_tag-anneau-de-dentition-naturel-pour-bebe-en-forme-de-champignon-rouge-de-lanco","20":"product_tag-developpement-sensoriel-du-bebe","21":"product_tag-jouet-de-dentition-appaisant-pour-les-gencives","22":"product_tag-jouet-de-dentition-naturel","23":"product_tag-jouet-dentition-naturel-pour-bebe","24":"product_tag-jouet-en-caoutchouc-100-naturel-et-organique","25":"product_tag-jouet-pour-bebe-entierement-naturel","26":"product_tag-jouet-pour-bebe-fait-main","27":"product_tag-jouet-pour-bebe-naturel-et-sans-toxines","28":"product_tag-jouets-de-dentition-organique","29":"product_tag-jouets-pour-bebe-naturel-et-sans-toxines","30":"product_tag-lanco-barcelone","32":"first","33":"outofstock","34":"taxable","35":"shipping-taxable","36":"purchasable","37":"product-type-simple"},"yoast_head":"<!-- This site is optimized with the Yoast SEO Premium plugin v25.8 (Yoast SEO v27.4) - https:\/\/yoast.com\/product\/yoast-seo-premium-wordpress\/ -->\n<title>Jouet de dentition naturel champignon - Lanco - Teia Education &amp; Play<\/title>\n<meta name=\"description\" content=\"Ce bel jouet de dentition en forme de champignons de Lanco est fait \u00e0 la main en Espagne \u00e0 partir de mati\u00e8res 100% organiques.\" \/>\n<meta name=\"robots\" content=\"index, follow, max-snippet:-1, max-image-preview:large, max-video-preview:-1\" \/>\n<link rel=\"canonical\" href=\"https:\/\/teiaeducation.ch\/fr\/produit\/anneau-de-dentition-champignon-naturel-lanco\/\" \/>\n<meta property=\"og:locale\" content=\"fr_FR\" \/>\n<meta property=\"og:type\" content=\"article\" \/>\n<meta property=\"og:title\" content=\"Jouet de dentition naturel champignon - Lanco\" \/>\n<meta property=\"og:description\" content=\"Ce bel jouet de dentition en forme de champignons de Lanco est fait \u00e0 la main en Espagne \u00e0 partir de mati\u00e8res 100% organiques.\" \/>\n<meta property=\"og:url\" content=\"https:\/\/teiaeducation.ch\/fr\/produit\/anneau-de-dentition-champignon-naturel-lanco\/\" \/>\n<meta property=\"og:site_name\" content=\"Sustainable Educational Products &amp; Ecological Toys\u00a0\" \/>\n<meta property=\"article:publisher\" content=\"https:\/\/www.facebook.com\/teiaeducation\/\" \/>\n<meta property=\"article:modified_time\" content=\"2021-09-08T15:15:31+00:00\" \/>\n<meta property=\"og:image\" content=\"https:\/\/teiaeducation.ch\/wp-content\/uploads\/2020\/10\/Red-Mushroom-Natural-Teether-Organic-Baby-Toy-Lanco.png\" \/>\n\t<meta property=\"og:image:width\" content=\"800\" \/>\n\t<meta property=\"og:image:height\" content=\"800\" \/>\n\t<meta property=\"og:image:type\" content=\"image\/png\" \/>\n<script type=\"application\/ld+json\" class=\"yoast-schema-graph\">{\"@context\":\"https:\\\/\\\/schema.org\",\"@graph\":[{\"@type\":\"WebPage\",\"@id\":\"https:\\\/\\\/teiaeducation.ch\\\/fr\\\/produit\\\/anneau-de-dentition-champignon-naturel-lanco\\\/\",\"url\":\"https:\\\/\\\/teiaeducation.ch\\\/fr\\\/produit\\\/anneau-de-dentition-champignon-naturel-lanco\\\/\",\"name\":\"Jouet de dentition naturel champignon - Lanco - Teia Education & Play\",\"isPartOf\":{\"@id\":\"https:\\\/\\\/teiaeducation.ch\\\/fr\\\/#website\"},\"primaryImageOfPage\":{\"@id\":\"https:\\\/\\\/teiaeducation.ch\\\/fr\\\/produit\\\/anneau-de-dentition-champignon-naturel-lanco\\\/#primaryimage\"},\"image\":{\"@id\":\"https:\\\/\\\/teiaeducation.ch\\\/fr\\\/produit\\\/anneau-de-dentition-champignon-naturel-lanco\\\/#primaryimage\"},\"thumbnailUrl\":\"https:\\\/\\\/teiaeducation.ch\\\/wp-content\\\/uploads\\\/2020\\\/10\\\/Red-Mushroom-Natural-Teether-Organic-Baby-Toy-Lanco.png\",\"datePublished\":\"2020-10-15T19:27:43+00:00\",\"dateModified\":\"2021-09-08T15:15:31+00:00\",\"description\":\"Ce bel jouet de dentition en forme de champignons de Lanco est fait \u00e0 la main en Espagne \u00e0 partir de mati\u00e8res 100% organiques.\",\"breadcrumb\":{\"@id\":\"https:\\\/\\\/teiaeducation.ch\\\/fr\\\/produit\\\/anneau-de-dentition-champignon-naturel-lanco\\\/#breadcrumb\"},\"inLanguage\":\"fr-FR\",\"potentialAction\":[{\"@type\":\"ReadAction\",\"target\":[\"https:\\\/\\\/teiaeducation.ch\\\/fr\\\/produit\\\/anneau-de-dentition-champignon-naturel-lanco\\\/\"]}]},{\"@type\":\"ImageObject\",\"inLanguage\":\"fr-FR\",\"@id\":\"https:\\\/\\\/teiaeducation.ch\\\/fr\\\/produit\\\/anneau-de-dentition-champignon-naturel-lanco\\\/#primaryimage\",\"url\":\"https:\\\/\\\/teiaeducation.ch\\\/wp-content\\\/uploads\\\/2020\\\/10\\\/Red-Mushroom-Natural-Teether-Organic-Baby-Toy-Lanco.png\",\"contentUrl\":\"https:\\\/\\\/teiaeducation.ch\\\/wp-content\\\/uploads\\\/2020\\\/10\\\/Red-Mushroom-Natural-Teether-Organic-Baby-Toy-Lanco.png\",\"width\":800,\"height\":800,\"caption\":\"Anneau de dentition naturel en forme de champignon rouge \\\/ Jouet b\u00e9b\u00e9 biologique - Lanco\"},{\"@type\":\"BreadcrumbList\",\"@id\":\"https:\\\/\\\/teiaeducation.ch\\\/fr\\\/produit\\\/anneau-de-dentition-champignon-naturel-lanco\\\/#breadcrumb\",\"itemListElement\":[{\"@type\":\"ListItem\",\"position\":1,\"name\":\"Home\",\"item\":\"https:\\\/\\\/teiaeducation.ch\\\/fr\\\/\"},{\"@type\":\"ListItem\",\"position\":2,\"name\":\"Boutique Teia Education &amp; Play\",\"item\":\"https:\\\/\\\/teiaeducation.ch\\\/fr\\\/boutique\\\/\"},{\"@type\":\"ListItem\",\"position\":3,\"name\":\"Nos Marques\",\"item\":\"https:\\\/\\\/teiaeducation.ch\\\/fr\\\/categorie-produit\\\/marques\\\/\"},{\"@type\":\"ListItem\",\"position\":4,\"name\":\"Lanco\",\"item\":\"https:\\\/\\\/teiaeducation.ch\\\/fr\\\/categorie-produit\\\/marques\\\/lanco-fr\\\/\"},{\"@type\":\"ListItem\",\"position\":5,\"name\":\"Jouet de dentition naturel champignon &#8211; Lanco\"}]},{\"@type\":\"WebSite\",\"@id\":\"https:\\\/\\\/teiaeducation.ch\\\/fr\\\/#website\",\"url\":\"https:\\\/\\\/teiaeducation.ch\\\/fr\\\/\",\"name\":\"Sustainable Educational Products &amp; Ecological Toys\u00a0\",\"description\":\"Specialised Swiss shop selling sustainable educational toys and games, AMI certified Montessori materials, handmade ecological wooden Waldorf toys and arts &amp; crafts supplies, school supplies, children&#039;s furniture and Montessori reference and parenting books.\",\"publisher\":{\"@id\":\"https:\\\/\\\/teiaeducation.ch\\\/fr\\\/#organization\"},\"alternateName\":\"Teia Education & Play\",\"potentialAction\":[{\"@type\":\"SearchAction\",\"target\":{\"@type\":\"EntryPoint\",\"urlTemplate\":\"https:\\\/\\\/teiaeducation.ch\\\/fr\\\/?s={search_term_string}\"},\"query-input\":{\"@type\":\"PropertyValueSpecification\",\"valueRequired\":true,\"valueName\":\"search_term_string\"}}],\"inLanguage\":\"fr-FR\"},{\"@type\":\"Organization\",\"@id\":\"https:\\\/\\\/teiaeducation.ch\\\/fr\\\/#organization\",\"name\":\"Teia Education & Play\",\"url\":\"https:\\\/\\\/teiaeducation.ch\\\/fr\\\/\",\"logo\":{\"@type\":\"ImageObject\",\"inLanguage\":\"fr-FR\",\"@id\":\"https:\\\/\\\/teiaeducation.ch\\\/fr\\\/#\\\/schema\\\/logo\\\/image\\\/\",\"url\":\"https:\\\/\\\/teiaeducation.ch\\\/wp-content\\\/uploads\\\/2020\\\/11\\\/Teia-Education-Switzerland-e1620156442216.jpg\",\"contentUrl\":\"https:\\\/\\\/teiaeducation.ch\\\/wp-content\\\/uploads\\\/2020\\\/11\\\/Teia-Education-Switzerland-e1620156442216.jpg\",\"width\":166,\"height\":145,\"caption\":\"Teia Education & Play\"},\"image\":{\"@id\":\"https:\\\/\\\/teiaeducation.ch\\\/fr\\\/#\\\/schema\\\/logo\\\/image\\\/\"},\"sameAs\":[\"https:\\\/\\\/www.facebook.com\\\/teiaeducation\\\/\",\"https:\\\/\\\/x.com\\\/EducationTeia\",\"https:\\\/\\\/www.instagram.com\\\/teia.education\\\/\",\"https:\\\/\\\/www.linkedin.com\\\/company\\\/35501660\",\"https:\\\/\\\/www.pinterest.ch\\\/TeiaEducation\\\/\"]}]}<\/script>\n<meta property=\"product:price:amount\" content=\"14.90\" \/>\n<meta property=\"product:price:currency\" content=\"CHF\" \/>\n<meta property=\"og:availability\" content=\"out of stock\" \/>\n<meta property=\"product:availability\" content=\"out of stock\" \/>\n<meta property=\"product:retailer_item_id\" content=\"00000000000000000000000000000000000000000000030612\" \/>\n<meta property=\"product:condition\" content=\"new\" \/>\n<!-- \/ Yoast SEO Premium plugin. -->","yoast_head_json":{"title":"Jouet de dentition naturel champignon - Lanco - Teia Education & Play","description":"Ce bel jouet de dentition en forme de champignons de Lanco est fait \u00e0 la main en Espagne \u00e0 partir de mati\u00e8res 100% organiques.","robots":{"index":"index","follow":"follow","max-snippet":"max-snippet:-1","max-image-preview":"max-image-preview:large","max-video-preview":"max-video-preview:-1"},"canonical":"https:\/\/teiaeducation.ch\/fr\/produit\/anneau-de-dentition-champignon-naturel-lanco\/","og_locale":"fr_FR","og_type":"article","og_title":"Jouet de dentition naturel champignon - Lanco","og_description":"Ce bel jouet de dentition en forme de champignons de Lanco est fait \u00e0 la main en Espagne \u00e0 partir de mati\u00e8res 100% organiques.","og_url":"https:\/\/teiaeducation.ch\/fr\/produit\/anneau-de-dentition-champignon-naturel-lanco\/","og_site_name":"Sustainable Educational Products &amp; Ecological Toys\u00a0","article_publisher":"https:\/\/www.facebook.com\/teiaeducation\/","article_modified_time":"2021-09-08T15:15:31+00:00","og_image":[{"width":800,"height":800,"url":"https:\/\/teiaeducation.ch\/wp-content\/uploads\/2020\/10\/Red-Mushroom-Natural-Teether-Organic-Baby-Toy-Lanco.png","type":"image\/png"}],"schema":{"@context":"https:\/\/schema.org","@graph":[{"@type":"WebPage","@id":"https:\/\/teiaeducation.ch\/fr\/produit\/anneau-de-dentition-champignon-naturel-lanco\/","url":"https:\/\/teiaeducation.ch\/fr\/produit\/anneau-de-dentition-champignon-naturel-lanco\/","name":"Jouet de dentition naturel champignon - Lanco - Teia Education & Play","isPartOf":{"@id":"https:\/\/teiaeducation.ch\/fr\/#website"},"primaryImageOfPage":{"@id":"https:\/\/teiaeducation.ch\/fr\/produit\/anneau-de-dentition-champignon-naturel-lanco\/#primaryimage"},"image":{"@id":"https:\/\/teiaeducation.ch\/fr\/produit\/anneau-de-dentition-champignon-naturel-lanco\/#primaryimage"},"thumbnailUrl":"https:\/\/teiaeducation.ch\/wp-content\/uploads\/2020\/10\/Red-Mushroom-Natural-Teether-Organic-Baby-Toy-Lanco.png","datePublished":"2020-10-15T19:27:43+00:00","dateModified":"2021-09-08T15:15:31+00:00","description":"Ce bel jouet de dentition en forme de champignons de Lanco est fait \u00e0 la main en Espagne \u00e0 partir de mati\u00e8res 100% organiques.","breadcrumb":{"@id":"https:\/\/teiaeducation.ch\/fr\/produit\/anneau-de-dentition-champignon-naturel-lanco\/#breadcrumb"},"inLanguage":"fr-FR","potentialAction":[{"@type":"ReadAction","target":["https:\/\/teiaeducation.ch\/fr\/produit\/anneau-de-dentition-champignon-naturel-lanco\/"]}]},{"@type":"ImageObject","inLanguage":"fr-FR","@id":"https:\/\/teiaeducation.ch\/fr\/produit\/anneau-de-dentition-champignon-naturel-lanco\/#primaryimage","url":"https:\/\/teiaeducation.ch\/wp-content\/uploads\/2020\/10\/Red-Mushroom-Natural-Teether-Organic-Baby-Toy-Lanco.png","contentUrl":"https:\/\/teiaeducation.ch\/wp-content\/uploads\/2020\/10\/Red-Mushroom-Natural-Teether-Organic-Baby-Toy-Lanco.png","width":800,"height":800,"caption":"Anneau de dentition naturel en forme de champignon rouge \/ Jouet b\u00e9b\u00e9 biologique - Lanco"},{"@type":"BreadcrumbList","@id":"https:\/\/teiaeducation.ch\/fr\/produit\/anneau-de-dentition-champignon-naturel-lanco\/#breadcrumb","itemListElement":[{"@type":"ListItem","position":1,"name":"Home","item":"https:\/\/teiaeducation.ch\/fr\/"},{"@type":"ListItem","position":2,"name":"Boutique Teia Education &amp; Play","item":"https:\/\/teiaeducation.ch\/fr\/boutique\/"},{"@type":"ListItem","position":3,"name":"Nos Marques","item":"https:\/\/teiaeducation.ch\/fr\/categorie-produit\/marques\/"},{"@type":"ListItem","position":4,"name":"Lanco","item":"https:\/\/teiaeducation.ch\/fr\/categorie-produit\/marques\/lanco-fr\/"},{"@type":"ListItem","position":5,"name":"Jouet de dentition naturel champignon &#8211; Lanco"}]},{"@type":"WebSite","@id":"https:\/\/teiaeducation.ch\/fr\/#website","url":"https:\/\/teiaeducation.ch\/fr\/","name":"Sustainable Educational Products &amp; Ecological Toys\u00a0","description":"Specialised Swiss shop selling sustainable educational toys and games, AMI certified Montessori materials, handmade ecological wooden Waldorf toys and arts &amp; crafts supplies, school supplies, children&#039;s furniture and Montessori reference and parenting books.","publisher":{"@id":"https:\/\/teiaeducation.ch\/fr\/#organization"},"alternateName":"Teia Education & Play","potentialAction":[{"@type":"SearchAction","target":{"@type":"EntryPoint","urlTemplate":"https:\/\/teiaeducation.ch\/fr\/?s={search_term_string}"},"query-input":{"@type":"PropertyValueSpecification","valueRequired":true,"valueName":"search_term_string"}}],"inLanguage":"fr-FR"},{"@type":"Organization","@id":"https:\/\/teiaeducation.ch\/fr\/#organization","name":"Teia Education & Play","url":"https:\/\/teiaeducation.ch\/fr\/","logo":{"@type":"ImageObject","inLanguage":"fr-FR","@id":"https:\/\/teiaeducation.ch\/fr\/#\/schema\/logo\/image\/","url":"https:\/\/teiaeducation.ch\/wp-content\/uploads\/2020\/11\/Teia-Education-Switzerland-e1620156442216.jpg","contentUrl":"https:\/\/teiaeducation.ch\/wp-content\/uploads\/2020\/11\/Teia-Education-Switzerland-e1620156442216.jpg","width":166,"height":145,"caption":"Teia Education & Play"},"image":{"@id":"https:\/\/teiaeducation.ch\/fr\/#\/schema\/logo\/image\/"},"sameAs":["https:\/\/www.facebook.com\/teiaeducation\/","https:\/\/x.com\/EducationTeia","https:\/\/www.instagram.com\/teia.education\/","https:\/\/www.linkedin.com\/company\/35501660","https:\/\/www.pinterest.ch\/TeiaEducation\/"]}]},"product_price_amount":"14.90","product_price_currency":"CHF","og_availability":"out of stock","product_availability":"out of stock","product_retailer_item_id":"00000000000000000000000000000000000000000000030612","product_condition":"new"},"_links":{"self":[{"href":"https:\/\/teiaeducation.ch\/fr\/wp-json\/wp\/v2\/product\/31169","targetHints":{"allow":["GET"]}}],"collection":[{"href":"https:\/\/teiaeducation.ch\/fr\/wp-json\/wp\/v2\/product"}],"about":[{"href":"https:\/\/teiaeducation.ch\/fr\/wp-json\/wp\/v2\/types\/product"}],"replies":[{"embeddable":true,"href":"https:\/\/teiaeducation.ch\/fr\/wp-json\/wp\/v2\/comments?post=31169"}],"wp:featuredmedia":[{"embeddable":true,"href":"https:\/\/teiaeducation.ch\/fr\/wp-json\/wp\/v2\/media\/30747"}],"wp:attachment":[{"href":"https:\/\/teiaeducation.ch\/fr\/wp-json\/wp\/v2\/media?parent=31169"}],"wp:term":[{"taxonomy":"product_brand","embeddable":true,"href":"https:\/\/teiaeducation.ch\/fr\/wp-json\/wp\/v2\/product_brand?post=31169"},{"taxonomy":"product_cat","embeddable":true,"href":"https:\/\/teiaeducation.ch\/fr\/wp-json\/wp\/v2\/product_cat?post=31169"},{"taxonomy":"product_tag","embeddable":true,"href":"https:\/\/teiaeducation.ch\/fr\/wp-json\/wp\/v2\/product_tag?post=31169"}],"curies":[{"name":"wp","href":"https:\/\/api.w.org\/{rel}","templated":true}]}}