{"id":31221,"date":"2020-10-21T13:57:42","date_gmt":"2020-10-21T11:57:42","guid":{"rendered":"https:\/\/teiaeducation.ch\/product\/caravane-bleue-et-verte-grimms\/"},"modified":"2021-10-07T10:14:24","modified_gmt":"2021-10-07T08:14:24","slug":"caravane-bleue-verte-grimms","status":"publish","type":"product","link":"https:\/\/teiaeducation.ch\/fr\/produit\/caravane-bleue-verte-grimms\/","title":{"rendered":"Caravane bleue et verte &#8211; Grimm\u2019s"},"content":{"rendered":"<p>Caravane bleue et verte \/ Ensemble de jeu en bois portatif &#8211; Grimm\u2019s<\/p>\n<p>La caravane bleue et verte de Grimm est un fantastique jeu en bois d\u2019inspiration Waldorf qui peut \u00eatre transport\u00e9 n\u2019importe o\u00f9!<br \/>\nParfait pour le jeu dans un petit monde, ce magnifique ensemble de jeu en forme de caravane contient des meubles de poup\u00e9e en bois magnifiquement sculpt\u00e9s, y compris des tables, des chaises et tout ce dont vous avez besoin. Contient 14 pi\u00e8ces dont un toit, 3 \u00e9lements pour le jeu ouvert comme lits, berceaux ou murs, 2 pi\u00e8ces en feutre pour des couvertures ou des nappes, une cuisini\u00e8re, 2 chaises, une table et une \u00e9tag\u00e8re.<\/p>\n<p>Il y a aussi une belle couverture en feutre avec des poign\u00e9es en cordon de coton pour tenir le tout ensemble, ce qui en fait une maison vraiment mobile pour les poup\u00e9es ou les f\u00e9es et qui permet aux enfants de prendre facilement ce jouet merveilleux avec eux chez un ami, au restaurant ou au parc.<\/p>\n<p>L\u2019ensemble de caravanes bleue et verte de Grimm est en bois de chaux et mesure 19cm x 15cm. Il est peint \u00e0 la main dans des tons bleus et verts vibrants avec peinture non toxique \u00e0 base d\u2019eau, ce qui le rend s\u00fbr pour une utilisation par les petits enfants. Cet ensemble offre des possibilit\u00e9s infinies pour le jeu cr\u00e9atif dans un petit monde.<\/p>\n<p>Id\u00e9al pour jouer \u00e0 la maison, \u00e0 la cr\u00e8che, \u00e0 Waldorf ou \u00e0 l\u2019\u00e9cole Steiner, les beaux jouets en bois naturel de Grimm&#8217;s sont fabriqu\u00e9s selon la philosophie Waldorf qui est bien connue pour encourager les enfants \u00e0 d\u00e9couvrir le jeu cr\u00e9atif de mani\u00e8re ind\u00e9pendante, sans limitations et \u00e0 un rythme effr\u00e9n\u00e9. Les jouets en bois de Grimm&#8217;s sont color\u00e9s \u00e0 la main avec des peintures \u00e0 base d\u2019eau non toxiques et ne sont pas finis avec de la laque pour assurer les caract\u00e9ristiques originales du bois et pour qu&#8217;on puisse voir le grain \u00e0 travers. La surface des morceaux de bois europ\u00e9ens certifi\u00e9s <a href=\"https:\/\/www.fsc.org\/en\" target=\"_blank\" rel=\"noopener noreferrer\">FSC<\/a> est laiss\u00e9e l\u00e9g\u00e8rement rugueuse, ce qui les rend enti\u00e8rement empilables et moins glissants.<\/p>\n<p>Les jouets en bois de Grimm&#8217;s sont fabriqu\u00e9s dans les installations de Grimm en Allemagne ainsi que dans plusieurs ateliers \u00e0 travers l\u2019Europe \u00e0 partir de diff\u00e9rents types de bois tels que l\u2019aulne, la chaux, le h\u00eatre et l\u2019\u00e9rable. Tout le bois utilis\u00e9 pour fabriquer les jouets de Grimm&#8217;s provient de for\u00eats europ\u00e9ennes g\u00e9r\u00e9es de mani\u00e8re durable.<\/p>\n<p>Veuillez noter que les jouets de Grimm&#8217;s sont toujours uniques, et portent des marques uniques faites par la nature. Le grain de bois a des structures et des couleurs changeantes qui servent de preuve de ses origines naturelles. Les variations uniques, les marques, les noeuds, les motifs, les rayures noires ou les taches sombres qui peuvent \u00eatre visibles dans le bois d\u2019un jouet de Grimm&#8217;s sont une preuve de qualit\u00e9, et non des d\u00e9fauts.<\/p>\n<p>La caravane bleue et verte de Grimm convient aux enfants de 3 ans et plus.<\/p>\n<p>Avertissement! RISQUE D\u2019\u00c9TOUFFEMENT &#8211; Petites pi\u00e8ces. Ce jouet ne convient pas aux enfants de moins de 3 ans.<\/p>\n<p>Contenu:<\/p>\n<p>12 pi\u00e8ces + 2 petits morceaux de feutre<\/p>\n","protected":false},"excerpt":{"rendered":"<p>Num\u00e9ro d\u2019article: gri10881<\/p>\n<p>Parfait pour le jeu dans un petit monde, ce magnifique ensemble de jeu portatif en forme de caravane Grimm contient des meubles pour poup\u00e9e en bois magnifiquement sculpt\u00e9, y compris des tables, des chaises et tout ce dont vous avez besoin!<\/p>\n","protected":false},"featured_media":31150,"comment_status":"open","ping_status":"closed","template":"","meta":[],"product_brand":[],"product_cat":[215,13150,24872,283,17212,17241,13130,13144,23020,23021,13140,13136,7595,217,5851,212,1219],"product_tag":[17337,17463,17476,17492,17493,17489,17485,17486,8625,17465,17332,17334,17335,17491,17462,17494,17490,17495,17487,17331,17336,17477,17488],"class_list":{"0":"post-31221","1":"product","2":"type-product","3":"status-publish","4":"has-post-thumbnail","6":"product_cat-3-6-ans","7":"product_cat-blocs-de-construction-en-bois","8":"product_cat-construction-mondes-arc-en-ciel","9":"product_cat-domaines-du-curriculum","10":"product_cat-grimms-fr","11":"product_cat-guide-cadeaux-3-6-ans","12":"product_cat-jouer","13":"product_cat-jouets-a-empiler","14":"product_cat-jouets-en-bois","15":"product_cat-jouets-waldorf","16":"product_cat-jeu-libre","17":"product_cat-maisons-de-poupees-batiments","18":"product_cat-methode-deducation","19":"product_cat-marques","20":"product_cat-nouveautes","21":"product_cat-tranche-dage","22":"product_cat-waldorf-fr","23":"product_tag-arc-en-ciel-colore-en-bois-fait-main","24":"product_tag-assortiment-de-blocs-de-construction-en-bois-de-grimm","25":"product_tag-caravane-grimm","26":"product_tag-ensemble-de-jeu-caravane-en-bois","27":"product_tag-ensemble-de-jeu-de-maison-mobile-en-bois","28":"product_tag-ensemble-de-jouet-grimm","29":"product_tag-ensemble-de-jouet-pour-poupee-de-grimm","30":"product_tag-ensemble-de-jouet-pour-un-petit-monde-de-grimm","31":"product_tag-fabrique-en-allemagne","32":"product_tag-formes-organiques-grimm","33":"product_tag-grimm-suisse","34":"product_tag-grimm-suisse-fr","35":"product_tag-grimme-suisse","36":"product_tag-jeu-maison-mobile-en-bois","37":"product_tag-jeux-libres-en-bois","38":"product_tag-jouet-caravane","39":"product_tag-jouet-caravane-en-bois","40":"product_tag-jouet-maison-mobile","41":"product_tag-jouet-portatif-de-grimm","42":"product_tag-jouets-en-bois-waldorf","43":"product_tag-magasin-de-jouets-en-bois-grimm","44":"product_tag-maison-mobile-de-grimm","45":"product_tag-meubles-pour-poupee-de-grimm","47":"first","48":"outofstock","49":"taxable","50":"shipping-taxable","51":"purchasable","52":"product-type-simple"},"yoast_head":"<!-- This site is optimized with the Yoast SEO plugin v27.1.1 - https:\/\/yoast.com\/product\/yoast-seo-wordpress\/ -->\n<title>Caravane bleue et verte - Grimm\u2019s - Teia Education &amp; Play<\/title>\n<meta name=\"description\" content=\"La caravane bleue et verte de Grimm est un fantastique ensemble de jeux portatifs en bois d\u2019inspiration Waldorf. Une maison mobile pour le jeu de poup\u00e9e dans un petit monde !\" \/>\n<meta name=\"robots\" content=\"index, follow, max-snippet:-1, max-image-preview:large, max-video-preview:-1\" \/>\n<link rel=\"canonical\" href=\"https:\/\/teiaeducation.ch\/fr\/produit\/caravane-bleue-verte-grimms\/\" \/>\n<meta property=\"og:locale\" content=\"fr_FR\" \/>\n<meta property=\"og:type\" content=\"article\" \/>\n<meta property=\"og:title\" content=\"Caravane bleue et verte - Grimm\u2019s - Teia Education &amp; Play\" \/>\n<meta property=\"og:description\" content=\"La caravane bleue et verte de Grimm est un fantastique ensemble de jeux portatifs en bois d\u2019inspiration Waldorf. Une maison mobile pour le jeu de poup\u00e9e dans un petit monde !\" \/>\n<meta property=\"og:url\" content=\"https:\/\/teiaeducation.ch\/fr\/produit\/caravane-bleue-verte-grimms\/\" \/>\n<meta property=\"og:site_name\" content=\"Sustainable Educational Products &amp; Ecological Toys\u00a0\" \/>\n<meta property=\"article:publisher\" content=\"https:\/\/www.facebook.com\/teiaeducation\/\" \/>\n<meta property=\"article:modified_time\" content=\"2021-10-07T08:14:24+00:00\" \/>\n<meta property=\"og:image\" content=\"https:\/\/teiaeducation.ch\/wp-content\/uploads\/2020\/10\/Blue-green-caravan-Grimms.jpg\" \/>\n\t<meta property=\"og:image:width\" content=\"800\" \/>\n\t<meta property=\"og:image:height\" content=\"778\" \/>\n\t<meta property=\"og:image:type\" content=\"image\/jpeg\" \/>\n<script type=\"application\/ld+json\" class=\"yoast-schema-graph\">{\"@context\":\"https:\/\/schema.org\",\"@graph\":[{\"@type\":\"WebPage\",\"@id\":\"https:\/\/teiaeducation.ch\/fr\/produit\/caravane-bleue-verte-grimms\/\",\"url\":\"https:\/\/teiaeducation.ch\/fr\/produit\/caravane-bleue-verte-grimms\/\",\"name\":\"Caravane bleue et verte - Grimm\u2019s - Teia Education & Play\",\"isPartOf\":{\"@id\":\"https:\/\/teiaeducation.ch\/fr\/#website\"},\"primaryImageOfPage\":{\"@id\":\"https:\/\/teiaeducation.ch\/fr\/produit\/caravane-bleue-verte-grimms\/#primaryimage\"},\"image\":{\"@id\":\"https:\/\/teiaeducation.ch\/fr\/produit\/caravane-bleue-verte-grimms\/#primaryimage\"},\"thumbnailUrl\":\"https:\/\/teiaeducation.ch\/wp-content\/uploads\/2020\/10\/Blue-green-caravan-Grimms.jpg\",\"datePublished\":\"2020-10-21T11:57:42+00:00\",\"dateModified\":\"2021-10-07T08:14:24+00:00\",\"description\":\"La caravane bleue et verte de Grimm est un fantastique ensemble de jeux portatifs en bois d\u2019inspiration Waldorf. Une maison mobile pour le jeu de poup\u00e9e dans un petit monde !\",\"breadcrumb\":{\"@id\":\"https:\/\/teiaeducation.ch\/fr\/produit\/caravane-bleue-verte-grimms\/#breadcrumb\"},\"inLanguage\":\"fr-FR\",\"potentialAction\":[{\"@type\":\"ReadAction\",\"target\":[\"https:\/\/teiaeducation.ch\/fr\/produit\/caravane-bleue-verte-grimms\/\"]}]},{\"@type\":\"ImageObject\",\"inLanguage\":\"fr-FR\",\"@id\":\"https:\/\/teiaeducation.ch\/fr\/produit\/caravane-bleue-verte-grimms\/#primaryimage\",\"url\":\"https:\/\/teiaeducation.ch\/wp-content\/uploads\/2020\/10\/Blue-green-caravan-Grimms.jpg\",\"contentUrl\":\"https:\/\/teiaeducation.ch\/wp-content\/uploads\/2020\/10\/Blue-green-caravan-Grimms.jpg\",\"width\":800,\"height\":778,\"caption\":\"ensemble de jeu en bois caravane bleue et verte - Grimm\u2019s\"},{\"@type\":\"BreadcrumbList\",\"@id\":\"https:\/\/teiaeducation.ch\/fr\/produit\/caravane-bleue-verte-grimms\/#breadcrumb\",\"itemListElement\":[{\"@type\":\"ListItem\",\"position\":1,\"name\":\"Home\",\"item\":\"https:\/\/teiaeducation.ch\/fr\/\"},{\"@type\":\"ListItem\",\"position\":2,\"name\":\"Boutique Teia Education &amp; Play\",\"item\":\"https:\/\/teiaeducation.ch\/fr\/boutique\/\"},{\"@type\":\"ListItem\",\"position\":3,\"name\":\"Nos Marques\",\"item\":\"https:\/\/teiaeducation.ch\/fr\/categorie-produit\/marques\/\"},{\"@type\":\"ListItem\",\"position\":4,\"name\":\"Grimm's\",\"item\":\"https:\/\/teiaeducation.ch\/fr\/categorie-produit\/marques\/grimms-fr\/\"},{\"@type\":\"ListItem\",\"position\":5,\"name\":\"Caravane bleue et verte &#8211; Grimm\u2019s\"}]},{\"@type\":\"WebSite\",\"@id\":\"https:\/\/teiaeducation.ch\/fr\/#website\",\"url\":\"https:\/\/teiaeducation.ch\/fr\/\",\"name\":\"Sustainable Educational Products &amp; Ecological Toys\u00a0\",\"description\":\"Specialised Swiss shop selling sustainable educational toys and games, AMI certified Montessori materials, handmade ecological wooden Waldorf toys and arts &amp; crafts supplies, school supplies, children&#039;s furniture and Montessori reference and parenting books.\",\"publisher\":{\"@id\":\"https:\/\/teiaeducation.ch\/fr\/#organization\"},\"alternateName\":\"Teia Education & Play\",\"potentialAction\":[{\"@type\":\"SearchAction\",\"target\":{\"@type\":\"EntryPoint\",\"urlTemplate\":\"https:\/\/teiaeducation.ch\/fr\/?s={search_term_string}\"},\"query-input\":{\"@type\":\"PropertyValueSpecification\",\"valueRequired\":true,\"valueName\":\"search_term_string\"}}],\"inLanguage\":\"fr-FR\"},{\"@type\":\"Organization\",\"@id\":\"https:\/\/teiaeducation.ch\/fr\/#organization\",\"name\":\"Teia Education & Play\",\"url\":\"https:\/\/teiaeducation.ch\/fr\/\",\"logo\":{\"@type\":\"ImageObject\",\"inLanguage\":\"fr-FR\",\"@id\":\"https:\/\/teiaeducation.ch\/fr\/#\/schema\/logo\/image\/\",\"url\":\"https:\/\/teiaeducation.ch\/wp-content\/uploads\/2020\/11\/Teia-Education-Switzerland-e1620156442216.jpg\",\"contentUrl\":\"https:\/\/teiaeducation.ch\/wp-content\/uploads\/2020\/11\/Teia-Education-Switzerland-e1620156442216.jpg\",\"width\":166,\"height\":145,\"caption\":\"Teia Education & Play\"},\"image\":{\"@id\":\"https:\/\/teiaeducation.ch\/fr\/#\/schema\/logo\/image\/\"},\"sameAs\":[\"https:\/\/www.facebook.com\/teiaeducation\/\",\"https:\/\/x.com\/EducationTeia\",\"https:\/\/www.instagram.com\/teia.education\/\",\"https:\/\/www.linkedin.com\/company\/35501660\",\"https:\/\/www.pinterest.ch\/TeiaEducation\/\"]}]}<\/script>\n<!-- \/ Yoast SEO plugin. -->","yoast_head_json":{"title":"Caravane bleue et verte - Grimm\u2019s - Teia Education & Play","description":"La caravane bleue et verte de Grimm est un fantastique ensemble de jeux portatifs en bois d\u2019inspiration Waldorf. Une maison mobile pour le jeu de poup\u00e9e dans un petit monde !","robots":{"index":"index","follow":"follow","max-snippet":"max-snippet:-1","max-image-preview":"max-image-preview:large","max-video-preview":"max-video-preview:-1"},"canonical":"https:\/\/teiaeducation.ch\/fr\/produit\/caravane-bleue-verte-grimms\/","og_locale":"fr_FR","og_type":"article","og_title":"Caravane bleue et verte - Grimm\u2019s - Teia Education & Play","og_description":"La caravane bleue et verte de Grimm est un fantastique ensemble de jeux portatifs en bois d\u2019inspiration Waldorf. Une maison mobile pour le jeu de poup\u00e9e dans un petit monde !","og_url":"https:\/\/teiaeducation.ch\/fr\/produit\/caravane-bleue-verte-grimms\/","og_site_name":"Sustainable Educational Products &amp; Ecological Toys\u00a0","article_publisher":"https:\/\/www.facebook.com\/teiaeducation\/","article_modified_time":"2021-10-07T08:14:24+00:00","og_image":[{"width":800,"height":778,"url":"https:\/\/teiaeducation.ch\/wp-content\/uploads\/2020\/10\/Blue-green-caravan-Grimms.jpg","type":"image\/jpeg"}],"schema":{"@context":"https:\/\/schema.org","@graph":[{"@type":"WebPage","@id":"https:\/\/teiaeducation.ch\/fr\/produit\/caravane-bleue-verte-grimms\/","url":"https:\/\/teiaeducation.ch\/fr\/produit\/caravane-bleue-verte-grimms\/","name":"Caravane bleue et verte - Grimm\u2019s - Teia Education & Play","isPartOf":{"@id":"https:\/\/teiaeducation.ch\/fr\/#website"},"primaryImageOfPage":{"@id":"https:\/\/teiaeducation.ch\/fr\/produit\/caravane-bleue-verte-grimms\/#primaryimage"},"image":{"@id":"https:\/\/teiaeducation.ch\/fr\/produit\/caravane-bleue-verte-grimms\/#primaryimage"},"thumbnailUrl":"https:\/\/teiaeducation.ch\/wp-content\/uploads\/2020\/10\/Blue-green-caravan-Grimms.jpg","datePublished":"2020-10-21T11:57:42+00:00","dateModified":"2021-10-07T08:14:24+00:00","description":"La caravane bleue et verte de Grimm est un fantastique ensemble de jeux portatifs en bois d\u2019inspiration Waldorf. Une maison mobile pour le jeu de poup\u00e9e dans un petit monde !","breadcrumb":{"@id":"https:\/\/teiaeducation.ch\/fr\/produit\/caravane-bleue-verte-grimms\/#breadcrumb"},"inLanguage":"fr-FR","potentialAction":[{"@type":"ReadAction","target":["https:\/\/teiaeducation.ch\/fr\/produit\/caravane-bleue-verte-grimms\/"]}]},{"@type":"ImageObject","inLanguage":"fr-FR","@id":"https:\/\/teiaeducation.ch\/fr\/produit\/caravane-bleue-verte-grimms\/#primaryimage","url":"https:\/\/teiaeducation.ch\/wp-content\/uploads\/2020\/10\/Blue-green-caravan-Grimms.jpg","contentUrl":"https:\/\/teiaeducation.ch\/wp-content\/uploads\/2020\/10\/Blue-green-caravan-Grimms.jpg","width":800,"height":778,"caption":"ensemble de jeu en bois caravane bleue et verte - Grimm\u2019s"},{"@type":"BreadcrumbList","@id":"https:\/\/teiaeducation.ch\/fr\/produit\/caravane-bleue-verte-grimms\/#breadcrumb","itemListElement":[{"@type":"ListItem","position":1,"name":"Home","item":"https:\/\/teiaeducation.ch\/fr\/"},{"@type":"ListItem","position":2,"name":"Boutique Teia Education &amp; Play","item":"https:\/\/teiaeducation.ch\/fr\/boutique\/"},{"@type":"ListItem","position":3,"name":"Nos Marques","item":"https:\/\/teiaeducation.ch\/fr\/categorie-produit\/marques\/"},{"@type":"ListItem","position":4,"name":"Grimm's","item":"https:\/\/teiaeducation.ch\/fr\/categorie-produit\/marques\/grimms-fr\/"},{"@type":"ListItem","position":5,"name":"Caravane bleue et verte &#8211; Grimm\u2019s"}]},{"@type":"WebSite","@id":"https:\/\/teiaeducation.ch\/fr\/#website","url":"https:\/\/teiaeducation.ch\/fr\/","name":"Sustainable Educational Products &amp; Ecological Toys\u00a0","description":"Specialised Swiss shop selling sustainable educational toys and games, AMI certified Montessori materials, handmade ecological wooden Waldorf toys and arts &amp; crafts supplies, school supplies, children&#039;s furniture and Montessori reference and parenting books.","publisher":{"@id":"https:\/\/teiaeducation.ch\/fr\/#organization"},"alternateName":"Teia Education & Play","potentialAction":[{"@type":"SearchAction","target":{"@type":"EntryPoint","urlTemplate":"https:\/\/teiaeducation.ch\/fr\/?s={search_term_string}"},"query-input":{"@type":"PropertyValueSpecification","valueRequired":true,"valueName":"search_term_string"}}],"inLanguage":"fr-FR"},{"@type":"Organization","@id":"https:\/\/teiaeducation.ch\/fr\/#organization","name":"Teia Education & Play","url":"https:\/\/teiaeducation.ch\/fr\/","logo":{"@type":"ImageObject","inLanguage":"fr-FR","@id":"https:\/\/teiaeducation.ch\/fr\/#\/schema\/logo\/image\/","url":"https:\/\/teiaeducation.ch\/wp-content\/uploads\/2020\/11\/Teia-Education-Switzerland-e1620156442216.jpg","contentUrl":"https:\/\/teiaeducation.ch\/wp-content\/uploads\/2020\/11\/Teia-Education-Switzerland-e1620156442216.jpg","width":166,"height":145,"caption":"Teia Education & Play"},"image":{"@id":"https:\/\/teiaeducation.ch\/fr\/#\/schema\/logo\/image\/"},"sameAs":["https:\/\/www.facebook.com\/teiaeducation\/","https:\/\/x.com\/EducationTeia","https:\/\/www.instagram.com\/teia.education\/","https:\/\/www.linkedin.com\/company\/35501660","https:\/\/www.pinterest.ch\/TeiaEducation\/"]}]}},"_links":{"self":[{"href":"https:\/\/teiaeducation.ch\/fr\/wp-json\/wp\/v2\/product\/31221","targetHints":{"allow":["GET"]}}],"collection":[{"href":"https:\/\/teiaeducation.ch\/fr\/wp-json\/wp\/v2\/product"}],"about":[{"href":"https:\/\/teiaeducation.ch\/fr\/wp-json\/wp\/v2\/types\/product"}],"replies":[{"embeddable":true,"href":"https:\/\/teiaeducation.ch\/fr\/wp-json\/wp\/v2\/comments?post=31221"}],"wp:featuredmedia":[{"embeddable":true,"href":"https:\/\/teiaeducation.ch\/fr\/wp-json\/wp\/v2\/media\/31150"}],"wp:attachment":[{"href":"https:\/\/teiaeducation.ch\/fr\/wp-json\/wp\/v2\/media?parent=31221"}],"wp:term":[{"taxonomy":"product_brand","embeddable":true,"href":"https:\/\/teiaeducation.ch\/fr\/wp-json\/wp\/v2\/product_brand?post=31221"},{"taxonomy":"product_cat","embeddable":true,"href":"https:\/\/teiaeducation.ch\/fr\/wp-json\/wp\/v2\/product_cat?post=31221"},{"taxonomy":"product_tag","embeddable":true,"href":"https:\/\/teiaeducation.ch\/fr\/wp-json\/wp\/v2\/product_tag?post=31221"}],"curies":[{"name":"wp","href":"https:\/\/api.w.org\/{rel}","templated":true}]}}