{"id":31222,"date":"2020-10-21T13:27:48","date_gmt":"2020-10-21T11:27:48","guid":{"rendered":"https:\/\/teiaeducation.ch\/product\/fleur-a-empiler-grimms\/"},"modified":"2023-12-11T13:17:51","modified_gmt":"2023-12-11T12:17:51","slug":"fleur-a-empiler-grimms","status":"publish","type":"product","link":"https:\/\/teiaeducation.ch\/fr\/produit\/fleur-a-empiler-grimms\/","title":{"rendered":"Fleur \u00e0 empiler &#8211; Grimm\u2019s"},"content":{"rendered":"<p>Fleur \u00e0 empiler de Grimm \/ blocs de construction en bois fait main<\/p>\n<p>La fleur \u00e0 empiler de Grimm est un bel ensemble de blocs de construction \u00e0 empiler en bois fait main.<\/p>\n<p>Neuf formes en bois organiques s\u2019empilent magnifiquement les unes sur les autres dans les magnifiques roses et verts d\u2019une fleur. <a href=\"https:\/\/teiaeducation.ch\/product-category\/play\/stacking-toys\/\">Ce beau jouet d\u2019inspiration Waldorf est id\u00e9al pour les tout-petits et les jeunes enfants comme blocs de construction, puzzle cr\u00e9atif, jouet d&#8217;empilage et d&#8217;embo\u00eetage, ou comme d\u00e9coration sur une table.<\/a> Il inspirera le jeu imaginatif sans fin dans un petit monde en tant que tunnels, cl\u00f4tures, routes, ponts, cavernes ou logements pour les f\u00e9es, les nains ou les poup\u00e9es.<\/p>\n<p>L\u2019ensemble de blocs de construction de fleur de Grimm est fait en bois de chaux et fait 22cm de hauteur. Il est peint \u00e0 la main dans de belles couleurs vives avec de a peinture non toxiques \u00e0 base d\u2019eau, ce qui le rend s\u00fbr pour une utilisation par les petits enfants. Cet ensemble offre des possibilit\u00e9s infinies pour le jeu cr\u00e9atif, faire des sculptures \u00e9tonnantes et am\u00e9liorer les habilet\u00e9s motrices fines et est \u00e9galement un bel ajout d\u00e9coratif \u00e0 n\u2019importe quelle salle de jeux, salle de classe ou chambre d\u2019enfant.<\/p>\n<p>Id\u00e9al pour jouer \u00e0 la maison, \u00e0 la cr\u00e8che, \u00e0 Waldorf ou \u00e0 l\u2019\u00e9cole Steiner, les beaux jouets en bois naturel de Grimm&#8217;s sont fabriqu\u00e9s selon la philosophie Waldorf qui est bien connue pour encourager les enfants \u00e0 d\u00e9couvrir le jeu cr\u00e9atif de mani\u00e8re ind\u00e9pendante, sans limitations et \u00e0 un rythme effr\u00e9n\u00e9. Les jouets en bois de Grimm&#8217;s sont color\u00e9s \u00e0 la main avec des peintures \u00e0 base d\u2019eau non toxiques et ne sont pas finis avec de la laque pour assurer les caract\u00e9ristiques originales du bois et pour qu&#8217;on puisse voir le grain \u00e0 travers. La surface des morceaux de bois europ\u00e9ens certifi\u00e9s <a href=\"https:\/\/www.fsc.org\/en\" target=\"_blank\" rel=\"noopener noreferrer\">FSC<\/a> est laiss\u00e9e l\u00e9g\u00e8rement rugueuse, ce qui les rend enti\u00e8rement empilables et moins glissants.<\/p>\n<p>Les jouets en bois de Grimm&#8217;s sont fabriqu\u00e9s dans les manufacture de Grimm&#8217;s en Allemagne ainsi que dans plusieurs ateliers \u00e0 travers l\u2019Europe \u00e0 partir de diff\u00e9rents types de bois tels que l\u2019aulne, la chaux, le h\u00eatre et l\u2019\u00e9rable. Tout le bois utilis\u00e9 pour fabriquer les jouets de Grimm&#8217;s provient de for\u00eats europ\u00e9ennes g\u00e9r\u00e9es de mani\u00e8re durable.<\/p>\n<p>Veuillez noter que les jouets de Grimm&#8217;s sont toujours uniques, et portent des marques uniques faites par la nature. Le grain du bois a des structures et des couleurs changeantes qui servent de preuve de ses origines naturelles. Les variations uniques, les marques, les noeuds, les motifs, les rayures noires ou les taches sombres qui peuvent \u00eatre visibles dans le bois des jouets de Grimm&#8217;s sont une preuve de qualit\u00e9, et non des d\u00e9fauts.<\/p>\n<p>La fleur \u00e0 empiler de Grimm convient aux enfants de 2 ans et plus.<\/p>\n<p>Contenu :<\/p>\n<p>9 pi\u00e8ces en bois<\/p>\n","protected":false},"excerpt":{"rendered":"<p>Num\u00e9ro d\u2019article: gri10900<\/p>\n<div>La fleur \u00e0 empiler de Grimm est un bel ensemble de blocs de construction en bois fait main avec neuf formes en bois organiques qui s&#8217;embo\u00eetent parfaitement les unes sur les autres dans les rmagnifiques couleurs vertes et roses d\u2019une fleur.<\/div>\n","protected":false},"featured_media":31162,"comment_status":"open","ping_status":"closed","template":"","meta":[],"product_brand":[],"product_cat":[208,215,17225,18893,635,24872,283,17212,17242,21257,13130,13144,23020,23021,7595,217,24313,209,22348,212,1219],"product_tag":[17463,8625,17497,17465,17332,17334,17335,17496,17498,17462,17468,17467,17331,17336],"class_list":{"0":"post-31222","1":"product","2":"type-product","3":"status-publish","4":"has-post-thumbnail","6":"product_cat-1-3-ans","7":"product_cat-3-6-ans","8":"product_cat-celebrations-fr","9":"product_cat-collection-printemps","10":"product_cat-competences-motrices","11":"product_cat-construction-mondes-arc-en-ciel","12":"product_cat-domaines-du-curriculum","13":"product_cat-grimms-fr","14":"product_cat-guide-cadeaux-1-3-ans","15":"product_cat-guides-cadeaux","16":"product_cat-jouer","17":"product_cat-jouets-a-empiler","18":"product_cat-jouets-en-bois","19":"product_cat-jouets-waldorf","20":"product_cat-methode-deducation","21":"product_cat-marques","22":"product_cat-saint-valentin","23":"product_cat-sensorielles-motrices","24":"product_cat-natur-saisonale-tische","25":"product_cat-tranche-dage","26":"product_cat-waldorf-fr","27":"product_tag-assortiment-de-blocs-de-construction-en-bois-de-grimm","28":"product_tag-fabrique-en-allemagne","29":"product_tag-fleur-a-empiler-grimm","30":"product_tag-formes-organiques-grimm","31":"product_tag-grimm-suisse","32":"product_tag-grimm-suisse-fr","33":"product_tag-grimme-suisse","34":"product_tag-jeu-dempilage-en-bois-fait-main","35":"product_tag-jeu-dempilage-grimm","36":"product_tag-jeux-libres-en-bois","37":"product_tag-jouets-demboitage-grimm","38":"product_tag-jouets-dempilage-grimm","39":"product_tag-jouets-en-bois-waldorf","40":"product_tag-magasin-de-jouets-en-bois-grimm","42":"first","43":"outofstock","44":"taxable","45":"shipping-taxable","46":"purchasable","47":"product-type-simple"},"yoast_head":"<!-- This site is optimized with the Yoast SEO plugin v27.1.1 - https:\/\/yoast.com\/product\/yoast-seo-wordpress\/ -->\n<title>Fleur \u00e0 empiler - Grimm\u2019s - Teia Education &amp; Play<\/title>\n<meta name=\"description\" content=\"L\u2019ensemble de blocs de construction \u00e0 empiler pour former une fleur de Grimm est un jouet en bois de Waldorf fait \u00e0 la main et est adapt\u00e9 aux enfants d\u00e8s 2 ans.\" \/>\n<meta name=\"robots\" content=\"index, follow, max-snippet:-1, max-image-preview:large, max-video-preview:-1\" \/>\n<link rel=\"canonical\" href=\"https:\/\/teiaeducation.ch\/fr\/produit\/fleur-a-empiler-grimms\/\" \/>\n<meta property=\"og:locale\" content=\"fr_FR\" \/>\n<meta property=\"og:type\" content=\"article\" \/>\n<meta property=\"og:title\" content=\"Fleur \u00e0 empiler - Grimm\u2019s - Teia Education &amp; Play\" \/>\n<meta property=\"og:description\" content=\"L\u2019ensemble de blocs de construction \u00e0 empiler pour former une fleur de Grimm est un jouet en bois de Waldorf fait \u00e0 la main et est adapt\u00e9 aux enfants d\u00e8s 2 ans.\" \/>\n<meta property=\"og:url\" content=\"https:\/\/teiaeducation.ch\/fr\/produit\/fleur-a-empiler-grimms\/\" \/>\n<meta property=\"og:site_name\" content=\"Sustainable Educational Products &amp; Ecological Toys\u00a0\" \/>\n<meta property=\"article:publisher\" content=\"https:\/\/www.facebook.com\/teiaeducation\/\" \/>\n<meta property=\"article:modified_time\" content=\"2023-12-11T12:17:51+00:00\" \/>\n<meta property=\"og:image\" content=\"https:\/\/teiaeducation.ch\/wp-content\/uploads\/2020\/10\/Flower-stacker-Grimms.jpg\" \/>\n\t<meta property=\"og:image:width\" content=\"800\" \/>\n\t<meta property=\"og:image:height\" content=\"888\" \/>\n\t<meta property=\"og:image:type\" content=\"image\/jpeg\" \/>\n<script type=\"application\/ld+json\" class=\"yoast-schema-graph\">{\"@context\":\"https:\/\/schema.org\",\"@graph\":[{\"@type\":\"WebPage\",\"@id\":\"https:\/\/teiaeducation.ch\/fr\/produit\/fleur-a-empiler-grimms\/\",\"url\":\"https:\/\/teiaeducation.ch\/fr\/produit\/fleur-a-empiler-grimms\/\",\"name\":\"Fleur \u00e0 empiler - Grimm\u2019s - Teia Education & Play\",\"isPartOf\":{\"@id\":\"https:\/\/teiaeducation.ch\/fr\/#website\"},\"primaryImageOfPage\":{\"@id\":\"https:\/\/teiaeducation.ch\/fr\/produit\/fleur-a-empiler-grimms\/#primaryimage\"},\"image\":{\"@id\":\"https:\/\/teiaeducation.ch\/fr\/produit\/fleur-a-empiler-grimms\/#primaryimage\"},\"thumbnailUrl\":\"https:\/\/teiaeducation.ch\/wp-content\/uploads\/2020\/10\/Flower-stacker-Grimms.jpg\",\"datePublished\":\"2020-10-21T11:27:48+00:00\",\"dateModified\":\"2023-12-11T12:17:51+00:00\",\"description\":\"L\u2019ensemble de blocs de construction \u00e0 empiler pour former une fleur de Grimm est un jouet en bois de Waldorf fait \u00e0 la main et est adapt\u00e9 aux enfants d\u00e8s 2 ans.\",\"breadcrumb\":{\"@id\":\"https:\/\/teiaeducation.ch\/fr\/produit\/fleur-a-empiler-grimms\/#breadcrumb\"},\"inLanguage\":\"fr-FR\",\"potentialAction\":[{\"@type\":\"ReadAction\",\"target\":[\"https:\/\/teiaeducation.ch\/fr\/produit\/fleur-a-empiler-grimms\/\"]}]},{\"@type\":\"ImageObject\",\"inLanguage\":\"fr-FR\",\"@id\":\"https:\/\/teiaeducation.ch\/fr\/produit\/fleur-a-empiler-grimms\/#primaryimage\",\"url\":\"https:\/\/teiaeducation.ch\/wp-content\/uploads\/2020\/10\/Flower-stacker-Grimms.jpg\",\"contentUrl\":\"https:\/\/teiaeducation.ch\/wp-content\/uploads\/2020\/10\/Flower-stacker-Grimms.jpg\",\"width\":800,\"height\":888,\"caption\":\"Blocs d'empilage en bois faits main en forme de fleur - Grimm\u2019s\"},{\"@type\":\"BreadcrumbList\",\"@id\":\"https:\/\/teiaeducation.ch\/fr\/produit\/fleur-a-empiler-grimms\/#breadcrumb\",\"itemListElement\":[{\"@type\":\"ListItem\",\"position\":1,\"name\":\"Home\",\"item\":\"https:\/\/teiaeducation.ch\/fr\/\"},{\"@type\":\"ListItem\",\"position\":2,\"name\":\"Boutique Teia Education &amp; Play\",\"item\":\"https:\/\/teiaeducation.ch\/fr\/boutique\/\"},{\"@type\":\"ListItem\",\"position\":3,\"name\":\"Nos Marques\",\"item\":\"https:\/\/teiaeducation.ch\/fr\/categorie-produit\/marques\/\"},{\"@type\":\"ListItem\",\"position\":4,\"name\":\"Grimm's\",\"item\":\"https:\/\/teiaeducation.ch\/fr\/categorie-produit\/marques\/grimms-fr\/\"},{\"@type\":\"ListItem\",\"position\":5,\"name\":\"Fleur \u00e0 empiler &#8211; Grimm\u2019s\"}]},{\"@type\":\"WebSite\",\"@id\":\"https:\/\/teiaeducation.ch\/fr\/#website\",\"url\":\"https:\/\/teiaeducation.ch\/fr\/\",\"name\":\"Sustainable Educational Products &amp; Ecological Toys\u00a0\",\"description\":\"Specialised Swiss shop selling sustainable educational toys and games, AMI certified Montessori materials, handmade ecological wooden Waldorf toys and arts &amp; crafts supplies, school supplies, children&#039;s furniture and Montessori reference and parenting books.\",\"publisher\":{\"@id\":\"https:\/\/teiaeducation.ch\/fr\/#organization\"},\"alternateName\":\"Teia Education & Play\",\"potentialAction\":[{\"@type\":\"SearchAction\",\"target\":{\"@type\":\"EntryPoint\",\"urlTemplate\":\"https:\/\/teiaeducation.ch\/fr\/?s={search_term_string}\"},\"query-input\":{\"@type\":\"PropertyValueSpecification\",\"valueRequired\":true,\"valueName\":\"search_term_string\"}}],\"inLanguage\":\"fr-FR\"},{\"@type\":\"Organization\",\"@id\":\"https:\/\/teiaeducation.ch\/fr\/#organization\",\"name\":\"Teia Education & Play\",\"url\":\"https:\/\/teiaeducation.ch\/fr\/\",\"logo\":{\"@type\":\"ImageObject\",\"inLanguage\":\"fr-FR\",\"@id\":\"https:\/\/teiaeducation.ch\/fr\/#\/schema\/logo\/image\/\",\"url\":\"https:\/\/teiaeducation.ch\/wp-content\/uploads\/2020\/11\/Teia-Education-Switzerland-e1620156442216.jpg\",\"contentUrl\":\"https:\/\/teiaeducation.ch\/wp-content\/uploads\/2020\/11\/Teia-Education-Switzerland-e1620156442216.jpg\",\"width\":166,\"height\":145,\"caption\":\"Teia Education & Play\"},\"image\":{\"@id\":\"https:\/\/teiaeducation.ch\/fr\/#\/schema\/logo\/image\/\"},\"sameAs\":[\"https:\/\/www.facebook.com\/teiaeducation\/\",\"https:\/\/x.com\/EducationTeia\",\"https:\/\/www.instagram.com\/teia.education\/\",\"https:\/\/www.linkedin.com\/company\/35501660\",\"https:\/\/www.pinterest.ch\/TeiaEducation\/\"]}]}<\/script>\n<!-- \/ Yoast SEO plugin. -->","yoast_head_json":{"title":"Fleur \u00e0 empiler - Grimm\u2019s - Teia Education & Play","description":"L\u2019ensemble de blocs de construction \u00e0 empiler pour former une fleur de Grimm est un jouet en bois de Waldorf fait \u00e0 la main et est adapt\u00e9 aux enfants d\u00e8s 2 ans.","robots":{"index":"index","follow":"follow","max-snippet":"max-snippet:-1","max-image-preview":"max-image-preview:large","max-video-preview":"max-video-preview:-1"},"canonical":"https:\/\/teiaeducation.ch\/fr\/produit\/fleur-a-empiler-grimms\/","og_locale":"fr_FR","og_type":"article","og_title":"Fleur \u00e0 empiler - Grimm\u2019s - Teia Education & Play","og_description":"L\u2019ensemble de blocs de construction \u00e0 empiler pour former une fleur de Grimm est un jouet en bois de Waldorf fait \u00e0 la main et est adapt\u00e9 aux enfants d\u00e8s 2 ans.","og_url":"https:\/\/teiaeducation.ch\/fr\/produit\/fleur-a-empiler-grimms\/","og_site_name":"Sustainable Educational Products &amp; Ecological Toys\u00a0","article_publisher":"https:\/\/www.facebook.com\/teiaeducation\/","article_modified_time":"2023-12-11T12:17:51+00:00","og_image":[{"width":800,"height":888,"url":"https:\/\/teiaeducation.ch\/wp-content\/uploads\/2020\/10\/Flower-stacker-Grimms.jpg","type":"image\/jpeg"}],"schema":{"@context":"https:\/\/schema.org","@graph":[{"@type":"WebPage","@id":"https:\/\/teiaeducation.ch\/fr\/produit\/fleur-a-empiler-grimms\/","url":"https:\/\/teiaeducation.ch\/fr\/produit\/fleur-a-empiler-grimms\/","name":"Fleur \u00e0 empiler - Grimm\u2019s - Teia Education & Play","isPartOf":{"@id":"https:\/\/teiaeducation.ch\/fr\/#website"},"primaryImageOfPage":{"@id":"https:\/\/teiaeducation.ch\/fr\/produit\/fleur-a-empiler-grimms\/#primaryimage"},"image":{"@id":"https:\/\/teiaeducation.ch\/fr\/produit\/fleur-a-empiler-grimms\/#primaryimage"},"thumbnailUrl":"https:\/\/teiaeducation.ch\/wp-content\/uploads\/2020\/10\/Flower-stacker-Grimms.jpg","datePublished":"2020-10-21T11:27:48+00:00","dateModified":"2023-12-11T12:17:51+00:00","description":"L\u2019ensemble de blocs de construction \u00e0 empiler pour former une fleur de Grimm est un jouet en bois de Waldorf fait \u00e0 la main et est adapt\u00e9 aux enfants d\u00e8s 2 ans.","breadcrumb":{"@id":"https:\/\/teiaeducation.ch\/fr\/produit\/fleur-a-empiler-grimms\/#breadcrumb"},"inLanguage":"fr-FR","potentialAction":[{"@type":"ReadAction","target":["https:\/\/teiaeducation.ch\/fr\/produit\/fleur-a-empiler-grimms\/"]}]},{"@type":"ImageObject","inLanguage":"fr-FR","@id":"https:\/\/teiaeducation.ch\/fr\/produit\/fleur-a-empiler-grimms\/#primaryimage","url":"https:\/\/teiaeducation.ch\/wp-content\/uploads\/2020\/10\/Flower-stacker-Grimms.jpg","contentUrl":"https:\/\/teiaeducation.ch\/wp-content\/uploads\/2020\/10\/Flower-stacker-Grimms.jpg","width":800,"height":888,"caption":"Blocs d'empilage en bois faits main en forme de fleur - Grimm\u2019s"},{"@type":"BreadcrumbList","@id":"https:\/\/teiaeducation.ch\/fr\/produit\/fleur-a-empiler-grimms\/#breadcrumb","itemListElement":[{"@type":"ListItem","position":1,"name":"Home","item":"https:\/\/teiaeducation.ch\/fr\/"},{"@type":"ListItem","position":2,"name":"Boutique Teia Education &amp; Play","item":"https:\/\/teiaeducation.ch\/fr\/boutique\/"},{"@type":"ListItem","position":3,"name":"Nos Marques","item":"https:\/\/teiaeducation.ch\/fr\/categorie-produit\/marques\/"},{"@type":"ListItem","position":4,"name":"Grimm's","item":"https:\/\/teiaeducation.ch\/fr\/categorie-produit\/marques\/grimms-fr\/"},{"@type":"ListItem","position":5,"name":"Fleur \u00e0 empiler &#8211; Grimm\u2019s"}]},{"@type":"WebSite","@id":"https:\/\/teiaeducation.ch\/fr\/#website","url":"https:\/\/teiaeducation.ch\/fr\/","name":"Sustainable Educational Products &amp; Ecological Toys\u00a0","description":"Specialised Swiss shop selling sustainable educational toys and games, AMI certified Montessori materials, handmade ecological wooden Waldorf toys and arts &amp; crafts supplies, school supplies, children&#039;s furniture and Montessori reference and parenting books.","publisher":{"@id":"https:\/\/teiaeducation.ch\/fr\/#organization"},"alternateName":"Teia Education & Play","potentialAction":[{"@type":"SearchAction","target":{"@type":"EntryPoint","urlTemplate":"https:\/\/teiaeducation.ch\/fr\/?s={search_term_string}"},"query-input":{"@type":"PropertyValueSpecification","valueRequired":true,"valueName":"search_term_string"}}],"inLanguage":"fr-FR"},{"@type":"Organization","@id":"https:\/\/teiaeducation.ch\/fr\/#organization","name":"Teia Education & Play","url":"https:\/\/teiaeducation.ch\/fr\/","logo":{"@type":"ImageObject","inLanguage":"fr-FR","@id":"https:\/\/teiaeducation.ch\/fr\/#\/schema\/logo\/image\/","url":"https:\/\/teiaeducation.ch\/wp-content\/uploads\/2020\/11\/Teia-Education-Switzerland-e1620156442216.jpg","contentUrl":"https:\/\/teiaeducation.ch\/wp-content\/uploads\/2020\/11\/Teia-Education-Switzerland-e1620156442216.jpg","width":166,"height":145,"caption":"Teia Education & Play"},"image":{"@id":"https:\/\/teiaeducation.ch\/fr\/#\/schema\/logo\/image\/"},"sameAs":["https:\/\/www.facebook.com\/teiaeducation\/","https:\/\/x.com\/EducationTeia","https:\/\/www.instagram.com\/teia.education\/","https:\/\/www.linkedin.com\/company\/35501660","https:\/\/www.pinterest.ch\/TeiaEducation\/"]}]}},"_links":{"self":[{"href":"https:\/\/teiaeducation.ch\/fr\/wp-json\/wp\/v2\/product\/31222","targetHints":{"allow":["GET"]}}],"collection":[{"href":"https:\/\/teiaeducation.ch\/fr\/wp-json\/wp\/v2\/product"}],"about":[{"href":"https:\/\/teiaeducation.ch\/fr\/wp-json\/wp\/v2\/types\/product"}],"replies":[{"embeddable":true,"href":"https:\/\/teiaeducation.ch\/fr\/wp-json\/wp\/v2\/comments?post=31222"}],"wp:featuredmedia":[{"embeddable":true,"href":"https:\/\/teiaeducation.ch\/fr\/wp-json\/wp\/v2\/media\/31162"}],"wp:attachment":[{"href":"https:\/\/teiaeducation.ch\/fr\/wp-json\/wp\/v2\/media?parent=31222"}],"wp:term":[{"taxonomy":"product_brand","embeddable":true,"href":"https:\/\/teiaeducation.ch\/fr\/wp-json\/wp\/v2\/product_brand?post=31222"},{"taxonomy":"product_cat","embeddable":true,"href":"https:\/\/teiaeducation.ch\/fr\/wp-json\/wp\/v2\/product_cat?post=31222"},{"taxonomy":"product_tag","embeddable":true,"href":"https:\/\/teiaeducation.ch\/fr\/wp-json\/wp\/v2\/product_tag?post=31222"}],"curies":[{"name":"wp","href":"https:\/\/api.w.org\/{rel}","templated":true}]}}