{"id":31223,"date":"2020-11-07T13:19:56","date_gmt":"2020-11-07T12:19:56","guid":{"rendered":"https:\/\/teiaeducation.ch\/product\/tour-dempilage-bancale-rose-grimms\/"},"modified":"2021-10-07T09:44:50","modified_gmt":"2021-10-07T07:44:50","slug":"tour-rose-bancale-a-empiler-grimms","status":"publish","type":"product","link":"https:\/\/teiaeducation.ch\/fr\/produit\/tour-rose-bancale-a-empiler-grimms\/","title":{"rendered":"Tour rose bancale \u00e0 empiler &#8211; Grimm\u2019s"},"content":{"rendered":"<p>La tour d\u2019empilage bancale rose de Grimm \/ jouet d\u2019empilage en bois fait \u00e0 la main<\/p>\n<p>Un beau jouet d&#8217;empilage conique en bois fait \u00e0 la main de Grimm avec une base incurv\u00e9e pour plus de plaisir et de d\u00e9fi. Avec 5 disques de diff\u00e9rentes tailles dans de jolies nuances du rose au rouge, cette tr\u00e8s mignonne petite tour d\u2019empilage vacille et tourne sans tomber, comme un jouet weeble! Il mesure 13cm de haut.<\/p>\n<p>La tour <a href=\"https:\/\/teiaeducation.ch\/product-category\/play\/stacking-toys\/\">d\u2019empilage<\/a> rose bancale de Grimm est faite en bois de chaux et peinte dans de beaux tons lumineux avec une peinture non toxique \u00e0 base d\u2019eau, ce qui la rend s\u00fbre pour une utilisation par les petits enfants.<\/p>\n<p>Parfait pour d\u00e9velopper la coordination \u0153il-main et la motricit\u00e9 fine chez les jeunes enfants gr\u00e2ce \u00e0 l\u2019empilage et le d\u00e9pilage de la tour, ainsi que des comp\u00e9tences de r\u00e9solution de probl\u00e8mes et la conscience spatiale de la mise en ordre des tailles. Les disques peuvent \u00e9galement \u00eatre utilis\u00e9s pour la construction et l\u2019\u00e9quilibrage de tour en jeu \u00e0 dur\u00e9e ind\u00e9termin\u00e9e.<\/p>\n<p>Id\u00e9al pour jouer \u00e0 la maison, \u00e0 la cr\u00e8che, \u00e0 Waldorf ou \u00e0 l\u2019\u00e9cole Steiner, les beaux jouets en bois naturel de Grimm&#8217;s sont fabriqu\u00e9s selon la philosophie Waldorf qui est bien connue pour encourager les enfants \u00e0 d\u00e9couvrir le jeu cr\u00e9atif de mani\u00e8re ind\u00e9pendante, sans limitations et \u00e0 un rythme effr\u00e9n\u00e9. Les jouets en bois de Grimm&#8217;s sont color\u00e9s \u00e0 la main avec des peintures \u00e0 base d\u2019eau non toxiques et ne sont pas finis avec de la laque pour assurer les caract\u00e9ristiques originales du bois et pour qu&#8217;on puisse voir le grain \u00e0 travers. La surface des morceaux de bois europ\u00e9ens certifi\u00e9s <a href=\"https:\/\/www.fsc.org\/en\" target=\"_blank\" rel=\"noopener noreferrer\">FSC<\/a> est laiss\u00e9e l\u00e9g\u00e8rement rugueuse, ce qui les rend enti\u00e8rement empilables et moins glissants.<\/p>\n<p>Les jouets en bois de Grimm&#8217;s sont fabriqu\u00e9s dans les manufacture de Grimm&#8217;s en Allemagne ainsi que dans plusieurs ateliers \u00e0 travers l\u2019Europe \u00e0 partir de diff\u00e9rents types de bois tels que l\u2019aulne, la chaux, le h\u00eatre et l\u2019\u00e9rable. Tout le bois utilis\u00e9 pour fabriquer les jouets de Grimm&#8217;s provient de for\u00eats europ\u00e9ennes g\u00e9r\u00e9es de mani\u00e8re durable.<\/p>\n<p>Veuillez noter que les jouets de Grimm&#8217;s sont toujours uniques, et portent des marques uniques faites par la nature. Le grain du bois a des structures et des couleurs changeantes qui servent de preuve de ses origines naturelles. Les variations uniques, les marques, les noeuds, les motifs, les rayures noires ou les taches sombres qui peuvent \u00eatre visibles dans le bois des jouets de Grimm&#8217;s sont une preuve de qualit\u00e9, et non des d\u00e9fauts.<\/p>\n<p>La tour d\u2019empilage rose bancale du Grimm convient aux enfants \u00e2g\u00e9s d\u2019un an et plus.<\/p>\n<p>Contenu :<\/p>\n<p>6 pi\u00e8ces en bois<\/p>\n","protected":false},"excerpt":{"rendered":"<p>Num\u00e9ro d\u2019article: gri11011<\/p>\n<p>Un beau jouet d&#8217;empilage conique en bois fait \u00e0 la main de Grimm avec une base incurv\u00e9e pour plus de plaisir et de d\u00e9fi contenant 6 disques de taille diff\u00e9rente dans de jolies nuances du rose au rouge.<\/p>\n","protected":false},"featured_media":31181,"comment_status":"open","ping_status":"closed","template":"","meta":[],"product_brand":[],"product_cat":[208,635,283,24865,8526,17212,8572,13130,13144,23020,23021,7595,217,5851,209,212,1219],"product_tag":[8625,17465,17332,17334,17335,17467,6714,17331,17336,17500,17499],"class_list":{"0":"post-31223","1":"product","2":"type-product","3":"status-publish","4":"has-post-thumbnail","6":"product_cat-1-3-ans","7":"product_cat-competences-motrices","8":"product_cat-domaines-du-curriculum","9":"product_cat-empilage-tri","10":"product_cat-fournitures-scolaires-a-domicile","11":"product_cat-grimms-fr","12":"product_cat-jeu-et-apprentissage-pour-bebes-et-jeunes-enfants","13":"product_cat-jouer","14":"product_cat-jouets-a-empiler","15":"product_cat-jouets-en-bois","16":"product_cat-jouets-waldorf","17":"product_cat-methode-deducation","18":"product_cat-marques","19":"product_cat-nouveautes","20":"product_cat-sensorielles-motrices","21":"product_cat-tranche-dage","22":"product_cat-waldorf-fr","23":"product_tag-fabrique-en-allemagne","24":"product_tag-formes-organiques-grimm","25":"product_tag-grimm-suisse","26":"product_tag-grimm-suisse-fr","27":"product_tag-grimme-suisse","28":"product_tag-jouets-dempilage-grimm","29":"product_tag-jouets-en-bois-faits-a-la-main","30":"product_tag-jouets-en-bois-waldorf","31":"product_tag-magasin-de-jouets-en-bois-grimm","32":"product_tag-tour-a-empiler-en-bois","33":"product_tag-tour-rose-bancale-a-empiler-grimm","35":"first","36":"instock","37":"taxable","38":"shipping-taxable","39":"purchasable","40":"product-type-simple"},"yoast_head":"<!-- This site is optimized with the Yoast SEO Premium plugin v25.8 (Yoast SEO v27.4) - https:\/\/yoast.com\/product\/yoast-seo-premium-wordpress\/ -->\n<title>Tour rose bancale \u00e0 empiler - Grimm\u2019s - Teia Education &amp; Play<\/title>\n<meta name=\"description\" content=\"La tour d\u2019empilage bancale rose de Grimm est un jouet d\u2019empilage conique en bois fait \u00e0 la main avec une base courb\u00e9e pour plus de plaisir et de d\u00e9fi \u00e0 partir d&#039;un an.\" \/>\n<meta name=\"robots\" content=\"index, follow, max-snippet:-1, max-image-preview:large, max-video-preview:-1\" \/>\n<link rel=\"canonical\" href=\"https:\/\/teiaeducation.ch\/fr\/produit\/tour-rose-bancale-a-empiler-grimms\/\" \/>\n<meta property=\"og:locale\" content=\"fr_FR\" \/>\n<meta property=\"og:type\" content=\"article\" \/>\n<meta property=\"og:title\" content=\"Tour rose bancale \u00e0 empiler - Grimm\u2019s\" \/>\n<meta property=\"og:description\" content=\"La tour d\u2019empilage bancale rose de Grimm est un jouet d\u2019empilage conique en bois fait \u00e0 la main avec une base courb\u00e9e pour plus de plaisir et de d\u00e9fi \u00e0 partir d&#039;un an.\" \/>\n<meta property=\"og:url\" content=\"https:\/\/teiaeducation.ch\/fr\/produit\/tour-rose-bancale-a-empiler-grimms\/\" \/>\n<meta property=\"og:site_name\" content=\"Sustainable Educational Products &amp; Ecological Toys\u00a0\" \/>\n<meta property=\"article:publisher\" content=\"https:\/\/www.facebook.com\/teiaeducation\/\" \/>\n<meta property=\"article:modified_time\" content=\"2021-10-07T07:44:50+00:00\" \/>\n<meta property=\"og:image\" content=\"https:\/\/teiaeducation.ch\/wp-content\/uploads\/2020\/10\/Pink-wobbly-stacking-tower-Grimms.jpg\" \/>\n\t<meta property=\"og:image:width\" content=\"800\" \/>\n\t<meta property=\"og:image:height\" content=\"1121\" \/>\n\t<meta property=\"og:image:type\" content=\"image\/jpeg\" \/>\n<script type=\"application\/ld+json\" class=\"yoast-schema-graph\">{\"@context\":\"https:\\\/\\\/schema.org\",\"@graph\":[{\"@type\":\"WebPage\",\"@id\":\"https:\\\/\\\/teiaeducation.ch\\\/fr\\\/produit\\\/tour-rose-bancale-a-empiler-grimms\\\/\",\"url\":\"https:\\\/\\\/teiaeducation.ch\\\/fr\\\/produit\\\/tour-rose-bancale-a-empiler-grimms\\\/\",\"name\":\"Tour rose bancale \u00e0 empiler - Grimm\u2019s - Teia Education & Play\",\"isPartOf\":{\"@id\":\"https:\\\/\\\/teiaeducation.ch\\\/fr\\\/#website\"},\"primaryImageOfPage\":{\"@id\":\"https:\\\/\\\/teiaeducation.ch\\\/fr\\\/produit\\\/tour-rose-bancale-a-empiler-grimms\\\/#primaryimage\"},\"image\":{\"@id\":\"https:\\\/\\\/teiaeducation.ch\\\/fr\\\/produit\\\/tour-rose-bancale-a-empiler-grimms\\\/#primaryimage\"},\"thumbnailUrl\":\"https:\\\/\\\/teiaeducation.ch\\\/wp-content\\\/uploads\\\/2020\\\/10\\\/Pink-wobbly-stacking-tower-Grimms.jpg\",\"datePublished\":\"2020-11-07T12:19:56+00:00\",\"dateModified\":\"2021-10-07T07:44:50+00:00\",\"description\":\"La tour d\u2019empilage bancale rose de Grimm est un jouet d\u2019empilage conique en bois fait \u00e0 la main avec une base courb\u00e9e pour plus de plaisir et de d\u00e9fi \u00e0 partir d'un an.\",\"breadcrumb\":{\"@id\":\"https:\\\/\\\/teiaeducation.ch\\\/fr\\\/produit\\\/tour-rose-bancale-a-empiler-grimms\\\/#breadcrumb\"},\"inLanguage\":\"fr-FR\",\"potentialAction\":[{\"@type\":\"ReadAction\",\"target\":[\"https:\\\/\\\/teiaeducation.ch\\\/fr\\\/produit\\\/tour-rose-bancale-a-empiler-grimms\\\/\"]}]},{\"@type\":\"ImageObject\",\"inLanguage\":\"fr-FR\",\"@id\":\"https:\\\/\\\/teiaeducation.ch\\\/fr\\\/produit\\\/tour-rose-bancale-a-empiler-grimms\\\/#primaryimage\",\"url\":\"https:\\\/\\\/teiaeducation.ch\\\/wp-content\\\/uploads\\\/2020\\\/10\\\/Pink-wobbly-stacking-tower-Grimms.jpg\",\"contentUrl\":\"https:\\\/\\\/teiaeducation.ch\\\/wp-content\\\/uploads\\\/2020\\\/10\\\/Pink-wobbly-stacking-tower-Grimms.jpg\",\"width\":800,\"height\":1121,\"caption\":\"Tour rose bancale \u00e0 empiler en bois fait main - Grimm\u2019s\"},{\"@type\":\"BreadcrumbList\",\"@id\":\"https:\\\/\\\/teiaeducation.ch\\\/fr\\\/produit\\\/tour-rose-bancale-a-empiler-grimms\\\/#breadcrumb\",\"itemListElement\":[{\"@type\":\"ListItem\",\"position\":1,\"name\":\"Home\",\"item\":\"https:\\\/\\\/teiaeducation.ch\\\/fr\\\/\"},{\"@type\":\"ListItem\",\"position\":2,\"name\":\"Boutique Teia Education &amp; Play\",\"item\":\"https:\\\/\\\/teiaeducation.ch\\\/fr\\\/boutique\\\/\"},{\"@type\":\"ListItem\",\"position\":3,\"name\":\"Nos Marques\",\"item\":\"https:\\\/\\\/teiaeducation.ch\\\/fr\\\/categorie-produit\\\/marques\\\/\"},{\"@type\":\"ListItem\",\"position\":4,\"name\":\"Grimm's\",\"item\":\"https:\\\/\\\/teiaeducation.ch\\\/fr\\\/categorie-produit\\\/marques\\\/grimms-fr\\\/\"},{\"@type\":\"ListItem\",\"position\":5,\"name\":\"Tour rose bancale \u00e0 empiler &#8211; Grimm\u2019s\"}]},{\"@type\":\"WebSite\",\"@id\":\"https:\\\/\\\/teiaeducation.ch\\\/fr\\\/#website\",\"url\":\"https:\\\/\\\/teiaeducation.ch\\\/fr\\\/\",\"name\":\"Sustainable Educational Products &amp; Ecological Toys\u00a0\",\"description\":\"Specialised Swiss shop selling sustainable educational toys and games, AMI certified Montessori materials, handmade ecological wooden Waldorf toys and arts &amp; crafts supplies, school supplies, children&#039;s furniture and Montessori reference and parenting books.\",\"publisher\":{\"@id\":\"https:\\\/\\\/teiaeducation.ch\\\/fr\\\/#organization\"},\"alternateName\":\"Teia Education & Play\",\"potentialAction\":[{\"@type\":\"SearchAction\",\"target\":{\"@type\":\"EntryPoint\",\"urlTemplate\":\"https:\\\/\\\/teiaeducation.ch\\\/fr\\\/?s={search_term_string}\"},\"query-input\":{\"@type\":\"PropertyValueSpecification\",\"valueRequired\":true,\"valueName\":\"search_term_string\"}}],\"inLanguage\":\"fr-FR\"},{\"@type\":\"Organization\",\"@id\":\"https:\\\/\\\/teiaeducation.ch\\\/fr\\\/#organization\",\"name\":\"Teia Education & Play\",\"url\":\"https:\\\/\\\/teiaeducation.ch\\\/fr\\\/\",\"logo\":{\"@type\":\"ImageObject\",\"inLanguage\":\"fr-FR\",\"@id\":\"https:\\\/\\\/teiaeducation.ch\\\/fr\\\/#\\\/schema\\\/logo\\\/image\\\/\",\"url\":\"https:\\\/\\\/teiaeducation.ch\\\/wp-content\\\/uploads\\\/2020\\\/11\\\/Teia-Education-Switzerland-e1620156442216.jpg\",\"contentUrl\":\"https:\\\/\\\/teiaeducation.ch\\\/wp-content\\\/uploads\\\/2020\\\/11\\\/Teia-Education-Switzerland-e1620156442216.jpg\",\"width\":166,\"height\":145,\"caption\":\"Teia Education & Play\"},\"image\":{\"@id\":\"https:\\\/\\\/teiaeducation.ch\\\/fr\\\/#\\\/schema\\\/logo\\\/image\\\/\"},\"sameAs\":[\"https:\\\/\\\/www.facebook.com\\\/teiaeducation\\\/\",\"https:\\\/\\\/x.com\\\/EducationTeia\",\"https:\\\/\\\/www.instagram.com\\\/teia.education\\\/\",\"https:\\\/\\\/www.linkedin.com\\\/company\\\/35501660\",\"https:\\\/\\\/www.pinterest.ch\\\/TeiaEducation\\\/\"]}]}<\/script>\n<meta property=\"product:price:amount\" content=\"23.90\" \/>\n<meta property=\"product:price:currency\" content=\"CHF\" \/>\n<meta property=\"og:availability\" content=\"instock\" \/>\n<meta property=\"product:availability\" content=\"instock\" \/>\n<meta property=\"product:retailer_item_id\" content=\"00000000000000000000000000000000000000000000031175\" \/>\n<meta property=\"product:condition\" content=\"new\" \/>\n<!-- \/ Yoast SEO Premium plugin. -->","yoast_head_json":{"title":"Tour rose bancale \u00e0 empiler - Grimm\u2019s - Teia Education & Play","description":"La tour d\u2019empilage bancale rose de Grimm est un jouet d\u2019empilage conique en bois fait \u00e0 la main avec une base courb\u00e9e pour plus de plaisir et de d\u00e9fi \u00e0 partir d'un an.","robots":{"index":"index","follow":"follow","max-snippet":"max-snippet:-1","max-image-preview":"max-image-preview:large","max-video-preview":"max-video-preview:-1"},"canonical":"https:\/\/teiaeducation.ch\/fr\/produit\/tour-rose-bancale-a-empiler-grimms\/","og_locale":"fr_FR","og_type":"article","og_title":"Tour rose bancale \u00e0 empiler - Grimm\u2019s","og_description":"La tour d\u2019empilage bancale rose de Grimm est un jouet d\u2019empilage conique en bois fait \u00e0 la main avec une base courb\u00e9e pour plus de plaisir et de d\u00e9fi \u00e0 partir d'un an.","og_url":"https:\/\/teiaeducation.ch\/fr\/produit\/tour-rose-bancale-a-empiler-grimms\/","og_site_name":"Sustainable Educational Products &amp; Ecological Toys\u00a0","article_publisher":"https:\/\/www.facebook.com\/teiaeducation\/","article_modified_time":"2021-10-07T07:44:50+00:00","og_image":[{"width":800,"height":1121,"url":"https:\/\/teiaeducation.ch\/wp-content\/uploads\/2020\/10\/Pink-wobbly-stacking-tower-Grimms.jpg","type":"image\/jpeg"}],"schema":{"@context":"https:\/\/schema.org","@graph":[{"@type":"WebPage","@id":"https:\/\/teiaeducation.ch\/fr\/produit\/tour-rose-bancale-a-empiler-grimms\/","url":"https:\/\/teiaeducation.ch\/fr\/produit\/tour-rose-bancale-a-empiler-grimms\/","name":"Tour rose bancale \u00e0 empiler - Grimm\u2019s - Teia Education & Play","isPartOf":{"@id":"https:\/\/teiaeducation.ch\/fr\/#website"},"primaryImageOfPage":{"@id":"https:\/\/teiaeducation.ch\/fr\/produit\/tour-rose-bancale-a-empiler-grimms\/#primaryimage"},"image":{"@id":"https:\/\/teiaeducation.ch\/fr\/produit\/tour-rose-bancale-a-empiler-grimms\/#primaryimage"},"thumbnailUrl":"https:\/\/teiaeducation.ch\/wp-content\/uploads\/2020\/10\/Pink-wobbly-stacking-tower-Grimms.jpg","datePublished":"2020-11-07T12:19:56+00:00","dateModified":"2021-10-07T07:44:50+00:00","description":"La tour d\u2019empilage bancale rose de Grimm est un jouet d\u2019empilage conique en bois fait \u00e0 la main avec une base courb\u00e9e pour plus de plaisir et de d\u00e9fi \u00e0 partir d'un an.","breadcrumb":{"@id":"https:\/\/teiaeducation.ch\/fr\/produit\/tour-rose-bancale-a-empiler-grimms\/#breadcrumb"},"inLanguage":"fr-FR","potentialAction":[{"@type":"ReadAction","target":["https:\/\/teiaeducation.ch\/fr\/produit\/tour-rose-bancale-a-empiler-grimms\/"]}]},{"@type":"ImageObject","inLanguage":"fr-FR","@id":"https:\/\/teiaeducation.ch\/fr\/produit\/tour-rose-bancale-a-empiler-grimms\/#primaryimage","url":"https:\/\/teiaeducation.ch\/wp-content\/uploads\/2020\/10\/Pink-wobbly-stacking-tower-Grimms.jpg","contentUrl":"https:\/\/teiaeducation.ch\/wp-content\/uploads\/2020\/10\/Pink-wobbly-stacking-tower-Grimms.jpg","width":800,"height":1121,"caption":"Tour rose bancale \u00e0 empiler en bois fait main - Grimm\u2019s"},{"@type":"BreadcrumbList","@id":"https:\/\/teiaeducation.ch\/fr\/produit\/tour-rose-bancale-a-empiler-grimms\/#breadcrumb","itemListElement":[{"@type":"ListItem","position":1,"name":"Home","item":"https:\/\/teiaeducation.ch\/fr\/"},{"@type":"ListItem","position":2,"name":"Boutique Teia Education &amp; Play","item":"https:\/\/teiaeducation.ch\/fr\/boutique\/"},{"@type":"ListItem","position":3,"name":"Nos Marques","item":"https:\/\/teiaeducation.ch\/fr\/categorie-produit\/marques\/"},{"@type":"ListItem","position":4,"name":"Grimm's","item":"https:\/\/teiaeducation.ch\/fr\/categorie-produit\/marques\/grimms-fr\/"},{"@type":"ListItem","position":5,"name":"Tour rose bancale \u00e0 empiler &#8211; Grimm\u2019s"}]},{"@type":"WebSite","@id":"https:\/\/teiaeducation.ch\/fr\/#website","url":"https:\/\/teiaeducation.ch\/fr\/","name":"Sustainable Educational Products &amp; Ecological Toys\u00a0","description":"Specialised Swiss shop selling sustainable educational toys and games, AMI certified Montessori materials, handmade ecological wooden Waldorf toys and arts &amp; crafts supplies, school supplies, children&#039;s furniture and Montessori reference and parenting books.","publisher":{"@id":"https:\/\/teiaeducation.ch\/fr\/#organization"},"alternateName":"Teia Education & Play","potentialAction":[{"@type":"SearchAction","target":{"@type":"EntryPoint","urlTemplate":"https:\/\/teiaeducation.ch\/fr\/?s={search_term_string}"},"query-input":{"@type":"PropertyValueSpecification","valueRequired":true,"valueName":"search_term_string"}}],"inLanguage":"fr-FR"},{"@type":"Organization","@id":"https:\/\/teiaeducation.ch\/fr\/#organization","name":"Teia Education & Play","url":"https:\/\/teiaeducation.ch\/fr\/","logo":{"@type":"ImageObject","inLanguage":"fr-FR","@id":"https:\/\/teiaeducation.ch\/fr\/#\/schema\/logo\/image\/","url":"https:\/\/teiaeducation.ch\/wp-content\/uploads\/2020\/11\/Teia-Education-Switzerland-e1620156442216.jpg","contentUrl":"https:\/\/teiaeducation.ch\/wp-content\/uploads\/2020\/11\/Teia-Education-Switzerland-e1620156442216.jpg","width":166,"height":145,"caption":"Teia Education & Play"},"image":{"@id":"https:\/\/teiaeducation.ch\/fr\/#\/schema\/logo\/image\/"},"sameAs":["https:\/\/www.facebook.com\/teiaeducation\/","https:\/\/x.com\/EducationTeia","https:\/\/www.instagram.com\/teia.education\/","https:\/\/www.linkedin.com\/company\/35501660","https:\/\/www.pinterest.ch\/TeiaEducation\/"]}]},"product_price_amount":"23.90","product_price_currency":"CHF","og_availability":"instock","product_availability":"instock","product_retailer_item_id":"00000000000000000000000000000000000000000000031175","product_condition":"new"},"_links":{"self":[{"href":"https:\/\/teiaeducation.ch\/fr\/wp-json\/wp\/v2\/product\/31223","targetHints":{"allow":["GET"]}}],"collection":[{"href":"https:\/\/teiaeducation.ch\/fr\/wp-json\/wp\/v2\/product"}],"about":[{"href":"https:\/\/teiaeducation.ch\/fr\/wp-json\/wp\/v2\/types\/product"}],"replies":[{"embeddable":true,"href":"https:\/\/teiaeducation.ch\/fr\/wp-json\/wp\/v2\/comments?post=31223"}],"wp:featuredmedia":[{"embeddable":true,"href":"https:\/\/teiaeducation.ch\/fr\/wp-json\/wp\/v2\/media\/31181"}],"wp:attachment":[{"href":"https:\/\/teiaeducation.ch\/fr\/wp-json\/wp\/v2\/media?parent=31223"}],"wp:term":[{"taxonomy":"product_brand","embeddable":true,"href":"https:\/\/teiaeducation.ch\/fr\/wp-json\/wp\/v2\/product_brand?post=31223"},{"taxonomy":"product_cat","embeddable":true,"href":"https:\/\/teiaeducation.ch\/fr\/wp-json\/wp\/v2\/product_cat?post=31223"},{"taxonomy":"product_tag","embeddable":true,"href":"https:\/\/teiaeducation.ch\/fr\/wp-json\/wp\/v2\/product_tag?post=31223"}],"curies":[{"name":"wp","href":"https:\/\/api.w.org\/{rel}","templated":true}]}}