{"id":31319,"date":"2020-10-14T12:12:37","date_gmt":"2020-10-14T10:12:37","guid":{"rendered":"https:\/\/teiaeducation.ch\/product\/jouet-de-dentition-naturel-en-forme-de-panda-lanco\/"},"modified":"2020-10-23T15:07:40","modified_gmt":"2020-10-23T13:07:40","slug":"jouet-de-dentition-panda-naturel-lanco","status":"publish","type":"product","link":"https:\/\/teiaeducation.ch\/fr\/produit\/jouet-de-dentition-panda-naturel-lanco\/","title":{"rendered":"Jouet de dentition naturel en forme de panda &#8211; Lanco"},"content":{"rendered":"<p>Jouet de denttition panda \/ Jouet organique pour b\u00e9b\u00e9 &#8211; Lanco<\/p>\n<p>Ce beau jouet de dentition panda natuel est fait \u00e0 la main en Espagne \u00e0 partir de caoutchouc naturel 100% organique. Parfait pour apaiser les gencives, ce jouet organique pour b\u00e9b\u00e9, sans toxines, est s\u00fbr pour la bouche, la mastication et la morsure d\u00e8s la naissance, apportant le soulagement aux dents des b\u00e9b\u00e9s et la tranquillit\u00e9 d\u2019esprit aux parents.<\/p>\n<p><a href=\"https:\/\/teiaeducation.ch\/product-category\/play\/teething-toys\/\">Joyeux compagnon en forme d\u2019anneau avec une t\u00eate de panda en noir, blanc et avec une touche derose sur ses joues rougissantes, le jouet de dentition panda a \u00e9t\u00e9 moul\u00e9 et peint \u00e0 la main avec des colorants non-toxiques de qualit\u00e9 alimentaire.<\/a><\/p>\n<p>Le jouet de dentition panda est un jouet pour les nourrissons et est facile \u00e0 tenir dans leur petite main et encourage la stimulation visuelle \u00e0 travers des couleurs contrast\u00e9es. Doux et tactile, ce jouet est facile \u00e0 manipuler m\u00eame pour les plus petites mains et mesure 10 x 2 x 6cm. Le jouet de dentition panda est con\u00e7u pour promouvoir le d\u00e9veloppement sensoriel de votre b\u00e9b\u00e9 en stimulant les sens de la vue, du toucher, de l\u2019odorat et du go\u00fbt.<\/p>\n<p>Enti\u00e8rement moul\u00e9, cet anneau de dentition peut simplement \u00eatre nettoy\u00e9 avec de l\u2019eau savonneuse et un chiffon humide. Il est herm\u00e9tiquement scell\u00e9 pour emp\u00eacher la formation de moisissure \u00e0 l\u2019int\u00e9rieur du jouet. Comme il est fabriqu\u00e9 \u00e0 partir de caoutchouc naturel, il ne doit pas \u00eatre st\u00e9rilis\u00e9 ou laiss\u00e9 en plein soleil pendant de longues p\u00e9riodes.<span class=\"Apple-converted-space\"> <\/span><\/p>\n<p>Comme pour tous les jouets de dentition pour b\u00e9b\u00e9s, la surveillance des adultes est recommand\u00e9e en tout temps.<\/p>\n<p>Naturellement sans PVC, BPA, Nitrosamines et Phtalates, le jouet de dentition panda de Lanco est conforme aux exigences de s\u00e9curit\u00e9 de l\u2019UE en 71\/1\/2\/3.<\/p>\n<p>La marque espagnole Lanco fabrique \u00e0 la main des jouets en caoutchouc naturel depuis 1952. Entreprise durable, respectueuse de l\u2019environnement et socialement consciente depuis le d\u00e9but, cette entreprise familiale bas\u00e9e \u00e0 Barcelone a \u00e9t\u00e9 le premier fabricant europ\u00e9en de jouets en caoutchouc naturel.<\/p>\n<p>Contenu:<\/p>\n<p>1 anneau de dentition fabriqu\u00e9 en caoutchouc naturel 100% organique<\/p>\n","protected":false},"excerpt":{"rendered":"<p>Num\u00e9ro d\u2019article: 5690419<\/p>\n<p>Ce beau jouet de dentition panda de Lanco est fait \u00e0 la main en Espagne \u00e0 partir de caoutchouc 100% organique sans toxines naturelles et est un jouet de b\u00e9b\u00e9 s\u00fbr d\u00e8s la naissance.<\/p>\n","protected":false},"featured_media":30612,"comment_status":"open","ping_status":"closed","template":"","meta":[],"product_brand":[],"product_cat":[25968,208,21257,13130,13149,17213,13142,217,5851,212],"product_tag":[17445,17442,17438,17541,17436,17444,17441,17440,17437,17439,17443,17435],"class_list":{"0":"post-31319","1":"product","2":"type-product","3":"status-publish","4":"has-post-thumbnail","6":"product_cat-0-12-mois-bebe","7":"product_cat-1-3-ans","8":"product_cat-guides-cadeaux","9":"product_cat-jouer","10":"product_cat-jouets-de-dentition","11":"product_cat-lanco-fr","12":"product_cat-jeu-sensoriel","13":"product_cat-marques","14":"product_cat-nouveautes","15":"product_cat-tranche-dage","16":"product_tag-developpement-sensoriel-du-bebe","17":"product_tag-jouet-de-dentition-appaisant-pour-les-gencives","18":"product_tag-jouet-de-dentition-naturel","19":"product_tag-jouet-de-dentition-panda-naturel-et-organique-pour-bebe","20":"product_tag-jouet-dentition-naturel-pour-bebe","21":"product_tag-jouet-en-caoutchouc-100-naturel-et-organique","22":"product_tag-jouet-pour-bebe-entierement-naturel","23":"product_tag-jouet-pour-bebe-fait-main","24":"product_tag-jouet-pour-bebe-naturel-et-sans-toxines","25":"product_tag-jouets-de-dentition-organique","26":"product_tag-jouets-pour-bebe-naturel-et-sans-toxines","27":"product_tag-lanco-barcelone","29":"first","30":"outofstock","31":"taxable","32":"shipping-taxable","33":"purchasable","34":"product-type-simple"},"yoast_head":"<!-- This site is optimized with the Yoast SEO plugin v27.1.1 - https:\/\/yoast.com\/product\/yoast-seo-wordpress\/ -->\n<title>Jouet de dentition naturel en forme de panda - Lanco - Teia Education &amp; Play<\/title>\n<meta name=\"description\" content=\"Ce beau jouet de dentition panda est fait \u00e0 la main en Espagne \u00e0 partir de mati\u00e8res 100% organique et sans toxines naturelles et est un jouet pour b\u00e9b\u00e9 s\u00fbr d\u00e8s la naissance.\" \/>\n<meta name=\"robots\" content=\"index, follow, max-snippet:-1, max-image-preview:large, max-video-preview:-1\" \/>\n<link rel=\"canonical\" href=\"https:\/\/teiaeducation.ch\/fr\/produit\/jouet-de-dentition-panda-naturel-lanco\/\" \/>\n<meta property=\"og:locale\" content=\"fr_FR\" \/>\n<meta property=\"og:type\" content=\"article\" \/>\n<meta property=\"og:title\" content=\"Jouet de dentition naturel en forme de panda - Lanco - Teia Education &amp; Play\" \/>\n<meta property=\"og:description\" content=\"Ce beau jouet de dentition panda est fait \u00e0 la main en Espagne \u00e0 partir de mati\u00e8res 100% organique et sans toxines naturelles et est un jouet pour b\u00e9b\u00e9 s\u00fbr d\u00e8s la naissance.\" \/>\n<meta property=\"og:url\" content=\"https:\/\/teiaeducation.ch\/fr\/produit\/jouet-de-dentition-panda-naturel-lanco\/\" \/>\n<meta property=\"og:site_name\" content=\"Sustainable Educational Products &amp; Ecological Toys\u00a0\" \/>\n<meta property=\"article:publisher\" content=\"https:\/\/www.facebook.com\/teiaeducation\/\" \/>\n<meta property=\"article:modified_time\" content=\"2020-10-23T13:07:40+00:00\" \/>\n<meta property=\"og:image\" content=\"https:\/\/teiaeducation.ch\/wp-content\/uploads\/2020\/10\/Organic-Baby-Toy-Panda-Kori-Natural-Teether-Lanco-1.jpg\" \/>\n\t<meta property=\"og:image:width\" content=\"800\" \/>\n\t<meta property=\"og:image:height\" content=\"800\" \/>\n\t<meta property=\"og:image:type\" content=\"image\/jpeg\" \/>\n<script type=\"application\/ld+json\" class=\"yoast-schema-graph\">{\"@context\":\"https:\/\/schema.org\",\"@graph\":[{\"@type\":\"WebPage\",\"@id\":\"https:\/\/teiaeducation.ch\/fr\/produit\/jouet-de-dentition-panda-naturel-lanco\/\",\"url\":\"https:\/\/teiaeducation.ch\/fr\/produit\/jouet-de-dentition-panda-naturel-lanco\/\",\"name\":\"Jouet de dentition naturel en forme de panda - Lanco - Teia Education & Play\",\"isPartOf\":{\"@id\":\"https:\/\/teiaeducation.ch\/fr\/#website\"},\"primaryImageOfPage\":{\"@id\":\"https:\/\/teiaeducation.ch\/fr\/produit\/jouet-de-dentition-panda-naturel-lanco\/#primaryimage\"},\"image\":{\"@id\":\"https:\/\/teiaeducation.ch\/fr\/produit\/jouet-de-dentition-panda-naturel-lanco\/#primaryimage\"},\"thumbnailUrl\":\"https:\/\/teiaeducation.ch\/wp-content\/uploads\/2020\/10\/Organic-Baby-Toy-Panda-Kori-Natural-Teether-Lanco-1.jpg\",\"datePublished\":\"2020-10-14T10:12:37+00:00\",\"dateModified\":\"2020-10-23T13:07:40+00:00\",\"description\":\"Ce beau jouet de dentition panda est fait \u00e0 la main en Espagne \u00e0 partir de mati\u00e8res 100% organique et sans toxines naturelles et est un jouet pour b\u00e9b\u00e9 s\u00fbr d\u00e8s la naissance.\",\"breadcrumb\":{\"@id\":\"https:\/\/teiaeducation.ch\/fr\/produit\/jouet-de-dentition-panda-naturel-lanco\/#breadcrumb\"},\"inLanguage\":\"fr-FR\",\"potentialAction\":[{\"@type\":\"ReadAction\",\"target\":[\"https:\/\/teiaeducation.ch\/fr\/produit\/jouet-de-dentition-panda-naturel-lanco\/\"]}]},{\"@type\":\"ImageObject\",\"inLanguage\":\"fr-FR\",\"@id\":\"https:\/\/teiaeducation.ch\/fr\/produit\/jouet-de-dentition-panda-naturel-lanco\/#primaryimage\",\"url\":\"https:\/\/teiaeducation.ch\/wp-content\/uploads\/2020\/10\/Organic-Baby-Toy-Panda-Kori-Natural-Teether-Lanco-1.jpg\",\"contentUrl\":\"https:\/\/teiaeducation.ch\/wp-content\/uploads\/2020\/10\/Organic-Baby-Toy-Panda-Kori-Natural-Teether-Lanco-1.jpg\",\"width\":800,\"height\":800,\"caption\":\"Jouet de dentition panda naturel pour b\u00e9b\u00e9 - Lanco\"},{\"@type\":\"BreadcrumbList\",\"@id\":\"https:\/\/teiaeducation.ch\/fr\/produit\/jouet-de-dentition-panda-naturel-lanco\/#breadcrumb\",\"itemListElement\":[{\"@type\":\"ListItem\",\"position\":1,\"name\":\"Home\",\"item\":\"https:\/\/teiaeducation.ch\/fr\/\"},{\"@type\":\"ListItem\",\"position\":2,\"name\":\"Boutique Teia Education &amp; Play\",\"item\":\"https:\/\/teiaeducation.ch\/fr\/boutique\/\"},{\"@type\":\"ListItem\",\"position\":3,\"name\":\"Nos Marques\",\"item\":\"https:\/\/teiaeducation.ch\/fr\/categorie-produit\/marques\/\"},{\"@type\":\"ListItem\",\"position\":4,\"name\":\"Lanco\",\"item\":\"https:\/\/teiaeducation.ch\/fr\/categorie-produit\/marques\/lanco-fr\/\"},{\"@type\":\"ListItem\",\"position\":5,\"name\":\"Jouet de dentition naturel en forme de panda &#8211; Lanco\"}]},{\"@type\":\"WebSite\",\"@id\":\"https:\/\/teiaeducation.ch\/fr\/#website\",\"url\":\"https:\/\/teiaeducation.ch\/fr\/\",\"name\":\"Sustainable Educational Products &amp; Ecological Toys\u00a0\",\"description\":\"Specialised Swiss shop selling sustainable educational toys and games, AMI certified Montessori materials, handmade ecological wooden Waldorf toys and arts &amp; crafts supplies, school supplies, children&#039;s furniture and Montessori reference and parenting books.\",\"publisher\":{\"@id\":\"https:\/\/teiaeducation.ch\/fr\/#organization\"},\"alternateName\":\"Teia Education & Play\",\"potentialAction\":[{\"@type\":\"SearchAction\",\"target\":{\"@type\":\"EntryPoint\",\"urlTemplate\":\"https:\/\/teiaeducation.ch\/fr\/?s={search_term_string}\"},\"query-input\":{\"@type\":\"PropertyValueSpecification\",\"valueRequired\":true,\"valueName\":\"search_term_string\"}}],\"inLanguage\":\"fr-FR\"},{\"@type\":\"Organization\",\"@id\":\"https:\/\/teiaeducation.ch\/fr\/#organization\",\"name\":\"Teia Education & Play\",\"url\":\"https:\/\/teiaeducation.ch\/fr\/\",\"logo\":{\"@type\":\"ImageObject\",\"inLanguage\":\"fr-FR\",\"@id\":\"https:\/\/teiaeducation.ch\/fr\/#\/schema\/logo\/image\/\",\"url\":\"https:\/\/teiaeducation.ch\/wp-content\/uploads\/2020\/11\/Teia-Education-Switzerland-e1620156442216.jpg\",\"contentUrl\":\"https:\/\/teiaeducation.ch\/wp-content\/uploads\/2020\/11\/Teia-Education-Switzerland-e1620156442216.jpg\",\"width\":166,\"height\":145,\"caption\":\"Teia Education & Play\"},\"image\":{\"@id\":\"https:\/\/teiaeducation.ch\/fr\/#\/schema\/logo\/image\/\"},\"sameAs\":[\"https:\/\/www.facebook.com\/teiaeducation\/\",\"https:\/\/x.com\/EducationTeia\",\"https:\/\/www.instagram.com\/teia.education\/\",\"https:\/\/www.linkedin.com\/company\/35501660\",\"https:\/\/www.pinterest.ch\/TeiaEducation\/\"]}]}<\/script>\n<!-- \/ Yoast SEO plugin. -->","yoast_head_json":{"title":"Jouet de dentition naturel en forme de panda - Lanco - Teia Education & Play","description":"Ce beau jouet de dentition panda est fait \u00e0 la main en Espagne \u00e0 partir de mati\u00e8res 100% organique et sans toxines naturelles et est un jouet pour b\u00e9b\u00e9 s\u00fbr d\u00e8s la naissance.","robots":{"index":"index","follow":"follow","max-snippet":"max-snippet:-1","max-image-preview":"max-image-preview:large","max-video-preview":"max-video-preview:-1"},"canonical":"https:\/\/teiaeducation.ch\/fr\/produit\/jouet-de-dentition-panda-naturel-lanco\/","og_locale":"fr_FR","og_type":"article","og_title":"Jouet de dentition naturel en forme de panda - Lanco - Teia Education & Play","og_description":"Ce beau jouet de dentition panda est fait \u00e0 la main en Espagne \u00e0 partir de mati\u00e8res 100% organique et sans toxines naturelles et est un jouet pour b\u00e9b\u00e9 s\u00fbr d\u00e8s la naissance.","og_url":"https:\/\/teiaeducation.ch\/fr\/produit\/jouet-de-dentition-panda-naturel-lanco\/","og_site_name":"Sustainable Educational Products &amp; Ecological Toys\u00a0","article_publisher":"https:\/\/www.facebook.com\/teiaeducation\/","article_modified_time":"2020-10-23T13:07:40+00:00","og_image":[{"width":800,"height":800,"url":"https:\/\/teiaeducation.ch\/wp-content\/uploads\/2020\/10\/Organic-Baby-Toy-Panda-Kori-Natural-Teether-Lanco-1.jpg","type":"image\/jpeg"}],"schema":{"@context":"https:\/\/schema.org","@graph":[{"@type":"WebPage","@id":"https:\/\/teiaeducation.ch\/fr\/produit\/jouet-de-dentition-panda-naturel-lanco\/","url":"https:\/\/teiaeducation.ch\/fr\/produit\/jouet-de-dentition-panda-naturel-lanco\/","name":"Jouet de dentition naturel en forme de panda - Lanco - Teia Education & Play","isPartOf":{"@id":"https:\/\/teiaeducation.ch\/fr\/#website"},"primaryImageOfPage":{"@id":"https:\/\/teiaeducation.ch\/fr\/produit\/jouet-de-dentition-panda-naturel-lanco\/#primaryimage"},"image":{"@id":"https:\/\/teiaeducation.ch\/fr\/produit\/jouet-de-dentition-panda-naturel-lanco\/#primaryimage"},"thumbnailUrl":"https:\/\/teiaeducation.ch\/wp-content\/uploads\/2020\/10\/Organic-Baby-Toy-Panda-Kori-Natural-Teether-Lanco-1.jpg","datePublished":"2020-10-14T10:12:37+00:00","dateModified":"2020-10-23T13:07:40+00:00","description":"Ce beau jouet de dentition panda est fait \u00e0 la main en Espagne \u00e0 partir de mati\u00e8res 100% organique et sans toxines naturelles et est un jouet pour b\u00e9b\u00e9 s\u00fbr d\u00e8s la naissance.","breadcrumb":{"@id":"https:\/\/teiaeducation.ch\/fr\/produit\/jouet-de-dentition-panda-naturel-lanco\/#breadcrumb"},"inLanguage":"fr-FR","potentialAction":[{"@type":"ReadAction","target":["https:\/\/teiaeducation.ch\/fr\/produit\/jouet-de-dentition-panda-naturel-lanco\/"]}]},{"@type":"ImageObject","inLanguage":"fr-FR","@id":"https:\/\/teiaeducation.ch\/fr\/produit\/jouet-de-dentition-panda-naturel-lanco\/#primaryimage","url":"https:\/\/teiaeducation.ch\/wp-content\/uploads\/2020\/10\/Organic-Baby-Toy-Panda-Kori-Natural-Teether-Lanco-1.jpg","contentUrl":"https:\/\/teiaeducation.ch\/wp-content\/uploads\/2020\/10\/Organic-Baby-Toy-Panda-Kori-Natural-Teether-Lanco-1.jpg","width":800,"height":800,"caption":"Jouet de dentition panda naturel pour b\u00e9b\u00e9 - Lanco"},{"@type":"BreadcrumbList","@id":"https:\/\/teiaeducation.ch\/fr\/produit\/jouet-de-dentition-panda-naturel-lanco\/#breadcrumb","itemListElement":[{"@type":"ListItem","position":1,"name":"Home","item":"https:\/\/teiaeducation.ch\/fr\/"},{"@type":"ListItem","position":2,"name":"Boutique Teia Education &amp; Play","item":"https:\/\/teiaeducation.ch\/fr\/boutique\/"},{"@type":"ListItem","position":3,"name":"Nos Marques","item":"https:\/\/teiaeducation.ch\/fr\/categorie-produit\/marques\/"},{"@type":"ListItem","position":4,"name":"Lanco","item":"https:\/\/teiaeducation.ch\/fr\/categorie-produit\/marques\/lanco-fr\/"},{"@type":"ListItem","position":5,"name":"Jouet de dentition naturel en forme de panda &#8211; Lanco"}]},{"@type":"WebSite","@id":"https:\/\/teiaeducation.ch\/fr\/#website","url":"https:\/\/teiaeducation.ch\/fr\/","name":"Sustainable Educational Products &amp; Ecological Toys\u00a0","description":"Specialised Swiss shop selling sustainable educational toys and games, AMI certified Montessori materials, handmade ecological wooden Waldorf toys and arts &amp; crafts supplies, school supplies, children&#039;s furniture and Montessori reference and parenting books.","publisher":{"@id":"https:\/\/teiaeducation.ch\/fr\/#organization"},"alternateName":"Teia Education & Play","potentialAction":[{"@type":"SearchAction","target":{"@type":"EntryPoint","urlTemplate":"https:\/\/teiaeducation.ch\/fr\/?s={search_term_string}"},"query-input":{"@type":"PropertyValueSpecification","valueRequired":true,"valueName":"search_term_string"}}],"inLanguage":"fr-FR"},{"@type":"Organization","@id":"https:\/\/teiaeducation.ch\/fr\/#organization","name":"Teia Education & Play","url":"https:\/\/teiaeducation.ch\/fr\/","logo":{"@type":"ImageObject","inLanguage":"fr-FR","@id":"https:\/\/teiaeducation.ch\/fr\/#\/schema\/logo\/image\/","url":"https:\/\/teiaeducation.ch\/wp-content\/uploads\/2020\/11\/Teia-Education-Switzerland-e1620156442216.jpg","contentUrl":"https:\/\/teiaeducation.ch\/wp-content\/uploads\/2020\/11\/Teia-Education-Switzerland-e1620156442216.jpg","width":166,"height":145,"caption":"Teia Education & Play"},"image":{"@id":"https:\/\/teiaeducation.ch\/fr\/#\/schema\/logo\/image\/"},"sameAs":["https:\/\/www.facebook.com\/teiaeducation\/","https:\/\/x.com\/EducationTeia","https:\/\/www.instagram.com\/teia.education\/","https:\/\/www.linkedin.com\/company\/35501660","https:\/\/www.pinterest.ch\/TeiaEducation\/"]}]}},"_links":{"self":[{"href":"https:\/\/teiaeducation.ch\/fr\/wp-json\/wp\/v2\/product\/31319","targetHints":{"allow":["GET"]}}],"collection":[{"href":"https:\/\/teiaeducation.ch\/fr\/wp-json\/wp\/v2\/product"}],"about":[{"href":"https:\/\/teiaeducation.ch\/fr\/wp-json\/wp\/v2\/types\/product"}],"replies":[{"embeddable":true,"href":"https:\/\/teiaeducation.ch\/fr\/wp-json\/wp\/v2\/comments?post=31319"}],"wp:featuredmedia":[{"embeddable":true,"href":"https:\/\/teiaeducation.ch\/fr\/wp-json\/wp\/v2\/media\/30612"}],"wp:attachment":[{"href":"https:\/\/teiaeducation.ch\/fr\/wp-json\/wp\/v2\/media?parent=31319"}],"wp:term":[{"taxonomy":"product_brand","embeddable":true,"href":"https:\/\/teiaeducation.ch\/fr\/wp-json\/wp\/v2\/product_brand?post=31319"},{"taxonomy":"product_cat","embeddable":true,"href":"https:\/\/teiaeducation.ch\/fr\/wp-json\/wp\/v2\/product_cat?post=31319"},{"taxonomy":"product_tag","embeddable":true,"href":"https:\/\/teiaeducation.ch\/fr\/wp-json\/wp\/v2\/product_tag?post=31319"}],"curies":[{"name":"wp","href":"https:\/\/api.w.org\/{rel}","templated":true}]}}