{"id":31321,"date":"2020-10-13T16:26:29","date_gmt":"2020-10-13T14:26:29","guid":{"rendered":"https:\/\/teiaeducation.ch\/product\/jouet-de-construction-en-bois-erzi\/"},"modified":"2021-11-25T13:35:53","modified_gmt":"2021-11-25T12:35:53","slug":"jouet-de-construction-en-bois-erzi","status":"publish","type":"product","link":"https:\/\/teiaeducation.ch\/fr\/produit\/jouet-de-construction-en-bois-erzi\/","title":{"rendered":"Jouet de construction en bois &#8211; Erzi"},"content":{"rendered":"<p>Jouet de construction en bois &#8211; Erzi<\/p>\n<p>Les possibilit\u00e9s sont infinies avec ce fantastique jouet de construction et le jeu libre en bois Erzi.<\/p>\n<p>Les <a href=\"https:\/\/teiaeducation.ch\/fr\/categorie-produit\/jouer\/blocs-de-construction-en-bois\/\">b\u00fbches<\/a> et les croix color\u00e9es\u00a0doivent \u00eatre combin\u00e9s de toutes les mani\u00e8res possibles. Construire\u00a0dans toutes les directions pour cr\u00e9er de hautes tours, des murs, des cl\u00f4tures, des motifs et des images ou de beaux b\u00e2timents ! Rel\u00e8ve des d\u00e9fis ou invente tes propres jeux. Les enfants ne s\u2019ennuieront jamais avec ce mat\u00e9riel de construction inspirant et prim\u00e9 qui a le sceau d\u2019approbation Spiel Gut. Astucieusement con\u00e7u et tr\u00e8s durable avec une grande valeur de jeu, cet ensemble fonctionne bien pour le jeu en solo ou dans un groupe pour les param\u00e8tres \u00e9ducatifs.<\/p>\n<p>Fabriqu\u00e9 en Allemagne \u00e0 partir de bois de h\u00eatre massif et fini dans de la peinture s\u00fbre, non toxique, \u00e0 base d\u2019eau, le jouet de construction en bois Erzi est recommand\u00e9 pour les enfants \u00e2g\u00e9s de 1 an et plus et est livr\u00e9 avec un sac de stockage en coton.<\/p>\n<p>La gamme compl\u00e8te de produits Erzi porte le sceau distinctif de qualit\u00e9 \u00ab made in Germany \u00bb, provenant, comme ils le font, des monts M\u00e9tallif\u00e8res d&#8217;Allemagne.<\/p>\n<p>Erzi utilise du bois d\u2019origine locale certifi\u00e9 et am\u00e9lior\u00e9 par le label Forest Stewardship Council (FSC) pour la cr\u00e9ation de leurs jouets. Toutes les finitions, telles que les peintures \u00e0 base d\u2019eau et les vernis, ne sont pas toxiques et chaque produit Erzi est conforme au plus haut niveau de s\u00e9curit\u00e9 des jouets. Les produits de jeu et d\u2019apprentissage Erzi de haute qualit\u00e9 se distinguent par une grande diversit\u00e9 de formes et de couleurs naturelles et sont durables et \u00e9cologiques.<\/p>\n<p>Le jouet de construction en bois d&#8217;Erzi est certifi\u00e9 avec le sceau \u00ae Spielgut.<\/p>\n<p>Contenu:<\/p>\n<p>150 b\u00fbches et croix en bois<br \/>\n1 sac en coton pour le rangement<\/p>\n","protected":false},"excerpt":{"rendered":"<p>Num\u00e9ro d\u2019article: 43120<\/p>\n<p>Le jouet de construction Erzi en bois est un jeu ouvert et de haute qualit\u00e9 qui est intelligemment et durablement con\u00e7u avec une grande valeur de jeu !<\/p>\n","protected":false},"featured_media":29616,"comment_status":"open","ping_status":"closed","template":"","meta":[],"product_brand":[],"product_cat":[208,215,216,13150,635,283,17209,16897,13130,13144,23020,13140,17211,217,5851,209,212],"product_tag":[1371,17545,17546,17544,17547,23586,23588,23585,23583,23587,23589,17245,23584,23590,17543,17549,17548,17551,17550],"class_list":{"0":"post-31321","1":"product","2":"type-product","3":"status-publish","4":"has-post-thumbnail","6":"product_cat-1-3-ans","7":"product_cat-3-6-ans","8":"product_cat-6-12-ans","9":"product_cat-blocs-de-construction-en-bois","10":"product_cat-competences-motrices","11":"product_cat-domaines-du-curriculum","12":"product_cat-erzi-fr","13":"product_cat-guide-cadeau-6-12-ans","14":"product_cat-jouer","15":"product_cat-jouets-a-empiler","16":"product_cat-jouets-en-bois","17":"product_cat-jeu-libre","18":"product_cat-materiel-didactique","19":"product_cat-marques","20":"product_cat-nouveautes","21":"product_cat-sensorielles-motrices","22":"product_cat-tranche-dage","23":"product_tag-blocs-de-construction-en-bois","24":"product_tag-buches-de-construction-derzi","25":"product_tag-ensemble-de-construction","26":"product_tag-ensemble-de-construction-derzi","27":"product_tag-ensemble-de-construction-en-bois","28":"product_tag-erzi-jouets-fr","29":"product_tag-erzi-jouets-suisse-fr","30":"product_tag-erzi-schweiz-fr","31":"product_tag-erzi-shop-fr","32":"product_tag-erzi-spielzeug-fr","33":"product_tag-erzi-spielzeug-schweiz-fr","34":"product_tag-erzi-suisse-fr-2","35":"product_tag-erzi-switzerland-fr","36":"product_tag-erzi-toys-fr","37":"product_tag-jouet-de-construction-derzi","38":"product_tag-jouet-de-construction-en-bois-fr","39":"product_tag-jouet-de-construction-en-bois","40":"product_tag-jouet-en-bois-fr","41":"product_tag-jouets-spielgut","43":"first","44":"instock","45":"taxable","46":"shipping-taxable","47":"purchasable","48":"product-type-simple"},"yoast_head":"<!-- This site is optimized with the Yoast SEO Premium plugin v25.8 (Yoast SEO v27.4) - https:\/\/yoast.com\/product\/yoast-seo-premium-wordpress\/ -->\n<title>Jouet de construction en bois - Erzi - Teia Education &amp; Play<\/title>\n<meta name=\"description\" content=\"Le jouet de construction Erzi en bois est un jeu ouvert et de haute qualit\u00e9 qui est intelligemment et durablement con\u00e7u avec une grande valeur de jeu\" \/>\n<meta name=\"robots\" content=\"index, follow, max-snippet:-1, max-image-preview:large, max-video-preview:-1\" \/>\n<link rel=\"canonical\" href=\"https:\/\/teiaeducation.ch\/fr\/produit\/jouet-de-construction-en-bois-erzi\/\" \/>\n<meta property=\"og:locale\" content=\"fr_FR\" \/>\n<meta property=\"og:type\" content=\"article\" \/>\n<meta property=\"og:title\" content=\"Jouet de construction en bois - Erzi\" \/>\n<meta property=\"og:description\" content=\"Le jouet de construction Erzi en bois est un jeu ouvert et de haute qualit\u00e9 qui est intelligemment et durablement con\u00e7u avec une grande valeur de jeu\" \/>\n<meta property=\"og:url\" content=\"https:\/\/teiaeducation.ch\/fr\/produit\/jouet-de-construction-en-bois-erzi\/\" \/>\n<meta property=\"og:site_name\" content=\"Sustainable Educational Products &amp; Ecological Toys\u00a0\" \/>\n<meta property=\"article:publisher\" content=\"https:\/\/www.facebook.com\/teiaeducation\/\" \/>\n<meta property=\"article:modified_time\" content=\"2021-11-25T12:35:53+00:00\" \/>\n<meta property=\"og:image\" content=\"https:\/\/teiaeducation.ch\/wp-content\/uploads\/2020\/09\/Wooden-building-log-toy-Erzi-scaled.jpg\" \/>\n\t<meta property=\"og:image:width\" content=\"900\" \/>\n\t<meta property=\"og:image:height\" content=\"900\" \/>\n\t<meta property=\"og:image:type\" content=\"image\/jpeg\" \/>\n<script type=\"application\/ld+json\" class=\"yoast-schema-graph\">{\"@context\":\"https:\\\/\\\/schema.org\",\"@graph\":[{\"@type\":\"WebPage\",\"@id\":\"https:\\\/\\\/teiaeducation.ch\\\/fr\\\/produit\\\/jouet-de-construction-en-bois-erzi\\\/\",\"url\":\"https:\\\/\\\/teiaeducation.ch\\\/fr\\\/produit\\\/jouet-de-construction-en-bois-erzi\\\/\",\"name\":\"Jouet de construction en bois - Erzi - Teia Education & Play\",\"isPartOf\":{\"@id\":\"https:\\\/\\\/teiaeducation.ch\\\/fr\\\/#website\"},\"primaryImageOfPage\":{\"@id\":\"https:\\\/\\\/teiaeducation.ch\\\/fr\\\/produit\\\/jouet-de-construction-en-bois-erzi\\\/#primaryimage\"},\"image\":{\"@id\":\"https:\\\/\\\/teiaeducation.ch\\\/fr\\\/produit\\\/jouet-de-construction-en-bois-erzi\\\/#primaryimage\"},\"thumbnailUrl\":\"https:\\\/\\\/teiaeducation.ch\\\/wp-content\\\/uploads\\\/2020\\\/09\\\/Wooden-building-log-toy-Erzi-scaled.jpg\",\"datePublished\":\"2020-10-13T14:26:29+00:00\",\"dateModified\":\"2021-11-25T12:35:53+00:00\",\"description\":\"Le jouet de construction Erzi en bois est un jeu ouvert et de haute qualit\u00e9 qui est intelligemment et durablement con\u00e7u avec une grande valeur de jeu\",\"breadcrumb\":{\"@id\":\"https:\\\/\\\/teiaeducation.ch\\\/fr\\\/produit\\\/jouet-de-construction-en-bois-erzi\\\/#breadcrumb\"},\"inLanguage\":\"fr-FR\",\"potentialAction\":[{\"@type\":\"ReadAction\",\"target\":[\"https:\\\/\\\/teiaeducation.ch\\\/fr\\\/produit\\\/jouet-de-construction-en-bois-erzi\\\/\"]}]},{\"@type\":\"ImageObject\",\"inLanguage\":\"fr-FR\",\"@id\":\"https:\\\/\\\/teiaeducation.ch\\\/fr\\\/produit\\\/jouet-de-construction-en-bois-erzi\\\/#primaryimage\",\"url\":\"https:\\\/\\\/teiaeducation.ch\\\/wp-content\\\/uploads\\\/2020\\\/09\\\/Wooden-building-log-toy-Erzi-scaled.jpg\",\"contentUrl\":\"https:\\\/\\\/teiaeducation.ch\\\/wp-content\\\/uploads\\\/2020\\\/09\\\/Wooden-building-log-toy-Erzi-scaled.jpg\",\"width\":900,\"height\":900,\"caption\":\"Jouet de construction en bois - Erzi\"},{\"@type\":\"BreadcrumbList\",\"@id\":\"https:\\\/\\\/teiaeducation.ch\\\/fr\\\/produit\\\/jouet-de-construction-en-bois-erzi\\\/#breadcrumb\",\"itemListElement\":[{\"@type\":\"ListItem\",\"position\":1,\"name\":\"Home\",\"item\":\"https:\\\/\\\/teiaeducation.ch\\\/fr\\\/\"},{\"@type\":\"ListItem\",\"position\":2,\"name\":\"Boutique Teia Education &amp; Play\",\"item\":\"https:\\\/\\\/teiaeducation.ch\\\/fr\\\/boutique\\\/\"},{\"@type\":\"ListItem\",\"position\":3,\"name\":\"Nos Marques\",\"item\":\"https:\\\/\\\/teiaeducation.ch\\\/fr\\\/categorie-produit\\\/marques\\\/\"},{\"@type\":\"ListItem\",\"position\":4,\"name\":\"Erzi\",\"item\":\"https:\\\/\\\/teiaeducation.ch\\\/fr\\\/categorie-produit\\\/marques\\\/erzi-fr\\\/\"},{\"@type\":\"ListItem\",\"position\":5,\"name\":\"Mat\u00e9riel Didactique\",\"item\":\"https:\\\/\\\/teiaeducation.ch\\\/fr\\\/categorie-produit\\\/marques\\\/erzi-fr\\\/materiel-didactique\\\/\"},{\"@type\":\"ListItem\",\"position\":6,\"name\":\"Jouet de construction en bois &#8211; Erzi\"}]},{\"@type\":\"WebSite\",\"@id\":\"https:\\\/\\\/teiaeducation.ch\\\/fr\\\/#website\",\"url\":\"https:\\\/\\\/teiaeducation.ch\\\/fr\\\/\",\"name\":\"Sustainable Educational Products &amp; Ecological Toys\u00a0\",\"description\":\"Specialised Swiss shop selling sustainable educational toys and games, AMI certified Montessori materials, handmade ecological wooden Waldorf toys and arts &amp; crafts supplies, school supplies, children&#039;s furniture and Montessori reference and parenting books.\",\"publisher\":{\"@id\":\"https:\\\/\\\/teiaeducation.ch\\\/fr\\\/#organization\"},\"alternateName\":\"Teia Education & Play\",\"potentialAction\":[{\"@type\":\"SearchAction\",\"target\":{\"@type\":\"EntryPoint\",\"urlTemplate\":\"https:\\\/\\\/teiaeducation.ch\\\/fr\\\/?s={search_term_string}\"},\"query-input\":{\"@type\":\"PropertyValueSpecification\",\"valueRequired\":true,\"valueName\":\"search_term_string\"}}],\"inLanguage\":\"fr-FR\"},{\"@type\":\"Organization\",\"@id\":\"https:\\\/\\\/teiaeducation.ch\\\/fr\\\/#organization\",\"name\":\"Teia Education & Play\",\"url\":\"https:\\\/\\\/teiaeducation.ch\\\/fr\\\/\",\"logo\":{\"@type\":\"ImageObject\",\"inLanguage\":\"fr-FR\",\"@id\":\"https:\\\/\\\/teiaeducation.ch\\\/fr\\\/#\\\/schema\\\/logo\\\/image\\\/\",\"url\":\"https:\\\/\\\/teiaeducation.ch\\\/wp-content\\\/uploads\\\/2020\\\/11\\\/Teia-Education-Switzerland-e1620156442216.jpg\",\"contentUrl\":\"https:\\\/\\\/teiaeducation.ch\\\/wp-content\\\/uploads\\\/2020\\\/11\\\/Teia-Education-Switzerland-e1620156442216.jpg\",\"width\":166,\"height\":145,\"caption\":\"Teia Education & Play\"},\"image\":{\"@id\":\"https:\\\/\\\/teiaeducation.ch\\\/fr\\\/#\\\/schema\\\/logo\\\/image\\\/\"},\"sameAs\":[\"https:\\\/\\\/www.facebook.com\\\/teiaeducation\\\/\",\"https:\\\/\\\/x.com\\\/EducationTeia\",\"https:\\\/\\\/www.instagram.com\\\/teia.education\\\/\",\"https:\\\/\\\/www.linkedin.com\\\/company\\\/35501660\",\"https:\\\/\\\/www.pinterest.ch\\\/TeiaEducation\\\/\"]}]}<\/script>\n<meta property=\"product:price:amount\" content=\"69.50\" \/>\n<meta property=\"product:price:currency\" content=\"CHF\" \/>\n<meta property=\"og:availability\" content=\"instock\" \/>\n<meta property=\"product:availability\" content=\"instock\" \/>\n<meta property=\"product:retailer_item_id\" content=\"00000000000000000000000000000000000000000000029614\" \/>\n<meta property=\"product:condition\" content=\"new\" \/>\n<!-- \/ Yoast SEO Premium plugin. -->","yoast_head_json":{"title":"Jouet de construction en bois - Erzi - Teia Education & Play","description":"Le jouet de construction Erzi en bois est un jeu ouvert et de haute qualit\u00e9 qui est intelligemment et durablement con\u00e7u avec une grande valeur de jeu","robots":{"index":"index","follow":"follow","max-snippet":"max-snippet:-1","max-image-preview":"max-image-preview:large","max-video-preview":"max-video-preview:-1"},"canonical":"https:\/\/teiaeducation.ch\/fr\/produit\/jouet-de-construction-en-bois-erzi\/","og_locale":"fr_FR","og_type":"article","og_title":"Jouet de construction en bois - Erzi","og_description":"Le jouet de construction Erzi en bois est un jeu ouvert et de haute qualit\u00e9 qui est intelligemment et durablement con\u00e7u avec une grande valeur de jeu","og_url":"https:\/\/teiaeducation.ch\/fr\/produit\/jouet-de-construction-en-bois-erzi\/","og_site_name":"Sustainable Educational Products &amp; Ecological Toys\u00a0","article_publisher":"https:\/\/www.facebook.com\/teiaeducation\/","article_modified_time":"2021-11-25T12:35:53+00:00","og_image":[{"width":900,"height":900,"url":"https:\/\/teiaeducation.ch\/wp-content\/uploads\/2020\/09\/Wooden-building-log-toy-Erzi-scaled.jpg","type":"image\/jpeg"}],"schema":{"@context":"https:\/\/schema.org","@graph":[{"@type":"WebPage","@id":"https:\/\/teiaeducation.ch\/fr\/produit\/jouet-de-construction-en-bois-erzi\/","url":"https:\/\/teiaeducation.ch\/fr\/produit\/jouet-de-construction-en-bois-erzi\/","name":"Jouet de construction en bois - Erzi - Teia Education & Play","isPartOf":{"@id":"https:\/\/teiaeducation.ch\/fr\/#website"},"primaryImageOfPage":{"@id":"https:\/\/teiaeducation.ch\/fr\/produit\/jouet-de-construction-en-bois-erzi\/#primaryimage"},"image":{"@id":"https:\/\/teiaeducation.ch\/fr\/produit\/jouet-de-construction-en-bois-erzi\/#primaryimage"},"thumbnailUrl":"https:\/\/teiaeducation.ch\/wp-content\/uploads\/2020\/09\/Wooden-building-log-toy-Erzi-scaled.jpg","datePublished":"2020-10-13T14:26:29+00:00","dateModified":"2021-11-25T12:35:53+00:00","description":"Le jouet de construction Erzi en bois est un jeu ouvert et de haute qualit\u00e9 qui est intelligemment et durablement con\u00e7u avec une grande valeur de jeu","breadcrumb":{"@id":"https:\/\/teiaeducation.ch\/fr\/produit\/jouet-de-construction-en-bois-erzi\/#breadcrumb"},"inLanguage":"fr-FR","potentialAction":[{"@type":"ReadAction","target":["https:\/\/teiaeducation.ch\/fr\/produit\/jouet-de-construction-en-bois-erzi\/"]}]},{"@type":"ImageObject","inLanguage":"fr-FR","@id":"https:\/\/teiaeducation.ch\/fr\/produit\/jouet-de-construction-en-bois-erzi\/#primaryimage","url":"https:\/\/teiaeducation.ch\/wp-content\/uploads\/2020\/09\/Wooden-building-log-toy-Erzi-scaled.jpg","contentUrl":"https:\/\/teiaeducation.ch\/wp-content\/uploads\/2020\/09\/Wooden-building-log-toy-Erzi-scaled.jpg","width":900,"height":900,"caption":"Jouet de construction en bois - Erzi"},{"@type":"BreadcrumbList","@id":"https:\/\/teiaeducation.ch\/fr\/produit\/jouet-de-construction-en-bois-erzi\/#breadcrumb","itemListElement":[{"@type":"ListItem","position":1,"name":"Home","item":"https:\/\/teiaeducation.ch\/fr\/"},{"@type":"ListItem","position":2,"name":"Boutique Teia Education &amp; Play","item":"https:\/\/teiaeducation.ch\/fr\/boutique\/"},{"@type":"ListItem","position":3,"name":"Nos Marques","item":"https:\/\/teiaeducation.ch\/fr\/categorie-produit\/marques\/"},{"@type":"ListItem","position":4,"name":"Erzi","item":"https:\/\/teiaeducation.ch\/fr\/categorie-produit\/marques\/erzi-fr\/"},{"@type":"ListItem","position":5,"name":"Mat\u00e9riel Didactique","item":"https:\/\/teiaeducation.ch\/fr\/categorie-produit\/marques\/erzi-fr\/materiel-didactique\/"},{"@type":"ListItem","position":6,"name":"Jouet de construction en bois &#8211; Erzi"}]},{"@type":"WebSite","@id":"https:\/\/teiaeducation.ch\/fr\/#website","url":"https:\/\/teiaeducation.ch\/fr\/","name":"Sustainable Educational Products &amp; Ecological Toys\u00a0","description":"Specialised Swiss shop selling sustainable educational toys and games, AMI certified Montessori materials, handmade ecological wooden Waldorf toys and arts &amp; crafts supplies, school supplies, children&#039;s furniture and Montessori reference and parenting books.","publisher":{"@id":"https:\/\/teiaeducation.ch\/fr\/#organization"},"alternateName":"Teia Education & Play","potentialAction":[{"@type":"SearchAction","target":{"@type":"EntryPoint","urlTemplate":"https:\/\/teiaeducation.ch\/fr\/?s={search_term_string}"},"query-input":{"@type":"PropertyValueSpecification","valueRequired":true,"valueName":"search_term_string"}}],"inLanguage":"fr-FR"},{"@type":"Organization","@id":"https:\/\/teiaeducation.ch\/fr\/#organization","name":"Teia Education & Play","url":"https:\/\/teiaeducation.ch\/fr\/","logo":{"@type":"ImageObject","inLanguage":"fr-FR","@id":"https:\/\/teiaeducation.ch\/fr\/#\/schema\/logo\/image\/","url":"https:\/\/teiaeducation.ch\/wp-content\/uploads\/2020\/11\/Teia-Education-Switzerland-e1620156442216.jpg","contentUrl":"https:\/\/teiaeducation.ch\/wp-content\/uploads\/2020\/11\/Teia-Education-Switzerland-e1620156442216.jpg","width":166,"height":145,"caption":"Teia Education & Play"},"image":{"@id":"https:\/\/teiaeducation.ch\/fr\/#\/schema\/logo\/image\/"},"sameAs":["https:\/\/www.facebook.com\/teiaeducation\/","https:\/\/x.com\/EducationTeia","https:\/\/www.instagram.com\/teia.education\/","https:\/\/www.linkedin.com\/company\/35501660","https:\/\/www.pinterest.ch\/TeiaEducation\/"]}]},"product_price_amount":"69.50","product_price_currency":"CHF","og_availability":"instock","product_availability":"instock","product_retailer_item_id":"00000000000000000000000000000000000000000000029614","product_condition":"new"},"_links":{"self":[{"href":"https:\/\/teiaeducation.ch\/fr\/wp-json\/wp\/v2\/product\/31321","targetHints":{"allow":["GET"]}}],"collection":[{"href":"https:\/\/teiaeducation.ch\/fr\/wp-json\/wp\/v2\/product"}],"about":[{"href":"https:\/\/teiaeducation.ch\/fr\/wp-json\/wp\/v2\/types\/product"}],"replies":[{"embeddable":true,"href":"https:\/\/teiaeducation.ch\/fr\/wp-json\/wp\/v2\/comments?post=31321"}],"wp:featuredmedia":[{"embeddable":true,"href":"https:\/\/teiaeducation.ch\/fr\/wp-json\/wp\/v2\/media\/29616"}],"wp:attachment":[{"href":"https:\/\/teiaeducation.ch\/fr\/wp-json\/wp\/v2\/media?parent=31321"}],"wp:term":[{"taxonomy":"product_brand","embeddable":true,"href":"https:\/\/teiaeducation.ch\/fr\/wp-json\/wp\/v2\/product_brand?post=31321"},{"taxonomy":"product_cat","embeddable":true,"href":"https:\/\/teiaeducation.ch\/fr\/wp-json\/wp\/v2\/product_cat?post=31321"},{"taxonomy":"product_tag","embeddable":true,"href":"https:\/\/teiaeducation.ch\/fr\/wp-json\/wp\/v2\/product_tag?post=31321"}],"curies":[{"name":"wp","href":"https:\/\/api.w.org\/{rel}","templated":true}]}}