{"id":31323,"date":"2020-10-12T20:34:13","date_gmt":"2020-10-12T18:34:13","guid":{"rendered":"https:\/\/teiaeducation.ch\/product\/tissus-en-mousseline-de-soie-erzi\/"},"modified":"2021-11-13T16:44:41","modified_gmt":"2021-11-13T15:44:41","slug":"tissus-mousseline-de-soie-erzi","status":"publish","type":"product","link":"https:\/\/teiaeducation.ch\/fr\/produit\/tissus-mousseline-de-soie-erzi\/","title":{"rendered":"Tissus en mousseline de soie- Erzi"},"content":{"rendered":"<p>Tissus en mousseline de soie pour jeu ouvert &#8211; Erzi<\/p>\n<p>Ce bel ensemble arc-en-ciel de 10 tissus aux couleurs vives d\u2019Erzi est id\u00e9al pour le jeu ouvert, y compris l\u2019habillage,pour jongler, pour se bander les yeux, pour la d\u00e9coration, l\u2019apprentissage des couleurs et le jeu d&#8217;attrapage. \u00c9galement parfaitement adapt\u00e9s \u00e0 l\u2019\u00e9cole et \u00e0 la maison pour les cours rythmiques et <a href=\"https:\/\/teiaeducation.ch\/product-category\/play\/sensory-play\/\">le jeu sensoriel,<\/a>les tissus en mousseline de soie Erzi sont recommand\u00e9s pour les enfants \u00e2g\u00e9s de 3 ans et plus.<\/p>\n<p>Fabriqu\u00e9s \u00e0 partir de polyamide, les tissus en mousseline de soie mesurent environ 33 x 33 centim\u00e8tres chacun.<\/p>\n<p>La gamme compl\u00e8te de produits Erzi porte le sceau distinctif de qualit\u00e9 \u00ab made in Germany \u00bb, provenant, comme il le dit, des montagnes de minerai de l\u2019Allemagne.<\/p>\n<p>Erzi utilise du bois d\u2019origine locale certifi\u00e9 et am\u00e9lior\u00e9 par le label Forest Stewardship Council (FSC) pour la cr\u00e9ation de leurs jouets. Toutes les finitions, telles que les peintures \u00e0 base d\u2019eau et les vernis, ne sont pas toxiques et chaque produit Erzi est conforme au plus haut niveau de s\u00e9curit\u00e9 des jouets. Les produits de jeu et d\u2019apprentissage Erzi de haute qualit\u00e9 se distinguent par une grande diversit\u00e9 de formes et de couleurs naturelles et sont durables et \u00e9cologiques.<\/p>\n<p>Contenu :<\/p>\n<p>10 tissus de diff\u00e9rentes couleurs<\/p>\n<p><strong>Instructions de soins :<\/strong><\/p>\n<p>Lavage \u00e0 la main, laisser s\u00e9cher sur une corde \u00e0 linge et ne pas repasser.<\/p>\n","protected":false},"excerpt":{"rendered":"<p>Num\u00e9ro d\u2019article: 44639<\/p>\n<p>Ce bel ensemble arc-en-ciel de 10 tissus diff\u00e9rents aux couleurs vives d\u2019Erzi est id\u00e9al pour le jeu ouvert, les classes de rythmique et le jeu sensoriel et sont recommand\u00e9s pour les enfants \u00e2g\u00e9s de 3 ans et plus.<\/p>\n","protected":false},"featured_media":29909,"comment_status":"open","ping_status":"closed","template":"","meta":[],"product_brand":[],"product_cat":[8527,215,23635,18893,22344,17209,8526,17238,21257,13130,18969,13137,22181,23650,13139,13140,13142,17211,217,5851,24313,212],"product_tag":[23591,23586,23588,23592,23585,23583,23587,23589,17245,23584,23590,23582,23593,23594,23595],"class_list":{"0":"post-31323","1":"product","2":"type-product","3":"status-publish","4":"has-post-thumbnail","6":"product_cat-3-6-ans-ecole-a-domicile","7":"product_cat-3-6-ans","8":"product_cat-collection-dete","9":"product_cat-collection-printemps","10":"product_cat-collections-saisonnieres","11":"product_cat-erzi-fr","12":"product_cat-fournitures-scolaires-a-domicile","13":"product_cat-guide-cadeaux-jouets-mous","14":"product_cat-guides-cadeaux","15":"product_cat-jouer","16":"product_cat-jouets-actifs","17":"product_cat-jouets-en-tissu","18":"product_cat-jouets-montessori","19":"product_cat-la-rentree-scolaire","20":"product_cat-jeu-imaginatif-faire-semblant","21":"product_cat-jeu-libre","22":"product_cat-jeu-sensoriel","23":"product_cat-materiel-didactique","24":"product_cat-marques","25":"product_cat-nouveautes","26":"product_cat-saint-valentin","27":"product_cat-tranche-dage","28":"product_tag-erzi-chiffon-cloths-fr","29":"product_tag-erzi-jouets-fr","30":"product_tag-erzi-jouets-suisse-fr","31":"product_tag-erzi-play-cloths-fr","32":"product_tag-erzi-schweiz-fr","33":"product_tag-erzi-shop-fr","34":"product_tag-erzi-spielzeug-fr","35":"product_tag-erzi-spielzeug-schweiz-fr","36":"product_tag-erzi-suisse-fr-2","37":"product_tag-erzi-switzerland-fr","38":"product_tag-erzi-toys-fr","39":"product_tag-open-ended-play-fr","40":"product_tag-play-cloths-fr","41":"product_tag-play-silks-fr","42":"product_tag-sensory-play-fr","44":"first","45":"instock","46":"taxable","47":"shipping-taxable","48":"purchasable","49":"product-type-simple"},"yoast_head":"<!-- This site is optimized with the Yoast SEO plugin v27.1.1 - https:\/\/yoast.com\/product\/yoast-seo-wordpress\/ -->\n<title>Tissus en mousseline de soie- Erzi - Teia Education &amp; Play<\/title>\n<meta name=\"description\" content=\"Les tissus en mousseline de soie Erzi sont de couleurs vives avec une grande valeur de jeu ouverte, y compris l\u2019habillage et le jeu de capture pour les enfants \u00e2g\u00e9s de 3 ans et plus.\" \/>\n<meta name=\"robots\" content=\"index, follow, max-snippet:-1, max-image-preview:large, max-video-preview:-1\" \/>\n<link rel=\"canonical\" href=\"https:\/\/teiaeducation.ch\/fr\/produit\/tissus-mousseline-de-soie-erzi\/\" \/>\n<meta property=\"og:locale\" content=\"fr_FR\" \/>\n<meta property=\"og:type\" content=\"article\" \/>\n<meta property=\"og:title\" content=\"Tissus en mousseline de soie- Erzi - Teia Education &amp; Play\" \/>\n<meta property=\"og:description\" content=\"Les tissus en mousseline de soie Erzi sont de couleurs vives avec une grande valeur de jeu ouverte, y compris l\u2019habillage et le jeu de capture pour les enfants \u00e2g\u00e9s de 3 ans et plus.\" \/>\n<meta property=\"og:url\" content=\"https:\/\/teiaeducation.ch\/fr\/produit\/tissus-mousseline-de-soie-erzi\/\" \/>\n<meta property=\"og:site_name\" content=\"Sustainable Educational Products &amp; Ecological Toys\u00a0\" \/>\n<meta property=\"article:publisher\" content=\"https:\/\/www.facebook.com\/teiaeducation\/\" \/>\n<meta property=\"article:modified_time\" content=\"2021-11-13T15:44:41+00:00\" \/>\n<meta property=\"og:image\" content=\"https:\/\/teiaeducation.ch\/wp-content\/uploads\/2020\/09\/Chiffon-cloths-Erzi.jpg\" \/>\n\t<meta property=\"og:image:width\" content=\"900\" \/>\n\t<meta property=\"og:image:height\" content=\"900\" \/>\n\t<meta property=\"og:image:type\" content=\"image\/jpeg\" \/>\n<script type=\"application\/ld+json\" class=\"yoast-schema-graph\">{\"@context\":\"https:\/\/schema.org\",\"@graph\":[{\"@type\":\"WebPage\",\"@id\":\"https:\/\/teiaeducation.ch\/fr\/produit\/tissus-mousseline-de-soie-erzi\/\",\"url\":\"https:\/\/teiaeducation.ch\/fr\/produit\/tissus-mousseline-de-soie-erzi\/\",\"name\":\"Tissus en mousseline de soie- Erzi - Teia Education & Play\",\"isPartOf\":{\"@id\":\"https:\/\/teiaeducation.ch\/fr\/#website\"},\"primaryImageOfPage\":{\"@id\":\"https:\/\/teiaeducation.ch\/fr\/produit\/tissus-mousseline-de-soie-erzi\/#primaryimage\"},\"image\":{\"@id\":\"https:\/\/teiaeducation.ch\/fr\/produit\/tissus-mousseline-de-soie-erzi\/#primaryimage\"},\"thumbnailUrl\":\"https:\/\/teiaeducation.ch\/wp-content\/uploads\/2020\/09\/Chiffon-cloths-Erzi.jpg\",\"datePublished\":\"2020-10-12T18:34:13+00:00\",\"dateModified\":\"2021-11-13T15:44:41+00:00\",\"description\":\"Les tissus en mousseline de soie Erzi sont de couleurs vives avec une grande valeur de jeu ouverte, y compris l\u2019habillage et le jeu de capture pour les enfants \u00e2g\u00e9s de 3 ans et plus.\",\"breadcrumb\":{\"@id\":\"https:\/\/teiaeducation.ch\/fr\/produit\/tissus-mousseline-de-soie-erzi\/#breadcrumb\"},\"inLanguage\":\"fr-FR\",\"potentialAction\":[{\"@type\":\"ReadAction\",\"target\":[\"https:\/\/teiaeducation.ch\/fr\/produit\/tissus-mousseline-de-soie-erzi\/\"]}]},{\"@type\":\"ImageObject\",\"inLanguage\":\"fr-FR\",\"@id\":\"https:\/\/teiaeducation.ch\/fr\/produit\/tissus-mousseline-de-soie-erzi\/#primaryimage\",\"url\":\"https:\/\/teiaeducation.ch\/wp-content\/uploads\/2020\/09\/Chiffon-cloths-Erzi.jpg\",\"contentUrl\":\"https:\/\/teiaeducation.ch\/wp-content\/uploads\/2020\/09\/Chiffon-cloths-Erzi.jpg\",\"width\":900,\"height\":900,\"caption\":\"Tissus en mousseline de soie pour le jeu ouvert - Erzi\"},{\"@type\":\"BreadcrumbList\",\"@id\":\"https:\/\/teiaeducation.ch\/fr\/produit\/tissus-mousseline-de-soie-erzi\/#breadcrumb\",\"itemListElement\":[{\"@type\":\"ListItem\",\"position\":1,\"name\":\"Home\",\"item\":\"https:\/\/teiaeducation.ch\/fr\/\"},{\"@type\":\"ListItem\",\"position\":2,\"name\":\"Boutique Teia Education &amp; Play\",\"item\":\"https:\/\/teiaeducation.ch\/fr\/boutique\/\"},{\"@type\":\"ListItem\",\"position\":3,\"name\":\"Nos Marques\",\"item\":\"https:\/\/teiaeducation.ch\/fr\/categorie-produit\/marques\/\"},{\"@type\":\"ListItem\",\"position\":4,\"name\":\"Erzi\",\"item\":\"https:\/\/teiaeducation.ch\/fr\/categorie-produit\/marques\/erzi-fr\/\"},{\"@type\":\"ListItem\",\"position\":5,\"name\":\"Mat\u00e9riel Didactique\",\"item\":\"https:\/\/teiaeducation.ch\/fr\/categorie-produit\/marques\/erzi-fr\/materiel-didactique\/\"},{\"@type\":\"ListItem\",\"position\":6,\"name\":\"Tissus en mousseline de soie- Erzi\"}]},{\"@type\":\"WebSite\",\"@id\":\"https:\/\/teiaeducation.ch\/fr\/#website\",\"url\":\"https:\/\/teiaeducation.ch\/fr\/\",\"name\":\"Sustainable Educational Products &amp; Ecological Toys\u00a0\",\"description\":\"Specialised Swiss shop selling sustainable educational toys and games, AMI certified Montessori materials, handmade ecological wooden Waldorf toys and arts &amp; crafts supplies, school supplies, children&#039;s furniture and Montessori reference and parenting books.\",\"publisher\":{\"@id\":\"https:\/\/teiaeducation.ch\/fr\/#organization\"},\"alternateName\":\"Teia Education & Play\",\"potentialAction\":[{\"@type\":\"SearchAction\",\"target\":{\"@type\":\"EntryPoint\",\"urlTemplate\":\"https:\/\/teiaeducation.ch\/fr\/?s={search_term_string}\"},\"query-input\":{\"@type\":\"PropertyValueSpecification\",\"valueRequired\":true,\"valueName\":\"search_term_string\"}}],\"inLanguage\":\"fr-FR\"},{\"@type\":\"Organization\",\"@id\":\"https:\/\/teiaeducation.ch\/fr\/#organization\",\"name\":\"Teia Education & Play\",\"url\":\"https:\/\/teiaeducation.ch\/fr\/\",\"logo\":{\"@type\":\"ImageObject\",\"inLanguage\":\"fr-FR\",\"@id\":\"https:\/\/teiaeducation.ch\/fr\/#\/schema\/logo\/image\/\",\"url\":\"https:\/\/teiaeducation.ch\/wp-content\/uploads\/2020\/11\/Teia-Education-Switzerland-e1620156442216.jpg\",\"contentUrl\":\"https:\/\/teiaeducation.ch\/wp-content\/uploads\/2020\/11\/Teia-Education-Switzerland-e1620156442216.jpg\",\"width\":166,\"height\":145,\"caption\":\"Teia Education & Play\"},\"image\":{\"@id\":\"https:\/\/teiaeducation.ch\/fr\/#\/schema\/logo\/image\/\"},\"sameAs\":[\"https:\/\/www.facebook.com\/teiaeducation\/\",\"https:\/\/x.com\/EducationTeia\",\"https:\/\/www.instagram.com\/teia.education\/\",\"https:\/\/www.linkedin.com\/company\/35501660\",\"https:\/\/www.pinterest.ch\/TeiaEducation\/\"]}]}<\/script>\n<!-- \/ Yoast SEO plugin. -->","yoast_head_json":{"title":"Tissus en mousseline de soie- Erzi - Teia Education & Play","description":"Les tissus en mousseline de soie Erzi sont de couleurs vives avec une grande valeur de jeu ouverte, y compris l\u2019habillage et le jeu de capture pour les enfants \u00e2g\u00e9s de 3 ans et plus.","robots":{"index":"index","follow":"follow","max-snippet":"max-snippet:-1","max-image-preview":"max-image-preview:large","max-video-preview":"max-video-preview:-1"},"canonical":"https:\/\/teiaeducation.ch\/fr\/produit\/tissus-mousseline-de-soie-erzi\/","og_locale":"fr_FR","og_type":"article","og_title":"Tissus en mousseline de soie- Erzi - Teia Education & Play","og_description":"Les tissus en mousseline de soie Erzi sont de couleurs vives avec une grande valeur de jeu ouverte, y compris l\u2019habillage et le jeu de capture pour les enfants \u00e2g\u00e9s de 3 ans et plus.","og_url":"https:\/\/teiaeducation.ch\/fr\/produit\/tissus-mousseline-de-soie-erzi\/","og_site_name":"Sustainable Educational Products &amp; Ecological Toys\u00a0","article_publisher":"https:\/\/www.facebook.com\/teiaeducation\/","article_modified_time":"2021-11-13T15:44:41+00:00","og_image":[{"width":900,"height":900,"url":"https:\/\/teiaeducation.ch\/wp-content\/uploads\/2020\/09\/Chiffon-cloths-Erzi.jpg","type":"image\/jpeg"}],"schema":{"@context":"https:\/\/schema.org","@graph":[{"@type":"WebPage","@id":"https:\/\/teiaeducation.ch\/fr\/produit\/tissus-mousseline-de-soie-erzi\/","url":"https:\/\/teiaeducation.ch\/fr\/produit\/tissus-mousseline-de-soie-erzi\/","name":"Tissus en mousseline de soie- Erzi - Teia Education & Play","isPartOf":{"@id":"https:\/\/teiaeducation.ch\/fr\/#website"},"primaryImageOfPage":{"@id":"https:\/\/teiaeducation.ch\/fr\/produit\/tissus-mousseline-de-soie-erzi\/#primaryimage"},"image":{"@id":"https:\/\/teiaeducation.ch\/fr\/produit\/tissus-mousseline-de-soie-erzi\/#primaryimage"},"thumbnailUrl":"https:\/\/teiaeducation.ch\/wp-content\/uploads\/2020\/09\/Chiffon-cloths-Erzi.jpg","datePublished":"2020-10-12T18:34:13+00:00","dateModified":"2021-11-13T15:44:41+00:00","description":"Les tissus en mousseline de soie Erzi sont de couleurs vives avec une grande valeur de jeu ouverte, y compris l\u2019habillage et le jeu de capture pour les enfants \u00e2g\u00e9s de 3 ans et plus.","breadcrumb":{"@id":"https:\/\/teiaeducation.ch\/fr\/produit\/tissus-mousseline-de-soie-erzi\/#breadcrumb"},"inLanguage":"fr-FR","potentialAction":[{"@type":"ReadAction","target":["https:\/\/teiaeducation.ch\/fr\/produit\/tissus-mousseline-de-soie-erzi\/"]}]},{"@type":"ImageObject","inLanguage":"fr-FR","@id":"https:\/\/teiaeducation.ch\/fr\/produit\/tissus-mousseline-de-soie-erzi\/#primaryimage","url":"https:\/\/teiaeducation.ch\/wp-content\/uploads\/2020\/09\/Chiffon-cloths-Erzi.jpg","contentUrl":"https:\/\/teiaeducation.ch\/wp-content\/uploads\/2020\/09\/Chiffon-cloths-Erzi.jpg","width":900,"height":900,"caption":"Tissus en mousseline de soie pour le jeu ouvert - Erzi"},{"@type":"BreadcrumbList","@id":"https:\/\/teiaeducation.ch\/fr\/produit\/tissus-mousseline-de-soie-erzi\/#breadcrumb","itemListElement":[{"@type":"ListItem","position":1,"name":"Home","item":"https:\/\/teiaeducation.ch\/fr\/"},{"@type":"ListItem","position":2,"name":"Boutique Teia Education &amp; Play","item":"https:\/\/teiaeducation.ch\/fr\/boutique\/"},{"@type":"ListItem","position":3,"name":"Nos Marques","item":"https:\/\/teiaeducation.ch\/fr\/categorie-produit\/marques\/"},{"@type":"ListItem","position":4,"name":"Erzi","item":"https:\/\/teiaeducation.ch\/fr\/categorie-produit\/marques\/erzi-fr\/"},{"@type":"ListItem","position":5,"name":"Mat\u00e9riel Didactique","item":"https:\/\/teiaeducation.ch\/fr\/categorie-produit\/marques\/erzi-fr\/materiel-didactique\/"},{"@type":"ListItem","position":6,"name":"Tissus en mousseline de soie- Erzi"}]},{"@type":"WebSite","@id":"https:\/\/teiaeducation.ch\/fr\/#website","url":"https:\/\/teiaeducation.ch\/fr\/","name":"Sustainable Educational Products &amp; Ecological Toys\u00a0","description":"Specialised Swiss shop selling sustainable educational toys and games, AMI certified Montessori materials, handmade ecological wooden Waldorf toys and arts &amp; crafts supplies, school supplies, children&#039;s furniture and Montessori reference and parenting books.","publisher":{"@id":"https:\/\/teiaeducation.ch\/fr\/#organization"},"alternateName":"Teia Education & Play","potentialAction":[{"@type":"SearchAction","target":{"@type":"EntryPoint","urlTemplate":"https:\/\/teiaeducation.ch\/fr\/?s={search_term_string}"},"query-input":{"@type":"PropertyValueSpecification","valueRequired":true,"valueName":"search_term_string"}}],"inLanguage":"fr-FR"},{"@type":"Organization","@id":"https:\/\/teiaeducation.ch\/fr\/#organization","name":"Teia Education & Play","url":"https:\/\/teiaeducation.ch\/fr\/","logo":{"@type":"ImageObject","inLanguage":"fr-FR","@id":"https:\/\/teiaeducation.ch\/fr\/#\/schema\/logo\/image\/","url":"https:\/\/teiaeducation.ch\/wp-content\/uploads\/2020\/11\/Teia-Education-Switzerland-e1620156442216.jpg","contentUrl":"https:\/\/teiaeducation.ch\/wp-content\/uploads\/2020\/11\/Teia-Education-Switzerland-e1620156442216.jpg","width":166,"height":145,"caption":"Teia Education & Play"},"image":{"@id":"https:\/\/teiaeducation.ch\/fr\/#\/schema\/logo\/image\/"},"sameAs":["https:\/\/www.facebook.com\/teiaeducation\/","https:\/\/x.com\/EducationTeia","https:\/\/www.instagram.com\/teia.education\/","https:\/\/www.linkedin.com\/company\/35501660","https:\/\/www.pinterest.ch\/TeiaEducation\/"]}]}},"_links":{"self":[{"href":"https:\/\/teiaeducation.ch\/fr\/wp-json\/wp\/v2\/product\/31323","targetHints":{"allow":["GET"]}}],"collection":[{"href":"https:\/\/teiaeducation.ch\/fr\/wp-json\/wp\/v2\/product"}],"about":[{"href":"https:\/\/teiaeducation.ch\/fr\/wp-json\/wp\/v2\/types\/product"}],"replies":[{"embeddable":true,"href":"https:\/\/teiaeducation.ch\/fr\/wp-json\/wp\/v2\/comments?post=31323"}],"wp:featuredmedia":[{"embeddable":true,"href":"https:\/\/teiaeducation.ch\/fr\/wp-json\/wp\/v2\/media\/29909"}],"wp:attachment":[{"href":"https:\/\/teiaeducation.ch\/fr\/wp-json\/wp\/v2\/media?parent=31323"}],"wp:term":[{"taxonomy":"product_brand","embeddable":true,"href":"https:\/\/teiaeducation.ch\/fr\/wp-json\/wp\/v2\/product_brand?post=31323"},{"taxonomy":"product_cat","embeddable":true,"href":"https:\/\/teiaeducation.ch\/fr\/wp-json\/wp\/v2\/product_cat?post=31323"},{"taxonomy":"product_tag","embeddable":true,"href":"https:\/\/teiaeducation.ch\/fr\/wp-json\/wp\/v2\/product_tag?post=31323"}],"curies":[{"name":"wp","href":"https:\/\/api.w.org\/{rel}","templated":true}]}}