{"id":31324,"date":"2020-10-12T20:28:32","date_gmt":"2020-10-12T18:28:32","guid":{"rendered":"https:\/\/teiaeducation.ch\/product\/parcours-pour-eau-et-pour-billes-en-bois-erzi\/"},"modified":"2024-05-13T18:04:14","modified_gmt":"2024-05-13T16:04:14","slug":"parcours-billes-et-eau-en-bois-erzi","status":"publish","type":"product","link":"https:\/\/teiaeducation.ch\/fr\/produit\/parcours-billes-et-eau-en-bois-erzi\/","title":{"rendered":"Parcours pour eau et pour billes en bois &#8211; Erzi"},"content":{"rendered":"<p>Apprenez par le jeu avec ce fantastique parcours en bois pour eau et pour billes d\u2019Erzi!<\/p>\n<p>Combinez les pistes color\u00e9es dans diff\u00e9rentes formations et regardez les billes ou l\u2019eau couler jusqu\u2019au fond. Changez votre conception encore et encore pour cr\u00e9er le meilleur parcours. Id\u00e9al pour s\u2019amuser \u00e0 l\u2019int\u00e9rieur ou \u00e0 l\u2019ext\u00e9rieur dans le jardin ou \u00e0 la plage, ce jouet de construction inspirant et prim\u00e9 avec le sceau \u00ae Spielgut.<\/p>\n<p>Savamment con\u00e7u et tr\u00e8s durable avec une grande valeur de <a href=\"https:\/\/teiaeducation.ch\/fr\/categorie-produit\/jouer\/\">jeu<\/a>, cet ensemble contient 7 pistes en bois, 4 spatules pour planter\/d\u00e9corer dans le sable en bois, 1 bouchon en li\u00e8ge et 3 billes en bois et verre. Il y a de petits trous sur les c\u00f4t\u00e9s des pistes pour d\u00e9corer les pistes avec de petits b\u00e2tons ou des fleurs.<\/p>\n<p>Fabriqu\u00e9 en Allemagne \u00e0 partir de bois de h\u00eatre massif et fini dans de la peinture s\u00fbre, non toxique et \u00e0 base d&#8217;eau, le parcours en bois pour eau et pour billes est recommand\u00e9 pour les enfants \u00e2g\u00e9s de 3 ans et plus.<\/p>\n<p>La gamme compl\u00e8te de produits <a href=\"https:\/\/teiaeducation.ch\/fr\/categorie-produit\/marques\/erzi-fr\/\">Erzi<\/a> porte le sceau distinctif de qualit\u00e9 \u00ab made in Germany \u00bb, provenant, comme il le dit, des montagnes de minerai de l\u2019Allemagne.<\/p>\n<p>Erzi utilise du bois d\u2019origine locale certifi\u00e9 et am\u00e9lior\u00e9 par le label Forest Stewardship Council (FSC) pour la cr\u00e9ation de leurs jouets. Toutes les finitions, telles que les peintures \u00e0 base d\u2019eau et les vernis, ne sont pas toxiques et chaque produit Erzi est conforme au plus haut niveau de s\u00e9curit\u00e9 des jouets. Les produits de jeu et d\u2019apprentissage Erzi de haute qualit\u00e9 se distinguent par une grande diversit\u00e9 de formes et de couleurs naturelles et sont durables et \u00e9cologiques.<\/p>\n<p>Le parcours en bois pour eau et pour billes d\u2019Erzi a re\u00e7u le sceau \u00ae Spielgut.<\/p>\n<p>Contenu :<\/p>\n<p>7 pistes en bois<br \/>\n4 spatules en bois pour planter\/d\u00e9corer dans le sable<br \/>\n1 bouchon en li\u00e8ge<br \/>\n3 billes en bois et en verre<\/p>\n","protected":false},"excerpt":{"rendered":"<p>Num\u00e9ro d\u2019article: 43232<\/p>\n<p>Apprenez par le jeu avec ce fantastique parcours pour eau et pour billes en bois de haute qualit\u00e9 et durable d&#8217;Erzi &#8211; prim\u00e9 \u00ae Spielgut.<\/p>\n","protected":false},"featured_media":29637,"comment_status":"open","ping_status":"closed","template":"","meta":[],"product_brand":[],"product_cat":[215,216,633,23635,22344,283,17209,16897,13130,18969,23132,23020,627,13142,17211,288,620,7595,217,5851,209,212],"product_tag":[23586,23588,23585,23583,23587,23589,17245,23584,23590,17571,17569,17572,17570],"class_list":{"0":"post-31324","1":"product","2":"type-product","3":"status-publish","4":"has-post-thumbnail","6":"product_cat-3-6-ans","7":"product_cat-6-12-ans","8":"product_cat-apprendre-les-couleurs","9":"product_cat-collection-dete","10":"product_cat-collections-saisonnieres","11":"product_cat-domaines-du-curriculum","12":"product_cat-erzi-fr","13":"product_cat-guide-cadeau-6-12-ans","14":"product_cat-jouer","15":"product_cat-jouets-actifs","16":"product_cat-jouets-de-plein-air","17":"product_cat-jouets-en-bois","18":"product_cat-orientation-spatiale-fr","19":"product_cat-jeu-sensoriel","20":"product_cat-materiel-didactique","21":"product_cat-mathematiques-calcul","22":"product_cat-mesurer","23":"product_cat-methode-deducation","24":"product_cat-marques","25":"product_cat-nouveautes","26":"product_cat-sensorielles-motrices","27":"product_cat-tranche-dage","28":"product_tag-erzi-jouets-fr","29":"product_tag-erzi-jouets-suisse-fr","30":"product_tag-erzi-schweiz-fr","31":"product_tag-erzi-shop-fr","32":"product_tag-erzi-spielzeug-fr","33":"product_tag-erzi-spielzeug-schweiz-fr","34":"product_tag-erzi-suisse-fr-2","35":"product_tag-erzi-switzerland-fr","36":"product_tag-erzi-toys-fr","37":"product_tag-parcours-deau-erzi","38":"product_tag-parcours-de-billes-en-bois","39":"product_tag-parcours-de-billes-erzi","40":"product_tag-parcours-de-billes-et-deau-erzi","42":"first","43":"instock","44":"taxable","45":"shipping-taxable","46":"purchasable","47":"product-type-simple"},"yoast_head":"<!-- This site is optimized with the Yoast SEO plugin v27.1.1 - https:\/\/yoast.com\/product\/yoast-seo-wordpress\/ -->\n<title>Parcours pour eau et pour billes en bois - Erzi - Teia Education &amp; Play<\/title>\n<meta name=\"description\" content=\"Apprenez par le jeu avec ce fantastique parcours pour eau et pour billes en bois de haute qualit\u00e9 et durable d&#039;Erzi - prim\u00e9 \u00ae Spielgut.\" \/>\n<meta name=\"robots\" content=\"index, follow, max-snippet:-1, max-image-preview:large, max-video-preview:-1\" \/>\n<link rel=\"canonical\" href=\"https:\/\/teiaeducation.ch\/fr\/produit\/parcours-billes-et-eau-en-bois-erzi\/\" \/>\n<meta property=\"og:locale\" content=\"fr_FR\" \/>\n<meta property=\"og:type\" content=\"article\" \/>\n<meta property=\"og:title\" content=\"Parcours pour eau et pour billes en bois - Erzi - Teia Education &amp; Play\" \/>\n<meta property=\"og:description\" content=\"Apprenez par le jeu avec ce fantastique parcours pour eau et pour billes en bois de haute qualit\u00e9 et durable d&#039;Erzi - prim\u00e9 \u00ae Spielgut.\" \/>\n<meta property=\"og:url\" content=\"https:\/\/teiaeducation.ch\/fr\/produit\/parcours-billes-et-eau-en-bois-erzi\/\" \/>\n<meta property=\"og:site_name\" content=\"Sustainable Educational Products &amp; Ecological Toys\u00a0\" \/>\n<meta property=\"article:publisher\" content=\"https:\/\/www.facebook.com\/teiaeducation\/\" \/>\n<meta property=\"article:modified_time\" content=\"2024-05-13T16:04:14+00:00\" \/>\n<meta property=\"og:image\" content=\"https:\/\/teiaeducation.ch\/wp-content\/uploads\/2020\/09\/Wooden-water-and-marble-run-Erzi.jpg\" \/>\n\t<meta property=\"og:image:width\" content=\"900\" \/>\n\t<meta property=\"og:image:height\" content=\"900\" \/>\n\t<meta property=\"og:image:type\" content=\"image\/jpeg\" \/>\n<script type=\"application\/ld+json\" class=\"yoast-schema-graph\">{\"@context\":\"https:\/\/schema.org\",\"@graph\":[{\"@type\":\"WebPage\",\"@id\":\"https:\/\/teiaeducation.ch\/fr\/produit\/parcours-billes-et-eau-en-bois-erzi\/\",\"url\":\"https:\/\/teiaeducation.ch\/fr\/produit\/parcours-billes-et-eau-en-bois-erzi\/\",\"name\":\"Parcours pour eau et pour billes en bois - Erzi - Teia Education & Play\",\"isPartOf\":{\"@id\":\"https:\/\/teiaeducation.ch\/fr\/#website\"},\"primaryImageOfPage\":{\"@id\":\"https:\/\/teiaeducation.ch\/fr\/produit\/parcours-billes-et-eau-en-bois-erzi\/#primaryimage\"},\"image\":{\"@id\":\"https:\/\/teiaeducation.ch\/fr\/produit\/parcours-billes-et-eau-en-bois-erzi\/#primaryimage\"},\"thumbnailUrl\":\"https:\/\/teiaeducation.ch\/wp-content\/uploads\/2020\/09\/Wooden-water-and-marble-run-Erzi.jpg\",\"datePublished\":\"2020-10-12T18:28:32+00:00\",\"dateModified\":\"2024-05-13T16:04:14+00:00\",\"description\":\"Apprenez par le jeu avec ce fantastique parcours pour eau et pour billes en bois de haute qualit\u00e9 et durable d'Erzi - prim\u00e9 \u00ae Spielgut.\",\"breadcrumb\":{\"@id\":\"https:\/\/teiaeducation.ch\/fr\/produit\/parcours-billes-et-eau-en-bois-erzi\/#breadcrumb\"},\"inLanguage\":\"fr-FR\",\"potentialAction\":[{\"@type\":\"ReadAction\",\"target\":[\"https:\/\/teiaeducation.ch\/fr\/produit\/parcours-billes-et-eau-en-bois-erzi\/\"]}]},{\"@type\":\"ImageObject\",\"inLanguage\":\"fr-FR\",\"@id\":\"https:\/\/teiaeducation.ch\/fr\/produit\/parcours-billes-et-eau-en-bois-erzi\/#primaryimage\",\"url\":\"https:\/\/teiaeducation.ch\/wp-content\/uploads\/2020\/09\/Wooden-water-and-marble-run-Erzi.jpg\",\"contentUrl\":\"https:\/\/teiaeducation.ch\/wp-content\/uploads\/2020\/09\/Wooden-water-and-marble-run-Erzi.jpg\",\"width\":900,\"height\":900,\"caption\":\"Parcours pour eau et pour billes en bois - Erzi\"},{\"@type\":\"BreadcrumbList\",\"@id\":\"https:\/\/teiaeducation.ch\/fr\/produit\/parcours-billes-et-eau-en-bois-erzi\/#breadcrumb\",\"itemListElement\":[{\"@type\":\"ListItem\",\"position\":1,\"name\":\"Home\",\"item\":\"https:\/\/teiaeducation.ch\/fr\/\"},{\"@type\":\"ListItem\",\"position\":2,\"name\":\"Boutique Teia Education &amp; Play\",\"item\":\"https:\/\/teiaeducation.ch\/fr\/boutique\/\"},{\"@type\":\"ListItem\",\"position\":3,\"name\":\"Nos Marques\",\"item\":\"https:\/\/teiaeducation.ch\/fr\/categorie-produit\/marques\/\"},{\"@type\":\"ListItem\",\"position\":4,\"name\":\"Erzi\",\"item\":\"https:\/\/teiaeducation.ch\/fr\/categorie-produit\/marques\/erzi-fr\/\"},{\"@type\":\"ListItem\",\"position\":5,\"name\":\"Mat\u00e9riel Didactique\",\"item\":\"https:\/\/teiaeducation.ch\/fr\/categorie-produit\/marques\/erzi-fr\/materiel-didactique\/\"},{\"@type\":\"ListItem\",\"position\":6,\"name\":\"Parcours pour eau et pour billes en bois &#8211; Erzi\"}]},{\"@type\":\"WebSite\",\"@id\":\"https:\/\/teiaeducation.ch\/fr\/#website\",\"url\":\"https:\/\/teiaeducation.ch\/fr\/\",\"name\":\"Sustainable Educational Products &amp; Ecological Toys\u00a0\",\"description\":\"Specialised Swiss shop selling sustainable educational toys and games, AMI certified Montessori materials, handmade ecological wooden Waldorf toys and arts &amp; crafts supplies, school supplies, children&#039;s furniture and Montessori reference and parenting books.\",\"publisher\":{\"@id\":\"https:\/\/teiaeducation.ch\/fr\/#organization\"},\"alternateName\":\"Teia Education & Play\",\"potentialAction\":[{\"@type\":\"SearchAction\",\"target\":{\"@type\":\"EntryPoint\",\"urlTemplate\":\"https:\/\/teiaeducation.ch\/fr\/?s={search_term_string}\"},\"query-input\":{\"@type\":\"PropertyValueSpecification\",\"valueRequired\":true,\"valueName\":\"search_term_string\"}}],\"inLanguage\":\"fr-FR\"},{\"@type\":\"Organization\",\"@id\":\"https:\/\/teiaeducation.ch\/fr\/#organization\",\"name\":\"Teia Education & Play\",\"url\":\"https:\/\/teiaeducation.ch\/fr\/\",\"logo\":{\"@type\":\"ImageObject\",\"inLanguage\":\"fr-FR\",\"@id\":\"https:\/\/teiaeducation.ch\/fr\/#\/schema\/logo\/image\/\",\"url\":\"https:\/\/teiaeducation.ch\/wp-content\/uploads\/2020\/11\/Teia-Education-Switzerland-e1620156442216.jpg\",\"contentUrl\":\"https:\/\/teiaeducation.ch\/wp-content\/uploads\/2020\/11\/Teia-Education-Switzerland-e1620156442216.jpg\",\"width\":166,\"height\":145,\"caption\":\"Teia Education & Play\"},\"image\":{\"@id\":\"https:\/\/teiaeducation.ch\/fr\/#\/schema\/logo\/image\/\"},\"sameAs\":[\"https:\/\/www.facebook.com\/teiaeducation\/\",\"https:\/\/x.com\/EducationTeia\",\"https:\/\/www.instagram.com\/teia.education\/\",\"https:\/\/www.linkedin.com\/company\/35501660\",\"https:\/\/www.pinterest.ch\/TeiaEducation\/\"]}]}<\/script>\n<!-- \/ Yoast SEO plugin. -->","yoast_head_json":{"title":"Parcours pour eau et pour billes en bois - Erzi - Teia Education & Play","description":"Apprenez par le jeu avec ce fantastique parcours pour eau et pour billes en bois de haute qualit\u00e9 et durable d'Erzi - prim\u00e9 \u00ae Spielgut.","robots":{"index":"index","follow":"follow","max-snippet":"max-snippet:-1","max-image-preview":"max-image-preview:large","max-video-preview":"max-video-preview:-1"},"canonical":"https:\/\/teiaeducation.ch\/fr\/produit\/parcours-billes-et-eau-en-bois-erzi\/","og_locale":"fr_FR","og_type":"article","og_title":"Parcours pour eau et pour billes en bois - Erzi - Teia Education & Play","og_description":"Apprenez par le jeu avec ce fantastique parcours pour eau et pour billes en bois de haute qualit\u00e9 et durable d'Erzi - prim\u00e9 \u00ae Spielgut.","og_url":"https:\/\/teiaeducation.ch\/fr\/produit\/parcours-billes-et-eau-en-bois-erzi\/","og_site_name":"Sustainable Educational Products &amp; Ecological Toys\u00a0","article_publisher":"https:\/\/www.facebook.com\/teiaeducation\/","article_modified_time":"2024-05-13T16:04:14+00:00","og_image":[{"width":900,"height":900,"url":"https:\/\/teiaeducation.ch\/wp-content\/uploads\/2020\/09\/Wooden-water-and-marble-run-Erzi.jpg","type":"image\/jpeg"}],"schema":{"@context":"https:\/\/schema.org","@graph":[{"@type":"WebPage","@id":"https:\/\/teiaeducation.ch\/fr\/produit\/parcours-billes-et-eau-en-bois-erzi\/","url":"https:\/\/teiaeducation.ch\/fr\/produit\/parcours-billes-et-eau-en-bois-erzi\/","name":"Parcours pour eau et pour billes en bois - Erzi - Teia Education & Play","isPartOf":{"@id":"https:\/\/teiaeducation.ch\/fr\/#website"},"primaryImageOfPage":{"@id":"https:\/\/teiaeducation.ch\/fr\/produit\/parcours-billes-et-eau-en-bois-erzi\/#primaryimage"},"image":{"@id":"https:\/\/teiaeducation.ch\/fr\/produit\/parcours-billes-et-eau-en-bois-erzi\/#primaryimage"},"thumbnailUrl":"https:\/\/teiaeducation.ch\/wp-content\/uploads\/2020\/09\/Wooden-water-and-marble-run-Erzi.jpg","datePublished":"2020-10-12T18:28:32+00:00","dateModified":"2024-05-13T16:04:14+00:00","description":"Apprenez par le jeu avec ce fantastique parcours pour eau et pour billes en bois de haute qualit\u00e9 et durable d'Erzi - prim\u00e9 \u00ae Spielgut.","breadcrumb":{"@id":"https:\/\/teiaeducation.ch\/fr\/produit\/parcours-billes-et-eau-en-bois-erzi\/#breadcrumb"},"inLanguage":"fr-FR","potentialAction":[{"@type":"ReadAction","target":["https:\/\/teiaeducation.ch\/fr\/produit\/parcours-billes-et-eau-en-bois-erzi\/"]}]},{"@type":"ImageObject","inLanguage":"fr-FR","@id":"https:\/\/teiaeducation.ch\/fr\/produit\/parcours-billes-et-eau-en-bois-erzi\/#primaryimage","url":"https:\/\/teiaeducation.ch\/wp-content\/uploads\/2020\/09\/Wooden-water-and-marble-run-Erzi.jpg","contentUrl":"https:\/\/teiaeducation.ch\/wp-content\/uploads\/2020\/09\/Wooden-water-and-marble-run-Erzi.jpg","width":900,"height":900,"caption":"Parcours pour eau et pour billes en bois - Erzi"},{"@type":"BreadcrumbList","@id":"https:\/\/teiaeducation.ch\/fr\/produit\/parcours-billes-et-eau-en-bois-erzi\/#breadcrumb","itemListElement":[{"@type":"ListItem","position":1,"name":"Home","item":"https:\/\/teiaeducation.ch\/fr\/"},{"@type":"ListItem","position":2,"name":"Boutique Teia Education &amp; Play","item":"https:\/\/teiaeducation.ch\/fr\/boutique\/"},{"@type":"ListItem","position":3,"name":"Nos Marques","item":"https:\/\/teiaeducation.ch\/fr\/categorie-produit\/marques\/"},{"@type":"ListItem","position":4,"name":"Erzi","item":"https:\/\/teiaeducation.ch\/fr\/categorie-produit\/marques\/erzi-fr\/"},{"@type":"ListItem","position":5,"name":"Mat\u00e9riel Didactique","item":"https:\/\/teiaeducation.ch\/fr\/categorie-produit\/marques\/erzi-fr\/materiel-didactique\/"},{"@type":"ListItem","position":6,"name":"Parcours pour eau et pour billes en bois &#8211; Erzi"}]},{"@type":"WebSite","@id":"https:\/\/teiaeducation.ch\/fr\/#website","url":"https:\/\/teiaeducation.ch\/fr\/","name":"Sustainable Educational Products &amp; Ecological Toys\u00a0","description":"Specialised Swiss shop selling sustainable educational toys and games, AMI certified Montessori materials, handmade ecological wooden Waldorf toys and arts &amp; crafts supplies, school supplies, children&#039;s furniture and Montessori reference and parenting books.","publisher":{"@id":"https:\/\/teiaeducation.ch\/fr\/#organization"},"alternateName":"Teia Education & Play","potentialAction":[{"@type":"SearchAction","target":{"@type":"EntryPoint","urlTemplate":"https:\/\/teiaeducation.ch\/fr\/?s={search_term_string}"},"query-input":{"@type":"PropertyValueSpecification","valueRequired":true,"valueName":"search_term_string"}}],"inLanguage":"fr-FR"},{"@type":"Organization","@id":"https:\/\/teiaeducation.ch\/fr\/#organization","name":"Teia Education & Play","url":"https:\/\/teiaeducation.ch\/fr\/","logo":{"@type":"ImageObject","inLanguage":"fr-FR","@id":"https:\/\/teiaeducation.ch\/fr\/#\/schema\/logo\/image\/","url":"https:\/\/teiaeducation.ch\/wp-content\/uploads\/2020\/11\/Teia-Education-Switzerland-e1620156442216.jpg","contentUrl":"https:\/\/teiaeducation.ch\/wp-content\/uploads\/2020\/11\/Teia-Education-Switzerland-e1620156442216.jpg","width":166,"height":145,"caption":"Teia Education & Play"},"image":{"@id":"https:\/\/teiaeducation.ch\/fr\/#\/schema\/logo\/image\/"},"sameAs":["https:\/\/www.facebook.com\/teiaeducation\/","https:\/\/x.com\/EducationTeia","https:\/\/www.instagram.com\/teia.education\/","https:\/\/www.linkedin.com\/company\/35501660","https:\/\/www.pinterest.ch\/TeiaEducation\/"]}]}},"_links":{"self":[{"href":"https:\/\/teiaeducation.ch\/fr\/wp-json\/wp\/v2\/product\/31324","targetHints":{"allow":["GET"]}}],"collection":[{"href":"https:\/\/teiaeducation.ch\/fr\/wp-json\/wp\/v2\/product"}],"about":[{"href":"https:\/\/teiaeducation.ch\/fr\/wp-json\/wp\/v2\/types\/product"}],"replies":[{"embeddable":true,"href":"https:\/\/teiaeducation.ch\/fr\/wp-json\/wp\/v2\/comments?post=31324"}],"wp:featuredmedia":[{"embeddable":true,"href":"https:\/\/teiaeducation.ch\/fr\/wp-json\/wp\/v2\/media\/29637"}],"wp:attachment":[{"href":"https:\/\/teiaeducation.ch\/fr\/wp-json\/wp\/v2\/media?parent=31324"}],"wp:term":[{"taxonomy":"product_brand","embeddable":true,"href":"https:\/\/teiaeducation.ch\/fr\/wp-json\/wp\/v2\/product_brand?post=31324"},{"taxonomy":"product_cat","embeddable":true,"href":"https:\/\/teiaeducation.ch\/fr\/wp-json\/wp\/v2\/product_cat?post=31324"},{"taxonomy":"product_tag","embeddable":true,"href":"https:\/\/teiaeducation.ch\/fr\/wp-json\/wp\/v2\/product_tag?post=31324"}],"curies":[{"name":"wp","href":"https:\/\/api.w.org\/{rel}","templated":true}]}}