{"id":31325,"date":"2020-10-12T20:18:24","date_gmt":"2020-10-12T18:18:24","guid":{"rendered":"https:\/\/teiaeducation.ch\/product\/ensemble-de-soins-pour-poupee-en-bois-erzi\/"},"modified":"2021-05-11T14:38:50","modified_gmt":"2021-05-11T12:38:50","slug":"soins-pour-poupee-en-bois-erzi","status":"publish","type":"product","link":"https:\/\/teiaeducation.ch\/fr\/produit\/soins-pour-poupee-en-bois-erzi\/","title":{"rendered":"Ensemble de soins pour poup\u00e9e en bois &#8211; Erzi"},"content":{"rendered":"<p>Ensemble de soins pour poup\u00e9e en bois &#8211; Erzi<\/p>\n<p>Ce bel ensemble de soins pour poup\u00e9e Erzi en bois est livr\u00e9 avec tout ce dont votre enfant a besoin pour prendre soin de leur b\u00e9b\u00e9 poup\u00e9e. L&#8217;ensemble comprend 1 distributeur de savon, 1 shampooing, 1 pot de cr\u00e8me, 1 pot de cr\u00e8me solaire, 1 tube de cr\u00e8me pour couches et 1 barre de savon pour poup\u00e9e b\u00e9b\u00e9. Trois des couvercles sont amovibles.<\/p>\n<p>Fabriqu\u00e9 en Allemagne \u00e0 partir de bois de h\u00eatre et fini dans de la peinture s\u00fbre, non toxique et \u00e0 base d&#8217;eau ce magnifique jeu Erzi pour <a href=\"https:\/\/teiaeducation.ch\/fr\/categorie-produit\/jouer\/jeu-imaginatif-faire-semblant\/\">faire semblant<\/a> de prendre soin des poup\u00e9es est adapt\u00e9 pour les enfants \u00e2g\u00e9s de 3 ans et plus.<\/p>\n<p>La gamme compl\u00e8te de produits Erzi porte le sceau distinctif de qualit\u00e9 \u00ab made in Germany \u00bb, provenant, comme ils le font, des monts M\u00e9tallif\u00e8res d&#8217;Allemagne.<\/p>\n<p>Erzi utilise du bois d\u2019origine locale certifi\u00e9 et am\u00e9lior\u00e9 par le label Forest Stewardship Council (FSC) pour la cr\u00e9ation de leurs jouets. Toutes les finitions, telles que les peintures \u00e0 base d\u2019eau et les vernis, ne sont pas toxiques et chaque produit Erzi est conforme au plus haut niveau de s\u00e9curit\u00e9 des jouets. Les produits de jeu et d\u2019apprentissage Erzi de haute qualit\u00e9 se distinguent par une grande diversit\u00e9 de formes et de couleurs naturelles et sont durables et \u00e9cologiques.<\/p>\n<p>Contenu:<\/p>\n<p>9 pi\u00e8ces en bois &#8211; 1 distributeur de savon, 1 shampooing, 1 pot de cr\u00e8me, 1 pot de cr\u00e8me solaire, 1 tube de cr\u00e8me pour couches, 1 barre de savon<\/p>\n","protected":false},"excerpt":{"rendered":"<p>Num\u00e9ro d\u2019article: 21505<\/p>\n<p>L\u2019ensemble de soins pour poup\u00e9e en bois d&#8217;Erzi a tout ce dont votre enfant a besoin pour faire semblant de prendre soin de leur b\u00e9b\u00e9 poup\u00e9e !<\/p>\n","protected":false},"featured_media":29175,"comment_status":"open","ping_status":"closed","template":"","meta":[],"product_brand":[],"product_cat":[215,216,635,283,17209,17241,21257,13130,23020,291,13139,217,5851,13143,24313,209,212],"product_tag":[17579,23602,17581,17582,17580,17578,23586,23588,23585,23587,23589,17245,23584,23590,23605,23608,23606,17583,17584,23610,23607,23603,23609],"class_list":{"0":"post-31325","1":"product","2":"type-product","3":"status-publish","4":"has-post-thumbnail","6":"product_cat-3-6-ans","7":"product_cat-6-12-ans","8":"product_cat-competences-motrices","9":"product_cat-domaines-du-curriculum","10":"product_cat-erzi-fr","11":"product_cat-guide-cadeaux-3-6-ans","12":"product_cat-guides-cadeaux","13":"product_cat-jouer","14":"product_cat-jouets-en-bois","15":"product_cat-la-vie-pratique","16":"product_cat-jeu-imaginatif-faire-semblant","17":"product_cat-marques","18":"product_cat-nouveautes","19":"product_cat-poupees-en-tissu","20":"product_cat-saint-valentin","21":"product_cat-sensorielles-motrices","22":"product_cat-tranche-dage","23":"product_tag-assortiment-de-soins-pour-poupee-erzi","24":"product_tag-educational-toys-fr","25":"product_tag-ensemble-de-soins-pour-poupee","26":"product_tag-ensemble-de-soins-pour-poupee-en-bois","27":"product_tag-ensemble-de-soins-pour-poupee-en-bois-erzi","28":"product_tag-ensemble-de-soins-pour-poupee-erzi","29":"product_tag-erzi-jouets-fr","30":"product_tag-erzi-jouets-suisse-fr","31":"product_tag-erzi-schweiz-fr","32":"product_tag-erzi-spielzeug-fr","33":"product_tag-erzi-spielzeug-schweiz-fr","34":"product_tag-erzi-suisse-fr-2","35":"product_tag-erzi-switzerland-fr","36":"product_tag-erzi-toys-fr","37":"product_tag-erzi-wooden-toys-fr","38":"product_tag-german-toys-fr","39":"product_tag-german-wooden-toys-fr","40":"product_tag-jouets-pour-faire-semblant-avec-des-poupees","41":"product_tag-jouets-pour-jouer-avec-des-poupees","42":"product_tag-pretend-play-toys-fr","43":"product_tag-toys-made-in-germany-fr","44":"product_tag-wooden-toys-fr","45":"product_tag-wooden-toys-made-in-germany-fr","47":"first","48":"instock","49":"taxable","50":"shipping-taxable","51":"purchasable","52":"product-type-simple"},"yoast_head":"<!-- This site is optimized with the Yoast SEO plugin v27.1.1 - https:\/\/yoast.com\/product\/yoast-seo-wordpress\/ -->\n<title>Ensemble de soins pour poup\u00e9e en bois - Erzi - Teia Education &amp; Play<\/title>\n<meta name=\"description\" content=\"L\u2019ensemble de soins pour poup\u00e9e en bois d&#039;Erzi a tout ce dont votre enfant a besoin pour faire semblant de prendre soin de leur b\u00e9b\u00e9 poup\u00e9e.\" \/>\n<meta name=\"robots\" content=\"index, follow, max-snippet:-1, max-image-preview:large, max-video-preview:-1\" \/>\n<link rel=\"canonical\" href=\"https:\/\/teiaeducation.ch\/fr\/produit\/soins-pour-poupee-en-bois-erzi\/\" \/>\n<meta property=\"og:locale\" content=\"fr_FR\" \/>\n<meta property=\"og:type\" content=\"article\" \/>\n<meta property=\"og:title\" content=\"Ensemble de soins pour poup\u00e9e en bois - Erzi - Teia Education &amp; Play\" \/>\n<meta property=\"og:description\" content=\"L\u2019ensemble de soins pour poup\u00e9e en bois d&#039;Erzi a tout ce dont votre enfant a besoin pour faire semblant de prendre soin de leur b\u00e9b\u00e9 poup\u00e9e.\" \/>\n<meta property=\"og:url\" content=\"https:\/\/teiaeducation.ch\/fr\/produit\/soins-pour-poupee-en-bois-erzi\/\" \/>\n<meta property=\"og:site_name\" content=\"Sustainable Educational Products &amp; Ecological Toys\u00a0\" \/>\n<meta property=\"article:publisher\" content=\"https:\/\/www.facebook.com\/teiaeducation\/\" \/>\n<meta property=\"article:modified_time\" content=\"2021-05-11T12:38:50+00:00\" \/>\n<meta property=\"og:image\" content=\"https:\/\/teiaeducation.ch\/wp-content\/uploads\/2020\/09\/Wooden-doll-care-assortment-Erzi-scaled.jpg\" \/>\n\t<meta property=\"og:image:width\" content=\"900\" \/>\n\t<meta property=\"og:image:height\" content=\"900\" \/>\n\t<meta property=\"og:image:type\" content=\"image\/jpeg\" \/>\n<script type=\"application\/ld+json\" class=\"yoast-schema-graph\">{\"@context\":\"https:\/\/schema.org\",\"@graph\":[{\"@type\":\"WebPage\",\"@id\":\"https:\/\/teiaeducation.ch\/fr\/produit\/soins-pour-poupee-en-bois-erzi\/\",\"url\":\"https:\/\/teiaeducation.ch\/fr\/produit\/soins-pour-poupee-en-bois-erzi\/\",\"name\":\"Ensemble de soins pour poup\u00e9e en bois - Erzi - Teia Education & Play\",\"isPartOf\":{\"@id\":\"https:\/\/teiaeducation.ch\/fr\/#website\"},\"primaryImageOfPage\":{\"@id\":\"https:\/\/teiaeducation.ch\/fr\/produit\/soins-pour-poupee-en-bois-erzi\/#primaryimage\"},\"image\":{\"@id\":\"https:\/\/teiaeducation.ch\/fr\/produit\/soins-pour-poupee-en-bois-erzi\/#primaryimage\"},\"thumbnailUrl\":\"https:\/\/teiaeducation.ch\/wp-content\/uploads\/2020\/09\/Wooden-doll-care-assortment-Erzi-scaled.jpg\",\"datePublished\":\"2020-10-12T18:18:24+00:00\",\"dateModified\":\"2021-05-11T12:38:50+00:00\",\"description\":\"L\u2019ensemble de soins pour poup\u00e9e en bois d'Erzi a tout ce dont votre enfant a besoin pour faire semblant de prendre soin de leur b\u00e9b\u00e9 poup\u00e9e.\",\"breadcrumb\":{\"@id\":\"https:\/\/teiaeducation.ch\/fr\/produit\/soins-pour-poupee-en-bois-erzi\/#breadcrumb\"},\"inLanguage\":\"fr-FR\",\"potentialAction\":[{\"@type\":\"ReadAction\",\"target\":[\"https:\/\/teiaeducation.ch\/fr\/produit\/soins-pour-poupee-en-bois-erzi\/\"]}]},{\"@type\":\"ImageObject\",\"inLanguage\":\"fr-FR\",\"@id\":\"https:\/\/teiaeducation.ch\/fr\/produit\/soins-pour-poupee-en-bois-erzi\/#primaryimage\",\"url\":\"https:\/\/teiaeducation.ch\/wp-content\/uploads\/2020\/09\/Wooden-doll-care-assortment-Erzi-scaled.jpg\",\"contentUrl\":\"https:\/\/teiaeducation.ch\/wp-content\/uploads\/2020\/09\/Wooden-doll-care-assortment-Erzi-scaled.jpg\",\"width\":900,\"height\":900,\"caption\":\"Assortiment de soins pour poup\u00e9e en bois - Erzi\"},{\"@type\":\"BreadcrumbList\",\"@id\":\"https:\/\/teiaeducation.ch\/fr\/produit\/soins-pour-poupee-en-bois-erzi\/#breadcrumb\",\"itemListElement\":[{\"@type\":\"ListItem\",\"position\":1,\"name\":\"Home\",\"item\":\"https:\/\/teiaeducation.ch\/fr\/\"},{\"@type\":\"ListItem\",\"position\":2,\"name\":\"Boutique Teia Education &amp; Play\",\"item\":\"https:\/\/teiaeducation.ch\/fr\/boutique\/\"},{\"@type\":\"ListItem\",\"position\":3,\"name\":\"Nos Marques\",\"item\":\"https:\/\/teiaeducation.ch\/fr\/categorie-produit\/marques\/\"},{\"@type\":\"ListItem\",\"position\":4,\"name\":\"Erzi\",\"item\":\"https:\/\/teiaeducation.ch\/fr\/categorie-produit\/marques\/erzi-fr\/\"},{\"@type\":\"ListItem\",\"position\":5,\"name\":\"Ensemble de soins pour poup\u00e9e en bois &#8211; Erzi\"}]},{\"@type\":\"WebSite\",\"@id\":\"https:\/\/teiaeducation.ch\/fr\/#website\",\"url\":\"https:\/\/teiaeducation.ch\/fr\/\",\"name\":\"Sustainable Educational Products &amp; Ecological Toys\u00a0\",\"description\":\"Specialised Swiss shop selling sustainable educational toys and games, AMI certified Montessori materials, handmade ecological wooden Waldorf toys and arts &amp; crafts supplies, school supplies, children&#039;s furniture and Montessori reference and parenting books.\",\"publisher\":{\"@id\":\"https:\/\/teiaeducation.ch\/fr\/#organization\"},\"alternateName\":\"Teia Education & Play\",\"potentialAction\":[{\"@type\":\"SearchAction\",\"target\":{\"@type\":\"EntryPoint\",\"urlTemplate\":\"https:\/\/teiaeducation.ch\/fr\/?s={search_term_string}\"},\"query-input\":{\"@type\":\"PropertyValueSpecification\",\"valueRequired\":true,\"valueName\":\"search_term_string\"}}],\"inLanguage\":\"fr-FR\"},{\"@type\":\"Organization\",\"@id\":\"https:\/\/teiaeducation.ch\/fr\/#organization\",\"name\":\"Teia Education & Play\",\"url\":\"https:\/\/teiaeducation.ch\/fr\/\",\"logo\":{\"@type\":\"ImageObject\",\"inLanguage\":\"fr-FR\",\"@id\":\"https:\/\/teiaeducation.ch\/fr\/#\/schema\/logo\/image\/\",\"url\":\"https:\/\/teiaeducation.ch\/wp-content\/uploads\/2020\/11\/Teia-Education-Switzerland-e1620156442216.jpg\",\"contentUrl\":\"https:\/\/teiaeducation.ch\/wp-content\/uploads\/2020\/11\/Teia-Education-Switzerland-e1620156442216.jpg\",\"width\":166,\"height\":145,\"caption\":\"Teia Education & Play\"},\"image\":{\"@id\":\"https:\/\/teiaeducation.ch\/fr\/#\/schema\/logo\/image\/\"},\"sameAs\":[\"https:\/\/www.facebook.com\/teiaeducation\/\",\"https:\/\/x.com\/EducationTeia\",\"https:\/\/www.instagram.com\/teia.education\/\",\"https:\/\/www.linkedin.com\/company\/35501660\",\"https:\/\/www.pinterest.ch\/TeiaEducation\/\"]}]}<\/script>\n<!-- \/ Yoast SEO plugin. -->","yoast_head_json":{"title":"Ensemble de soins pour poup\u00e9e en bois - Erzi - Teia Education & Play","description":"L\u2019ensemble de soins pour poup\u00e9e en bois d'Erzi a tout ce dont votre enfant a besoin pour faire semblant de prendre soin de leur b\u00e9b\u00e9 poup\u00e9e.","robots":{"index":"index","follow":"follow","max-snippet":"max-snippet:-1","max-image-preview":"max-image-preview:large","max-video-preview":"max-video-preview:-1"},"canonical":"https:\/\/teiaeducation.ch\/fr\/produit\/soins-pour-poupee-en-bois-erzi\/","og_locale":"fr_FR","og_type":"article","og_title":"Ensemble de soins pour poup\u00e9e en bois - Erzi - Teia Education & Play","og_description":"L\u2019ensemble de soins pour poup\u00e9e en bois d'Erzi a tout ce dont votre enfant a besoin pour faire semblant de prendre soin de leur b\u00e9b\u00e9 poup\u00e9e.","og_url":"https:\/\/teiaeducation.ch\/fr\/produit\/soins-pour-poupee-en-bois-erzi\/","og_site_name":"Sustainable Educational Products &amp; Ecological Toys\u00a0","article_publisher":"https:\/\/www.facebook.com\/teiaeducation\/","article_modified_time":"2021-05-11T12:38:50+00:00","og_image":[{"width":900,"height":900,"url":"https:\/\/teiaeducation.ch\/wp-content\/uploads\/2020\/09\/Wooden-doll-care-assortment-Erzi-scaled.jpg","type":"image\/jpeg"}],"schema":{"@context":"https:\/\/schema.org","@graph":[{"@type":"WebPage","@id":"https:\/\/teiaeducation.ch\/fr\/produit\/soins-pour-poupee-en-bois-erzi\/","url":"https:\/\/teiaeducation.ch\/fr\/produit\/soins-pour-poupee-en-bois-erzi\/","name":"Ensemble de soins pour poup\u00e9e en bois - Erzi - Teia Education & Play","isPartOf":{"@id":"https:\/\/teiaeducation.ch\/fr\/#website"},"primaryImageOfPage":{"@id":"https:\/\/teiaeducation.ch\/fr\/produit\/soins-pour-poupee-en-bois-erzi\/#primaryimage"},"image":{"@id":"https:\/\/teiaeducation.ch\/fr\/produit\/soins-pour-poupee-en-bois-erzi\/#primaryimage"},"thumbnailUrl":"https:\/\/teiaeducation.ch\/wp-content\/uploads\/2020\/09\/Wooden-doll-care-assortment-Erzi-scaled.jpg","datePublished":"2020-10-12T18:18:24+00:00","dateModified":"2021-05-11T12:38:50+00:00","description":"L\u2019ensemble de soins pour poup\u00e9e en bois d'Erzi a tout ce dont votre enfant a besoin pour faire semblant de prendre soin de leur b\u00e9b\u00e9 poup\u00e9e.","breadcrumb":{"@id":"https:\/\/teiaeducation.ch\/fr\/produit\/soins-pour-poupee-en-bois-erzi\/#breadcrumb"},"inLanguage":"fr-FR","potentialAction":[{"@type":"ReadAction","target":["https:\/\/teiaeducation.ch\/fr\/produit\/soins-pour-poupee-en-bois-erzi\/"]}]},{"@type":"ImageObject","inLanguage":"fr-FR","@id":"https:\/\/teiaeducation.ch\/fr\/produit\/soins-pour-poupee-en-bois-erzi\/#primaryimage","url":"https:\/\/teiaeducation.ch\/wp-content\/uploads\/2020\/09\/Wooden-doll-care-assortment-Erzi-scaled.jpg","contentUrl":"https:\/\/teiaeducation.ch\/wp-content\/uploads\/2020\/09\/Wooden-doll-care-assortment-Erzi-scaled.jpg","width":900,"height":900,"caption":"Assortiment de soins pour poup\u00e9e en bois - Erzi"},{"@type":"BreadcrumbList","@id":"https:\/\/teiaeducation.ch\/fr\/produit\/soins-pour-poupee-en-bois-erzi\/#breadcrumb","itemListElement":[{"@type":"ListItem","position":1,"name":"Home","item":"https:\/\/teiaeducation.ch\/fr\/"},{"@type":"ListItem","position":2,"name":"Boutique Teia Education &amp; Play","item":"https:\/\/teiaeducation.ch\/fr\/boutique\/"},{"@type":"ListItem","position":3,"name":"Nos Marques","item":"https:\/\/teiaeducation.ch\/fr\/categorie-produit\/marques\/"},{"@type":"ListItem","position":4,"name":"Erzi","item":"https:\/\/teiaeducation.ch\/fr\/categorie-produit\/marques\/erzi-fr\/"},{"@type":"ListItem","position":5,"name":"Ensemble de soins pour poup\u00e9e en bois &#8211; Erzi"}]},{"@type":"WebSite","@id":"https:\/\/teiaeducation.ch\/fr\/#website","url":"https:\/\/teiaeducation.ch\/fr\/","name":"Sustainable Educational Products &amp; Ecological Toys\u00a0","description":"Specialised Swiss shop selling sustainable educational toys and games, AMI certified Montessori materials, handmade ecological wooden Waldorf toys and arts &amp; crafts supplies, school supplies, children&#039;s furniture and Montessori reference and parenting books.","publisher":{"@id":"https:\/\/teiaeducation.ch\/fr\/#organization"},"alternateName":"Teia Education & Play","potentialAction":[{"@type":"SearchAction","target":{"@type":"EntryPoint","urlTemplate":"https:\/\/teiaeducation.ch\/fr\/?s={search_term_string}"},"query-input":{"@type":"PropertyValueSpecification","valueRequired":true,"valueName":"search_term_string"}}],"inLanguage":"fr-FR"},{"@type":"Organization","@id":"https:\/\/teiaeducation.ch\/fr\/#organization","name":"Teia Education & Play","url":"https:\/\/teiaeducation.ch\/fr\/","logo":{"@type":"ImageObject","inLanguage":"fr-FR","@id":"https:\/\/teiaeducation.ch\/fr\/#\/schema\/logo\/image\/","url":"https:\/\/teiaeducation.ch\/wp-content\/uploads\/2020\/11\/Teia-Education-Switzerland-e1620156442216.jpg","contentUrl":"https:\/\/teiaeducation.ch\/wp-content\/uploads\/2020\/11\/Teia-Education-Switzerland-e1620156442216.jpg","width":166,"height":145,"caption":"Teia Education & Play"},"image":{"@id":"https:\/\/teiaeducation.ch\/fr\/#\/schema\/logo\/image\/"},"sameAs":["https:\/\/www.facebook.com\/teiaeducation\/","https:\/\/x.com\/EducationTeia","https:\/\/www.instagram.com\/teia.education\/","https:\/\/www.linkedin.com\/company\/35501660","https:\/\/www.pinterest.ch\/TeiaEducation\/"]}]}},"_links":{"self":[{"href":"https:\/\/teiaeducation.ch\/fr\/wp-json\/wp\/v2\/product\/31325","targetHints":{"allow":["GET"]}}],"collection":[{"href":"https:\/\/teiaeducation.ch\/fr\/wp-json\/wp\/v2\/product"}],"about":[{"href":"https:\/\/teiaeducation.ch\/fr\/wp-json\/wp\/v2\/types\/product"}],"replies":[{"embeddable":true,"href":"https:\/\/teiaeducation.ch\/fr\/wp-json\/wp\/v2\/comments?post=31325"}],"wp:featuredmedia":[{"embeddable":true,"href":"https:\/\/teiaeducation.ch\/fr\/wp-json\/wp\/v2\/media\/29175"}],"wp:attachment":[{"href":"https:\/\/teiaeducation.ch\/fr\/wp-json\/wp\/v2\/media?parent=31325"}],"wp:term":[{"taxonomy":"product_brand","embeddable":true,"href":"https:\/\/teiaeducation.ch\/fr\/wp-json\/wp\/v2\/product_brand?post=31325"},{"taxonomy":"product_cat","embeddable":true,"href":"https:\/\/teiaeducation.ch\/fr\/wp-json\/wp\/v2\/product_cat?post=31325"},{"taxonomy":"product_tag","embeddable":true,"href":"https:\/\/teiaeducation.ch\/fr\/wp-json\/wp\/v2\/product_tag?post=31325"}],"curies":[{"name":"wp","href":"https:\/\/api.w.org\/{rel}","templated":true}]}}