{"id":31330,"date":"2020-10-12T19:14:53","date_gmt":"2020-10-12T17:14:53","guid":{"rendered":"https:\/\/teiaeducation.ch\/product\/assortiment-de-repas-du-soir-en-bois-erzi\/"},"modified":"2021-05-11T15:54:28","modified_gmt":"2021-05-11T13:54:28","slug":"repas-du-soir-en-bois-erzi","status":"publish","type":"product","link":"https:\/\/teiaeducation.ch\/fr\/produit\/repas-du-soir-en-bois-erzi\/","title":{"rendered":"Assortiment de repas du soir en bois &#8211; Erzi"},"content":{"rendered":"<p>Assortiment de repas du soir en bois \/ Aliments pour faire semblant\u00a0r\u00e9aliste en bois &#8211; Erzi<\/p>\n<p>Ce bel assortiment Erzi\u00a0d\u2019articles en bois de d\u00eener ou de souper comporte aliments\u00a0en bois r\u00e9aliste de la plus haute qualit\u00e9 pour jouer a <a href=\"https:\/\/teiaeducation.ch\/fr\/categorie-produit\/jouer\/jeu-imaginatif-faire-semblant\/\">faire semblent<\/a> comprenant 1 carotte, 1 tomate, 2 tranches de pain, des tranches de saucisse en forme d\u2019ours dans une bo\u00eete, 1 tranche de fromage suisse, 1 tartinade et des sachets de th\u00e9 dans une bo\u00eete. L\u2019assortiment de repas du soir Erzi\u00a0est parfait pour que les enfants puissent jouer cuisine, caf\u00e9 ou boutique !<\/p>\n<p>Fabriqu\u00e9 en Allemagne \u00e0 partir de bois de h\u00eatre et fini dans de la peinture s\u00fbre, non toxique, \u00e0 base d\u2019eau, l\u2019assortiment de repas du soir en bois Erzi convient aux enfants \u00e2g\u00e9s de 3 ans et plus.<\/p>\n<p>La gamme compl\u00e8te de produits Erzi porte le sceau distinctif de qualit\u00e9 \u00ab made in Germany \u00bb, provenant, comme ils le font, des monts M\u00e9tallif\u00e8res d&#8217;Allemagne.<\/p>\n<p>Erzi utilise du bois d\u2019origine locale certifi\u00e9 et am\u00e9lior\u00e9 par le label Forest Stewardship Council (FSC) pour la cr\u00e9ation de leurs jouets. Toutes les finitions, telles que les peintures \u00e0 base d\u2019eau et les vernis, ne sont pas toxiques et chaque produit Erzi est conforme au plus haut niveau de s\u00e9curit\u00e9 des jouets. Les produits de jeu et d\u2019apprentissage Erzi de haute qualit\u00e9 se distinguent par une grande diversit\u00e9 de formes et de couleurs naturelles et sont durables et \u00e9cologiques.<\/p>\n<p>Contenu:<\/p>\n<p>8 pi\u00e8ces en bois &#8211; 1 carotte, 1 tomate, 2 tranches de pain, des tranches de saucisse en forme d\u2019ours dans une bo\u00eete, 1 tranche de fromage suisse, 1 tartinade, des sachets de th\u00e9 dans une bo\u00eete<\/p>\n","protected":false},"excerpt":{"rendered":"<p>Num\u00e9ro d\u2019article: 28154<\/p>\n<p>L&#8217;assortiment Erzi\u00a0de repas du soir de d\u00eener ou de souper comporte aliments\u00a0en bois r\u00e9aliste de la plus haute qualit\u00e9 pour jouer a faire semblent !<\/p>\n","protected":false},"featured_media":29240,"comment_status":"open","ping_status":"closed","template":"","meta":[],"product_brand":[],"product_cat":[215,216,17210,17209,13130,23020,13139,217,17235,5851,212],"product_tag":[17598,17600,17597,23602,23586,23588,23614,23585,23583,23587,23589,17245,23584,23590,23617,23605,23608,23606,20596,23610,17599,23607,23615,23613,23612,23611,23604,23603,23609],"class_list":{"0":"post-31330","1":"product","2":"type-product","3":"status-publish","4":"has-post-thumbnail","6":"product_cat-3-6-ans","7":"product_cat-6-12-ans","8":"product_cat-epiceries-cuisines-accessoires","9":"product_cat-erzi-fr","10":"product_cat-jouer","11":"product_cat-jouets-en-bois","12":"product_cat-jeu-imaginatif-faire-semblant","13":"product_cat-marques","14":"product_cat-nourriture-de-jeu-realiste-en-bois","15":"product_cat-nouveautes","16":"product_cat-tranche-dage","17":"product_tag-assortiment-de-snadwich-erzi","18":"product_tag-assortiment-de-souper-erzi-fr","19":"product_tag-assortiment-de-souper-erzi","20":"product_tag-educational-toys-fr","21":"product_tag-erzi-jouets-fr","22":"product_tag-erzi-jouets-suisse-fr","23":"product_tag-erzi-play-food-fr","24":"product_tag-erzi-schweiz-fr","25":"product_tag-erzi-shop-fr","26":"product_tag-erzi-spielzeug-fr","27":"product_tag-erzi-spielzeug-schweiz-fr","28":"product_tag-erzi-suisse-fr-2","29":"product_tag-erzi-switzerland-fr","30":"product_tag-erzi-toys-fr","31":"product_tag-erzi-wooden-play-food-fr","32":"product_tag-erzi-wooden-toys-fr","33":"product_tag-german-toys-fr","34":"product_tag-german-wooden-toys-fr","35":"product_tag-nourriture-realiste-en-bois","36":"product_tag-pretend-play-toys-fr","37":"product_tag-repas-du-soir-erzi","38":"product_tag-toys-made-in-germany-fr","39":"product_tag-wooden-food-fr","40":"product_tag-wooden-play-cafe-fr","41":"product_tag-wooden-play-food-fr","42":"product_tag-wooden-play-kitchen-fr","43":"product_tag-wooden-play-shop-fr","44":"product_tag-wooden-toys-fr","45":"product_tag-wooden-toys-made-in-germany-fr","47":"first","48":"instock","49":"taxable","50":"shipping-taxable","51":"purchasable","52":"product-type-simple"},"yoast_head":"<!-- This site is optimized with the Yoast SEO plugin v27.1.1 - https:\/\/yoast.com\/product\/yoast-seo-wordpress\/ -->\n<title>Assortiment de repas du soir en bois - Erzi - Teia Education &amp; Play<\/title>\n<meta name=\"description\" content=\"L&#039;assortiment Erzi\u00a0de repas du soir de d\u00eener ou de souper comporte aliments\u00a0en bois r\u00e9aliste de la plus haute qualit\u00e9 pour jouer a faire semblent.\" \/>\n<meta name=\"robots\" content=\"index, follow, max-snippet:-1, max-image-preview:large, max-video-preview:-1\" \/>\n<link rel=\"canonical\" href=\"https:\/\/teiaeducation.ch\/fr\/produit\/repas-du-soir-en-bois-erzi\/\" \/>\n<meta property=\"og:locale\" content=\"fr_FR\" \/>\n<meta property=\"og:type\" content=\"article\" \/>\n<meta property=\"og:title\" content=\"Assortiment de repas du soir en bois - Erzi - Teia Education &amp; Play\" \/>\n<meta property=\"og:description\" content=\"L&#039;assortiment Erzi\u00a0de repas du soir de d\u00eener ou de souper comporte aliments\u00a0en bois r\u00e9aliste de la plus haute qualit\u00e9 pour jouer a faire semblent.\" \/>\n<meta property=\"og:url\" content=\"https:\/\/teiaeducation.ch\/fr\/produit\/repas-du-soir-en-bois-erzi\/\" \/>\n<meta property=\"og:site_name\" content=\"Sustainable Educational Products &amp; Ecological Toys\u00a0\" \/>\n<meta property=\"article:publisher\" content=\"https:\/\/www.facebook.com\/teiaeducation\/\" \/>\n<meta property=\"article:modified_time\" content=\"2021-05-11T13:54:28+00:00\" \/>\n<meta property=\"og:image\" content=\"https:\/\/teiaeducation.ch\/wp-content\/uploads\/2020\/09\/Wooden-evening-meal-assortment-Erzi.jpg\" \/>\n\t<meta property=\"og:image:width\" content=\"900\" \/>\n\t<meta property=\"og:image:height\" content=\"900\" \/>\n\t<meta property=\"og:image:type\" content=\"image\/jpeg\" \/>\n<script type=\"application\/ld+json\" class=\"yoast-schema-graph\">{\"@context\":\"https:\/\/schema.org\",\"@graph\":[{\"@type\":\"WebPage\",\"@id\":\"https:\/\/teiaeducation.ch\/fr\/produit\/repas-du-soir-en-bois-erzi\/\",\"url\":\"https:\/\/teiaeducation.ch\/fr\/produit\/repas-du-soir-en-bois-erzi\/\",\"name\":\"Assortiment de repas du soir en bois - Erzi - Teia Education & Play\",\"isPartOf\":{\"@id\":\"https:\/\/teiaeducation.ch\/fr\/#website\"},\"primaryImageOfPage\":{\"@id\":\"https:\/\/teiaeducation.ch\/fr\/produit\/repas-du-soir-en-bois-erzi\/#primaryimage\"},\"image\":{\"@id\":\"https:\/\/teiaeducation.ch\/fr\/produit\/repas-du-soir-en-bois-erzi\/#primaryimage\"},\"thumbnailUrl\":\"https:\/\/teiaeducation.ch\/wp-content\/uploads\/2020\/09\/Wooden-evening-meal-assortment-Erzi.jpg\",\"datePublished\":\"2020-10-12T17:14:53+00:00\",\"dateModified\":\"2021-05-11T13:54:28+00:00\",\"description\":\"L'assortiment Erzi\u00a0de repas du soir de d\u00eener ou de souper comporte aliments\u00a0en bois r\u00e9aliste de la plus haute qualit\u00e9 pour jouer a faire semblent.\",\"breadcrumb\":{\"@id\":\"https:\/\/teiaeducation.ch\/fr\/produit\/repas-du-soir-en-bois-erzi\/#breadcrumb\"},\"inLanguage\":\"fr-FR\",\"potentialAction\":[{\"@type\":\"ReadAction\",\"target\":[\"https:\/\/teiaeducation.ch\/fr\/produit\/repas-du-soir-en-bois-erzi\/\"]}]},{\"@type\":\"ImageObject\",\"inLanguage\":\"fr-FR\",\"@id\":\"https:\/\/teiaeducation.ch\/fr\/produit\/repas-du-soir-en-bois-erzi\/#primaryimage\",\"url\":\"https:\/\/teiaeducation.ch\/wp-content\/uploads\/2020\/09\/Wooden-evening-meal-assortment-Erzi.jpg\",\"contentUrl\":\"https:\/\/teiaeducation.ch\/wp-content\/uploads\/2020\/09\/Wooden-evening-meal-assortment-Erzi.jpg\",\"width\":900,\"height\":900,\"caption\":\"Aliments pour faire semblant assortiment r\u00e9aliste de repas du soir en bois - Erzi\"},{\"@type\":\"BreadcrumbList\",\"@id\":\"https:\/\/teiaeducation.ch\/fr\/produit\/repas-du-soir-en-bois-erzi\/#breadcrumb\",\"itemListElement\":[{\"@type\":\"ListItem\",\"position\":1,\"name\":\"Home\",\"item\":\"https:\/\/teiaeducation.ch\/fr\/\"},{\"@type\":\"ListItem\",\"position\":2,\"name\":\"Boutique Teia Education &amp; Play\",\"item\":\"https:\/\/teiaeducation.ch\/fr\/boutique\/\"},{\"@type\":\"ListItem\",\"position\":3,\"name\":\"Nos Marques\",\"item\":\"https:\/\/teiaeducation.ch\/fr\/categorie-produit\/marques\/\"},{\"@type\":\"ListItem\",\"position\":4,\"name\":\"Erzi\",\"item\":\"https:\/\/teiaeducation.ch\/fr\/categorie-produit\/marques\/erzi-fr\/\"},{\"@type\":\"ListItem\",\"position\":5,\"name\":\"\u00c9piceries, Cuisines &amp; Accessoires\",\"item\":\"https:\/\/teiaeducation.ch\/fr\/categorie-produit\/marques\/erzi-fr\/epiceries-cuisines-accessoires\/\"},{\"@type\":\"ListItem\",\"position\":6,\"name\":\"Assortiment de repas du soir en bois &#8211; Erzi\"}]},{\"@type\":\"WebSite\",\"@id\":\"https:\/\/teiaeducation.ch\/fr\/#website\",\"url\":\"https:\/\/teiaeducation.ch\/fr\/\",\"name\":\"Sustainable Educational Products &amp; Ecological Toys\u00a0\",\"description\":\"Specialised Swiss shop selling sustainable educational toys and games, AMI certified Montessori materials, handmade ecological wooden Waldorf toys and arts &amp; crafts supplies, school supplies, children&#039;s furniture and Montessori reference and parenting books.\",\"publisher\":{\"@id\":\"https:\/\/teiaeducation.ch\/fr\/#organization\"},\"alternateName\":\"Teia Education & Play\",\"potentialAction\":[{\"@type\":\"SearchAction\",\"target\":{\"@type\":\"EntryPoint\",\"urlTemplate\":\"https:\/\/teiaeducation.ch\/fr\/?s={search_term_string}\"},\"query-input\":{\"@type\":\"PropertyValueSpecification\",\"valueRequired\":true,\"valueName\":\"search_term_string\"}}],\"inLanguage\":\"fr-FR\"},{\"@type\":\"Organization\",\"@id\":\"https:\/\/teiaeducation.ch\/fr\/#organization\",\"name\":\"Teia Education & Play\",\"url\":\"https:\/\/teiaeducation.ch\/fr\/\",\"logo\":{\"@type\":\"ImageObject\",\"inLanguage\":\"fr-FR\",\"@id\":\"https:\/\/teiaeducation.ch\/fr\/#\/schema\/logo\/image\/\",\"url\":\"https:\/\/teiaeducation.ch\/wp-content\/uploads\/2020\/11\/Teia-Education-Switzerland-e1620156442216.jpg\",\"contentUrl\":\"https:\/\/teiaeducation.ch\/wp-content\/uploads\/2020\/11\/Teia-Education-Switzerland-e1620156442216.jpg\",\"width\":166,\"height\":145,\"caption\":\"Teia Education & Play\"},\"image\":{\"@id\":\"https:\/\/teiaeducation.ch\/fr\/#\/schema\/logo\/image\/\"},\"sameAs\":[\"https:\/\/www.facebook.com\/teiaeducation\/\",\"https:\/\/x.com\/EducationTeia\",\"https:\/\/www.instagram.com\/teia.education\/\",\"https:\/\/www.linkedin.com\/company\/35501660\",\"https:\/\/www.pinterest.ch\/TeiaEducation\/\"]}]}<\/script>\n<!-- \/ Yoast SEO plugin. -->","yoast_head_json":{"title":"Assortiment de repas du soir en bois - Erzi - Teia Education & Play","description":"L'assortiment Erzi\u00a0de repas du soir de d\u00eener ou de souper comporte aliments\u00a0en bois r\u00e9aliste de la plus haute qualit\u00e9 pour jouer a faire semblent.","robots":{"index":"index","follow":"follow","max-snippet":"max-snippet:-1","max-image-preview":"max-image-preview:large","max-video-preview":"max-video-preview:-1"},"canonical":"https:\/\/teiaeducation.ch\/fr\/produit\/repas-du-soir-en-bois-erzi\/","og_locale":"fr_FR","og_type":"article","og_title":"Assortiment de repas du soir en bois - Erzi - Teia Education & Play","og_description":"L'assortiment Erzi\u00a0de repas du soir de d\u00eener ou de souper comporte aliments\u00a0en bois r\u00e9aliste de la plus haute qualit\u00e9 pour jouer a faire semblent.","og_url":"https:\/\/teiaeducation.ch\/fr\/produit\/repas-du-soir-en-bois-erzi\/","og_site_name":"Sustainable Educational Products &amp; Ecological Toys\u00a0","article_publisher":"https:\/\/www.facebook.com\/teiaeducation\/","article_modified_time":"2021-05-11T13:54:28+00:00","og_image":[{"width":900,"height":900,"url":"https:\/\/teiaeducation.ch\/wp-content\/uploads\/2020\/09\/Wooden-evening-meal-assortment-Erzi.jpg","type":"image\/jpeg"}],"schema":{"@context":"https:\/\/schema.org","@graph":[{"@type":"WebPage","@id":"https:\/\/teiaeducation.ch\/fr\/produit\/repas-du-soir-en-bois-erzi\/","url":"https:\/\/teiaeducation.ch\/fr\/produit\/repas-du-soir-en-bois-erzi\/","name":"Assortiment de repas du soir en bois - Erzi - Teia Education & Play","isPartOf":{"@id":"https:\/\/teiaeducation.ch\/fr\/#website"},"primaryImageOfPage":{"@id":"https:\/\/teiaeducation.ch\/fr\/produit\/repas-du-soir-en-bois-erzi\/#primaryimage"},"image":{"@id":"https:\/\/teiaeducation.ch\/fr\/produit\/repas-du-soir-en-bois-erzi\/#primaryimage"},"thumbnailUrl":"https:\/\/teiaeducation.ch\/wp-content\/uploads\/2020\/09\/Wooden-evening-meal-assortment-Erzi.jpg","datePublished":"2020-10-12T17:14:53+00:00","dateModified":"2021-05-11T13:54:28+00:00","description":"L'assortiment Erzi\u00a0de repas du soir de d\u00eener ou de souper comporte aliments\u00a0en bois r\u00e9aliste de la plus haute qualit\u00e9 pour jouer a faire semblent.","breadcrumb":{"@id":"https:\/\/teiaeducation.ch\/fr\/produit\/repas-du-soir-en-bois-erzi\/#breadcrumb"},"inLanguage":"fr-FR","potentialAction":[{"@type":"ReadAction","target":["https:\/\/teiaeducation.ch\/fr\/produit\/repas-du-soir-en-bois-erzi\/"]}]},{"@type":"ImageObject","inLanguage":"fr-FR","@id":"https:\/\/teiaeducation.ch\/fr\/produit\/repas-du-soir-en-bois-erzi\/#primaryimage","url":"https:\/\/teiaeducation.ch\/wp-content\/uploads\/2020\/09\/Wooden-evening-meal-assortment-Erzi.jpg","contentUrl":"https:\/\/teiaeducation.ch\/wp-content\/uploads\/2020\/09\/Wooden-evening-meal-assortment-Erzi.jpg","width":900,"height":900,"caption":"Aliments pour faire semblant assortiment r\u00e9aliste de repas du soir en bois - Erzi"},{"@type":"BreadcrumbList","@id":"https:\/\/teiaeducation.ch\/fr\/produit\/repas-du-soir-en-bois-erzi\/#breadcrumb","itemListElement":[{"@type":"ListItem","position":1,"name":"Home","item":"https:\/\/teiaeducation.ch\/fr\/"},{"@type":"ListItem","position":2,"name":"Boutique Teia Education &amp; Play","item":"https:\/\/teiaeducation.ch\/fr\/boutique\/"},{"@type":"ListItem","position":3,"name":"Nos Marques","item":"https:\/\/teiaeducation.ch\/fr\/categorie-produit\/marques\/"},{"@type":"ListItem","position":4,"name":"Erzi","item":"https:\/\/teiaeducation.ch\/fr\/categorie-produit\/marques\/erzi-fr\/"},{"@type":"ListItem","position":5,"name":"\u00c9piceries, Cuisines &amp; Accessoires","item":"https:\/\/teiaeducation.ch\/fr\/categorie-produit\/marques\/erzi-fr\/epiceries-cuisines-accessoires\/"},{"@type":"ListItem","position":6,"name":"Assortiment de repas du soir en bois &#8211; Erzi"}]},{"@type":"WebSite","@id":"https:\/\/teiaeducation.ch\/fr\/#website","url":"https:\/\/teiaeducation.ch\/fr\/","name":"Sustainable Educational Products &amp; Ecological Toys\u00a0","description":"Specialised Swiss shop selling sustainable educational toys and games, AMI certified Montessori materials, handmade ecological wooden Waldorf toys and arts &amp; crafts supplies, school supplies, children&#039;s furniture and Montessori reference and parenting books.","publisher":{"@id":"https:\/\/teiaeducation.ch\/fr\/#organization"},"alternateName":"Teia Education & Play","potentialAction":[{"@type":"SearchAction","target":{"@type":"EntryPoint","urlTemplate":"https:\/\/teiaeducation.ch\/fr\/?s={search_term_string}"},"query-input":{"@type":"PropertyValueSpecification","valueRequired":true,"valueName":"search_term_string"}}],"inLanguage":"fr-FR"},{"@type":"Organization","@id":"https:\/\/teiaeducation.ch\/fr\/#organization","name":"Teia Education & Play","url":"https:\/\/teiaeducation.ch\/fr\/","logo":{"@type":"ImageObject","inLanguage":"fr-FR","@id":"https:\/\/teiaeducation.ch\/fr\/#\/schema\/logo\/image\/","url":"https:\/\/teiaeducation.ch\/wp-content\/uploads\/2020\/11\/Teia-Education-Switzerland-e1620156442216.jpg","contentUrl":"https:\/\/teiaeducation.ch\/wp-content\/uploads\/2020\/11\/Teia-Education-Switzerland-e1620156442216.jpg","width":166,"height":145,"caption":"Teia Education & Play"},"image":{"@id":"https:\/\/teiaeducation.ch\/fr\/#\/schema\/logo\/image\/"},"sameAs":["https:\/\/www.facebook.com\/teiaeducation\/","https:\/\/x.com\/EducationTeia","https:\/\/www.instagram.com\/teia.education\/","https:\/\/www.linkedin.com\/company\/35501660","https:\/\/www.pinterest.ch\/TeiaEducation\/"]}]}},"_links":{"self":[{"href":"https:\/\/teiaeducation.ch\/fr\/wp-json\/wp\/v2\/product\/31330","targetHints":{"allow":["GET"]}}],"collection":[{"href":"https:\/\/teiaeducation.ch\/fr\/wp-json\/wp\/v2\/product"}],"about":[{"href":"https:\/\/teiaeducation.ch\/fr\/wp-json\/wp\/v2\/types\/product"}],"replies":[{"embeddable":true,"href":"https:\/\/teiaeducation.ch\/fr\/wp-json\/wp\/v2\/comments?post=31330"}],"wp:featuredmedia":[{"embeddable":true,"href":"https:\/\/teiaeducation.ch\/fr\/wp-json\/wp\/v2\/media\/29240"}],"wp:attachment":[{"href":"https:\/\/teiaeducation.ch\/fr\/wp-json\/wp\/v2\/media?parent=31330"}],"wp:term":[{"taxonomy":"product_brand","embeddable":true,"href":"https:\/\/teiaeducation.ch\/fr\/wp-json\/wp\/v2\/product_brand?post=31330"},{"taxonomy":"product_cat","embeddable":true,"href":"https:\/\/teiaeducation.ch\/fr\/wp-json\/wp\/v2\/product_cat?post=31330"},{"taxonomy":"product_tag","embeddable":true,"href":"https:\/\/teiaeducation.ch\/fr\/wp-json\/wp\/v2\/product_tag?post=31330"}],"curies":[{"name":"wp","href":"https:\/\/api.w.org\/{rel}","templated":true}]}}