{"id":31575,"date":"2020-10-28T21:38:24","date_gmt":"2020-10-28T20:38:24","guid":{"rendered":"https:\/\/teiaeducation.ch\/?post_type=product&#038;p=31575"},"modified":"2025-11-24T21:40:00","modified_gmt":"2025-11-24T20:40:00","slug":"bols-et-billes-grapat-2","status":"publish","type":"product","link":"https:\/\/teiaeducation.ch\/fr\/produit\/bols-et-billes-grapat-2\/","title":{"rendered":"Bols et glands &#8211; Grapat"},"content":{"rendered":"<p>Kit bols et glands &#8211; Grapat \/ Jouets en bois durables faits \u00e0 la main<\/p>\n<p>Cet astucieux kit de jouets &#8220;bols et glands&#8221; de Grapat comprend 6 bols en bois durable faits \u00e0 la main dans les couleurs de l&#8217;arc-en-ciel et 36 glands en bois massif dans les couleurs correspondantes. Offrant une vari\u00e9t\u00e9 infinie de jeux ouverts et \u00e9ducatifs, les bols et glands tactiles et aux couleurs vives sont un jouet polyvalent qui satisfait l&#8217;exploration sensorielle de votre enfant !<\/p>\n<p>Le jeu avec le kit d\u00e9veloppe la pens\u00e9e logique et math\u00e9matique en classant, regroupant et associant les pi\u00e8ces par couleur ou forme. Les bols peuvent \u00e9galement \u00eatre utilis\u00e9s pour l&#8217;exploration de la permanence de l&#8217;objet, ils peuvent \u00eatre remplis de tr\u00e9sors favoris, d&#8217;\u00e9l\u00e9ments de <a href=\"https:\/\/teiaeducation.ch\/de\/produkt-kategorie\/unsere-marken\/grapat-de\/grapat-mandalas-lose-teile\/\">mandala<\/a> en vrac ou servir de r\u00e9cipients pour le tri des couleurs. La motricit\u00e9 fine est d\u00e9velopp\u00e9e en utilisant les pinces en bois pour transf\u00e9rer les glands ou d&#8217;autres petits objets dans et hors des bols.<\/p>\n<p>Les bols et les glands sont enti\u00e8rement faits de bois \u00e0 la main et finis \u00e0 la main avec des teintures naturelles \u00e0 base d&#8217;eau. Laiss\u00e9 naturel et agr\u00e9able au toucher, le jeu de pinces en bois a \u00e9t\u00e9 fini avec de la cire d&#8217;abeille naturelle.<\/p>\n<p>Inspir\u00e9e par la p\u00e9dagogie Waldorf, la marque espagnole Grapat est r\u00e9put\u00e9e pour ses beaux jouets en bois qui sont sans limites et favorisent le jeu libre et autonome. La philosophie de Grapat est bas\u00e9e sur la fourniture de jouets qui encouragent, invitent et stimulent la cr\u00e9ation, permettant aux enfants d&#8217;inventer leurs propres jeux et mondes imaginaires.<\/p>\n<p>Tous les jouets en bois Grapat sont faits \u00e0 la main dans diff\u00e9rents ateliers de Catalogne, en Espagne, selon des proc\u00e9d\u00e9s traditionnels, avec du bois provenant de for\u00eats durables et peints \u00e0 la main avec des teintures \u00e0 base d&#8217;eau. Les jouets sont s\u00fbrs pour les petits enfants car ils sont non toxiques et conformes aux r\u00e8gles de s\u00e9curit\u00e9 europ\u00e9ennes de la directive EN \/ 71-3 : 2014 + A1 : 2014 \/ 2013 concernant la s\u00e9curit\u00e9 des jouets. Une grande partie de la collection de jouets Grapat ont \u00e9t\u00e9 r\u00e9compens\u00e9s par le prestigieux sceau Spielgut\u00ae.<\/p>\n<p>Le kit bols et glands Grapat convient aux enfants \u00e2g\u00e9s de 36 mois et plus.<\/p>\n<p>Contenu :<\/p>\n<p>6 bols en bois<br \/>\n36 glands en bois<br \/>\n1 jeu de pinces en bois<\/p>\n","protected":false},"excerpt":{"rendered":"<p>Num\u00e9ro d&#8217;article: 15-107<\/p>\n<p>Cet adorable kit de bols et de glands Grapat aux couleurs de l&#8217;arc-en-ciel est polyvalent et ne manquera pas de devenir un des favoris du coffre \u00e0 jouets !<\/p>\n","protected":false},"featured_media":31579,"comment_status":"open","ping_status":"closed","template":"","meta":[],"product_brand":[],"product_cat":[215,633,16898,22344,635,283,1208,1209,17241,13130,626,23020,23021,13140,7595,217,5851,209,212,1219],"product_tag":[22141,1225,6714,23582,1226],"class_list":{"0":"post-31575","1":"product","2":"type-product","3":"status-publish","4":"has-post-thumbnail","6":"product_cat-3-6-ans","7":"product_cat-apprendre-les-couleurs","8":"product_cat-collection-automne","9":"product_cat-collections-saisonnieres","10":"product_cat-competences-motrices","11":"product_cat-domaines-du-curriculum","12":"product_cat-grapat-fr","13":"product_cat-kits-complets","14":"product_cat-guide-cadeaux-3-6-ans","15":"product_cat-jouer","16":"product_cat-jouets-a-trier","17":"product_cat-jouets-en-bois","18":"product_cat-jouets-waldorf","19":"product_cat-jeu-libre","20":"product_cat-methode-deducation","21":"product_cat-marques","22":"product_cat-nouveautes","23":"product_cat-sensorielles-motrices","24":"product_cat-tranche-dage","25":"product_cat-waldorf-fr","26":"product_tag-bols-et-billes-grapat","27":"product_tag-grapat-grapat","28":"product_tag-jouets-en-bois-faits-a-la-main","29":"product_tag-open-ended-play-fr","30":"product_tag-waldorf-fr","32":"first","33":"outofstock","34":"taxable","35":"shipping-taxable","36":"purchasable","37":"product-type-simple"},"yoast_head":"<!-- This site is optimized with the Yoast SEO Premium plugin v25.8 (Yoast SEO v27.4) - https:\/\/yoast.com\/product\/yoast-seo-premium-wordpress\/ -->\n<title>Bols et glands - Grapat - Teia Education &amp; Play<\/title>\n<meta name=\"description\" content=\"Le kit de bols et glands en bois durable fait main Grapat comprend 6 bols en bois et 36 glands jouets aux couleurs de l&#039;arc-en-ciel.\" \/>\n<meta name=\"robots\" content=\"index, follow, max-snippet:-1, max-image-preview:large, max-video-preview:-1\" \/>\n<link rel=\"canonical\" href=\"https:\/\/teiaeducation.ch\/fr\/produit\/bols-et-billes-grapat-2\/\" \/>\n<meta property=\"og:locale\" content=\"fr_FR\" \/>\n<meta property=\"og:type\" content=\"article\" \/>\n<meta property=\"og:title\" content=\"Bols et glands - Grapat\" \/>\n<meta property=\"og:description\" content=\"Le kit de bols et glands en bois durable fait main Grapat comprend 6 bols en bois et 36 glands jouets aux couleurs de l&#039;arc-en-ciel.\" \/>\n<meta property=\"og:url\" content=\"https:\/\/teiaeducation.ch\/fr\/produit\/bols-et-billes-grapat-2\/\" \/>\n<meta property=\"og:site_name\" content=\"Sustainable Educational Products &amp; Ecological Toys\u00a0\" \/>\n<meta property=\"article:publisher\" content=\"https:\/\/www.facebook.com\/teiaeducation\/\" \/>\n<meta property=\"article:modified_time\" content=\"2025-11-24T20:40:00+00:00\" \/>\n<meta property=\"og:image\" content=\"https:\/\/teiaeducation.ch\/wp-content\/uploads\/2020\/10\/Bowls-and-acorns-kit-Handmade-sustainable-wooden-toy-Grapat.jpg\" \/>\n\t<meta property=\"og:image:width\" content=\"1800\" \/>\n\t<meta property=\"og:image:height\" content=\"1200\" \/>\n\t<meta property=\"og:image:type\" content=\"image\/jpeg\" \/>\n<script type=\"application\/ld+json\" class=\"yoast-schema-graph\">{\"@context\":\"https:\\\/\\\/schema.org\",\"@graph\":[{\"@type\":\"WebPage\",\"@id\":\"https:\\\/\\\/teiaeducation.ch\\\/fr\\\/produit\\\/bols-et-billes-grapat-2\\\/\",\"url\":\"https:\\\/\\\/teiaeducation.ch\\\/fr\\\/produit\\\/bols-et-billes-grapat-2\\\/\",\"name\":\"Bols et glands - Grapat - Teia Education & Play\",\"isPartOf\":{\"@id\":\"https:\\\/\\\/teiaeducation.ch\\\/fr\\\/#website\"},\"primaryImageOfPage\":{\"@id\":\"https:\\\/\\\/teiaeducation.ch\\\/fr\\\/produit\\\/bols-et-billes-grapat-2\\\/#primaryimage\"},\"image\":{\"@id\":\"https:\\\/\\\/teiaeducation.ch\\\/fr\\\/produit\\\/bols-et-billes-grapat-2\\\/#primaryimage\"},\"thumbnailUrl\":\"https:\\\/\\\/teiaeducation.ch\\\/wp-content\\\/uploads\\\/2020\\\/10\\\/Bowls-and-acorns-kit-Handmade-sustainable-wooden-toy-Grapat.jpg\",\"datePublished\":\"2020-10-28T20:38:24+00:00\",\"dateModified\":\"2025-11-24T20:40:00+00:00\",\"description\":\"Le kit de bols et glands en bois durable fait main Grapat comprend 6 bols en bois et 36 glands jouets aux couleurs de l'arc-en-ciel.\",\"breadcrumb\":{\"@id\":\"https:\\\/\\\/teiaeducation.ch\\\/fr\\\/produit\\\/bols-et-billes-grapat-2\\\/#breadcrumb\"},\"inLanguage\":\"fr-FR\",\"potentialAction\":[{\"@type\":\"ReadAction\",\"target\":[\"https:\\\/\\\/teiaeducation.ch\\\/fr\\\/produit\\\/bols-et-billes-grapat-2\\\/\"]}]},{\"@type\":\"ImageObject\",\"inLanguage\":\"fr-FR\",\"@id\":\"https:\\\/\\\/teiaeducation.ch\\\/fr\\\/produit\\\/bols-et-billes-grapat-2\\\/#primaryimage\",\"url\":\"https:\\\/\\\/teiaeducation.ch\\\/wp-content\\\/uploads\\\/2020\\\/10\\\/Bowls-and-acorns-kit-Handmade-sustainable-wooden-toy-Grapat.jpg\",\"contentUrl\":\"https:\\\/\\\/teiaeducation.ch\\\/wp-content\\\/uploads\\\/2020\\\/10\\\/Bowls-and-acorns-kit-Handmade-sustainable-wooden-toy-Grapat.jpg\",\"width\":1800,\"height\":1200,\"caption\":\"Kit bols et glands Grapat Jouets en bois durables faits \u00e0 la main\"},{\"@type\":\"BreadcrumbList\",\"@id\":\"https:\\\/\\\/teiaeducation.ch\\\/fr\\\/produit\\\/bols-et-billes-grapat-2\\\/#breadcrumb\",\"itemListElement\":[{\"@type\":\"ListItem\",\"position\":1,\"name\":\"Home\",\"item\":\"https:\\\/\\\/teiaeducation.ch\\\/fr\\\/\"},{\"@type\":\"ListItem\",\"position\":2,\"name\":\"Boutique Teia Education &amp; Play\",\"item\":\"https:\\\/\\\/teiaeducation.ch\\\/fr\\\/boutique\\\/\"},{\"@type\":\"ListItem\",\"position\":3,\"name\":\"Domaines du Curriculum\",\"item\":\"https:\\\/\\\/teiaeducation.ch\\\/fr\\\/categorie-produit\\\/domaines-du-curriculum\\\/\"},{\"@type\":\"ListItem\",\"position\":4,\"name\":\"Sensorielles &amp; Motrices\",\"item\":\"https:\\\/\\\/teiaeducation.ch\\\/fr\\\/categorie-produit\\\/domaines-du-curriculum\\\/sensorielles-motrices\\\/\"},{\"@type\":\"ListItem\",\"position\":5,\"name\":\"Apprendre les Couleurs\",\"item\":\"https:\\\/\\\/teiaeducation.ch\\\/fr\\\/categorie-produit\\\/domaines-du-curriculum\\\/sensorielles-motrices\\\/apprendre-les-couleurs\\\/\"},{\"@type\":\"ListItem\",\"position\":6,\"name\":\"Bols et glands &#8211; Grapat\"}]},{\"@type\":\"WebSite\",\"@id\":\"https:\\\/\\\/teiaeducation.ch\\\/fr\\\/#website\",\"url\":\"https:\\\/\\\/teiaeducation.ch\\\/fr\\\/\",\"name\":\"Sustainable Educational Products &amp; Ecological Toys\u00a0\",\"description\":\"Specialised Swiss shop selling sustainable educational toys and games, AMI certified Montessori materials, handmade ecological wooden Waldorf toys and arts &amp; crafts supplies, school supplies, children&#039;s furniture and Montessori reference and parenting books.\",\"publisher\":{\"@id\":\"https:\\\/\\\/teiaeducation.ch\\\/fr\\\/#organization\"},\"alternateName\":\"Teia Education & Play\",\"potentialAction\":[{\"@type\":\"SearchAction\",\"target\":{\"@type\":\"EntryPoint\",\"urlTemplate\":\"https:\\\/\\\/teiaeducation.ch\\\/fr\\\/?s={search_term_string}\"},\"query-input\":{\"@type\":\"PropertyValueSpecification\",\"valueRequired\":true,\"valueName\":\"search_term_string\"}}],\"inLanguage\":\"fr-FR\"},{\"@type\":\"Organization\",\"@id\":\"https:\\\/\\\/teiaeducation.ch\\\/fr\\\/#organization\",\"name\":\"Teia Education & Play\",\"url\":\"https:\\\/\\\/teiaeducation.ch\\\/fr\\\/\",\"logo\":{\"@type\":\"ImageObject\",\"inLanguage\":\"fr-FR\",\"@id\":\"https:\\\/\\\/teiaeducation.ch\\\/fr\\\/#\\\/schema\\\/logo\\\/image\\\/\",\"url\":\"https:\\\/\\\/teiaeducation.ch\\\/wp-content\\\/uploads\\\/2020\\\/11\\\/Teia-Education-Switzerland-e1620156442216.jpg\",\"contentUrl\":\"https:\\\/\\\/teiaeducation.ch\\\/wp-content\\\/uploads\\\/2020\\\/11\\\/Teia-Education-Switzerland-e1620156442216.jpg\",\"width\":166,\"height\":145,\"caption\":\"Teia Education & Play\"},\"image\":{\"@id\":\"https:\\\/\\\/teiaeducation.ch\\\/fr\\\/#\\\/schema\\\/logo\\\/image\\\/\"},\"sameAs\":[\"https:\\\/\\\/www.facebook.com\\\/teiaeducation\\\/\",\"https:\\\/\\\/x.com\\\/EducationTeia\",\"https:\\\/\\\/www.instagram.com\\\/teia.education\\\/\",\"https:\\\/\\\/www.linkedin.com\\\/company\\\/35501660\",\"https:\\\/\\\/www.pinterest.ch\\\/TeiaEducation\\\/\"]}]}<\/script>\n<meta property=\"product:price:amount\" content=\"51.10\" \/>\n<meta property=\"product:price:currency\" content=\"CHF\" \/>\n<meta property=\"og:availability\" content=\"out of stock\" \/>\n<meta property=\"product:availability\" content=\"out of stock\" \/>\n<meta property=\"product:retailer_item_id\" content=\"00000000000000000000000000000000000000000000004900\" \/>\n<meta property=\"product:condition\" content=\"new\" \/>\n<!-- \/ Yoast SEO Premium plugin. -->","yoast_head_json":{"title":"Bols et glands - Grapat - Teia Education & Play","description":"Le kit de bols et glands en bois durable fait main Grapat comprend 6 bols en bois et 36 glands jouets aux couleurs de l'arc-en-ciel.","robots":{"index":"index","follow":"follow","max-snippet":"max-snippet:-1","max-image-preview":"max-image-preview:large","max-video-preview":"max-video-preview:-1"},"canonical":"https:\/\/teiaeducation.ch\/fr\/produit\/bols-et-billes-grapat-2\/","og_locale":"fr_FR","og_type":"article","og_title":"Bols et glands - Grapat","og_description":"Le kit de bols et glands en bois durable fait main Grapat comprend 6 bols en bois et 36 glands jouets aux couleurs de l'arc-en-ciel.","og_url":"https:\/\/teiaeducation.ch\/fr\/produit\/bols-et-billes-grapat-2\/","og_site_name":"Sustainable Educational Products &amp; Ecological Toys\u00a0","article_publisher":"https:\/\/www.facebook.com\/teiaeducation\/","article_modified_time":"2025-11-24T20:40:00+00:00","og_image":[{"width":1800,"height":1200,"url":"https:\/\/teiaeducation.ch\/wp-content\/uploads\/2020\/10\/Bowls-and-acorns-kit-Handmade-sustainable-wooden-toy-Grapat.jpg","type":"image\/jpeg"}],"schema":{"@context":"https:\/\/schema.org","@graph":[{"@type":"WebPage","@id":"https:\/\/teiaeducation.ch\/fr\/produit\/bols-et-billes-grapat-2\/","url":"https:\/\/teiaeducation.ch\/fr\/produit\/bols-et-billes-grapat-2\/","name":"Bols et glands - Grapat - Teia Education & Play","isPartOf":{"@id":"https:\/\/teiaeducation.ch\/fr\/#website"},"primaryImageOfPage":{"@id":"https:\/\/teiaeducation.ch\/fr\/produit\/bols-et-billes-grapat-2\/#primaryimage"},"image":{"@id":"https:\/\/teiaeducation.ch\/fr\/produit\/bols-et-billes-grapat-2\/#primaryimage"},"thumbnailUrl":"https:\/\/teiaeducation.ch\/wp-content\/uploads\/2020\/10\/Bowls-and-acorns-kit-Handmade-sustainable-wooden-toy-Grapat.jpg","datePublished":"2020-10-28T20:38:24+00:00","dateModified":"2025-11-24T20:40:00+00:00","description":"Le kit de bols et glands en bois durable fait main Grapat comprend 6 bols en bois et 36 glands jouets aux couleurs de l'arc-en-ciel.","breadcrumb":{"@id":"https:\/\/teiaeducation.ch\/fr\/produit\/bols-et-billes-grapat-2\/#breadcrumb"},"inLanguage":"fr-FR","potentialAction":[{"@type":"ReadAction","target":["https:\/\/teiaeducation.ch\/fr\/produit\/bols-et-billes-grapat-2\/"]}]},{"@type":"ImageObject","inLanguage":"fr-FR","@id":"https:\/\/teiaeducation.ch\/fr\/produit\/bols-et-billes-grapat-2\/#primaryimage","url":"https:\/\/teiaeducation.ch\/wp-content\/uploads\/2020\/10\/Bowls-and-acorns-kit-Handmade-sustainable-wooden-toy-Grapat.jpg","contentUrl":"https:\/\/teiaeducation.ch\/wp-content\/uploads\/2020\/10\/Bowls-and-acorns-kit-Handmade-sustainable-wooden-toy-Grapat.jpg","width":1800,"height":1200,"caption":"Kit bols et glands Grapat Jouets en bois durables faits \u00e0 la main"},{"@type":"BreadcrumbList","@id":"https:\/\/teiaeducation.ch\/fr\/produit\/bols-et-billes-grapat-2\/#breadcrumb","itemListElement":[{"@type":"ListItem","position":1,"name":"Home","item":"https:\/\/teiaeducation.ch\/fr\/"},{"@type":"ListItem","position":2,"name":"Boutique Teia Education &amp; Play","item":"https:\/\/teiaeducation.ch\/fr\/boutique\/"},{"@type":"ListItem","position":3,"name":"Domaines du Curriculum","item":"https:\/\/teiaeducation.ch\/fr\/categorie-produit\/domaines-du-curriculum\/"},{"@type":"ListItem","position":4,"name":"Sensorielles &amp; Motrices","item":"https:\/\/teiaeducation.ch\/fr\/categorie-produit\/domaines-du-curriculum\/sensorielles-motrices\/"},{"@type":"ListItem","position":5,"name":"Apprendre les Couleurs","item":"https:\/\/teiaeducation.ch\/fr\/categorie-produit\/domaines-du-curriculum\/sensorielles-motrices\/apprendre-les-couleurs\/"},{"@type":"ListItem","position":6,"name":"Bols et glands &#8211; Grapat"}]},{"@type":"WebSite","@id":"https:\/\/teiaeducation.ch\/fr\/#website","url":"https:\/\/teiaeducation.ch\/fr\/","name":"Sustainable Educational Products &amp; Ecological Toys\u00a0","description":"Specialised Swiss shop selling sustainable educational toys and games, AMI certified Montessori materials, handmade ecological wooden Waldorf toys and arts &amp; crafts supplies, school supplies, children&#039;s furniture and Montessori reference and parenting books.","publisher":{"@id":"https:\/\/teiaeducation.ch\/fr\/#organization"},"alternateName":"Teia Education & Play","potentialAction":[{"@type":"SearchAction","target":{"@type":"EntryPoint","urlTemplate":"https:\/\/teiaeducation.ch\/fr\/?s={search_term_string}"},"query-input":{"@type":"PropertyValueSpecification","valueRequired":true,"valueName":"search_term_string"}}],"inLanguage":"fr-FR"},{"@type":"Organization","@id":"https:\/\/teiaeducation.ch\/fr\/#organization","name":"Teia Education & Play","url":"https:\/\/teiaeducation.ch\/fr\/","logo":{"@type":"ImageObject","inLanguage":"fr-FR","@id":"https:\/\/teiaeducation.ch\/fr\/#\/schema\/logo\/image\/","url":"https:\/\/teiaeducation.ch\/wp-content\/uploads\/2020\/11\/Teia-Education-Switzerland-e1620156442216.jpg","contentUrl":"https:\/\/teiaeducation.ch\/wp-content\/uploads\/2020\/11\/Teia-Education-Switzerland-e1620156442216.jpg","width":166,"height":145,"caption":"Teia Education & Play"},"image":{"@id":"https:\/\/teiaeducation.ch\/fr\/#\/schema\/logo\/image\/"},"sameAs":["https:\/\/www.facebook.com\/teiaeducation\/","https:\/\/x.com\/EducationTeia","https:\/\/www.instagram.com\/teia.education\/","https:\/\/www.linkedin.com\/company\/35501660","https:\/\/www.pinterest.ch\/TeiaEducation\/"]}]},"product_price_amount":"51.10","product_price_currency":"CHF","og_availability":"out of stock","product_availability":"out of stock","product_retailer_item_id":"00000000000000000000000000000000000000000000004900","product_condition":"new"},"_links":{"self":[{"href":"https:\/\/teiaeducation.ch\/fr\/wp-json\/wp\/v2\/product\/31575","targetHints":{"allow":["GET"]}}],"collection":[{"href":"https:\/\/teiaeducation.ch\/fr\/wp-json\/wp\/v2\/product"}],"about":[{"href":"https:\/\/teiaeducation.ch\/fr\/wp-json\/wp\/v2\/types\/product"}],"replies":[{"embeddable":true,"href":"https:\/\/teiaeducation.ch\/fr\/wp-json\/wp\/v2\/comments?post=31575"}],"wp:featuredmedia":[{"embeddable":true,"href":"https:\/\/teiaeducation.ch\/fr\/wp-json\/wp\/v2\/media\/31579"}],"wp:attachment":[{"href":"https:\/\/teiaeducation.ch\/fr\/wp-json\/wp\/v2\/media?parent=31575"}],"wp:term":[{"taxonomy":"product_brand","embeddable":true,"href":"https:\/\/teiaeducation.ch\/fr\/wp-json\/wp\/v2\/product_brand?post=31575"},{"taxonomy":"product_cat","embeddable":true,"href":"https:\/\/teiaeducation.ch\/fr\/wp-json\/wp\/v2\/product_cat?post=31575"},{"taxonomy":"product_tag","embeddable":true,"href":"https:\/\/teiaeducation.ch\/fr\/wp-json\/wp\/v2\/product_tag?post=31575"}],"curies":[{"name":"wp","href":"https:\/\/api.w.org\/{rel}","templated":true}]}}