{"id":32056,"date":"2020-11-16T13:27:46","date_gmt":"2020-11-16T12:27:46","guid":{"rendered":"https:\/\/teiaeducation.ch\/product\/galets-roses-grimms\/"},"modified":"2022-12-08T15:09:11","modified_gmt":"2022-12-08T14:09:11","slug":"galets-roses-grimms","status":"publish","type":"product","link":"https:\/\/teiaeducation.ch\/fr\/produit\/galets-roses-grimms\/","title":{"rendered":"Galets roses &#8211; Grimm\u2019s"},"content":{"rendered":"<p>Galets en bois roses \/ Blocs de bois durables faits \u00e0 la main \u2013 Grimm\u2019s<\/p>\n<p>Un magnifique ensemble inspir\u00e9 par Waldorf, durable en forme de galets en bois de Grimm. Les 4 galets en bois dans des tons de rose blush, rose clair, lavande et violet et de diff\u00e9rentes tailles mesurent approximativement 2,5 x 6-12 cm chacun.<\/p>\n<p>L\u2019ensemble de galets roses de Grimm est fait de bois de chaux et les blocs sont magnifiquement arrondis pour avoir la forme de pierres organiques. Ils sont peints dans de belles couleurs vives avec peints avec une peinture non toxique \u00e0 base d\u2019eau, ce qui les rend s\u00fbrs pour une utilisation par les petits enfants. Leurs tons vibrants repr\u00e9sentent l&#8217;\u00e9l\u00e9ment de l&#8217;oiseau flamant rose<\/p>\n<p>Cet ensemble de galets roses est un merveilleux jouet <a href=\"https:\/\/teiaeducation.ch\/product-category\/play\/stacking-toys\/\">d\u2019empilage<\/a> et d&#8217;\u00e9quilibrage naturel \u00e9galement des possibilit\u00e9s infinies pour le jeu cr\u00e9atif, imaginatif et ouvert, de la fabrication de sculptures \u00e0 la construction de grottes et de paysages pierreux. Id\u00e9al pour affiner les habilet\u00e9s motrices fines et aussi un bel ajout d\u00e9coratif \u00e0 n\u2019importe quelle salle de jeux, salle de classe ou chambre d\u2019enfant.<\/p>\n<p>Id\u00e9al pour jouer \u00e0 la maison, \u00e0 la cr\u00e8che, \u00e0 Waldorf ou \u00e0 l\u2019\u00e9cole Steiner, les beaux jouets en bois naturel de Grimms sont fabriqu\u00e9s selon la philosophie Waldorf qui est bien connue pour encourager les enfants \u00e0 d\u00e9couvrir le jeu cr\u00e9atif de mani\u00e8re ind\u00e9pendante, sans limitations et \u00e0 un rythme effr\u00e9n\u00e9. Les jouets en bois de Grimm&#8217;s sont color\u00e9s \u00e0 la main avec des peintures \u00e0 base d\u2019eau non toxiques et ne sont pas finis avec de la laque pour assurer les caract\u00e9ristiques originales du bois et pour qu&#8217;on puisse voir le grain \u00e0 travers. La surface des jouets fabriqu\u00e9s \u00e0 partir de bois europ\u00e9ens certifi\u00e9 FSC est laiss\u00e9e l\u00e9g\u00e8rement rugueuse, ce qui les rend plus facilement empilables et moins glissants.<\/p>\n<p>Les jouets en bois de Grimm&#8217;s sont fabriqu\u00e9s dans les manufacture de Grimm&#8217;s en Allemagne ainsi que dans plusieurs ateliers \u00e0 travers l\u2019Europe \u00e0 partir de diff\u00e9rents types de bois tels que l\u2019aulne, la chaux, le h\u00eatre et l\u2019\u00e9rable. Tout le bois utilis\u00e9 pour fabriquer les jouets de Grimm&#8217;s provient de for\u00eats europ\u00e9ennes g\u00e9r\u00e9es de mani\u00e8re durable.<\/p>\n<p>Veuillez noter que les jouets de Grimm&#8217;s sont toujours uniques, et portent des marques uniques faites par la nature. Le grain du bois a des structures et des couleurs changeantes qui servent de preuve de ses origines naturelles. Les variations uniques, les marques, les noeuds, les motifs, les rayures noires ou les taches sombres qui peuvent \u00eatre visibles dans le bois des jouets de Grimm&#8217;s sont une preuve de qualit\u00e9, et non des d\u00e9fauts.<\/p>\n<p>L\u2019ensemble de galets roses de Grimm convient aux enfants \u00e2g\u00e9s de 1 an et plus.<\/p>\n<p>Contenu :<\/p>\n<p>4 galets roses en bois<\/p>\n","protected":false},"excerpt":{"rendered":"<p>Num\u00e9ro d\u2019article: gri10056<\/p>\n<p>L\u2019ensemble de galets en bois de Grimm est un merveilleux jouet d\u2019empilage et d\u2019\u00e9quilibrage naturel et offre \u00e9galement des possibilit\u00e9s infinies pour le jeu cr\u00e9atif, imaginatif et ouvert!<\/p>\n","protected":false},"featured_media":32047,"comment_status":"open","ping_status":"closed","template":"","meta":[],"product_brand":[],"product_cat":[208,215,13150,23635,22344,24872,17212,17242,21257,13130,13144,23020,23021,13140,7595,217,5851,24313,212,1219],"product_tag":[17337,17463,17888,8625,17465,17893,17332,17334,17889,17890,17891,17892,17335,17462,17331,17464,17336],"class_list":{"0":"post-32056","1":"product","2":"type-product","3":"status-publish","4":"has-post-thumbnail","6":"product_cat-1-3-ans","7":"product_cat-3-6-ans","8":"product_cat-blocs-de-construction-en-bois","9":"product_cat-collection-dete","10":"product_cat-collections-saisonnieres","11":"product_cat-construction-mondes-arc-en-ciel","12":"product_cat-grimms-fr","13":"product_cat-guide-cadeaux-1-3-ans","14":"product_cat-guides-cadeaux","15":"product_cat-jouer","16":"product_cat-jouets-a-empiler","17":"product_cat-jouets-en-bois","18":"product_cat-jouets-waldorf","19":"product_cat-jeu-libre","20":"product_cat-methode-deducation","21":"product_cat-marques","22":"product_cat-nouveautes","23":"product_cat-saint-valentin","24":"product_cat-tranche-dage","25":"product_cat-waldorf-fr","26":"product_tag-arc-en-ciel-colore-en-bois-fait-main","27":"product_tag-assortiment-de-blocs-de-construction-en-bois-de-grimm","28":"product_tag-blocs-en-bois","29":"product_tag-fabrique-en-allemagne","30":"product_tag-formes-organiques-grimm","31":"product_tag-gimms-galets-roses","32":"product_tag-grimm-suisse","33":"product_tag-grimm-suisse-fr","34":"product_tag-grimms-fr","35":"product_tag-grimms-couleurs-arc-en-ciel","36":"product_tag-grimms-galets","37":"product_tag-grimms-galets-feu","38":"product_tag-grimme-suisse","39":"product_tag-jeux-libres-en-bois","40":"product_tag-jouets-en-bois-waldorf","41":"product_tag-les-quatre-elements-waldorf","42":"product_tag-magasin-de-jouets-en-bois-grimm","44":"first","45":"outofstock","46":"taxable","47":"shipping-taxable","48":"purchasable","49":"product-type-simple"},"yoast_head":"<!-- This site is optimized with the Yoast SEO plugin v27.1.1 - https:\/\/yoast.com\/product\/yoast-seo-wordpress\/ -->\n<title>Galets roses - Grimm\u2019s - Teia Education &amp; Play<\/title>\n<meta name=\"description\" content=\"Les galets roses de Grimm&#039;s sont des blocs en forme de pierre en bois durable inspir\u00e9s par Waldorf pour l\u2019empilage et le jeu ouvert \u00e0 partir d\u2019un an.\" \/>\n<meta name=\"robots\" content=\"index, follow, max-snippet:-1, max-image-preview:large, max-video-preview:-1\" \/>\n<link rel=\"canonical\" href=\"https:\/\/teiaeducation.ch\/fr\/produit\/galets-roses-grimms\/\" \/>\n<meta property=\"og:locale\" content=\"fr_FR\" \/>\n<meta property=\"og:type\" content=\"article\" \/>\n<meta property=\"og:title\" content=\"Galets roses - Grimm\u2019s - Teia Education &amp; Play\" \/>\n<meta property=\"og:description\" content=\"Les galets roses de Grimm&#039;s sont des blocs en forme de pierre en bois durable inspir\u00e9s par Waldorf pour l\u2019empilage et le jeu ouvert \u00e0 partir d\u2019un an.\" \/>\n<meta property=\"og:url\" content=\"https:\/\/teiaeducation.ch\/fr\/produit\/galets-roses-grimms\/\" \/>\n<meta property=\"og:site_name\" content=\"Sustainable Educational Products &amp; Ecological Toys\u00a0\" \/>\n<meta property=\"article:publisher\" content=\"https:\/\/www.facebook.com\/teiaeducation\/\" \/>\n<meta property=\"article:modified_time\" content=\"2022-12-08T14:09:11+00:00\" \/>\n<meta property=\"og:image\" content=\"https:\/\/teiaeducation.ch\/wp-content\/uploads\/2020\/11\/Flamingo-wooden-pebbles-Handmade-sustainable-wooden-blocks-\u2013-Grimms.jpg\" \/>\n\t<meta property=\"og:image:width\" content=\"1000\" \/>\n\t<meta property=\"og:image:height\" content=\"1000\" \/>\n\t<meta property=\"og:image:type\" content=\"image\/jpeg\" \/>\n<script type=\"application\/ld+json\" class=\"yoast-schema-graph\">{\"@context\":\"https:\/\/schema.org\",\"@graph\":[{\"@type\":\"WebPage\",\"@id\":\"https:\/\/teiaeducation.ch\/fr\/produit\/galets-roses-grimms\/\",\"url\":\"https:\/\/teiaeducation.ch\/fr\/produit\/galets-roses-grimms\/\",\"name\":\"Galets roses - Grimm\u2019s - Teia Education & Play\",\"isPartOf\":{\"@id\":\"https:\/\/teiaeducation.ch\/fr\/#website\"},\"primaryImageOfPage\":{\"@id\":\"https:\/\/teiaeducation.ch\/fr\/produit\/galets-roses-grimms\/#primaryimage\"},\"image\":{\"@id\":\"https:\/\/teiaeducation.ch\/fr\/produit\/galets-roses-grimms\/#primaryimage\"},\"thumbnailUrl\":\"https:\/\/teiaeducation.ch\/wp-content\/uploads\/2020\/11\/Flamingo-wooden-pebbles-Handmade-sustainable-wooden-blocks-\u2013-Grimms.jpg\",\"datePublished\":\"2020-11-16T12:27:46+00:00\",\"dateModified\":\"2022-12-08T14:09:11+00:00\",\"description\":\"Les galets roses de Grimm's sont des blocs en forme de pierre en bois durable inspir\u00e9s par Waldorf pour l\u2019empilage et le jeu ouvert \u00e0 partir d\u2019un an.\",\"breadcrumb\":{\"@id\":\"https:\/\/teiaeducation.ch\/fr\/produit\/galets-roses-grimms\/#breadcrumb\"},\"inLanguage\":\"fr-FR\",\"potentialAction\":[{\"@type\":\"ReadAction\",\"target\":[\"https:\/\/teiaeducation.ch\/fr\/produit\/galets-roses-grimms\/\"]}]},{\"@type\":\"ImageObject\",\"inLanguage\":\"fr-FR\",\"@id\":\"https:\/\/teiaeducation.ch\/fr\/produit\/galets-roses-grimms\/#primaryimage\",\"url\":\"https:\/\/teiaeducation.ch\/wp-content\/uploads\/2020\/11\/Flamingo-wooden-pebbles-Handmade-sustainable-wooden-blocks-\u2013-Grimms.jpg\",\"contentUrl\":\"https:\/\/teiaeducation.ch\/wp-content\/uploads\/2020\/11\/Flamingo-wooden-pebbles-Handmade-sustainable-wooden-blocks-\u2013-Grimms.jpg\",\"width\":1000,\"height\":1000,\"caption\":\"Galets en bois roses \/ Blocs de bois durables faits \u00e0 la main \u2013 Grimm\u2019s\"},{\"@type\":\"BreadcrumbList\",\"@id\":\"https:\/\/teiaeducation.ch\/fr\/produit\/galets-roses-grimms\/#breadcrumb\",\"itemListElement\":[{\"@type\":\"ListItem\",\"position\":1,\"name\":\"Home\",\"item\":\"https:\/\/teiaeducation.ch\/fr\/\"},{\"@type\":\"ListItem\",\"position\":2,\"name\":\"Boutique Teia Education &amp; Play\",\"item\":\"https:\/\/teiaeducation.ch\/fr\/boutique\/\"},{\"@type\":\"ListItem\",\"position\":3,\"name\":\"Nos Marques\",\"item\":\"https:\/\/teiaeducation.ch\/fr\/categorie-produit\/marques\/\"},{\"@type\":\"ListItem\",\"position\":4,\"name\":\"Grimm's\",\"item\":\"https:\/\/teiaeducation.ch\/fr\/categorie-produit\/marques\/grimms-fr\/\"},{\"@type\":\"ListItem\",\"position\":5,\"name\":\"Construction &amp; Mondes Arc-en-ciel\",\"item\":\"https:\/\/teiaeducation.ch\/fr\/categorie-produit\/marques\/grimms-fr\/construction-mondes-arc-en-ciel\/\"},{\"@type\":\"ListItem\",\"position\":6,\"name\":\"Galets roses &#8211; Grimm\u2019s\"}]},{\"@type\":\"WebSite\",\"@id\":\"https:\/\/teiaeducation.ch\/fr\/#website\",\"url\":\"https:\/\/teiaeducation.ch\/fr\/\",\"name\":\"Sustainable Educational Products &amp; Ecological Toys\u00a0\",\"description\":\"Specialised Swiss shop selling sustainable educational toys and games, AMI certified Montessori materials, handmade ecological wooden Waldorf toys and arts &amp; crafts supplies, school supplies, children&#039;s furniture and Montessori reference and parenting books.\",\"publisher\":{\"@id\":\"https:\/\/teiaeducation.ch\/fr\/#organization\"},\"alternateName\":\"Teia Education & Play\",\"potentialAction\":[{\"@type\":\"SearchAction\",\"target\":{\"@type\":\"EntryPoint\",\"urlTemplate\":\"https:\/\/teiaeducation.ch\/fr\/?s={search_term_string}\"},\"query-input\":{\"@type\":\"PropertyValueSpecification\",\"valueRequired\":true,\"valueName\":\"search_term_string\"}}],\"inLanguage\":\"fr-FR\"},{\"@type\":\"Organization\",\"@id\":\"https:\/\/teiaeducation.ch\/fr\/#organization\",\"name\":\"Teia Education & Play\",\"url\":\"https:\/\/teiaeducation.ch\/fr\/\",\"logo\":{\"@type\":\"ImageObject\",\"inLanguage\":\"fr-FR\",\"@id\":\"https:\/\/teiaeducation.ch\/fr\/#\/schema\/logo\/image\/\",\"url\":\"https:\/\/teiaeducation.ch\/wp-content\/uploads\/2020\/11\/Teia-Education-Switzerland-e1620156442216.jpg\",\"contentUrl\":\"https:\/\/teiaeducation.ch\/wp-content\/uploads\/2020\/11\/Teia-Education-Switzerland-e1620156442216.jpg\",\"width\":166,\"height\":145,\"caption\":\"Teia Education & Play\"},\"image\":{\"@id\":\"https:\/\/teiaeducation.ch\/fr\/#\/schema\/logo\/image\/\"},\"sameAs\":[\"https:\/\/www.facebook.com\/teiaeducation\/\",\"https:\/\/x.com\/EducationTeia\",\"https:\/\/www.instagram.com\/teia.education\/\",\"https:\/\/www.linkedin.com\/company\/35501660\",\"https:\/\/www.pinterest.ch\/TeiaEducation\/\"]}]}<\/script>\n<!-- \/ Yoast SEO plugin. -->","yoast_head_json":{"title":"Galets roses - Grimm\u2019s - Teia Education & Play","description":"Les galets roses de Grimm's sont des blocs en forme de pierre en bois durable inspir\u00e9s par Waldorf pour l\u2019empilage et le jeu ouvert \u00e0 partir d\u2019un an.","robots":{"index":"index","follow":"follow","max-snippet":"max-snippet:-1","max-image-preview":"max-image-preview:large","max-video-preview":"max-video-preview:-1"},"canonical":"https:\/\/teiaeducation.ch\/fr\/produit\/galets-roses-grimms\/","og_locale":"fr_FR","og_type":"article","og_title":"Galets roses - Grimm\u2019s - Teia Education & Play","og_description":"Les galets roses de Grimm's sont des blocs en forme de pierre en bois durable inspir\u00e9s par Waldorf pour l\u2019empilage et le jeu ouvert \u00e0 partir d\u2019un an.","og_url":"https:\/\/teiaeducation.ch\/fr\/produit\/galets-roses-grimms\/","og_site_name":"Sustainable Educational Products &amp; Ecological Toys\u00a0","article_publisher":"https:\/\/www.facebook.com\/teiaeducation\/","article_modified_time":"2022-12-08T14:09:11+00:00","og_image":[{"width":1000,"height":1000,"url":"https:\/\/teiaeducation.ch\/wp-content\/uploads\/2020\/11\/Flamingo-wooden-pebbles-Handmade-sustainable-wooden-blocks-\u2013-Grimms.jpg","type":"image\/jpeg"}],"schema":{"@context":"https:\/\/schema.org","@graph":[{"@type":"WebPage","@id":"https:\/\/teiaeducation.ch\/fr\/produit\/galets-roses-grimms\/","url":"https:\/\/teiaeducation.ch\/fr\/produit\/galets-roses-grimms\/","name":"Galets roses - Grimm\u2019s - Teia Education & Play","isPartOf":{"@id":"https:\/\/teiaeducation.ch\/fr\/#website"},"primaryImageOfPage":{"@id":"https:\/\/teiaeducation.ch\/fr\/produit\/galets-roses-grimms\/#primaryimage"},"image":{"@id":"https:\/\/teiaeducation.ch\/fr\/produit\/galets-roses-grimms\/#primaryimage"},"thumbnailUrl":"https:\/\/teiaeducation.ch\/wp-content\/uploads\/2020\/11\/Flamingo-wooden-pebbles-Handmade-sustainable-wooden-blocks-\u2013-Grimms.jpg","datePublished":"2020-11-16T12:27:46+00:00","dateModified":"2022-12-08T14:09:11+00:00","description":"Les galets roses de Grimm's sont des blocs en forme de pierre en bois durable inspir\u00e9s par Waldorf pour l\u2019empilage et le jeu ouvert \u00e0 partir d\u2019un an.","breadcrumb":{"@id":"https:\/\/teiaeducation.ch\/fr\/produit\/galets-roses-grimms\/#breadcrumb"},"inLanguage":"fr-FR","potentialAction":[{"@type":"ReadAction","target":["https:\/\/teiaeducation.ch\/fr\/produit\/galets-roses-grimms\/"]}]},{"@type":"ImageObject","inLanguage":"fr-FR","@id":"https:\/\/teiaeducation.ch\/fr\/produit\/galets-roses-grimms\/#primaryimage","url":"https:\/\/teiaeducation.ch\/wp-content\/uploads\/2020\/11\/Flamingo-wooden-pebbles-Handmade-sustainable-wooden-blocks-\u2013-Grimms.jpg","contentUrl":"https:\/\/teiaeducation.ch\/wp-content\/uploads\/2020\/11\/Flamingo-wooden-pebbles-Handmade-sustainable-wooden-blocks-\u2013-Grimms.jpg","width":1000,"height":1000,"caption":"Galets en bois roses \/ Blocs de bois durables faits \u00e0 la main \u2013 Grimm\u2019s"},{"@type":"BreadcrumbList","@id":"https:\/\/teiaeducation.ch\/fr\/produit\/galets-roses-grimms\/#breadcrumb","itemListElement":[{"@type":"ListItem","position":1,"name":"Home","item":"https:\/\/teiaeducation.ch\/fr\/"},{"@type":"ListItem","position":2,"name":"Boutique Teia Education &amp; Play","item":"https:\/\/teiaeducation.ch\/fr\/boutique\/"},{"@type":"ListItem","position":3,"name":"Nos Marques","item":"https:\/\/teiaeducation.ch\/fr\/categorie-produit\/marques\/"},{"@type":"ListItem","position":4,"name":"Grimm's","item":"https:\/\/teiaeducation.ch\/fr\/categorie-produit\/marques\/grimms-fr\/"},{"@type":"ListItem","position":5,"name":"Construction &amp; Mondes Arc-en-ciel","item":"https:\/\/teiaeducation.ch\/fr\/categorie-produit\/marques\/grimms-fr\/construction-mondes-arc-en-ciel\/"},{"@type":"ListItem","position":6,"name":"Galets roses &#8211; Grimm\u2019s"}]},{"@type":"WebSite","@id":"https:\/\/teiaeducation.ch\/fr\/#website","url":"https:\/\/teiaeducation.ch\/fr\/","name":"Sustainable Educational Products &amp; Ecological Toys\u00a0","description":"Specialised Swiss shop selling sustainable educational toys and games, AMI certified Montessori materials, handmade ecological wooden Waldorf toys and arts &amp; crafts supplies, school supplies, children&#039;s furniture and Montessori reference and parenting books.","publisher":{"@id":"https:\/\/teiaeducation.ch\/fr\/#organization"},"alternateName":"Teia Education & Play","potentialAction":[{"@type":"SearchAction","target":{"@type":"EntryPoint","urlTemplate":"https:\/\/teiaeducation.ch\/fr\/?s={search_term_string}"},"query-input":{"@type":"PropertyValueSpecification","valueRequired":true,"valueName":"search_term_string"}}],"inLanguage":"fr-FR"},{"@type":"Organization","@id":"https:\/\/teiaeducation.ch\/fr\/#organization","name":"Teia Education & Play","url":"https:\/\/teiaeducation.ch\/fr\/","logo":{"@type":"ImageObject","inLanguage":"fr-FR","@id":"https:\/\/teiaeducation.ch\/fr\/#\/schema\/logo\/image\/","url":"https:\/\/teiaeducation.ch\/wp-content\/uploads\/2020\/11\/Teia-Education-Switzerland-e1620156442216.jpg","contentUrl":"https:\/\/teiaeducation.ch\/wp-content\/uploads\/2020\/11\/Teia-Education-Switzerland-e1620156442216.jpg","width":166,"height":145,"caption":"Teia Education & Play"},"image":{"@id":"https:\/\/teiaeducation.ch\/fr\/#\/schema\/logo\/image\/"},"sameAs":["https:\/\/www.facebook.com\/teiaeducation\/","https:\/\/x.com\/EducationTeia","https:\/\/www.instagram.com\/teia.education\/","https:\/\/www.linkedin.com\/company\/35501660","https:\/\/www.pinterest.ch\/TeiaEducation\/"]}]}},"_links":{"self":[{"href":"https:\/\/teiaeducation.ch\/fr\/wp-json\/wp\/v2\/product\/32056","targetHints":{"allow":["GET"]}}],"collection":[{"href":"https:\/\/teiaeducation.ch\/fr\/wp-json\/wp\/v2\/product"}],"about":[{"href":"https:\/\/teiaeducation.ch\/fr\/wp-json\/wp\/v2\/types\/product"}],"replies":[{"embeddable":true,"href":"https:\/\/teiaeducation.ch\/fr\/wp-json\/wp\/v2\/comments?post=32056"}],"wp:featuredmedia":[{"embeddable":true,"href":"https:\/\/teiaeducation.ch\/fr\/wp-json\/wp\/v2\/media\/32047"}],"wp:attachment":[{"href":"https:\/\/teiaeducation.ch\/fr\/wp-json\/wp\/v2\/media?parent=32056"}],"wp:term":[{"taxonomy":"product_brand","embeddable":true,"href":"https:\/\/teiaeducation.ch\/fr\/wp-json\/wp\/v2\/product_brand?post=32056"},{"taxonomy":"product_cat","embeddable":true,"href":"https:\/\/teiaeducation.ch\/fr\/wp-json\/wp\/v2\/product_cat?post=32056"},{"taxonomy":"product_tag","embeddable":true,"href":"https:\/\/teiaeducation.ch\/fr\/wp-json\/wp\/v2\/product_tag?post=32056"}],"curies":[{"name":"wp","href":"https:\/\/api.w.org\/{rel}","templated":true}]}}