{"id":32057,"date":"2020-11-13T17:01:10","date_gmt":"2020-11-13T16:01:10","guid":{"rendered":"https:\/\/teiaeducation.ch\/product\/blocs-manhattan-bajo\/"},"modified":"2023-03-10T15:05:01","modified_gmt":"2023-03-10T14:05:01","slug":"blocs-en-bois-manhattan-bajo","status":"publish","type":"product","link":"https:\/\/teiaeducation.ch\/fr\/produit\/blocs-en-bois-manhattan-bajo\/","title":{"rendered":"Blocs en bois Manhattan &#8211; Bajo"},"content":{"rendered":"<p>L\u2019ensemble de blocs en bois Manhattan de Bajo est un jouet de construction durable et fait \u00e0 la main.<\/p>\n<p>Le beau design moderne et les couleurs de cet ensemble de <a href=\"https:\/\/teiaeducation.ch\/fr\/categorie-produit\/jouer\/blocs-de-construction-en-bois\/\">blocs de construction<\/a> uniques inspirera les petits architectes \u00e0 construire, empiler et cr\u00e9er de nombreuses tours, grattes-ciel et paysages urbains. Ce jouet se combine bien avec tous les jeux de construction en bois, en particulier le <a href=\"https:\/\/teiaeducation.ch\/fr\/produit\/foret-central-park-bajo\/\">for\u00eat de Central Park<\/a> de Bajo.<\/p>\n<p>L&#8217;ensemble comprend 54 blocs en bois massif de formes, de <a href=\"https:\/\/teiaeducation.ch\/fr\/categorie-produit\/domaines-du-curriculum\/sensorielles-motrices\/apprendre-les-couleurs\/\">couleurs<\/a> et de <a href=\"https:\/\/teiaeducation.ch\/fr\/categorie-produit\/domaines-du-curriculum\/mathematiques-calcul\/taille\/\">tailles<\/a> diff\u00e9rentes \u00e0 combiner de multiples fa\u00e7ons. Ainsi qu&#8217;une magnifique planche de base en bois massif avec neuf indentations pour construire des gratte-ciel.<\/p>\n<p>R\u00e9alis\u00e9 en Pologne \u00e0 partir de bois europ\u00e9en, l&#8217;ensemble de blocs Manhattan a \u00e9t\u00e9 fini dans de jolis tons pastel et sourds \u00e0 l&#8217;aide d&#8217;une peinture non toxique \u00e0 base d&#8217;eau. La planche de base a \u00e9t\u00e9 fini dans l\u2019huile naturelle pour laisser la beaut\u00e9 du bois briller au travers. Elle mesure 25 x 25cm.<\/p>\n<p>Les <a href=\"https:\/\/teiaeducation.ch\/fr\/categorie-produit\/jouer\/jouets-en-bois\/\">jouets<\/a> en bois innovants et de haute qualit\u00e9 de la marque polonaise Bajo sont tous fabriqu\u00e9s de mani\u00e8re durable en Pologne. Leurs produits prim\u00e9s sont tous conformes aux crit\u00e8res europ\u00e9ens de s\u00e9curit\u00e9 EN71 pour les jouets en bois et seuls des mat\u00e9riaux soigneusement s\u00e9lectionn\u00e9s de la plus haute qualit\u00e9 provenant de fournisseurs locaux certifi\u00e9s sont utilis\u00e9s. Seules les peintures europ\u00e9ennes pour bois, \u00e0 base d\u2019eau et non toxiques, conformes \u00e0 la norme \u00e9cologique, sont utilis\u00e9es pour fabriquer et finir \u00e0 la main les jouets et les meubles.<\/p>\n<p>En harmonie avec la p\u00e9dagogie Waldorf, <a href=\"https:\/\/teiaeducation.ch\/fr\/categorie-produit\/marques\/bajo-fr\/\">Bajo<\/a> croit que le contact avec le bois et sa chaleur est crucial dans la formation de la conscience environnementale et que les jouets en bois transmettent l\u2019amour pour la <a href=\"https:\/\/teiaeducation.ch\/fr\/categorie-produit\/jouer\/jeu-de-la-nature\/\">nature<\/a> d\u2019une mani\u00e8re parfaite.<\/p>\n<p>L\u2019ensemble de blocs de bois Manhattan de Bajo convient aux enfants \u00e2g\u00e9s de 1,5 an et plus.<\/p>\n<p>Contenu:<\/p>\n<p>1 planche en bois<br \/>\n54 blocs en bois<\/p>\n","protected":false},"excerpt":{"rendered":"<p>Num\u00e9ro d\u2019article: 91070<\/p>\n<p>L\u2019ensemble de blocs em bois Manhattan de Bajo est un jouet moderne et durable de construction pour inspirer les enfants \u00e0 construire, empiler et cr\u00e9er.<\/p>\n","protected":false},"featured_media":31914,"comment_status":"open","ping_status":"closed","template":"","meta":[],"product_brand":[],"product_cat":[215,17207,13150,17241,21257,13130,13144,23020,217,5851,212],"product_tag":[17895,17899,17901,17897,17896,17900,17898,17903,17894,17902],"class_list":{"0":"post-32057","1":"product","2":"type-product","3":"status-publish","4":"has-post-thumbnail","6":"product_cat-3-6-ans","7":"product_cat-bajo-fr","8":"product_cat-blocs-de-construction-en-bois","9":"product_cat-guide-cadeaux-3-6-ans","10":"product_cat-guides-cadeaux","11":"product_cat-jouer","12":"product_cat-jouets-a-empiler","13":"product_cat-jouets-en-bois","14":"product_cat-marques","15":"product_cat-nouveautes","16":"product_cat-tranche-dage","17":"product_tag-bajo-suisse-fr","18":"product_tag-blocs-de-construction-de-grattes-ciel","19":"product_tag-blocs-de-construction-en-bois-durablee","20":"product_tag-blocs-de-construction-manhattan-bajo","21":"product_tag-blocs-manhattan-de-bajo","22":"product_tag-jouets-dempilage-de-grattes-ciel","23":"product_tag-jouets-de-construction-de-grattes-ciel-en-bois","24":"product_tag-jouets-de-construction-durables-faits-a-la-main","25":"product_tag-jouets-de-construction-en-bois-faits-a-la-main","26":"product_tag-jouets-de-construction-modernes-en-bois","28":"first","29":"instock","30":"taxable","31":"shipping-taxable","32":"purchasable","33":"product-type-simple"},"yoast_head":"<!-- This site is optimized with the Yoast SEO Premium plugin v25.8 (Yoast SEO v27.4) - https:\/\/yoast.com\/product\/yoast-seo-premium-wordpress\/ -->\n<title>Blocs en bois Manhattan - Bajo - Teia Education &amp; Play<\/title>\n<meta name=\"description\" content=\"L\u2019ensemble de blocs em bois Manhattan de Bajo est un jouet moderne et durable de construction pour inspirer les enfants \u00e0 construire, empiler et cr\u00e9er.\" \/>\n<meta name=\"robots\" content=\"index, follow, max-snippet:-1, max-image-preview:large, max-video-preview:-1\" \/>\n<link rel=\"canonical\" href=\"https:\/\/teiaeducation.ch\/fr\/produit\/blocs-en-bois-manhattan-bajo\/\" \/>\n<meta property=\"og:locale\" content=\"fr_FR\" \/>\n<meta property=\"og:type\" content=\"article\" \/>\n<meta property=\"og:title\" content=\"Blocs en bois Manhattan - Bajo\" \/>\n<meta property=\"og:description\" content=\"L\u2019ensemble de blocs em bois Manhattan de Bajo est un jouet moderne et durable de construction pour inspirer les enfants \u00e0 construire, empiler et cr\u00e9er.\" \/>\n<meta property=\"og:url\" content=\"https:\/\/teiaeducation.ch\/fr\/produit\/blocs-en-bois-manhattan-bajo\/\" \/>\n<meta property=\"og:site_name\" content=\"Sustainable Educational Products &amp; Ecological Toys\u00a0\" \/>\n<meta property=\"article:publisher\" content=\"https:\/\/www.facebook.com\/teiaeducation\/\" \/>\n<meta property=\"article:modified_time\" content=\"2023-03-10T14:05:01+00:00\" \/>\n<meta property=\"og:image\" content=\"https:\/\/teiaeducation.ch\/wp-content\/uploads\/2020\/11\/Manhatten-blocks-Bajo.jpg\" \/>\n\t<meta property=\"og:image:width\" content=\"800\" \/>\n\t<meta property=\"og:image:height\" content=\"800\" \/>\n\t<meta property=\"og:image:type\" content=\"image\/jpeg\" \/>\n<script type=\"application\/ld+json\" class=\"yoast-schema-graph\">{\"@context\":\"https:\\\/\\\/schema.org\",\"@graph\":[{\"@type\":\"WebPage\",\"@id\":\"https:\\\/\\\/teiaeducation.ch\\\/fr\\\/produit\\\/blocs-en-bois-manhattan-bajo\\\/\",\"url\":\"https:\\\/\\\/teiaeducation.ch\\\/fr\\\/produit\\\/blocs-en-bois-manhattan-bajo\\\/\",\"name\":\"Blocs en bois Manhattan - Bajo - Teia Education & Play\",\"isPartOf\":{\"@id\":\"https:\\\/\\\/teiaeducation.ch\\\/fr\\\/#website\"},\"primaryImageOfPage\":{\"@id\":\"https:\\\/\\\/teiaeducation.ch\\\/fr\\\/produit\\\/blocs-en-bois-manhattan-bajo\\\/#primaryimage\"},\"image\":{\"@id\":\"https:\\\/\\\/teiaeducation.ch\\\/fr\\\/produit\\\/blocs-en-bois-manhattan-bajo\\\/#primaryimage\"},\"thumbnailUrl\":\"https:\\\/\\\/teiaeducation.ch\\\/wp-content\\\/uploads\\\/2020\\\/11\\\/Manhatten-blocks-Bajo.jpg\",\"datePublished\":\"2020-11-13T16:01:10+00:00\",\"dateModified\":\"2023-03-10T14:05:01+00:00\",\"description\":\"L\u2019ensemble de blocs em bois Manhattan de Bajo est un jouet moderne et durable de construction pour inspirer les enfants \u00e0 construire, empiler et cr\u00e9er.\",\"breadcrumb\":{\"@id\":\"https:\\\/\\\/teiaeducation.ch\\\/fr\\\/produit\\\/blocs-en-bois-manhattan-bajo\\\/#breadcrumb\"},\"inLanguage\":\"fr-FR\",\"potentialAction\":[{\"@type\":\"ReadAction\",\"target\":[\"https:\\\/\\\/teiaeducation.ch\\\/fr\\\/produit\\\/blocs-en-bois-manhattan-bajo\\\/\"]}]},{\"@type\":\"ImageObject\",\"inLanguage\":\"fr-FR\",\"@id\":\"https:\\\/\\\/teiaeducation.ch\\\/fr\\\/produit\\\/blocs-en-bois-manhattan-bajo\\\/#primaryimage\",\"url\":\"https:\\\/\\\/teiaeducation.ch\\\/wp-content\\\/uploads\\\/2020\\\/11\\\/Manhatten-blocks-Bajo.jpg\",\"contentUrl\":\"https:\\\/\\\/teiaeducation.ch\\\/wp-content\\\/uploads\\\/2020\\\/11\\\/Manhatten-blocks-Bajo.jpg\",\"width\":800,\"height\":800,\"caption\":\"Blocs de construction Manhattan en bois durable et fait \u00e0 la main Bajo\"},{\"@type\":\"BreadcrumbList\",\"@id\":\"https:\\\/\\\/teiaeducation.ch\\\/fr\\\/produit\\\/blocs-en-bois-manhattan-bajo\\\/#breadcrumb\",\"itemListElement\":[{\"@type\":\"ListItem\",\"position\":1,\"name\":\"Home\",\"item\":\"https:\\\/\\\/teiaeducation.ch\\\/fr\\\/\"},{\"@type\":\"ListItem\",\"position\":2,\"name\":\"Boutique Teia Education &amp; Play\",\"item\":\"https:\\\/\\\/teiaeducation.ch\\\/fr\\\/boutique\\\/\"},{\"@type\":\"ListItem\",\"position\":3,\"name\":\"Nos Marques\",\"item\":\"https:\\\/\\\/teiaeducation.ch\\\/fr\\\/categorie-produit\\\/marques\\\/\"},{\"@type\":\"ListItem\",\"position\":4,\"name\":\"Bajo\",\"item\":\"https:\\\/\\\/teiaeducation.ch\\\/fr\\\/categorie-produit\\\/marques\\\/bajo-fr\\\/\"},{\"@type\":\"ListItem\",\"position\":5,\"name\":\"Blocs en bois Manhattan &#8211; Bajo\"}]},{\"@type\":\"WebSite\",\"@id\":\"https:\\\/\\\/teiaeducation.ch\\\/fr\\\/#website\",\"url\":\"https:\\\/\\\/teiaeducation.ch\\\/fr\\\/\",\"name\":\"Sustainable Educational Products &amp; Ecological Toys\u00a0\",\"description\":\"Specialised Swiss shop selling sustainable educational toys and games, AMI certified Montessori materials, handmade ecological wooden Waldorf toys and arts &amp; crafts supplies, school supplies, children&#039;s furniture and Montessori reference and parenting books.\",\"publisher\":{\"@id\":\"https:\\\/\\\/teiaeducation.ch\\\/fr\\\/#organization\"},\"alternateName\":\"Teia Education & Play\",\"potentialAction\":[{\"@type\":\"SearchAction\",\"target\":{\"@type\":\"EntryPoint\",\"urlTemplate\":\"https:\\\/\\\/teiaeducation.ch\\\/fr\\\/?s={search_term_string}\"},\"query-input\":{\"@type\":\"PropertyValueSpecification\",\"valueRequired\":true,\"valueName\":\"search_term_string\"}}],\"inLanguage\":\"fr-FR\"},{\"@type\":\"Organization\",\"@id\":\"https:\\\/\\\/teiaeducation.ch\\\/fr\\\/#organization\",\"name\":\"Teia Education & Play\",\"url\":\"https:\\\/\\\/teiaeducation.ch\\\/fr\\\/\",\"logo\":{\"@type\":\"ImageObject\",\"inLanguage\":\"fr-FR\",\"@id\":\"https:\\\/\\\/teiaeducation.ch\\\/fr\\\/#\\\/schema\\\/logo\\\/image\\\/\",\"url\":\"https:\\\/\\\/teiaeducation.ch\\\/wp-content\\\/uploads\\\/2020\\\/11\\\/Teia-Education-Switzerland-e1620156442216.jpg\",\"contentUrl\":\"https:\\\/\\\/teiaeducation.ch\\\/wp-content\\\/uploads\\\/2020\\\/11\\\/Teia-Education-Switzerland-e1620156442216.jpg\",\"width\":166,\"height\":145,\"caption\":\"Teia Education & Play\"},\"image\":{\"@id\":\"https:\\\/\\\/teiaeducation.ch\\\/fr\\\/#\\\/schema\\\/logo\\\/image\\\/\"},\"sameAs\":[\"https:\\\/\\\/www.facebook.com\\\/teiaeducation\\\/\",\"https:\\\/\\\/x.com\\\/EducationTeia\",\"https:\\\/\\\/www.instagram.com\\\/teia.education\\\/\",\"https:\\\/\\\/www.linkedin.com\\\/company\\\/35501660\",\"https:\\\/\\\/www.pinterest.ch\\\/TeiaEducation\\\/\"]}]}<\/script>\n<meta property=\"product:price:amount\" content=\"59.90\" \/>\n<meta property=\"product:price:currency\" content=\"CHF\" \/>\n<meta property=\"og:availability\" content=\"instock\" \/>\n<meta property=\"product:availability\" content=\"instock\" \/>\n<meta property=\"product:retailer_item_id\" content=\"00000000000000000000000000000000000000000000031912\" \/>\n<meta property=\"product:condition\" content=\"new\" \/>\n<!-- \/ Yoast SEO Premium plugin. -->","yoast_head_json":{"title":"Blocs en bois Manhattan - Bajo - Teia Education & Play","description":"L\u2019ensemble de blocs em bois Manhattan de Bajo est un jouet moderne et durable de construction pour inspirer les enfants \u00e0 construire, empiler et cr\u00e9er.","robots":{"index":"index","follow":"follow","max-snippet":"max-snippet:-1","max-image-preview":"max-image-preview:large","max-video-preview":"max-video-preview:-1"},"canonical":"https:\/\/teiaeducation.ch\/fr\/produit\/blocs-en-bois-manhattan-bajo\/","og_locale":"fr_FR","og_type":"article","og_title":"Blocs en bois Manhattan - Bajo","og_description":"L\u2019ensemble de blocs em bois Manhattan de Bajo est un jouet moderne et durable de construction pour inspirer les enfants \u00e0 construire, empiler et cr\u00e9er.","og_url":"https:\/\/teiaeducation.ch\/fr\/produit\/blocs-en-bois-manhattan-bajo\/","og_site_name":"Sustainable Educational Products &amp; Ecological Toys\u00a0","article_publisher":"https:\/\/www.facebook.com\/teiaeducation\/","article_modified_time":"2023-03-10T14:05:01+00:00","og_image":[{"width":800,"height":800,"url":"https:\/\/teiaeducation.ch\/wp-content\/uploads\/2020\/11\/Manhatten-blocks-Bajo.jpg","type":"image\/jpeg"}],"schema":{"@context":"https:\/\/schema.org","@graph":[{"@type":"WebPage","@id":"https:\/\/teiaeducation.ch\/fr\/produit\/blocs-en-bois-manhattan-bajo\/","url":"https:\/\/teiaeducation.ch\/fr\/produit\/blocs-en-bois-manhattan-bajo\/","name":"Blocs en bois Manhattan - Bajo - Teia Education & Play","isPartOf":{"@id":"https:\/\/teiaeducation.ch\/fr\/#website"},"primaryImageOfPage":{"@id":"https:\/\/teiaeducation.ch\/fr\/produit\/blocs-en-bois-manhattan-bajo\/#primaryimage"},"image":{"@id":"https:\/\/teiaeducation.ch\/fr\/produit\/blocs-en-bois-manhattan-bajo\/#primaryimage"},"thumbnailUrl":"https:\/\/teiaeducation.ch\/wp-content\/uploads\/2020\/11\/Manhatten-blocks-Bajo.jpg","datePublished":"2020-11-13T16:01:10+00:00","dateModified":"2023-03-10T14:05:01+00:00","description":"L\u2019ensemble de blocs em bois Manhattan de Bajo est un jouet moderne et durable de construction pour inspirer les enfants \u00e0 construire, empiler et cr\u00e9er.","breadcrumb":{"@id":"https:\/\/teiaeducation.ch\/fr\/produit\/blocs-en-bois-manhattan-bajo\/#breadcrumb"},"inLanguage":"fr-FR","potentialAction":[{"@type":"ReadAction","target":["https:\/\/teiaeducation.ch\/fr\/produit\/blocs-en-bois-manhattan-bajo\/"]}]},{"@type":"ImageObject","inLanguage":"fr-FR","@id":"https:\/\/teiaeducation.ch\/fr\/produit\/blocs-en-bois-manhattan-bajo\/#primaryimage","url":"https:\/\/teiaeducation.ch\/wp-content\/uploads\/2020\/11\/Manhatten-blocks-Bajo.jpg","contentUrl":"https:\/\/teiaeducation.ch\/wp-content\/uploads\/2020\/11\/Manhatten-blocks-Bajo.jpg","width":800,"height":800,"caption":"Blocs de construction Manhattan en bois durable et fait \u00e0 la main Bajo"},{"@type":"BreadcrumbList","@id":"https:\/\/teiaeducation.ch\/fr\/produit\/blocs-en-bois-manhattan-bajo\/#breadcrumb","itemListElement":[{"@type":"ListItem","position":1,"name":"Home","item":"https:\/\/teiaeducation.ch\/fr\/"},{"@type":"ListItem","position":2,"name":"Boutique Teia Education &amp; Play","item":"https:\/\/teiaeducation.ch\/fr\/boutique\/"},{"@type":"ListItem","position":3,"name":"Nos Marques","item":"https:\/\/teiaeducation.ch\/fr\/categorie-produit\/marques\/"},{"@type":"ListItem","position":4,"name":"Bajo","item":"https:\/\/teiaeducation.ch\/fr\/categorie-produit\/marques\/bajo-fr\/"},{"@type":"ListItem","position":5,"name":"Blocs en bois Manhattan &#8211; Bajo"}]},{"@type":"WebSite","@id":"https:\/\/teiaeducation.ch\/fr\/#website","url":"https:\/\/teiaeducation.ch\/fr\/","name":"Sustainable Educational Products &amp; Ecological Toys\u00a0","description":"Specialised Swiss shop selling sustainable educational toys and games, AMI certified Montessori materials, handmade ecological wooden Waldorf toys and arts &amp; crafts supplies, school supplies, children&#039;s furniture and Montessori reference and parenting books.","publisher":{"@id":"https:\/\/teiaeducation.ch\/fr\/#organization"},"alternateName":"Teia Education & Play","potentialAction":[{"@type":"SearchAction","target":{"@type":"EntryPoint","urlTemplate":"https:\/\/teiaeducation.ch\/fr\/?s={search_term_string}"},"query-input":{"@type":"PropertyValueSpecification","valueRequired":true,"valueName":"search_term_string"}}],"inLanguage":"fr-FR"},{"@type":"Organization","@id":"https:\/\/teiaeducation.ch\/fr\/#organization","name":"Teia Education & Play","url":"https:\/\/teiaeducation.ch\/fr\/","logo":{"@type":"ImageObject","inLanguage":"fr-FR","@id":"https:\/\/teiaeducation.ch\/fr\/#\/schema\/logo\/image\/","url":"https:\/\/teiaeducation.ch\/wp-content\/uploads\/2020\/11\/Teia-Education-Switzerland-e1620156442216.jpg","contentUrl":"https:\/\/teiaeducation.ch\/wp-content\/uploads\/2020\/11\/Teia-Education-Switzerland-e1620156442216.jpg","width":166,"height":145,"caption":"Teia Education & Play"},"image":{"@id":"https:\/\/teiaeducation.ch\/fr\/#\/schema\/logo\/image\/"},"sameAs":["https:\/\/www.facebook.com\/teiaeducation\/","https:\/\/x.com\/EducationTeia","https:\/\/www.instagram.com\/teia.education\/","https:\/\/www.linkedin.com\/company\/35501660","https:\/\/www.pinterest.ch\/TeiaEducation\/"]}]},"product_price_amount":"59.90","product_price_currency":"CHF","og_availability":"instock","product_availability":"instock","product_retailer_item_id":"00000000000000000000000000000000000000000000031912","product_condition":"new"},"_links":{"self":[{"href":"https:\/\/teiaeducation.ch\/fr\/wp-json\/wp\/v2\/product\/32057","targetHints":{"allow":["GET"]}}],"collection":[{"href":"https:\/\/teiaeducation.ch\/fr\/wp-json\/wp\/v2\/product"}],"about":[{"href":"https:\/\/teiaeducation.ch\/fr\/wp-json\/wp\/v2\/types\/product"}],"replies":[{"embeddable":true,"href":"https:\/\/teiaeducation.ch\/fr\/wp-json\/wp\/v2\/comments?post=32057"}],"wp:featuredmedia":[{"embeddable":true,"href":"https:\/\/teiaeducation.ch\/fr\/wp-json\/wp\/v2\/media\/31914"}],"wp:attachment":[{"href":"https:\/\/teiaeducation.ch\/fr\/wp-json\/wp\/v2\/media?parent=32057"}],"wp:term":[{"taxonomy":"product_brand","embeddable":true,"href":"https:\/\/teiaeducation.ch\/fr\/wp-json\/wp\/v2\/product_brand?post=32057"},{"taxonomy":"product_cat","embeddable":true,"href":"https:\/\/teiaeducation.ch\/fr\/wp-json\/wp\/v2\/product_cat?post=32057"},{"taxonomy":"product_tag","embeddable":true,"href":"https:\/\/teiaeducation.ch\/fr\/wp-json\/wp\/v2\/product_tag?post=32057"}],"curies":[{"name":"wp","href":"https:\/\/api.w.org\/{rel}","templated":true}]}}