{"id":32078,"date":"2020-11-16T13:28:29","date_gmt":"2020-11-16T12:28:29","guid":{"rendered":"https:\/\/teiaeducation.ch\/?post_type=product&#038;p=32078"},"modified":"2022-09-27T16:38:50","modified_gmt":"2022-09-27T14:38:50","slug":"mousse-galets-grimms","status":"publish","type":"product","link":"https:\/\/teiaeducation.ch\/fr\/produit\/mousse-galets-grimms\/","title":{"rendered":"Galets vertes &#8211; Grimm&#8217;s"},"content":{"rendered":"<p>Galets vertes en bois \/ Blocs en bois durables faits main &#8211; Grimm&#8217;s<\/p>\n<p>Un magnifique ensemble inspir\u00e9 par Waldorf, durable en forme de galets vertes en bois de Grimm&#8217;s. Les 4 galets en bois, de couleur verte et de tailles diff\u00e9rentes, mesurent approximativement 2,5 x 6-12 cm chacun.<\/p>\n<p>L&#8217;ensemble de galets de Grimm&#8217;s est fabriqu\u00e9 en bois de tilleul et les blocs sont joliment arrondis en formes de pierres organiques. Ils sont peints dans de belles couleurs vives avec peints avec une peinture non toxique \u00e0 base d\u2019eau, ce qui les rend s\u00fbrs pour une utilisation par les petits enfants. Leurs tons vibrants repr\u00e9sentent l&#8217;\u00e9l\u00e9ment de la mousse.<\/p>\n<p>Ce jeu de galets est un merveilleux jouet naturel <a href=\"https:\/\/teiaeducation.ch\/product-category\/play\/stacking-toys\/\">d&#8217;empilage<\/a> et d&#8217;\u00e9quilibre et offre \u00e9galement des possibilit\u00e9s infinies de jeu cr\u00e9atif, imaginatif, ouvert et de petit monde, de la fabrication de sculptures \u00e0 la construction de grottes et de paysages pierreux. Id\u00e9al pour affiner les habilet\u00e9s motrices fines et aussi un bel ajout d\u00e9coratif \u00e0 n\u2019importe quelle salle de jeux, salle de classe ou chambre d\u2019enfant.<\/p>\n<p>Id\u00e9al pour jouer \u00e0 la maison, \u00e0 la cr\u00e8che, \u00e0 Waldorf ou \u00e0 l\u2019\u00e9cole Steiner, les beaux jouets en bois naturel de Grimms sont fabriqu\u00e9s selon la philosophie Waldorf qui est bien connue pour encourager les enfants \u00e0 d\u00e9couvrir le jeu cr\u00e9atif de mani\u00e8re ind\u00e9pendante, sans limitations et \u00e0 un rythme effr\u00e9n\u00e9. Les jouets en bois de Grimm&#8217;s sont color\u00e9s \u00e0 la main avec des peintures \u00e0 base d\u2019eau non toxiques et ne sont pas finis avec de la laque pour assurer les caract\u00e9ristiques originales du bois et pour qu&#8217;on puisse voir le grain \u00e0 travers. La surface des jouets fabriqu\u00e9s \u00e0 partir de bois europ\u00e9ens certifi\u00e9 FSC est laiss\u00e9e l\u00e9g\u00e8rement rugueuse, ce qui les rend plus facilement empilables et moins glissants.<\/p>\n<p>Les jouets en bois de Grimm&#8217;s sont fabriqu\u00e9s dans les manufacture de Grimm&#8217;s en Allemagne ainsi que dans plusieurs ateliers \u00e0 travers l\u2019Europe \u00e0 partir de diff\u00e9rents types de bois tels que l\u2019aulne, la chaux, le h\u00eatre et l\u2019\u00e9rable. Tout le bois utilis\u00e9 pour fabriquer les jouets de Grimm&#8217;s provient de for\u00eats europ\u00e9ennes g\u00e9r\u00e9es de mani\u00e8re durable.<\/p>\n<p>Veuillez noter que les jouets de Grimm&#8217;s sont toujours uniques, et portent des marques uniques faites par la nature. Le grain du bois a des structures et des couleurs changeantes qui servent de preuve de ses origines naturelles. Les variations uniques, les marques, les noeuds, les motifs, les rayures noires ou les taches sombres qui peuvent \u00eatre visibles dans le bois des jouets de Grimm&#8217;s sont une preuve de qualit\u00e9, et non des d\u00e9fauts.<\/p>\n<p>L&#8217;ensemble de galets de Grimm&#8217;s convient aux enfants \u00e2g\u00e9s de 1 an et plus.<\/p>\n<p>Contenu :<\/p>\n<p>4 galets en bois<\/p>\n","protected":false},"excerpt":{"rendered":"<p>Numero d&#8217;article : gri10058<\/p>\n<p>Le jeu de galets en bois fait main de Grimm&#8217;s est un merveilleux jouet naturel d&#8217;empilage et d&#8217;\u00e9quilibre et offre \u00e9galement des possibilit\u00e9s infinies de jeu cr\u00e9atif, imaginatif, ouvert et de petit monde !<\/p>\n","protected":false},"featured_media":32085,"comment_status":"open","ping_status":"closed","template":"","meta":[],"product_brand":[],"product_cat":[208,215,13150,16898,17225,18893,22344,24872,17212,17242,21257,22421,13130,13144,23020,23021,13140,7595,217,5851,22348,212,1219],"product_tag":[17337,17463,17888,8625,17465,20012,17893,17334,17332,17889,17890,17891,17892,17335,17462,17331,17464,17336],"class_list":{"0":"post-32078","1":"product","2":"type-product","3":"status-publish","4":"has-post-thumbnail","6":"product_cat-1-3-ans","7":"product_cat-3-6-ans","8":"product_cat-blocs-de-construction-en-bois","9":"product_cat-collection-automne","10":"product_cat-celebrations-fr","11":"product_cat-collection-printemps","12":"product_cat-collections-saisonnieres","13":"product_cat-construction-mondes-arc-en-ciel","14":"product_cat-grimms-fr","15":"product_cat-guide-cadeaux-1-3-ans","16":"product_cat-guides-cadeaux","17":"product_cat-idees-cadeaux-pour-paques","18":"product_cat-jouer","19":"product_cat-jouets-a-empiler","20":"product_cat-jouets-en-bois","21":"product_cat-jouets-waldorf","22":"product_cat-jeu-libre","23":"product_cat-methode-deducation","24":"product_cat-marques","25":"product_cat-nouveautes","26":"product_cat-natur-saisonale-tische","27":"product_cat-tranche-dage","28":"product_cat-waldorf-fr","29":"product_tag-arc-en-ciel-colore-en-bois-fait-main","30":"product_tag-assortiment-de-blocs-de-construction-en-bois-de-grimm","31":"product_tag-blocs-en-bois","32":"product_tag-fabrique-en-allemagne","33":"product_tag-formes-organiques-grimm","34":"product_tag-gimms-galets","35":"product_tag-gimms-galets-roses","36":"product_tag-grimm-suisse-fr","37":"product_tag-grimm-suisse","38":"product_tag-grimms-fr","39":"product_tag-grimms-couleurs-arc-en-ciel","40":"product_tag-grimms-galets","41":"product_tag-grimms-galets-feu","42":"product_tag-grimme-suisse","43":"product_tag-jeux-libres-en-bois","44":"product_tag-jouets-en-bois-waldorf","45":"product_tag-les-quatre-elements-waldorf","46":"product_tag-magasin-de-jouets-en-bois-grimm","48":"first","49":"outofstock","50":"taxable","51":"shipping-taxable","52":"purchasable","53":"product-type-simple"},"yoast_head":"<!-- This site is optimized with the Yoast SEO plugin v27.1.1 - https:\/\/yoast.com\/product\/yoast-seo-wordpress\/ -->\n<title>Galets vertes - Grimm&#039;s - Teia Education &amp; Play<\/title>\n<meta name=\"description\" content=\"Les galets de Grimm&#039;s sont des blocs en forme de pierre en bois durable, fabriqu\u00e9s \u00e0 la main et inspir\u00e9s de la m\u00e9thode Waldorf, \u00e0 empiler et \u00e0 jouer de mani\u00e8re illimit\u00e9e \u00e0 partir de 1 an.\" \/>\n<meta name=\"robots\" content=\"index, follow, max-snippet:-1, max-image-preview:large, max-video-preview:-1\" \/>\n<link rel=\"canonical\" href=\"https:\/\/teiaeducation.ch\/fr\/produit\/mousse-galets-grimms\/\" \/>\n<meta property=\"og:locale\" content=\"fr_FR\" \/>\n<meta property=\"og:type\" content=\"article\" \/>\n<meta property=\"og:title\" content=\"Galets vertes - Grimm&#039;s - Teia Education &amp; Play\" \/>\n<meta property=\"og:description\" content=\"Les galets de Grimm&#039;s sont des blocs en forme de pierre en bois durable, fabriqu\u00e9s \u00e0 la main et inspir\u00e9s de la m\u00e9thode Waldorf, \u00e0 empiler et \u00e0 jouer de mani\u00e8re illimit\u00e9e \u00e0 partir de 1 an.\" \/>\n<meta property=\"og:url\" content=\"https:\/\/teiaeducation.ch\/fr\/produit\/mousse-galets-grimms\/\" \/>\n<meta property=\"og:site_name\" content=\"Sustainable Educational Products &amp; Ecological Toys\u00a0\" \/>\n<meta property=\"article:publisher\" content=\"https:\/\/www.facebook.com\/teiaeducation\/\" \/>\n<meta property=\"article:modified_time\" content=\"2022-09-27T14:38:50+00:00\" \/>\n<meta property=\"og:image\" content=\"https:\/\/teiaeducation.ch\/wp-content\/uploads\/2020\/11\/Moss-wooden-pebbles-Handmade-sustainable-wooden-blocks-\u2013-Grimms-1.jpg\" \/>\n\t<meta property=\"og:image:width\" content=\"800\" \/>\n\t<meta property=\"og:image:height\" content=\"678\" \/>\n\t<meta property=\"og:image:type\" content=\"image\/jpeg\" \/>\n<script type=\"application\/ld+json\" class=\"yoast-schema-graph\">{\"@context\":\"https:\/\/schema.org\",\"@graph\":[{\"@type\":\"WebPage\",\"@id\":\"https:\/\/teiaeducation.ch\/fr\/produit\/mousse-galets-grimms\/\",\"url\":\"https:\/\/teiaeducation.ch\/fr\/produit\/mousse-galets-grimms\/\",\"name\":\"Galets vertes - Grimm's - Teia Education & Play\",\"isPartOf\":{\"@id\":\"https:\/\/teiaeducation.ch\/fr\/#website\"},\"primaryImageOfPage\":{\"@id\":\"https:\/\/teiaeducation.ch\/fr\/produit\/mousse-galets-grimms\/#primaryimage\"},\"image\":{\"@id\":\"https:\/\/teiaeducation.ch\/fr\/produit\/mousse-galets-grimms\/#primaryimage\"},\"thumbnailUrl\":\"https:\/\/teiaeducation.ch\/wp-content\/uploads\/2020\/11\/Moss-wooden-pebbles-Handmade-sustainable-wooden-blocks-\u2013-Grimms-1.jpg\",\"datePublished\":\"2020-11-16T12:28:29+00:00\",\"dateModified\":\"2022-09-27T14:38:50+00:00\",\"description\":\"Les galets de Grimm's sont des blocs en forme de pierre en bois durable, fabriqu\u00e9s \u00e0 la main et inspir\u00e9s de la m\u00e9thode Waldorf, \u00e0 empiler et \u00e0 jouer de mani\u00e8re illimit\u00e9e \u00e0 partir de 1 an.\",\"breadcrumb\":{\"@id\":\"https:\/\/teiaeducation.ch\/fr\/produit\/mousse-galets-grimms\/#breadcrumb\"},\"inLanguage\":\"fr-FR\",\"potentialAction\":[{\"@type\":\"ReadAction\",\"target\":[\"https:\/\/teiaeducation.ch\/fr\/produit\/mousse-galets-grimms\/\"]}]},{\"@type\":\"ImageObject\",\"inLanguage\":\"fr-FR\",\"@id\":\"https:\/\/teiaeducation.ch\/fr\/produit\/mousse-galets-grimms\/#primaryimage\",\"url\":\"https:\/\/teiaeducation.ch\/wp-content\/uploads\/2020\/11\/Moss-wooden-pebbles-Handmade-sustainable-wooden-blocks-\u2013-Grimms-1.jpg\",\"contentUrl\":\"https:\/\/teiaeducation.ch\/wp-content\/uploads\/2020\/11\/Moss-wooden-pebbles-Handmade-sustainable-wooden-blocks-\u2013-Grimms-1.jpg\",\"width\":800,\"height\":678,\"caption\":\"Galet en bois : Blocs en bois durables fabriqu\u00e9s \u00e0 la main - Grimm's\"},{\"@type\":\"BreadcrumbList\",\"@id\":\"https:\/\/teiaeducation.ch\/fr\/produit\/mousse-galets-grimms\/#breadcrumb\",\"itemListElement\":[{\"@type\":\"ListItem\",\"position\":1,\"name\":\"Home\",\"item\":\"https:\/\/teiaeducation.ch\/fr\/\"},{\"@type\":\"ListItem\",\"position\":2,\"name\":\"Boutique Teia Education &amp; Play\",\"item\":\"https:\/\/teiaeducation.ch\/fr\/boutique\/\"},{\"@type\":\"ListItem\",\"position\":3,\"name\":\"Nos Marques\",\"item\":\"https:\/\/teiaeducation.ch\/fr\/categorie-produit\/marques\/\"},{\"@type\":\"ListItem\",\"position\":4,\"name\":\"Grimm's\",\"item\":\"https:\/\/teiaeducation.ch\/fr\/categorie-produit\/marques\/grimms-fr\/\"},{\"@type\":\"ListItem\",\"position\":5,\"name\":\"Construction &amp; Mondes Arc-en-ciel\",\"item\":\"https:\/\/teiaeducation.ch\/fr\/categorie-produit\/marques\/grimms-fr\/construction-mondes-arc-en-ciel\/\"},{\"@type\":\"ListItem\",\"position\":6,\"name\":\"Galets vertes &#8211; Grimm&#8217;s\"}]},{\"@type\":\"WebSite\",\"@id\":\"https:\/\/teiaeducation.ch\/fr\/#website\",\"url\":\"https:\/\/teiaeducation.ch\/fr\/\",\"name\":\"Sustainable Educational Products &amp; Ecological Toys\u00a0\",\"description\":\"Specialised Swiss shop selling sustainable educational toys and games, AMI certified Montessori materials, handmade ecological wooden Waldorf toys and arts &amp; crafts supplies, school supplies, children&#039;s furniture and Montessori reference and parenting books.\",\"publisher\":{\"@id\":\"https:\/\/teiaeducation.ch\/fr\/#organization\"},\"alternateName\":\"Teia Education & Play\",\"potentialAction\":[{\"@type\":\"SearchAction\",\"target\":{\"@type\":\"EntryPoint\",\"urlTemplate\":\"https:\/\/teiaeducation.ch\/fr\/?s={search_term_string}\"},\"query-input\":{\"@type\":\"PropertyValueSpecification\",\"valueRequired\":true,\"valueName\":\"search_term_string\"}}],\"inLanguage\":\"fr-FR\"},{\"@type\":\"Organization\",\"@id\":\"https:\/\/teiaeducation.ch\/fr\/#organization\",\"name\":\"Teia Education & Play\",\"url\":\"https:\/\/teiaeducation.ch\/fr\/\",\"logo\":{\"@type\":\"ImageObject\",\"inLanguage\":\"fr-FR\",\"@id\":\"https:\/\/teiaeducation.ch\/fr\/#\/schema\/logo\/image\/\",\"url\":\"https:\/\/teiaeducation.ch\/wp-content\/uploads\/2020\/11\/Teia-Education-Switzerland-e1620156442216.jpg\",\"contentUrl\":\"https:\/\/teiaeducation.ch\/wp-content\/uploads\/2020\/11\/Teia-Education-Switzerland-e1620156442216.jpg\",\"width\":166,\"height\":145,\"caption\":\"Teia Education & Play\"},\"image\":{\"@id\":\"https:\/\/teiaeducation.ch\/fr\/#\/schema\/logo\/image\/\"},\"sameAs\":[\"https:\/\/www.facebook.com\/teiaeducation\/\",\"https:\/\/x.com\/EducationTeia\",\"https:\/\/www.instagram.com\/teia.education\/\",\"https:\/\/www.linkedin.com\/company\/35501660\",\"https:\/\/www.pinterest.ch\/TeiaEducation\/\"]}]}<\/script>\n<!-- \/ Yoast SEO plugin. -->","yoast_head_json":{"title":"Galets vertes - Grimm's - Teia Education & Play","description":"Les galets de Grimm's sont des blocs en forme de pierre en bois durable, fabriqu\u00e9s \u00e0 la main et inspir\u00e9s de la m\u00e9thode Waldorf, \u00e0 empiler et \u00e0 jouer de mani\u00e8re illimit\u00e9e \u00e0 partir de 1 an.","robots":{"index":"index","follow":"follow","max-snippet":"max-snippet:-1","max-image-preview":"max-image-preview:large","max-video-preview":"max-video-preview:-1"},"canonical":"https:\/\/teiaeducation.ch\/fr\/produit\/mousse-galets-grimms\/","og_locale":"fr_FR","og_type":"article","og_title":"Galets vertes - Grimm's - Teia Education & Play","og_description":"Les galets de Grimm's sont des blocs en forme de pierre en bois durable, fabriqu\u00e9s \u00e0 la main et inspir\u00e9s de la m\u00e9thode Waldorf, \u00e0 empiler et \u00e0 jouer de mani\u00e8re illimit\u00e9e \u00e0 partir de 1 an.","og_url":"https:\/\/teiaeducation.ch\/fr\/produit\/mousse-galets-grimms\/","og_site_name":"Sustainable Educational Products &amp; Ecological Toys\u00a0","article_publisher":"https:\/\/www.facebook.com\/teiaeducation\/","article_modified_time":"2022-09-27T14:38:50+00:00","og_image":[{"width":800,"height":678,"url":"https:\/\/teiaeducation.ch\/wp-content\/uploads\/2020\/11\/Moss-wooden-pebbles-Handmade-sustainable-wooden-blocks-\u2013-Grimms-1.jpg","type":"image\/jpeg"}],"schema":{"@context":"https:\/\/schema.org","@graph":[{"@type":"WebPage","@id":"https:\/\/teiaeducation.ch\/fr\/produit\/mousse-galets-grimms\/","url":"https:\/\/teiaeducation.ch\/fr\/produit\/mousse-galets-grimms\/","name":"Galets vertes - Grimm's - Teia Education & Play","isPartOf":{"@id":"https:\/\/teiaeducation.ch\/fr\/#website"},"primaryImageOfPage":{"@id":"https:\/\/teiaeducation.ch\/fr\/produit\/mousse-galets-grimms\/#primaryimage"},"image":{"@id":"https:\/\/teiaeducation.ch\/fr\/produit\/mousse-galets-grimms\/#primaryimage"},"thumbnailUrl":"https:\/\/teiaeducation.ch\/wp-content\/uploads\/2020\/11\/Moss-wooden-pebbles-Handmade-sustainable-wooden-blocks-\u2013-Grimms-1.jpg","datePublished":"2020-11-16T12:28:29+00:00","dateModified":"2022-09-27T14:38:50+00:00","description":"Les galets de Grimm's sont des blocs en forme de pierre en bois durable, fabriqu\u00e9s \u00e0 la main et inspir\u00e9s de la m\u00e9thode Waldorf, \u00e0 empiler et \u00e0 jouer de mani\u00e8re illimit\u00e9e \u00e0 partir de 1 an.","breadcrumb":{"@id":"https:\/\/teiaeducation.ch\/fr\/produit\/mousse-galets-grimms\/#breadcrumb"},"inLanguage":"fr-FR","potentialAction":[{"@type":"ReadAction","target":["https:\/\/teiaeducation.ch\/fr\/produit\/mousse-galets-grimms\/"]}]},{"@type":"ImageObject","inLanguage":"fr-FR","@id":"https:\/\/teiaeducation.ch\/fr\/produit\/mousse-galets-grimms\/#primaryimage","url":"https:\/\/teiaeducation.ch\/wp-content\/uploads\/2020\/11\/Moss-wooden-pebbles-Handmade-sustainable-wooden-blocks-\u2013-Grimms-1.jpg","contentUrl":"https:\/\/teiaeducation.ch\/wp-content\/uploads\/2020\/11\/Moss-wooden-pebbles-Handmade-sustainable-wooden-blocks-\u2013-Grimms-1.jpg","width":800,"height":678,"caption":"Galet en bois : Blocs en bois durables fabriqu\u00e9s \u00e0 la main - Grimm's"},{"@type":"BreadcrumbList","@id":"https:\/\/teiaeducation.ch\/fr\/produit\/mousse-galets-grimms\/#breadcrumb","itemListElement":[{"@type":"ListItem","position":1,"name":"Home","item":"https:\/\/teiaeducation.ch\/fr\/"},{"@type":"ListItem","position":2,"name":"Boutique Teia Education &amp; Play","item":"https:\/\/teiaeducation.ch\/fr\/boutique\/"},{"@type":"ListItem","position":3,"name":"Nos Marques","item":"https:\/\/teiaeducation.ch\/fr\/categorie-produit\/marques\/"},{"@type":"ListItem","position":4,"name":"Grimm's","item":"https:\/\/teiaeducation.ch\/fr\/categorie-produit\/marques\/grimms-fr\/"},{"@type":"ListItem","position":5,"name":"Construction &amp; Mondes Arc-en-ciel","item":"https:\/\/teiaeducation.ch\/fr\/categorie-produit\/marques\/grimms-fr\/construction-mondes-arc-en-ciel\/"},{"@type":"ListItem","position":6,"name":"Galets vertes &#8211; Grimm&#8217;s"}]},{"@type":"WebSite","@id":"https:\/\/teiaeducation.ch\/fr\/#website","url":"https:\/\/teiaeducation.ch\/fr\/","name":"Sustainable Educational Products &amp; Ecological Toys\u00a0","description":"Specialised Swiss shop selling sustainable educational toys and games, AMI certified Montessori materials, handmade ecological wooden Waldorf toys and arts &amp; crafts supplies, school supplies, children&#039;s furniture and Montessori reference and parenting books.","publisher":{"@id":"https:\/\/teiaeducation.ch\/fr\/#organization"},"alternateName":"Teia Education & Play","potentialAction":[{"@type":"SearchAction","target":{"@type":"EntryPoint","urlTemplate":"https:\/\/teiaeducation.ch\/fr\/?s={search_term_string}"},"query-input":{"@type":"PropertyValueSpecification","valueRequired":true,"valueName":"search_term_string"}}],"inLanguage":"fr-FR"},{"@type":"Organization","@id":"https:\/\/teiaeducation.ch\/fr\/#organization","name":"Teia Education & Play","url":"https:\/\/teiaeducation.ch\/fr\/","logo":{"@type":"ImageObject","inLanguage":"fr-FR","@id":"https:\/\/teiaeducation.ch\/fr\/#\/schema\/logo\/image\/","url":"https:\/\/teiaeducation.ch\/wp-content\/uploads\/2020\/11\/Teia-Education-Switzerland-e1620156442216.jpg","contentUrl":"https:\/\/teiaeducation.ch\/wp-content\/uploads\/2020\/11\/Teia-Education-Switzerland-e1620156442216.jpg","width":166,"height":145,"caption":"Teia Education & Play"},"image":{"@id":"https:\/\/teiaeducation.ch\/fr\/#\/schema\/logo\/image\/"},"sameAs":["https:\/\/www.facebook.com\/teiaeducation\/","https:\/\/x.com\/EducationTeia","https:\/\/www.instagram.com\/teia.education\/","https:\/\/www.linkedin.com\/company\/35501660","https:\/\/www.pinterest.ch\/TeiaEducation\/"]}]}},"_links":{"self":[{"href":"https:\/\/teiaeducation.ch\/fr\/wp-json\/wp\/v2\/product\/32078","targetHints":{"allow":["GET"]}}],"collection":[{"href":"https:\/\/teiaeducation.ch\/fr\/wp-json\/wp\/v2\/product"}],"about":[{"href":"https:\/\/teiaeducation.ch\/fr\/wp-json\/wp\/v2\/types\/product"}],"replies":[{"embeddable":true,"href":"https:\/\/teiaeducation.ch\/fr\/wp-json\/wp\/v2\/comments?post=32078"}],"wp:featuredmedia":[{"embeddable":true,"href":"https:\/\/teiaeducation.ch\/fr\/wp-json\/wp\/v2\/media\/32085"}],"wp:attachment":[{"href":"https:\/\/teiaeducation.ch\/fr\/wp-json\/wp\/v2\/media?parent=32078"}],"wp:term":[{"taxonomy":"product_brand","embeddable":true,"href":"https:\/\/teiaeducation.ch\/fr\/wp-json\/wp\/v2\/product_brand?post=32078"},{"taxonomy":"product_cat","embeddable":true,"href":"https:\/\/teiaeducation.ch\/fr\/wp-json\/wp\/v2\/product_cat?post=32078"},{"taxonomy":"product_tag","embeddable":true,"href":"https:\/\/teiaeducation.ch\/fr\/wp-json\/wp\/v2\/product_tag?post=32078"}],"curies":[{"name":"wp","href":"https:\/\/api.w.org\/{rel}","templated":true}]}}