{"id":32103,"date":"2020-05-26T22:06:46","date_gmt":"2020-05-26T20:06:46","guid":{"rendered":"https:\/\/teiaeducation.ch\/product\/grand-omnibus-en-bois-debresk\/"},"modified":"2020-12-20T16:28:12","modified_gmt":"2020-12-20T15:28:12","slug":"grand-omnibus-en-bois-debresk","status":"publish","type":"product","link":"https:\/\/teiaeducation.ch\/fr\/produit\/grand-omnibus-en-bois-debresk\/","title":{"rendered":"Grand Omnibus en bois &#8211; Debresk"},"content":{"rendered":"<p>Grand Omnibus en bois &#8211; Debresk<\/p>\n<p>Le grand Omnibus en bois de Debresk est enti\u00e8rement fabriqu\u00e9 \u00e0 la main en Su\u00e8de \u00e0 partir de pin \u00e0 lin durable et pr\u00e9sente des d\u00e9tails en bouleau. Tous les \u00e9l\u00e9ments du <a href=\"https:\/\/teiaeducation.ch\/fr\/categorie-produit\/jouer\/voitures-vehicules\/\">bus<\/a> sont ponc\u00e9s et finis avec de l\u2019huile de lin permettant la beaut\u00e9 naturelle et le grain du bois d\u2019\u00eatre visible<\/p>\n<p>Le grand Omnibus m\u00e9sure 26 x 9 x 12 cm.<\/p>\n<p>Les jouets Debresk sont con\u00e7us pour \u00eatre beaux, se sentent agr\u00e9ables au toucher, et sont destin\u00e9s \u00e0 \u00eatre transmis de g\u00e9n\u00e9ration en g\u00e9n\u00e9ration. Consid\u00e9r\u00e9s comme une v\u00e9ritable marque Waldorf, les jouets Debresk sont con\u00e7us pour plaire et cr\u00e9er un \u00e9quilibre entre les diff\u00e9rents sens de l\u2019enfant en pleine croissance.<\/p>\n<p>Fond\u00e9e par deux anciens \u00e9l\u00e8ves d\u2019une \u00e9cole su\u00e9doise Waldorf, la philosophie derri\u00e8re la marque est de fournir des jouets fabriqu\u00e9s \u00e0 partir de mat\u00e9riaux vivants pour promouvoir la relation de l\u2019enfant avec le monde vivant. En utilisant uniquement des mat\u00e9riaux naturels pour fabriquer les jouets Debresk, ils cultivent une appr\u00e9ciation de la beaut\u00e9 et l\u2019importance de prendre soin de la nature et des choses qui nous entourent.<\/p>\n<p>Le grand Omnibus en bois de Debresk convient aux enfants enfants \u00e2g\u00e9s de 12 mois et plus.<\/p>\n<p>Contenu:<\/p>\n<p>1 grand Omnibus (longueur: 26 x hauteur: 13 x largeur: 11 cm)<\/p>\n","protected":false},"excerpt":{"rendered":"<p>Num\u00e9ro d\u2019article: 70200017<\/p>\n","protected":false},"featured_media":26763,"comment_status":"open","ping_status":"closed","template":"","meta":[],"product_brand":[],"product_cat":[208,215,13117,13130,23020,23021,7595,217,212,17236,1219],"product_tag":[17923,17921,17920,17918,6714],"class_list":{"0":"post-32103","1":"product","2":"type-product","3":"status-publish","4":"has-post-thumbnail","6":"product_cat-1-3-ans","7":"product_cat-3-6-ans","8":"product_cat-debresk-fr","9":"product_cat-jouer","10":"product_cat-jouets-en-bois","11":"product_cat-jouets-waldorf","12":"product_cat-methode-deducation","13":"product_cat-marques","14":"product_cat-tranche-dage","15":"product_cat-voitures-vehicules","16":"product_cat-waldorf-fr","17":"product_tag-bus-jouet-en-bois","18":"product_tag-debresk-suisse-fr","19":"product_tag-debresk-switzerland-fr","20":"product_tag-jouet-en-bois-waldorf","21":"product_tag-jouets-en-bois-faits-a-la-main","23":"first","24":"instock","25":"taxable","26":"shipping-taxable","27":"purchasable","28":"product-type-simple"},"yoast_head":"<!-- This site is optimized with the Yoast SEO Premium plugin v25.8 (Yoast SEO v27.4) - https:\/\/yoast.com\/product\/yoast-seo-premium-wordpress\/ -->\n<title>Grand Omnibus en bois - Debresk - Teia Education &amp; Play<\/title>\n<meta name=\"description\" content=\"Le grand Omnibus en bois de Debresk mesure 26 x 9 x 12 cm et est enti\u00e8rement fabriqu\u00e9 \u00e0 la main en Su\u00e8de \u00e0 partir de pin \u00e0 lin durable.\" \/>\n<meta name=\"robots\" content=\"index, follow, max-snippet:-1, max-image-preview:large, max-video-preview:-1\" \/>\n<link rel=\"canonical\" href=\"https:\/\/teiaeducation.ch\/fr\/produit\/grand-omnibus-en-bois-debresk\/\" \/>\n<meta property=\"og:locale\" content=\"fr_FR\" \/>\n<meta property=\"og:type\" content=\"article\" \/>\n<meta property=\"og:title\" content=\"Grand Omnibus en bois - Debresk\" \/>\n<meta property=\"og:description\" content=\"Le grand Omnibus en bois de Debresk mesure 26 x 9 x 12 cm et est enti\u00e8rement fabriqu\u00e9 \u00e0 la main en Su\u00e8de \u00e0 partir de pin \u00e0 lin durable.\" \/>\n<meta property=\"og:url\" content=\"https:\/\/teiaeducation.ch\/fr\/produit\/grand-omnibus-en-bois-debresk\/\" \/>\n<meta property=\"og:site_name\" content=\"Sustainable Educational Products &amp; Ecological Toys\u00a0\" \/>\n<meta property=\"article:publisher\" content=\"https:\/\/www.facebook.com\/teiaeducation\/\" \/>\n<meta property=\"article:modified_time\" content=\"2020-12-20T15:28:12+00:00\" \/>\n<meta property=\"og:image\" content=\"https:\/\/teiaeducation.ch\/wp-content\/uploads\/2020\/05\/Large-wooden-Omnibus-Debresk-Teia-Education-Switzerland.jpg\" \/>\n\t<meta property=\"og:image:width\" content=\"950\" \/>\n\t<meta property=\"og:image:height\" content=\"950\" \/>\n\t<meta property=\"og:image:type\" content=\"image\/jpeg\" \/>\n<script type=\"application\/ld+json\" class=\"yoast-schema-graph\">{\"@context\":\"https:\\\/\\\/schema.org\",\"@graph\":[{\"@type\":\"WebPage\",\"@id\":\"https:\\\/\\\/teiaeducation.ch\\\/fr\\\/produit\\\/grand-omnibus-en-bois-debresk\\\/\",\"url\":\"https:\\\/\\\/teiaeducation.ch\\\/fr\\\/produit\\\/grand-omnibus-en-bois-debresk\\\/\",\"name\":\"Grand Omnibus en bois - Debresk - Teia Education & Play\",\"isPartOf\":{\"@id\":\"https:\\\/\\\/teiaeducation.ch\\\/fr\\\/#website\"},\"primaryImageOfPage\":{\"@id\":\"https:\\\/\\\/teiaeducation.ch\\\/fr\\\/produit\\\/grand-omnibus-en-bois-debresk\\\/#primaryimage\"},\"image\":{\"@id\":\"https:\\\/\\\/teiaeducation.ch\\\/fr\\\/produit\\\/grand-omnibus-en-bois-debresk\\\/#primaryimage\"},\"thumbnailUrl\":\"https:\\\/\\\/teiaeducation.ch\\\/wp-content\\\/uploads\\\/2020\\\/05\\\/Large-wooden-Omnibus-Debresk-Teia-Education-Switzerland.jpg\",\"datePublished\":\"2020-05-26T20:06:46+00:00\",\"dateModified\":\"2020-12-20T15:28:12+00:00\",\"description\":\"Le grand Omnibus en bois de Debresk mesure 26 x 9 x 12 cm et est enti\u00e8rement fabriqu\u00e9 \u00e0 la main en Su\u00e8de \u00e0 partir de pin \u00e0 lin durable.\",\"breadcrumb\":{\"@id\":\"https:\\\/\\\/teiaeducation.ch\\\/fr\\\/produit\\\/grand-omnibus-en-bois-debresk\\\/#breadcrumb\"},\"inLanguage\":\"fr-FR\",\"potentialAction\":[{\"@type\":\"ReadAction\",\"target\":[\"https:\\\/\\\/teiaeducation.ch\\\/fr\\\/produit\\\/grand-omnibus-en-bois-debresk\\\/\"]}]},{\"@type\":\"ImageObject\",\"inLanguage\":\"fr-FR\",\"@id\":\"https:\\\/\\\/teiaeducation.ch\\\/fr\\\/produit\\\/grand-omnibus-en-bois-debresk\\\/#primaryimage\",\"url\":\"https:\\\/\\\/teiaeducation.ch\\\/wp-content\\\/uploads\\\/2020\\\/05\\\/Large-wooden-Omnibus-Debresk-Teia-Education-Switzerland.jpg\",\"contentUrl\":\"https:\\\/\\\/teiaeducation.ch\\\/wp-content\\\/uploads\\\/2020\\\/05\\\/Large-wooden-Omnibus-Debresk-Teia-Education-Switzerland.jpg\",\"width\":950,\"height\":950,\"caption\":\"Grand Omnibus en bois - Debresk - Teia Education Switzerland\"},{\"@type\":\"BreadcrumbList\",\"@id\":\"https:\\\/\\\/teiaeducation.ch\\\/fr\\\/produit\\\/grand-omnibus-en-bois-debresk\\\/#breadcrumb\",\"itemListElement\":[{\"@type\":\"ListItem\",\"position\":1,\"name\":\"Home\",\"item\":\"https:\\\/\\\/teiaeducation.ch\\\/fr\\\/\"},{\"@type\":\"ListItem\",\"position\":2,\"name\":\"Boutique Teia Education &amp; Play\",\"item\":\"https:\\\/\\\/teiaeducation.ch\\\/fr\\\/boutique\\\/\"},{\"@type\":\"ListItem\",\"position\":3,\"name\":\"Nos Marques\",\"item\":\"https:\\\/\\\/teiaeducation.ch\\\/fr\\\/categorie-produit\\\/marques\\\/\"},{\"@type\":\"ListItem\",\"position\":4,\"name\":\"Debresk\",\"item\":\"https:\\\/\\\/teiaeducation.ch\\\/fr\\\/categorie-produit\\\/marques\\\/debresk-fr\\\/\"},{\"@type\":\"ListItem\",\"position\":5,\"name\":\"Grand Omnibus en bois &#8211; Debresk\"}]},{\"@type\":\"WebSite\",\"@id\":\"https:\\\/\\\/teiaeducation.ch\\\/fr\\\/#website\",\"url\":\"https:\\\/\\\/teiaeducation.ch\\\/fr\\\/\",\"name\":\"Sustainable Educational Products &amp; Ecological Toys\u00a0\",\"description\":\"Specialised Swiss shop selling sustainable educational toys and games, AMI certified Montessori materials, handmade ecological wooden Waldorf toys and arts &amp; crafts supplies, school supplies, children&#039;s furniture and Montessori reference and parenting books.\",\"publisher\":{\"@id\":\"https:\\\/\\\/teiaeducation.ch\\\/fr\\\/#organization\"},\"alternateName\":\"Teia Education & Play\",\"potentialAction\":[{\"@type\":\"SearchAction\",\"target\":{\"@type\":\"EntryPoint\",\"urlTemplate\":\"https:\\\/\\\/teiaeducation.ch\\\/fr\\\/?s={search_term_string}\"},\"query-input\":{\"@type\":\"PropertyValueSpecification\",\"valueRequired\":true,\"valueName\":\"search_term_string\"}}],\"inLanguage\":\"fr-FR\"},{\"@type\":\"Organization\",\"@id\":\"https:\\\/\\\/teiaeducation.ch\\\/fr\\\/#organization\",\"name\":\"Teia Education & Play\",\"url\":\"https:\\\/\\\/teiaeducation.ch\\\/fr\\\/\",\"logo\":{\"@type\":\"ImageObject\",\"inLanguage\":\"fr-FR\",\"@id\":\"https:\\\/\\\/teiaeducation.ch\\\/fr\\\/#\\\/schema\\\/logo\\\/image\\\/\",\"url\":\"https:\\\/\\\/teiaeducation.ch\\\/wp-content\\\/uploads\\\/2020\\\/11\\\/Teia-Education-Switzerland-e1620156442216.jpg\",\"contentUrl\":\"https:\\\/\\\/teiaeducation.ch\\\/wp-content\\\/uploads\\\/2020\\\/11\\\/Teia-Education-Switzerland-e1620156442216.jpg\",\"width\":166,\"height\":145,\"caption\":\"Teia Education & Play\"},\"image\":{\"@id\":\"https:\\\/\\\/teiaeducation.ch\\\/fr\\\/#\\\/schema\\\/logo\\\/image\\\/\"},\"sameAs\":[\"https:\\\/\\\/www.facebook.com\\\/teiaeducation\\\/\",\"https:\\\/\\\/x.com\\\/EducationTeia\",\"https:\\\/\\\/www.instagram.com\\\/teia.education\\\/\",\"https:\\\/\\\/www.linkedin.com\\\/company\\\/35501660\",\"https:\\\/\\\/www.pinterest.ch\\\/TeiaEducation\\\/\"]}]}<\/script>\n<meta property=\"product:price:amount\" content=\"65.00\" \/>\n<meta property=\"product:price:currency\" content=\"CHF\" \/>\n<meta property=\"og:availability\" content=\"instock\" \/>\n<meta property=\"product:availability\" content=\"instock\" \/>\n<meta property=\"product:retailer_item_id\" content=\"00000000000000000000000000000000000000000000026761\" \/>\n<meta property=\"product:condition\" content=\"new\" \/>\n<!-- \/ Yoast SEO Premium plugin. -->","yoast_head_json":{"title":"Grand Omnibus en bois - Debresk - Teia Education & Play","description":"Le grand Omnibus en bois de Debresk mesure 26 x 9 x 12 cm et est enti\u00e8rement fabriqu\u00e9 \u00e0 la main en Su\u00e8de \u00e0 partir de pin \u00e0 lin durable.","robots":{"index":"index","follow":"follow","max-snippet":"max-snippet:-1","max-image-preview":"max-image-preview:large","max-video-preview":"max-video-preview:-1"},"canonical":"https:\/\/teiaeducation.ch\/fr\/produit\/grand-omnibus-en-bois-debresk\/","og_locale":"fr_FR","og_type":"article","og_title":"Grand Omnibus en bois - Debresk","og_description":"Le grand Omnibus en bois de Debresk mesure 26 x 9 x 12 cm et est enti\u00e8rement fabriqu\u00e9 \u00e0 la main en Su\u00e8de \u00e0 partir de pin \u00e0 lin durable.","og_url":"https:\/\/teiaeducation.ch\/fr\/produit\/grand-omnibus-en-bois-debresk\/","og_site_name":"Sustainable Educational Products &amp; Ecological Toys\u00a0","article_publisher":"https:\/\/www.facebook.com\/teiaeducation\/","article_modified_time":"2020-12-20T15:28:12+00:00","og_image":[{"width":950,"height":950,"url":"https:\/\/teiaeducation.ch\/wp-content\/uploads\/2020\/05\/Large-wooden-Omnibus-Debresk-Teia-Education-Switzerland.jpg","type":"image\/jpeg"}],"schema":{"@context":"https:\/\/schema.org","@graph":[{"@type":"WebPage","@id":"https:\/\/teiaeducation.ch\/fr\/produit\/grand-omnibus-en-bois-debresk\/","url":"https:\/\/teiaeducation.ch\/fr\/produit\/grand-omnibus-en-bois-debresk\/","name":"Grand Omnibus en bois - Debresk - Teia Education & Play","isPartOf":{"@id":"https:\/\/teiaeducation.ch\/fr\/#website"},"primaryImageOfPage":{"@id":"https:\/\/teiaeducation.ch\/fr\/produit\/grand-omnibus-en-bois-debresk\/#primaryimage"},"image":{"@id":"https:\/\/teiaeducation.ch\/fr\/produit\/grand-omnibus-en-bois-debresk\/#primaryimage"},"thumbnailUrl":"https:\/\/teiaeducation.ch\/wp-content\/uploads\/2020\/05\/Large-wooden-Omnibus-Debresk-Teia-Education-Switzerland.jpg","datePublished":"2020-05-26T20:06:46+00:00","dateModified":"2020-12-20T15:28:12+00:00","description":"Le grand Omnibus en bois de Debresk mesure 26 x 9 x 12 cm et est enti\u00e8rement fabriqu\u00e9 \u00e0 la main en Su\u00e8de \u00e0 partir de pin \u00e0 lin durable.","breadcrumb":{"@id":"https:\/\/teiaeducation.ch\/fr\/produit\/grand-omnibus-en-bois-debresk\/#breadcrumb"},"inLanguage":"fr-FR","potentialAction":[{"@type":"ReadAction","target":["https:\/\/teiaeducation.ch\/fr\/produit\/grand-omnibus-en-bois-debresk\/"]}]},{"@type":"ImageObject","inLanguage":"fr-FR","@id":"https:\/\/teiaeducation.ch\/fr\/produit\/grand-omnibus-en-bois-debresk\/#primaryimage","url":"https:\/\/teiaeducation.ch\/wp-content\/uploads\/2020\/05\/Large-wooden-Omnibus-Debresk-Teia-Education-Switzerland.jpg","contentUrl":"https:\/\/teiaeducation.ch\/wp-content\/uploads\/2020\/05\/Large-wooden-Omnibus-Debresk-Teia-Education-Switzerland.jpg","width":950,"height":950,"caption":"Grand Omnibus en bois - Debresk - Teia Education Switzerland"},{"@type":"BreadcrumbList","@id":"https:\/\/teiaeducation.ch\/fr\/produit\/grand-omnibus-en-bois-debresk\/#breadcrumb","itemListElement":[{"@type":"ListItem","position":1,"name":"Home","item":"https:\/\/teiaeducation.ch\/fr\/"},{"@type":"ListItem","position":2,"name":"Boutique Teia Education &amp; Play","item":"https:\/\/teiaeducation.ch\/fr\/boutique\/"},{"@type":"ListItem","position":3,"name":"Nos Marques","item":"https:\/\/teiaeducation.ch\/fr\/categorie-produit\/marques\/"},{"@type":"ListItem","position":4,"name":"Debresk","item":"https:\/\/teiaeducation.ch\/fr\/categorie-produit\/marques\/debresk-fr\/"},{"@type":"ListItem","position":5,"name":"Grand Omnibus en bois &#8211; Debresk"}]},{"@type":"WebSite","@id":"https:\/\/teiaeducation.ch\/fr\/#website","url":"https:\/\/teiaeducation.ch\/fr\/","name":"Sustainable Educational Products &amp; Ecological Toys\u00a0","description":"Specialised Swiss shop selling sustainable educational toys and games, AMI certified Montessori materials, handmade ecological wooden Waldorf toys and arts &amp; crafts supplies, school supplies, children&#039;s furniture and Montessori reference and parenting books.","publisher":{"@id":"https:\/\/teiaeducation.ch\/fr\/#organization"},"alternateName":"Teia Education & Play","potentialAction":[{"@type":"SearchAction","target":{"@type":"EntryPoint","urlTemplate":"https:\/\/teiaeducation.ch\/fr\/?s={search_term_string}"},"query-input":{"@type":"PropertyValueSpecification","valueRequired":true,"valueName":"search_term_string"}}],"inLanguage":"fr-FR"},{"@type":"Organization","@id":"https:\/\/teiaeducation.ch\/fr\/#organization","name":"Teia Education & Play","url":"https:\/\/teiaeducation.ch\/fr\/","logo":{"@type":"ImageObject","inLanguage":"fr-FR","@id":"https:\/\/teiaeducation.ch\/fr\/#\/schema\/logo\/image\/","url":"https:\/\/teiaeducation.ch\/wp-content\/uploads\/2020\/11\/Teia-Education-Switzerland-e1620156442216.jpg","contentUrl":"https:\/\/teiaeducation.ch\/wp-content\/uploads\/2020\/11\/Teia-Education-Switzerland-e1620156442216.jpg","width":166,"height":145,"caption":"Teia Education & Play"},"image":{"@id":"https:\/\/teiaeducation.ch\/fr\/#\/schema\/logo\/image\/"},"sameAs":["https:\/\/www.facebook.com\/teiaeducation\/","https:\/\/x.com\/EducationTeia","https:\/\/www.instagram.com\/teia.education\/","https:\/\/www.linkedin.com\/company\/35501660","https:\/\/www.pinterest.ch\/TeiaEducation\/"]}]},"product_price_amount":"65.00","product_price_currency":"CHF","og_availability":"instock","product_availability":"instock","product_retailer_item_id":"00000000000000000000000000000000000000000000026761","product_condition":"new"},"_links":{"self":[{"href":"https:\/\/teiaeducation.ch\/fr\/wp-json\/wp\/v2\/product\/32103","targetHints":{"allow":["GET"]}}],"collection":[{"href":"https:\/\/teiaeducation.ch\/fr\/wp-json\/wp\/v2\/product"}],"about":[{"href":"https:\/\/teiaeducation.ch\/fr\/wp-json\/wp\/v2\/types\/product"}],"replies":[{"embeddable":true,"href":"https:\/\/teiaeducation.ch\/fr\/wp-json\/wp\/v2\/comments?post=32103"}],"wp:featuredmedia":[{"embeddable":true,"href":"https:\/\/teiaeducation.ch\/fr\/wp-json\/wp\/v2\/media\/26763"}],"wp:attachment":[{"href":"https:\/\/teiaeducation.ch\/fr\/wp-json\/wp\/v2\/media?parent=32103"}],"wp:term":[{"taxonomy":"product_brand","embeddable":true,"href":"https:\/\/teiaeducation.ch\/fr\/wp-json\/wp\/v2\/product_brand?post=32103"},{"taxonomy":"product_cat","embeddable":true,"href":"https:\/\/teiaeducation.ch\/fr\/wp-json\/wp\/v2\/product_cat?post=32103"},{"taxonomy":"product_tag","embeddable":true,"href":"https:\/\/teiaeducation.ch\/fr\/wp-json\/wp\/v2\/product_tag?post=32103"}],"curies":[{"name":"wp","href":"https:\/\/api.w.org\/{rel}","templated":true}]}}