{"id":32141,"date":"2020-12-05T13:56:16","date_gmt":"2020-12-05T12:56:16","guid":{"rendered":"https:\/\/teiaeducation.ch\/product\/demi-cercles-arc-en-ciel-grimms\/"},"modified":"2023-01-16T22:41:16","modified_gmt":"2023-01-16T21:41:16","slug":"demi-cercles-arc-en-ciel-grimms","status":"publish","type":"product","link":"https:\/\/teiaeducation.ch\/fr\/produit\/demi-cercles-arc-en-ciel-grimms\/","title":{"rendered":"Demi-cercles arc-en-ciel &#8211; Grimm\u2019s"},"content":{"rendered":"<p>Jouet demi-cercles arc-en-ciel \/ Puzzle cr\u00e9atif en bois durable fait main &#8211; Grimm&#8217;s<\/p>\n<p>L\u2019ensemble de demi-cercles arc-en-ciel de Grimm&#8217;s est un magnifique et tr\u00e8s grand <a href=\"https:\/\/teiaeducation.ch\/fr\/categorie-produit\/jouer\/puzzles-en-bois\/\">puzzle<\/a>\u00a0cr\u00e9atif en bois durable fait \u00e0 la main et peints dans de superbes couleurs arc-en-ciel. Jouet parfait pour un jeu cr\u00e9atif \u00e0 dur\u00e9e ind\u00e9termin\u00e9e populaire dans les p\u00e9dagogies Waldorf et Montessori, cet ensemble d\u2019empilage de 11 demi-cercles en bois d\u00e9tient des possibilit\u00e9s \u00e9tonnantes pour la construction, l\u2019empilage et bien plus encore.<\/p>\n<p>Recommand\u00e9 par le guide de jouets \u00ab Spiel Gut \u00bb, des motifs et des structures \u00e9tonnants peuvent \u00eatre imagin\u00e9s par de petits architectes. Ajoutez-les aux ensembles de blocs de construction, fabriquez des tunnels ou des arcs-en-ciel comme plates-formes, bases ou toits et cr\u00e9ez des maisons de poup\u00e9es arc-en-ciel, des villages ou des grattes-ciel. Avec 11 demi-cercles en bois de tailles diff\u00e9rentes, chacun dans une couleur de l&#8217;arc-en-ciel diff\u00e9rente.<\/p>\n<p>Les demi-cercles arc-en-ciel du Grimm&#8217;s sont en bois de bouleau et sont finis dans de beaux tons arc-en-ciel lumineux avec des peintires non toxiques \u00e0 base d\u2019eau, ce qui les rend s\u00fbrs pour les enfants. Ils font tous 2cm d\u2019\u00e9paisseur et le plus grand demi-cercle mesure 37cm de longueur.<\/p>\n<p>Id\u00e9al pour jouer \u00e0 la maison, \u00e0 la cr\u00e8che, \u00e0 Waldorf ou \u00e0 l\u2019\u00e9cole Steiner, les beaux jouets en bois naturel de Grimm&#8217;s sont fabriqu\u00e9s selon la philosophie Waldorf qui est bien connue pour encourager les enfants \u00e0 d\u00e9couvrir le jeu cr\u00e9atif de mani\u00e8re ind\u00e9pendante, sans limitations et \u00e0 un rythme effr\u00e9n\u00e9. Les jouets en bois de Grimm&#8217;s sont color\u00e9s \u00e0 la main avec des peintures \u00e0 base d\u2019eau non toxiques et ne sont pas finis avec de la laque pour assurer les caract\u00e9ristiques originales du bois et pour qu&#8217;on puisse voir le grain \u00e0 travers. La surface des morceaux de bois europ\u00e9ens certifi\u00e9s FSC est laiss\u00e9e l\u00e9g\u00e8rement rugueuse, ce qui les rend plus facilement empilables et moins glissants.<\/p>\n<p>Les jouets en bois de Grimm&#8217;s sont fabriqu\u00e9s dans les installations de Grimm&#8217;s en Allemagne ainsi que dans plusieurs ateliers \u00e0 travers l\u2019Europe \u00e0 partir de diff\u00e9rents types de bois tels que l\u2019aulne, la chaux, le h\u00eatre et l\u2019\u00e9rable. Tout le bois utilis\u00e9 pour fabriquer les jouets de Grimm&#8217;s provient de for\u00eats europ\u00e9ennes g\u00e9r\u00e9es de mani\u00e8re durable.<\/p>\n<p>Veuillez noter que les jouets de Grimm&#8217;s sont toujours uniques, et portent des marques uniques faites par la nature. Le grain de bois a des structures et des couleurs changeantes qui servent de preuve de ses origines naturelles. Les variations uniques, les marques, les noeuds, les motifs, les rayures noires ou les taches sombres qui peuvent \u00eatre visibles dans le bois d\u2019un jouet de Grimm&#8217;s sont une preuve de qualit\u00e9, et non des d\u00e9fauts.<\/p>\n<p>L\u2019ensemble des demi-cercles arc-en-ciel de Grimm&#8217;s convient aux enfants \u00e2g\u00e9s de 2 ans et plus.<\/p>\n<p>Contenu:<\/p>\n<p>11 demi-cercles en bois<\/p>\n","protected":false},"excerpt":{"rendered":"<p>Num\u00e9ro d\u2019article: gri10675<\/p>\n<p>Les demi-cercles arc-en-ciel de Grimm&#8217;s est un tr\u00e8s grand puzzle cr\u00e9atif en bois durable fait main et un jouet parfait pour le jeu ouvert.<\/p>\n","protected":false},"featured_media":31796,"comment_status":"open","ping_status":"closed","template":"","meta":[],"product_brand":[],"product_cat":[208,215,13150,24872,17212,17242,13130,13144,23020,23021,13140,217,5851,13148,212],"product_tag":[17337,17463,17944,17946,17949,8625,17945,17334,17332,17335,17948,17947,17462,17550,17336],"class_list":{"0":"post-32141","1":"product","2":"type-product","3":"status-publish","4":"has-post-thumbnail","6":"product_cat-1-3-ans","7":"product_cat-3-6-ans","8":"product_cat-blocs-de-construction-en-bois","9":"product_cat-construction-mondes-arc-en-ciel","10":"product_cat-grimms-fr","11":"product_cat-guide-cadeaux-1-3-ans","12":"product_cat-jouer","13":"product_cat-jouets-a-empiler","14":"product_cat-jouets-en-bois","15":"product_cat-jouets-waldorf","16":"product_cat-jeu-libre","17":"product_cat-marques","18":"product_cat-nouveautes","19":"product_cat-puzzles-en-bois","20":"product_cat-tranche-dage","21":"product_tag-arc-en-ciel-colore-en-bois-fait-main","22":"product_tag-assortiment-de-blocs-de-construction-en-bois-de-grimm","23":"product_tag-blocs-de-bois-arc-en-ciel-de-grimm","24":"product_tag-demi-cercles-arc-en-ciel-de-grimm","25":"product_tag-demi-cercles-de-grimm","26":"product_tag-fabrique-en-allemagne","27":"product_tag-gagnant-de-spiel-gut","28":"product_tag-grimm-suisse-fr","29":"product_tag-grimm-suisse","30":"product_tag-grimme-suisse","31":"product_tag-jeu-dempilage-arc-en-ciel-de-grimm","32":"product_tag-jeu-dempilage-de-demi-cercles-en-bois","33":"product_tag-jeux-libres-en-bois","34":"product_tag-jouets-spielgut","35":"product_tag-magasin-de-jouets-en-bois-grimm","37":"first","38":"outofstock","39":"taxable","40":"shipping-taxable","41":"purchasable","42":"product-type-simple"},"yoast_head":"<!-- This site is optimized with the Yoast SEO plugin v27.1.1 - https:\/\/yoast.com\/product\/yoast-seo-wordpress\/ -->\n<title>Demi-cercles arc-en-ciel - Grimm\u2019s - Teia Education &amp; Play<\/title>\n<meta name=\"description\" content=\"Les demi-cercles arc-en-ciel de Grimm&#039;s est un tr\u00e8s grand puzzle cr\u00e9atif en bois durable fait main et un jouet parfait pour le jeu ouvert.\" \/>\n<meta name=\"robots\" content=\"index, follow, max-snippet:-1, max-image-preview:large, max-video-preview:-1\" \/>\n<link rel=\"canonical\" href=\"https:\/\/teiaeducation.ch\/fr\/produit\/demi-cercles-arc-en-ciel-grimms\/\" \/>\n<meta property=\"og:locale\" content=\"fr_FR\" \/>\n<meta property=\"og:type\" content=\"article\" \/>\n<meta property=\"og:title\" content=\"Demi-cercles arc-en-ciel - Grimm\u2019s - Teia Education &amp; Play\" \/>\n<meta property=\"og:description\" content=\"Les demi-cercles arc-en-ciel de Grimm&#039;s est un tr\u00e8s grand puzzle cr\u00e9atif en bois durable fait main et un jouet parfait pour le jeu ouvert.\" \/>\n<meta property=\"og:url\" content=\"https:\/\/teiaeducation.ch\/fr\/produit\/demi-cercles-arc-en-ciel-grimms\/\" \/>\n<meta property=\"og:site_name\" content=\"Sustainable Educational Products &amp; Ecological Toys\u00a0\" \/>\n<meta property=\"article:publisher\" content=\"https:\/\/www.facebook.com\/teiaeducation\/\" \/>\n<meta property=\"article:modified_time\" content=\"2023-01-16T21:41:16+00:00\" \/>\n<meta property=\"og:image\" content=\"https:\/\/teiaeducation.ch\/wp-content\/uploads\/2020\/11\/Rainbow-semi-circles-Grimms.jpg\" \/>\n\t<meta property=\"og:image:width\" content=\"900\" \/>\n\t<meta property=\"og:image:height\" content=\"900\" \/>\n\t<meta property=\"og:image:type\" content=\"image\/jpeg\" \/>\n<script type=\"application\/ld+json\" class=\"yoast-schema-graph\">{\"@context\":\"https:\/\/schema.org\",\"@graph\":[{\"@type\":\"WebPage\",\"@id\":\"https:\/\/teiaeducation.ch\/fr\/produit\/demi-cercles-arc-en-ciel-grimms\/\",\"url\":\"https:\/\/teiaeducation.ch\/fr\/produit\/demi-cercles-arc-en-ciel-grimms\/\",\"name\":\"Demi-cercles arc-en-ciel - Grimm\u2019s - Teia Education & Play\",\"isPartOf\":{\"@id\":\"https:\/\/teiaeducation.ch\/fr\/#website\"},\"primaryImageOfPage\":{\"@id\":\"https:\/\/teiaeducation.ch\/fr\/produit\/demi-cercles-arc-en-ciel-grimms\/#primaryimage\"},\"image\":{\"@id\":\"https:\/\/teiaeducation.ch\/fr\/produit\/demi-cercles-arc-en-ciel-grimms\/#primaryimage\"},\"thumbnailUrl\":\"https:\/\/teiaeducation.ch\/wp-content\/uploads\/2020\/11\/Rainbow-semi-circles-Grimms.jpg\",\"datePublished\":\"2020-12-05T12:56:16+00:00\",\"dateModified\":\"2023-01-16T21:41:16+00:00\",\"description\":\"Les demi-cercles arc-en-ciel de Grimm's est un tr\u00e8s grand puzzle cr\u00e9atif en bois durable fait main et un jouet parfait pour le jeu ouvert.\",\"breadcrumb\":{\"@id\":\"https:\/\/teiaeducation.ch\/fr\/produit\/demi-cercles-arc-en-ciel-grimms\/#breadcrumb\"},\"inLanguage\":\"fr-FR\",\"potentialAction\":[{\"@type\":\"ReadAction\",\"target\":[\"https:\/\/teiaeducation.ch\/fr\/produit\/demi-cercles-arc-en-ciel-grimms\/\"]}]},{\"@type\":\"ImageObject\",\"inLanguage\":\"fr-FR\",\"@id\":\"https:\/\/teiaeducation.ch\/fr\/produit\/demi-cercles-arc-en-ciel-grimms\/#primaryimage\",\"url\":\"https:\/\/teiaeducation.ch\/wp-content\/uploads\/2020\/11\/Rainbow-semi-circles-Grimms.jpg\",\"contentUrl\":\"https:\/\/teiaeducation.ch\/wp-content\/uploads\/2020\/11\/Rainbow-semi-circles-Grimms.jpg\",\"width\":900,\"height\":900,\"caption\":\"puzzle cr\u00e9atif de demi-cercles arc-en-ciel en bois durable - Grimm's\"},{\"@type\":\"BreadcrumbList\",\"@id\":\"https:\/\/teiaeducation.ch\/fr\/produit\/demi-cercles-arc-en-ciel-grimms\/#breadcrumb\",\"itemListElement\":[{\"@type\":\"ListItem\",\"position\":1,\"name\":\"Home\",\"item\":\"https:\/\/teiaeducation.ch\/fr\/\"},{\"@type\":\"ListItem\",\"position\":2,\"name\":\"Boutique Teia Education &amp; Play\",\"item\":\"https:\/\/teiaeducation.ch\/fr\/boutique\/\"},{\"@type\":\"ListItem\",\"position\":3,\"name\":\"Nos Marques\",\"item\":\"https:\/\/teiaeducation.ch\/fr\/categorie-produit\/marques\/\"},{\"@type\":\"ListItem\",\"position\":4,\"name\":\"Grimm's\",\"item\":\"https:\/\/teiaeducation.ch\/fr\/categorie-produit\/marques\/grimms-fr\/\"},{\"@type\":\"ListItem\",\"position\":5,\"name\":\"Construction &amp; Mondes Arc-en-ciel\",\"item\":\"https:\/\/teiaeducation.ch\/fr\/categorie-produit\/marques\/grimms-fr\/construction-mondes-arc-en-ciel\/\"},{\"@type\":\"ListItem\",\"position\":6,\"name\":\"Demi-cercles arc-en-ciel &#8211; Grimm\u2019s\"}]},{\"@type\":\"WebSite\",\"@id\":\"https:\/\/teiaeducation.ch\/fr\/#website\",\"url\":\"https:\/\/teiaeducation.ch\/fr\/\",\"name\":\"Sustainable Educational Products &amp; Ecological Toys\u00a0\",\"description\":\"Specialised Swiss shop selling sustainable educational toys and games, AMI certified Montessori materials, handmade ecological wooden Waldorf toys and arts &amp; crafts supplies, school supplies, children&#039;s furniture and Montessori reference and parenting books.\",\"publisher\":{\"@id\":\"https:\/\/teiaeducation.ch\/fr\/#organization\"},\"alternateName\":\"Teia Education & Play\",\"potentialAction\":[{\"@type\":\"SearchAction\",\"target\":{\"@type\":\"EntryPoint\",\"urlTemplate\":\"https:\/\/teiaeducation.ch\/fr\/?s={search_term_string}\"},\"query-input\":{\"@type\":\"PropertyValueSpecification\",\"valueRequired\":true,\"valueName\":\"search_term_string\"}}],\"inLanguage\":\"fr-FR\"},{\"@type\":\"Organization\",\"@id\":\"https:\/\/teiaeducation.ch\/fr\/#organization\",\"name\":\"Teia Education & Play\",\"url\":\"https:\/\/teiaeducation.ch\/fr\/\",\"logo\":{\"@type\":\"ImageObject\",\"inLanguage\":\"fr-FR\",\"@id\":\"https:\/\/teiaeducation.ch\/fr\/#\/schema\/logo\/image\/\",\"url\":\"https:\/\/teiaeducation.ch\/wp-content\/uploads\/2020\/11\/Teia-Education-Switzerland-e1620156442216.jpg\",\"contentUrl\":\"https:\/\/teiaeducation.ch\/wp-content\/uploads\/2020\/11\/Teia-Education-Switzerland-e1620156442216.jpg\",\"width\":166,\"height\":145,\"caption\":\"Teia Education & Play\"},\"image\":{\"@id\":\"https:\/\/teiaeducation.ch\/fr\/#\/schema\/logo\/image\/\"},\"sameAs\":[\"https:\/\/www.facebook.com\/teiaeducation\/\",\"https:\/\/x.com\/EducationTeia\",\"https:\/\/www.instagram.com\/teia.education\/\",\"https:\/\/www.linkedin.com\/company\/35501660\",\"https:\/\/www.pinterest.ch\/TeiaEducation\/\"]}]}<\/script>\n<!-- \/ Yoast SEO plugin. -->","yoast_head_json":{"title":"Demi-cercles arc-en-ciel - Grimm\u2019s - Teia Education & Play","description":"Les demi-cercles arc-en-ciel de Grimm's est un tr\u00e8s grand puzzle cr\u00e9atif en bois durable fait main et un jouet parfait pour le jeu ouvert.","robots":{"index":"index","follow":"follow","max-snippet":"max-snippet:-1","max-image-preview":"max-image-preview:large","max-video-preview":"max-video-preview:-1"},"canonical":"https:\/\/teiaeducation.ch\/fr\/produit\/demi-cercles-arc-en-ciel-grimms\/","og_locale":"fr_FR","og_type":"article","og_title":"Demi-cercles arc-en-ciel - Grimm\u2019s - Teia Education & Play","og_description":"Les demi-cercles arc-en-ciel de Grimm's est un tr\u00e8s grand puzzle cr\u00e9atif en bois durable fait main et un jouet parfait pour le jeu ouvert.","og_url":"https:\/\/teiaeducation.ch\/fr\/produit\/demi-cercles-arc-en-ciel-grimms\/","og_site_name":"Sustainable Educational Products &amp; Ecological Toys\u00a0","article_publisher":"https:\/\/www.facebook.com\/teiaeducation\/","article_modified_time":"2023-01-16T21:41:16+00:00","og_image":[{"width":900,"height":900,"url":"https:\/\/teiaeducation.ch\/wp-content\/uploads\/2020\/11\/Rainbow-semi-circles-Grimms.jpg","type":"image\/jpeg"}],"schema":{"@context":"https:\/\/schema.org","@graph":[{"@type":"WebPage","@id":"https:\/\/teiaeducation.ch\/fr\/produit\/demi-cercles-arc-en-ciel-grimms\/","url":"https:\/\/teiaeducation.ch\/fr\/produit\/demi-cercles-arc-en-ciel-grimms\/","name":"Demi-cercles arc-en-ciel - Grimm\u2019s - Teia Education & Play","isPartOf":{"@id":"https:\/\/teiaeducation.ch\/fr\/#website"},"primaryImageOfPage":{"@id":"https:\/\/teiaeducation.ch\/fr\/produit\/demi-cercles-arc-en-ciel-grimms\/#primaryimage"},"image":{"@id":"https:\/\/teiaeducation.ch\/fr\/produit\/demi-cercles-arc-en-ciel-grimms\/#primaryimage"},"thumbnailUrl":"https:\/\/teiaeducation.ch\/wp-content\/uploads\/2020\/11\/Rainbow-semi-circles-Grimms.jpg","datePublished":"2020-12-05T12:56:16+00:00","dateModified":"2023-01-16T21:41:16+00:00","description":"Les demi-cercles arc-en-ciel de Grimm's est un tr\u00e8s grand puzzle cr\u00e9atif en bois durable fait main et un jouet parfait pour le jeu ouvert.","breadcrumb":{"@id":"https:\/\/teiaeducation.ch\/fr\/produit\/demi-cercles-arc-en-ciel-grimms\/#breadcrumb"},"inLanguage":"fr-FR","potentialAction":[{"@type":"ReadAction","target":["https:\/\/teiaeducation.ch\/fr\/produit\/demi-cercles-arc-en-ciel-grimms\/"]}]},{"@type":"ImageObject","inLanguage":"fr-FR","@id":"https:\/\/teiaeducation.ch\/fr\/produit\/demi-cercles-arc-en-ciel-grimms\/#primaryimage","url":"https:\/\/teiaeducation.ch\/wp-content\/uploads\/2020\/11\/Rainbow-semi-circles-Grimms.jpg","contentUrl":"https:\/\/teiaeducation.ch\/wp-content\/uploads\/2020\/11\/Rainbow-semi-circles-Grimms.jpg","width":900,"height":900,"caption":"puzzle cr\u00e9atif de demi-cercles arc-en-ciel en bois durable - Grimm's"},{"@type":"BreadcrumbList","@id":"https:\/\/teiaeducation.ch\/fr\/produit\/demi-cercles-arc-en-ciel-grimms\/#breadcrumb","itemListElement":[{"@type":"ListItem","position":1,"name":"Home","item":"https:\/\/teiaeducation.ch\/fr\/"},{"@type":"ListItem","position":2,"name":"Boutique Teia Education &amp; Play","item":"https:\/\/teiaeducation.ch\/fr\/boutique\/"},{"@type":"ListItem","position":3,"name":"Nos Marques","item":"https:\/\/teiaeducation.ch\/fr\/categorie-produit\/marques\/"},{"@type":"ListItem","position":4,"name":"Grimm's","item":"https:\/\/teiaeducation.ch\/fr\/categorie-produit\/marques\/grimms-fr\/"},{"@type":"ListItem","position":5,"name":"Construction &amp; Mondes Arc-en-ciel","item":"https:\/\/teiaeducation.ch\/fr\/categorie-produit\/marques\/grimms-fr\/construction-mondes-arc-en-ciel\/"},{"@type":"ListItem","position":6,"name":"Demi-cercles arc-en-ciel &#8211; Grimm\u2019s"}]},{"@type":"WebSite","@id":"https:\/\/teiaeducation.ch\/fr\/#website","url":"https:\/\/teiaeducation.ch\/fr\/","name":"Sustainable Educational Products &amp; Ecological Toys\u00a0","description":"Specialised Swiss shop selling sustainable educational toys and games, AMI certified Montessori materials, handmade ecological wooden Waldorf toys and arts &amp; crafts supplies, school supplies, children&#039;s furniture and Montessori reference and parenting books.","publisher":{"@id":"https:\/\/teiaeducation.ch\/fr\/#organization"},"alternateName":"Teia Education & Play","potentialAction":[{"@type":"SearchAction","target":{"@type":"EntryPoint","urlTemplate":"https:\/\/teiaeducation.ch\/fr\/?s={search_term_string}"},"query-input":{"@type":"PropertyValueSpecification","valueRequired":true,"valueName":"search_term_string"}}],"inLanguage":"fr-FR"},{"@type":"Organization","@id":"https:\/\/teiaeducation.ch\/fr\/#organization","name":"Teia Education & Play","url":"https:\/\/teiaeducation.ch\/fr\/","logo":{"@type":"ImageObject","inLanguage":"fr-FR","@id":"https:\/\/teiaeducation.ch\/fr\/#\/schema\/logo\/image\/","url":"https:\/\/teiaeducation.ch\/wp-content\/uploads\/2020\/11\/Teia-Education-Switzerland-e1620156442216.jpg","contentUrl":"https:\/\/teiaeducation.ch\/wp-content\/uploads\/2020\/11\/Teia-Education-Switzerland-e1620156442216.jpg","width":166,"height":145,"caption":"Teia Education & Play"},"image":{"@id":"https:\/\/teiaeducation.ch\/fr\/#\/schema\/logo\/image\/"},"sameAs":["https:\/\/www.facebook.com\/teiaeducation\/","https:\/\/x.com\/EducationTeia","https:\/\/www.instagram.com\/teia.education\/","https:\/\/www.linkedin.com\/company\/35501660","https:\/\/www.pinterest.ch\/TeiaEducation\/"]}]}},"_links":{"self":[{"href":"https:\/\/teiaeducation.ch\/fr\/wp-json\/wp\/v2\/product\/32141","targetHints":{"allow":["GET"]}}],"collection":[{"href":"https:\/\/teiaeducation.ch\/fr\/wp-json\/wp\/v2\/product"}],"about":[{"href":"https:\/\/teiaeducation.ch\/fr\/wp-json\/wp\/v2\/types\/product"}],"replies":[{"embeddable":true,"href":"https:\/\/teiaeducation.ch\/fr\/wp-json\/wp\/v2\/comments?post=32141"}],"wp:featuredmedia":[{"embeddable":true,"href":"https:\/\/teiaeducation.ch\/fr\/wp-json\/wp\/v2\/media\/31796"}],"wp:attachment":[{"href":"https:\/\/teiaeducation.ch\/fr\/wp-json\/wp\/v2\/media?parent=32141"}],"wp:term":[{"taxonomy":"product_brand","embeddable":true,"href":"https:\/\/teiaeducation.ch\/fr\/wp-json\/wp\/v2\/product_brand?post=32141"},{"taxonomy":"product_cat","embeddable":true,"href":"https:\/\/teiaeducation.ch\/fr\/wp-json\/wp\/v2\/product_cat?post=32141"},{"taxonomy":"product_tag","embeddable":true,"href":"https:\/\/teiaeducation.ch\/fr\/wp-json\/wp\/v2\/product_tag?post=32141"}],"curies":[{"name":"wp","href":"https:\/\/api.w.org\/{rel}","templated":true}]}}