{"id":32142,"date":"2020-11-18T17:08:00","date_gmt":"2020-11-18T16:08:00","guid":{"rendered":"https:\/\/teiaeducation.ch\/product\/route-en-carton-recycle-waytoplay\/"},"modified":"2020-11-19T19:37:50","modified_gmt":"2020-11-19T18:37:50","slug":"route-recyclee-waytoplay","status":"publish","type":"product","link":"https:\/\/teiaeducation.ch\/fr\/produit\/route-recyclee-waytoplay\/","title":{"rendered":"Route en carton recycl\u00e9 &#8211; Waytoplay"},"content":{"rendered":"<p>Route en carton recycl\u00e9 \/ Pi\u00e8ces de route en carton durable &#8211; Waytoplay<\/p>\n<p>L&#8217;ensemble de route en carton recycl\u00e9 de Waytoplay est un jeu de pi\u00e8ces de route abordable et amusant sp\u00e9cialement cr\u00e9\u00e9 pour fournir de la cr\u00e9ativit\u00e9 et de l\u2019espi\u00e8glerie aux enfants en ces temps difficiles!<\/p>\n<p>Ces pi\u00e8ces de route en carton recycl\u00e9 durable sont sp\u00e9cialement con\u00e7ues pour une utilisation \u00e0 l\u2019int\u00e9rieur et avec un avantage suppl\u00e9mentaire &#8211; les enfants peuvent faire preuve de cr\u00e9ativit\u00e9 en dessinant, griffonnant et en d\u00e9corant le revers. La route en carton recycl\u00e9 est plus rigide que les autres ensembles, mais les pi\u00e8ces en carton se connectent parfaitement aux routes flexibles en caoutchouc de Waytoplay. Une pi\u00e8ce flexible en cahoutchouc est m\u00eame incluse pour le prouver.<\/p>\n<p>Avec 8 segments de route en carton gris de haute qualit\u00e9 d\u00e9cor\u00e9s de lignes jaune vif, des barrages routiers et des d\u00e9tours, y compris 4 courbes, 3 lignes droites (2 cartons, 1 flexible) et 1 segment de stationnement carr\u00e9 tr\u00e8s cool, ce jouet routier fantastique cr\u00e9e une piste circulaire mesurant 192cm de longueur pour beaucoup de jeux de voitures amusants.<\/p>\n<p>Les ensembles de routes Waytoplay sont faciles \u00e0 connecter et sont des excellents jouets pour encourager le jeu imaginatif, et permettent aux enfants de cr\u00e9er leurs propres <a href=\"https:\/\/teiaeducation.ch\/product-category\/play\/flexible-road-parts\/\">circuits<\/a> et cartes routi\u00e8res pour leurs jouets et v\u00e9hicules pr\u00e9f\u00e9r\u00e9s.<\/p>\n<p>Les pi\u00e8ces originales flexibles de waytoplay de route de jouet (1 incluses dans cet ensemble) sont faites de PVC s\u00fbr pour les enfants et durable \u00e0 100% qui est sans BPA, cadmium, PAH et Phtalates et qui est conforme \u00e0 la plus haute norme USA et europ\u00e9enne EN-71 pour les jouets. Toutes les ressources utilis\u00e9es pour produire les pi\u00e8ces de route proviennent d\u2019Allemagne. Cela signifie que le jouet est produit localement, de mani\u00e8re fiable, et qu&#8217;il est certifi\u00e9 et enregistr\u00e9.<\/p>\n<p>Avec un design original n\u00e9erlandais, Waytoplay est fier de soutenir un fournisseur d\u2019emploi prot\u00e9g\u00e9 aux Pays-Bas qui impriment tous les segments de route et de s&#8217;occuper de la plupart des emballages.<\/p>\n<p>Pour usage int\u00e9rieur seulement.<br \/>\nCe mat\u00e9riel convient aux enfants \u00e2g\u00e9s de 0 ans et plus.<\/p>\n<p>Contenu:<br \/>\n8 pi\u00e8ces de route en carton recycl\u00e9 : 4 courbes, 3 lignes droites (2 cartons, 1 flexible) et 1 place de stationnement<\/p>\n","protected":false},"excerpt":{"rendered":"<p>Num\u00e9ro d\u2019article: wtpR2R<\/p>\n<p>L&#8217;emsemble de pi\u00e8ces de route en carton recycl\u00e9 de Waytoplay est un ensemble de jeu suppl\u00e9mentaire abordable et amusant sp\u00e9cialement cr\u00e9\u00e9 pour fournir de la cr\u00e9ativit\u00e9 et de l\u2019espi\u00e8glerie aux enfants!<\/p>\n","protected":false},"featured_media":31828,"comment_status":"open","ping_status":"closed","template":"","meta":[],"product_brand":[],"product_cat":[208,215,13138,16897,13130,13139,13140,217,5851,212,17236,13126],"product_tag":[17955,17957,17954,17956,17958,17953,17952,17951,17950],"class_list":{"0":"post-32142","1":"product","2":"type-product","3":"status-publish","4":"has-post-thumbnail","6":"product_cat-1-3-ans","7":"product_cat-3-6-ans","8":"product_cat-elements-routiers-flexibles","9":"product_cat-guide-cadeau-6-12-ans","10":"product_cat-jouer","11":"product_cat-jeu-imaginatif-faire-semblant","12":"product_cat-jeu-libre","13":"product_cat-marques","14":"product_cat-nouveautes","15":"product_cat-tranche-dage","16":"product_cat-voitures-vehicules","17":"product_cat-waytoplay-fr","18":"product_tag-carton-waytoplay","19":"product_tag-ensemble-de-pieces-de-route-en-carton-recycle","20":"product_tag-ensemble-de-pieces-de-route-waytoplay","21":"product_tag-jouet-route-en-carton-recycle","22":"product_tag-pieces-de-route-en-carton-durable","23":"product_tag-route-en-carton-recycle-de-waytoplay","24":"product_tag-waytoplay-schweiz-fr","25":"product_tag-waytoplay-suisse-fr","26":"product_tag-waytoplay-switzerland-fr","28":"first","29":"instock","30":"taxable","31":"shipping-taxable","32":"purchasable","33":"product-type-simple"},"yoast_head":"<!-- This site is optimized with the Yoast SEO plugin v27.3 - https:\/\/yoast.com\/product\/yoast-seo-wordpress\/ -->\n<title>Route en carton recycl\u00e9 - Waytoplay - Teia Education &amp; Play<\/title>\n<meta name=\"description\" content=\"L\u2019ensemble de pi\u00e8ces de route de Waytoplay est un ensemble abordable et amusant fabriqu\u00e9 \u00e0 partir de carton recycl\u00e9 et durable afin que les enfants puissent dessiner sur le dos.\" \/>\n<meta name=\"robots\" content=\"index, follow, max-snippet:-1, max-image-preview:large, max-video-preview:-1\" \/>\n<link rel=\"canonical\" href=\"https:\/\/teiaeducation.ch\/fr\/produit\/route-recyclee-waytoplay\/\" \/>\n<meta property=\"og:locale\" content=\"fr_FR\" \/>\n<meta property=\"og:type\" content=\"article\" \/>\n<meta property=\"og:title\" content=\"Route en carton recycl\u00e9 - Waytoplay - Teia Education &amp; Play\" \/>\n<meta property=\"og:description\" content=\"L\u2019ensemble de pi\u00e8ces de route de Waytoplay est un ensemble abordable et amusant fabriqu\u00e9 \u00e0 partir de carton recycl\u00e9 et durable afin que les enfants puissent dessiner sur le dos.\" \/>\n<meta property=\"og:url\" content=\"https:\/\/teiaeducation.ch\/fr\/produit\/route-recyclee-waytoplay\/\" \/>\n<meta property=\"og:site_name\" content=\"Sustainable Educational Products &amp; Ecological Toys\u00a0\" \/>\n<meta property=\"article:publisher\" content=\"https:\/\/www.facebook.com\/teiaeducation\/\" \/>\n<meta property=\"article:modified_time\" content=\"2020-11-19T18:37:50+00:00\" \/>\n<meta property=\"og:image\" content=\"https:\/\/teiaeducation.ch\/wp-content\/uploads\/2020\/11\/Road-to-recovery-Waytoplay.jpg\" \/>\n\t<meta property=\"og:image:width\" content=\"1200\" \/>\n\t<meta property=\"og:image:height\" content=\"900\" \/>\n\t<meta property=\"og:image:type\" content=\"image\/jpeg\" \/>\n<script type=\"application\/ld+json\" class=\"yoast-schema-graph\">{\"@context\":\"https:\\\/\\\/schema.org\",\"@graph\":[{\"@type\":\"WebPage\",\"@id\":\"https:\\\/\\\/teiaeducation.ch\\\/fr\\\/produit\\\/route-recyclee-waytoplay\\\/\",\"url\":\"https:\\\/\\\/teiaeducation.ch\\\/fr\\\/produit\\\/route-recyclee-waytoplay\\\/\",\"name\":\"Route en carton recycl\u00e9 - Waytoplay - Teia Education & Play\",\"isPartOf\":{\"@id\":\"https:\\\/\\\/teiaeducation.ch\\\/fr\\\/#website\"},\"primaryImageOfPage\":{\"@id\":\"https:\\\/\\\/teiaeducation.ch\\\/fr\\\/produit\\\/route-recyclee-waytoplay\\\/#primaryimage\"},\"image\":{\"@id\":\"https:\\\/\\\/teiaeducation.ch\\\/fr\\\/produit\\\/route-recyclee-waytoplay\\\/#primaryimage\"},\"thumbnailUrl\":\"https:\\\/\\\/teiaeducation.ch\\\/wp-content\\\/uploads\\\/2020\\\/11\\\/Road-to-recovery-Waytoplay.jpg\",\"datePublished\":\"2020-11-18T16:08:00+00:00\",\"dateModified\":\"2020-11-19T18:37:50+00:00\",\"description\":\"L\u2019ensemble de pi\u00e8ces de route de Waytoplay est un ensemble abordable et amusant fabriqu\u00e9 \u00e0 partir de carton recycl\u00e9 et durable afin que les enfants puissent dessiner sur le dos.\",\"breadcrumb\":{\"@id\":\"https:\\\/\\\/teiaeducation.ch\\\/fr\\\/produit\\\/route-recyclee-waytoplay\\\/#breadcrumb\"},\"inLanguage\":\"fr-FR\",\"potentialAction\":[{\"@type\":\"ReadAction\",\"target\":[\"https:\\\/\\\/teiaeducation.ch\\\/fr\\\/produit\\\/route-recyclee-waytoplay\\\/\"]}]},{\"@type\":\"ImageObject\",\"inLanguage\":\"fr-FR\",\"@id\":\"https:\\\/\\\/teiaeducation.ch\\\/fr\\\/produit\\\/route-recyclee-waytoplay\\\/#primaryimage\",\"url\":\"https:\\\/\\\/teiaeducation.ch\\\/wp-content\\\/uploads\\\/2020\\\/11\\\/Road-to-recovery-Waytoplay.jpg\",\"contentUrl\":\"https:\\\/\\\/teiaeducation.ch\\\/wp-content\\\/uploads\\\/2020\\\/11\\\/Road-to-recovery-Waytoplay.jpg\",\"width\":1200,\"height\":900,\"caption\":\"Pi\u00e8ces de route en carton recycl\u00e9 et durable- Waytoplay\"},{\"@type\":\"BreadcrumbList\",\"@id\":\"https:\\\/\\\/teiaeducation.ch\\\/fr\\\/produit\\\/route-recyclee-waytoplay\\\/#breadcrumb\",\"itemListElement\":[{\"@type\":\"ListItem\",\"position\":1,\"name\":\"Home\",\"item\":\"https:\\\/\\\/teiaeducation.ch\\\/fr\\\/\"},{\"@type\":\"ListItem\",\"position\":2,\"name\":\"Boutique Teia Education &amp; Play\",\"item\":\"https:\\\/\\\/teiaeducation.ch\\\/fr\\\/boutique\\\/\"},{\"@type\":\"ListItem\",\"position\":3,\"name\":\"Nos Marques\",\"item\":\"https:\\\/\\\/teiaeducation.ch\\\/fr\\\/categorie-produit\\\/marques\\\/\"},{\"@type\":\"ListItem\",\"position\":4,\"name\":\"Waytoplay\",\"item\":\"https:\\\/\\\/teiaeducation.ch\\\/fr\\\/categorie-produit\\\/marques\\\/waytoplay-fr\\\/\"},{\"@type\":\"ListItem\",\"position\":5,\"name\":\"Route en carton recycl\u00e9 &#8211; Waytoplay\"}]},{\"@type\":\"WebSite\",\"@id\":\"https:\\\/\\\/teiaeducation.ch\\\/fr\\\/#website\",\"url\":\"https:\\\/\\\/teiaeducation.ch\\\/fr\\\/\",\"name\":\"Sustainable Educational Products &amp; Ecological Toys\u00a0\",\"description\":\"Specialised Swiss shop selling sustainable educational toys and games, AMI certified Montessori materials, handmade ecological wooden Waldorf toys and arts &amp; crafts supplies, school supplies, children&#039;s furniture and Montessori reference and parenting books.\",\"publisher\":{\"@id\":\"https:\\\/\\\/teiaeducation.ch\\\/fr\\\/#organization\"},\"alternateName\":\"Teia Education & Play\",\"potentialAction\":[{\"@type\":\"SearchAction\",\"target\":{\"@type\":\"EntryPoint\",\"urlTemplate\":\"https:\\\/\\\/teiaeducation.ch\\\/fr\\\/?s={search_term_string}\"},\"query-input\":{\"@type\":\"PropertyValueSpecification\",\"valueRequired\":true,\"valueName\":\"search_term_string\"}}],\"inLanguage\":\"fr-FR\"},{\"@type\":\"Organization\",\"@id\":\"https:\\\/\\\/teiaeducation.ch\\\/fr\\\/#organization\",\"name\":\"Teia Education & Play\",\"url\":\"https:\\\/\\\/teiaeducation.ch\\\/fr\\\/\",\"logo\":{\"@type\":\"ImageObject\",\"inLanguage\":\"fr-FR\",\"@id\":\"https:\\\/\\\/teiaeducation.ch\\\/fr\\\/#\\\/schema\\\/logo\\\/image\\\/\",\"url\":\"https:\\\/\\\/teiaeducation.ch\\\/wp-content\\\/uploads\\\/2020\\\/11\\\/Teia-Education-Switzerland-e1620156442216.jpg\",\"contentUrl\":\"https:\\\/\\\/teiaeducation.ch\\\/wp-content\\\/uploads\\\/2020\\\/11\\\/Teia-Education-Switzerland-e1620156442216.jpg\",\"width\":166,\"height\":145,\"caption\":\"Teia Education & Play\"},\"image\":{\"@id\":\"https:\\\/\\\/teiaeducation.ch\\\/fr\\\/#\\\/schema\\\/logo\\\/image\\\/\"},\"sameAs\":[\"https:\\\/\\\/www.facebook.com\\\/teiaeducation\\\/\",\"https:\\\/\\\/x.com\\\/EducationTeia\",\"https:\\\/\\\/www.instagram.com\\\/teia.education\\\/\",\"https:\\\/\\\/www.linkedin.com\\\/company\\\/35501660\",\"https:\\\/\\\/www.pinterest.ch\\\/TeiaEducation\\\/\"]}]}<\/script>\n<!-- \/ Yoast SEO plugin. -->","yoast_head_json":{"title":"Route en carton recycl\u00e9 - Waytoplay - Teia Education & Play","description":"L\u2019ensemble de pi\u00e8ces de route de Waytoplay est un ensemble abordable et amusant fabriqu\u00e9 \u00e0 partir de carton recycl\u00e9 et durable afin que les enfants puissent dessiner sur le dos.","robots":{"index":"index","follow":"follow","max-snippet":"max-snippet:-1","max-image-preview":"max-image-preview:large","max-video-preview":"max-video-preview:-1"},"canonical":"https:\/\/teiaeducation.ch\/fr\/produit\/route-recyclee-waytoplay\/","og_locale":"fr_FR","og_type":"article","og_title":"Route en carton recycl\u00e9 - Waytoplay - Teia Education & Play","og_description":"L\u2019ensemble de pi\u00e8ces de route de Waytoplay est un ensemble abordable et amusant fabriqu\u00e9 \u00e0 partir de carton recycl\u00e9 et durable afin que les enfants puissent dessiner sur le dos.","og_url":"https:\/\/teiaeducation.ch\/fr\/produit\/route-recyclee-waytoplay\/","og_site_name":"Sustainable Educational Products &amp; Ecological Toys\u00a0","article_publisher":"https:\/\/www.facebook.com\/teiaeducation\/","article_modified_time":"2020-11-19T18:37:50+00:00","og_image":[{"width":1200,"height":900,"url":"https:\/\/teiaeducation.ch\/wp-content\/uploads\/2020\/11\/Road-to-recovery-Waytoplay.jpg","type":"image\/jpeg"}],"schema":{"@context":"https:\/\/schema.org","@graph":[{"@type":"WebPage","@id":"https:\/\/teiaeducation.ch\/fr\/produit\/route-recyclee-waytoplay\/","url":"https:\/\/teiaeducation.ch\/fr\/produit\/route-recyclee-waytoplay\/","name":"Route en carton recycl\u00e9 - Waytoplay - Teia Education & Play","isPartOf":{"@id":"https:\/\/teiaeducation.ch\/fr\/#website"},"primaryImageOfPage":{"@id":"https:\/\/teiaeducation.ch\/fr\/produit\/route-recyclee-waytoplay\/#primaryimage"},"image":{"@id":"https:\/\/teiaeducation.ch\/fr\/produit\/route-recyclee-waytoplay\/#primaryimage"},"thumbnailUrl":"https:\/\/teiaeducation.ch\/wp-content\/uploads\/2020\/11\/Road-to-recovery-Waytoplay.jpg","datePublished":"2020-11-18T16:08:00+00:00","dateModified":"2020-11-19T18:37:50+00:00","description":"L\u2019ensemble de pi\u00e8ces de route de Waytoplay est un ensemble abordable et amusant fabriqu\u00e9 \u00e0 partir de carton recycl\u00e9 et durable afin que les enfants puissent dessiner sur le dos.","breadcrumb":{"@id":"https:\/\/teiaeducation.ch\/fr\/produit\/route-recyclee-waytoplay\/#breadcrumb"},"inLanguage":"fr-FR","potentialAction":[{"@type":"ReadAction","target":["https:\/\/teiaeducation.ch\/fr\/produit\/route-recyclee-waytoplay\/"]}]},{"@type":"ImageObject","inLanguage":"fr-FR","@id":"https:\/\/teiaeducation.ch\/fr\/produit\/route-recyclee-waytoplay\/#primaryimage","url":"https:\/\/teiaeducation.ch\/wp-content\/uploads\/2020\/11\/Road-to-recovery-Waytoplay.jpg","contentUrl":"https:\/\/teiaeducation.ch\/wp-content\/uploads\/2020\/11\/Road-to-recovery-Waytoplay.jpg","width":1200,"height":900,"caption":"Pi\u00e8ces de route en carton recycl\u00e9 et durable- Waytoplay"},{"@type":"BreadcrumbList","@id":"https:\/\/teiaeducation.ch\/fr\/produit\/route-recyclee-waytoplay\/#breadcrumb","itemListElement":[{"@type":"ListItem","position":1,"name":"Home","item":"https:\/\/teiaeducation.ch\/fr\/"},{"@type":"ListItem","position":2,"name":"Boutique Teia Education &amp; Play","item":"https:\/\/teiaeducation.ch\/fr\/boutique\/"},{"@type":"ListItem","position":3,"name":"Nos Marques","item":"https:\/\/teiaeducation.ch\/fr\/categorie-produit\/marques\/"},{"@type":"ListItem","position":4,"name":"Waytoplay","item":"https:\/\/teiaeducation.ch\/fr\/categorie-produit\/marques\/waytoplay-fr\/"},{"@type":"ListItem","position":5,"name":"Route en carton recycl\u00e9 &#8211; Waytoplay"}]},{"@type":"WebSite","@id":"https:\/\/teiaeducation.ch\/fr\/#website","url":"https:\/\/teiaeducation.ch\/fr\/","name":"Sustainable Educational Products &amp; Ecological Toys\u00a0","description":"Specialised Swiss shop selling sustainable educational toys and games, AMI certified Montessori materials, handmade ecological wooden Waldorf toys and arts &amp; crafts supplies, school supplies, children&#039;s furniture and Montessori reference and parenting books.","publisher":{"@id":"https:\/\/teiaeducation.ch\/fr\/#organization"},"alternateName":"Teia Education & Play","potentialAction":[{"@type":"SearchAction","target":{"@type":"EntryPoint","urlTemplate":"https:\/\/teiaeducation.ch\/fr\/?s={search_term_string}"},"query-input":{"@type":"PropertyValueSpecification","valueRequired":true,"valueName":"search_term_string"}}],"inLanguage":"fr-FR"},{"@type":"Organization","@id":"https:\/\/teiaeducation.ch\/fr\/#organization","name":"Teia Education & Play","url":"https:\/\/teiaeducation.ch\/fr\/","logo":{"@type":"ImageObject","inLanguage":"fr-FR","@id":"https:\/\/teiaeducation.ch\/fr\/#\/schema\/logo\/image\/","url":"https:\/\/teiaeducation.ch\/wp-content\/uploads\/2020\/11\/Teia-Education-Switzerland-e1620156442216.jpg","contentUrl":"https:\/\/teiaeducation.ch\/wp-content\/uploads\/2020\/11\/Teia-Education-Switzerland-e1620156442216.jpg","width":166,"height":145,"caption":"Teia Education & Play"},"image":{"@id":"https:\/\/teiaeducation.ch\/fr\/#\/schema\/logo\/image\/"},"sameAs":["https:\/\/www.facebook.com\/teiaeducation\/","https:\/\/x.com\/EducationTeia","https:\/\/www.instagram.com\/teia.education\/","https:\/\/www.linkedin.com\/company\/35501660","https:\/\/www.pinterest.ch\/TeiaEducation\/"]}]}},"_links":{"self":[{"href":"https:\/\/teiaeducation.ch\/fr\/wp-json\/wp\/v2\/product\/32142","targetHints":{"allow":["GET"]}}],"collection":[{"href":"https:\/\/teiaeducation.ch\/fr\/wp-json\/wp\/v2\/product"}],"about":[{"href":"https:\/\/teiaeducation.ch\/fr\/wp-json\/wp\/v2\/types\/product"}],"replies":[{"embeddable":true,"href":"https:\/\/teiaeducation.ch\/fr\/wp-json\/wp\/v2\/comments?post=32142"}],"wp:featuredmedia":[{"embeddable":true,"href":"https:\/\/teiaeducation.ch\/fr\/wp-json\/wp\/v2\/media\/31828"}],"wp:attachment":[{"href":"https:\/\/teiaeducation.ch\/fr\/wp-json\/wp\/v2\/media?parent=32142"}],"wp:term":[{"taxonomy":"product_brand","embeddable":true,"href":"https:\/\/teiaeducation.ch\/fr\/wp-json\/wp\/v2\/product_brand?post=32142"},{"taxonomy":"product_cat","embeddable":true,"href":"https:\/\/teiaeducation.ch\/fr\/wp-json\/wp\/v2\/product_cat?post=32142"},{"taxonomy":"product_tag","embeddable":true,"href":"https:\/\/teiaeducation.ch\/fr\/wp-json\/wp\/v2\/product_tag?post=32142"}],"curies":[{"name":"wp","href":"https:\/\/api.w.org\/{rel}","templated":true}]}}