{"id":32145,"date":"2020-11-13T16:21:49","date_gmt":"2020-11-13T15:21:49","guid":{"rendered":"https:\/\/teiaeducation.ch\/product\/baby-gym-en-bois-bajo\/"},"modified":"2023-03-10T13:18:19","modified_gmt":"2023-03-10T12:18:19","slug":"baby-gym-en-bois-bajo","status":"publish","type":"product","link":"https:\/\/teiaeducation.ch\/fr\/produit\/baby-gym-en-bois-bajo\/","title":{"rendered":"Baby gym en bois &#8211; Bajo"},"content":{"rendered":"<p>La baby gym en bois de Bajo est un jouet <a href=\"https:\/\/teiaeducation.ch\/fr\/categorie-produit\/jouer\/jouets-actifs\/\">d\u2019activit\u00e9<\/a> pour b\u00e9b\u00e9, durable, enti\u00e8rement con\u00e7u et fait \u00e0 la main, et parfait pour le <a href=\"https:\/\/teiaeducation.ch\/fr\/categorie-produit\/jouer\/jeu-sensoriel\/\">jeu sensoriel<\/a>.<\/p>\n<p>Cette baby gym en bois est unique en son genre pr\u00e9sente un th\u00e8me de l&#8217;espace inspirant qui ravira les <a href=\"https:\/\/teiaeducation.ch\/fr\/categorie-produit\/guides-cadeaux\/guide-cadeaux-0-12-mois\/\">b\u00e9b\u00e9s<\/a> et les parents. Les lunes et les plan\u00e8tes en bois massif, dans une jolie palette de couleurs modernes, incitent les b\u00e9b\u00e9s \u00e0 tendre la main et \u00e0 donner des coups de pied. Ce qui les stimule, les encourage \u00e0 bouger et \u00e0 coordonner leurs mouvements. La baby gym favorise les capacit\u00e9s <a href=\"https:\/\/teiaeducation.ch\/fr\/categorie-produit\/domaines-du-curriculum\/sensorielles-motrices\/competences-motrices\/\">motrices<\/a> essentielles au d\u00e9veloppement de la petite enfance.<\/p>\n<p>Fabriqu\u00e9e en Pologne \u00e0 partir de bois europ\u00e9en solide et durable, la baby gym a \u00e9t\u00e9 finie \u00e0 l&#8217;aide d&#8217;une peinture non toxique \u00e0 base d&#8217;eau et d&#8217;une huile naturelle, ce qui la rend s\u00fbre pour les b\u00e9b\u00e9s. Elle mesure 65 x 48 x 51cm.<\/p>\n<p>Les <a href=\"https:\/\/teiaeducation.ch\/fr\/categorie-produit\/jouer\/jouets-en-bois\/\">jouets<\/a> en bois innovants et de haute qualit\u00e9 de la marque polonaise Bajo sont tous fabriqu\u00e9s de mani\u00e8re durable en Pologne. Leurs produits prim\u00e9s sont tous conformes aux crit\u00e8res europ\u00e9ens de s\u00e9curit\u00e9 EN71 pour les jouets en bois et seuls des mat\u00e9riaux soigneusement s\u00e9lectionn\u00e9s de la plus haute qualit\u00e9 provenant de fournisseurs locaux certifi\u00e9s sont utilis\u00e9s. Seules les peintures europ\u00e9ennes pour bois, \u00e0 base d\u2019eau et non toxiques, conformes \u00e0 la norme \u00e9cologique, sont utilis\u00e9es pour fabriquer et finir \u00e0 la main les jouets et les meubles.<\/p>\n<p>En harmonie avec la p\u00e9dagogie Waldorf, <a href=\"https:\/\/teiaeducation.ch\/fr\/categorie-produit\/marques\/bajo-fr\/\">Bajo<\/a> croit que le contact avec le bois et sa chaleur est crucial dans la formation de la conscience environnementale et que les jouets en bois transmettent l\u2019amour pour la <a href=\"https:\/\/teiaeducation.ch\/fr\/categorie-produit\/jouer\/jeu-de-la-nature\/\">nature<\/a> d\u2019une mani\u00e8re parfaite.<\/p>\n<p>La baby gym en bois de Bajo convient aux enfants \u00e0 partir de 5 mois et plus.<\/p>\n<p>Contenu:<\/p>\n<p>1 baby gym en bois<\/p>\n","protected":false},"excerpt":{"rendered":"<p>Num\u00e9ro d\u2019article: 12810<\/p>\n<p>La baby gym de Bajo est un jouet d&#8217;activit\u00e9 en bois qui favorise la motricit\u00e9 pour b\u00e9b\u00e9, fait \u00e0 la main et durable, sur le th\u00e8me de l&#8217;espace.<\/p>\n","protected":false},"featured_media":31944,"comment_status":"open","ping_status":"closed","template":"","meta":[],"product_brand":[],"product_cat":[25968,17207,8526,17243,21257,13132,8572,13130,18969,23020,13142,217,5851,212],"product_tag":[17971,17969,17973,17974,17968,17976,17972,17970,17975],"class_list":{"0":"post-32145","1":"product","2":"type-product","3":"status-publish","4":"has-post-thumbnail","6":"product_cat-0-12-mois-bebe","7":"product_cat-bajo-fr","8":"product_cat-fournitures-scolaires-a-domicile","9":"product_cat-guide-cadeaux-0-12-mois","10":"product_cat-guides-cadeaux","11":"product_cat-hochets-bebes","12":"product_cat-jeu-et-apprentissage-pour-bebes-et-jeunes-enfants","13":"product_cat-jouer","14":"product_cat-jouets-actifs","15":"product_cat-jouets-en-bois","16":"product_cat-jeu-sensoriel","17":"product_cat-marques","18":"product_cat-nouveautes","19":"product_cat-tranche-dage","20":"product_tag-baby-gym-durable-en-bois","21":"product_tag-baby-gym-en-bois","22":"product_tag-baby-gym-en-bois-suisse","23":"product_tag-baby-gym-en-bois-sur-le-theme-de-lespace","24":"product_tag-bajo-baby-gym-en-bois","25":"product_tag-jouets-de-bebe-sur-le-theme-de-lespace","26":"product_tag-jouets-durables-en-bois-pour-bebe","27":"product_tag-jouets-en-bois-dactivite-de-bebe","28":"product_tag-lune-et-planetes-baby-gym","30":"first","31":"outofstock","32":"taxable","33":"shipping-taxable","34":"purchasable","35":"product-type-simple"},"yoast_head":"<!-- This site is optimized with the Yoast SEO plugin v27.1.1 - https:\/\/yoast.com\/product\/yoast-seo-wordpress\/ -->\n<title>Baby gym en bois - Bajo - Teia Education &amp; Play<\/title>\n<meta name=\"description\" content=\"La baby gym de Bajo est un jouet d&#039;activit\u00e9 en bois qui favorise la motricit\u00e9 pour b\u00e9b\u00e9, fait \u00e0 la main et durable, sur le th\u00e8me de l&#039;espace.\" \/>\n<meta name=\"robots\" content=\"index, follow, max-snippet:-1, max-image-preview:large, max-video-preview:-1\" \/>\n<link rel=\"canonical\" href=\"https:\/\/teiaeducation.ch\/fr\/produit\/baby-gym-en-bois-bajo\/\" \/>\n<meta property=\"og:locale\" content=\"fr_FR\" \/>\n<meta property=\"og:type\" content=\"article\" \/>\n<meta property=\"og:title\" content=\"Baby gym en bois - Bajo - Teia Education &amp; Play\" \/>\n<meta property=\"og:description\" content=\"La baby gym de Bajo est un jouet d&#039;activit\u00e9 en bois qui favorise la motricit\u00e9 pour b\u00e9b\u00e9, fait \u00e0 la main et durable, sur le th\u00e8me de l&#039;espace.\" \/>\n<meta property=\"og:url\" content=\"https:\/\/teiaeducation.ch\/fr\/produit\/baby-gym-en-bois-bajo\/\" \/>\n<meta property=\"og:site_name\" content=\"Sustainable Educational Products &amp; Ecological Toys\u00a0\" \/>\n<meta property=\"article:publisher\" content=\"https:\/\/www.facebook.com\/teiaeducation\/\" \/>\n<meta property=\"article:modified_time\" content=\"2023-03-10T12:18:19+00:00\" \/>\n<meta property=\"og:image\" content=\"https:\/\/teiaeducation.ch\/wp-content\/uploads\/2020\/11\/Baby-gym-Bajo.jpg\" \/>\n\t<meta property=\"og:image:width\" content=\"800\" \/>\n\t<meta property=\"og:image:height\" content=\"800\" \/>\n\t<meta property=\"og:image:type\" content=\"image\/jpeg\" \/>\n<script type=\"application\/ld+json\" class=\"yoast-schema-graph\">{\"@context\":\"https:\/\/schema.org\",\"@graph\":[{\"@type\":\"WebPage\",\"@id\":\"https:\/\/teiaeducation.ch\/fr\/produit\/baby-gym-en-bois-bajo\/\",\"url\":\"https:\/\/teiaeducation.ch\/fr\/produit\/baby-gym-en-bois-bajo\/\",\"name\":\"Baby gym en bois - Bajo - Teia Education & Play\",\"isPartOf\":{\"@id\":\"https:\/\/teiaeducation.ch\/fr\/#website\"},\"primaryImageOfPage\":{\"@id\":\"https:\/\/teiaeducation.ch\/fr\/produit\/baby-gym-en-bois-bajo\/#primaryimage\"},\"image\":{\"@id\":\"https:\/\/teiaeducation.ch\/fr\/produit\/baby-gym-en-bois-bajo\/#primaryimage\"},\"thumbnailUrl\":\"https:\/\/teiaeducation.ch\/wp-content\/uploads\/2020\/11\/Baby-gym-Bajo.jpg\",\"datePublished\":\"2020-11-13T15:21:49+00:00\",\"dateModified\":\"2023-03-10T12:18:19+00:00\",\"description\":\"La baby gym de Bajo est un jouet d'activit\u00e9 en bois qui favorise la motricit\u00e9 pour b\u00e9b\u00e9, fait \u00e0 la main et durable, sur le th\u00e8me de l'espace.\",\"breadcrumb\":{\"@id\":\"https:\/\/teiaeducation.ch\/fr\/produit\/baby-gym-en-bois-bajo\/#breadcrumb\"},\"inLanguage\":\"fr-FR\",\"potentialAction\":[{\"@type\":\"ReadAction\",\"target\":[\"https:\/\/teiaeducation.ch\/fr\/produit\/baby-gym-en-bois-bajo\/\"]}]},{\"@type\":\"ImageObject\",\"inLanguage\":\"fr-FR\",\"@id\":\"https:\/\/teiaeducation.ch\/fr\/produit\/baby-gym-en-bois-bajo\/#primaryimage\",\"url\":\"https:\/\/teiaeducation.ch\/wp-content\/uploads\/2020\/11\/Baby-gym-Bajo.jpg\",\"contentUrl\":\"https:\/\/teiaeducation.ch\/wp-content\/uploads\/2020\/11\/Baby-gym-Bajo.jpg\",\"width\":800,\"height\":800,\"caption\":\"Baby gym en bois durable fait \u00e0 la main - Bajo\"},{\"@type\":\"BreadcrumbList\",\"@id\":\"https:\/\/teiaeducation.ch\/fr\/produit\/baby-gym-en-bois-bajo\/#breadcrumb\",\"itemListElement\":[{\"@type\":\"ListItem\",\"position\":1,\"name\":\"Home\",\"item\":\"https:\/\/teiaeducation.ch\/fr\/\"},{\"@type\":\"ListItem\",\"position\":2,\"name\":\"Boutique Teia Education &amp; Play\",\"item\":\"https:\/\/teiaeducation.ch\/fr\/boutique\/\"},{\"@type\":\"ListItem\",\"position\":3,\"name\":\"Tranche d'\u00c2ge\",\"item\":\"https:\/\/teiaeducation.ch\/fr\/categorie-produit\/tranche-dage\/\"},{\"@type\":\"ListItem\",\"position\":4,\"name\":\"0-12 mois B\u00e9b\u00e9\",\"item\":\"https:\/\/teiaeducation.ch\/fr\/categorie-produit\/tranche-dage\/0-12-mois-bebe\/\"},{\"@type\":\"ListItem\",\"position\":5,\"name\":\"Baby gym en bois &#8211; Bajo\"}]},{\"@type\":\"WebSite\",\"@id\":\"https:\/\/teiaeducation.ch\/fr\/#website\",\"url\":\"https:\/\/teiaeducation.ch\/fr\/\",\"name\":\"Sustainable Educational Products &amp; Ecological Toys\u00a0\",\"description\":\"Specialised Swiss shop selling sustainable educational toys and games, AMI certified Montessori materials, handmade ecological wooden Waldorf toys and arts &amp; crafts supplies, school supplies, children&#039;s furniture and Montessori reference and parenting books.\",\"publisher\":{\"@id\":\"https:\/\/teiaeducation.ch\/fr\/#organization\"},\"alternateName\":\"Teia Education & Play\",\"potentialAction\":[{\"@type\":\"SearchAction\",\"target\":{\"@type\":\"EntryPoint\",\"urlTemplate\":\"https:\/\/teiaeducation.ch\/fr\/?s={search_term_string}\"},\"query-input\":{\"@type\":\"PropertyValueSpecification\",\"valueRequired\":true,\"valueName\":\"search_term_string\"}}],\"inLanguage\":\"fr-FR\"},{\"@type\":\"Organization\",\"@id\":\"https:\/\/teiaeducation.ch\/fr\/#organization\",\"name\":\"Teia Education & Play\",\"url\":\"https:\/\/teiaeducation.ch\/fr\/\",\"logo\":{\"@type\":\"ImageObject\",\"inLanguage\":\"fr-FR\",\"@id\":\"https:\/\/teiaeducation.ch\/fr\/#\/schema\/logo\/image\/\",\"url\":\"https:\/\/teiaeducation.ch\/wp-content\/uploads\/2020\/11\/Teia-Education-Switzerland-e1620156442216.jpg\",\"contentUrl\":\"https:\/\/teiaeducation.ch\/wp-content\/uploads\/2020\/11\/Teia-Education-Switzerland-e1620156442216.jpg\",\"width\":166,\"height\":145,\"caption\":\"Teia Education & Play\"},\"image\":{\"@id\":\"https:\/\/teiaeducation.ch\/fr\/#\/schema\/logo\/image\/\"},\"sameAs\":[\"https:\/\/www.facebook.com\/teiaeducation\/\",\"https:\/\/x.com\/EducationTeia\",\"https:\/\/www.instagram.com\/teia.education\/\",\"https:\/\/www.linkedin.com\/company\/35501660\",\"https:\/\/www.pinterest.ch\/TeiaEducation\/\"]}]}<\/script>\n<!-- \/ Yoast SEO plugin. -->","yoast_head_json":{"title":"Baby gym en bois - Bajo - Teia Education & Play","description":"La baby gym de Bajo est un jouet d'activit\u00e9 en bois qui favorise la motricit\u00e9 pour b\u00e9b\u00e9, fait \u00e0 la main et durable, sur le th\u00e8me de l'espace.","robots":{"index":"index","follow":"follow","max-snippet":"max-snippet:-1","max-image-preview":"max-image-preview:large","max-video-preview":"max-video-preview:-1"},"canonical":"https:\/\/teiaeducation.ch\/fr\/produit\/baby-gym-en-bois-bajo\/","og_locale":"fr_FR","og_type":"article","og_title":"Baby gym en bois - Bajo - Teia Education & Play","og_description":"La baby gym de Bajo est un jouet d'activit\u00e9 en bois qui favorise la motricit\u00e9 pour b\u00e9b\u00e9, fait \u00e0 la main et durable, sur le th\u00e8me de l'espace.","og_url":"https:\/\/teiaeducation.ch\/fr\/produit\/baby-gym-en-bois-bajo\/","og_site_name":"Sustainable Educational Products &amp; Ecological Toys\u00a0","article_publisher":"https:\/\/www.facebook.com\/teiaeducation\/","article_modified_time":"2023-03-10T12:18:19+00:00","og_image":[{"width":800,"height":800,"url":"https:\/\/teiaeducation.ch\/wp-content\/uploads\/2020\/11\/Baby-gym-Bajo.jpg","type":"image\/jpeg"}],"schema":{"@context":"https:\/\/schema.org","@graph":[{"@type":"WebPage","@id":"https:\/\/teiaeducation.ch\/fr\/produit\/baby-gym-en-bois-bajo\/","url":"https:\/\/teiaeducation.ch\/fr\/produit\/baby-gym-en-bois-bajo\/","name":"Baby gym en bois - Bajo - Teia Education & Play","isPartOf":{"@id":"https:\/\/teiaeducation.ch\/fr\/#website"},"primaryImageOfPage":{"@id":"https:\/\/teiaeducation.ch\/fr\/produit\/baby-gym-en-bois-bajo\/#primaryimage"},"image":{"@id":"https:\/\/teiaeducation.ch\/fr\/produit\/baby-gym-en-bois-bajo\/#primaryimage"},"thumbnailUrl":"https:\/\/teiaeducation.ch\/wp-content\/uploads\/2020\/11\/Baby-gym-Bajo.jpg","datePublished":"2020-11-13T15:21:49+00:00","dateModified":"2023-03-10T12:18:19+00:00","description":"La baby gym de Bajo est un jouet d'activit\u00e9 en bois qui favorise la motricit\u00e9 pour b\u00e9b\u00e9, fait \u00e0 la main et durable, sur le th\u00e8me de l'espace.","breadcrumb":{"@id":"https:\/\/teiaeducation.ch\/fr\/produit\/baby-gym-en-bois-bajo\/#breadcrumb"},"inLanguage":"fr-FR","potentialAction":[{"@type":"ReadAction","target":["https:\/\/teiaeducation.ch\/fr\/produit\/baby-gym-en-bois-bajo\/"]}]},{"@type":"ImageObject","inLanguage":"fr-FR","@id":"https:\/\/teiaeducation.ch\/fr\/produit\/baby-gym-en-bois-bajo\/#primaryimage","url":"https:\/\/teiaeducation.ch\/wp-content\/uploads\/2020\/11\/Baby-gym-Bajo.jpg","contentUrl":"https:\/\/teiaeducation.ch\/wp-content\/uploads\/2020\/11\/Baby-gym-Bajo.jpg","width":800,"height":800,"caption":"Baby gym en bois durable fait \u00e0 la main - Bajo"},{"@type":"BreadcrumbList","@id":"https:\/\/teiaeducation.ch\/fr\/produit\/baby-gym-en-bois-bajo\/#breadcrumb","itemListElement":[{"@type":"ListItem","position":1,"name":"Home","item":"https:\/\/teiaeducation.ch\/fr\/"},{"@type":"ListItem","position":2,"name":"Boutique Teia Education &amp; Play","item":"https:\/\/teiaeducation.ch\/fr\/boutique\/"},{"@type":"ListItem","position":3,"name":"Tranche d'\u00c2ge","item":"https:\/\/teiaeducation.ch\/fr\/categorie-produit\/tranche-dage\/"},{"@type":"ListItem","position":4,"name":"0-12 mois B\u00e9b\u00e9","item":"https:\/\/teiaeducation.ch\/fr\/categorie-produit\/tranche-dage\/0-12-mois-bebe\/"},{"@type":"ListItem","position":5,"name":"Baby gym en bois &#8211; Bajo"}]},{"@type":"WebSite","@id":"https:\/\/teiaeducation.ch\/fr\/#website","url":"https:\/\/teiaeducation.ch\/fr\/","name":"Sustainable Educational Products &amp; Ecological Toys\u00a0","description":"Specialised Swiss shop selling sustainable educational toys and games, AMI certified Montessori materials, handmade ecological wooden Waldorf toys and arts &amp; crafts supplies, school supplies, children&#039;s furniture and Montessori reference and parenting books.","publisher":{"@id":"https:\/\/teiaeducation.ch\/fr\/#organization"},"alternateName":"Teia Education & Play","potentialAction":[{"@type":"SearchAction","target":{"@type":"EntryPoint","urlTemplate":"https:\/\/teiaeducation.ch\/fr\/?s={search_term_string}"},"query-input":{"@type":"PropertyValueSpecification","valueRequired":true,"valueName":"search_term_string"}}],"inLanguage":"fr-FR"},{"@type":"Organization","@id":"https:\/\/teiaeducation.ch\/fr\/#organization","name":"Teia Education & Play","url":"https:\/\/teiaeducation.ch\/fr\/","logo":{"@type":"ImageObject","inLanguage":"fr-FR","@id":"https:\/\/teiaeducation.ch\/fr\/#\/schema\/logo\/image\/","url":"https:\/\/teiaeducation.ch\/wp-content\/uploads\/2020\/11\/Teia-Education-Switzerland-e1620156442216.jpg","contentUrl":"https:\/\/teiaeducation.ch\/wp-content\/uploads\/2020\/11\/Teia-Education-Switzerland-e1620156442216.jpg","width":166,"height":145,"caption":"Teia Education & Play"},"image":{"@id":"https:\/\/teiaeducation.ch\/fr\/#\/schema\/logo\/image\/"},"sameAs":["https:\/\/www.facebook.com\/teiaeducation\/","https:\/\/x.com\/EducationTeia","https:\/\/www.instagram.com\/teia.education\/","https:\/\/www.linkedin.com\/company\/35501660","https:\/\/www.pinterest.ch\/TeiaEducation\/"]}]}},"_links":{"self":[{"href":"https:\/\/teiaeducation.ch\/fr\/wp-json\/wp\/v2\/product\/32145","targetHints":{"allow":["GET"]}}],"collection":[{"href":"https:\/\/teiaeducation.ch\/fr\/wp-json\/wp\/v2\/product"}],"about":[{"href":"https:\/\/teiaeducation.ch\/fr\/wp-json\/wp\/v2\/types\/product"}],"replies":[{"embeddable":true,"href":"https:\/\/teiaeducation.ch\/fr\/wp-json\/wp\/v2\/comments?post=32145"}],"wp:featuredmedia":[{"embeddable":true,"href":"https:\/\/teiaeducation.ch\/fr\/wp-json\/wp\/v2\/media\/31944"}],"wp:attachment":[{"href":"https:\/\/teiaeducation.ch\/fr\/wp-json\/wp\/v2\/media?parent=32145"}],"wp:term":[{"taxonomy":"product_brand","embeddable":true,"href":"https:\/\/teiaeducation.ch\/fr\/wp-json\/wp\/v2\/product_brand?post=32145"},{"taxonomy":"product_cat","embeddable":true,"href":"https:\/\/teiaeducation.ch\/fr\/wp-json\/wp\/v2\/product_cat?post=32145"},{"taxonomy":"product_tag","embeddable":true,"href":"https:\/\/teiaeducation.ch\/fr\/wp-json\/wp\/v2\/product_tag?post=32145"}],"curies":[{"name":"wp","href":"https:\/\/api.w.org\/{rel}","templated":true}]}}