{"id":32149,"date":"2020-11-13T15:41:06","date_gmt":"2020-11-13T14:41:06","guid":{"rendered":"https:\/\/teiaeducation.ch\/product\/hochet-poisson-naturel-bajo\/"},"modified":"2024-11-20T11:23:14","modified_gmt":"2024-11-20T10:23:14","slug":"hochet-poisson-en-bois-naturel-bajo","status":"publish","type":"product","link":"https:\/\/teiaeducation.ch\/fr\/produit\/hochet-poisson-en-bois-naturel-bajo\/","title":{"rendered":"Hochet poisson en bois naturel &#8211; Bajo"},"content":{"rendered":"<p>Le <a href=\"https:\/\/teiaeducation.ch\/fr\/categorie-produit\/jouer\/hochets-bebes\/\">hochet<\/a> poisson en bois naturel de Bajo est un jouet pour b\u00e9b\u00e9 durable, magnifiquement con\u00e7u et fait \u00e0 la main. Juste la bonne taille pour \u00eatre saisi par les petites mains ! D&#8217;une belle forme tactile, le hochet a un anneau et une cloche pour un son doux agr\u00e9able. Un premier jouet parfait pour b\u00e9b\u00e9!<\/p>\n<p>R\u00e9alis\u00e9 en Pologne \u00e0 partir de bois europ\u00e9en massif, ce hochet en forme de poisson de couleur naturelle a une finition non toxique \u00e0 base d&#8217;eau, ce qui le rend s\u00fbr\u00a0pour les <a href=\"https:\/\/teiaeducation.ch\/fr\/categorie-produit\/guides-cadeaux\/guide-cadeaux-0-12-mois\/\">b\u00e9b\u00e9s<\/a> lorsqu&#8217;ils le portent \u00e0 la bouche pour soulager les pouss\u00e9es <a href=\"https:\/\/teiaeducation.ch\/fr\/categorie-produit\/jouer\/jouets-de-dentition\/\">dentaires<\/a> et en jouent. Il mesure 9 x 5 x 7cm.<\/p>\n<p>Les <a href=\"https:\/\/teiaeducation.ch\/fr\/categorie-produit\/jouer\/jouets-en-bois\/\">jouets<\/a> en bois innovants et de haute qualit\u00e9 de la marque polonaise Bajo sont tous fabriqu\u00e9s de mani\u00e8re durable en Pologne. Leurs produits prim\u00e9s sont tous conformes aux crit\u00e8res europ\u00e9ens de s\u00e9curit\u00e9 EN71 pour les jouets en bois et seuls des mat\u00e9riaux soigneusement s\u00e9lectionn\u00e9s de la plus haute qualit\u00e9 provenant de fournisseurs locaux certifi\u00e9s sont utilis\u00e9s. Seules les peintures europ\u00e9ennes pour bois, \u00e0 base d\u2019eau et non toxiques, conformes \u00e0 la norme \u00e9cologique, sont utilis\u00e9es pour fabriquer et finir \u00e0 la main les jouets et les meubles.<\/p>\n<p>En harmonie avec la p\u00e9dagogie Waldorf, <a href=\"https:\/\/teiaeducation.ch\/fr\/categorie-produit\/marques\/bajo-fr\/\">Bajo<\/a> croit que le contact avec le bois et sa chaleur est crucial dans la formation de la conscience environnementale et que les jouets en bois transmettent l\u2019amour pour la <a href=\"https:\/\/teiaeducation.ch\/fr\/categorie-produit\/jouer\/jeu-de-la-nature\/\">nature<\/a> d\u2019une mani\u00e8re parfaite.<\/p>\n<p>Le petit hochet pour b\u00e9b\u00e9s en bois naturel de Bajo convient aux enfants \u00e2g\u00e9s de 6 mois et plus.<\/p>\n<p>Contenu:<\/p>\n<p>1 hochet en bois<\/p>\n","protected":false},"excerpt":{"rendered":"<p>Num\u00e9ro d\u2019article: 12020B<\/p>\n<p>R\u00e9alis\u00e9 \u00e0 partir de bois europ\u00e9en, ce hochet Bajo en forme de poisson en bois naturel a une finition non toxique \u00e0 base d&#8217;eau, est et s\u00fbr\u00a0pour les b\u00e9b\u00e9s.<\/p>\n","protected":false},"featured_media":31837,"comment_status":"open","ping_status":"closed","template":"","meta":[],"product_brand":[],"product_cat":[25968,17207,13132,13130,13149,23020,217,5851,212],"product_tag":[17346,17961,17960,17895,17981,17977,17366,17333,17342,17979,17978,17980,17985],"class_list":{"0":"post-32149","1":"product","2":"type-product","3":"status-publish","4":"has-post-thumbnail","6":"product_cat-0-12-mois-bebe","7":"product_cat-bajo-fr","8":"product_cat-hochets-bebes","9":"product_cat-jouer","10":"product_cat-jouets-de-dentition","11":"product_cat-jouets-en-bois","12":"product_cat-marques","13":"product_cat-nouveautes","14":"product_cat-tranche-dage","15":"product_tag-anneau-de-dentition-en-bois","16":"product_tag-bajo-schweiz-fr","17":"product_tag-bajo-suisse-fr-2","18":"product_tag-bajo-suisse-fr","19":"product_tag-hochet-pour-bebe-en-bois-durable-fait-a-la-main","20":"product_tag-hochets-pour-bebe-en-bois","21":"product_tag-hochets-surs-et-naturels-pour-bebe","22":"product_tag-jouets-pour-bebe-en-bois","23":"product_tag-jouets-pour-bebes-ecologiques","24":"product_tag-jouets-pour-bebes-non-toxiques","25":"product_tag-jouets-pour-bebes-surs","26":"product_tag-jouets-verts-pour-bebes","27":"product_tag-le-hochet-poisson-naturel-bajo","29":"first","30":"instock","31":"taxable","32":"shipping-taxable","33":"purchasable","34":"product-type-simple"},"yoast_head":"<!-- This site is optimized with the Yoast SEO Premium plugin v25.8 (Yoast SEO v27.4) - https:\/\/yoast.com\/product\/yoast-seo-premium-wordpress\/ -->\n<title>Hochet poisson en bois naturel - Bajo - Teia Education &amp; Play<\/title>\n<meta name=\"description\" content=\"R\u00e9alis\u00e9 \u00e0 partir de bois europ\u00e9en, ce hochet Bajo en forme de poisson en bois naturel a une finition non toxique \u00e0 base d&#039;eau, est et s\u00fbr\u00a0pour les b\u00e9b\u00e9s.\" \/>\n<meta name=\"robots\" content=\"index, follow, max-snippet:-1, max-image-preview:large, max-video-preview:-1\" \/>\n<link rel=\"canonical\" href=\"https:\/\/teiaeducation.ch\/fr\/produit\/hochet-poisson-en-bois-naturel-bajo\/\" \/>\n<meta property=\"og:locale\" content=\"fr_FR\" \/>\n<meta property=\"og:type\" content=\"article\" \/>\n<meta property=\"og:title\" content=\"Hochet poisson en bois naturel - Bajo\" \/>\n<meta property=\"og:description\" content=\"R\u00e9alis\u00e9 \u00e0 partir de bois europ\u00e9en, ce hochet Bajo en forme de poisson en bois naturel a une finition non toxique \u00e0 base d&#039;eau, est et s\u00fbr\u00a0pour les b\u00e9b\u00e9s.\" \/>\n<meta property=\"og:url\" content=\"https:\/\/teiaeducation.ch\/fr\/produit\/hochet-poisson-en-bois-naturel-bajo\/\" \/>\n<meta property=\"og:site_name\" content=\"Sustainable Educational Products &amp; Ecological Toys\u00a0\" \/>\n<meta property=\"article:publisher\" content=\"https:\/\/www.facebook.com\/teiaeducation\/\" \/>\n<meta property=\"article:modified_time\" content=\"2024-11-20T10:23:14+00:00\" \/>\n<meta property=\"og:image\" content=\"https:\/\/teiaeducation.ch\/wp-content\/uploads\/2020\/11\/Natural-fish-rattle-Bajo.jpg\" \/>\n\t<meta property=\"og:image:width\" content=\"800\" \/>\n\t<meta property=\"og:image:height\" content=\"800\" \/>\n\t<meta property=\"og:image:type\" content=\"image\/jpeg\" \/>\n<script type=\"application\/ld+json\" class=\"yoast-schema-graph\">{\"@context\":\"https:\\\/\\\/schema.org\",\"@graph\":[{\"@type\":\"WebPage\",\"@id\":\"https:\\\/\\\/teiaeducation.ch\\\/fr\\\/produit\\\/hochet-poisson-en-bois-naturel-bajo\\\/\",\"url\":\"https:\\\/\\\/teiaeducation.ch\\\/fr\\\/produit\\\/hochet-poisson-en-bois-naturel-bajo\\\/\",\"name\":\"Hochet poisson en bois naturel - Bajo - Teia Education & Play\",\"isPartOf\":{\"@id\":\"https:\\\/\\\/teiaeducation.ch\\\/fr\\\/#website\"},\"primaryImageOfPage\":{\"@id\":\"https:\\\/\\\/teiaeducation.ch\\\/fr\\\/produit\\\/hochet-poisson-en-bois-naturel-bajo\\\/#primaryimage\"},\"image\":{\"@id\":\"https:\\\/\\\/teiaeducation.ch\\\/fr\\\/produit\\\/hochet-poisson-en-bois-naturel-bajo\\\/#primaryimage\"},\"thumbnailUrl\":\"https:\\\/\\\/teiaeducation.ch\\\/wp-content\\\/uploads\\\/2020\\\/11\\\/Natural-fish-rattle-Bajo.jpg\",\"datePublished\":\"2020-11-13T14:41:06+00:00\",\"dateModified\":\"2024-11-20T10:23:14+00:00\",\"description\":\"R\u00e9alis\u00e9 \u00e0 partir de bois europ\u00e9en, ce hochet Bajo en forme de poisson en bois naturel a une finition non toxique \u00e0 base d'eau, est et s\u00fbr\u00a0pour les b\u00e9b\u00e9s.\",\"breadcrumb\":{\"@id\":\"https:\\\/\\\/teiaeducation.ch\\\/fr\\\/produit\\\/hochet-poisson-en-bois-naturel-bajo\\\/#breadcrumb\"},\"inLanguage\":\"fr-FR\",\"potentialAction\":[{\"@type\":\"ReadAction\",\"target\":[\"https:\\\/\\\/teiaeducation.ch\\\/fr\\\/produit\\\/hochet-poisson-en-bois-naturel-bajo\\\/\"]}]},{\"@type\":\"ImageObject\",\"inLanguage\":\"fr-FR\",\"@id\":\"https:\\\/\\\/teiaeducation.ch\\\/fr\\\/produit\\\/hochet-poisson-en-bois-naturel-bajo\\\/#primaryimage\",\"url\":\"https:\\\/\\\/teiaeducation.ch\\\/wp-content\\\/uploads\\\/2020\\\/11\\\/Natural-fish-rattle-Bajo.jpg\",\"contentUrl\":\"https:\\\/\\\/teiaeducation.ch\\\/wp-content\\\/uploads\\\/2020\\\/11\\\/Natural-fish-rattle-Bajo.jpg\",\"width\":800,\"height\":800,\"caption\":\"Hochet de b\u00e9b\u00e9 poisson en bois naturel durable fait \u00e0 la main Bajo\"},{\"@type\":\"BreadcrumbList\",\"@id\":\"https:\\\/\\\/teiaeducation.ch\\\/fr\\\/produit\\\/hochet-poisson-en-bois-naturel-bajo\\\/#breadcrumb\",\"itemListElement\":[{\"@type\":\"ListItem\",\"position\":1,\"name\":\"Home\",\"item\":\"https:\\\/\\\/teiaeducation.ch\\\/fr\\\/\"},{\"@type\":\"ListItem\",\"position\":2,\"name\":\"Boutique Teia Education &amp; Play\",\"item\":\"https:\\\/\\\/teiaeducation.ch\\\/fr\\\/boutique\\\/\"},{\"@type\":\"ListItem\",\"position\":3,\"name\":\"Nos Marques\",\"item\":\"https:\\\/\\\/teiaeducation.ch\\\/fr\\\/categorie-produit\\\/marques\\\/\"},{\"@type\":\"ListItem\",\"position\":4,\"name\":\"Bajo\",\"item\":\"https:\\\/\\\/teiaeducation.ch\\\/fr\\\/categorie-produit\\\/marques\\\/bajo-fr\\\/\"},{\"@type\":\"ListItem\",\"position\":5,\"name\":\"Hochet poisson en bois naturel &#8211; Bajo\"}]},{\"@type\":\"WebSite\",\"@id\":\"https:\\\/\\\/teiaeducation.ch\\\/fr\\\/#website\",\"url\":\"https:\\\/\\\/teiaeducation.ch\\\/fr\\\/\",\"name\":\"Sustainable Educational Products &amp; Ecological Toys\u00a0\",\"description\":\"Specialised Swiss shop selling sustainable educational toys and games, AMI certified Montessori materials, handmade ecological wooden Waldorf toys and arts &amp; crafts supplies, school supplies, children&#039;s furniture and Montessori reference and parenting books.\",\"publisher\":{\"@id\":\"https:\\\/\\\/teiaeducation.ch\\\/fr\\\/#organization\"},\"alternateName\":\"Teia Education & Play\",\"potentialAction\":[{\"@type\":\"SearchAction\",\"target\":{\"@type\":\"EntryPoint\",\"urlTemplate\":\"https:\\\/\\\/teiaeducation.ch\\\/fr\\\/?s={search_term_string}\"},\"query-input\":{\"@type\":\"PropertyValueSpecification\",\"valueRequired\":true,\"valueName\":\"search_term_string\"}}],\"inLanguage\":\"fr-FR\"},{\"@type\":\"Organization\",\"@id\":\"https:\\\/\\\/teiaeducation.ch\\\/fr\\\/#organization\",\"name\":\"Teia Education & Play\",\"url\":\"https:\\\/\\\/teiaeducation.ch\\\/fr\\\/\",\"logo\":{\"@type\":\"ImageObject\",\"inLanguage\":\"fr-FR\",\"@id\":\"https:\\\/\\\/teiaeducation.ch\\\/fr\\\/#\\\/schema\\\/logo\\\/image\\\/\",\"url\":\"https:\\\/\\\/teiaeducation.ch\\\/wp-content\\\/uploads\\\/2020\\\/11\\\/Teia-Education-Switzerland-e1620156442216.jpg\",\"contentUrl\":\"https:\\\/\\\/teiaeducation.ch\\\/wp-content\\\/uploads\\\/2020\\\/11\\\/Teia-Education-Switzerland-e1620156442216.jpg\",\"width\":166,\"height\":145,\"caption\":\"Teia Education & Play\"},\"image\":{\"@id\":\"https:\\\/\\\/teiaeducation.ch\\\/fr\\\/#\\\/schema\\\/logo\\\/image\\\/\"},\"sameAs\":[\"https:\\\/\\\/www.facebook.com\\\/teiaeducation\\\/\",\"https:\\\/\\\/x.com\\\/EducationTeia\",\"https:\\\/\\\/www.instagram.com\\\/teia.education\\\/\",\"https:\\\/\\\/www.linkedin.com\\\/company\\\/35501660\",\"https:\\\/\\\/www.pinterest.ch\\\/TeiaEducation\\\/\"]}]}<\/script>\n<meta property=\"product:price:amount\" content=\"16.90\" \/>\n<meta property=\"product:price:currency\" content=\"CHF\" \/>\n<meta property=\"og:availability\" content=\"instock\" \/>\n<meta property=\"product:availability\" content=\"instock\" \/>\n<meta property=\"product:retailer_item_id\" content=\"00000000000000000000000000000000000000000000031835\" \/>\n<meta property=\"product:condition\" content=\"new\" \/>\n<!-- \/ Yoast SEO Premium plugin. -->","yoast_head_json":{"title":"Hochet poisson en bois naturel - Bajo - Teia Education & Play","description":"R\u00e9alis\u00e9 \u00e0 partir de bois europ\u00e9en, ce hochet Bajo en forme de poisson en bois naturel a une finition non toxique \u00e0 base d'eau, est et s\u00fbr\u00a0pour les b\u00e9b\u00e9s.","robots":{"index":"index","follow":"follow","max-snippet":"max-snippet:-1","max-image-preview":"max-image-preview:large","max-video-preview":"max-video-preview:-1"},"canonical":"https:\/\/teiaeducation.ch\/fr\/produit\/hochet-poisson-en-bois-naturel-bajo\/","og_locale":"fr_FR","og_type":"article","og_title":"Hochet poisson en bois naturel - Bajo","og_description":"R\u00e9alis\u00e9 \u00e0 partir de bois europ\u00e9en, ce hochet Bajo en forme de poisson en bois naturel a une finition non toxique \u00e0 base d'eau, est et s\u00fbr\u00a0pour les b\u00e9b\u00e9s.","og_url":"https:\/\/teiaeducation.ch\/fr\/produit\/hochet-poisson-en-bois-naturel-bajo\/","og_site_name":"Sustainable Educational Products &amp; Ecological Toys\u00a0","article_publisher":"https:\/\/www.facebook.com\/teiaeducation\/","article_modified_time":"2024-11-20T10:23:14+00:00","og_image":[{"width":800,"height":800,"url":"https:\/\/teiaeducation.ch\/wp-content\/uploads\/2020\/11\/Natural-fish-rattle-Bajo.jpg","type":"image\/jpeg"}],"schema":{"@context":"https:\/\/schema.org","@graph":[{"@type":"WebPage","@id":"https:\/\/teiaeducation.ch\/fr\/produit\/hochet-poisson-en-bois-naturel-bajo\/","url":"https:\/\/teiaeducation.ch\/fr\/produit\/hochet-poisson-en-bois-naturel-bajo\/","name":"Hochet poisson en bois naturel - Bajo - Teia Education & Play","isPartOf":{"@id":"https:\/\/teiaeducation.ch\/fr\/#website"},"primaryImageOfPage":{"@id":"https:\/\/teiaeducation.ch\/fr\/produit\/hochet-poisson-en-bois-naturel-bajo\/#primaryimage"},"image":{"@id":"https:\/\/teiaeducation.ch\/fr\/produit\/hochet-poisson-en-bois-naturel-bajo\/#primaryimage"},"thumbnailUrl":"https:\/\/teiaeducation.ch\/wp-content\/uploads\/2020\/11\/Natural-fish-rattle-Bajo.jpg","datePublished":"2020-11-13T14:41:06+00:00","dateModified":"2024-11-20T10:23:14+00:00","description":"R\u00e9alis\u00e9 \u00e0 partir de bois europ\u00e9en, ce hochet Bajo en forme de poisson en bois naturel a une finition non toxique \u00e0 base d'eau, est et s\u00fbr\u00a0pour les b\u00e9b\u00e9s.","breadcrumb":{"@id":"https:\/\/teiaeducation.ch\/fr\/produit\/hochet-poisson-en-bois-naturel-bajo\/#breadcrumb"},"inLanguage":"fr-FR","potentialAction":[{"@type":"ReadAction","target":["https:\/\/teiaeducation.ch\/fr\/produit\/hochet-poisson-en-bois-naturel-bajo\/"]}]},{"@type":"ImageObject","inLanguage":"fr-FR","@id":"https:\/\/teiaeducation.ch\/fr\/produit\/hochet-poisson-en-bois-naturel-bajo\/#primaryimage","url":"https:\/\/teiaeducation.ch\/wp-content\/uploads\/2020\/11\/Natural-fish-rattle-Bajo.jpg","contentUrl":"https:\/\/teiaeducation.ch\/wp-content\/uploads\/2020\/11\/Natural-fish-rattle-Bajo.jpg","width":800,"height":800,"caption":"Hochet de b\u00e9b\u00e9 poisson en bois naturel durable fait \u00e0 la main Bajo"},{"@type":"BreadcrumbList","@id":"https:\/\/teiaeducation.ch\/fr\/produit\/hochet-poisson-en-bois-naturel-bajo\/#breadcrumb","itemListElement":[{"@type":"ListItem","position":1,"name":"Home","item":"https:\/\/teiaeducation.ch\/fr\/"},{"@type":"ListItem","position":2,"name":"Boutique Teia Education &amp; Play","item":"https:\/\/teiaeducation.ch\/fr\/boutique\/"},{"@type":"ListItem","position":3,"name":"Nos Marques","item":"https:\/\/teiaeducation.ch\/fr\/categorie-produit\/marques\/"},{"@type":"ListItem","position":4,"name":"Bajo","item":"https:\/\/teiaeducation.ch\/fr\/categorie-produit\/marques\/bajo-fr\/"},{"@type":"ListItem","position":5,"name":"Hochet poisson en bois naturel &#8211; Bajo"}]},{"@type":"WebSite","@id":"https:\/\/teiaeducation.ch\/fr\/#website","url":"https:\/\/teiaeducation.ch\/fr\/","name":"Sustainable Educational Products &amp; Ecological Toys\u00a0","description":"Specialised Swiss shop selling sustainable educational toys and games, AMI certified Montessori materials, handmade ecological wooden Waldorf toys and arts &amp; crafts supplies, school supplies, children&#039;s furniture and Montessori reference and parenting books.","publisher":{"@id":"https:\/\/teiaeducation.ch\/fr\/#organization"},"alternateName":"Teia Education & Play","potentialAction":[{"@type":"SearchAction","target":{"@type":"EntryPoint","urlTemplate":"https:\/\/teiaeducation.ch\/fr\/?s={search_term_string}"},"query-input":{"@type":"PropertyValueSpecification","valueRequired":true,"valueName":"search_term_string"}}],"inLanguage":"fr-FR"},{"@type":"Organization","@id":"https:\/\/teiaeducation.ch\/fr\/#organization","name":"Teia Education & Play","url":"https:\/\/teiaeducation.ch\/fr\/","logo":{"@type":"ImageObject","inLanguage":"fr-FR","@id":"https:\/\/teiaeducation.ch\/fr\/#\/schema\/logo\/image\/","url":"https:\/\/teiaeducation.ch\/wp-content\/uploads\/2020\/11\/Teia-Education-Switzerland-e1620156442216.jpg","contentUrl":"https:\/\/teiaeducation.ch\/wp-content\/uploads\/2020\/11\/Teia-Education-Switzerland-e1620156442216.jpg","width":166,"height":145,"caption":"Teia Education & Play"},"image":{"@id":"https:\/\/teiaeducation.ch\/fr\/#\/schema\/logo\/image\/"},"sameAs":["https:\/\/www.facebook.com\/teiaeducation\/","https:\/\/x.com\/EducationTeia","https:\/\/www.instagram.com\/teia.education\/","https:\/\/www.linkedin.com\/company\/35501660","https:\/\/www.pinterest.ch\/TeiaEducation\/"]}]},"product_price_amount":"16.90","product_price_currency":"CHF","og_availability":"instock","product_availability":"instock","product_retailer_item_id":"00000000000000000000000000000000000000000000031835","product_condition":"new"},"_links":{"self":[{"href":"https:\/\/teiaeducation.ch\/fr\/wp-json\/wp\/v2\/product\/32149","targetHints":{"allow":["GET"]}}],"collection":[{"href":"https:\/\/teiaeducation.ch\/fr\/wp-json\/wp\/v2\/product"}],"about":[{"href":"https:\/\/teiaeducation.ch\/fr\/wp-json\/wp\/v2\/types\/product"}],"replies":[{"embeddable":true,"href":"https:\/\/teiaeducation.ch\/fr\/wp-json\/wp\/v2\/comments?post=32149"}],"wp:featuredmedia":[{"embeddable":true,"href":"https:\/\/teiaeducation.ch\/fr\/wp-json\/wp\/v2\/media\/31837"}],"wp:attachment":[{"href":"https:\/\/teiaeducation.ch\/fr\/wp-json\/wp\/v2\/media?parent=32149"}],"wp:term":[{"taxonomy":"product_brand","embeddable":true,"href":"https:\/\/teiaeducation.ch\/fr\/wp-json\/wp\/v2\/product_brand?post=32149"},{"taxonomy":"product_cat","embeddable":true,"href":"https:\/\/teiaeducation.ch\/fr\/wp-json\/wp\/v2\/product_cat?post=32149"},{"taxonomy":"product_tag","embeddable":true,"href":"https:\/\/teiaeducation.ch\/fr\/wp-json\/wp\/v2\/product_tag?post=32149"}],"curies":[{"name":"wp","href":"https:\/\/api.w.org\/{rel}","templated":true}]}}