{"id":32256,"date":"2020-11-21T22:41:31","date_gmt":"2020-11-21T21:41:31","guid":{"rendered":"https:\/\/teiaeducation.ch\/product\/blocs-en-bois-grimms\/"},"modified":"2021-06-24T11:47:08","modified_gmt":"2021-06-24T09:47:08","slug":"blocs-en-bois-grimms","status":"publish","type":"product","link":"https:\/\/teiaeducation.ch\/fr\/produit\/blocs-en-bois-grimms\/","title":{"rendered":"Blocs en bois arc-en-ciel &#8211; Grimm\u2019s"},"content":{"rendered":"<p>Blocs en bois coulours arc-en-ciel\u00a0\/ Blocs de construction en bois durables faits \u00e0 la main &#8211; Grimm\u2019s<\/p>\n<p>Des blocs de constructions merveilleusement amusants et stimulants aux couleurs de l&#8217;arc-en-ciel de Grimm. Ces beaux blocs de construction en bois durables fabriqu\u00e9s \u00e0 la main <a href=\"https:\/\/teiaeducation.ch\/product-category\/play\/wooden-building-blocks\/\">et agr\u00e9ablement<\/a> tactiles ont des angles et des inclinaisons diff\u00e9rents de sorte que seules les couleurs assorties compl\u00e9teront un rectangle.<\/p>\n<p>En fait, les 6 blocs dans le m\u00eame ensemble de couleurs peuvent \u00eatre combin\u00e9s pour cr\u00e9er un rectangle dans ce jouet intelligent car ils ont le m\u00eame angle d\u2019inclinaison &#8211; de sorte que tous les blocs verts s\u2019adaptent ensemble, par exemple, pleins de diff\u00e9rentes tailles de rectangle peuvent \u00eatre form\u00e9es.<\/p>\n<p>La motricit\u00e9 fine et les habilet\u00e9s de pens\u00e9e spatiale sont d\u00e9velopp\u00e9es en construisant et en jouant avec ces blocs in\u00e9gaux. Des jeux d\u2019empilage, d\u2019appariement et de construction sans fin peuvent \u00eatre jou\u00e9s et de belles tours et sculptures cr\u00e9\u00e9es, avec des enfants testant leurs comp\u00e9tences pour cr\u00e9er une structure \u00e9quilibr\u00e9e.<\/p>\n<p>L\u2019ensemble de blocs de construction en bois de Grimm est fabriqu\u00e9 \u00e0 partir de bois de chaux et peint dans de belles couleurs lumineuses avec des penitures non toxiques \u00e0 base d\u2019eau, ce qui le rend s\u00fbr pour une utilisation par les enfants. Avec 30 blocs en bois mesurant 6cm de longueur dans 15 nuances magnifiques dans un cadre en bois. Le cadre mesure 31cm de longueur et est fini avec de l&#8217;huile v\u00e9g\u00e9tale non toxique.<\/p>\n<p>Id\u00e9al pour jouer \u00e0 la maison, \u00e0 la cr\u00e8che, \u00e0 Waldorf ou \u00e0 l\u2019\u00e9cole Steiner, les beaux jouets en bois naturel de Grimm sont fabriqu\u00e9s selon la philosophie Waldorf qui est bien connue pour encourager les enfants \u00e0 d\u00e9couvrir le jeu cr\u00e9atif de mani\u00e8re ind\u00e9pendante, sans limitations et \u00e0 un rythme effr\u00e9n\u00e9. Les jouets en bois de Grimm sont color\u00e9s \u00e0 la main avec des peintures \u00e0 base d\u2019eau non toxiques et ne sont pas finis avec de la laque pour assurer les caract\u00e9ristiques originales du bois et pour qu&#8217;on puisse voir le grain \u00e0 travers. La surface des morceaux de bois europ\u00e9ens certifi\u00e9s FSC est laiss\u00e9e l\u00e9g\u00e8rement rugueuse, ce qui les rend plus facilement empilables et moins glissants.<\/p>\n<p>Les jouets en bois de Grimm sont fabriqu\u00e9s dans les installations de Grimm en Allemagne ainsi que dans plusieurs ateliers \u00e0 travers l\u2019Europe \u00e0 partir de diff\u00e9rents types de bois tels que l\u2019aulne, la chaux, le h\u00eatre et l\u2019\u00e9rable. Tout le bois utilis\u00e9 pour fabriquer les jouets de Grimm provient de for\u00eats europ\u00e9ennes g\u00e9r\u00e9es de mani\u00e8re durable.<\/p>\n<p>Veuillez noter que les jouets de Grimm sont toujours uniques, et portent des marques uniques faites par la nature. Le grain de bois a des structures et des couleurs changeantes qui servent de preuve de ses origines naturelles. Les variations uniques, les marques, les noeuds, les motifs, les rayures noires ou les taches sombres qui peuvent \u00eatre visibles dans le bois d\u2019un jouet de Grimm sont une preuve de qualit\u00e9, et non des d\u00e9fauts.<\/p>\n<p>L\u2019ensemble de blocs arc-en-ciel en bois de Grimm convient aux enfants de 5 ans et plus.<\/p>\n<p>Avertissement! RISQUE D\u2019\u00c9TOUFFEMENT &#8211; Petites pi\u00e8ces. Pas adapt\u00e9 pour les enfants de moins de 3 ans.<\/p>\n<p>Contenu:<\/p>\n<p>30 blocs de construction<br \/>\nUn cadre en bois<\/p>\n","protected":false},"excerpt":{"rendered":"<p>Num\u00e9ro d\u2019article: gri10064<\/p>\n<p>Ces magnifiques et agr\u00e9ablement tactiles blocs en bois durable fabriqu\u00e9s \u00e0 la main par Grimm, dans un arc-en-ciel de couleurs, d\u00e9veloppent la motricit\u00e9 fine.<\/p>\n","protected":false},"featured_media":30917,"comment_status":"open","ping_status":"closed","template":"","meta":[],"product_brand":[],"product_cat":[215,216,13150,635,24872,283,17212,13130,13144,23020,23021,289,624,7595,217,5851,13148,209,212,1219],"product_tag":[17337,17463,18011,17944,18009,18010,8625,17332,17334,17335,17301,17462,17331,17336],"class_list":{"0":"post-32256","1":"product","2":"type-product","3":"status-publish","4":"has-post-thumbnail","6":"product_cat-3-6-ans","7":"product_cat-6-12-ans","8":"product_cat-blocs-de-construction-en-bois","9":"product_cat-competences-motrices","10":"product_cat-construction-mondes-arc-en-ciel","11":"product_cat-domaines-du-curriculum","12":"product_cat-grimms-fr","13":"product_cat-jouer","14":"product_cat-jouets-a-empiler","15":"product_cat-jouets-en-bois","16":"product_cat-jouets-waldorf","17":"product_cat-geometrie","18":"product_cat-formes","19":"product_cat-methode-deducation","20":"product_cat-marques","21":"product_cat-nouveautes","22":"product_cat-puzzles-en-bois","23":"product_cat-sensorielles-motrices","24":"product_cat-tranche-dage","25":"product_cat-waldorf-fr","26":"product_tag-arc-en-ciel-colore-en-bois-fait-main","27":"product_tag-assortiment-de-blocs-de-construction-en-bois-de-grimm","28":"product_tag-blocs-a-empiler","29":"product_tag-blocs-de-bois-arc-en-ciel-de-grimm","30":"product_tag-blocs-de-grimm","31":"product_tag-blocs-irreguliers-a-empiler","32":"product_tag-fabrique-en-allemagne","33":"product_tag-grimm-suisse","34":"product_tag-grimm-suisse-fr","35":"product_tag-grimme-suisse","36":"product_tag-jeu-dempilement-de-blocs","37":"product_tag-jeux-libres-en-bois","38":"product_tag-jouets-en-bois-waldorf","39":"product_tag-magasin-de-jouets-en-bois-grimm","41":"first","42":"instock","43":"taxable","44":"shipping-taxable","45":"purchasable","46":"product-type-simple"},"yoast_head":"<!-- This site is optimized with the Yoast SEO Premium plugin v25.8 (Yoast SEO v27.4) - https:\/\/yoast.com\/product\/yoast-seo-premium-wordpress\/ -->\n<title>Blocs en bois arc-en-ciel - Grimm\u2019s - Teia Education &amp; Play<\/title>\n<meta name=\"description\" content=\"Les magnifiques blocs de construction en bois durable faits \u00e0 la main de Grimm, dans les couleurs de l&#039;arc-en-ciel, d\u00e9veloppent la motricit\u00e9 fine.\" \/>\n<meta name=\"robots\" content=\"index, follow, max-snippet:-1, max-image-preview:large, max-video-preview:-1\" \/>\n<link rel=\"canonical\" href=\"https:\/\/teiaeducation.ch\/fr\/produit\/blocs-en-bois-grimms\/\" \/>\n<meta property=\"og:locale\" content=\"fr_FR\" \/>\n<meta property=\"og:type\" content=\"article\" \/>\n<meta property=\"og:title\" content=\"Blocs en bois arc-en-ciel - Grimm\u2019s\" \/>\n<meta property=\"og:description\" content=\"Les magnifiques blocs de construction en bois durable faits \u00e0 la main de Grimm, dans les couleurs de l&#039;arc-en-ciel, d\u00e9veloppent la motricit\u00e9 fine.\" \/>\n<meta property=\"og:url\" content=\"https:\/\/teiaeducation.ch\/fr\/produit\/blocs-en-bois-grimms\/\" \/>\n<meta property=\"og:site_name\" content=\"Sustainable Educational Products &amp; Ecological Toys\u00a0\" \/>\n<meta property=\"article:publisher\" content=\"https:\/\/www.facebook.com\/teiaeducation\/\" \/>\n<meta property=\"article:modified_time\" content=\"2021-06-24T09:47:08+00:00\" \/>\n<meta property=\"og:image\" content=\"https:\/\/teiaeducation.ch\/wp-content\/uploads\/2020\/10\/Sloping-blocks-Grimms0.jpg\" \/>\n\t<meta property=\"og:image:width\" content=\"800\" \/>\n\t<meta property=\"og:image:height\" content=\"574\" \/>\n\t<meta property=\"og:image:type\" content=\"image\/jpeg\" \/>\n<script type=\"application\/ld+json\" class=\"yoast-schema-graph\">{\"@context\":\"https:\\\/\\\/schema.org\",\"@graph\":[{\"@type\":\"WebPage\",\"@id\":\"https:\\\/\\\/teiaeducation.ch\\\/fr\\\/produit\\\/blocs-en-bois-grimms\\\/\",\"url\":\"https:\\\/\\\/teiaeducation.ch\\\/fr\\\/produit\\\/blocs-en-bois-grimms\\\/\",\"name\":\"Blocs en bois arc-en-ciel - Grimm\u2019s - Teia Education & Play\",\"isPartOf\":{\"@id\":\"https:\\\/\\\/teiaeducation.ch\\\/fr\\\/#website\"},\"primaryImageOfPage\":{\"@id\":\"https:\\\/\\\/teiaeducation.ch\\\/fr\\\/produit\\\/blocs-en-bois-grimms\\\/#primaryimage\"},\"image\":{\"@id\":\"https:\\\/\\\/teiaeducation.ch\\\/fr\\\/produit\\\/blocs-en-bois-grimms\\\/#primaryimage\"},\"thumbnailUrl\":\"https:\\\/\\\/teiaeducation.ch\\\/wp-content\\\/uploads\\\/2020\\\/10\\\/Sloping-blocks-Grimms0.jpg\",\"datePublished\":\"2020-11-21T21:41:31+00:00\",\"dateModified\":\"2021-06-24T09:47:08+00:00\",\"description\":\"Les magnifiques blocs de construction en bois durable faits \u00e0 la main de Grimm, dans les couleurs de l'arc-en-ciel, d\u00e9veloppent la motricit\u00e9 fine.\",\"breadcrumb\":{\"@id\":\"https:\\\/\\\/teiaeducation.ch\\\/fr\\\/produit\\\/blocs-en-bois-grimms\\\/#breadcrumb\"},\"inLanguage\":\"fr-FR\",\"potentialAction\":[{\"@type\":\"ReadAction\",\"target\":[\"https:\\\/\\\/teiaeducation.ch\\\/fr\\\/produit\\\/blocs-en-bois-grimms\\\/\"]}]},{\"@type\":\"ImageObject\",\"inLanguage\":\"fr-FR\",\"@id\":\"https:\\\/\\\/teiaeducation.ch\\\/fr\\\/produit\\\/blocs-en-bois-grimms\\\/#primaryimage\",\"url\":\"https:\\\/\\\/teiaeducation.ch\\\/wp-content\\\/uploads\\\/2020\\\/10\\\/Sloping-blocks-Grimms0.jpg\",\"contentUrl\":\"https:\\\/\\\/teiaeducation.ch\\\/wp-content\\\/uploads\\\/2020\\\/10\\\/Sloping-blocks-Grimms0.jpg\",\"width\":800,\"height\":574,\"caption\":\"Blocs en bois durable fais \u00e0 la main aux couleurs de l'arc-en-ciel - Grimm\u2019s\"},{\"@type\":\"BreadcrumbList\",\"@id\":\"https:\\\/\\\/teiaeducation.ch\\\/fr\\\/produit\\\/blocs-en-bois-grimms\\\/#breadcrumb\",\"itemListElement\":[{\"@type\":\"ListItem\",\"position\":1,\"name\":\"Home\",\"item\":\"https:\\\/\\\/teiaeducation.ch\\\/fr\\\/\"},{\"@type\":\"ListItem\",\"position\":2,\"name\":\"Boutique Teia Education &amp; Play\",\"item\":\"https:\\\/\\\/teiaeducation.ch\\\/fr\\\/boutique\\\/\"},{\"@type\":\"ListItem\",\"position\":3,\"name\":\"Nos Marques\",\"item\":\"https:\\\/\\\/teiaeducation.ch\\\/fr\\\/categorie-produit\\\/marques\\\/\"},{\"@type\":\"ListItem\",\"position\":4,\"name\":\"Grimm's\",\"item\":\"https:\\\/\\\/teiaeducation.ch\\\/fr\\\/categorie-produit\\\/marques\\\/grimms-fr\\\/\"},{\"@type\":\"ListItem\",\"position\":5,\"name\":\"Blocs en bois arc-en-ciel &#8211; Grimm\u2019s\"}]},{\"@type\":\"WebSite\",\"@id\":\"https:\\\/\\\/teiaeducation.ch\\\/fr\\\/#website\",\"url\":\"https:\\\/\\\/teiaeducation.ch\\\/fr\\\/\",\"name\":\"Sustainable Educational Products &amp; Ecological Toys\u00a0\",\"description\":\"Specialised Swiss shop selling sustainable educational toys and games, AMI certified Montessori materials, handmade ecological wooden Waldorf toys and arts &amp; crafts supplies, school supplies, children&#039;s furniture and Montessori reference and parenting books.\",\"publisher\":{\"@id\":\"https:\\\/\\\/teiaeducation.ch\\\/fr\\\/#organization\"},\"alternateName\":\"Teia Education & Play\",\"potentialAction\":[{\"@type\":\"SearchAction\",\"target\":{\"@type\":\"EntryPoint\",\"urlTemplate\":\"https:\\\/\\\/teiaeducation.ch\\\/fr\\\/?s={search_term_string}\"},\"query-input\":{\"@type\":\"PropertyValueSpecification\",\"valueRequired\":true,\"valueName\":\"search_term_string\"}}],\"inLanguage\":\"fr-FR\"},{\"@type\":\"Organization\",\"@id\":\"https:\\\/\\\/teiaeducation.ch\\\/fr\\\/#organization\",\"name\":\"Teia Education & Play\",\"url\":\"https:\\\/\\\/teiaeducation.ch\\\/fr\\\/\",\"logo\":{\"@type\":\"ImageObject\",\"inLanguage\":\"fr-FR\",\"@id\":\"https:\\\/\\\/teiaeducation.ch\\\/fr\\\/#\\\/schema\\\/logo\\\/image\\\/\",\"url\":\"https:\\\/\\\/teiaeducation.ch\\\/wp-content\\\/uploads\\\/2020\\\/11\\\/Teia-Education-Switzerland-e1620156442216.jpg\",\"contentUrl\":\"https:\\\/\\\/teiaeducation.ch\\\/wp-content\\\/uploads\\\/2020\\\/11\\\/Teia-Education-Switzerland-e1620156442216.jpg\",\"width\":166,\"height\":145,\"caption\":\"Teia Education & Play\"},\"image\":{\"@id\":\"https:\\\/\\\/teiaeducation.ch\\\/fr\\\/#\\\/schema\\\/logo\\\/image\\\/\"},\"sameAs\":[\"https:\\\/\\\/www.facebook.com\\\/teiaeducation\\\/\",\"https:\\\/\\\/x.com\\\/EducationTeia\",\"https:\\\/\\\/www.instagram.com\\\/teia.education\\\/\",\"https:\\\/\\\/www.linkedin.com\\\/company\\\/35501660\",\"https:\\\/\\\/www.pinterest.ch\\\/TeiaEducation\\\/\"]}]}<\/script>\n<meta property=\"product:price:amount\" content=\"109.90\" \/>\n<meta property=\"product:price:currency\" content=\"CHF\" \/>\n<meta property=\"og:availability\" content=\"instock\" \/>\n<meta property=\"product:availability\" content=\"instock\" \/>\n<meta property=\"product:retailer_item_id\" content=\"00000000000000000000000000000000000000000000030901\" \/>\n<meta property=\"product:condition\" content=\"new\" \/>\n<!-- \/ Yoast SEO Premium plugin. -->","yoast_head_json":{"title":"Blocs en bois arc-en-ciel - Grimm\u2019s - Teia Education & Play","description":"Les magnifiques blocs de construction en bois durable faits \u00e0 la main de Grimm, dans les couleurs de l'arc-en-ciel, d\u00e9veloppent la motricit\u00e9 fine.","robots":{"index":"index","follow":"follow","max-snippet":"max-snippet:-1","max-image-preview":"max-image-preview:large","max-video-preview":"max-video-preview:-1"},"canonical":"https:\/\/teiaeducation.ch\/fr\/produit\/blocs-en-bois-grimms\/","og_locale":"fr_FR","og_type":"article","og_title":"Blocs en bois arc-en-ciel - Grimm\u2019s","og_description":"Les magnifiques blocs de construction en bois durable faits \u00e0 la main de Grimm, dans les couleurs de l'arc-en-ciel, d\u00e9veloppent la motricit\u00e9 fine.","og_url":"https:\/\/teiaeducation.ch\/fr\/produit\/blocs-en-bois-grimms\/","og_site_name":"Sustainable Educational Products &amp; Ecological Toys\u00a0","article_publisher":"https:\/\/www.facebook.com\/teiaeducation\/","article_modified_time":"2021-06-24T09:47:08+00:00","og_image":[{"width":800,"height":574,"url":"https:\/\/teiaeducation.ch\/wp-content\/uploads\/2020\/10\/Sloping-blocks-Grimms0.jpg","type":"image\/jpeg"}],"schema":{"@context":"https:\/\/schema.org","@graph":[{"@type":"WebPage","@id":"https:\/\/teiaeducation.ch\/fr\/produit\/blocs-en-bois-grimms\/","url":"https:\/\/teiaeducation.ch\/fr\/produit\/blocs-en-bois-grimms\/","name":"Blocs en bois arc-en-ciel - Grimm\u2019s - Teia Education & Play","isPartOf":{"@id":"https:\/\/teiaeducation.ch\/fr\/#website"},"primaryImageOfPage":{"@id":"https:\/\/teiaeducation.ch\/fr\/produit\/blocs-en-bois-grimms\/#primaryimage"},"image":{"@id":"https:\/\/teiaeducation.ch\/fr\/produit\/blocs-en-bois-grimms\/#primaryimage"},"thumbnailUrl":"https:\/\/teiaeducation.ch\/wp-content\/uploads\/2020\/10\/Sloping-blocks-Grimms0.jpg","datePublished":"2020-11-21T21:41:31+00:00","dateModified":"2021-06-24T09:47:08+00:00","description":"Les magnifiques blocs de construction en bois durable faits \u00e0 la main de Grimm, dans les couleurs de l'arc-en-ciel, d\u00e9veloppent la motricit\u00e9 fine.","breadcrumb":{"@id":"https:\/\/teiaeducation.ch\/fr\/produit\/blocs-en-bois-grimms\/#breadcrumb"},"inLanguage":"fr-FR","potentialAction":[{"@type":"ReadAction","target":["https:\/\/teiaeducation.ch\/fr\/produit\/blocs-en-bois-grimms\/"]}]},{"@type":"ImageObject","inLanguage":"fr-FR","@id":"https:\/\/teiaeducation.ch\/fr\/produit\/blocs-en-bois-grimms\/#primaryimage","url":"https:\/\/teiaeducation.ch\/wp-content\/uploads\/2020\/10\/Sloping-blocks-Grimms0.jpg","contentUrl":"https:\/\/teiaeducation.ch\/wp-content\/uploads\/2020\/10\/Sloping-blocks-Grimms0.jpg","width":800,"height":574,"caption":"Blocs en bois durable fais \u00e0 la main aux couleurs de l'arc-en-ciel - Grimm\u2019s"},{"@type":"BreadcrumbList","@id":"https:\/\/teiaeducation.ch\/fr\/produit\/blocs-en-bois-grimms\/#breadcrumb","itemListElement":[{"@type":"ListItem","position":1,"name":"Home","item":"https:\/\/teiaeducation.ch\/fr\/"},{"@type":"ListItem","position":2,"name":"Boutique Teia Education &amp; Play","item":"https:\/\/teiaeducation.ch\/fr\/boutique\/"},{"@type":"ListItem","position":3,"name":"Nos Marques","item":"https:\/\/teiaeducation.ch\/fr\/categorie-produit\/marques\/"},{"@type":"ListItem","position":4,"name":"Grimm's","item":"https:\/\/teiaeducation.ch\/fr\/categorie-produit\/marques\/grimms-fr\/"},{"@type":"ListItem","position":5,"name":"Blocs en bois arc-en-ciel &#8211; Grimm\u2019s"}]},{"@type":"WebSite","@id":"https:\/\/teiaeducation.ch\/fr\/#website","url":"https:\/\/teiaeducation.ch\/fr\/","name":"Sustainable Educational Products &amp; Ecological Toys\u00a0","description":"Specialised Swiss shop selling sustainable educational toys and games, AMI certified Montessori materials, handmade ecological wooden Waldorf toys and arts &amp; crafts supplies, school supplies, children&#039;s furniture and Montessori reference and parenting books.","publisher":{"@id":"https:\/\/teiaeducation.ch\/fr\/#organization"},"alternateName":"Teia Education & Play","potentialAction":[{"@type":"SearchAction","target":{"@type":"EntryPoint","urlTemplate":"https:\/\/teiaeducation.ch\/fr\/?s={search_term_string}"},"query-input":{"@type":"PropertyValueSpecification","valueRequired":true,"valueName":"search_term_string"}}],"inLanguage":"fr-FR"},{"@type":"Organization","@id":"https:\/\/teiaeducation.ch\/fr\/#organization","name":"Teia Education & Play","url":"https:\/\/teiaeducation.ch\/fr\/","logo":{"@type":"ImageObject","inLanguage":"fr-FR","@id":"https:\/\/teiaeducation.ch\/fr\/#\/schema\/logo\/image\/","url":"https:\/\/teiaeducation.ch\/wp-content\/uploads\/2020\/11\/Teia-Education-Switzerland-e1620156442216.jpg","contentUrl":"https:\/\/teiaeducation.ch\/wp-content\/uploads\/2020\/11\/Teia-Education-Switzerland-e1620156442216.jpg","width":166,"height":145,"caption":"Teia Education & Play"},"image":{"@id":"https:\/\/teiaeducation.ch\/fr\/#\/schema\/logo\/image\/"},"sameAs":["https:\/\/www.facebook.com\/teiaeducation\/","https:\/\/x.com\/EducationTeia","https:\/\/www.instagram.com\/teia.education\/","https:\/\/www.linkedin.com\/company\/35501660","https:\/\/www.pinterest.ch\/TeiaEducation\/"]}]},"product_price_amount":"109.90","product_price_currency":"CHF","og_availability":"instock","product_availability":"instock","product_retailer_item_id":"00000000000000000000000000000000000000000000030901","product_condition":"new"},"_links":{"self":[{"href":"https:\/\/teiaeducation.ch\/fr\/wp-json\/wp\/v2\/product\/32256","targetHints":{"allow":["GET"]}}],"collection":[{"href":"https:\/\/teiaeducation.ch\/fr\/wp-json\/wp\/v2\/product"}],"about":[{"href":"https:\/\/teiaeducation.ch\/fr\/wp-json\/wp\/v2\/types\/product"}],"replies":[{"embeddable":true,"href":"https:\/\/teiaeducation.ch\/fr\/wp-json\/wp\/v2\/comments?post=32256"}],"wp:featuredmedia":[{"embeddable":true,"href":"https:\/\/teiaeducation.ch\/fr\/wp-json\/wp\/v2\/media\/30917"}],"wp:attachment":[{"href":"https:\/\/teiaeducation.ch\/fr\/wp-json\/wp\/v2\/media?parent=32256"}],"wp:term":[{"taxonomy":"product_brand","embeddable":true,"href":"https:\/\/teiaeducation.ch\/fr\/wp-json\/wp\/v2\/product_brand?post=32256"},{"taxonomy":"product_cat","embeddable":true,"href":"https:\/\/teiaeducation.ch\/fr\/wp-json\/wp\/v2\/product_cat?post=32256"},{"taxonomy":"product_tag","embeddable":true,"href":"https:\/\/teiaeducation.ch\/fr\/wp-json\/wp\/v2\/product_tag?post=32256"}],"curies":[{"name":"wp","href":"https:\/\/api.w.org\/{rel}","templated":true}]}}