{"id":32257,"date":"2020-11-21T22:29:51","date_gmt":"2020-11-21T21:29:51","guid":{"rendered":"https:\/\/teiaeducation.ch\/product\/ensemble-en-bois-de-construction-de-train-grimms\/"},"modified":"2021-06-22T11:15:15","modified_gmt":"2021-06-22T09:15:15","slug":"ensemble-de-construction-de-train-en-bois-grimms","status":"publish","type":"product","link":"https:\/\/teiaeducation.ch\/fr\/produit\/ensemble-de-construction-de-train-en-bois-grimms\/","title":{"rendered":"Ensemble de construction de train en bois &#8211; Grimm\u2019s"},"content":{"rendered":"<p>Ensemble de construction de en bois \/ jouet de construction en bois durable fait \u00e0 la main &#8211; Grimm\u2019s<\/p>\n<p>Ce merveilleux et cr\u00e9atif ensemble de jouet de construction de tain en bois durable fait main de Grimm, permet beaucoup d\u2019imagination parce que les enfants peuvent construire le train de toutes les fa\u00e7ons qu\u2019ils veulent!<\/p>\n<p>Dot\u00e9 d\u2019un conducteur de train en bois et de 16 blocs de bois de forme diff\u00e9rente dans de jolies nuances pastel et arc-en-ciel avec une corde, <a href=\"https:\/\/teiaeducation.ch\/product-category\/play\/boats-trains\/\">l\u2019ensemble de construction de train en bois de<\/a> Grimm est en bois d\u2019\u00e9rable et peint avec des peintures de couleur \u00e0 base d\u2019eau non toxiques.<\/p>\n<p>Comme tous les amis arc-en-ciel de Grimm, le conducteur du train est peint \u00e0 la main pour \u00eatre unique et est sans expression et sans sexe de sorte qu\u2019il peut \u00eatre tout ce que l\u2019enfant imagine dans le vrai style Waldorf.<\/p>\n<p>Pour connecter les wagons, placez la corde dans une courte boucle sur les chevilles et fixez-la avec les plaques de base. Construisez le train et chargez-le avec le fret de n\u2019importe quelle mani\u00e8re que vous choisissez pour beaucoup de plaisir imaginatif et engageant !<\/p>\n<p>Id\u00e9al pour jouer \u00e0 la maison, \u00e0 la cr\u00e8che, \u00e0 Waldorf ou \u00e0 l\u2019\u00e9cole Steiner, les beaux jouets en bois naturel de Grimms sont fabriqu\u00e9s selon la philosophie Waldorf qui est bien connue pour encourager les enfants \u00e0 d\u00e9couvrir le jeu cr\u00e9atif de mani\u00e8re ind\u00e9pendante, sans limitations et \u00e0 un rythme effr\u00e9n\u00e9. Les jouets en bois de Grimm&#8217;s sont color\u00e9s \u00e0 la main avec des peintures \u00e0 base d\u2019eau non toxiques et ne sont pas finis avec de la laque pour assurer les caract\u00e9ristiques originales du bois et pour qu&#8217;on puisse voir le grain \u00e0 travers. La surface des jouets fabriqu\u00e9s \u00e0 partir de bois europ\u00e9ens certifi\u00e9 FSC est laiss\u00e9e l\u00e9g\u00e8rement rugueuse, ce qui les rend plus facilement empilables et moins glissants.<\/p>\n<p>Les jouets en bois de Grimm&#8217;s sont fabriqu\u00e9s dans les manufacture de Grimm&#8217;s en Allemagne ainsi que dans plusieurs ateliers \u00e0 travers l\u2019Europe \u00e0 partir de diff\u00e9rents types de bois tels que l\u2019aulne, la chaux, le h\u00eatre et l\u2019\u00e9rable. Tout le bois utilis\u00e9 pour fabriquer les jouets de Grimm&#8217;s provient de for\u00eats europ\u00e9ennes g\u00e9r\u00e9es de mani\u00e8re durable.<\/p>\n<p>Veuillez noter que les jouets de Grimm&#8217;s sont toujours uniques, et portent des marques uniques faites par la nature. Le grain du bois a des structures et des couleurs changeantes qui servent de preuve de ses origines naturelles. Les variations uniques, les marques, les noeuds, les motifs, les rayures noires ou les taches sombres qui peuvent \u00eatre visibles dans le bois des jouets de Grimm&#8217;s sont une preuve de qualit\u00e9, et non des d\u00e9fauts.<\/p>\n<p>L\u2019ensemble de train en bois de Grimm convient aux enfants \u00e2g\u00e9s de 4 ans et plus.<\/p>\n<p>AVERTISSEMENT: RISQUE D\u2019\u00c9TOUFFEMENT &#8211; petites pi\u00e8ces. Ne convient pas aux enfants de moins de 3 ans.<\/p>\n<p>Contenu :<\/p>\n<p>1 conducteur de train en bois<br \/>\n16 pi\u00e8ces et ficelles en bois<\/p>\n","protected":false},"excerpt":{"rendered":"<p>Num\u00e9ro d&#8217;article : gri09090<\/p>\n<p>Le jeu de construction de train en bois durable fait \u00e0 la main de Grimm, avec des amis arc-en-ciel, est un jouet de construction cr\u00e9atif qui peut \u00eatre construit de bien des fa\u00e7ons pour un jeu imaginatif!<\/p>\n","protected":false},"featured_media":30714,"comment_status":"open","ping_status":"closed","template":"","meta":[],"product_brand":[],"product_cat":[215,216,13134,13150,13146,17212,17241,13130,23020,23021,13140,7595,217,5851,24878,212,17236,1219],"product_tag":[18012,17337,17463,18016,18015,18014,18013,8625,17332,17334,17335,17462,17331,17336,18017],"class_list":{"0":"post-32257","1":"product","2":"type-product","3":"status-publish","4":"has-post-thumbnail","6":"product_cat-3-6-ans","7":"product_cat-6-12-ans","8":"product_cat-bateaux-trains","9":"product_cat-blocs-de-construction-en-bois","10":"product_cat-figurines-en-bois","11":"product_cat-grimms-fr","12":"product_cat-guide-cadeaux-3-6-ans","13":"product_cat-jouer","14":"product_cat-jouets-en-bois","15":"product_cat-jouets-waldorf","16":"product_cat-jeu-libre","17":"product_cat-methode-deducation","18":"product_cat-marques","19":"product_cat-nouveautes","20":"product_cat-pousser-tirer","21":"product_cat-tranche-dage","22":"product_cat-voitures-vehicules","23":"product_cat-waldorf-fr","24":"product_tag-amis-arc-en-ciel-de-grimms","25":"product_tag-arc-en-ciel-colore-en-bois-fait-main","26":"product_tag-assortiment-de-blocs-de-construction-en-bois-de-grimm","27":"product_tag-ensemble-de-construction-de-grimms","28":"product_tag-ensemble-de-construction-de-train","29":"product_tag-ensemble-de-construction-de-train-en-bois-de-grimms","30":"product_tag-ensemble-de-train-de-grimms","31":"product_tag-fabrique-en-allemagne","32":"product_tag-grimm-suisse","33":"product_tag-grimm-suisse-fr","34":"product_tag-grimme-suisse","35":"product_tag-jeux-libres-en-bois","36":"product_tag-jouets-en-bois-waldorf","37":"product_tag-magasin-de-jouets-en-bois-grimm","38":"product_tag-train-de-grimms","40":"first","41":"instock","42":"taxable","43":"shipping-taxable","44":"purchasable","45":"product-type-simple"},"yoast_head":"<!-- This site is optimized with the Yoast SEO Premium plugin v25.8 (Yoast SEO v27.4) - https:\/\/yoast.com\/product\/yoast-seo-premium-wordpress\/ -->\n<title>Ensemble de construction de train en bois - Grimm\u2019s - Teia Education &amp; Play<\/title>\n<meta name=\"description\" content=\"L&#039;ensemble de construction de train en bois durable fait \u00e0 la main de Grimm, avec des amis arc-en-ciel, est un jouet de construction cr\u00e9atif qui peut \u00eatre construit de plusieurs fa\u00e7ons pour un jeu imaginatif.\" \/>\n<meta name=\"robots\" content=\"index, follow, max-snippet:-1, max-image-preview:large, max-video-preview:-1\" \/>\n<link rel=\"canonical\" href=\"https:\/\/teiaeducation.ch\/fr\/produit\/ensemble-de-construction-de-train-en-bois-grimms\/\" \/>\n<meta property=\"og:locale\" content=\"fr_FR\" \/>\n<meta property=\"og:type\" content=\"article\" \/>\n<meta property=\"og:title\" content=\"Ensemble de construction de train en bois - Grimm\u2019s\" \/>\n<meta property=\"og:description\" content=\"L&#039;ensemble de construction de train en bois durable fait \u00e0 la main de Grimm, avec des amis arc-en-ciel, est un jouet de construction cr\u00e9atif qui peut \u00eatre construit de plusieurs fa\u00e7ons pour un jeu imaginatif.\" \/>\n<meta property=\"og:url\" content=\"https:\/\/teiaeducation.ch\/fr\/produit\/ensemble-de-construction-de-train-en-bois-grimms\/\" \/>\n<meta property=\"og:site_name\" content=\"Sustainable Educational Products &amp; Ecological Toys\u00a0\" \/>\n<meta property=\"article:publisher\" content=\"https:\/\/www.facebook.com\/teiaeducation\/\" \/>\n<meta property=\"article:modified_time\" content=\"2021-06-22T09:15:15+00:00\" \/>\n<meta property=\"og:image\" content=\"https:\/\/teiaeducation.ch\/wp-content\/uploads\/2020\/10\/Wooden-train-building-set-Grimms.jpg\" \/>\n\t<meta property=\"og:image:width\" content=\"1800\" \/>\n\t<meta property=\"og:image:height\" content=\"1800\" \/>\n\t<meta property=\"og:image:type\" content=\"image\/jpeg\" \/>\n<script type=\"application\/ld+json\" class=\"yoast-schema-graph\">{\"@context\":\"https:\\\/\\\/schema.org\",\"@graph\":[{\"@type\":\"WebPage\",\"@id\":\"https:\\\/\\\/teiaeducation.ch\\\/fr\\\/produit\\\/ensemble-de-construction-de-train-en-bois-grimms\\\/\",\"url\":\"https:\\\/\\\/teiaeducation.ch\\\/fr\\\/produit\\\/ensemble-de-construction-de-train-en-bois-grimms\\\/\",\"name\":\"Ensemble de construction de train en bois - Grimm\u2019s - Teia Education & Play\",\"isPartOf\":{\"@id\":\"https:\\\/\\\/teiaeducation.ch\\\/fr\\\/#website\"},\"primaryImageOfPage\":{\"@id\":\"https:\\\/\\\/teiaeducation.ch\\\/fr\\\/produit\\\/ensemble-de-construction-de-train-en-bois-grimms\\\/#primaryimage\"},\"image\":{\"@id\":\"https:\\\/\\\/teiaeducation.ch\\\/fr\\\/produit\\\/ensemble-de-construction-de-train-en-bois-grimms\\\/#primaryimage\"},\"thumbnailUrl\":\"https:\\\/\\\/teiaeducation.ch\\\/wp-content\\\/uploads\\\/2020\\\/10\\\/Wooden-train-building-set-Grimms.jpg\",\"datePublished\":\"2020-11-21T21:29:51+00:00\",\"dateModified\":\"2021-06-22T09:15:15+00:00\",\"description\":\"L'ensemble de construction de train en bois durable fait \u00e0 la main de Grimm, avec des amis arc-en-ciel, est un jouet de construction cr\u00e9atif qui peut \u00eatre construit de plusieurs fa\u00e7ons pour un jeu imaginatif.\",\"breadcrumb\":{\"@id\":\"https:\\\/\\\/teiaeducation.ch\\\/fr\\\/produit\\\/ensemble-de-construction-de-train-en-bois-grimms\\\/#breadcrumb\"},\"inLanguage\":\"fr-FR\",\"potentialAction\":[{\"@type\":\"ReadAction\",\"target\":[\"https:\\\/\\\/teiaeducation.ch\\\/fr\\\/produit\\\/ensemble-de-construction-de-train-en-bois-grimms\\\/\"]}]},{\"@type\":\"ImageObject\",\"inLanguage\":\"fr-FR\",\"@id\":\"https:\\\/\\\/teiaeducation.ch\\\/fr\\\/produit\\\/ensemble-de-construction-de-train-en-bois-grimms\\\/#primaryimage\",\"url\":\"https:\\\/\\\/teiaeducation.ch\\\/wp-content\\\/uploads\\\/2020\\\/10\\\/Wooden-train-building-set-Grimms.jpg\",\"contentUrl\":\"https:\\\/\\\/teiaeducation.ch\\\/wp-content\\\/uploads\\\/2020\\\/10\\\/Wooden-train-building-set-Grimms.jpg\",\"width\":1800,\"height\":1800,\"caption\":\"Ensemble de construction de train en bois durable fait main - Grimm\u2019s\"},{\"@type\":\"BreadcrumbList\",\"@id\":\"https:\\\/\\\/teiaeducation.ch\\\/fr\\\/produit\\\/ensemble-de-construction-de-train-en-bois-grimms\\\/#breadcrumb\",\"itemListElement\":[{\"@type\":\"ListItem\",\"position\":1,\"name\":\"Home\",\"item\":\"https:\\\/\\\/teiaeducation.ch\\\/fr\\\/\"},{\"@type\":\"ListItem\",\"position\":2,\"name\":\"Boutique Teia Education &amp; Play\",\"item\":\"https:\\\/\\\/teiaeducation.ch\\\/fr\\\/boutique\\\/\"},{\"@type\":\"ListItem\",\"position\":3,\"name\":\"Nos Marques\",\"item\":\"https:\\\/\\\/teiaeducation.ch\\\/fr\\\/categorie-produit\\\/marques\\\/\"},{\"@type\":\"ListItem\",\"position\":4,\"name\":\"Grimm's\",\"item\":\"https:\\\/\\\/teiaeducation.ch\\\/fr\\\/categorie-produit\\\/marques\\\/grimms-fr\\\/\"},{\"@type\":\"ListItem\",\"position\":5,\"name\":\"Ensemble de construction de train en bois &#8211; Grimm\u2019s\"}]},{\"@type\":\"WebSite\",\"@id\":\"https:\\\/\\\/teiaeducation.ch\\\/fr\\\/#website\",\"url\":\"https:\\\/\\\/teiaeducation.ch\\\/fr\\\/\",\"name\":\"Sustainable Educational Products &amp; Ecological Toys\u00a0\",\"description\":\"Specialised Swiss shop selling sustainable educational toys and games, AMI certified Montessori materials, handmade ecological wooden Waldorf toys and arts &amp; crafts supplies, school supplies, children&#039;s furniture and Montessori reference and parenting books.\",\"publisher\":{\"@id\":\"https:\\\/\\\/teiaeducation.ch\\\/fr\\\/#organization\"},\"alternateName\":\"Teia Education & Play\",\"potentialAction\":[{\"@type\":\"SearchAction\",\"target\":{\"@type\":\"EntryPoint\",\"urlTemplate\":\"https:\\\/\\\/teiaeducation.ch\\\/fr\\\/?s={search_term_string}\"},\"query-input\":{\"@type\":\"PropertyValueSpecification\",\"valueRequired\":true,\"valueName\":\"search_term_string\"}}],\"inLanguage\":\"fr-FR\"},{\"@type\":\"Organization\",\"@id\":\"https:\\\/\\\/teiaeducation.ch\\\/fr\\\/#organization\",\"name\":\"Teia Education & Play\",\"url\":\"https:\\\/\\\/teiaeducation.ch\\\/fr\\\/\",\"logo\":{\"@type\":\"ImageObject\",\"inLanguage\":\"fr-FR\",\"@id\":\"https:\\\/\\\/teiaeducation.ch\\\/fr\\\/#\\\/schema\\\/logo\\\/image\\\/\",\"url\":\"https:\\\/\\\/teiaeducation.ch\\\/wp-content\\\/uploads\\\/2020\\\/11\\\/Teia-Education-Switzerland-e1620156442216.jpg\",\"contentUrl\":\"https:\\\/\\\/teiaeducation.ch\\\/wp-content\\\/uploads\\\/2020\\\/11\\\/Teia-Education-Switzerland-e1620156442216.jpg\",\"width\":166,\"height\":145,\"caption\":\"Teia Education & Play\"},\"image\":{\"@id\":\"https:\\\/\\\/teiaeducation.ch\\\/fr\\\/#\\\/schema\\\/logo\\\/image\\\/\"},\"sameAs\":[\"https:\\\/\\\/www.facebook.com\\\/teiaeducation\\\/\",\"https:\\\/\\\/x.com\\\/EducationTeia\",\"https:\\\/\\\/www.instagram.com\\\/teia.education\\\/\",\"https:\\\/\\\/www.linkedin.com\\\/company\\\/35501660\",\"https:\\\/\\\/www.pinterest.ch\\\/TeiaEducation\\\/\"]}]}<\/script>\n<meta property=\"product:price:amount\" content=\"75.90\" \/>\n<meta property=\"product:price:currency\" content=\"CHF\" \/>\n<meta property=\"og:availability\" content=\"instock\" \/>\n<meta property=\"product:availability\" content=\"instock\" \/>\n<meta property=\"product:retailer_item_id\" content=\"00000000000000000000000000000000000000000000030711\" \/>\n<meta property=\"product:condition\" content=\"new\" \/>\n<!-- \/ Yoast SEO Premium plugin. -->","yoast_head_json":{"title":"Ensemble de construction de train en bois - Grimm\u2019s - Teia Education & Play","description":"L'ensemble de construction de train en bois durable fait \u00e0 la main de Grimm, avec des amis arc-en-ciel, est un jouet de construction cr\u00e9atif qui peut \u00eatre construit de plusieurs fa\u00e7ons pour un jeu imaginatif.","robots":{"index":"index","follow":"follow","max-snippet":"max-snippet:-1","max-image-preview":"max-image-preview:large","max-video-preview":"max-video-preview:-1"},"canonical":"https:\/\/teiaeducation.ch\/fr\/produit\/ensemble-de-construction-de-train-en-bois-grimms\/","og_locale":"fr_FR","og_type":"article","og_title":"Ensemble de construction de train en bois - Grimm\u2019s","og_description":"L'ensemble de construction de train en bois durable fait \u00e0 la main de Grimm, avec des amis arc-en-ciel, est un jouet de construction cr\u00e9atif qui peut \u00eatre construit de plusieurs fa\u00e7ons pour un jeu imaginatif.","og_url":"https:\/\/teiaeducation.ch\/fr\/produit\/ensemble-de-construction-de-train-en-bois-grimms\/","og_site_name":"Sustainable Educational Products &amp; Ecological Toys\u00a0","article_publisher":"https:\/\/www.facebook.com\/teiaeducation\/","article_modified_time":"2021-06-22T09:15:15+00:00","og_image":[{"width":1800,"height":1800,"url":"https:\/\/teiaeducation.ch\/wp-content\/uploads\/2020\/10\/Wooden-train-building-set-Grimms.jpg","type":"image\/jpeg"}],"schema":{"@context":"https:\/\/schema.org","@graph":[{"@type":"WebPage","@id":"https:\/\/teiaeducation.ch\/fr\/produit\/ensemble-de-construction-de-train-en-bois-grimms\/","url":"https:\/\/teiaeducation.ch\/fr\/produit\/ensemble-de-construction-de-train-en-bois-grimms\/","name":"Ensemble de construction de train en bois - Grimm\u2019s - Teia Education & Play","isPartOf":{"@id":"https:\/\/teiaeducation.ch\/fr\/#website"},"primaryImageOfPage":{"@id":"https:\/\/teiaeducation.ch\/fr\/produit\/ensemble-de-construction-de-train-en-bois-grimms\/#primaryimage"},"image":{"@id":"https:\/\/teiaeducation.ch\/fr\/produit\/ensemble-de-construction-de-train-en-bois-grimms\/#primaryimage"},"thumbnailUrl":"https:\/\/teiaeducation.ch\/wp-content\/uploads\/2020\/10\/Wooden-train-building-set-Grimms.jpg","datePublished":"2020-11-21T21:29:51+00:00","dateModified":"2021-06-22T09:15:15+00:00","description":"L'ensemble de construction de train en bois durable fait \u00e0 la main de Grimm, avec des amis arc-en-ciel, est un jouet de construction cr\u00e9atif qui peut \u00eatre construit de plusieurs fa\u00e7ons pour un jeu imaginatif.","breadcrumb":{"@id":"https:\/\/teiaeducation.ch\/fr\/produit\/ensemble-de-construction-de-train-en-bois-grimms\/#breadcrumb"},"inLanguage":"fr-FR","potentialAction":[{"@type":"ReadAction","target":["https:\/\/teiaeducation.ch\/fr\/produit\/ensemble-de-construction-de-train-en-bois-grimms\/"]}]},{"@type":"ImageObject","inLanguage":"fr-FR","@id":"https:\/\/teiaeducation.ch\/fr\/produit\/ensemble-de-construction-de-train-en-bois-grimms\/#primaryimage","url":"https:\/\/teiaeducation.ch\/wp-content\/uploads\/2020\/10\/Wooden-train-building-set-Grimms.jpg","contentUrl":"https:\/\/teiaeducation.ch\/wp-content\/uploads\/2020\/10\/Wooden-train-building-set-Grimms.jpg","width":1800,"height":1800,"caption":"Ensemble de construction de train en bois durable fait main - Grimm\u2019s"},{"@type":"BreadcrumbList","@id":"https:\/\/teiaeducation.ch\/fr\/produit\/ensemble-de-construction-de-train-en-bois-grimms\/#breadcrumb","itemListElement":[{"@type":"ListItem","position":1,"name":"Home","item":"https:\/\/teiaeducation.ch\/fr\/"},{"@type":"ListItem","position":2,"name":"Boutique Teia Education &amp; Play","item":"https:\/\/teiaeducation.ch\/fr\/boutique\/"},{"@type":"ListItem","position":3,"name":"Nos Marques","item":"https:\/\/teiaeducation.ch\/fr\/categorie-produit\/marques\/"},{"@type":"ListItem","position":4,"name":"Grimm's","item":"https:\/\/teiaeducation.ch\/fr\/categorie-produit\/marques\/grimms-fr\/"},{"@type":"ListItem","position":5,"name":"Ensemble de construction de train en bois &#8211; Grimm\u2019s"}]},{"@type":"WebSite","@id":"https:\/\/teiaeducation.ch\/fr\/#website","url":"https:\/\/teiaeducation.ch\/fr\/","name":"Sustainable Educational Products &amp; Ecological Toys\u00a0","description":"Specialised Swiss shop selling sustainable educational toys and games, AMI certified Montessori materials, handmade ecological wooden Waldorf toys and arts &amp; crafts supplies, school supplies, children&#039;s furniture and Montessori reference and parenting books.","publisher":{"@id":"https:\/\/teiaeducation.ch\/fr\/#organization"},"alternateName":"Teia Education & Play","potentialAction":[{"@type":"SearchAction","target":{"@type":"EntryPoint","urlTemplate":"https:\/\/teiaeducation.ch\/fr\/?s={search_term_string}"},"query-input":{"@type":"PropertyValueSpecification","valueRequired":true,"valueName":"search_term_string"}}],"inLanguage":"fr-FR"},{"@type":"Organization","@id":"https:\/\/teiaeducation.ch\/fr\/#organization","name":"Teia Education & Play","url":"https:\/\/teiaeducation.ch\/fr\/","logo":{"@type":"ImageObject","inLanguage":"fr-FR","@id":"https:\/\/teiaeducation.ch\/fr\/#\/schema\/logo\/image\/","url":"https:\/\/teiaeducation.ch\/wp-content\/uploads\/2020\/11\/Teia-Education-Switzerland-e1620156442216.jpg","contentUrl":"https:\/\/teiaeducation.ch\/wp-content\/uploads\/2020\/11\/Teia-Education-Switzerland-e1620156442216.jpg","width":166,"height":145,"caption":"Teia Education & Play"},"image":{"@id":"https:\/\/teiaeducation.ch\/fr\/#\/schema\/logo\/image\/"},"sameAs":["https:\/\/www.facebook.com\/teiaeducation\/","https:\/\/x.com\/EducationTeia","https:\/\/www.instagram.com\/teia.education\/","https:\/\/www.linkedin.com\/company\/35501660","https:\/\/www.pinterest.ch\/TeiaEducation\/"]}]},"product_price_amount":"75.90","product_price_currency":"CHF","og_availability":"instock","product_availability":"instock","product_retailer_item_id":"00000000000000000000000000000000000000000000030711","product_condition":"new"},"_links":{"self":[{"href":"https:\/\/teiaeducation.ch\/fr\/wp-json\/wp\/v2\/product\/32257","targetHints":{"allow":["GET"]}}],"collection":[{"href":"https:\/\/teiaeducation.ch\/fr\/wp-json\/wp\/v2\/product"}],"about":[{"href":"https:\/\/teiaeducation.ch\/fr\/wp-json\/wp\/v2\/types\/product"}],"replies":[{"embeddable":true,"href":"https:\/\/teiaeducation.ch\/fr\/wp-json\/wp\/v2\/comments?post=32257"}],"wp:featuredmedia":[{"embeddable":true,"href":"https:\/\/teiaeducation.ch\/fr\/wp-json\/wp\/v2\/media\/30714"}],"wp:attachment":[{"href":"https:\/\/teiaeducation.ch\/fr\/wp-json\/wp\/v2\/media?parent=32257"}],"wp:term":[{"taxonomy":"product_brand","embeddable":true,"href":"https:\/\/teiaeducation.ch\/fr\/wp-json\/wp\/v2\/product_brand?post=32257"},{"taxonomy":"product_cat","embeddable":true,"href":"https:\/\/teiaeducation.ch\/fr\/wp-json\/wp\/v2\/product_cat?post=32257"},{"taxonomy":"product_tag","embeddable":true,"href":"https:\/\/teiaeducation.ch\/fr\/wp-json\/wp\/v2\/product_tag?post=32257"}],"curies":[{"name":"wp","href":"https:\/\/api.w.org\/{rel}","templated":true}]}}