{"id":32261,"date":"2020-08-27T14:15:05","date_gmt":"2020-08-27T12:15:05","guid":{"rendered":"https:\/\/teiaeducation.ch\/product\/corail-grimms\/"},"modified":"2020-12-10T13:21:15","modified_gmt":"2020-12-10T12:21:15","slug":"corail-grimms","status":"publish","type":"product","link":"https:\/\/teiaeducation.ch\/fr\/produit\/corail-grimms\/","title":{"rendered":"Corail &#8211; Grimm\u2019s"},"content":{"rendered":"<p>Corail \/ Blocs en bois durables faits \u00e0 la main \u2013 Grimm\u2019s<\/p>\n<p>Le jeu de construction en forme de corail en bois durable fait \u00e0 la main de Grimm&#8217;s, dans de belles formes organiques fantaisistes et de magnifiques couleurs pastel.<\/p>\n<p>Quatre formes organiques en bois qui <a href=\"https:\/\/teiaeducation.ch\/product-category\/play\/stacking-toys\/\">s\u2019empilent<\/a> magnifiquement les unes sur les autres dans de beaux tons de lilas et roses avec des d\u00e9tails argent\u00e9s. Cet ensemble de blocs de construction peut \u00eatre tout ce que votre enfant imagine un ch\u00e2teau de corail sous-marin ou un magasin de glace f\u00e9erique!<\/p>\n<p>Ce beau jouet d\u2019inspiration Waldorf est id\u00e9al pour les tout-petits et les jeunes enfants comme blocs de construction, puzzle cr\u00e9atif, jouet d&#8217;empilage et d&#8217;embo\u00eetage, ou comme d\u00e9coration sur une table. Parfait pour le jeu imaginatif dans un petit monde pour cr\u00e9er des sc\u00e8nes et des logements pour des f\u00e9es, des nains ou des poup\u00e9es.<\/p>\n<p>L\u2019ensemble de blocs de corail du Grimm est fabriqu\u00e9 \u00e0 partir de bois de chaux et mesure 13 x 17 cm. Il est peint \u00e0 la main dans de belles tonalit\u00e9s pastel avec des peintures \u00e0 base d\u2019eau non toxiques, ce qui le rend s\u00fbr pour une utilisation par les jeunes enfants. Cet ensemble offre des possibilit\u00e9s infinies pour le jeu cr\u00e9atif, la fabrication de sculptures et l&#8217;am\u00e9lioration des habilet\u00e9s motrices fines et est \u00e9galement un bel ajout d\u00e9coratif \u00e0 n\u2019importe quelle salle de jeux, salle de classe ou chambre d\u2019enfant.<\/p>\n<p>Id\u00e9al pour jouer \u00e0 la maison, \u00e0 la cr\u00e8che, \u00e0 Waldorf ou \u00e0 l\u2019\u00e9cole Steiner, les beaux jouets en bois naturel de Grimm sont fabriqu\u00e9s selon la philosophie Waldorf qui est bien connue pour encourager les enfants \u00e0 d\u00e9couvrir le jeu cr\u00e9atif de mani\u00e8re ind\u00e9pendante, sans limitations et \u00e0 un rythme effr\u00e9n\u00e9. Les jouets en bois de Grimm sont color\u00e9s \u00e0 la main avec des peintures \u00e0 base d\u2019eau non toxiques et ne sont pas finis avec de la laque pour assurer les caract\u00e9ristiques originales du bois et pour qu&#8217;on puisse voir le grain \u00e0 travers. La surface des morceaux de bois europ\u00e9ens certifi\u00e9s FSC est laiss\u00e9e l\u00e9g\u00e8rement rugueuse, ce qui les rend plus facilement empilables et moins glissants.<\/p>\n<p>Les jouets en bois de Grimm sont fabriqu\u00e9s dans les installations de Grimm en Allemagne ainsi que dans plusieurs ateliers \u00e0 travers l\u2019Europe \u00e0 partir de diff\u00e9rents types de bois tels que l\u2019aulne, la chaux, le h\u00eatre et l\u2019\u00e9rable. Tout le bois utilis\u00e9 pour fabriquer les jouets de Grimm provient de for\u00eats europ\u00e9ennes g\u00e9r\u00e9es de mani\u00e8re durable.<\/p>\n<p>Veuillez noter que les jouets de Grimm sont toujours uniques, et portent des marques uniques faites par la nature. Le grain de bois a des structures et des couleurs changeantes qui servent de preuve de ses origines naturelles. Les variations uniques, les marques, les noeuds, les motifs, les rayures noires ou les taches sombres qui peuvent \u00eatre visibles dans le bois d\u2019un jouet de Grimm sont une preuve de qualit\u00e9, et non des d\u00e9fauts.<\/p>\n<p>Le corail de Grimm&#8217;s convient aux enfants \u00e2g\u00e9s de 2 ans et plus.<\/p>\n<p>Contenu:<\/p>\n<p>4 pi\u00e8ces en bois<\/p>\n","protected":false},"excerpt":{"rendered":"<p>Num\u00e9ro d\u2019article: gri07312<\/p>\n<p>Le jeu de construction en forme de corail en bois durable fait \u00e0 la main de Grimm&#8217;s, dans de belles formes organiques fantaisistes et dans de magnifiques couleurs pastel.<\/p>\n","protected":false},"featured_media":31782,"comment_status":"open","ping_status":"closed","template":"","meta":[],"product_brand":[],"product_cat":[208,215,13150,635,24872,17212,17242,21257,13130,23020,23021,7595,217,5851,13148,24313,209,212,1219],"product_tag":[17463,18023,18018,18022,18020,18019,8625,17465,17334,17332,17335,17462,17331,17336,18021],"class_list":{"0":"post-32261","1":"product","2":"type-product","3":"status-publish","4":"has-post-thumbnail","6":"product_cat-1-3-ans","7":"product_cat-3-6-ans","8":"product_cat-blocs-de-construction-en-bois","9":"product_cat-competences-motrices","10":"product_cat-construction-mondes-arc-en-ciel","11":"product_cat-grimms-fr","12":"product_cat-guide-cadeaux-1-3-ans","13":"product_cat-guides-cadeaux","14":"product_cat-jouer","15":"product_cat-jouets-en-bois","16":"product_cat-jouets-waldorf","17":"product_cat-methode-deducation","18":"product_cat-marques","19":"product_cat-nouveautes","20":"product_cat-puzzles-en-bois","21":"product_cat-saint-valentin","22":"product_cat-sensorielles-motrices","23":"product_cat-tranche-dage","24":"product_cat-waldorf-fr","25":"product_tag-assortiment-de-blocs-de-construction-en-bois-de-grimm","26":"product_tag-blocs-de-construction-fantaisistes-de-grimms","27":"product_tag-blocs-de-construction-pastels-de-grimms","28":"product_tag-blocs-roses-grimms","29":"product_tag-corail","30":"product_tag-corail-de-grimms","31":"product_tag-fabrique-en-allemagne","32":"product_tag-formes-organiques-grimm","33":"product_tag-grimm-suisse-fr","34":"product_tag-grimm-suisse","35":"product_tag-grimme-suisse","36":"product_tag-jeux-libres-en-bois","37":"product_tag-jouets-en-bois-waldorf","38":"product_tag-magasin-de-jouets-en-bois-grimm","39":"product_tag-pieces-en-bois-pastels-faits-a-la-main","41":"first","42":"outofstock","43":"taxable","44":"shipping-taxable","45":"purchasable","46":"product-type-simple"},"yoast_head":"<!-- This site is optimized with the Yoast SEO plugin v27.1.1 - https:\/\/yoast.com\/product\/yoast-seo-wordpress\/ -->\n<title>Corail - Grimm\u2019s - Teia Education &amp; Play<\/title>\n<meta name=\"description\" content=\"Le jeu d&#039;empilement en forme de corail en bois durable faits \u00e0 la main de Grimm&#039;s de style Waldorf, avec des formes organiques et des couleurs roses pastel et est adapt\u00e9 pour les enfants de 2 ans et plus.\" \/>\n<meta name=\"robots\" content=\"index, follow, max-snippet:-1, max-image-preview:large, max-video-preview:-1\" \/>\n<link rel=\"canonical\" href=\"https:\/\/teiaeducation.ch\/fr\/produit\/corail-grimms\/\" \/>\n<meta property=\"og:locale\" content=\"fr_FR\" \/>\n<meta property=\"og:type\" content=\"article\" \/>\n<meta property=\"og:title\" content=\"Corail - Grimm\u2019s - Teia Education &amp; Play\" \/>\n<meta property=\"og:description\" content=\"Le jeu d&#039;empilement en forme de corail en bois durable faits \u00e0 la main de Grimm&#039;s de style Waldorf, avec des formes organiques et des couleurs roses pastel et est adapt\u00e9 pour les enfants de 2 ans et plus.\" \/>\n<meta property=\"og:url\" content=\"https:\/\/teiaeducation.ch\/fr\/produit\/corail-grimms\/\" \/>\n<meta property=\"og:site_name\" content=\"Sustainable Educational Products &amp; Ecological Toys\u00a0\" \/>\n<meta property=\"article:publisher\" content=\"https:\/\/www.facebook.com\/teiaeducation\/\" \/>\n<meta property=\"article:modified_time\" content=\"2020-12-10T12:21:15+00:00\" \/>\n<meta property=\"og:image\" content=\"https:\/\/teiaeducation.ch\/wp-content\/uploads\/2020\/11\/Casa-coral-Grimms.jpg\" \/>\n\t<meta property=\"og:image:width\" content=\"800\" \/>\n\t<meta property=\"og:image:height\" content=\"961\" \/>\n\t<meta property=\"og:image:type\" content=\"image\/jpeg\" \/>\n<script type=\"application\/ld+json\" class=\"yoast-schema-graph\">{\"@context\":\"https:\/\/schema.org\",\"@graph\":[{\"@type\":\"WebPage\",\"@id\":\"https:\/\/teiaeducation.ch\/fr\/produit\/corail-grimms\/\",\"url\":\"https:\/\/teiaeducation.ch\/fr\/produit\/corail-grimms\/\",\"name\":\"Corail - Grimm\u2019s - Teia Education & Play\",\"isPartOf\":{\"@id\":\"https:\/\/teiaeducation.ch\/fr\/#website\"},\"primaryImageOfPage\":{\"@id\":\"https:\/\/teiaeducation.ch\/fr\/produit\/corail-grimms\/#primaryimage\"},\"image\":{\"@id\":\"https:\/\/teiaeducation.ch\/fr\/produit\/corail-grimms\/#primaryimage\"},\"thumbnailUrl\":\"https:\/\/teiaeducation.ch\/wp-content\/uploads\/2020\/11\/Casa-coral-Grimms.jpg\",\"datePublished\":\"2020-08-27T12:15:05+00:00\",\"dateModified\":\"2020-12-10T12:21:15+00:00\",\"description\":\"Le jeu d'empilement en forme de corail en bois durable faits \u00e0 la main de Grimm's de style Waldorf, avec des formes organiques et des couleurs roses pastel et est adapt\u00e9 pour les enfants de 2 ans et plus.\",\"breadcrumb\":{\"@id\":\"https:\/\/teiaeducation.ch\/fr\/produit\/corail-grimms\/#breadcrumb\"},\"inLanguage\":\"fr-FR\",\"potentialAction\":[{\"@type\":\"ReadAction\",\"target\":[\"https:\/\/teiaeducation.ch\/fr\/produit\/corail-grimms\/\"]}]},{\"@type\":\"ImageObject\",\"inLanguage\":\"fr-FR\",\"@id\":\"https:\/\/teiaeducation.ch\/fr\/produit\/corail-grimms\/#primaryimage\",\"url\":\"https:\/\/teiaeducation.ch\/wp-content\/uploads\/2020\/11\/Casa-coral-Grimms.jpg\",\"contentUrl\":\"https:\/\/teiaeducation.ch\/wp-content\/uploads\/2020\/11\/Casa-coral-Grimms.jpg\",\"width\":800,\"height\":961,\"caption\":\"Blocs de construction en forme de corail en bois durable fait \u00e0 la main - Grimm\u2019s\"},{\"@type\":\"BreadcrumbList\",\"@id\":\"https:\/\/teiaeducation.ch\/fr\/produit\/corail-grimms\/#breadcrumb\",\"itemListElement\":[{\"@type\":\"ListItem\",\"position\":1,\"name\":\"Home\",\"item\":\"https:\/\/teiaeducation.ch\/fr\/\"},{\"@type\":\"ListItem\",\"position\":2,\"name\":\"Boutique Teia Education &amp; Play\",\"item\":\"https:\/\/teiaeducation.ch\/fr\/boutique\/\"},{\"@type\":\"ListItem\",\"position\":3,\"name\":\"Nos Marques\",\"item\":\"https:\/\/teiaeducation.ch\/fr\/categorie-produit\/marques\/\"},{\"@type\":\"ListItem\",\"position\":4,\"name\":\"Grimm's\",\"item\":\"https:\/\/teiaeducation.ch\/fr\/categorie-produit\/marques\/grimms-fr\/\"},{\"@type\":\"ListItem\",\"position\":5,\"name\":\"Corail &#8211; Grimm\u2019s\"}]},{\"@type\":\"WebSite\",\"@id\":\"https:\/\/teiaeducation.ch\/fr\/#website\",\"url\":\"https:\/\/teiaeducation.ch\/fr\/\",\"name\":\"Sustainable Educational Products &amp; Ecological Toys\u00a0\",\"description\":\"Specialised Swiss shop selling sustainable educational toys and games, AMI certified Montessori materials, handmade ecological wooden Waldorf toys and arts &amp; crafts supplies, school supplies, children&#039;s furniture and Montessori reference and parenting books.\",\"publisher\":{\"@id\":\"https:\/\/teiaeducation.ch\/fr\/#organization\"},\"alternateName\":\"Teia Education & Play\",\"potentialAction\":[{\"@type\":\"SearchAction\",\"target\":{\"@type\":\"EntryPoint\",\"urlTemplate\":\"https:\/\/teiaeducation.ch\/fr\/?s={search_term_string}\"},\"query-input\":{\"@type\":\"PropertyValueSpecification\",\"valueRequired\":true,\"valueName\":\"search_term_string\"}}],\"inLanguage\":\"fr-FR\"},{\"@type\":\"Organization\",\"@id\":\"https:\/\/teiaeducation.ch\/fr\/#organization\",\"name\":\"Teia Education & Play\",\"url\":\"https:\/\/teiaeducation.ch\/fr\/\",\"logo\":{\"@type\":\"ImageObject\",\"inLanguage\":\"fr-FR\",\"@id\":\"https:\/\/teiaeducation.ch\/fr\/#\/schema\/logo\/image\/\",\"url\":\"https:\/\/teiaeducation.ch\/wp-content\/uploads\/2020\/11\/Teia-Education-Switzerland-e1620156442216.jpg\",\"contentUrl\":\"https:\/\/teiaeducation.ch\/wp-content\/uploads\/2020\/11\/Teia-Education-Switzerland-e1620156442216.jpg\",\"width\":166,\"height\":145,\"caption\":\"Teia Education & Play\"},\"image\":{\"@id\":\"https:\/\/teiaeducation.ch\/fr\/#\/schema\/logo\/image\/\"},\"sameAs\":[\"https:\/\/www.facebook.com\/teiaeducation\/\",\"https:\/\/x.com\/EducationTeia\",\"https:\/\/www.instagram.com\/teia.education\/\",\"https:\/\/www.linkedin.com\/company\/35501660\",\"https:\/\/www.pinterest.ch\/TeiaEducation\/\"]}]}<\/script>\n<!-- \/ Yoast SEO plugin. -->","yoast_head_json":{"title":"Corail - Grimm\u2019s - Teia Education & Play","description":"Le jeu d'empilement en forme de corail en bois durable faits \u00e0 la main de Grimm's de style Waldorf, avec des formes organiques et des couleurs roses pastel et est adapt\u00e9 pour les enfants de 2 ans et plus.","robots":{"index":"index","follow":"follow","max-snippet":"max-snippet:-1","max-image-preview":"max-image-preview:large","max-video-preview":"max-video-preview:-1"},"canonical":"https:\/\/teiaeducation.ch\/fr\/produit\/corail-grimms\/","og_locale":"fr_FR","og_type":"article","og_title":"Corail - Grimm\u2019s - Teia Education & Play","og_description":"Le jeu d'empilement en forme de corail en bois durable faits \u00e0 la main de Grimm's de style Waldorf, avec des formes organiques et des couleurs roses pastel et est adapt\u00e9 pour les enfants de 2 ans et plus.","og_url":"https:\/\/teiaeducation.ch\/fr\/produit\/corail-grimms\/","og_site_name":"Sustainable Educational Products &amp; Ecological Toys\u00a0","article_publisher":"https:\/\/www.facebook.com\/teiaeducation\/","article_modified_time":"2020-12-10T12:21:15+00:00","og_image":[{"width":800,"height":961,"url":"https:\/\/teiaeducation.ch\/wp-content\/uploads\/2020\/11\/Casa-coral-Grimms.jpg","type":"image\/jpeg"}],"schema":{"@context":"https:\/\/schema.org","@graph":[{"@type":"WebPage","@id":"https:\/\/teiaeducation.ch\/fr\/produit\/corail-grimms\/","url":"https:\/\/teiaeducation.ch\/fr\/produit\/corail-grimms\/","name":"Corail - Grimm\u2019s - Teia Education & Play","isPartOf":{"@id":"https:\/\/teiaeducation.ch\/fr\/#website"},"primaryImageOfPage":{"@id":"https:\/\/teiaeducation.ch\/fr\/produit\/corail-grimms\/#primaryimage"},"image":{"@id":"https:\/\/teiaeducation.ch\/fr\/produit\/corail-grimms\/#primaryimage"},"thumbnailUrl":"https:\/\/teiaeducation.ch\/wp-content\/uploads\/2020\/11\/Casa-coral-Grimms.jpg","datePublished":"2020-08-27T12:15:05+00:00","dateModified":"2020-12-10T12:21:15+00:00","description":"Le jeu d'empilement en forme de corail en bois durable faits \u00e0 la main de Grimm's de style Waldorf, avec des formes organiques et des couleurs roses pastel et est adapt\u00e9 pour les enfants de 2 ans et plus.","breadcrumb":{"@id":"https:\/\/teiaeducation.ch\/fr\/produit\/corail-grimms\/#breadcrumb"},"inLanguage":"fr-FR","potentialAction":[{"@type":"ReadAction","target":["https:\/\/teiaeducation.ch\/fr\/produit\/corail-grimms\/"]}]},{"@type":"ImageObject","inLanguage":"fr-FR","@id":"https:\/\/teiaeducation.ch\/fr\/produit\/corail-grimms\/#primaryimage","url":"https:\/\/teiaeducation.ch\/wp-content\/uploads\/2020\/11\/Casa-coral-Grimms.jpg","contentUrl":"https:\/\/teiaeducation.ch\/wp-content\/uploads\/2020\/11\/Casa-coral-Grimms.jpg","width":800,"height":961,"caption":"Blocs de construction en forme de corail en bois durable fait \u00e0 la main - Grimm\u2019s"},{"@type":"BreadcrumbList","@id":"https:\/\/teiaeducation.ch\/fr\/produit\/corail-grimms\/#breadcrumb","itemListElement":[{"@type":"ListItem","position":1,"name":"Home","item":"https:\/\/teiaeducation.ch\/fr\/"},{"@type":"ListItem","position":2,"name":"Boutique Teia Education &amp; Play","item":"https:\/\/teiaeducation.ch\/fr\/boutique\/"},{"@type":"ListItem","position":3,"name":"Nos Marques","item":"https:\/\/teiaeducation.ch\/fr\/categorie-produit\/marques\/"},{"@type":"ListItem","position":4,"name":"Grimm's","item":"https:\/\/teiaeducation.ch\/fr\/categorie-produit\/marques\/grimms-fr\/"},{"@type":"ListItem","position":5,"name":"Corail &#8211; Grimm\u2019s"}]},{"@type":"WebSite","@id":"https:\/\/teiaeducation.ch\/fr\/#website","url":"https:\/\/teiaeducation.ch\/fr\/","name":"Sustainable Educational Products &amp; Ecological Toys\u00a0","description":"Specialised Swiss shop selling sustainable educational toys and games, AMI certified Montessori materials, handmade ecological wooden Waldorf toys and arts &amp; crafts supplies, school supplies, children&#039;s furniture and Montessori reference and parenting books.","publisher":{"@id":"https:\/\/teiaeducation.ch\/fr\/#organization"},"alternateName":"Teia Education & Play","potentialAction":[{"@type":"SearchAction","target":{"@type":"EntryPoint","urlTemplate":"https:\/\/teiaeducation.ch\/fr\/?s={search_term_string}"},"query-input":{"@type":"PropertyValueSpecification","valueRequired":true,"valueName":"search_term_string"}}],"inLanguage":"fr-FR"},{"@type":"Organization","@id":"https:\/\/teiaeducation.ch\/fr\/#organization","name":"Teia Education & Play","url":"https:\/\/teiaeducation.ch\/fr\/","logo":{"@type":"ImageObject","inLanguage":"fr-FR","@id":"https:\/\/teiaeducation.ch\/fr\/#\/schema\/logo\/image\/","url":"https:\/\/teiaeducation.ch\/wp-content\/uploads\/2020\/11\/Teia-Education-Switzerland-e1620156442216.jpg","contentUrl":"https:\/\/teiaeducation.ch\/wp-content\/uploads\/2020\/11\/Teia-Education-Switzerland-e1620156442216.jpg","width":166,"height":145,"caption":"Teia Education & Play"},"image":{"@id":"https:\/\/teiaeducation.ch\/fr\/#\/schema\/logo\/image\/"},"sameAs":["https:\/\/www.facebook.com\/teiaeducation\/","https:\/\/x.com\/EducationTeia","https:\/\/www.instagram.com\/teia.education\/","https:\/\/www.linkedin.com\/company\/35501660","https:\/\/www.pinterest.ch\/TeiaEducation\/"]}]}},"_links":{"self":[{"href":"https:\/\/teiaeducation.ch\/fr\/wp-json\/wp\/v2\/product\/32261","targetHints":{"allow":["GET"]}}],"collection":[{"href":"https:\/\/teiaeducation.ch\/fr\/wp-json\/wp\/v2\/product"}],"about":[{"href":"https:\/\/teiaeducation.ch\/fr\/wp-json\/wp\/v2\/types\/product"}],"replies":[{"embeddable":true,"href":"https:\/\/teiaeducation.ch\/fr\/wp-json\/wp\/v2\/comments?post=32261"}],"wp:featuredmedia":[{"embeddable":true,"href":"https:\/\/teiaeducation.ch\/fr\/wp-json\/wp\/v2\/media\/31782"}],"wp:attachment":[{"href":"https:\/\/teiaeducation.ch\/fr\/wp-json\/wp\/v2\/media?parent=32261"}],"wp:term":[{"taxonomy":"product_brand","embeddable":true,"href":"https:\/\/teiaeducation.ch\/fr\/wp-json\/wp\/v2\/product_brand?post=32261"},{"taxonomy":"product_cat","embeddable":true,"href":"https:\/\/teiaeducation.ch\/fr\/wp-json\/wp\/v2\/product_cat?post=32261"},{"taxonomy":"product_tag","embeddable":true,"href":"https:\/\/teiaeducation.ch\/fr\/wp-json\/wp\/v2\/product_tag?post=32261"}],"curies":[{"name":"wp","href":"https:\/\/api.w.org\/{rel}","templated":true}]}}