{"id":32265,"date":"2020-11-21T21:21:41","date_gmt":"2020-11-21T20:21:41","guid":{"rendered":"https:\/\/teiaeducation.ch\/product\/toupie-en-bois-violet-gluckskafer\/"},"modified":"2021-11-03T21:14:14","modified_gmt":"2021-11-03T20:14:14","slug":"toupie-violette-en-bois-gluckskafer","status":"publish","type":"product","link":"https:\/\/teiaeducation.ch\/fr\/produit\/toupie-violette-en-bois-gluckskafer\/","title":{"rendered":"Toupie en bois: Violet &#8211; Gl\u00fccksk\u00e4fer"},"content":{"rendered":"<p>Toupie en bois violet faite \u00e0 la main &#8211; Gl\u00fccksk\u00e4fer<\/p>\n<p>Un jouet classique pour tous les \u00e2ges, cette belle toupie violette en bois faite \u00e0 la main de la gamme \u00ab formes color\u00e9es \u00bb par Gl\u00fccksk\u00e4fer offre des possibilit\u00e9s infinies de jeu ouvert. Les toupies sont l\u2019un des jouets les plus anciens au monde et offrent des exp\u00e9riences <a href=\"https:\/\/teiaeducation.ch\/fr\/categorie-produit\/domaines-du-curriculum\/sensorielles-motrices\/sens\/\">sensorielles<\/a>\u00a0riches pour les enfants et les adultes!<\/p>\n<p>Con\u00e7ue pour \u00eatre tourn\u00e9e sur son axe vertical, la toupie est un jouet utilis\u00e9 depuis l\u2019Antiquit\u00e9 dans les jeux pour enfants solitaires ou comp\u00e9titifs. Le but est de faire tourner la toupie droite aussi longtemps que possible apr\u00e8s avoir \u00e9t\u00e9 mise en mouvement.<\/p>\n<p>Cette toupie agr\u00e9ablement tactile et doucement arrondie mesure 6 \u00d7 4 \u00d7 4cm et est faite pour \u00eatre ch\u00e9rie pour les ann\u00e9es \u00e0 venir! Les toupie en bois Gl\u00fccksk\u00e4fer sont disponibles en bleu, vert, violet, orange, jaune et rouge.<\/p>\n<p>Id\u00e9ale pour jouer \u00e0 la maison, \u00e0 la cr\u00e8che, \u00e0 Waldorf ou \u00e0 l\u2019\u00e9cole Steiner, la gamme de jouets en bois color\u00e9s Gl\u00fccksk\u00e4fer est con\u00e7ue selon la philosophie Waldorf qui est bien connue pour encourager les enfants \u00e0 d\u00e9couvrir le jeu cr\u00e9atif de mani\u00e8re ind\u00e9pendante et sans limites. La toupie en bois est color\u00e9e \u00e0 la main avec des peintures non toxiques \u00e0 base d\u2019eau et n\u2019est pas finie avec de la laque pour s\u2019assurer que les caract\u00e9ristiques originales du bois et du grain se montrent \u00e0 travers.<\/p>\n<p>La toupie en bois violet Gl\u00fccksk\u00e4fer convient aux enfants \u00e2g\u00e9s de 3 ans et plus.<\/p>\n<p>Contenu:<\/p>\n<p>1 toupie en bois (6 \u00d7 4 \u00d7 4cm)<\/p>\n","protected":false},"excerpt":{"rendered":"<p>Num\u00e9ro d\u2019article: <span class=\"sku_wrapper\"><span class=\"sku\">525096<\/span><\/span><\/p>\n<p>Un jouet classique pour tous les \u00e2ges, cette belle toupie violette en bois faite \u00e0 la main par Gl\u00fccksk\u00e4fer fournit des heures de jeu \u00e0 l\u2019ancienne!<\/p>\n","protected":false},"featured_media":48921,"comment_status":"open","ping_status":"closed","template":"","meta":[],"product_brand":[],"product_cat":[215,216,13119,16897,17241,21257,13130,18969,23132,23020,13140,217,18030,212],"product_tag":[8625,18028,18024,18027,17918,6714,17986,18029],"class_list":{"0":"post-32265","1":"product","2":"type-product","3":"status-publish","4":"has-post-thumbnail","6":"product_cat-3-6-ans","7":"product_cat-6-12-ans","8":"product_cat-gluckskafer-fr","9":"product_cat-guide-cadeau-6-12-ans","10":"product_cat-guide-cadeaux-3-6-ans","11":"product_cat-guides-cadeaux","12":"product_cat-jouer","13":"product_cat-jouets-actifs","14":"product_cat-jouets-de-plein-air","15":"product_cat-jouets-en-bois","16":"product_cat-jeu-libre","17":"product_cat-marques","18":"product_cat-toupies","19":"product_cat-tranche-dage","20":"product_tag-fabrique-en-allemagne","21":"product_tag-formes-colorees-en-bois-gluckskafer-fr","22":"product_tag-gluckskafer-fr","23":"product_tag-gluckskafer-suisse","24":"product_tag-jouet-en-bois-waldorf","25":"product_tag-jouets-en-bois-faits-a-la-main","26":"product_tag-jouets-en-bois-waldorf-fr","27":"product_tag-toupie-en-bois-faite-a-la-main-gluckskafer","29":"first","30":"instock","31":"taxable","32":"shipping-taxable","33":"purchasable","34":"product-type-simple"},"yoast_head":"<!-- This site is optimized with the Yoast SEO plugin v27.1.1 - https:\/\/yoast.com\/product\/yoast-seo-wordpress\/ -->\n<title>Toupie en bois: Violet - Gl\u00fccksk\u00e4fer - Teia Education &amp; Play<\/title>\n<meta name=\"description\" content=\"Cette magnifique toupie en bois faite \u00e0 la main de Gl\u00fccksk\u00e4fer offre des possibilit\u00e9s infinies de jeu ouvert !\" \/>\n<meta name=\"robots\" content=\"index, follow, max-snippet:-1, max-image-preview:large, max-video-preview:-1\" \/>\n<link rel=\"canonical\" href=\"https:\/\/teiaeducation.ch\/fr\/produit\/toupie-violette-en-bois-gluckskafer\/\" \/>\n<meta property=\"og:locale\" content=\"fr_FR\" \/>\n<meta property=\"og:type\" content=\"article\" \/>\n<meta property=\"og:title\" content=\"Toupie en bois: Violet - Gl\u00fccksk\u00e4fer - Teia Education &amp; Play\" \/>\n<meta property=\"og:description\" content=\"Cette magnifique toupie en bois faite \u00e0 la main de Gl\u00fccksk\u00e4fer offre des possibilit\u00e9s infinies de jeu ouvert !\" \/>\n<meta property=\"og:url\" content=\"https:\/\/teiaeducation.ch\/fr\/produit\/toupie-violette-en-bois-gluckskafer\/\" \/>\n<meta property=\"og:site_name\" content=\"Sustainable Educational Products &amp; Ecological Toys\u00a0\" \/>\n<meta property=\"article:publisher\" content=\"https:\/\/www.facebook.com\/teiaeducation\/\" \/>\n<meta property=\"article:modified_time\" content=\"2021-11-03T20:14:14+00:00\" \/>\n<meta property=\"og:image\" content=\"https:\/\/teiaeducation.ch\/wp-content\/uploads\/2020\/11\/Wooden-Spinning-Top-Purple-Gluckskafer.jpg\" \/>\n\t<meta property=\"og:image:width\" content=\"1181\" \/>\n\t<meta property=\"og:image:height\" content=\"1235\" \/>\n\t<meta property=\"og:image:type\" content=\"image\/jpeg\" \/>\n<script type=\"application\/ld+json\" class=\"yoast-schema-graph\">{\"@context\":\"https:\/\/schema.org\",\"@graph\":[{\"@type\":\"WebPage\",\"@id\":\"https:\/\/teiaeducation.ch\/fr\/produit\/toupie-violette-en-bois-gluckskafer\/\",\"url\":\"https:\/\/teiaeducation.ch\/fr\/produit\/toupie-violette-en-bois-gluckskafer\/\",\"name\":\"Toupie en bois: Violet - Gl\u00fccksk\u00e4fer - Teia Education & Play\",\"isPartOf\":{\"@id\":\"https:\/\/teiaeducation.ch\/fr\/#website\"},\"primaryImageOfPage\":{\"@id\":\"https:\/\/teiaeducation.ch\/fr\/produit\/toupie-violette-en-bois-gluckskafer\/#primaryimage\"},\"image\":{\"@id\":\"https:\/\/teiaeducation.ch\/fr\/produit\/toupie-violette-en-bois-gluckskafer\/#primaryimage\"},\"thumbnailUrl\":\"https:\/\/teiaeducation.ch\/wp-content\/uploads\/2020\/11\/Wooden-Spinning-Top-Purple-Gluckskafer.jpg\",\"datePublished\":\"2020-11-21T20:21:41+00:00\",\"dateModified\":\"2021-11-03T20:14:14+00:00\",\"description\":\"Cette magnifique toupie en bois faite \u00e0 la main de Gl\u00fccksk\u00e4fer offre des possibilit\u00e9s infinies de jeu ouvert !\",\"breadcrumb\":{\"@id\":\"https:\/\/teiaeducation.ch\/fr\/produit\/toupie-violette-en-bois-gluckskafer\/#breadcrumb\"},\"inLanguage\":\"fr-FR\",\"potentialAction\":[{\"@type\":\"ReadAction\",\"target\":[\"https:\/\/teiaeducation.ch\/fr\/produit\/toupie-violette-en-bois-gluckskafer\/\"]}]},{\"@type\":\"ImageObject\",\"inLanguage\":\"fr-FR\",\"@id\":\"https:\/\/teiaeducation.ch\/fr\/produit\/toupie-violette-en-bois-gluckskafer\/#primaryimage\",\"url\":\"https:\/\/teiaeducation.ch\/wp-content\/uploads\/2020\/11\/Wooden-Spinning-Top-Purple-Gluckskafer.jpg\",\"contentUrl\":\"https:\/\/teiaeducation.ch\/wp-content\/uploads\/2020\/11\/Wooden-Spinning-Top-Purple-Gluckskafer.jpg\",\"width\":1181,\"height\":1235,\"caption\":\"Purple wooden spinning top \/ Handmade wooden spinning top toy - Gl\u00fccksk\u00e4fer\"},{\"@type\":\"BreadcrumbList\",\"@id\":\"https:\/\/teiaeducation.ch\/fr\/produit\/toupie-violette-en-bois-gluckskafer\/#breadcrumb\",\"itemListElement\":[{\"@type\":\"ListItem\",\"position\":1,\"name\":\"Home\",\"item\":\"https:\/\/teiaeducation.ch\/fr\/\"},{\"@type\":\"ListItem\",\"position\":2,\"name\":\"Boutique Teia Education &amp; Play\",\"item\":\"https:\/\/teiaeducation.ch\/fr\/boutique\/\"},{\"@type\":\"ListItem\",\"position\":3,\"name\":\"Nos Marques\",\"item\":\"https:\/\/teiaeducation.ch\/fr\/categorie-produit\/marques\/\"},{\"@type\":\"ListItem\",\"position\":4,\"name\":\"Gl\u00fccksk\u00e4fer\",\"item\":\"https:\/\/teiaeducation.ch\/fr\/categorie-produit\/marques\/gluckskafer-fr\/\"},{\"@type\":\"ListItem\",\"position\":5,\"name\":\"Toupie en bois: Violet &#8211; Gl\u00fccksk\u00e4fer\"}]},{\"@type\":\"WebSite\",\"@id\":\"https:\/\/teiaeducation.ch\/fr\/#website\",\"url\":\"https:\/\/teiaeducation.ch\/fr\/\",\"name\":\"Sustainable Educational Products &amp; Ecological Toys\u00a0\",\"description\":\"Specialised Swiss shop selling sustainable educational toys and games, AMI certified Montessori materials, handmade ecological wooden Waldorf toys and arts &amp; crafts supplies, school supplies, children&#039;s furniture and Montessori reference and parenting books.\",\"publisher\":{\"@id\":\"https:\/\/teiaeducation.ch\/fr\/#organization\"},\"alternateName\":\"Teia Education & Play\",\"potentialAction\":[{\"@type\":\"SearchAction\",\"target\":{\"@type\":\"EntryPoint\",\"urlTemplate\":\"https:\/\/teiaeducation.ch\/fr\/?s={search_term_string}\"},\"query-input\":{\"@type\":\"PropertyValueSpecification\",\"valueRequired\":true,\"valueName\":\"search_term_string\"}}],\"inLanguage\":\"fr-FR\"},{\"@type\":\"Organization\",\"@id\":\"https:\/\/teiaeducation.ch\/fr\/#organization\",\"name\":\"Teia Education & Play\",\"url\":\"https:\/\/teiaeducation.ch\/fr\/\",\"logo\":{\"@type\":\"ImageObject\",\"inLanguage\":\"fr-FR\",\"@id\":\"https:\/\/teiaeducation.ch\/fr\/#\/schema\/logo\/image\/\",\"url\":\"https:\/\/teiaeducation.ch\/wp-content\/uploads\/2020\/11\/Teia-Education-Switzerland-e1620156442216.jpg\",\"contentUrl\":\"https:\/\/teiaeducation.ch\/wp-content\/uploads\/2020\/11\/Teia-Education-Switzerland-e1620156442216.jpg\",\"width\":166,\"height\":145,\"caption\":\"Teia Education & Play\"},\"image\":{\"@id\":\"https:\/\/teiaeducation.ch\/fr\/#\/schema\/logo\/image\/\"},\"sameAs\":[\"https:\/\/www.facebook.com\/teiaeducation\/\",\"https:\/\/x.com\/EducationTeia\",\"https:\/\/www.instagram.com\/teia.education\/\",\"https:\/\/www.linkedin.com\/company\/35501660\",\"https:\/\/www.pinterest.ch\/TeiaEducation\/\"]}]}<\/script>\n<!-- \/ Yoast SEO plugin. -->","yoast_head_json":{"title":"Toupie en bois: Violet - Gl\u00fccksk\u00e4fer - Teia Education & Play","description":"Cette magnifique toupie en bois faite \u00e0 la main de Gl\u00fccksk\u00e4fer offre des possibilit\u00e9s infinies de jeu ouvert !","robots":{"index":"index","follow":"follow","max-snippet":"max-snippet:-1","max-image-preview":"max-image-preview:large","max-video-preview":"max-video-preview:-1"},"canonical":"https:\/\/teiaeducation.ch\/fr\/produit\/toupie-violette-en-bois-gluckskafer\/","og_locale":"fr_FR","og_type":"article","og_title":"Toupie en bois: Violet - Gl\u00fccksk\u00e4fer - Teia Education & Play","og_description":"Cette magnifique toupie en bois faite \u00e0 la main de Gl\u00fccksk\u00e4fer offre des possibilit\u00e9s infinies de jeu ouvert !","og_url":"https:\/\/teiaeducation.ch\/fr\/produit\/toupie-violette-en-bois-gluckskafer\/","og_site_name":"Sustainable Educational Products &amp; Ecological Toys\u00a0","article_publisher":"https:\/\/www.facebook.com\/teiaeducation\/","article_modified_time":"2021-11-03T20:14:14+00:00","og_image":[{"width":1181,"height":1235,"url":"https:\/\/teiaeducation.ch\/wp-content\/uploads\/2020\/11\/Wooden-Spinning-Top-Purple-Gluckskafer.jpg","type":"image\/jpeg"}],"schema":{"@context":"https:\/\/schema.org","@graph":[{"@type":"WebPage","@id":"https:\/\/teiaeducation.ch\/fr\/produit\/toupie-violette-en-bois-gluckskafer\/","url":"https:\/\/teiaeducation.ch\/fr\/produit\/toupie-violette-en-bois-gluckskafer\/","name":"Toupie en bois: Violet - Gl\u00fccksk\u00e4fer - Teia Education & Play","isPartOf":{"@id":"https:\/\/teiaeducation.ch\/fr\/#website"},"primaryImageOfPage":{"@id":"https:\/\/teiaeducation.ch\/fr\/produit\/toupie-violette-en-bois-gluckskafer\/#primaryimage"},"image":{"@id":"https:\/\/teiaeducation.ch\/fr\/produit\/toupie-violette-en-bois-gluckskafer\/#primaryimage"},"thumbnailUrl":"https:\/\/teiaeducation.ch\/wp-content\/uploads\/2020\/11\/Wooden-Spinning-Top-Purple-Gluckskafer.jpg","datePublished":"2020-11-21T20:21:41+00:00","dateModified":"2021-11-03T20:14:14+00:00","description":"Cette magnifique toupie en bois faite \u00e0 la main de Gl\u00fccksk\u00e4fer offre des possibilit\u00e9s infinies de jeu ouvert !","breadcrumb":{"@id":"https:\/\/teiaeducation.ch\/fr\/produit\/toupie-violette-en-bois-gluckskafer\/#breadcrumb"},"inLanguage":"fr-FR","potentialAction":[{"@type":"ReadAction","target":["https:\/\/teiaeducation.ch\/fr\/produit\/toupie-violette-en-bois-gluckskafer\/"]}]},{"@type":"ImageObject","inLanguage":"fr-FR","@id":"https:\/\/teiaeducation.ch\/fr\/produit\/toupie-violette-en-bois-gluckskafer\/#primaryimage","url":"https:\/\/teiaeducation.ch\/wp-content\/uploads\/2020\/11\/Wooden-Spinning-Top-Purple-Gluckskafer.jpg","contentUrl":"https:\/\/teiaeducation.ch\/wp-content\/uploads\/2020\/11\/Wooden-Spinning-Top-Purple-Gluckskafer.jpg","width":1181,"height":1235,"caption":"Purple wooden spinning top \/ Handmade wooden spinning top toy - Gl\u00fccksk\u00e4fer"},{"@type":"BreadcrumbList","@id":"https:\/\/teiaeducation.ch\/fr\/produit\/toupie-violette-en-bois-gluckskafer\/#breadcrumb","itemListElement":[{"@type":"ListItem","position":1,"name":"Home","item":"https:\/\/teiaeducation.ch\/fr\/"},{"@type":"ListItem","position":2,"name":"Boutique Teia Education &amp; Play","item":"https:\/\/teiaeducation.ch\/fr\/boutique\/"},{"@type":"ListItem","position":3,"name":"Nos Marques","item":"https:\/\/teiaeducation.ch\/fr\/categorie-produit\/marques\/"},{"@type":"ListItem","position":4,"name":"Gl\u00fccksk\u00e4fer","item":"https:\/\/teiaeducation.ch\/fr\/categorie-produit\/marques\/gluckskafer-fr\/"},{"@type":"ListItem","position":5,"name":"Toupie en bois: Violet &#8211; Gl\u00fccksk\u00e4fer"}]},{"@type":"WebSite","@id":"https:\/\/teiaeducation.ch\/fr\/#website","url":"https:\/\/teiaeducation.ch\/fr\/","name":"Sustainable Educational Products &amp; Ecological Toys\u00a0","description":"Specialised Swiss shop selling sustainable educational toys and games, AMI certified Montessori materials, handmade ecological wooden Waldorf toys and arts &amp; crafts supplies, school supplies, children&#039;s furniture and Montessori reference and parenting books.","publisher":{"@id":"https:\/\/teiaeducation.ch\/fr\/#organization"},"alternateName":"Teia Education & Play","potentialAction":[{"@type":"SearchAction","target":{"@type":"EntryPoint","urlTemplate":"https:\/\/teiaeducation.ch\/fr\/?s={search_term_string}"},"query-input":{"@type":"PropertyValueSpecification","valueRequired":true,"valueName":"search_term_string"}}],"inLanguage":"fr-FR"},{"@type":"Organization","@id":"https:\/\/teiaeducation.ch\/fr\/#organization","name":"Teia Education & Play","url":"https:\/\/teiaeducation.ch\/fr\/","logo":{"@type":"ImageObject","inLanguage":"fr-FR","@id":"https:\/\/teiaeducation.ch\/fr\/#\/schema\/logo\/image\/","url":"https:\/\/teiaeducation.ch\/wp-content\/uploads\/2020\/11\/Teia-Education-Switzerland-e1620156442216.jpg","contentUrl":"https:\/\/teiaeducation.ch\/wp-content\/uploads\/2020\/11\/Teia-Education-Switzerland-e1620156442216.jpg","width":166,"height":145,"caption":"Teia Education & Play"},"image":{"@id":"https:\/\/teiaeducation.ch\/fr\/#\/schema\/logo\/image\/"},"sameAs":["https:\/\/www.facebook.com\/teiaeducation\/","https:\/\/x.com\/EducationTeia","https:\/\/www.instagram.com\/teia.education\/","https:\/\/www.linkedin.com\/company\/35501660","https:\/\/www.pinterest.ch\/TeiaEducation\/"]}]}},"_links":{"self":[{"href":"https:\/\/teiaeducation.ch\/fr\/wp-json\/wp\/v2\/product\/32265","targetHints":{"allow":["GET"]}}],"collection":[{"href":"https:\/\/teiaeducation.ch\/fr\/wp-json\/wp\/v2\/product"}],"about":[{"href":"https:\/\/teiaeducation.ch\/fr\/wp-json\/wp\/v2\/types\/product"}],"replies":[{"embeddable":true,"href":"https:\/\/teiaeducation.ch\/fr\/wp-json\/wp\/v2\/comments?post=32265"}],"wp:featuredmedia":[{"embeddable":true,"href":"https:\/\/teiaeducation.ch\/fr\/wp-json\/wp\/v2\/media\/48921"}],"wp:attachment":[{"href":"https:\/\/teiaeducation.ch\/fr\/wp-json\/wp\/v2\/media?parent=32265"}],"wp:term":[{"taxonomy":"product_brand","embeddable":true,"href":"https:\/\/teiaeducation.ch\/fr\/wp-json\/wp\/v2\/product_brand?post=32265"},{"taxonomy":"product_cat","embeddable":true,"href":"https:\/\/teiaeducation.ch\/fr\/wp-json\/wp\/v2\/product_cat?post=32265"},{"taxonomy":"product_tag","embeddable":true,"href":"https:\/\/teiaeducation.ch\/fr\/wp-json\/wp\/v2\/product_tag?post=32265"}],"curies":[{"name":"wp","href":"https:\/\/api.w.org\/{rel}","templated":true}]}}