{"id":32309,"date":"2020-10-25T16:33:24","date_gmt":"2020-10-25T15:33:24","guid":{"rendered":"https:\/\/teiaeducation.ch\/product\/tuile-dactvite-nuage-en-bois-le-toy-van\/"},"modified":"2021-11-30T14:40:23","modified_gmt":"2021-11-30T13:40:23","slug":"tuile-dactivite-nuage-le-toy-van","status":"publish","type":"product","link":"https:\/\/teiaeducation.ch\/fr\/produit\/tuile-dactivite-nuage-le-toy-van\/","title":{"rendered":"Tuile d\u2019activit\u00e9 nuage en bois &#8211; Le Toy Van"},"content":{"rendered":"<p>Cette magnifique tuile d&#8217;activit\u00e9 &#8216;d\u00e9co&#8217; en bois en forme d&#8217;hexagone, tessell\u00e9e comme un nid d&#8217;abeille, de la collection Le Toy Van Petilou, est un jouet multi-sensoriel qui stimule une vari\u00e9t\u00e9 de <a href=\"https:\/\/teiaeducation.ch\/product-category\/play\/sensory-play\/\">sens<\/a>, \u00e9veillant la curiosit\u00e9 et les comp\u00e9tences.<\/p>\n<p>Le design color\u00e9 aide \u00e0 d\u00e9velopper la reconnaissance des couleurs et stimule l&#8217;imagination. La tuile est fabriqu\u00e9 de mani\u00e8re \u00e9thique \u00e0 partir de bois de caoutchouc durable. Elle est d\u00e9cor\u00e9e dans des peintures \u00e0 base d\u2019eau pour \u00e9viter l\u2019\u00e9caillage, avec tous les bords liss\u00e9s pour un toucher agr\u00e9able. S\u00fbre pour votre enfant et pour l&#8217;environnement, la tuile d\u2019activit\u00e9 nuage peut \u00eatre fix\u00e9e sur un mur ou pos\u00e9e sur une table ou sur le sol.<\/p>\n<p>Qu\u2019il pleuve ! Faites pivoter le nuage pour voir et entendre un \u00e9ventail de gouttes de pluie color\u00e9es en cascade pour un jeu sensoriel ultime. La tuile d\u2019activit\u00e9 nuage est un cadeau fantastique pour un tout-petit et a \u00e9t\u00e9 test\u00e9e pour la s\u00e9curit\u00e9 des enfants \u00e0 partir de 1 an et plus.<\/p>\n<p>Le Toy Van est une soci\u00e9t\u00e9 anglaise de jouets fond\u00e9e en 1995 et sp\u00e9cialis\u00e9e dans les jouets traditionnels en bois de haute qualit\u00e9 dans un nouveau style contemporain. Tous les jouets sont fabriqu\u00e9s \u00e9thiquement selon des normes rigoureuses de qualit\u00e9, de s\u00e9curit\u00e9 et de durabilit\u00e9, en utilisant des mat\u00e9riaux naturels, y compris le caoutchouc-bois lisse recyclable. Ils sont test\u00e9s selon les normes de s\u00e9curit\u00e9 les plus \u00e9lev\u00e9es et sont conformes aux normes de s\u00e9curit\u00e9 EN-71 et ASTM.<\/p>\n<p>Ces jouets innovants et magnifiquement con\u00e7us encouragent l\u2019apprentissage pr\u00e9coce gr\u00e2ce \u00e0 des jeux de r\u00f4le imaginatifs, offrant de nombreuses possibilit\u00e9s de d\u00e9veloppement linguistique et social ainsi que la motricit\u00e9 fine et sont faits pour durer et \u00eatre appr\u00e9ci\u00e9s pour les g\u00e9n\u00e9rations \u00e0 venir.<\/p>\n<p>La tuile d\u2019activit\u00e9 nuage convient aux enfants de 18 mois et plus.<\/p>\n<p>Contenu :<\/p>\n<p>1 tuile d\u2019activit\u00e9 en bois (2 x 3,1\/4,1 x 17,6 cm)<\/p>\n","protected":false},"excerpt":{"rendered":"<p>Num\u00e9ro d\u2019article: ltvpl130<\/p>\n<p>Cette jolie tuile d&#8217;activit\u00e9 en forme de nuage de Le Toy Van est un jouet multisensoriel en bois durable pour le d\u00e9veloppement de l&#8217;enfant et le jeu de r\u00f4le imaginatif.<\/p>\n","protected":false},"featured_media":31423,"comment_status":"open","ping_status":"closed","template":"","meta":[],"product_brand":[],"product_cat":[208,17242,13130,13142,13152,217,5851,7603,212],"product_tag":[18067,18060,18068,18063,18064,18065,18061,18059,18062,18066],"class_list":{"0":"post-32309","1":"product","2":"type-product","3":"status-publish","4":"has-post-thumbnail","6":"product_cat-1-3-ans","7":"product_cat-guide-cadeaux-1-3-ans","8":"product_cat-jouer","9":"product_cat-jeu-sensoriel","10":"product_cat-le-toy-van-fr","11":"product_cat-marques","12":"product_cat-nouveautes","13":"product_cat-soldes","14":"product_cat-tranche-dage","15":"product_tag-activite-tuile-nuage-le-toy-van","16":"product_tag-jouet-durable-en-bois","17":"product_tag-jouet-en-bois-durable","18":"product_tag-jouets-bois-dhevea","19":"product_tag-jouets-durables-en-bois","20":"product_tag-jouets-en-bois-pour-enfants","21":"product_tag-jouets-pour-bebes","22":"product_tag-le-toy-van-fr","23":"product_tag-le-toy-van-petilou-collection-jouets","24":"product_tag-meilleurs-jouets-en-bois-pour-bebes","26":"first","27":"instock","28":"sale","29":"taxable","30":"shipping-taxable","31":"purchasable","32":"product-type-simple"},"yoast_head":"<!-- This site is optimized with the Yoast SEO plugin v27.1.1 - https:\/\/yoast.com\/product\/yoast-seo-wordpress\/ -->\n<title>Tuile d\u2019activit\u00e9 nuage en bois - Le Toy Van - Teia Education &amp; Play<\/title>\n<meta name=\"description\" content=\"Cette jolie tuile d&#039;activit\u00e9 en forme de nuage de Le Toy Van est un jouet multisensoriel en bois durable pour le d\u00e9veloppement de l&#039;enfant.\" \/>\n<meta name=\"robots\" content=\"index, follow, max-snippet:-1, max-image-preview:large, max-video-preview:-1\" \/>\n<link rel=\"canonical\" href=\"https:\/\/teiaeducation.ch\/fr\/produit\/tuile-dactivite-nuage-le-toy-van\/\" \/>\n<meta property=\"og:locale\" content=\"fr_FR\" \/>\n<meta property=\"og:type\" content=\"article\" \/>\n<meta property=\"og:title\" content=\"Tuile d\u2019activit\u00e9 nuage en bois - Le Toy Van - Teia Education &amp; Play\" \/>\n<meta property=\"og:description\" content=\"Cette jolie tuile d&#039;activit\u00e9 en forme de nuage de Le Toy Van est un jouet multisensoriel en bois durable pour le d\u00e9veloppement de l&#039;enfant.\" \/>\n<meta property=\"og:url\" content=\"https:\/\/teiaeducation.ch\/fr\/produit\/tuile-dactivite-nuage-le-toy-van\/\" \/>\n<meta property=\"og:site_name\" content=\"Sustainable Educational Products &amp; Ecological Toys\u00a0\" \/>\n<meta property=\"article:publisher\" content=\"https:\/\/www.facebook.com\/teiaeducation\/\" \/>\n<meta property=\"article:modified_time\" content=\"2021-11-30T13:40:23+00:00\" \/>\n<meta property=\"og:image\" content=\"https:\/\/teiaeducation.ch\/wp-content\/uploads\/2020\/10\/Cloud-Activity-Tile-Sustainable-wooden-toy-Le-Toy-Van.jpg\" \/>\n\t<meta property=\"og:image:width\" content=\"900\" \/>\n\t<meta property=\"og:image:height\" content=\"900\" \/>\n\t<meta property=\"og:image:type\" content=\"image\/jpeg\" \/>\n<script type=\"application\/ld+json\" class=\"yoast-schema-graph\">{\"@context\":\"https:\/\/schema.org\",\"@graph\":[{\"@type\":\"WebPage\",\"@id\":\"https:\/\/teiaeducation.ch\/fr\/produit\/tuile-dactivite-nuage-le-toy-van\/\",\"url\":\"https:\/\/teiaeducation.ch\/fr\/produit\/tuile-dactivite-nuage-le-toy-van\/\",\"name\":\"Tuile d\u2019activit\u00e9 nuage en bois - Le Toy Van - Teia Education & Play\",\"isPartOf\":{\"@id\":\"https:\/\/teiaeducation.ch\/fr\/#website\"},\"primaryImageOfPage\":{\"@id\":\"https:\/\/teiaeducation.ch\/fr\/produit\/tuile-dactivite-nuage-le-toy-van\/#primaryimage\"},\"image\":{\"@id\":\"https:\/\/teiaeducation.ch\/fr\/produit\/tuile-dactivite-nuage-le-toy-van\/#primaryimage\"},\"thumbnailUrl\":\"https:\/\/teiaeducation.ch\/wp-content\/uploads\/2020\/10\/Cloud-Activity-Tile-Sustainable-wooden-toy-Le-Toy-Van.jpg\",\"datePublished\":\"2020-10-25T15:33:24+00:00\",\"dateModified\":\"2021-11-30T13:40:23+00:00\",\"description\":\"Cette jolie tuile d'activit\u00e9 en forme de nuage de Le Toy Van est un jouet multisensoriel en bois durable pour le d\u00e9veloppement de l'enfant.\",\"breadcrumb\":{\"@id\":\"https:\/\/teiaeducation.ch\/fr\/produit\/tuile-dactivite-nuage-le-toy-van\/#breadcrumb\"},\"inLanguage\":\"fr-FR\",\"potentialAction\":[{\"@type\":\"ReadAction\",\"target\":[\"https:\/\/teiaeducation.ch\/fr\/produit\/tuile-dactivite-nuage-le-toy-van\/\"]}]},{\"@type\":\"ImageObject\",\"inLanguage\":\"fr-FR\",\"@id\":\"https:\/\/teiaeducation.ch\/fr\/produit\/tuile-dactivite-nuage-le-toy-van\/#primaryimage\",\"url\":\"https:\/\/teiaeducation.ch\/wp-content\/uploads\/2020\/10\/Cloud-Activity-Tile-Sustainable-wooden-toy-Le-Toy-Van.jpg\",\"contentUrl\":\"https:\/\/teiaeducation.ch\/wp-content\/uploads\/2020\/10\/Cloud-Activity-Tile-Sustainable-wooden-toy-Le-Toy-Van.jpg\",\"width\":900,\"height\":900,\"caption\":\"Tuile d\u2019activit\u00e9 nuage en bois - Le Toy Van\"},{\"@type\":\"BreadcrumbList\",\"@id\":\"https:\/\/teiaeducation.ch\/fr\/produit\/tuile-dactivite-nuage-le-toy-van\/#breadcrumb\",\"itemListElement\":[{\"@type\":\"ListItem\",\"position\":1,\"name\":\"Home\",\"item\":\"https:\/\/teiaeducation.ch\/fr\/\"},{\"@type\":\"ListItem\",\"position\":2,\"name\":\"Boutique Teia Education &amp; Play\",\"item\":\"https:\/\/teiaeducation.ch\/fr\/boutique\/\"},{\"@type\":\"ListItem\",\"position\":3,\"name\":\"Nos Marques\",\"item\":\"https:\/\/teiaeducation.ch\/fr\/categorie-produit\/marques\/\"},{\"@type\":\"ListItem\",\"position\":4,\"name\":\"Le Toy Van\",\"item\":\"https:\/\/teiaeducation.ch\/fr\/categorie-produit\/marques\/le-toy-van-fr\/\"},{\"@type\":\"ListItem\",\"position\":5,\"name\":\"Tuile d\u2019activit\u00e9 nuage en bois &#8211; Le Toy Van\"}]},{\"@type\":\"WebSite\",\"@id\":\"https:\/\/teiaeducation.ch\/fr\/#website\",\"url\":\"https:\/\/teiaeducation.ch\/fr\/\",\"name\":\"Sustainable Educational Products &amp; Ecological Toys\u00a0\",\"description\":\"Specialised Swiss shop selling sustainable educational toys and games, AMI certified Montessori materials, handmade ecological wooden Waldorf toys and arts &amp; crafts supplies, school supplies, children&#039;s furniture and Montessori reference and parenting books.\",\"publisher\":{\"@id\":\"https:\/\/teiaeducation.ch\/fr\/#organization\"},\"alternateName\":\"Teia Education & Play\",\"potentialAction\":[{\"@type\":\"SearchAction\",\"target\":{\"@type\":\"EntryPoint\",\"urlTemplate\":\"https:\/\/teiaeducation.ch\/fr\/?s={search_term_string}\"},\"query-input\":{\"@type\":\"PropertyValueSpecification\",\"valueRequired\":true,\"valueName\":\"search_term_string\"}}],\"inLanguage\":\"fr-FR\"},{\"@type\":\"Organization\",\"@id\":\"https:\/\/teiaeducation.ch\/fr\/#organization\",\"name\":\"Teia Education & Play\",\"url\":\"https:\/\/teiaeducation.ch\/fr\/\",\"logo\":{\"@type\":\"ImageObject\",\"inLanguage\":\"fr-FR\",\"@id\":\"https:\/\/teiaeducation.ch\/fr\/#\/schema\/logo\/image\/\",\"url\":\"https:\/\/teiaeducation.ch\/wp-content\/uploads\/2020\/11\/Teia-Education-Switzerland-e1620156442216.jpg\",\"contentUrl\":\"https:\/\/teiaeducation.ch\/wp-content\/uploads\/2020\/11\/Teia-Education-Switzerland-e1620156442216.jpg\",\"width\":166,\"height\":145,\"caption\":\"Teia Education & Play\"},\"image\":{\"@id\":\"https:\/\/teiaeducation.ch\/fr\/#\/schema\/logo\/image\/\"},\"sameAs\":[\"https:\/\/www.facebook.com\/teiaeducation\/\",\"https:\/\/x.com\/EducationTeia\",\"https:\/\/www.instagram.com\/teia.education\/\",\"https:\/\/www.linkedin.com\/company\/35501660\",\"https:\/\/www.pinterest.ch\/TeiaEducation\/\"]}]}<\/script>\n<!-- \/ Yoast SEO plugin. -->","yoast_head_json":{"title":"Tuile d\u2019activit\u00e9 nuage en bois - Le Toy Van - Teia Education & Play","description":"Cette jolie tuile d'activit\u00e9 en forme de nuage de Le Toy Van est un jouet multisensoriel en bois durable pour le d\u00e9veloppement de l'enfant.","robots":{"index":"index","follow":"follow","max-snippet":"max-snippet:-1","max-image-preview":"max-image-preview:large","max-video-preview":"max-video-preview:-1"},"canonical":"https:\/\/teiaeducation.ch\/fr\/produit\/tuile-dactivite-nuage-le-toy-van\/","og_locale":"fr_FR","og_type":"article","og_title":"Tuile d\u2019activit\u00e9 nuage en bois - Le Toy Van - Teia Education & Play","og_description":"Cette jolie tuile d'activit\u00e9 en forme de nuage de Le Toy Van est un jouet multisensoriel en bois durable pour le d\u00e9veloppement de l'enfant.","og_url":"https:\/\/teiaeducation.ch\/fr\/produit\/tuile-dactivite-nuage-le-toy-van\/","og_site_name":"Sustainable Educational Products &amp; Ecological Toys\u00a0","article_publisher":"https:\/\/www.facebook.com\/teiaeducation\/","article_modified_time":"2021-11-30T13:40:23+00:00","og_image":[{"width":900,"height":900,"url":"https:\/\/teiaeducation.ch\/wp-content\/uploads\/2020\/10\/Cloud-Activity-Tile-Sustainable-wooden-toy-Le-Toy-Van.jpg","type":"image\/jpeg"}],"schema":{"@context":"https:\/\/schema.org","@graph":[{"@type":"WebPage","@id":"https:\/\/teiaeducation.ch\/fr\/produit\/tuile-dactivite-nuage-le-toy-van\/","url":"https:\/\/teiaeducation.ch\/fr\/produit\/tuile-dactivite-nuage-le-toy-van\/","name":"Tuile d\u2019activit\u00e9 nuage en bois - Le Toy Van - Teia Education & Play","isPartOf":{"@id":"https:\/\/teiaeducation.ch\/fr\/#website"},"primaryImageOfPage":{"@id":"https:\/\/teiaeducation.ch\/fr\/produit\/tuile-dactivite-nuage-le-toy-van\/#primaryimage"},"image":{"@id":"https:\/\/teiaeducation.ch\/fr\/produit\/tuile-dactivite-nuage-le-toy-van\/#primaryimage"},"thumbnailUrl":"https:\/\/teiaeducation.ch\/wp-content\/uploads\/2020\/10\/Cloud-Activity-Tile-Sustainable-wooden-toy-Le-Toy-Van.jpg","datePublished":"2020-10-25T15:33:24+00:00","dateModified":"2021-11-30T13:40:23+00:00","description":"Cette jolie tuile d'activit\u00e9 en forme de nuage de Le Toy Van est un jouet multisensoriel en bois durable pour le d\u00e9veloppement de l'enfant.","breadcrumb":{"@id":"https:\/\/teiaeducation.ch\/fr\/produit\/tuile-dactivite-nuage-le-toy-van\/#breadcrumb"},"inLanguage":"fr-FR","potentialAction":[{"@type":"ReadAction","target":["https:\/\/teiaeducation.ch\/fr\/produit\/tuile-dactivite-nuage-le-toy-van\/"]}]},{"@type":"ImageObject","inLanguage":"fr-FR","@id":"https:\/\/teiaeducation.ch\/fr\/produit\/tuile-dactivite-nuage-le-toy-van\/#primaryimage","url":"https:\/\/teiaeducation.ch\/wp-content\/uploads\/2020\/10\/Cloud-Activity-Tile-Sustainable-wooden-toy-Le-Toy-Van.jpg","contentUrl":"https:\/\/teiaeducation.ch\/wp-content\/uploads\/2020\/10\/Cloud-Activity-Tile-Sustainable-wooden-toy-Le-Toy-Van.jpg","width":900,"height":900,"caption":"Tuile d\u2019activit\u00e9 nuage en bois - Le Toy Van"},{"@type":"BreadcrumbList","@id":"https:\/\/teiaeducation.ch\/fr\/produit\/tuile-dactivite-nuage-le-toy-van\/#breadcrumb","itemListElement":[{"@type":"ListItem","position":1,"name":"Home","item":"https:\/\/teiaeducation.ch\/fr\/"},{"@type":"ListItem","position":2,"name":"Boutique Teia Education &amp; Play","item":"https:\/\/teiaeducation.ch\/fr\/boutique\/"},{"@type":"ListItem","position":3,"name":"Nos Marques","item":"https:\/\/teiaeducation.ch\/fr\/categorie-produit\/marques\/"},{"@type":"ListItem","position":4,"name":"Le Toy Van","item":"https:\/\/teiaeducation.ch\/fr\/categorie-produit\/marques\/le-toy-van-fr\/"},{"@type":"ListItem","position":5,"name":"Tuile d\u2019activit\u00e9 nuage en bois &#8211; Le Toy Van"}]},{"@type":"WebSite","@id":"https:\/\/teiaeducation.ch\/fr\/#website","url":"https:\/\/teiaeducation.ch\/fr\/","name":"Sustainable Educational Products &amp; Ecological Toys\u00a0","description":"Specialised Swiss shop selling sustainable educational toys and games, AMI certified Montessori materials, handmade ecological wooden Waldorf toys and arts &amp; crafts supplies, school supplies, children&#039;s furniture and Montessori reference and parenting books.","publisher":{"@id":"https:\/\/teiaeducation.ch\/fr\/#organization"},"alternateName":"Teia Education & Play","potentialAction":[{"@type":"SearchAction","target":{"@type":"EntryPoint","urlTemplate":"https:\/\/teiaeducation.ch\/fr\/?s={search_term_string}"},"query-input":{"@type":"PropertyValueSpecification","valueRequired":true,"valueName":"search_term_string"}}],"inLanguage":"fr-FR"},{"@type":"Organization","@id":"https:\/\/teiaeducation.ch\/fr\/#organization","name":"Teia Education & Play","url":"https:\/\/teiaeducation.ch\/fr\/","logo":{"@type":"ImageObject","inLanguage":"fr-FR","@id":"https:\/\/teiaeducation.ch\/fr\/#\/schema\/logo\/image\/","url":"https:\/\/teiaeducation.ch\/wp-content\/uploads\/2020\/11\/Teia-Education-Switzerland-e1620156442216.jpg","contentUrl":"https:\/\/teiaeducation.ch\/wp-content\/uploads\/2020\/11\/Teia-Education-Switzerland-e1620156442216.jpg","width":166,"height":145,"caption":"Teia Education & Play"},"image":{"@id":"https:\/\/teiaeducation.ch\/fr\/#\/schema\/logo\/image\/"},"sameAs":["https:\/\/www.facebook.com\/teiaeducation\/","https:\/\/x.com\/EducationTeia","https:\/\/www.instagram.com\/teia.education\/","https:\/\/www.linkedin.com\/company\/35501660","https:\/\/www.pinterest.ch\/TeiaEducation\/"]}]}},"_links":{"self":[{"href":"https:\/\/teiaeducation.ch\/fr\/wp-json\/wp\/v2\/product\/32309","targetHints":{"allow":["GET"]}}],"collection":[{"href":"https:\/\/teiaeducation.ch\/fr\/wp-json\/wp\/v2\/product"}],"about":[{"href":"https:\/\/teiaeducation.ch\/fr\/wp-json\/wp\/v2\/types\/product"}],"replies":[{"embeddable":true,"href":"https:\/\/teiaeducation.ch\/fr\/wp-json\/wp\/v2\/comments?post=32309"}],"wp:featuredmedia":[{"embeddable":true,"href":"https:\/\/teiaeducation.ch\/fr\/wp-json\/wp\/v2\/media\/31423"}],"wp:attachment":[{"href":"https:\/\/teiaeducation.ch\/fr\/wp-json\/wp\/v2\/media?parent=32309"}],"wp:term":[{"taxonomy":"product_brand","embeddable":true,"href":"https:\/\/teiaeducation.ch\/fr\/wp-json\/wp\/v2\/product_brand?post=32309"},{"taxonomy":"product_cat","embeddable":true,"href":"https:\/\/teiaeducation.ch\/fr\/wp-json\/wp\/v2\/product_cat?post=32309"},{"taxonomy":"product_tag","embeddable":true,"href":"https:\/\/teiaeducation.ch\/fr\/wp-json\/wp\/v2\/product_tag?post=32309"}],"curies":[{"name":"wp","href":"https:\/\/api.w.org\/{rel}","templated":true}]}}