{"id":32327,"date":"2020-10-25T15:27:57","date_gmt":"2020-10-25T14:27:57","guid":{"rendered":"https:\/\/teiaeducation.ch\/product\/empileur-de-foret-en-bois-le-toy-van\/"},"modified":"2021-11-30T14:27:21","modified_gmt":"2021-11-30T13:27:21","slug":"les-animaux-de-la-foret-en-bois-le-toy-van","status":"publish","type":"product","link":"https:\/\/teiaeducation.ch\/fr\/produit\/les-animaux-de-la-foret-en-bois-le-toy-van\/","title":{"rendered":"Les animaux de la for\u00eat en bois &#8211; Le Toy Van"},"content":{"rendered":"<p>Cet ensemble astucieux de 9 animaux \u00e0 empiler de la for\u00eat en bois durable de Le Toy Van est le jouet parfait pour apprendre et d\u00e9couvrir les diff\u00e9rents animaux trouv\u00e9s dans la for\u00eat! Complet avec un sac en coton pour ranger et transporter facilement, ce jeu \u00e0 empiler favorise le d\u00e9veloppement des comp\u00e9tences de <a href=\"\/?product_cat=dexterite\">dext\u00e9rit\u00e9<\/a> et la confiance dans un environnement amusant.<\/p>\n<p>Ces animaux brillants et amicaux fabriqu\u00e9s \u00e9thiquement \u00e0 partir de bois de caoutchouc r\u00e9utilis\u00e9 durable stimuleront l\u2019imagination et d\u00e9velopperont la reconnaissance des couleurs. Chaque animal forestier a \u00e9t\u00e9 d\u00e9cor\u00e9 dans des peintures \u00e0 base d\u2019eau pour \u00e9viter l\u2019\u00e9caillage, avec tous les bords liss\u00e9s pour un toucher s\u00fbr et doux assurant qu\u2019ils sont s\u00fbrs pour votre enfant et plus gentils pour l\u2019environnement<\/p>\n<p>Empilez les animaux des bois au plus haut avant qu\u2019ils ne d\u00e9gringolent ou ne les jumelent avec d\u2019autres jouets pour un jeu plus ouvert. L\u2019ensemble d\u2019animaux \u00e0 empiler de for\u00eat fait un cadeau fantastique pour un enfant en bas \u00e2ge et est examin\u00e9 sans risque pour des enfants de 1 an et plus.<\/p>\n<p>Le Toy Van est une soci\u00e9t\u00e9 anglaise de jouets fond\u00e9e en 1995 et sp\u00e9cialis\u00e9e dans les jouets traditionnels en bois de haute qualit\u00e9 dans un nouveau style contemporain. Tous les jouets sont fabriqu\u00e9s \u00e9thiquement selon des normes rigoureuses de qualit\u00e9, de s\u00e9curit\u00e9 et de durabilit\u00e9, en utilisant des mat\u00e9riaux naturels, y compris le caoutchouc-bois lisse recycl\u00e9. Ils sont test\u00e9s selon les normes de s\u00e9curit\u00e9 les plus \u00e9lev\u00e9es et sont conformes aux normes de s\u00e9curit\u00e9 EN-71 et ASTM.<\/p>\n<p>Ces jouets innovants et magnifiquement con\u00e7us encouragent l\u2019apprentissage pr\u00e9coce gr\u00e2ce \u00e0 des jeux de r\u00f4le imaginatifs, offrant de nombreuses possibilit\u00e9s de d\u00e9veloppement linguistique et social ainsi que la motricit\u00e9 fine et sont faits pour durer et \u00eatre appr\u00e9ci\u00e9s pour les g\u00e9n\u00e9rations \u00e0 venir.<\/p>\n<p>L\u2019ensemble des\u00a0animaux de la for\u00eat convient aux enfants de 18 mois et plus.<\/p>\n<p>Contenu:<\/p>\n<p>9 animaux de la for\u00eat\u00a0en bois<br \/>\n1 sac en coton pour le rangement<\/p>\n","protected":false},"excerpt":{"rendered":"<p>Num\u00e9ro d\u2019article: ltvpl087<\/p>\n<p>Les 9 animaux \u00e0 empiler de la for\u00eat en bois durable de Le Toy Van est le jouet parfait pour apprendre et d\u00e9couvrir les diff\u00e9rents animaux !<\/p>\n","protected":false},"featured_media":31407,"comment_status":"open","ping_status":"closed","template":"","meta":[],"product_brand":[],"product_cat":[208,215,13131,22032,16898,22344,17242,21257,22421,13130,13144,13152,217,5851,212],"product_tag":[18074,18077,18060,18063,18075,18064,18065,18061,18059,18062,18066],"class_list":{"0":"post-32327","1":"product","2":"type-product","3":"status-publish","4":"has-post-thumbnail","6":"product_cat-1-3-ans","7":"product_cat-3-6-ans","8":"product_cat-animaux-fermes","9":"product_cat-cadeaux-du-calendrier-de-lavent-et-de-noel","10":"product_cat-collection-automne","11":"product_cat-collections-saisonnieres","12":"product_cat-guide-cadeaux-1-3-ans","13":"product_cat-guides-cadeaux","14":"product_cat-idees-cadeaux-pour-paques","15":"product_cat-jouer","16":"product_cat-jouets-a-empiler","17":"product_cat-le-toy-van-fr","18":"product_cat-marques","19":"product_cat-nouveautes","20":"product_cat-tranche-dage","21":"product_tag-appareil-photo-en-bois-de-jouet","22":"product_tag-empileur-de-foret-en-bois-le-toy-van","23":"product_tag-jouet-durable-en-bois","24":"product_tag-jouets-bois-dhevea","25":"product_tag-jouets-de-collection-le-toy-van-honeybake","26":"product_tag-jouets-durables-en-bois","27":"product_tag-jouets-en-bois-pour-enfants","28":"product_tag-jouets-pour-bebes","29":"product_tag-le-toy-van-fr","30":"product_tag-le-toy-van-petilou-collection-jouets","31":"product_tag-meilleurs-jouets-en-bois-pour-bebes","33":"first","34":"outofstock","35":"taxable","36":"shipping-taxable","37":"purchasable","38":"product-type-simple"},"yoast_head":"<!-- This site is optimized with the Yoast SEO plugin v27.1.1 - https:\/\/yoast.com\/product\/yoast-seo-wordpress\/ -->\n<title>Les animaux de la for\u00eat en bois - Le Toy Van - Teia Education &amp; Play<\/title>\n<meta name=\"description\" content=\"Les 9 animaux \u00e0 empiler de la for\u00eat en bois durable de Le Toy Van est le jouet parfait pour apprendre et d\u00e9couvrir les diff\u00e9rents animaux !\" \/>\n<meta name=\"robots\" content=\"index, follow, max-snippet:-1, max-image-preview:large, max-video-preview:-1\" \/>\n<link rel=\"canonical\" href=\"https:\/\/teiaeducation.ch\/fr\/produit\/les-animaux-de-la-foret-en-bois-le-toy-van\/\" \/>\n<meta property=\"og:locale\" content=\"fr_FR\" \/>\n<meta property=\"og:type\" content=\"article\" \/>\n<meta property=\"og:title\" content=\"Les animaux de la for\u00eat en bois - Le Toy Van - Teia Education &amp; Play\" \/>\n<meta property=\"og:description\" content=\"Les 9 animaux \u00e0 empiler de la for\u00eat en bois durable de Le Toy Van est le jouet parfait pour apprendre et d\u00e9couvrir les diff\u00e9rents animaux !\" \/>\n<meta property=\"og:url\" content=\"https:\/\/teiaeducation.ch\/fr\/produit\/les-animaux-de-la-foret-en-bois-le-toy-van\/\" \/>\n<meta property=\"og:site_name\" content=\"Sustainable Educational Products &amp; Ecological Toys\u00a0\" \/>\n<meta property=\"article:publisher\" content=\"https:\/\/www.facebook.com\/teiaeducation\/\" \/>\n<meta property=\"article:modified_time\" content=\"2021-11-30T13:27:21+00:00\" \/>\n<meta property=\"og:image\" content=\"https:\/\/teiaeducation.ch\/wp-content\/uploads\/2020\/10\/Wooden-Forest-Stacker-Animals-Sustainable-wooden-toy-Le-Toy-Van.jpg\" \/>\n\t<meta property=\"og:image:width\" content=\"900\" \/>\n\t<meta property=\"og:image:height\" content=\"900\" \/>\n\t<meta property=\"og:image:type\" content=\"image\/jpeg\" \/>\n<script type=\"application\/ld+json\" class=\"yoast-schema-graph\">{\"@context\":\"https:\/\/schema.org\",\"@graph\":[{\"@type\":\"WebPage\",\"@id\":\"https:\/\/teiaeducation.ch\/fr\/produit\/les-animaux-de-la-foret-en-bois-le-toy-van\/\",\"url\":\"https:\/\/teiaeducation.ch\/fr\/produit\/les-animaux-de-la-foret-en-bois-le-toy-van\/\",\"name\":\"Les animaux de la for\u00eat en bois - Le Toy Van - Teia Education & Play\",\"isPartOf\":{\"@id\":\"https:\/\/teiaeducation.ch\/fr\/#website\"},\"primaryImageOfPage\":{\"@id\":\"https:\/\/teiaeducation.ch\/fr\/produit\/les-animaux-de-la-foret-en-bois-le-toy-van\/#primaryimage\"},\"image\":{\"@id\":\"https:\/\/teiaeducation.ch\/fr\/produit\/les-animaux-de-la-foret-en-bois-le-toy-van\/#primaryimage\"},\"thumbnailUrl\":\"https:\/\/teiaeducation.ch\/wp-content\/uploads\/2020\/10\/Wooden-Forest-Stacker-Animals-Sustainable-wooden-toy-Le-Toy-Van.jpg\",\"datePublished\":\"2020-10-25T14:27:57+00:00\",\"dateModified\":\"2021-11-30T13:27:21+00:00\",\"description\":\"Les 9 animaux \u00e0 empiler de la for\u00eat en bois durable de Le Toy Van est le jouet parfait pour apprendre et d\u00e9couvrir les diff\u00e9rents animaux !\",\"breadcrumb\":{\"@id\":\"https:\/\/teiaeducation.ch\/fr\/produit\/les-animaux-de-la-foret-en-bois-le-toy-van\/#breadcrumb\"},\"inLanguage\":\"fr-FR\",\"potentialAction\":[{\"@type\":\"ReadAction\",\"target\":[\"https:\/\/teiaeducation.ch\/fr\/produit\/les-animaux-de-la-foret-en-bois-le-toy-van\/\"]}]},{\"@type\":\"ImageObject\",\"inLanguage\":\"fr-FR\",\"@id\":\"https:\/\/teiaeducation.ch\/fr\/produit\/les-animaux-de-la-foret-en-bois-le-toy-van\/#primaryimage\",\"url\":\"https:\/\/teiaeducation.ch\/wp-content\/uploads\/2020\/10\/Wooden-Forest-Stacker-Animals-Sustainable-wooden-toy-Le-Toy-Van.jpg\",\"contentUrl\":\"https:\/\/teiaeducation.ch\/wp-content\/uploads\/2020\/10\/Wooden-Forest-Stacker-Animals-Sustainable-wooden-toy-Le-Toy-Van.jpg\",\"width\":900,\"height\":900,\"caption\":\"Les animeaux forestiers empileurs en bois \/ Jouet en bois durable - Le Toy Van\"},{\"@type\":\"BreadcrumbList\",\"@id\":\"https:\/\/teiaeducation.ch\/fr\/produit\/les-animaux-de-la-foret-en-bois-le-toy-van\/#breadcrumb\",\"itemListElement\":[{\"@type\":\"ListItem\",\"position\":1,\"name\":\"Home\",\"item\":\"https:\/\/teiaeducation.ch\/fr\/\"},{\"@type\":\"ListItem\",\"position\":2,\"name\":\"Boutique Teia Education &amp; Play\",\"item\":\"https:\/\/teiaeducation.ch\/fr\/boutique\/\"},{\"@type\":\"ListItem\",\"position\":3,\"name\":\"Nos Marques\",\"item\":\"https:\/\/teiaeducation.ch\/fr\/categorie-produit\/marques\/\"},{\"@type\":\"ListItem\",\"position\":4,\"name\":\"Le Toy Van\",\"item\":\"https:\/\/teiaeducation.ch\/fr\/categorie-produit\/marques\/le-toy-van-fr\/\"},{\"@type\":\"ListItem\",\"position\":5,\"name\":\"Les animaux de la for\u00eat en bois &#8211; Le Toy Van\"}]},{\"@type\":\"WebSite\",\"@id\":\"https:\/\/teiaeducation.ch\/fr\/#website\",\"url\":\"https:\/\/teiaeducation.ch\/fr\/\",\"name\":\"Sustainable Educational Products &amp; Ecological Toys\u00a0\",\"description\":\"Specialised Swiss shop selling sustainable educational toys and games, AMI certified Montessori materials, handmade ecological wooden Waldorf toys and arts &amp; crafts supplies, school supplies, children&#039;s furniture and Montessori reference and parenting books.\",\"publisher\":{\"@id\":\"https:\/\/teiaeducation.ch\/fr\/#organization\"},\"alternateName\":\"Teia Education & Play\",\"potentialAction\":[{\"@type\":\"SearchAction\",\"target\":{\"@type\":\"EntryPoint\",\"urlTemplate\":\"https:\/\/teiaeducation.ch\/fr\/?s={search_term_string}\"},\"query-input\":{\"@type\":\"PropertyValueSpecification\",\"valueRequired\":true,\"valueName\":\"search_term_string\"}}],\"inLanguage\":\"fr-FR\"},{\"@type\":\"Organization\",\"@id\":\"https:\/\/teiaeducation.ch\/fr\/#organization\",\"name\":\"Teia Education & Play\",\"url\":\"https:\/\/teiaeducation.ch\/fr\/\",\"logo\":{\"@type\":\"ImageObject\",\"inLanguage\":\"fr-FR\",\"@id\":\"https:\/\/teiaeducation.ch\/fr\/#\/schema\/logo\/image\/\",\"url\":\"https:\/\/teiaeducation.ch\/wp-content\/uploads\/2020\/11\/Teia-Education-Switzerland-e1620156442216.jpg\",\"contentUrl\":\"https:\/\/teiaeducation.ch\/wp-content\/uploads\/2020\/11\/Teia-Education-Switzerland-e1620156442216.jpg\",\"width\":166,\"height\":145,\"caption\":\"Teia Education & Play\"},\"image\":{\"@id\":\"https:\/\/teiaeducation.ch\/fr\/#\/schema\/logo\/image\/\"},\"sameAs\":[\"https:\/\/www.facebook.com\/teiaeducation\/\",\"https:\/\/x.com\/EducationTeia\",\"https:\/\/www.instagram.com\/teia.education\/\",\"https:\/\/www.linkedin.com\/company\/35501660\",\"https:\/\/www.pinterest.ch\/TeiaEducation\/\"]}]}<\/script>\n<!-- \/ Yoast SEO plugin. -->","yoast_head_json":{"title":"Les animaux de la for\u00eat en bois - Le Toy Van - Teia Education & Play","description":"Les 9 animaux \u00e0 empiler de la for\u00eat en bois durable de Le Toy Van est le jouet parfait pour apprendre et d\u00e9couvrir les diff\u00e9rents animaux !","robots":{"index":"index","follow":"follow","max-snippet":"max-snippet:-1","max-image-preview":"max-image-preview:large","max-video-preview":"max-video-preview:-1"},"canonical":"https:\/\/teiaeducation.ch\/fr\/produit\/les-animaux-de-la-foret-en-bois-le-toy-van\/","og_locale":"fr_FR","og_type":"article","og_title":"Les animaux de la for\u00eat en bois - Le Toy Van - Teia Education & Play","og_description":"Les 9 animaux \u00e0 empiler de la for\u00eat en bois durable de Le Toy Van est le jouet parfait pour apprendre et d\u00e9couvrir les diff\u00e9rents animaux !","og_url":"https:\/\/teiaeducation.ch\/fr\/produit\/les-animaux-de-la-foret-en-bois-le-toy-van\/","og_site_name":"Sustainable Educational Products &amp; Ecological Toys\u00a0","article_publisher":"https:\/\/www.facebook.com\/teiaeducation\/","article_modified_time":"2021-11-30T13:27:21+00:00","og_image":[{"width":900,"height":900,"url":"https:\/\/teiaeducation.ch\/wp-content\/uploads\/2020\/10\/Wooden-Forest-Stacker-Animals-Sustainable-wooden-toy-Le-Toy-Van.jpg","type":"image\/jpeg"}],"schema":{"@context":"https:\/\/schema.org","@graph":[{"@type":"WebPage","@id":"https:\/\/teiaeducation.ch\/fr\/produit\/les-animaux-de-la-foret-en-bois-le-toy-van\/","url":"https:\/\/teiaeducation.ch\/fr\/produit\/les-animaux-de-la-foret-en-bois-le-toy-van\/","name":"Les animaux de la for\u00eat en bois - Le Toy Van - Teia Education & Play","isPartOf":{"@id":"https:\/\/teiaeducation.ch\/fr\/#website"},"primaryImageOfPage":{"@id":"https:\/\/teiaeducation.ch\/fr\/produit\/les-animaux-de-la-foret-en-bois-le-toy-van\/#primaryimage"},"image":{"@id":"https:\/\/teiaeducation.ch\/fr\/produit\/les-animaux-de-la-foret-en-bois-le-toy-van\/#primaryimage"},"thumbnailUrl":"https:\/\/teiaeducation.ch\/wp-content\/uploads\/2020\/10\/Wooden-Forest-Stacker-Animals-Sustainable-wooden-toy-Le-Toy-Van.jpg","datePublished":"2020-10-25T14:27:57+00:00","dateModified":"2021-11-30T13:27:21+00:00","description":"Les 9 animaux \u00e0 empiler de la for\u00eat en bois durable de Le Toy Van est le jouet parfait pour apprendre et d\u00e9couvrir les diff\u00e9rents animaux !","breadcrumb":{"@id":"https:\/\/teiaeducation.ch\/fr\/produit\/les-animaux-de-la-foret-en-bois-le-toy-van\/#breadcrumb"},"inLanguage":"fr-FR","potentialAction":[{"@type":"ReadAction","target":["https:\/\/teiaeducation.ch\/fr\/produit\/les-animaux-de-la-foret-en-bois-le-toy-van\/"]}]},{"@type":"ImageObject","inLanguage":"fr-FR","@id":"https:\/\/teiaeducation.ch\/fr\/produit\/les-animaux-de-la-foret-en-bois-le-toy-van\/#primaryimage","url":"https:\/\/teiaeducation.ch\/wp-content\/uploads\/2020\/10\/Wooden-Forest-Stacker-Animals-Sustainable-wooden-toy-Le-Toy-Van.jpg","contentUrl":"https:\/\/teiaeducation.ch\/wp-content\/uploads\/2020\/10\/Wooden-Forest-Stacker-Animals-Sustainable-wooden-toy-Le-Toy-Van.jpg","width":900,"height":900,"caption":"Les animeaux forestiers empileurs en bois \/ Jouet en bois durable - Le Toy Van"},{"@type":"BreadcrumbList","@id":"https:\/\/teiaeducation.ch\/fr\/produit\/les-animaux-de-la-foret-en-bois-le-toy-van\/#breadcrumb","itemListElement":[{"@type":"ListItem","position":1,"name":"Home","item":"https:\/\/teiaeducation.ch\/fr\/"},{"@type":"ListItem","position":2,"name":"Boutique Teia Education &amp; Play","item":"https:\/\/teiaeducation.ch\/fr\/boutique\/"},{"@type":"ListItem","position":3,"name":"Nos Marques","item":"https:\/\/teiaeducation.ch\/fr\/categorie-produit\/marques\/"},{"@type":"ListItem","position":4,"name":"Le Toy Van","item":"https:\/\/teiaeducation.ch\/fr\/categorie-produit\/marques\/le-toy-van-fr\/"},{"@type":"ListItem","position":5,"name":"Les animaux de la for\u00eat en bois &#8211; Le Toy Van"}]},{"@type":"WebSite","@id":"https:\/\/teiaeducation.ch\/fr\/#website","url":"https:\/\/teiaeducation.ch\/fr\/","name":"Sustainable Educational Products &amp; Ecological Toys\u00a0","description":"Specialised Swiss shop selling sustainable educational toys and games, AMI certified Montessori materials, handmade ecological wooden Waldorf toys and arts &amp; crafts supplies, school supplies, children&#039;s furniture and Montessori reference and parenting books.","publisher":{"@id":"https:\/\/teiaeducation.ch\/fr\/#organization"},"alternateName":"Teia Education & Play","potentialAction":[{"@type":"SearchAction","target":{"@type":"EntryPoint","urlTemplate":"https:\/\/teiaeducation.ch\/fr\/?s={search_term_string}"},"query-input":{"@type":"PropertyValueSpecification","valueRequired":true,"valueName":"search_term_string"}}],"inLanguage":"fr-FR"},{"@type":"Organization","@id":"https:\/\/teiaeducation.ch\/fr\/#organization","name":"Teia Education & Play","url":"https:\/\/teiaeducation.ch\/fr\/","logo":{"@type":"ImageObject","inLanguage":"fr-FR","@id":"https:\/\/teiaeducation.ch\/fr\/#\/schema\/logo\/image\/","url":"https:\/\/teiaeducation.ch\/wp-content\/uploads\/2020\/11\/Teia-Education-Switzerland-e1620156442216.jpg","contentUrl":"https:\/\/teiaeducation.ch\/wp-content\/uploads\/2020\/11\/Teia-Education-Switzerland-e1620156442216.jpg","width":166,"height":145,"caption":"Teia Education & Play"},"image":{"@id":"https:\/\/teiaeducation.ch\/fr\/#\/schema\/logo\/image\/"},"sameAs":["https:\/\/www.facebook.com\/teiaeducation\/","https:\/\/x.com\/EducationTeia","https:\/\/www.instagram.com\/teia.education\/","https:\/\/www.linkedin.com\/company\/35501660","https:\/\/www.pinterest.ch\/TeiaEducation\/"]}]}},"_links":{"self":[{"href":"https:\/\/teiaeducation.ch\/fr\/wp-json\/wp\/v2\/product\/32327","targetHints":{"allow":["GET"]}}],"collection":[{"href":"https:\/\/teiaeducation.ch\/fr\/wp-json\/wp\/v2\/product"}],"about":[{"href":"https:\/\/teiaeducation.ch\/fr\/wp-json\/wp\/v2\/types\/product"}],"replies":[{"embeddable":true,"href":"https:\/\/teiaeducation.ch\/fr\/wp-json\/wp\/v2\/comments?post=32327"}],"wp:featuredmedia":[{"embeddable":true,"href":"https:\/\/teiaeducation.ch\/fr\/wp-json\/wp\/v2\/media\/31407"}],"wp:attachment":[{"href":"https:\/\/teiaeducation.ch\/fr\/wp-json\/wp\/v2\/media?parent=32327"}],"wp:term":[{"taxonomy":"product_brand","embeddable":true,"href":"https:\/\/teiaeducation.ch\/fr\/wp-json\/wp\/v2\/product_brand?post=32327"},{"taxonomy":"product_cat","embeddable":true,"href":"https:\/\/teiaeducation.ch\/fr\/wp-json\/wp\/v2\/product_cat?post=32327"},{"taxonomy":"product_tag","embeddable":true,"href":"https:\/\/teiaeducation.ch\/fr\/wp-json\/wp\/v2\/product_tag?post=32327"}],"curies":[{"name":"wp","href":"https:\/\/api.w.org\/{rel}","templated":true}]}}