{"id":32331,"date":"2020-10-25T14:57:01","date_gmt":"2020-10-25T13:57:01","guid":{"rendered":"https:\/\/teiaeducation.ch\/product\/camera-hollywoodienne-le-toy-van\/"},"modified":"2021-11-30T14:21:05","modified_gmt":"2021-11-30T13:21:05","slug":"camera-hollywood-en-bois-le-toy-van","status":"publish","type":"product","link":"https:\/\/teiaeducation.ch\/fr\/produit\/camera-hollywood-en-bois-le-toy-van\/","title":{"rendered":"Cam\u00e9ra Hollywood en bois &#8211; Le Toy Van"},"content":{"rendered":"<p>Cette belle cam\u00e9ra Hollywood de la collection Honeybake Le Toy Van est un jouet de cam\u00e9ra en bois de style vintage. La cam\u00e9ra deviendra le jouet pr\u00e9f\u00e9r\u00e9 de votre enfant pour un <a href=\"https:\/\/teiaeducation.ch\/fr\/categorie-produit\/jouer\/jeu-imaginatif-faire-semblant\/\">jeu de r\u00f4le<\/a> imaginatif et des heures garanties de plaisir \u00e0 cr\u00e9er, partager et tourner des histoires et des films avec des amis ou des fr\u00e8res et s\u0153urs !<\/p>\n<p>La cam\u00e9ra de film en bois mesure 15 x 14 x 18cm et a une fonction de rouages de filature sur le c\u00f4t\u00e9 qui aidera \u00e0 d\u00e9velopper des comp\u00e9tences de coordination et un objectif kal\u00e9idoscope qui va cr\u00e9er des formes dr\u00f4les et des couleurs pour une couche suppl\u00e9mentaire de d\u00e9couverte.<\/p>\n<p>Unique dans sa conception avec des illustrations d\u00e9taill\u00e9es et des fleurons de peinture dor\u00e9e, la cam\u00e9ra est \u00e9thiquement fait de bois de caoutchouc durable avec tous les bords liss\u00e9s pour un toucher s\u00fbr et doux et est peint dans des couleurs vibrantes avec de la peinture non toxique \u00e0 base d\u2019eau. La cam\u00e9ra Le Toy Van Hollywood stimule le d\u00e9veloppement de votre enfant et le design r\u00e9fl\u00e9chi avec des d\u00e9fis adapt\u00e9s \u00e0 l\u2019\u00e2ge favorise l\u2019interaction sociale et l\u2019apprentissage par le jeu imaginatif.<\/p>\n<p>Le Toy Van est une soci\u00e9t\u00e9 anglaise de jouets fond\u00e9e en 1995 et sp\u00e9cialis\u00e9e dans les jouets traditionnels en bois de haute qualit\u00e9 dans un nouveau style contemporain. Tous les jouets sont fabriqu\u00e9s \u00e9thiquement selon des normes rigoureuses de qualit\u00e9, de s\u00e9curit\u00e9 et de durabilit\u00e9, en utilisant des mat\u00e9riaux naturels, y compris le caoutchouc-bois lisse recycl\u00e9. Ils sont test\u00e9s selon les normes de s\u00e9curit\u00e9 les plus \u00e9lev\u00e9es et sont conformes aux normes de s\u00e9curit\u00e9 EN-71 et ASTM.<\/p>\n<p>Ces jouets innovants et magnifiquement con\u00e7us encouragent l\u2019apprentissage pr\u00e9coce gr\u00e2ce \u00e0 des jeux de r\u00f4le imaginatifs, offrant de nombreuses possibilit\u00e9s de d\u00e9veloppement linguistique et social ainsi que la motricit\u00e9 fine et sont faits pour durer et \u00eatre appr\u00e9ci\u00e9s pour les g\u00e9n\u00e9rations \u00e0 venir.<\/p>\n<p>La cam\u00e9ra Hollywood convient aux enfants de 3 ans et plus.<\/p>\n<p>Contenu:<\/p>\n<p>1 cam\u00e9ra en bois<\/p>\n","protected":false},"excerpt":{"rendered":"<p>Num\u00e9ro d\u2019article: ltvtv334<\/p>\n<p>Cette belle cam\u00e9ra Hollywood de Le Toy Van est un jouet durable en bois et garantit des heures de plaisir \u00e0 cr\u00e9er, partager et tourner des histoires et des films !<\/p>\n","protected":false},"featured_media":31396,"comment_status":"open","ping_status":"closed","template":"","meta":[],"product_brand":[],"product_cat":[215,17241,13130,13139,13152,217,5851,212],"product_tag":[18074,18078,18060,18063,18075,18064,18065,18061,18059,18062,18066],"class_list":{"0":"post-32331","1":"product","2":"type-product","3":"status-publish","4":"has-post-thumbnail","6":"product_cat-3-6-ans","7":"product_cat-guide-cadeaux-3-6-ans","8":"product_cat-jouer","9":"product_cat-jeu-imaginatif-faire-semblant","10":"product_cat-le-toy-van-fr","11":"product_cat-marques","12":"product_cat-nouveautes","13":"product_cat-tranche-dage","14":"product_tag-appareil-photo-en-bois-de-jouet","15":"product_tag-camera-hollywoodienne-le-toy-van","16":"product_tag-jouet-durable-en-bois","17":"product_tag-jouets-bois-dhevea","18":"product_tag-jouets-de-collection-le-toy-van-honeybake","19":"product_tag-jouets-durables-en-bois","20":"product_tag-jouets-en-bois-pour-enfants","21":"product_tag-jouets-pour-bebes","22":"product_tag-le-toy-van-fr","23":"product_tag-le-toy-van-petilou-collection-jouets","24":"product_tag-meilleurs-jouets-en-bois-pour-bebes","26":"first","27":"outofstock","28":"taxable","29":"shipping-taxable","30":"purchasable","31":"product-type-simple"},"yoast_head":"<!-- This site is optimized with the Yoast SEO plugin v27.1.1 - https:\/\/yoast.com\/product\/yoast-seo-wordpress\/ -->\n<title>Cam\u00e9ra Hollywood en bois - Le Toy Van - Teia Education &amp; Play<\/title>\n<meta name=\"description\" content=\"Cette belle cam\u00e9ra Hollywood de Le Toy Van est un jouet durable de d\u00e9veloppement d\u2019enfant en bois qui encourage le jeu de r\u00f4le imaginatif.\" \/>\n<meta name=\"robots\" content=\"index, follow, max-snippet:-1, max-image-preview:large, max-video-preview:-1\" \/>\n<link rel=\"canonical\" href=\"https:\/\/teiaeducation.ch\/fr\/produit\/camera-hollywood-en-bois-le-toy-van\/\" \/>\n<meta property=\"og:locale\" content=\"fr_FR\" \/>\n<meta property=\"og:type\" content=\"article\" \/>\n<meta property=\"og:title\" content=\"Cam\u00e9ra Hollywood en bois - Le Toy Van - Teia Education &amp; Play\" \/>\n<meta property=\"og:description\" content=\"Cette belle cam\u00e9ra Hollywood de Le Toy Van est un jouet durable de d\u00e9veloppement d\u2019enfant en bois qui encourage le jeu de r\u00f4le imaginatif.\" \/>\n<meta property=\"og:url\" content=\"https:\/\/teiaeducation.ch\/fr\/produit\/camera-hollywood-en-bois-le-toy-van\/\" \/>\n<meta property=\"og:site_name\" content=\"Sustainable Educational Products &amp; Ecological Toys\u00a0\" \/>\n<meta property=\"article:publisher\" content=\"https:\/\/www.facebook.com\/teiaeducation\/\" \/>\n<meta property=\"article:modified_time\" content=\"2021-11-30T13:21:05+00:00\" \/>\n<meta property=\"og:image\" content=\"https:\/\/teiaeducation.ch\/wp-content\/uploads\/2020\/10\/Hollywood-Film-Camera-Sustainable-wooden-toy-Le-Toy-Van.jpg\" \/>\n\t<meta property=\"og:image:width\" content=\"900\" \/>\n\t<meta property=\"og:image:height\" content=\"900\" \/>\n\t<meta property=\"og:image:type\" content=\"image\/jpeg\" \/>\n<script type=\"application\/ld+json\" class=\"yoast-schema-graph\">{\"@context\":\"https:\/\/schema.org\",\"@graph\":[{\"@type\":\"WebPage\",\"@id\":\"https:\/\/teiaeducation.ch\/fr\/produit\/camera-hollywood-en-bois-le-toy-van\/\",\"url\":\"https:\/\/teiaeducation.ch\/fr\/produit\/camera-hollywood-en-bois-le-toy-van\/\",\"name\":\"Cam\u00e9ra Hollywood en bois - Le Toy Van - Teia Education & Play\",\"isPartOf\":{\"@id\":\"https:\/\/teiaeducation.ch\/fr\/#website\"},\"primaryImageOfPage\":{\"@id\":\"https:\/\/teiaeducation.ch\/fr\/produit\/camera-hollywood-en-bois-le-toy-van\/#primaryimage\"},\"image\":{\"@id\":\"https:\/\/teiaeducation.ch\/fr\/produit\/camera-hollywood-en-bois-le-toy-van\/#primaryimage\"},\"thumbnailUrl\":\"https:\/\/teiaeducation.ch\/wp-content\/uploads\/2020\/10\/Hollywood-Film-Camera-Sustainable-wooden-toy-Le-Toy-Van.jpg\",\"datePublished\":\"2020-10-25T13:57:01+00:00\",\"dateModified\":\"2021-11-30T13:21:05+00:00\",\"description\":\"Cette belle cam\u00e9ra Hollywood de Le Toy Van est un jouet durable de d\u00e9veloppement d\u2019enfant en bois qui encourage le jeu de r\u00f4le imaginatif.\",\"breadcrumb\":{\"@id\":\"https:\/\/teiaeducation.ch\/fr\/produit\/camera-hollywood-en-bois-le-toy-van\/#breadcrumb\"},\"inLanguage\":\"fr-FR\",\"potentialAction\":[{\"@type\":\"ReadAction\",\"target\":[\"https:\/\/teiaeducation.ch\/fr\/produit\/camera-hollywood-en-bois-le-toy-van\/\"]}]},{\"@type\":\"ImageObject\",\"inLanguage\":\"fr-FR\",\"@id\":\"https:\/\/teiaeducation.ch\/fr\/produit\/camera-hollywood-en-bois-le-toy-van\/#primaryimage\",\"url\":\"https:\/\/teiaeducation.ch\/wp-content\/uploads\/2020\/10\/Hollywood-Film-Camera-Sustainable-wooden-toy-Le-Toy-Van.jpg\",\"contentUrl\":\"https:\/\/teiaeducation.ch\/wp-content\/uploads\/2020\/10\/Hollywood-Film-Camera-Sustainable-wooden-toy-Le-Toy-Van.jpg\",\"width\":900,\"height\":900,\"caption\":\"Jouet en bois durable Cam\u00e9ra Hollywood Le Toy Van\"},{\"@type\":\"BreadcrumbList\",\"@id\":\"https:\/\/teiaeducation.ch\/fr\/produit\/camera-hollywood-en-bois-le-toy-van\/#breadcrumb\",\"itemListElement\":[{\"@type\":\"ListItem\",\"position\":1,\"name\":\"Home\",\"item\":\"https:\/\/teiaeducation.ch\/fr\/\"},{\"@type\":\"ListItem\",\"position\":2,\"name\":\"Boutique Teia Education &amp; Play\",\"item\":\"https:\/\/teiaeducation.ch\/fr\/boutique\/\"},{\"@type\":\"ListItem\",\"position\":3,\"name\":\"Nos Marques\",\"item\":\"https:\/\/teiaeducation.ch\/fr\/categorie-produit\/marques\/\"},{\"@type\":\"ListItem\",\"position\":4,\"name\":\"Le Toy Van\",\"item\":\"https:\/\/teiaeducation.ch\/fr\/categorie-produit\/marques\/le-toy-van-fr\/\"},{\"@type\":\"ListItem\",\"position\":5,\"name\":\"Cam\u00e9ra Hollywood en bois &#8211; Le Toy Van\"}]},{\"@type\":\"WebSite\",\"@id\":\"https:\/\/teiaeducation.ch\/fr\/#website\",\"url\":\"https:\/\/teiaeducation.ch\/fr\/\",\"name\":\"Sustainable Educational Products &amp; Ecological Toys\u00a0\",\"description\":\"Specialised Swiss shop selling sustainable educational toys and games, AMI certified Montessori materials, handmade ecological wooden Waldorf toys and arts &amp; crafts supplies, school supplies, children&#039;s furniture and Montessori reference and parenting books.\",\"publisher\":{\"@id\":\"https:\/\/teiaeducation.ch\/fr\/#organization\"},\"alternateName\":\"Teia Education & Play\",\"potentialAction\":[{\"@type\":\"SearchAction\",\"target\":{\"@type\":\"EntryPoint\",\"urlTemplate\":\"https:\/\/teiaeducation.ch\/fr\/?s={search_term_string}\"},\"query-input\":{\"@type\":\"PropertyValueSpecification\",\"valueRequired\":true,\"valueName\":\"search_term_string\"}}],\"inLanguage\":\"fr-FR\"},{\"@type\":\"Organization\",\"@id\":\"https:\/\/teiaeducation.ch\/fr\/#organization\",\"name\":\"Teia Education & Play\",\"url\":\"https:\/\/teiaeducation.ch\/fr\/\",\"logo\":{\"@type\":\"ImageObject\",\"inLanguage\":\"fr-FR\",\"@id\":\"https:\/\/teiaeducation.ch\/fr\/#\/schema\/logo\/image\/\",\"url\":\"https:\/\/teiaeducation.ch\/wp-content\/uploads\/2020\/11\/Teia-Education-Switzerland-e1620156442216.jpg\",\"contentUrl\":\"https:\/\/teiaeducation.ch\/wp-content\/uploads\/2020\/11\/Teia-Education-Switzerland-e1620156442216.jpg\",\"width\":166,\"height\":145,\"caption\":\"Teia Education & Play\"},\"image\":{\"@id\":\"https:\/\/teiaeducation.ch\/fr\/#\/schema\/logo\/image\/\"},\"sameAs\":[\"https:\/\/www.facebook.com\/teiaeducation\/\",\"https:\/\/x.com\/EducationTeia\",\"https:\/\/www.instagram.com\/teia.education\/\",\"https:\/\/www.linkedin.com\/company\/35501660\",\"https:\/\/www.pinterest.ch\/TeiaEducation\/\"]}]}<\/script>\n<!-- \/ Yoast SEO plugin. -->","yoast_head_json":{"title":"Cam\u00e9ra Hollywood en bois - Le Toy Van - Teia Education & Play","description":"Cette belle cam\u00e9ra Hollywood de Le Toy Van est un jouet durable de d\u00e9veloppement d\u2019enfant en bois qui encourage le jeu de r\u00f4le imaginatif.","robots":{"index":"index","follow":"follow","max-snippet":"max-snippet:-1","max-image-preview":"max-image-preview:large","max-video-preview":"max-video-preview:-1"},"canonical":"https:\/\/teiaeducation.ch\/fr\/produit\/camera-hollywood-en-bois-le-toy-van\/","og_locale":"fr_FR","og_type":"article","og_title":"Cam\u00e9ra Hollywood en bois - Le Toy Van - Teia Education & Play","og_description":"Cette belle cam\u00e9ra Hollywood de Le Toy Van est un jouet durable de d\u00e9veloppement d\u2019enfant en bois qui encourage le jeu de r\u00f4le imaginatif.","og_url":"https:\/\/teiaeducation.ch\/fr\/produit\/camera-hollywood-en-bois-le-toy-van\/","og_site_name":"Sustainable Educational Products &amp; Ecological Toys\u00a0","article_publisher":"https:\/\/www.facebook.com\/teiaeducation\/","article_modified_time":"2021-11-30T13:21:05+00:00","og_image":[{"width":900,"height":900,"url":"https:\/\/teiaeducation.ch\/wp-content\/uploads\/2020\/10\/Hollywood-Film-Camera-Sustainable-wooden-toy-Le-Toy-Van.jpg","type":"image\/jpeg"}],"schema":{"@context":"https:\/\/schema.org","@graph":[{"@type":"WebPage","@id":"https:\/\/teiaeducation.ch\/fr\/produit\/camera-hollywood-en-bois-le-toy-van\/","url":"https:\/\/teiaeducation.ch\/fr\/produit\/camera-hollywood-en-bois-le-toy-van\/","name":"Cam\u00e9ra Hollywood en bois - Le Toy Van - Teia Education & Play","isPartOf":{"@id":"https:\/\/teiaeducation.ch\/fr\/#website"},"primaryImageOfPage":{"@id":"https:\/\/teiaeducation.ch\/fr\/produit\/camera-hollywood-en-bois-le-toy-van\/#primaryimage"},"image":{"@id":"https:\/\/teiaeducation.ch\/fr\/produit\/camera-hollywood-en-bois-le-toy-van\/#primaryimage"},"thumbnailUrl":"https:\/\/teiaeducation.ch\/wp-content\/uploads\/2020\/10\/Hollywood-Film-Camera-Sustainable-wooden-toy-Le-Toy-Van.jpg","datePublished":"2020-10-25T13:57:01+00:00","dateModified":"2021-11-30T13:21:05+00:00","description":"Cette belle cam\u00e9ra Hollywood de Le Toy Van est un jouet durable de d\u00e9veloppement d\u2019enfant en bois qui encourage le jeu de r\u00f4le imaginatif.","breadcrumb":{"@id":"https:\/\/teiaeducation.ch\/fr\/produit\/camera-hollywood-en-bois-le-toy-van\/#breadcrumb"},"inLanguage":"fr-FR","potentialAction":[{"@type":"ReadAction","target":["https:\/\/teiaeducation.ch\/fr\/produit\/camera-hollywood-en-bois-le-toy-van\/"]}]},{"@type":"ImageObject","inLanguage":"fr-FR","@id":"https:\/\/teiaeducation.ch\/fr\/produit\/camera-hollywood-en-bois-le-toy-van\/#primaryimage","url":"https:\/\/teiaeducation.ch\/wp-content\/uploads\/2020\/10\/Hollywood-Film-Camera-Sustainable-wooden-toy-Le-Toy-Van.jpg","contentUrl":"https:\/\/teiaeducation.ch\/wp-content\/uploads\/2020\/10\/Hollywood-Film-Camera-Sustainable-wooden-toy-Le-Toy-Van.jpg","width":900,"height":900,"caption":"Jouet en bois durable Cam\u00e9ra Hollywood Le Toy Van"},{"@type":"BreadcrumbList","@id":"https:\/\/teiaeducation.ch\/fr\/produit\/camera-hollywood-en-bois-le-toy-van\/#breadcrumb","itemListElement":[{"@type":"ListItem","position":1,"name":"Home","item":"https:\/\/teiaeducation.ch\/fr\/"},{"@type":"ListItem","position":2,"name":"Boutique Teia Education &amp; Play","item":"https:\/\/teiaeducation.ch\/fr\/boutique\/"},{"@type":"ListItem","position":3,"name":"Nos Marques","item":"https:\/\/teiaeducation.ch\/fr\/categorie-produit\/marques\/"},{"@type":"ListItem","position":4,"name":"Le Toy Van","item":"https:\/\/teiaeducation.ch\/fr\/categorie-produit\/marques\/le-toy-van-fr\/"},{"@type":"ListItem","position":5,"name":"Cam\u00e9ra Hollywood en bois &#8211; Le Toy Van"}]},{"@type":"WebSite","@id":"https:\/\/teiaeducation.ch\/fr\/#website","url":"https:\/\/teiaeducation.ch\/fr\/","name":"Sustainable Educational Products &amp; Ecological Toys\u00a0","description":"Specialised Swiss shop selling sustainable educational toys and games, AMI certified Montessori materials, handmade ecological wooden Waldorf toys and arts &amp; crafts supplies, school supplies, children&#039;s furniture and Montessori reference and parenting books.","publisher":{"@id":"https:\/\/teiaeducation.ch\/fr\/#organization"},"alternateName":"Teia Education & Play","potentialAction":[{"@type":"SearchAction","target":{"@type":"EntryPoint","urlTemplate":"https:\/\/teiaeducation.ch\/fr\/?s={search_term_string}"},"query-input":{"@type":"PropertyValueSpecification","valueRequired":true,"valueName":"search_term_string"}}],"inLanguage":"fr-FR"},{"@type":"Organization","@id":"https:\/\/teiaeducation.ch\/fr\/#organization","name":"Teia Education & Play","url":"https:\/\/teiaeducation.ch\/fr\/","logo":{"@type":"ImageObject","inLanguage":"fr-FR","@id":"https:\/\/teiaeducation.ch\/fr\/#\/schema\/logo\/image\/","url":"https:\/\/teiaeducation.ch\/wp-content\/uploads\/2020\/11\/Teia-Education-Switzerland-e1620156442216.jpg","contentUrl":"https:\/\/teiaeducation.ch\/wp-content\/uploads\/2020\/11\/Teia-Education-Switzerland-e1620156442216.jpg","width":166,"height":145,"caption":"Teia Education & Play"},"image":{"@id":"https:\/\/teiaeducation.ch\/fr\/#\/schema\/logo\/image\/"},"sameAs":["https:\/\/www.facebook.com\/teiaeducation\/","https:\/\/x.com\/EducationTeia","https:\/\/www.instagram.com\/teia.education\/","https:\/\/www.linkedin.com\/company\/35501660","https:\/\/www.pinterest.ch\/TeiaEducation\/"]}]}},"_links":{"self":[{"href":"https:\/\/teiaeducation.ch\/fr\/wp-json\/wp\/v2\/product\/32331","targetHints":{"allow":["GET"]}}],"collection":[{"href":"https:\/\/teiaeducation.ch\/fr\/wp-json\/wp\/v2\/product"}],"about":[{"href":"https:\/\/teiaeducation.ch\/fr\/wp-json\/wp\/v2\/types\/product"}],"replies":[{"embeddable":true,"href":"https:\/\/teiaeducation.ch\/fr\/wp-json\/wp\/v2\/comments?post=32331"}],"wp:featuredmedia":[{"embeddable":true,"href":"https:\/\/teiaeducation.ch\/fr\/wp-json\/wp\/v2\/media\/31396"}],"wp:attachment":[{"href":"https:\/\/teiaeducation.ch\/fr\/wp-json\/wp\/v2\/media?parent=32331"}],"wp:term":[{"taxonomy":"product_brand","embeddable":true,"href":"https:\/\/teiaeducation.ch\/fr\/wp-json\/wp\/v2\/product_brand?post=32331"},{"taxonomy":"product_cat","embeddable":true,"href":"https:\/\/teiaeducation.ch\/fr\/wp-json\/wp\/v2\/product_cat?post=32331"},{"taxonomy":"product_tag","embeddable":true,"href":"https:\/\/teiaeducation.ch\/fr\/wp-json\/wp\/v2\/product_tag?post=32331"}],"curies":[{"name":"wp","href":"https:\/\/api.w.org\/{rel}","templated":true}]}}