{"id":32337,"date":"2020-10-25T13:40:29","date_gmt":"2020-10-25T12:40:29","guid":{"rendered":"https:\/\/teiaeducation.ch\/product\/kit-medical-du-medecin-le-toy-van\/"},"modified":"2021-11-30T14:18:31","modified_gmt":"2021-11-30T13:18:31","slug":"ma-malette-de-docteur-le-toy-van","status":"publish","type":"product","link":"https:\/\/teiaeducation.ch\/fr\/produit\/ma-malette-de-docteur-le-toy-van\/","title":{"rendered":"Ma malette de docteur &#8211; Le Toy Van"},"content":{"rendered":"<p>Cette belle malette m\u00e9dicale de docteur de la collection Honeybake Le Toy Van est un jouet en bois durable et contient des instruments m\u00e9dicaux et des bouteilles en bois. Le sac en tissu contient tout ce dont un m\u00e9decin a besoin et est rempli d\u2019un st\u00e9thoscope, thermom\u00e8tre, seringue, jauge de pression art\u00e9rielle, port\u00e9e de l\u2019oreille, marteau r\u00e9flexe, ciseaux et deux bouteilles de m\u00e9dicaments. Toutes les pi\u00e8ces de cet ensemble <a href=\"https:\/\/teiaeducation.ch\/fr\/categorie-produit\/jouer\/jeu-imaginatif-faire-semblant\/\">imaginatif<\/a> et de jeu de r\u00f4le sont fabriqu\u00e9s \u00e0 partir de bois de caoutchouc durable.<\/p>\n<p>Cet ensemble de jeu ouvert de docteur inspire le r\u00e9cit amusant et cr\u00e9atif et d\u00e9veloppe des comp\u00e9tences sociales de la parole \u00e0 la prise de comp\u00e9tences. Sa conception neutre en mati\u00e8re de genre fait un beaux jouet pour un enfant de 3 ans, un cadeau d\u2019anniversaire parfait ou tout simplement pour pour divertir les enfants.<\/p>\n<p>La malette docteur Le Toy Van a remport\u00e9 le Dr. Toys Award 2016, le SlowToy Award 2014, le Junior Design Award 2014 et a \u00e9t\u00e9 recommand\u00e9 par les experts de Fundamentally Children en 2016.<\/p>\n<p>Chaque instrument m\u00e9dical en bois et bouteille a \u00e9t\u00e9 peint dans des couleurs vibrantes et magnifiquement fabriqu\u00e9s \u00e0 partir de bois de caoutchouc, et tous les bords sont lisses pour un toucher s\u00fbr et doux. La malette de docteur de Le Toy Van stimule le d\u00e9veloppement de votre enfant et la conception r\u00e9fl\u00e9chie avec des d\u00e9fis adapt\u00e9s \u00e0 l\u2019\u00e2ge favorise l\u2019interaction sociale et l\u2019apprentissage par le jeu imaginatif.<\/p>\n<p>Le Toy Van est une soci\u00e9t\u00e9 anglaise de jouets fond\u00e9e en 1995 et sp\u00e9cialis\u00e9e dans les jouets traditionnels en bois de haute qualit\u00e9 dans un style contemporain. Tous les jouets sont fabriqu\u00e9s \u00e9thiquement selon des normes rigoureuses de qualit\u00e9, de s\u00e9curit\u00e9 et de durabilit\u00e9, en utilisant des mat\u00e9riaux naturels, y compris le caoutchouc-bois lisse recycl\u00e9. Ils sont test\u00e9s selon les normes de s\u00e9curit\u00e9 les plus \u00e9lev\u00e9es et sont conformes aux normes de s\u00e9curit\u00e9 EN-71 et ASTM.<\/p>\n<p>Ces jouets innovants et magnifiquement con\u00e7us encouragent l\u2019apprentissage pr\u00e9coce gr\u00e2ce \u00e0 des jeux de r\u00f4le imaginatifs, offrant de nombreuses possibilit\u00e9s de d\u00e9veloppement linguistique et social ainsi que la motricit\u00e9 fine et sont faits pour durer et \u00eatre appr\u00e9ci\u00e9s pour les g\u00e9n\u00e9rations \u00e0 venir.<\/p>\n<p>La malette de docteur convient aux enfants \u00e2g\u00e9s de 3 ans et plus.<\/p>\n<p>Contenu:<\/p>\n<p>9 pi\u00e8ces en bois<br \/>\n1 sac de m\u00e9decin en tissu de style vintage<\/p>\n","protected":false},"excerpt":{"rendered":"<p>Num\u00e9ro d\u2019article: ltvtv292<\/p>\n<p>Cette malette docteur de la collection Honeybake Le Toy Van contient des instruments m\u00e9dicaux et des bouteilles est un jouet en bois durable qui encourage le jeu de r\u00f4le imaginatif.<\/p>\n","protected":false},"featured_media":31387,"comment_status":"open","ping_status":"closed","template":"","meta":[],"product_brand":[],"product_cat":[215,284,283,17241,13130,291,13139,13152,217,5851,212],"product_tag":[18060,18063,18075,18064,18065,18061,18079,18059,18062,18066],"class_list":{"0":"post-32337","1":"product","2":"type-product","3":"status-publish","4":"has-post-thumbnail","6":"product_cat-3-6-ans","7":"product_cat-culture-sciences","8":"product_cat-domaines-du-curriculum","9":"product_cat-guide-cadeaux-3-6-ans","10":"product_cat-jouer","11":"product_cat-la-vie-pratique","12":"product_cat-jeu-imaginatif-faire-semblant","13":"product_cat-le-toy-van-fr","14":"product_cat-marques","15":"product_cat-nouveautes","16":"product_cat-tranche-dage","17":"product_tag-jouet-durable-en-bois","18":"product_tag-jouets-bois-dhevea","19":"product_tag-jouets-de-collection-le-toy-van-honeybake","20":"product_tag-jouets-durables-en-bois","21":"product_tag-jouets-en-bois-pour-enfants","22":"product_tag-jouets-pour-bebes","23":"product_tag-kit-medical-du-medecin-le-toy-van","24":"product_tag-le-toy-van-fr","25":"product_tag-le-toy-van-petilou-collection-jouets","26":"product_tag-meilleurs-jouets-en-bois-pour-bebes","28":"first","29":"instock","30":"taxable","31":"shipping-taxable","32":"purchasable","33":"product-type-simple"},"yoast_head":"<!-- This site is optimized with the Yoast SEO plugin v27.1.1 - https:\/\/yoast.com\/product\/yoast-seo-wordpress\/ -->\n<title>Ma malette de docteur - Le Toy Van - Teia Education &amp; Play<\/title>\n<meta name=\"description\" content=\"Cette malette docteur de Le Toy Van est un jouet en bois durable de d\u00e9veloppement de l\u2019enfant qui encourage le jeu de r\u00f4le imaginatif.\" \/>\n<meta name=\"robots\" content=\"index, follow, max-snippet:-1, max-image-preview:large, max-video-preview:-1\" \/>\n<link rel=\"canonical\" href=\"https:\/\/teiaeducation.ch\/fr\/produit\/ma-malette-de-docteur-le-toy-van\/\" \/>\n<meta property=\"og:locale\" content=\"fr_FR\" \/>\n<meta property=\"og:type\" content=\"article\" \/>\n<meta property=\"og:title\" content=\"Ma malette de docteur - Le Toy Van - Teia Education &amp; Play\" \/>\n<meta property=\"og:description\" content=\"Cette malette docteur de Le Toy Van est un jouet en bois durable de d\u00e9veloppement de l\u2019enfant qui encourage le jeu de r\u00f4le imaginatif.\" \/>\n<meta property=\"og:url\" content=\"https:\/\/teiaeducation.ch\/fr\/produit\/ma-malette-de-docteur-le-toy-van\/\" \/>\n<meta property=\"og:site_name\" content=\"Sustainable Educational Products &amp; Ecological Toys\u00a0\" \/>\n<meta property=\"article:publisher\" content=\"https:\/\/www.facebook.com\/teiaeducation\/\" \/>\n<meta property=\"article:modified_time\" content=\"2021-11-30T13:18:31+00:00\" \/>\n<meta property=\"og:image\" content=\"https:\/\/teiaeducation.ch\/wp-content\/uploads\/2020\/10\/Doctors-Medical-Kit-Sustainable-wooden-toy-Le-Toy-Van.jpg\" \/>\n\t<meta property=\"og:image:width\" content=\"900\" \/>\n\t<meta property=\"og:image:height\" content=\"900\" \/>\n\t<meta property=\"og:image:type\" content=\"image\/jpeg\" \/>\n<script type=\"application\/ld+json\" class=\"yoast-schema-graph\">{\"@context\":\"https:\/\/schema.org\",\"@graph\":[{\"@type\":\"WebPage\",\"@id\":\"https:\/\/teiaeducation.ch\/fr\/produit\/ma-malette-de-docteur-le-toy-van\/\",\"url\":\"https:\/\/teiaeducation.ch\/fr\/produit\/ma-malette-de-docteur-le-toy-van\/\",\"name\":\"Ma malette de docteur - Le Toy Van - Teia Education & Play\",\"isPartOf\":{\"@id\":\"https:\/\/teiaeducation.ch\/fr\/#website\"},\"primaryImageOfPage\":{\"@id\":\"https:\/\/teiaeducation.ch\/fr\/produit\/ma-malette-de-docteur-le-toy-van\/#primaryimage\"},\"image\":{\"@id\":\"https:\/\/teiaeducation.ch\/fr\/produit\/ma-malette-de-docteur-le-toy-van\/#primaryimage\"},\"thumbnailUrl\":\"https:\/\/teiaeducation.ch\/wp-content\/uploads\/2020\/10\/Doctors-Medical-Kit-Sustainable-wooden-toy-Le-Toy-Van.jpg\",\"datePublished\":\"2020-10-25T12:40:29+00:00\",\"dateModified\":\"2021-11-30T13:18:31+00:00\",\"description\":\"Cette malette docteur de Le Toy Van est un jouet en bois durable de d\u00e9veloppement de l\u2019enfant qui encourage le jeu de r\u00f4le imaginatif.\",\"breadcrumb\":{\"@id\":\"https:\/\/teiaeducation.ch\/fr\/produit\/ma-malette-de-docteur-le-toy-van\/#breadcrumb\"},\"inLanguage\":\"fr-FR\",\"potentialAction\":[{\"@type\":\"ReadAction\",\"target\":[\"https:\/\/teiaeducation.ch\/fr\/produit\/ma-malette-de-docteur-le-toy-van\/\"]}]},{\"@type\":\"ImageObject\",\"inLanguage\":\"fr-FR\",\"@id\":\"https:\/\/teiaeducation.ch\/fr\/produit\/ma-malette-de-docteur-le-toy-van\/#primaryimage\",\"url\":\"https:\/\/teiaeducation.ch\/wp-content\/uploads\/2020\/10\/Doctors-Medical-Kit-Sustainable-wooden-toy-Le-Toy-Van.jpg\",\"contentUrl\":\"https:\/\/teiaeducation.ch\/wp-content\/uploads\/2020\/10\/Doctors-Medical-Kit-Sustainable-wooden-toy-Le-Toy-Van.jpg\",\"width\":900,\"height\":900,\"caption\":\"Jouet en bois durable Ma malette docteur - Le Toy Van\"},{\"@type\":\"BreadcrumbList\",\"@id\":\"https:\/\/teiaeducation.ch\/fr\/produit\/ma-malette-de-docteur-le-toy-van\/#breadcrumb\",\"itemListElement\":[{\"@type\":\"ListItem\",\"position\":1,\"name\":\"Home\",\"item\":\"https:\/\/teiaeducation.ch\/fr\/\"},{\"@type\":\"ListItem\",\"position\":2,\"name\":\"Boutique Teia Education &amp; Play\",\"item\":\"https:\/\/teiaeducation.ch\/fr\/boutique\/\"},{\"@type\":\"ListItem\",\"position\":3,\"name\":\"Tranche d'\u00c2ge\",\"item\":\"https:\/\/teiaeducation.ch\/fr\/categorie-produit\/tranche-dage\/\"},{\"@type\":\"ListItem\",\"position\":4,\"name\":\"3-6 Ans Maternelle\",\"item\":\"https:\/\/teiaeducation.ch\/fr\/categorie-produit\/tranche-dage\/3-6-ans\/\"},{\"@type\":\"ListItem\",\"position\":5,\"name\":\"Ma malette de docteur &#8211; Le Toy Van\"}]},{\"@type\":\"WebSite\",\"@id\":\"https:\/\/teiaeducation.ch\/fr\/#website\",\"url\":\"https:\/\/teiaeducation.ch\/fr\/\",\"name\":\"Sustainable Educational Products &amp; Ecological Toys\u00a0\",\"description\":\"Specialised Swiss shop selling sustainable educational toys and games, AMI certified Montessori materials, handmade ecological wooden Waldorf toys and arts &amp; crafts supplies, school supplies, children&#039;s furniture and Montessori reference and parenting books.\",\"publisher\":{\"@id\":\"https:\/\/teiaeducation.ch\/fr\/#organization\"},\"alternateName\":\"Teia Education & Play\",\"potentialAction\":[{\"@type\":\"SearchAction\",\"target\":{\"@type\":\"EntryPoint\",\"urlTemplate\":\"https:\/\/teiaeducation.ch\/fr\/?s={search_term_string}\"},\"query-input\":{\"@type\":\"PropertyValueSpecification\",\"valueRequired\":true,\"valueName\":\"search_term_string\"}}],\"inLanguage\":\"fr-FR\"},{\"@type\":\"Organization\",\"@id\":\"https:\/\/teiaeducation.ch\/fr\/#organization\",\"name\":\"Teia Education & Play\",\"url\":\"https:\/\/teiaeducation.ch\/fr\/\",\"logo\":{\"@type\":\"ImageObject\",\"inLanguage\":\"fr-FR\",\"@id\":\"https:\/\/teiaeducation.ch\/fr\/#\/schema\/logo\/image\/\",\"url\":\"https:\/\/teiaeducation.ch\/wp-content\/uploads\/2020\/11\/Teia-Education-Switzerland-e1620156442216.jpg\",\"contentUrl\":\"https:\/\/teiaeducation.ch\/wp-content\/uploads\/2020\/11\/Teia-Education-Switzerland-e1620156442216.jpg\",\"width\":166,\"height\":145,\"caption\":\"Teia Education & Play\"},\"image\":{\"@id\":\"https:\/\/teiaeducation.ch\/fr\/#\/schema\/logo\/image\/\"},\"sameAs\":[\"https:\/\/www.facebook.com\/teiaeducation\/\",\"https:\/\/x.com\/EducationTeia\",\"https:\/\/www.instagram.com\/teia.education\/\",\"https:\/\/www.linkedin.com\/company\/35501660\",\"https:\/\/www.pinterest.ch\/TeiaEducation\/\"]}]}<\/script>\n<!-- \/ Yoast SEO plugin. -->","yoast_head_json":{"title":"Ma malette de docteur - Le Toy Van - Teia Education & Play","description":"Cette malette docteur de Le Toy Van est un jouet en bois durable de d\u00e9veloppement de l\u2019enfant qui encourage le jeu de r\u00f4le imaginatif.","robots":{"index":"index","follow":"follow","max-snippet":"max-snippet:-1","max-image-preview":"max-image-preview:large","max-video-preview":"max-video-preview:-1"},"canonical":"https:\/\/teiaeducation.ch\/fr\/produit\/ma-malette-de-docteur-le-toy-van\/","og_locale":"fr_FR","og_type":"article","og_title":"Ma malette de docteur - Le Toy Van - Teia Education & Play","og_description":"Cette malette docteur de Le Toy Van est un jouet en bois durable de d\u00e9veloppement de l\u2019enfant qui encourage le jeu de r\u00f4le imaginatif.","og_url":"https:\/\/teiaeducation.ch\/fr\/produit\/ma-malette-de-docteur-le-toy-van\/","og_site_name":"Sustainable Educational Products &amp; Ecological Toys\u00a0","article_publisher":"https:\/\/www.facebook.com\/teiaeducation\/","article_modified_time":"2021-11-30T13:18:31+00:00","og_image":[{"width":900,"height":900,"url":"https:\/\/teiaeducation.ch\/wp-content\/uploads\/2020\/10\/Doctors-Medical-Kit-Sustainable-wooden-toy-Le-Toy-Van.jpg","type":"image\/jpeg"}],"schema":{"@context":"https:\/\/schema.org","@graph":[{"@type":"WebPage","@id":"https:\/\/teiaeducation.ch\/fr\/produit\/ma-malette-de-docteur-le-toy-van\/","url":"https:\/\/teiaeducation.ch\/fr\/produit\/ma-malette-de-docteur-le-toy-van\/","name":"Ma malette de docteur - Le Toy Van - Teia Education & Play","isPartOf":{"@id":"https:\/\/teiaeducation.ch\/fr\/#website"},"primaryImageOfPage":{"@id":"https:\/\/teiaeducation.ch\/fr\/produit\/ma-malette-de-docteur-le-toy-van\/#primaryimage"},"image":{"@id":"https:\/\/teiaeducation.ch\/fr\/produit\/ma-malette-de-docteur-le-toy-van\/#primaryimage"},"thumbnailUrl":"https:\/\/teiaeducation.ch\/wp-content\/uploads\/2020\/10\/Doctors-Medical-Kit-Sustainable-wooden-toy-Le-Toy-Van.jpg","datePublished":"2020-10-25T12:40:29+00:00","dateModified":"2021-11-30T13:18:31+00:00","description":"Cette malette docteur de Le Toy Van est un jouet en bois durable de d\u00e9veloppement de l\u2019enfant qui encourage le jeu de r\u00f4le imaginatif.","breadcrumb":{"@id":"https:\/\/teiaeducation.ch\/fr\/produit\/ma-malette-de-docteur-le-toy-van\/#breadcrumb"},"inLanguage":"fr-FR","potentialAction":[{"@type":"ReadAction","target":["https:\/\/teiaeducation.ch\/fr\/produit\/ma-malette-de-docteur-le-toy-van\/"]}]},{"@type":"ImageObject","inLanguage":"fr-FR","@id":"https:\/\/teiaeducation.ch\/fr\/produit\/ma-malette-de-docteur-le-toy-van\/#primaryimage","url":"https:\/\/teiaeducation.ch\/wp-content\/uploads\/2020\/10\/Doctors-Medical-Kit-Sustainable-wooden-toy-Le-Toy-Van.jpg","contentUrl":"https:\/\/teiaeducation.ch\/wp-content\/uploads\/2020\/10\/Doctors-Medical-Kit-Sustainable-wooden-toy-Le-Toy-Van.jpg","width":900,"height":900,"caption":"Jouet en bois durable Ma malette docteur - Le Toy Van"},{"@type":"BreadcrumbList","@id":"https:\/\/teiaeducation.ch\/fr\/produit\/ma-malette-de-docteur-le-toy-van\/#breadcrumb","itemListElement":[{"@type":"ListItem","position":1,"name":"Home","item":"https:\/\/teiaeducation.ch\/fr\/"},{"@type":"ListItem","position":2,"name":"Boutique Teia Education &amp; Play","item":"https:\/\/teiaeducation.ch\/fr\/boutique\/"},{"@type":"ListItem","position":3,"name":"Tranche d'\u00c2ge","item":"https:\/\/teiaeducation.ch\/fr\/categorie-produit\/tranche-dage\/"},{"@type":"ListItem","position":4,"name":"3-6 Ans Maternelle","item":"https:\/\/teiaeducation.ch\/fr\/categorie-produit\/tranche-dage\/3-6-ans\/"},{"@type":"ListItem","position":5,"name":"Ma malette de docteur &#8211; Le Toy Van"}]},{"@type":"WebSite","@id":"https:\/\/teiaeducation.ch\/fr\/#website","url":"https:\/\/teiaeducation.ch\/fr\/","name":"Sustainable Educational Products &amp; Ecological Toys\u00a0","description":"Specialised Swiss shop selling sustainable educational toys and games, AMI certified Montessori materials, handmade ecological wooden Waldorf toys and arts &amp; crafts supplies, school supplies, children&#039;s furniture and Montessori reference and parenting books.","publisher":{"@id":"https:\/\/teiaeducation.ch\/fr\/#organization"},"alternateName":"Teia Education & Play","potentialAction":[{"@type":"SearchAction","target":{"@type":"EntryPoint","urlTemplate":"https:\/\/teiaeducation.ch\/fr\/?s={search_term_string}"},"query-input":{"@type":"PropertyValueSpecification","valueRequired":true,"valueName":"search_term_string"}}],"inLanguage":"fr-FR"},{"@type":"Organization","@id":"https:\/\/teiaeducation.ch\/fr\/#organization","name":"Teia Education & Play","url":"https:\/\/teiaeducation.ch\/fr\/","logo":{"@type":"ImageObject","inLanguage":"fr-FR","@id":"https:\/\/teiaeducation.ch\/fr\/#\/schema\/logo\/image\/","url":"https:\/\/teiaeducation.ch\/wp-content\/uploads\/2020\/11\/Teia-Education-Switzerland-e1620156442216.jpg","contentUrl":"https:\/\/teiaeducation.ch\/wp-content\/uploads\/2020\/11\/Teia-Education-Switzerland-e1620156442216.jpg","width":166,"height":145,"caption":"Teia Education & Play"},"image":{"@id":"https:\/\/teiaeducation.ch\/fr\/#\/schema\/logo\/image\/"},"sameAs":["https:\/\/www.facebook.com\/teiaeducation\/","https:\/\/x.com\/EducationTeia","https:\/\/www.instagram.com\/teia.education\/","https:\/\/www.linkedin.com\/company\/35501660","https:\/\/www.pinterest.ch\/TeiaEducation\/"]}]}},"_links":{"self":[{"href":"https:\/\/teiaeducation.ch\/fr\/wp-json\/wp\/v2\/product\/32337","targetHints":{"allow":["GET"]}}],"collection":[{"href":"https:\/\/teiaeducation.ch\/fr\/wp-json\/wp\/v2\/product"}],"about":[{"href":"https:\/\/teiaeducation.ch\/fr\/wp-json\/wp\/v2\/types\/product"}],"replies":[{"embeddable":true,"href":"https:\/\/teiaeducation.ch\/fr\/wp-json\/wp\/v2\/comments?post=32337"}],"wp:featuredmedia":[{"embeddable":true,"href":"https:\/\/teiaeducation.ch\/fr\/wp-json\/wp\/v2\/media\/31387"}],"wp:attachment":[{"href":"https:\/\/teiaeducation.ch\/fr\/wp-json\/wp\/v2\/media?parent=32337"}],"wp:term":[{"taxonomy":"product_brand","embeddable":true,"href":"https:\/\/teiaeducation.ch\/fr\/wp-json\/wp\/v2\/product_brand?post=32337"},{"taxonomy":"product_cat","embeddable":true,"href":"https:\/\/teiaeducation.ch\/fr\/wp-json\/wp\/v2\/product_cat?post=32337"},{"taxonomy":"product_tag","embeddable":true,"href":"https:\/\/teiaeducation.ch\/fr\/wp-json\/wp\/v2\/product_tag?post=32337"}],"curies":[{"name":"wp","href":"https:\/\/api.w.org\/{rel}","templated":true}]}}