{"id":32370,"date":"2020-10-24T22:19:48","date_gmt":"2020-10-24T20:19:48","guid":{"rendered":"https:\/\/teiaeducation.ch\/product\/jeu-de-peche-en-bois-le-toy-van\/"},"modified":"2022-11-03T12:33:53","modified_gmt":"2022-11-03T11:33:53","slug":"bois-peche-jeu-le-jouet-van","status":"publish","type":"product","link":"https:\/\/teiaeducation.ch\/fr\/produit\/bois-peche-jeu-le-jouet-van\/","title":{"rendered":"Jeu de p\u00eache en bois &#8211; Le Toy Van"},"content":{"rendered":"<p>Ce beau jeu de p\u00eache de Le Toy Van est un jouet en bois durable\u00a0et\u00a0contient dix pi\u00e8ces magn\u00e9tique avec des tr\u00e9sors et des cr\u00e9atures marines et 2 cannes \u00e0 p\u00eache color\u00e9es. C&#8217;est un jeu merveilleux qui consiste \u00e0 trouver des tr\u00e9sors de haute mer et le coffre au tr\u00e9sor tout en fournissant beaucoup de plaisir ! Le jeu peut \u00eatre dispers\u00e9 sur le sol, ou utilis\u00e9 dans la bo\u00eete-cadeau illustr\u00e9e et jet\u00e9 avec les cannes \u00e0 p\u00eache.<\/p>\n<p>Une fiche d\u2019instructions a \u00e9t\u00e9 incluse et d\u00e9taille les r\u00e8gles ainsi que la valeur des points pour chaque pi\u00e8ce, ce qui aide \u00e0 encourager les comp\u00e9tences <a href=\"https:\/\/teiaeducation.ch\/fr\/categorie-produit\/domaines-du-curriculum\/mathematiques-calcul\/nombres\/\">num\u00e9riques<\/a> et la pens\u00e9e critique.<\/p>\n<p>Chaque pi\u00e8ce magn\u00e9tique a \u00e9t\u00e9 peinte dans des couleurs vibrantes et magnifiquement con\u00e7u \u00e0 partir de bois de caoutchouc massif, avec tous les bords sont lisses pour un toucher s\u00fbr et doux. Le jeu de p\u00eache Le Toy Van stimule le d\u00e9veloppement de votre enfant et la conception r\u00e9fl\u00e9chie avec des d\u00e9fis adapt\u00e9s \u00e0 l\u2019\u00e2ge favorise l\u2019interaction sociale et l\u2019apprentissage par le jeu imaginatif.<\/p>\n<p>Le Toy Van est une soci\u00e9t\u00e9 anglaise de jouets fond\u00e9e en 1995 et sp\u00e9cialis\u00e9e dans les jouets traditionnels en bois de haute qualit\u00e9 dans un style contemporain. Tous les jouets sont fabriqu\u00e9s \u00e9thiquement selon des normes rigoureuses de qualit\u00e9, de s\u00e9curit\u00e9 et de durabilit\u00e9, en utilisant des mat\u00e9riaux naturels, y compris le caoutchouc-bois lisse recycl\u00e9. Ils sont test\u00e9s selon les normes de s\u00e9curit\u00e9 les plus \u00e9lev\u00e9es et sont conformes aux normes de s\u00e9curit\u00e9 EN-71 et ASTM.<\/p>\n<p>Ces jouets innovants et magnifiquement con\u00e7us encouragent l\u2019apprentissage pr\u00e9coce gr\u00e2ce \u00e0 des jeux de r\u00f4le imaginatifs, offrant de nombreuses possibilit\u00e9s de d\u00e9veloppement linguistique et social ainsi que la motricit\u00e9 fine et sont faits pour durer et \u00eatre appr\u00e9ci\u00e9s pour les g\u00e9n\u00e9rations \u00e0 venir.<\/p>\n<p>Le jeu de p\u00eache en bois convient aux enfants de 3 ans et plus.<\/p>\n<p>Contenu:<\/p>\n<p>10 pi\u00e8ces magn\u00e9tiques en bois<br \/>\n2 cannes \u00e0 p\u00eache magn\u00e9tiques en bois<br \/>\n1 bo\u00eete-cadeau<\/p>\n","protected":false},"excerpt":{"rendered":"<p>Num\u00e9ro d\u2019article: ltvtv893<\/p>\n<p>Ce beau jeu de p\u00eache de Le Toy Van est un jouet en bois durable qui encourage les comp\u00e9tences num\u00e9riques et la pens\u00e9e critique.<\/p>\n","protected":false},"featured_media":31399,"comment_status":"open","ping_status":"closed","template":"","meta":[],"product_brand":[],"product_cat":[208,17241,13133,13130,13139,13142,13152,217,5851,212],"product_tag":[18080,18081,18060,18063,18064,18065,18061,18059,18062,18066],"class_list":{"0":"post-32370","1":"product","2":"type-product","3":"status-publish","4":"has-post-thumbnail","6":"product_cat-1-3-ans","7":"product_cat-guide-cadeaux-3-6-ans","8":"product_cat-jeux-de-societe","9":"product_cat-jouer","10":"product_cat-jeu-imaginatif-faire-semblant","11":"product_cat-jeu-sensoriel","12":"product_cat-le-toy-van-fr","13":"product_cat-marques","14":"product_cat-nouveautes","15":"product_cat-tranche-dage","16":"product_tag-blocs-de-construction-en-bois-classiques-colores","17":"product_tag-blocs-en-bois-de-ville-de-bois-ensemble-le-fourgon-de-jouet","18":"product_tag-jouet-durable-en-bois","19":"product_tag-jouets-bois-dhevea","20":"product_tag-jouets-durables-en-bois","21":"product_tag-jouets-en-bois-pour-enfants","22":"product_tag-jouets-pour-bebes","23":"product_tag-le-toy-van-fr","24":"product_tag-le-toy-van-petilou-collection-jouets","25":"product_tag-meilleurs-jouets-en-bois-pour-bebes","27":"first","28":"outofstock","29":"taxable","30":"shipping-taxable","31":"purchasable","32":"product-type-simple"},"yoast_head":"<!-- This site is optimized with the Yoast SEO plugin v27.1.1 - https:\/\/yoast.com\/product\/yoast-seo-wordpress\/ -->\n<title>Jeu de p\u00eache en bois - Le Toy Van - Teia Education &amp; Play<\/title>\n<meta name=\"description\" content=\"Ce beau jeu de p\u00eache de Le Toy Van est un jouet en bois durable qui encourage les comp\u00e9tences num\u00e9riques et la pens\u00e9e critique.\" \/>\n<meta name=\"robots\" content=\"index, follow, max-snippet:-1, max-image-preview:large, max-video-preview:-1\" \/>\n<link rel=\"canonical\" href=\"https:\/\/teiaeducation.ch\/fr\/produit\/bois-peche-jeu-le-jouet-van\/\" \/>\n<meta property=\"og:locale\" content=\"fr_FR\" \/>\n<meta property=\"og:type\" content=\"article\" \/>\n<meta property=\"og:title\" content=\"Jeu de p\u00eache en bois - Le Toy Van - Teia Education &amp; Play\" \/>\n<meta property=\"og:description\" content=\"Ce beau jeu de p\u00eache de Le Toy Van est un jouet en bois durable qui encourage les comp\u00e9tences num\u00e9riques et la pens\u00e9e critique.\" \/>\n<meta property=\"og:url\" content=\"https:\/\/teiaeducation.ch\/fr\/produit\/bois-peche-jeu-le-jouet-van\/\" \/>\n<meta property=\"og:site_name\" content=\"Sustainable Educational Products &amp; Ecological Toys\u00a0\" \/>\n<meta property=\"article:publisher\" content=\"https:\/\/www.facebook.com\/teiaeducation\/\" \/>\n<meta property=\"article:modified_time\" content=\"2022-11-03T11:33:53+00:00\" \/>\n<meta property=\"og:image\" content=\"https:\/\/teiaeducation.ch\/wp-content\/uploads\/2020\/10\/Fishing-Game-Sustainable-wooden-toy-Le-Toy-Van2.jpg\" \/>\n\t<meta property=\"og:image:width\" content=\"600\" \/>\n\t<meta property=\"og:image:height\" content=\"600\" \/>\n\t<meta property=\"og:image:type\" content=\"image\/jpeg\" \/>\n<script type=\"application\/ld+json\" class=\"yoast-schema-graph\">{\"@context\":\"https:\/\/schema.org\",\"@graph\":[{\"@type\":\"WebPage\",\"@id\":\"https:\/\/teiaeducation.ch\/fr\/produit\/bois-peche-jeu-le-jouet-van\/\",\"url\":\"https:\/\/teiaeducation.ch\/fr\/produit\/bois-peche-jeu-le-jouet-van\/\",\"name\":\"Jeu de p\u00eache en bois - Le Toy Van - Teia Education & Play\",\"isPartOf\":{\"@id\":\"https:\/\/teiaeducation.ch\/fr\/#website\"},\"primaryImageOfPage\":{\"@id\":\"https:\/\/teiaeducation.ch\/fr\/produit\/bois-peche-jeu-le-jouet-van\/#primaryimage\"},\"image\":{\"@id\":\"https:\/\/teiaeducation.ch\/fr\/produit\/bois-peche-jeu-le-jouet-van\/#primaryimage\"},\"thumbnailUrl\":\"https:\/\/teiaeducation.ch\/wp-content\/uploads\/2020\/10\/Fishing-Game-Sustainable-wooden-toy-Le-Toy-Van2.jpg\",\"datePublished\":\"2020-10-24T20:19:48+00:00\",\"dateModified\":\"2022-11-03T11:33:53+00:00\",\"description\":\"Ce beau jeu de p\u00eache de Le Toy Van est un jouet en bois durable qui encourage les comp\u00e9tences num\u00e9riques et la pens\u00e9e critique.\",\"breadcrumb\":{\"@id\":\"https:\/\/teiaeducation.ch\/fr\/produit\/bois-peche-jeu-le-jouet-van\/#breadcrumb\"},\"inLanguage\":\"fr-FR\",\"potentialAction\":[{\"@type\":\"ReadAction\",\"target\":[\"https:\/\/teiaeducation.ch\/fr\/produit\/bois-peche-jeu-le-jouet-van\/\"]}]},{\"@type\":\"ImageObject\",\"inLanguage\":\"fr-FR\",\"@id\":\"https:\/\/teiaeducation.ch\/fr\/produit\/bois-peche-jeu-le-jouet-van\/#primaryimage\",\"url\":\"https:\/\/teiaeducation.ch\/wp-content\/uploads\/2020\/10\/Fishing-Game-Sustainable-wooden-toy-Le-Toy-Van2.jpg\",\"contentUrl\":\"https:\/\/teiaeducation.ch\/wp-content\/uploads\/2020\/10\/Fishing-Game-Sustainable-wooden-toy-Le-Toy-Van2.jpg\",\"width\":600,\"height\":600,\"caption\":\"Jouet en bois durable Jeu de p\u00eache en bois - Le Toy Van\"},{\"@type\":\"BreadcrumbList\",\"@id\":\"https:\/\/teiaeducation.ch\/fr\/produit\/bois-peche-jeu-le-jouet-van\/#breadcrumb\",\"itemListElement\":[{\"@type\":\"ListItem\",\"position\":1,\"name\":\"Home\",\"item\":\"https:\/\/teiaeducation.ch\/fr\/\"},{\"@type\":\"ListItem\",\"position\":2,\"name\":\"Boutique Teia Education &amp; Play\",\"item\":\"https:\/\/teiaeducation.ch\/fr\/boutique\/\"},{\"@type\":\"ListItem\",\"position\":3,\"name\":\"Nos Marques\",\"item\":\"https:\/\/teiaeducation.ch\/fr\/categorie-produit\/marques\/\"},{\"@type\":\"ListItem\",\"position\":4,\"name\":\"Le Toy Van\",\"item\":\"https:\/\/teiaeducation.ch\/fr\/categorie-produit\/marques\/le-toy-van-fr\/\"},{\"@type\":\"ListItem\",\"position\":5,\"name\":\"Jeu de p\u00eache en bois &#8211; Le Toy Van\"}]},{\"@type\":\"WebSite\",\"@id\":\"https:\/\/teiaeducation.ch\/fr\/#website\",\"url\":\"https:\/\/teiaeducation.ch\/fr\/\",\"name\":\"Sustainable Educational Products &amp; Ecological Toys\u00a0\",\"description\":\"Specialised Swiss shop selling sustainable educational toys and games, AMI certified Montessori materials, handmade ecological wooden Waldorf toys and arts &amp; crafts supplies, school supplies, children&#039;s furniture and Montessori reference and parenting books.\",\"publisher\":{\"@id\":\"https:\/\/teiaeducation.ch\/fr\/#organization\"},\"alternateName\":\"Teia Education & Play\",\"potentialAction\":[{\"@type\":\"SearchAction\",\"target\":{\"@type\":\"EntryPoint\",\"urlTemplate\":\"https:\/\/teiaeducation.ch\/fr\/?s={search_term_string}\"},\"query-input\":{\"@type\":\"PropertyValueSpecification\",\"valueRequired\":true,\"valueName\":\"search_term_string\"}}],\"inLanguage\":\"fr-FR\"},{\"@type\":\"Organization\",\"@id\":\"https:\/\/teiaeducation.ch\/fr\/#organization\",\"name\":\"Teia Education & Play\",\"url\":\"https:\/\/teiaeducation.ch\/fr\/\",\"logo\":{\"@type\":\"ImageObject\",\"inLanguage\":\"fr-FR\",\"@id\":\"https:\/\/teiaeducation.ch\/fr\/#\/schema\/logo\/image\/\",\"url\":\"https:\/\/teiaeducation.ch\/wp-content\/uploads\/2020\/11\/Teia-Education-Switzerland-e1620156442216.jpg\",\"contentUrl\":\"https:\/\/teiaeducation.ch\/wp-content\/uploads\/2020\/11\/Teia-Education-Switzerland-e1620156442216.jpg\",\"width\":166,\"height\":145,\"caption\":\"Teia Education & Play\"},\"image\":{\"@id\":\"https:\/\/teiaeducation.ch\/fr\/#\/schema\/logo\/image\/\"},\"sameAs\":[\"https:\/\/www.facebook.com\/teiaeducation\/\",\"https:\/\/x.com\/EducationTeia\",\"https:\/\/www.instagram.com\/teia.education\/\",\"https:\/\/www.linkedin.com\/company\/35501660\",\"https:\/\/www.pinterest.ch\/TeiaEducation\/\"]}]}<\/script>\n<!-- \/ Yoast SEO plugin. -->","yoast_head_json":{"title":"Jeu de p\u00eache en bois - Le Toy Van - Teia Education & Play","description":"Ce beau jeu de p\u00eache de Le Toy Van est un jouet en bois durable qui encourage les comp\u00e9tences num\u00e9riques et la pens\u00e9e critique.","robots":{"index":"index","follow":"follow","max-snippet":"max-snippet:-1","max-image-preview":"max-image-preview:large","max-video-preview":"max-video-preview:-1"},"canonical":"https:\/\/teiaeducation.ch\/fr\/produit\/bois-peche-jeu-le-jouet-van\/","og_locale":"fr_FR","og_type":"article","og_title":"Jeu de p\u00eache en bois - Le Toy Van - Teia Education & Play","og_description":"Ce beau jeu de p\u00eache de Le Toy Van est un jouet en bois durable qui encourage les comp\u00e9tences num\u00e9riques et la pens\u00e9e critique.","og_url":"https:\/\/teiaeducation.ch\/fr\/produit\/bois-peche-jeu-le-jouet-van\/","og_site_name":"Sustainable Educational Products &amp; Ecological Toys\u00a0","article_publisher":"https:\/\/www.facebook.com\/teiaeducation\/","article_modified_time":"2022-11-03T11:33:53+00:00","og_image":[{"width":600,"height":600,"url":"https:\/\/teiaeducation.ch\/wp-content\/uploads\/2020\/10\/Fishing-Game-Sustainable-wooden-toy-Le-Toy-Van2.jpg","type":"image\/jpeg"}],"schema":{"@context":"https:\/\/schema.org","@graph":[{"@type":"WebPage","@id":"https:\/\/teiaeducation.ch\/fr\/produit\/bois-peche-jeu-le-jouet-van\/","url":"https:\/\/teiaeducation.ch\/fr\/produit\/bois-peche-jeu-le-jouet-van\/","name":"Jeu de p\u00eache en bois - Le Toy Van - Teia Education & Play","isPartOf":{"@id":"https:\/\/teiaeducation.ch\/fr\/#website"},"primaryImageOfPage":{"@id":"https:\/\/teiaeducation.ch\/fr\/produit\/bois-peche-jeu-le-jouet-van\/#primaryimage"},"image":{"@id":"https:\/\/teiaeducation.ch\/fr\/produit\/bois-peche-jeu-le-jouet-van\/#primaryimage"},"thumbnailUrl":"https:\/\/teiaeducation.ch\/wp-content\/uploads\/2020\/10\/Fishing-Game-Sustainable-wooden-toy-Le-Toy-Van2.jpg","datePublished":"2020-10-24T20:19:48+00:00","dateModified":"2022-11-03T11:33:53+00:00","description":"Ce beau jeu de p\u00eache de Le Toy Van est un jouet en bois durable qui encourage les comp\u00e9tences num\u00e9riques et la pens\u00e9e critique.","breadcrumb":{"@id":"https:\/\/teiaeducation.ch\/fr\/produit\/bois-peche-jeu-le-jouet-van\/#breadcrumb"},"inLanguage":"fr-FR","potentialAction":[{"@type":"ReadAction","target":["https:\/\/teiaeducation.ch\/fr\/produit\/bois-peche-jeu-le-jouet-van\/"]}]},{"@type":"ImageObject","inLanguage":"fr-FR","@id":"https:\/\/teiaeducation.ch\/fr\/produit\/bois-peche-jeu-le-jouet-van\/#primaryimage","url":"https:\/\/teiaeducation.ch\/wp-content\/uploads\/2020\/10\/Fishing-Game-Sustainable-wooden-toy-Le-Toy-Van2.jpg","contentUrl":"https:\/\/teiaeducation.ch\/wp-content\/uploads\/2020\/10\/Fishing-Game-Sustainable-wooden-toy-Le-Toy-Van2.jpg","width":600,"height":600,"caption":"Jouet en bois durable Jeu de p\u00eache en bois - Le Toy Van"},{"@type":"BreadcrumbList","@id":"https:\/\/teiaeducation.ch\/fr\/produit\/bois-peche-jeu-le-jouet-van\/#breadcrumb","itemListElement":[{"@type":"ListItem","position":1,"name":"Home","item":"https:\/\/teiaeducation.ch\/fr\/"},{"@type":"ListItem","position":2,"name":"Boutique Teia Education &amp; Play","item":"https:\/\/teiaeducation.ch\/fr\/boutique\/"},{"@type":"ListItem","position":3,"name":"Nos Marques","item":"https:\/\/teiaeducation.ch\/fr\/categorie-produit\/marques\/"},{"@type":"ListItem","position":4,"name":"Le Toy Van","item":"https:\/\/teiaeducation.ch\/fr\/categorie-produit\/marques\/le-toy-van-fr\/"},{"@type":"ListItem","position":5,"name":"Jeu de p\u00eache en bois &#8211; Le Toy Van"}]},{"@type":"WebSite","@id":"https:\/\/teiaeducation.ch\/fr\/#website","url":"https:\/\/teiaeducation.ch\/fr\/","name":"Sustainable Educational Products &amp; Ecological Toys\u00a0","description":"Specialised Swiss shop selling sustainable educational toys and games, AMI certified Montessori materials, handmade ecological wooden Waldorf toys and arts &amp; crafts supplies, school supplies, children&#039;s furniture and Montessori reference and parenting books.","publisher":{"@id":"https:\/\/teiaeducation.ch\/fr\/#organization"},"alternateName":"Teia Education & Play","potentialAction":[{"@type":"SearchAction","target":{"@type":"EntryPoint","urlTemplate":"https:\/\/teiaeducation.ch\/fr\/?s={search_term_string}"},"query-input":{"@type":"PropertyValueSpecification","valueRequired":true,"valueName":"search_term_string"}}],"inLanguage":"fr-FR"},{"@type":"Organization","@id":"https:\/\/teiaeducation.ch\/fr\/#organization","name":"Teia Education & Play","url":"https:\/\/teiaeducation.ch\/fr\/","logo":{"@type":"ImageObject","inLanguage":"fr-FR","@id":"https:\/\/teiaeducation.ch\/fr\/#\/schema\/logo\/image\/","url":"https:\/\/teiaeducation.ch\/wp-content\/uploads\/2020\/11\/Teia-Education-Switzerland-e1620156442216.jpg","contentUrl":"https:\/\/teiaeducation.ch\/wp-content\/uploads\/2020\/11\/Teia-Education-Switzerland-e1620156442216.jpg","width":166,"height":145,"caption":"Teia Education & Play"},"image":{"@id":"https:\/\/teiaeducation.ch\/fr\/#\/schema\/logo\/image\/"},"sameAs":["https:\/\/www.facebook.com\/teiaeducation\/","https:\/\/x.com\/EducationTeia","https:\/\/www.instagram.com\/teia.education\/","https:\/\/www.linkedin.com\/company\/35501660","https:\/\/www.pinterest.ch\/TeiaEducation\/"]}]}},"_links":{"self":[{"href":"https:\/\/teiaeducation.ch\/fr\/wp-json\/wp\/v2\/product\/32370","targetHints":{"allow":["GET"]}}],"collection":[{"href":"https:\/\/teiaeducation.ch\/fr\/wp-json\/wp\/v2\/product"}],"about":[{"href":"https:\/\/teiaeducation.ch\/fr\/wp-json\/wp\/v2\/types\/product"}],"replies":[{"embeddable":true,"href":"https:\/\/teiaeducation.ch\/fr\/wp-json\/wp\/v2\/comments?post=32370"}],"wp:featuredmedia":[{"embeddable":true,"href":"https:\/\/teiaeducation.ch\/fr\/wp-json\/wp\/v2\/media\/31399"}],"wp:attachment":[{"href":"https:\/\/teiaeducation.ch\/fr\/wp-json\/wp\/v2\/media?parent=32370"}],"wp:term":[{"taxonomy":"product_brand","embeddable":true,"href":"https:\/\/teiaeducation.ch\/fr\/wp-json\/wp\/v2\/product_brand?post=32370"},{"taxonomy":"product_cat","embeddable":true,"href":"https:\/\/teiaeducation.ch\/fr\/wp-json\/wp\/v2\/product_cat?post=32370"},{"taxonomy":"product_tag","embeddable":true,"href":"https:\/\/teiaeducation.ch\/fr\/wp-json\/wp\/v2\/product_tag?post=32370"}],"curies":[{"name":"wp","href":"https:\/\/api.w.org\/{rel}","templated":true}]}}