{"id":32372,"date":"2020-05-22T12:41:24","date_gmt":"2020-05-22T10:41:24","guid":{"rendered":"https:\/\/teiaeducation.ch\/product\/trieur-de-forme-de-larche-de-noe-le-toy-van\/"},"modified":"2021-12-11T19:43:03","modified_gmt":"2021-12-11T18:43:03","slug":"trieur-de-formes-larche-de-noe-le-toy-van","status":"publish","type":"product","link":"https:\/\/teiaeducation.ch\/fr\/produit\/trieur-de-formes-larche-de-noe-le-toy-van\/","title":{"rendered":"L&#8217;Arche de No\u00e9 &#8211; Le Toy Van"},"content":{"rendered":"<p>Le trieur de formes dans le th\u00e8me de l&#8217;arche de No\u00e9 de la collection Arks de Le Toy Van est un jouet de d\u00e9veloppement en bois durable. Ce bel ensemble comprend l&#8217;arche de No\u00e9, 7 paires <a href=\"https:\/\/teiaeducation.ch\/fr\/categorie-produit\/jouer\/animaux-fermes\/\">d\u2019animaux<\/a> en\u00a0bois, No\u00e9 &amp; sa femme. Son design lumineux et color\u00e9 aidera \u00e0 la reconnaissance des couleurs et stimule l\u2019imagination du jeune enfant. La vari\u00e9t\u00e9 des formes d\u00e9veloppe des comp\u00e9tences de pr\u00e9-lecture gr\u00e2ce \u00e0 la reconnaissance de la forme et l\u2019appariement tout en affinant la dext\u00e9rit\u00e9 manuelle et la coordination main-\u0153il.<\/p>\n<p>No\u00e9 et sa femme peuvent \u00e9galement \u00eatre tri\u00e9s dans le pont sup\u00e9rieur. L\u2019arche comprend une \u00e9chelle et dispose d\u2019une porte coulissante qui permet l\u2019acc\u00e8s \u00e0 la coque et une poign\u00e9e de transport.<\/p>\n<p>Fabriqu\u00e9 \u00e0 partir de bois de caoutchouc durable, ce trieur en forme de bois est un jouet s\u00fbr avec des bords arrondis ponc\u00e9s. L&#8217;arche, les animaux et les figurines en bois\u00a0sont d\u00e9cor\u00e9s dans des couleurs vives avec de la peinture non toxique.<\/p>\n<p>Le Toy Van est une soci\u00e9t\u00e9 anglaise de jouets fond\u00e9e en 1995 et sp\u00e9cialis\u00e9e dans les jouets traditionnels en bois de haute qualit\u00e9 dans un style contemporain. Tous les jouets sont fabriqu\u00e9s \u00e9thiquement selon des normes rigoureuses de qualit\u00e9, de s\u00e9curit\u00e9 et de durabilit\u00e9, en utilisant des mat\u00e9riaux naturels, y compris le caoutchouc-bois lisse recycl\u00e9. Ils sont test\u00e9s selon les normes de s\u00e9curit\u00e9 les plus \u00e9lev\u00e9es et sont conformes aux normes de s\u00e9curit\u00e9 EN-71 et ASTM.<\/p>\n<p>Ces jouets innovants et magnifiquement con\u00e7us encouragent l\u2019apprentissage pr\u00e9coce gr\u00e2ce \u00e0 des jeux de r\u00f4le imaginatifs, offrant de nombreuses possibilit\u00e9s de d\u00e9veloppement linguistique et social ainsi que la motricit\u00e9 fine et sont faits pour durer et \u00eatre appr\u00e9ci\u00e9s pour les g\u00e9n\u00e9rations \u00e0 venir.<\/p>\n<p>Le trieur de formes l&#8217;arche de No\u00e9 convient aux enfants de 12 mois et plus.<\/p>\n<p>Contenu:<\/p>\n<p>1 trieur en bois (19 x 15 x 24 cm)<br \/>\n7 paires d\u2019animaux en\u00a0bois<br \/>\n2 figurines en bois<\/p>\n","protected":false},"excerpt":{"rendered":"<p>Num\u00e9ro d\u2019article: ltvtv212<\/p>\n<p>Le trieur de formes l&#8217;arche de No\u00e9 de Le Toy Van est un jouet de d\u00e9veloppement en bois durable et stimule l\u2019imagination du jeune enfant.<\/p>\n","protected":false},"featured_media":26668,"comment_status":"open","ping_status":"closed","template":"","meta":[],"product_brand":[],"product_cat":[208,13131,13134,8526,8572,13130,626,13139,13152,217,5851,212],"product_tag":[18101,18100,18102,18103],"class_list":{"0":"post-32372","1":"product","2":"type-product","3":"status-publish","4":"has-post-thumbnail","6":"product_cat-1-3-ans","7":"product_cat-animaux-fermes","8":"product_cat-bateaux-trains","9":"product_cat-fournitures-scolaires-a-domicile","10":"product_cat-jeu-et-apprentissage-pour-bebes-et-jeunes-enfants","11":"product_cat-jouer","12":"product_cat-jouets-a-trier","13":"product_cat-jeu-imaginatif-faire-semblant","14":"product_cat-le-toy-van-fr","15":"product_cat-marques","16":"product_cat-nouveautes","17":"product_cat-tranche-dage","18":"product_tag-le-toy-van-jouets-suisse","19":"product_tag-le-toy-van-suisse-fr","20":"product_tag-le-toy-van-suisse-fr-2","21":"product_tag-trieur-de-forme-de-larche-de-noe-le-toy-van","23":"first","24":"outofstock","25":"taxable","26":"shipping-taxable","27":"purchasable","28":"product-type-simple"},"yoast_head":"<!-- This site is optimized with the Yoast SEO plugin v27.1.1 - https:\/\/yoast.com\/product\/yoast-seo-wordpress\/ -->\n<title>L&#039;Arche de No\u00e9 - Le Toy Van - Teia Education &amp; Play<\/title>\n<meta name=\"description\" content=\"Le trieur de formes l&#039;arche de No\u00e9 de Le Toy Van est un jouet de d\u00e9veloppement en bois durable et stimule l\u2019imagination du jeune enfant.\" \/>\n<meta name=\"robots\" content=\"index, follow, max-snippet:-1, max-image-preview:large, max-video-preview:-1\" \/>\n<link rel=\"canonical\" href=\"https:\/\/teiaeducation.ch\/fr\/produit\/trieur-de-formes-larche-de-noe-le-toy-van\/\" \/>\n<meta property=\"og:locale\" content=\"fr_FR\" \/>\n<meta property=\"og:type\" content=\"article\" \/>\n<meta property=\"og:title\" content=\"L&#039;Arche de No\u00e9 - Le Toy Van - Teia Education &amp; Play\" \/>\n<meta property=\"og:description\" content=\"Le trieur de formes l&#039;arche de No\u00e9 de Le Toy Van est un jouet de d\u00e9veloppement en bois durable et stimule l\u2019imagination du jeune enfant.\" \/>\n<meta property=\"og:url\" content=\"https:\/\/teiaeducation.ch\/fr\/produit\/trieur-de-formes-larche-de-noe-le-toy-van\/\" \/>\n<meta property=\"og:site_name\" content=\"Sustainable Educational Products &amp; Ecological Toys\u00a0\" \/>\n<meta property=\"article:publisher\" content=\"https:\/\/www.facebook.com\/teiaeducation\/\" \/>\n<meta property=\"article:modified_time\" content=\"2021-12-11T18:43:03+00:00\" \/>\n<meta property=\"og:image\" content=\"https:\/\/teiaeducation.ch\/wp-content\/uploads\/2020\/05\/Noahs-Ark-Shape-Shorter-Le-Toy-Van.jpg\" \/>\n\t<meta property=\"og:image:width\" content=\"900\" \/>\n\t<meta property=\"og:image:height\" content=\"900\" \/>\n\t<meta property=\"og:image:type\" content=\"image\/jpeg\" \/>\n<script type=\"application\/ld+json\" class=\"yoast-schema-graph\">{\"@context\":\"https:\/\/schema.org\",\"@graph\":[{\"@type\":\"WebPage\",\"@id\":\"https:\/\/teiaeducation.ch\/fr\/produit\/trieur-de-formes-larche-de-noe-le-toy-van\/\",\"url\":\"https:\/\/teiaeducation.ch\/fr\/produit\/trieur-de-formes-larche-de-noe-le-toy-van\/\",\"name\":\"L'Arche de No\u00e9 - Le Toy Van - Teia Education & Play\",\"isPartOf\":{\"@id\":\"https:\/\/teiaeducation.ch\/fr\/#website\"},\"primaryImageOfPage\":{\"@id\":\"https:\/\/teiaeducation.ch\/fr\/produit\/trieur-de-formes-larche-de-noe-le-toy-van\/#primaryimage\"},\"image\":{\"@id\":\"https:\/\/teiaeducation.ch\/fr\/produit\/trieur-de-formes-larche-de-noe-le-toy-van\/#primaryimage\"},\"thumbnailUrl\":\"https:\/\/teiaeducation.ch\/wp-content\/uploads\/2020\/05\/Noahs-Ark-Shape-Shorter-Le-Toy-Van.jpg\",\"datePublished\":\"2020-05-22T10:41:24+00:00\",\"dateModified\":\"2021-12-11T18:43:03+00:00\",\"description\":\"Le trieur de formes l'arche de No\u00e9 de Le Toy Van est un jouet de d\u00e9veloppement en bois durable et stimule l\u2019imagination du jeune enfant.\",\"breadcrumb\":{\"@id\":\"https:\/\/teiaeducation.ch\/fr\/produit\/trieur-de-formes-larche-de-noe-le-toy-van\/#breadcrumb\"},\"inLanguage\":\"fr-FR\",\"potentialAction\":[{\"@type\":\"ReadAction\",\"target\":[\"https:\/\/teiaeducation.ch\/fr\/produit\/trieur-de-formes-larche-de-noe-le-toy-van\/\"]}]},{\"@type\":\"ImageObject\",\"inLanguage\":\"fr-FR\",\"@id\":\"https:\/\/teiaeducation.ch\/fr\/produit\/trieur-de-formes-larche-de-noe-le-toy-van\/#primaryimage\",\"url\":\"https:\/\/teiaeducation.ch\/wp-content\/uploads\/2020\/05\/Noahs-Ark-Shape-Shorter-Le-Toy-Van.jpg\",\"contentUrl\":\"https:\/\/teiaeducation.ch\/wp-content\/uploads\/2020\/05\/Noahs-Ark-Shape-Shorter-Le-Toy-Van.jpg\",\"width\":900,\"height\":900,\"caption\":\"Jouet de d\u00e9veloppement en bois durable Trieur de formes l'arche de No\u00e9\u00a0Le Toy Van\"},{\"@type\":\"BreadcrumbList\",\"@id\":\"https:\/\/teiaeducation.ch\/fr\/produit\/trieur-de-formes-larche-de-noe-le-toy-van\/#breadcrumb\",\"itemListElement\":[{\"@type\":\"ListItem\",\"position\":1,\"name\":\"Home\",\"item\":\"https:\/\/teiaeducation.ch\/fr\/\"},{\"@type\":\"ListItem\",\"position\":2,\"name\":\"Boutique Teia Education &amp; Play\",\"item\":\"https:\/\/teiaeducation.ch\/fr\/boutique\/\"},{\"@type\":\"ListItem\",\"position\":3,\"name\":\"Nos Marques\",\"item\":\"https:\/\/teiaeducation.ch\/fr\/categorie-produit\/marques\/\"},{\"@type\":\"ListItem\",\"position\":4,\"name\":\"Le Toy Van\",\"item\":\"https:\/\/teiaeducation.ch\/fr\/categorie-produit\/marques\/le-toy-van-fr\/\"},{\"@type\":\"ListItem\",\"position\":5,\"name\":\"L&#8217;Arche de No\u00e9 &#8211; Le Toy Van\"}]},{\"@type\":\"WebSite\",\"@id\":\"https:\/\/teiaeducation.ch\/fr\/#website\",\"url\":\"https:\/\/teiaeducation.ch\/fr\/\",\"name\":\"Sustainable Educational Products &amp; Ecological Toys\u00a0\",\"description\":\"Specialised Swiss shop selling sustainable educational toys and games, AMI certified Montessori materials, handmade ecological wooden Waldorf toys and arts &amp; crafts supplies, school supplies, children&#039;s furniture and Montessori reference and parenting books.\",\"publisher\":{\"@id\":\"https:\/\/teiaeducation.ch\/fr\/#organization\"},\"alternateName\":\"Teia Education & Play\",\"potentialAction\":[{\"@type\":\"SearchAction\",\"target\":{\"@type\":\"EntryPoint\",\"urlTemplate\":\"https:\/\/teiaeducation.ch\/fr\/?s={search_term_string}\"},\"query-input\":{\"@type\":\"PropertyValueSpecification\",\"valueRequired\":true,\"valueName\":\"search_term_string\"}}],\"inLanguage\":\"fr-FR\"},{\"@type\":\"Organization\",\"@id\":\"https:\/\/teiaeducation.ch\/fr\/#organization\",\"name\":\"Teia Education & Play\",\"url\":\"https:\/\/teiaeducation.ch\/fr\/\",\"logo\":{\"@type\":\"ImageObject\",\"inLanguage\":\"fr-FR\",\"@id\":\"https:\/\/teiaeducation.ch\/fr\/#\/schema\/logo\/image\/\",\"url\":\"https:\/\/teiaeducation.ch\/wp-content\/uploads\/2020\/11\/Teia-Education-Switzerland-e1620156442216.jpg\",\"contentUrl\":\"https:\/\/teiaeducation.ch\/wp-content\/uploads\/2020\/11\/Teia-Education-Switzerland-e1620156442216.jpg\",\"width\":166,\"height\":145,\"caption\":\"Teia Education & Play\"},\"image\":{\"@id\":\"https:\/\/teiaeducation.ch\/fr\/#\/schema\/logo\/image\/\"},\"sameAs\":[\"https:\/\/www.facebook.com\/teiaeducation\/\",\"https:\/\/x.com\/EducationTeia\",\"https:\/\/www.instagram.com\/teia.education\/\",\"https:\/\/www.linkedin.com\/company\/35501660\",\"https:\/\/www.pinterest.ch\/TeiaEducation\/\"]}]}<\/script>\n<!-- \/ Yoast SEO plugin. -->","yoast_head_json":{"title":"L'Arche de No\u00e9 - Le Toy Van - Teia Education & Play","description":"Le trieur de formes l'arche de No\u00e9 de Le Toy Van est un jouet de d\u00e9veloppement en bois durable et stimule l\u2019imagination du jeune enfant.","robots":{"index":"index","follow":"follow","max-snippet":"max-snippet:-1","max-image-preview":"max-image-preview:large","max-video-preview":"max-video-preview:-1"},"canonical":"https:\/\/teiaeducation.ch\/fr\/produit\/trieur-de-formes-larche-de-noe-le-toy-van\/","og_locale":"fr_FR","og_type":"article","og_title":"L'Arche de No\u00e9 - Le Toy Van - Teia Education & Play","og_description":"Le trieur de formes l'arche de No\u00e9 de Le Toy Van est un jouet de d\u00e9veloppement en bois durable et stimule l\u2019imagination du jeune enfant.","og_url":"https:\/\/teiaeducation.ch\/fr\/produit\/trieur-de-formes-larche-de-noe-le-toy-van\/","og_site_name":"Sustainable Educational Products &amp; Ecological Toys\u00a0","article_publisher":"https:\/\/www.facebook.com\/teiaeducation\/","article_modified_time":"2021-12-11T18:43:03+00:00","og_image":[{"width":900,"height":900,"url":"https:\/\/teiaeducation.ch\/wp-content\/uploads\/2020\/05\/Noahs-Ark-Shape-Shorter-Le-Toy-Van.jpg","type":"image\/jpeg"}],"schema":{"@context":"https:\/\/schema.org","@graph":[{"@type":"WebPage","@id":"https:\/\/teiaeducation.ch\/fr\/produit\/trieur-de-formes-larche-de-noe-le-toy-van\/","url":"https:\/\/teiaeducation.ch\/fr\/produit\/trieur-de-formes-larche-de-noe-le-toy-van\/","name":"L'Arche de No\u00e9 - Le Toy Van - Teia Education & Play","isPartOf":{"@id":"https:\/\/teiaeducation.ch\/fr\/#website"},"primaryImageOfPage":{"@id":"https:\/\/teiaeducation.ch\/fr\/produit\/trieur-de-formes-larche-de-noe-le-toy-van\/#primaryimage"},"image":{"@id":"https:\/\/teiaeducation.ch\/fr\/produit\/trieur-de-formes-larche-de-noe-le-toy-van\/#primaryimage"},"thumbnailUrl":"https:\/\/teiaeducation.ch\/wp-content\/uploads\/2020\/05\/Noahs-Ark-Shape-Shorter-Le-Toy-Van.jpg","datePublished":"2020-05-22T10:41:24+00:00","dateModified":"2021-12-11T18:43:03+00:00","description":"Le trieur de formes l'arche de No\u00e9 de Le Toy Van est un jouet de d\u00e9veloppement en bois durable et stimule l\u2019imagination du jeune enfant.","breadcrumb":{"@id":"https:\/\/teiaeducation.ch\/fr\/produit\/trieur-de-formes-larche-de-noe-le-toy-van\/#breadcrumb"},"inLanguage":"fr-FR","potentialAction":[{"@type":"ReadAction","target":["https:\/\/teiaeducation.ch\/fr\/produit\/trieur-de-formes-larche-de-noe-le-toy-van\/"]}]},{"@type":"ImageObject","inLanguage":"fr-FR","@id":"https:\/\/teiaeducation.ch\/fr\/produit\/trieur-de-formes-larche-de-noe-le-toy-van\/#primaryimage","url":"https:\/\/teiaeducation.ch\/wp-content\/uploads\/2020\/05\/Noahs-Ark-Shape-Shorter-Le-Toy-Van.jpg","contentUrl":"https:\/\/teiaeducation.ch\/wp-content\/uploads\/2020\/05\/Noahs-Ark-Shape-Shorter-Le-Toy-Van.jpg","width":900,"height":900,"caption":"Jouet de d\u00e9veloppement en bois durable Trieur de formes l'arche de No\u00e9\u00a0Le Toy Van"},{"@type":"BreadcrumbList","@id":"https:\/\/teiaeducation.ch\/fr\/produit\/trieur-de-formes-larche-de-noe-le-toy-van\/#breadcrumb","itemListElement":[{"@type":"ListItem","position":1,"name":"Home","item":"https:\/\/teiaeducation.ch\/fr\/"},{"@type":"ListItem","position":2,"name":"Boutique Teia Education &amp; Play","item":"https:\/\/teiaeducation.ch\/fr\/boutique\/"},{"@type":"ListItem","position":3,"name":"Nos Marques","item":"https:\/\/teiaeducation.ch\/fr\/categorie-produit\/marques\/"},{"@type":"ListItem","position":4,"name":"Le Toy Van","item":"https:\/\/teiaeducation.ch\/fr\/categorie-produit\/marques\/le-toy-van-fr\/"},{"@type":"ListItem","position":5,"name":"L&#8217;Arche de No\u00e9 &#8211; Le Toy Van"}]},{"@type":"WebSite","@id":"https:\/\/teiaeducation.ch\/fr\/#website","url":"https:\/\/teiaeducation.ch\/fr\/","name":"Sustainable Educational Products &amp; Ecological Toys\u00a0","description":"Specialised Swiss shop selling sustainable educational toys and games, AMI certified Montessori materials, handmade ecological wooden Waldorf toys and arts &amp; crafts supplies, school supplies, children&#039;s furniture and Montessori reference and parenting books.","publisher":{"@id":"https:\/\/teiaeducation.ch\/fr\/#organization"},"alternateName":"Teia Education & Play","potentialAction":[{"@type":"SearchAction","target":{"@type":"EntryPoint","urlTemplate":"https:\/\/teiaeducation.ch\/fr\/?s={search_term_string}"},"query-input":{"@type":"PropertyValueSpecification","valueRequired":true,"valueName":"search_term_string"}}],"inLanguage":"fr-FR"},{"@type":"Organization","@id":"https:\/\/teiaeducation.ch\/fr\/#organization","name":"Teia Education & Play","url":"https:\/\/teiaeducation.ch\/fr\/","logo":{"@type":"ImageObject","inLanguage":"fr-FR","@id":"https:\/\/teiaeducation.ch\/fr\/#\/schema\/logo\/image\/","url":"https:\/\/teiaeducation.ch\/wp-content\/uploads\/2020\/11\/Teia-Education-Switzerland-e1620156442216.jpg","contentUrl":"https:\/\/teiaeducation.ch\/wp-content\/uploads\/2020\/11\/Teia-Education-Switzerland-e1620156442216.jpg","width":166,"height":145,"caption":"Teia Education & Play"},"image":{"@id":"https:\/\/teiaeducation.ch\/fr\/#\/schema\/logo\/image\/"},"sameAs":["https:\/\/www.facebook.com\/teiaeducation\/","https:\/\/x.com\/EducationTeia","https:\/\/www.instagram.com\/teia.education\/","https:\/\/www.linkedin.com\/company\/35501660","https:\/\/www.pinterest.ch\/TeiaEducation\/"]}]}},"_links":{"self":[{"href":"https:\/\/teiaeducation.ch\/fr\/wp-json\/wp\/v2\/product\/32372","targetHints":{"allow":["GET"]}}],"collection":[{"href":"https:\/\/teiaeducation.ch\/fr\/wp-json\/wp\/v2\/product"}],"about":[{"href":"https:\/\/teiaeducation.ch\/fr\/wp-json\/wp\/v2\/types\/product"}],"replies":[{"embeddable":true,"href":"https:\/\/teiaeducation.ch\/fr\/wp-json\/wp\/v2\/comments?post=32372"}],"wp:featuredmedia":[{"embeddable":true,"href":"https:\/\/teiaeducation.ch\/fr\/wp-json\/wp\/v2\/media\/26668"}],"wp:attachment":[{"href":"https:\/\/teiaeducation.ch\/fr\/wp-json\/wp\/v2\/media?parent=32372"}],"wp:term":[{"taxonomy":"product_brand","embeddable":true,"href":"https:\/\/teiaeducation.ch\/fr\/wp-json\/wp\/v2\/product_brand?post=32372"},{"taxonomy":"product_cat","embeddable":true,"href":"https:\/\/teiaeducation.ch\/fr\/wp-json\/wp\/v2\/product_cat?post=32372"},{"taxonomy":"product_tag","embeddable":true,"href":"https:\/\/teiaeducation.ch\/fr\/wp-json\/wp\/v2\/product_tag?post=32372"}],"curies":[{"name":"wp","href":"https:\/\/api.w.org\/{rel}","templated":true}]}}