{"id":32373,"date":"2020-12-11T14:28:06","date_gmt":"2020-12-11T13:28:06","guid":{"rendered":"https:\/\/teiaeducation.ch\/?post_type=product&#038;p=32373"},"modified":"2022-03-09T16:16:15","modified_gmt":"2022-03-09T15:16:15","slug":"extensions-de-croisements-waytoplay","status":"publish","type":"product","link":"https:\/\/teiaeducation.ch\/fr\/produit\/extensions-de-croisements-waytoplay\/","title":{"rendered":"Extensions de croisements \u2013 Waytoplay"},"content":{"rendered":"<p>Ensemble d\u2019extensions de croisements \u2013 Waytoplay<\/p>\n<p>L\u2019ensemble d\u2019extensions de croisemements Waytoplay contient 4 pi\u00e8ces de route reliant diff\u00e9remment 2 croisements et 2 ronds-points pour ajouter encore plus de plaisir et \u00e9largir votre jeu de route flexible Waytoplay.<\/p>\n<p>Ces pi\u00e8ces de route flexibles \/composants routiers peuvent \u00eatre utilis\u00e9s sur presque n\u2019importe quelle surface : \u00e0 l\u2019int\u00e9rieur ou \u00e0 l\u2019ext\u00e9rieur. Waytoplay est un excellent jouet imaginatif pour les enfants, leur permettant de cr\u00e9er leurs propres circuits et cartes routi\u00e8res pour leurs jouets pr\u00e9f\u00e9r\u00e9s et les v\u00e9hicules.<\/p>\n<p>Les extensions de croisements Waytoplay sont faites de fa\u00e7on 100% s\u00fbre pour les enfants et durable en PVC sans BPA, cadmium, PAH et Phtalates et conforme \u00e0 la plus haute norme am\u00e9ricaine et europ\u00e9enne EN-71 pour les jouets. Toutes les ressources utilis\u00e9es pour produire les pi\u00e8ces de route proviennent d\u2019Allemagne. Cela signifie que le jouet est produit localement, de mani\u00e8re fiable, et qu&#8217;il est certifi\u00e9 et enregistr\u00e9.<\/p>\n<p>Avec un design original n\u00e9erlandais, Waytoplay est fier de soutenir un fournisseur d\u2019emploi prot\u00e9g\u00e9 aux Pays-Bas qui imprime tous les segments de route et s&#8217;occupe de la plupart des emballages.<\/p>\n<p>Ce mat\u00e9riel convient aux enfants \u00e2g\u00e9s de 0 ans et plus.<\/p>\n<p>Contenu:<br \/>\n4 parties de route &#8211; 2 passages \u00e0 niveau et 2 ronds-points.<\/p>\n","protected":false},"excerpt":{"rendered":"<p>Num\u00e9ro d\u2019article: wtp4CR<\/p>\n","protected":false},"featured_media":31823,"comment_status":"open","ping_status":"closed","template":"","meta":[],"product_brand":[],"product_cat":[208,215,216,13138,16897,13130,217,5851,212,17236,13126],"product_tag":[18110,18109,18107,18105,18111,18108,18106,18104,17952,17951,17950],"class_list":{"0":"post-32373","1":"product","2":"type-product","3":"status-publish","4":"has-post-thumbnail","6":"product_cat-1-3-ans","7":"product_cat-3-6-ans","8":"product_cat-6-12-ans","9":"product_cat-elements-routiers-flexibles","10":"product_cat-guide-cadeau-6-12-ans","11":"product_cat-jouer","12":"product_cat-marques","13":"product_cat-nouveautes","14":"product_cat-tranche-dage","15":"product_cat-voitures-vehicules","16":"product_cat-waytoplay-fr","17":"product_tag-croisements-waytoplay","18":"product_tag-ensemble-dextension-de-croisements-waytoplay","19":"product_tag-jouet-de-routes","20":"product_tag-pieces-routieres-flexibles","21":"product_tag-rond-point-waytoplay","22":"product_tag-systemes-routiers-de-jouet","23":"product_tag-vehicule-jouet","24":"product_tag-waytoplay-fr","25":"product_tag-waytoplay-schweiz-fr","26":"product_tag-waytoplay-suisse-fr","27":"product_tag-waytoplay-switzerland-fr","29":"first","30":"instock","31":"taxable","32":"shipping-taxable","33":"purchasable","34":"product-type-simple"},"yoast_head":"<!-- This site is optimized with the Yoast SEO plugin v27.1.1 - https:\/\/yoast.com\/product\/yoast-seo-wordpress\/ -->\n<title>Extensions de croisements \u2013 Waytoplay - Teia Education &amp; Play<\/title>\n<meta name=\"description\" content=\"Les extensions de croisements Waytoplay contient 2 passages \u00e0 niveau et 2 ronds-points pour encore plus de plaisir avec les routes Waytoplay.\" \/>\n<meta name=\"robots\" content=\"index, follow, max-snippet:-1, max-image-preview:large, max-video-preview:-1\" \/>\n<link rel=\"canonical\" href=\"https:\/\/teiaeducation.ch\/fr\/produit\/extensions-de-croisements-waytoplay\/\" \/>\n<meta property=\"og:locale\" content=\"fr_FR\" \/>\n<meta property=\"og:type\" content=\"article\" \/>\n<meta property=\"og:title\" content=\"Extensions de croisements \u2013 Waytoplay - Teia Education &amp; Play\" \/>\n<meta property=\"og:description\" content=\"Les extensions de croisements Waytoplay contient 2 passages \u00e0 niveau et 2 ronds-points pour encore plus de plaisir avec les routes Waytoplay.\" \/>\n<meta property=\"og:url\" content=\"https:\/\/teiaeducation.ch\/fr\/produit\/extensions-de-croisements-waytoplay\/\" \/>\n<meta property=\"og:site_name\" content=\"Sustainable Educational Products &amp; Ecological Toys\u00a0\" \/>\n<meta property=\"article:publisher\" content=\"https:\/\/www.facebook.com\/teiaeducation\/\" \/>\n<meta property=\"article:modified_time\" content=\"2022-03-09T15:16:15+00:00\" \/>\n<meta property=\"og:image\" content=\"https:\/\/teiaeducation.ch\/wp-content\/uploads\/2020\/11\/Crossing-extension-set-Waytoplay.jpg\" \/>\n\t<meta property=\"og:image:width\" content=\"816\" \/>\n\t<meta property=\"og:image:height\" content=\"816\" \/>\n\t<meta property=\"og:image:type\" content=\"image\/jpeg\" \/>\n<script type=\"application\/ld+json\" class=\"yoast-schema-graph\">{\"@context\":\"https:\/\/schema.org\",\"@graph\":[{\"@type\":\"WebPage\",\"@id\":\"https:\/\/teiaeducation.ch\/fr\/produit\/extensions-de-croisements-waytoplay\/\",\"url\":\"https:\/\/teiaeducation.ch\/fr\/produit\/extensions-de-croisements-waytoplay\/\",\"name\":\"Extensions de croisements \u2013 Waytoplay - Teia Education & Play\",\"isPartOf\":{\"@id\":\"https:\/\/teiaeducation.ch\/fr\/#website\"},\"primaryImageOfPage\":{\"@id\":\"https:\/\/teiaeducation.ch\/fr\/produit\/extensions-de-croisements-waytoplay\/#primaryimage\"},\"image\":{\"@id\":\"https:\/\/teiaeducation.ch\/fr\/produit\/extensions-de-croisements-waytoplay\/#primaryimage\"},\"thumbnailUrl\":\"https:\/\/teiaeducation.ch\/wp-content\/uploads\/2020\/11\/Crossing-extension-set-Waytoplay.jpg\",\"datePublished\":\"2020-12-11T13:28:06+00:00\",\"dateModified\":\"2022-03-09T15:16:15+00:00\",\"description\":\"Les extensions de croisements Waytoplay contient 2 passages \u00e0 niveau et 2 ronds-points pour encore plus de plaisir avec les routes Waytoplay.\",\"breadcrumb\":{\"@id\":\"https:\/\/teiaeducation.ch\/fr\/produit\/extensions-de-croisements-waytoplay\/#breadcrumb\"},\"inLanguage\":\"fr-FR\",\"potentialAction\":[{\"@type\":\"ReadAction\",\"target\":[\"https:\/\/teiaeducation.ch\/fr\/produit\/extensions-de-croisements-waytoplay\/\"]}]},{\"@type\":\"ImageObject\",\"inLanguage\":\"fr-FR\",\"@id\":\"https:\/\/teiaeducation.ch\/fr\/produit\/extensions-de-croisements-waytoplay\/#primaryimage\",\"url\":\"https:\/\/teiaeducation.ch\/wp-content\/uploads\/2020\/11\/Crossing-extension-set-Waytoplay.jpg\",\"contentUrl\":\"https:\/\/teiaeducation.ch\/wp-content\/uploads\/2020\/11\/Crossing-extension-set-Waytoplay.jpg\",\"width\":816,\"height\":816,\"caption\":\"Ensemble d\u2019extensions de croisements - Waytoplay\"},{\"@type\":\"BreadcrumbList\",\"@id\":\"https:\/\/teiaeducation.ch\/fr\/produit\/extensions-de-croisements-waytoplay\/#breadcrumb\",\"itemListElement\":[{\"@type\":\"ListItem\",\"position\":1,\"name\":\"Home\",\"item\":\"https:\/\/teiaeducation.ch\/fr\/\"},{\"@type\":\"ListItem\",\"position\":2,\"name\":\"Boutique Teia Education &amp; Play\",\"item\":\"https:\/\/teiaeducation.ch\/fr\/boutique\/\"},{\"@type\":\"ListItem\",\"position\":3,\"name\":\"Nos Marques\",\"item\":\"https:\/\/teiaeducation.ch\/fr\/categorie-produit\/marques\/\"},{\"@type\":\"ListItem\",\"position\":4,\"name\":\"Waytoplay\",\"item\":\"https:\/\/teiaeducation.ch\/fr\/categorie-produit\/marques\/waytoplay-fr\/\"},{\"@type\":\"ListItem\",\"position\":5,\"name\":\"Extensions de croisements \u2013 Waytoplay\"}]},{\"@type\":\"WebSite\",\"@id\":\"https:\/\/teiaeducation.ch\/fr\/#website\",\"url\":\"https:\/\/teiaeducation.ch\/fr\/\",\"name\":\"Sustainable Educational Products &amp; Ecological Toys\u00a0\",\"description\":\"Specialised Swiss shop selling sustainable educational toys and games, AMI certified Montessori materials, handmade ecological wooden Waldorf toys and arts &amp; crafts supplies, school supplies, children&#039;s furniture and Montessori reference and parenting books.\",\"publisher\":{\"@id\":\"https:\/\/teiaeducation.ch\/fr\/#organization\"},\"alternateName\":\"Teia Education & Play\",\"potentialAction\":[{\"@type\":\"SearchAction\",\"target\":{\"@type\":\"EntryPoint\",\"urlTemplate\":\"https:\/\/teiaeducation.ch\/fr\/?s={search_term_string}\"},\"query-input\":{\"@type\":\"PropertyValueSpecification\",\"valueRequired\":true,\"valueName\":\"search_term_string\"}}],\"inLanguage\":\"fr-FR\"},{\"@type\":\"Organization\",\"@id\":\"https:\/\/teiaeducation.ch\/fr\/#organization\",\"name\":\"Teia Education & Play\",\"url\":\"https:\/\/teiaeducation.ch\/fr\/\",\"logo\":{\"@type\":\"ImageObject\",\"inLanguage\":\"fr-FR\",\"@id\":\"https:\/\/teiaeducation.ch\/fr\/#\/schema\/logo\/image\/\",\"url\":\"https:\/\/teiaeducation.ch\/wp-content\/uploads\/2020\/11\/Teia-Education-Switzerland-e1620156442216.jpg\",\"contentUrl\":\"https:\/\/teiaeducation.ch\/wp-content\/uploads\/2020\/11\/Teia-Education-Switzerland-e1620156442216.jpg\",\"width\":166,\"height\":145,\"caption\":\"Teia Education & Play\"},\"image\":{\"@id\":\"https:\/\/teiaeducation.ch\/fr\/#\/schema\/logo\/image\/\"},\"sameAs\":[\"https:\/\/www.facebook.com\/teiaeducation\/\",\"https:\/\/x.com\/EducationTeia\",\"https:\/\/www.instagram.com\/teia.education\/\",\"https:\/\/www.linkedin.com\/company\/35501660\",\"https:\/\/www.pinterest.ch\/TeiaEducation\/\"]}]}<\/script>\n<!-- \/ Yoast SEO plugin. -->","yoast_head_json":{"title":"Extensions de croisements \u2013 Waytoplay - Teia Education & Play","description":"Les extensions de croisements Waytoplay contient 2 passages \u00e0 niveau et 2 ronds-points pour encore plus de plaisir avec les routes Waytoplay.","robots":{"index":"index","follow":"follow","max-snippet":"max-snippet:-1","max-image-preview":"max-image-preview:large","max-video-preview":"max-video-preview:-1"},"canonical":"https:\/\/teiaeducation.ch\/fr\/produit\/extensions-de-croisements-waytoplay\/","og_locale":"fr_FR","og_type":"article","og_title":"Extensions de croisements \u2013 Waytoplay - Teia Education & Play","og_description":"Les extensions de croisements Waytoplay contient 2 passages \u00e0 niveau et 2 ronds-points pour encore plus de plaisir avec les routes Waytoplay.","og_url":"https:\/\/teiaeducation.ch\/fr\/produit\/extensions-de-croisements-waytoplay\/","og_site_name":"Sustainable Educational Products &amp; Ecological Toys\u00a0","article_publisher":"https:\/\/www.facebook.com\/teiaeducation\/","article_modified_time":"2022-03-09T15:16:15+00:00","og_image":[{"width":816,"height":816,"url":"https:\/\/teiaeducation.ch\/wp-content\/uploads\/2020\/11\/Crossing-extension-set-Waytoplay.jpg","type":"image\/jpeg"}],"schema":{"@context":"https:\/\/schema.org","@graph":[{"@type":"WebPage","@id":"https:\/\/teiaeducation.ch\/fr\/produit\/extensions-de-croisements-waytoplay\/","url":"https:\/\/teiaeducation.ch\/fr\/produit\/extensions-de-croisements-waytoplay\/","name":"Extensions de croisements \u2013 Waytoplay - Teia Education & Play","isPartOf":{"@id":"https:\/\/teiaeducation.ch\/fr\/#website"},"primaryImageOfPage":{"@id":"https:\/\/teiaeducation.ch\/fr\/produit\/extensions-de-croisements-waytoplay\/#primaryimage"},"image":{"@id":"https:\/\/teiaeducation.ch\/fr\/produit\/extensions-de-croisements-waytoplay\/#primaryimage"},"thumbnailUrl":"https:\/\/teiaeducation.ch\/wp-content\/uploads\/2020\/11\/Crossing-extension-set-Waytoplay.jpg","datePublished":"2020-12-11T13:28:06+00:00","dateModified":"2022-03-09T15:16:15+00:00","description":"Les extensions de croisements Waytoplay contient 2 passages \u00e0 niveau et 2 ronds-points pour encore plus de plaisir avec les routes Waytoplay.","breadcrumb":{"@id":"https:\/\/teiaeducation.ch\/fr\/produit\/extensions-de-croisements-waytoplay\/#breadcrumb"},"inLanguage":"fr-FR","potentialAction":[{"@type":"ReadAction","target":["https:\/\/teiaeducation.ch\/fr\/produit\/extensions-de-croisements-waytoplay\/"]}]},{"@type":"ImageObject","inLanguage":"fr-FR","@id":"https:\/\/teiaeducation.ch\/fr\/produit\/extensions-de-croisements-waytoplay\/#primaryimage","url":"https:\/\/teiaeducation.ch\/wp-content\/uploads\/2020\/11\/Crossing-extension-set-Waytoplay.jpg","contentUrl":"https:\/\/teiaeducation.ch\/wp-content\/uploads\/2020\/11\/Crossing-extension-set-Waytoplay.jpg","width":816,"height":816,"caption":"Ensemble d\u2019extensions de croisements - Waytoplay"},{"@type":"BreadcrumbList","@id":"https:\/\/teiaeducation.ch\/fr\/produit\/extensions-de-croisements-waytoplay\/#breadcrumb","itemListElement":[{"@type":"ListItem","position":1,"name":"Home","item":"https:\/\/teiaeducation.ch\/fr\/"},{"@type":"ListItem","position":2,"name":"Boutique Teia Education &amp; Play","item":"https:\/\/teiaeducation.ch\/fr\/boutique\/"},{"@type":"ListItem","position":3,"name":"Nos Marques","item":"https:\/\/teiaeducation.ch\/fr\/categorie-produit\/marques\/"},{"@type":"ListItem","position":4,"name":"Waytoplay","item":"https:\/\/teiaeducation.ch\/fr\/categorie-produit\/marques\/waytoplay-fr\/"},{"@type":"ListItem","position":5,"name":"Extensions de croisements \u2013 Waytoplay"}]},{"@type":"WebSite","@id":"https:\/\/teiaeducation.ch\/fr\/#website","url":"https:\/\/teiaeducation.ch\/fr\/","name":"Sustainable Educational Products &amp; Ecological Toys\u00a0","description":"Specialised Swiss shop selling sustainable educational toys and games, AMI certified Montessori materials, handmade ecological wooden Waldorf toys and arts &amp; crafts supplies, school supplies, children&#039;s furniture and Montessori reference and parenting books.","publisher":{"@id":"https:\/\/teiaeducation.ch\/fr\/#organization"},"alternateName":"Teia Education & Play","potentialAction":[{"@type":"SearchAction","target":{"@type":"EntryPoint","urlTemplate":"https:\/\/teiaeducation.ch\/fr\/?s={search_term_string}"},"query-input":{"@type":"PropertyValueSpecification","valueRequired":true,"valueName":"search_term_string"}}],"inLanguage":"fr-FR"},{"@type":"Organization","@id":"https:\/\/teiaeducation.ch\/fr\/#organization","name":"Teia Education & Play","url":"https:\/\/teiaeducation.ch\/fr\/","logo":{"@type":"ImageObject","inLanguage":"fr-FR","@id":"https:\/\/teiaeducation.ch\/fr\/#\/schema\/logo\/image\/","url":"https:\/\/teiaeducation.ch\/wp-content\/uploads\/2020\/11\/Teia-Education-Switzerland-e1620156442216.jpg","contentUrl":"https:\/\/teiaeducation.ch\/wp-content\/uploads\/2020\/11\/Teia-Education-Switzerland-e1620156442216.jpg","width":166,"height":145,"caption":"Teia Education & Play"},"image":{"@id":"https:\/\/teiaeducation.ch\/fr\/#\/schema\/logo\/image\/"},"sameAs":["https:\/\/www.facebook.com\/teiaeducation\/","https:\/\/x.com\/EducationTeia","https:\/\/www.instagram.com\/teia.education\/","https:\/\/www.linkedin.com\/company\/35501660","https:\/\/www.pinterest.ch\/TeiaEducation\/"]}]}},"_links":{"self":[{"href":"https:\/\/teiaeducation.ch\/fr\/wp-json\/wp\/v2\/product\/32373","targetHints":{"allow":["GET"]}}],"collection":[{"href":"https:\/\/teiaeducation.ch\/fr\/wp-json\/wp\/v2\/product"}],"about":[{"href":"https:\/\/teiaeducation.ch\/fr\/wp-json\/wp\/v2\/types\/product"}],"replies":[{"embeddable":true,"href":"https:\/\/teiaeducation.ch\/fr\/wp-json\/wp\/v2\/comments?post=32373"}],"wp:featuredmedia":[{"embeddable":true,"href":"https:\/\/teiaeducation.ch\/fr\/wp-json\/wp\/v2\/media\/31823"}],"wp:attachment":[{"href":"https:\/\/teiaeducation.ch\/fr\/wp-json\/wp\/v2\/media?parent=32373"}],"wp:term":[{"taxonomy":"product_brand","embeddable":true,"href":"https:\/\/teiaeducation.ch\/fr\/wp-json\/wp\/v2\/product_brand?post=32373"},{"taxonomy":"product_cat","embeddable":true,"href":"https:\/\/teiaeducation.ch\/fr\/wp-json\/wp\/v2\/product_cat?post=32373"},{"taxonomy":"product_tag","embeddable":true,"href":"https:\/\/teiaeducation.ch\/fr\/wp-json\/wp\/v2\/product_tag?post=32373"}],"curies":[{"name":"wp","href":"https:\/\/api.w.org\/{rel}","templated":true}]}}