{"id":32379,"date":"2020-04-23T16:39:39","date_gmt":"2020-04-23T14:39:39","guid":{"rendered":"https:\/\/teiaeducation.ch\/product\/ensemble-daeroport-le-toy-van\/"},"modified":"2023-11-26T14:45:17","modified_gmt":"2023-11-26T13:45:17","slug":"ensemble-aeroport-le-toy-van","status":"publish","type":"product","link":"https:\/\/teiaeducation.ch\/fr\/produit\/ensemble-aeroport-le-toy-van\/","title":{"rendered":"Ensemble d\u2019a\u00e9roport &#8211; Le Toy Van"},"content":{"rendered":"<p>L\u2019ensemble d\u2019a\u00e9roport Le Toy Van se compose de 6 v\u00e9hicules jouet en bois; un h\u00e9licopt\u00e8re, un moteur d\u2019incendie essentiel, un h\u00e9licopt\u00e8re de levage lourd de style chinook, un avion de tourisme, une navette et 2 c\u00f4nes enti\u00e8rement fabriqu\u00e9s \u00e0 partir de bois. Les v\u00e9hicules sont mis \u00e0 l\u2019\u00e9chelle vers les garages et les tapis de jeu Le Toy Van et sont \u00e9galement compatibles avec les ensembles de voies ferr\u00e9es en bois. Ce joli ensemble encourage le jeu de r\u00f4le et l\u2019imagination cr\u00e9ative, les comp\u00e9tences sociales et le d\u00e9veloppement du langage.<\/p>\n<p>Fabriqu\u00e9s \u00e0 partir de bois de caoutchouc durable et durable, les v\u00e9hicules de l\u2019a\u00e9roport sont des jouets s\u00fbrs aux bords ponc\u00e9s et sont d\u00e9cor\u00e9s de peintures non toxiques.<\/p>\n<p>Le Toy Van est une soci\u00e9t\u00e9 anglaise de jouets fond\u00e9e en 1995 et sp\u00e9cialis\u00e9e dans les jouets traditionnels en bois de haute qualit\u00e9 dans un style contemporain. Tous les jouets sont fabriqu\u00e9s \u00e9thiquement selon des normes rigoureuses de qualit\u00e9, de s\u00e9curit\u00e9 et de durabilit\u00e9, en utilisant des mat\u00e9riaux naturels, y compris le caoutchouc-bois lisse recycl\u00e9. Ils sont test\u00e9s selon les normes de s\u00e9curit\u00e9 les plus \u00e9lev\u00e9es et sont conformes aux normes de s\u00e9curit\u00e9 EN-71 et ASTM.<\/p>\n<p>Ces jouets innovants et magnifiquement con\u00e7us encouragent l\u2019apprentissage pr\u00e9coce gr\u00e2ce \u00e0 des jeux de r\u00f4le imaginatifs, offrant de nombreuses possibilit\u00e9s de d\u00e9veloppement linguistique et social ainsi que la motricit\u00e9 fine et sont faits pour durer et \u00eatre appr\u00e9ci\u00e9s pour les g\u00e9n\u00e9rations \u00e0 venir.<\/p>\n<p>Ce jouet convient aux enfants \u00e2g\u00e9s de 3 ans et plus.<\/p>\n<p>Contenu:<\/p>\n<p>6 v\u00e9hicules en bois<br \/>\n2 c\u00f4nes en bois<\/p>\n","protected":false},"excerpt":{"rendered":"<p>Num\u00e9ro d\u2019article: ltvtv380<\/p>\n<p>L\u2019ensemble d&#8217;a\u00e9roport Le Toy Van se compose de 6 v\u00e9hicules jouet et 2 c\u00f4nes enti\u00e8rement fabriqu\u00e9s \u00e0 partir de bois de caoutchouc durable.<\/p>\n","protected":false},"featured_media":25706,"comment_status":"open","ping_status":"closed","template":"","meta":[],"product_brand":[],"product_cat":[215,17241,13130,13139,13152,217,5851,212,17236],"product_tag":[18122,18059,18124,18123],"class_list":{"0":"post-32379","1":"product","2":"type-product","3":"status-publish","4":"has-post-thumbnail","6":"product_cat-3-6-ans","7":"product_cat-guide-cadeaux-3-6-ans","8":"product_cat-jouer","9":"product_cat-jeu-imaginatif-faire-semblant","10":"product_cat-le-toy-van-fr","11":"product_cat-marques","12":"product_cat-nouveautes","13":"product_cat-tranche-dage","14":"product_cat-voitures-vehicules","15":"product_tag-ensemble-daeroport-le-toy-van","16":"product_tag-le-toy-van-fr","17":"product_tag-plan-en-bois-de-jouet","18":"product_tag-vehicules-daeroport-en-bois","20":"first","21":"outofstock","22":"taxable","23":"shipping-taxable","24":"purchasable","25":"product-type-simple"},"yoast_head":"<!-- This site is optimized with the Yoast SEO plugin v27.1.1 - https:\/\/yoast.com\/product\/yoast-seo-wordpress\/ -->\n<title>Ensemble d\u2019a\u00e9roport - Le Toy Van - Teia Education &amp; Play<\/title>\n<meta name=\"description\" content=\"L\u2019ensemble d&#039;a\u00e9roport Le Toy Van se compose de 6 v\u00e9hicules jouet et 2 c\u00f4nes enti\u00e8rement fabriqu\u00e9s \u00e0 partir de bois de caoutchouc durable.\" \/>\n<meta name=\"robots\" content=\"index, follow, max-snippet:-1, max-image-preview:large, max-video-preview:-1\" \/>\n<link rel=\"canonical\" href=\"https:\/\/teiaeducation.ch\/fr\/produit\/ensemble-aeroport-le-toy-van\/\" \/>\n<meta property=\"og:locale\" content=\"fr_FR\" \/>\n<meta property=\"og:type\" content=\"article\" \/>\n<meta property=\"og:title\" content=\"Ensemble d\u2019a\u00e9roport - Le Toy Van - Teia Education &amp; Play\" \/>\n<meta property=\"og:description\" content=\"L\u2019ensemble d&#039;a\u00e9roport Le Toy Van se compose de 6 v\u00e9hicules jouet et 2 c\u00f4nes enti\u00e8rement fabriqu\u00e9s \u00e0 partir de bois de caoutchouc durable.\" \/>\n<meta property=\"og:url\" content=\"https:\/\/teiaeducation.ch\/fr\/produit\/ensemble-aeroport-le-toy-van\/\" \/>\n<meta property=\"og:site_name\" content=\"Sustainable Educational Products &amp; Ecological Toys\u00a0\" \/>\n<meta property=\"article:publisher\" content=\"https:\/\/www.facebook.com\/teiaeducation\/\" \/>\n<meta property=\"article:modified_time\" content=\"2023-11-26T13:45:17+00:00\" \/>\n<meta property=\"og:image\" content=\"https:\/\/teiaeducation.ch\/wp-content\/uploads\/2020\/04\/Airport-Set-Le-Toy-Van-scaled-scaled.jpg\" \/>\n\t<meta property=\"og:image:width\" content=\"2048\" \/>\n\t<meta property=\"og:image:height\" content=\"830\" \/>\n\t<meta property=\"og:image:type\" content=\"image\/jpeg\" \/>\n<script type=\"application\/ld+json\" class=\"yoast-schema-graph\">{\"@context\":\"https:\/\/schema.org\",\"@graph\":[{\"@type\":\"WebPage\",\"@id\":\"https:\/\/teiaeducation.ch\/fr\/produit\/ensemble-aeroport-le-toy-van\/\",\"url\":\"https:\/\/teiaeducation.ch\/fr\/produit\/ensemble-aeroport-le-toy-van\/\",\"name\":\"Ensemble d\u2019a\u00e9roport - Le Toy Van - Teia Education & Play\",\"isPartOf\":{\"@id\":\"https:\/\/teiaeducation.ch\/fr\/#website\"},\"primaryImageOfPage\":{\"@id\":\"https:\/\/teiaeducation.ch\/fr\/produit\/ensemble-aeroport-le-toy-van\/#primaryimage\"},\"image\":{\"@id\":\"https:\/\/teiaeducation.ch\/fr\/produit\/ensemble-aeroport-le-toy-van\/#primaryimage\"},\"thumbnailUrl\":\"https:\/\/teiaeducation.ch\/wp-content\/uploads\/2020\/04\/Airport-Set-Le-Toy-Van-scaled-scaled.jpg\",\"datePublished\":\"2020-04-23T14:39:39+00:00\",\"dateModified\":\"2023-11-26T13:45:17+00:00\",\"description\":\"L\u2019ensemble d'a\u00e9roport Le Toy Van se compose de 6 v\u00e9hicules jouet et 2 c\u00f4nes enti\u00e8rement fabriqu\u00e9s \u00e0 partir de bois de caoutchouc durable.\",\"breadcrumb\":{\"@id\":\"https:\/\/teiaeducation.ch\/fr\/produit\/ensemble-aeroport-le-toy-van\/#breadcrumb\"},\"inLanguage\":\"fr-FR\",\"potentialAction\":[{\"@type\":\"ReadAction\",\"target\":[\"https:\/\/teiaeducation.ch\/fr\/produit\/ensemble-aeroport-le-toy-van\/\"]}]},{\"@type\":\"ImageObject\",\"inLanguage\":\"fr-FR\",\"@id\":\"https:\/\/teiaeducation.ch\/fr\/produit\/ensemble-aeroport-le-toy-van\/#primaryimage\",\"url\":\"https:\/\/teiaeducation.ch\/wp-content\/uploads\/2020\/04\/Airport-Set-Le-Toy-Van-scaled-scaled.jpg\",\"contentUrl\":\"https:\/\/teiaeducation.ch\/wp-content\/uploads\/2020\/04\/Airport-Set-Le-Toy-Van-scaled-scaled.jpg\",\"width\":2048,\"height\":830,\"caption\":\"Ensemble d\u2019a\u00e9roport - Le Toy Van\"},{\"@type\":\"BreadcrumbList\",\"@id\":\"https:\/\/teiaeducation.ch\/fr\/produit\/ensemble-aeroport-le-toy-van\/#breadcrumb\",\"itemListElement\":[{\"@type\":\"ListItem\",\"position\":1,\"name\":\"Home\",\"item\":\"https:\/\/teiaeducation.ch\/fr\/\"},{\"@type\":\"ListItem\",\"position\":2,\"name\":\"Boutique Teia Education &amp; Play\",\"item\":\"https:\/\/teiaeducation.ch\/fr\/boutique\/\"},{\"@type\":\"ListItem\",\"position\":3,\"name\":\"Nos Marques\",\"item\":\"https:\/\/teiaeducation.ch\/fr\/categorie-produit\/marques\/\"},{\"@type\":\"ListItem\",\"position\":4,\"name\":\"Le Toy Van\",\"item\":\"https:\/\/teiaeducation.ch\/fr\/categorie-produit\/marques\/le-toy-van-fr\/\"},{\"@type\":\"ListItem\",\"position\":5,\"name\":\"Ensemble d\u2019a\u00e9roport &#8211; Le Toy Van\"}]},{\"@type\":\"WebSite\",\"@id\":\"https:\/\/teiaeducation.ch\/fr\/#website\",\"url\":\"https:\/\/teiaeducation.ch\/fr\/\",\"name\":\"Sustainable Educational Products &amp; Ecological Toys\u00a0\",\"description\":\"Specialised Swiss shop selling sustainable educational toys and games, AMI certified Montessori materials, handmade ecological wooden Waldorf toys and arts &amp; crafts supplies, school supplies, children&#039;s furniture and Montessori reference and parenting books.\",\"publisher\":{\"@id\":\"https:\/\/teiaeducation.ch\/fr\/#organization\"},\"alternateName\":\"Teia Education & Play\",\"potentialAction\":[{\"@type\":\"SearchAction\",\"target\":{\"@type\":\"EntryPoint\",\"urlTemplate\":\"https:\/\/teiaeducation.ch\/fr\/?s={search_term_string}\"},\"query-input\":{\"@type\":\"PropertyValueSpecification\",\"valueRequired\":true,\"valueName\":\"search_term_string\"}}],\"inLanguage\":\"fr-FR\"},{\"@type\":\"Organization\",\"@id\":\"https:\/\/teiaeducation.ch\/fr\/#organization\",\"name\":\"Teia Education & Play\",\"url\":\"https:\/\/teiaeducation.ch\/fr\/\",\"logo\":{\"@type\":\"ImageObject\",\"inLanguage\":\"fr-FR\",\"@id\":\"https:\/\/teiaeducation.ch\/fr\/#\/schema\/logo\/image\/\",\"url\":\"https:\/\/teiaeducation.ch\/wp-content\/uploads\/2020\/11\/Teia-Education-Switzerland-e1620156442216.jpg\",\"contentUrl\":\"https:\/\/teiaeducation.ch\/wp-content\/uploads\/2020\/11\/Teia-Education-Switzerland-e1620156442216.jpg\",\"width\":166,\"height\":145,\"caption\":\"Teia Education & Play\"},\"image\":{\"@id\":\"https:\/\/teiaeducation.ch\/fr\/#\/schema\/logo\/image\/\"},\"sameAs\":[\"https:\/\/www.facebook.com\/teiaeducation\/\",\"https:\/\/x.com\/EducationTeia\",\"https:\/\/www.instagram.com\/teia.education\/\",\"https:\/\/www.linkedin.com\/company\/35501660\",\"https:\/\/www.pinterest.ch\/TeiaEducation\/\"]}]}<\/script>\n<!-- \/ Yoast SEO plugin. -->","yoast_head_json":{"title":"Ensemble d\u2019a\u00e9roport - Le Toy Van - Teia Education & Play","description":"L\u2019ensemble d'a\u00e9roport Le Toy Van se compose de 6 v\u00e9hicules jouet et 2 c\u00f4nes enti\u00e8rement fabriqu\u00e9s \u00e0 partir de bois de caoutchouc durable.","robots":{"index":"index","follow":"follow","max-snippet":"max-snippet:-1","max-image-preview":"max-image-preview:large","max-video-preview":"max-video-preview:-1"},"canonical":"https:\/\/teiaeducation.ch\/fr\/produit\/ensemble-aeroport-le-toy-van\/","og_locale":"fr_FR","og_type":"article","og_title":"Ensemble d\u2019a\u00e9roport - Le Toy Van - Teia Education & Play","og_description":"L\u2019ensemble d'a\u00e9roport Le Toy Van se compose de 6 v\u00e9hicules jouet et 2 c\u00f4nes enti\u00e8rement fabriqu\u00e9s \u00e0 partir de bois de caoutchouc durable.","og_url":"https:\/\/teiaeducation.ch\/fr\/produit\/ensemble-aeroport-le-toy-van\/","og_site_name":"Sustainable Educational Products &amp; Ecological Toys\u00a0","article_publisher":"https:\/\/www.facebook.com\/teiaeducation\/","article_modified_time":"2023-11-26T13:45:17+00:00","og_image":[{"width":2048,"height":830,"url":"https:\/\/teiaeducation.ch\/wp-content\/uploads\/2020\/04\/Airport-Set-Le-Toy-Van-scaled-scaled.jpg","type":"image\/jpeg"}],"schema":{"@context":"https:\/\/schema.org","@graph":[{"@type":"WebPage","@id":"https:\/\/teiaeducation.ch\/fr\/produit\/ensemble-aeroport-le-toy-van\/","url":"https:\/\/teiaeducation.ch\/fr\/produit\/ensemble-aeroport-le-toy-van\/","name":"Ensemble d\u2019a\u00e9roport - Le Toy Van - Teia Education & Play","isPartOf":{"@id":"https:\/\/teiaeducation.ch\/fr\/#website"},"primaryImageOfPage":{"@id":"https:\/\/teiaeducation.ch\/fr\/produit\/ensemble-aeroport-le-toy-van\/#primaryimage"},"image":{"@id":"https:\/\/teiaeducation.ch\/fr\/produit\/ensemble-aeroport-le-toy-van\/#primaryimage"},"thumbnailUrl":"https:\/\/teiaeducation.ch\/wp-content\/uploads\/2020\/04\/Airport-Set-Le-Toy-Van-scaled-scaled.jpg","datePublished":"2020-04-23T14:39:39+00:00","dateModified":"2023-11-26T13:45:17+00:00","description":"L\u2019ensemble d'a\u00e9roport Le Toy Van se compose de 6 v\u00e9hicules jouet et 2 c\u00f4nes enti\u00e8rement fabriqu\u00e9s \u00e0 partir de bois de caoutchouc durable.","breadcrumb":{"@id":"https:\/\/teiaeducation.ch\/fr\/produit\/ensemble-aeroport-le-toy-van\/#breadcrumb"},"inLanguage":"fr-FR","potentialAction":[{"@type":"ReadAction","target":["https:\/\/teiaeducation.ch\/fr\/produit\/ensemble-aeroport-le-toy-van\/"]}]},{"@type":"ImageObject","inLanguage":"fr-FR","@id":"https:\/\/teiaeducation.ch\/fr\/produit\/ensemble-aeroport-le-toy-van\/#primaryimage","url":"https:\/\/teiaeducation.ch\/wp-content\/uploads\/2020\/04\/Airport-Set-Le-Toy-Van-scaled-scaled.jpg","contentUrl":"https:\/\/teiaeducation.ch\/wp-content\/uploads\/2020\/04\/Airport-Set-Le-Toy-Van-scaled-scaled.jpg","width":2048,"height":830,"caption":"Ensemble d\u2019a\u00e9roport - Le Toy Van"},{"@type":"BreadcrumbList","@id":"https:\/\/teiaeducation.ch\/fr\/produit\/ensemble-aeroport-le-toy-van\/#breadcrumb","itemListElement":[{"@type":"ListItem","position":1,"name":"Home","item":"https:\/\/teiaeducation.ch\/fr\/"},{"@type":"ListItem","position":2,"name":"Boutique Teia Education &amp; Play","item":"https:\/\/teiaeducation.ch\/fr\/boutique\/"},{"@type":"ListItem","position":3,"name":"Nos Marques","item":"https:\/\/teiaeducation.ch\/fr\/categorie-produit\/marques\/"},{"@type":"ListItem","position":4,"name":"Le Toy Van","item":"https:\/\/teiaeducation.ch\/fr\/categorie-produit\/marques\/le-toy-van-fr\/"},{"@type":"ListItem","position":5,"name":"Ensemble d\u2019a\u00e9roport &#8211; Le Toy Van"}]},{"@type":"WebSite","@id":"https:\/\/teiaeducation.ch\/fr\/#website","url":"https:\/\/teiaeducation.ch\/fr\/","name":"Sustainable Educational Products &amp; Ecological Toys\u00a0","description":"Specialised Swiss shop selling sustainable educational toys and games, AMI certified Montessori materials, handmade ecological wooden Waldorf toys and arts &amp; crafts supplies, school supplies, children&#039;s furniture and Montessori reference and parenting books.","publisher":{"@id":"https:\/\/teiaeducation.ch\/fr\/#organization"},"alternateName":"Teia Education & Play","potentialAction":[{"@type":"SearchAction","target":{"@type":"EntryPoint","urlTemplate":"https:\/\/teiaeducation.ch\/fr\/?s={search_term_string}"},"query-input":{"@type":"PropertyValueSpecification","valueRequired":true,"valueName":"search_term_string"}}],"inLanguage":"fr-FR"},{"@type":"Organization","@id":"https:\/\/teiaeducation.ch\/fr\/#organization","name":"Teia Education & Play","url":"https:\/\/teiaeducation.ch\/fr\/","logo":{"@type":"ImageObject","inLanguage":"fr-FR","@id":"https:\/\/teiaeducation.ch\/fr\/#\/schema\/logo\/image\/","url":"https:\/\/teiaeducation.ch\/wp-content\/uploads\/2020\/11\/Teia-Education-Switzerland-e1620156442216.jpg","contentUrl":"https:\/\/teiaeducation.ch\/wp-content\/uploads\/2020\/11\/Teia-Education-Switzerland-e1620156442216.jpg","width":166,"height":145,"caption":"Teia Education & Play"},"image":{"@id":"https:\/\/teiaeducation.ch\/fr\/#\/schema\/logo\/image\/"},"sameAs":["https:\/\/www.facebook.com\/teiaeducation\/","https:\/\/x.com\/EducationTeia","https:\/\/www.instagram.com\/teia.education\/","https:\/\/www.linkedin.com\/company\/35501660","https:\/\/www.pinterest.ch\/TeiaEducation\/"]}]}},"_links":{"self":[{"href":"https:\/\/teiaeducation.ch\/fr\/wp-json\/wp\/v2\/product\/32379","targetHints":{"allow":["GET"]}}],"collection":[{"href":"https:\/\/teiaeducation.ch\/fr\/wp-json\/wp\/v2\/product"}],"about":[{"href":"https:\/\/teiaeducation.ch\/fr\/wp-json\/wp\/v2\/types\/product"}],"replies":[{"embeddable":true,"href":"https:\/\/teiaeducation.ch\/fr\/wp-json\/wp\/v2\/comments?post=32379"}],"wp:featuredmedia":[{"embeddable":true,"href":"https:\/\/teiaeducation.ch\/fr\/wp-json\/wp\/v2\/media\/25706"}],"wp:attachment":[{"href":"https:\/\/teiaeducation.ch\/fr\/wp-json\/wp\/v2\/media?parent=32379"}],"wp:term":[{"taxonomy":"product_brand","embeddable":true,"href":"https:\/\/teiaeducation.ch\/fr\/wp-json\/wp\/v2\/product_brand?post=32379"},{"taxonomy":"product_cat","embeddable":true,"href":"https:\/\/teiaeducation.ch\/fr\/wp-json\/wp\/v2\/product_cat?post=32379"},{"taxonomy":"product_tag","embeddable":true,"href":"https:\/\/teiaeducation.ch\/fr\/wp-json\/wp\/v2\/product_tag?post=32379"}],"curies":[{"name":"wp","href":"https:\/\/api.w.org\/{rel}","templated":true}]}}