{"id":32380,"date":"2020-04-03T19:23:32","date_gmt":"2020-04-03T17:23:32","guid":{"rendered":"https:\/\/teiaeducation.ch\/product\/grand-prix-waytoplay\/"},"modified":"2020-11-25T11:10:58","modified_gmt":"2020-11-25T10:10:58","slug":"grand-prix-waytoplay-2","status":"publish","type":"product","link":"https:\/\/teiaeducation.ch\/fr\/produit\/grand-prix-waytoplay-2\/","title":{"rendered":"Grand Prix &#8211; Waytoplay"},"content":{"rendered":"<p>Grand Prix \/ pi\u00e8ces de route flexibles &#8211; Waytoplay<\/p>\n<p>L\u2019ensemble Waytoplay Grand Prix contient 24 pi\u00e8ces\/composants routiers flexibles qui peuvent \u00eatre utilis\u00e9s sur presque n\u2019importe quelle surface : \u00e0 l\u2019int\u00e9rieur ou \u00e0 l\u2019ext\u00e9rieur. Le circuit de course du Grand Prix a une longueur totale de 384 centim\u00e8tres et comprend 16 courbes et 8 lignes droites.<\/p>\n<p>Grand Prix est un jouet g\u00e9nial pour le jeu imaginatif des enfants leur permettant de cr\u00e9er leur propre circuit de course, histoires de course et des cartes routi\u00e8res pour leurs jouets pr\u00e9f\u00e9r\u00e9s et les v\u00e9hicules. La route est enti\u00e8rement compatible avec les ensembles Waytoplay existants et peut \u00eatre agrandie.<\/p>\n<p><span class=\"s1\">Les pi\u00e8ces de route Grand Prix Waytoplay sont faites de fa\u00e7on 100% s\u00fbre pour les enfants et durable<\/span><span class=\"s2\"> <\/span><span class=\"s1\">PVC sans<\/span> BPA, cadmium, PAH et Phtalates gratuits et conformes \u00e0 la norme la plus \u00e9lev\u00e9e <span class=\"s1\">des \u00c9tats-Unis et de l\u2019Europe EN-71 pour les jouets<\/span><span class=\"s1\">. Toutes les ressources utilis\u00e9es pour produire les<a href=\"https:\/\/teiaeducation.ch\/product-category\/play\/flexible-road-parts\/\">pi\u00e8ces de route<\/a> proviennent d\u2019Allemagne. Cela signifie que le jouet est produit localement, de mani\u00e8re fiable, et qu&#8217;il est certifi\u00e9 et enregistr\u00e9.<\/span><\/p>\n<p>Avec un design original n\u00e9erlandais, Waytoplay est fier de soutenir un fournisseur d\u2019emploi prot\u00e9g\u00e9 aux Pays-Bas qui imprime tous les segments de route et s&#8217;occupe de la plupart des emballages.<\/p>\n<p>Ce mat\u00e9riel convient aux enfants \u00e2g\u00e9s de 0 ans et plus.<\/p>\n<p>Contenu:<\/p>\n<p>24 parties de route (au total 384 cm)<\/p>\n","protected":false},"excerpt":{"rendered":"<p>Num\u00e9ro d\u2019article: wtp24gp<\/p>\n<p>L\u2019ensemble de pi\u00e8ces de route flexibles Waytoplay Grand Prix est un excellent jouet pour le jeu imaginatif des enfants, leur permettant de cr\u00e9er leurs propres circuits et cartes routi\u00e8res pour leurs jouets et v\u00e9hicules pr\u00e9f\u00e9r\u00e9s!<\/p>\n","protected":false},"featured_media":24685,"comment_status":"open","ping_status":"closed","template":"","meta":[],"product_brand":[],"product_cat":[208,8527,215,8580,216,13138,8526,8572,13130,23132,217,5851,212,17236,13126],"product_tag":[18126,18115,18116,18114,18118,18112,18125,17951,18113,17950],"class_list":{"0":"post-32380","1":"product","2":"type-product","3":"status-publish","4":"has-post-thumbnail","6":"product_cat-1-3-ans","7":"product_cat-3-6-ans-ecole-a-domicile","8":"product_cat-3-6-ans","9":"product_cat-6-12-ans-ecole-a-domicile","10":"product_cat-6-12-ans","11":"product_cat-elements-routiers-flexibles","12":"product_cat-fournitures-scolaires-a-domicile","13":"product_cat-jeu-et-apprentissage-pour-bebes-et-jeunes-enfants","14":"product_cat-jouer","15":"product_cat-jouets-de-plein-air","16":"product_cat-marques","17":"product_cat-nouveautes","18":"product_cat-tranche-dage","19":"product_cat-voitures-vehicules","20":"product_cat-waytoplay-fr","21":"product_tag-accessoires-jouet-voiture","22":"product_tag-facon-de-jouer-au-jeu-ouvert","23":"product_tag-jeu-imaginatif","24":"product_tag-parties-de-route-waytoplay","25":"product_tag-pieces-de-route-flexibles-de-jouets","26":"product_tag-way-to-play-switzerland-fr","27":"product_tag-waytoplay-grand-prix","28":"product_tag-waytoplay-suisse-fr","29":"product_tag-waytoplay-suisse-fr-2","30":"product_tag-waytoplay-switzerland-fr","32":"first","33":"outofstock","34":"taxable","35":"shipping-taxable","36":"purchasable","37":"product-type-simple"},"yoast_head":"<!-- This site is optimized with the Yoast SEO Premium plugin v25.8 (Yoast SEO v27.4) - https:\/\/yoast.com\/product\/yoast-seo-premium-wordpress\/ -->\n<title>Grand Prix - Waytoplay - Teia Education &amp; Play<\/title>\n<meta name=\"description\" content=\"L\u2019ensemble Waytoplay Grand Prix contient 24 pi\u00e8ces de route flexibles faciles \u00e0 connecter qui peuvent \u00eatre utilis\u00e9es sur presque n\u2019importe quelle surface : \u00e0 l\u2019int\u00e9rieur ou \u00e0 l\u2019ext\u00e9rieur.\" \/>\n<meta name=\"robots\" content=\"index, follow, max-snippet:-1, max-image-preview:large, max-video-preview:-1\" \/>\n<link rel=\"canonical\" href=\"https:\/\/teiaeducation.ch\/fr\/produit\/grand-prix-waytoplay-2\/\" \/>\n<meta property=\"og:locale\" content=\"fr_FR\" \/>\n<meta property=\"og:type\" content=\"article\" \/>\n<meta property=\"og:title\" content=\"Grand Prix - Waytoplay\" \/>\n<meta property=\"og:description\" content=\"L\u2019ensemble Waytoplay Grand Prix contient 24 pi\u00e8ces de route flexibles faciles \u00e0 connecter qui peuvent \u00eatre utilis\u00e9es sur presque n\u2019importe quelle surface : \u00e0 l\u2019int\u00e9rieur ou \u00e0 l\u2019ext\u00e9rieur.\" \/>\n<meta property=\"og:url\" content=\"https:\/\/teiaeducation.ch\/fr\/produit\/grand-prix-waytoplay-2\/\" \/>\n<meta property=\"og:site_name\" content=\"Sustainable Educational Products &amp; Ecological Toys\u00a0\" \/>\n<meta property=\"article:publisher\" content=\"https:\/\/www.facebook.com\/teiaeducation\/\" \/>\n<meta property=\"article:modified_time\" content=\"2020-11-25T10:10:58+00:00\" \/>\n<meta property=\"og:image\" content=\"https:\/\/teiaeducation.ch\/wp-content\/uploads\/2020\/04\/Grand-Prix-Waytoplay3.jpg\" \/>\n\t<meta property=\"og:image:width\" content=\"1060\" \/>\n\t<meta property=\"og:image:height\" content=\"747\" \/>\n\t<meta property=\"og:image:type\" content=\"image\/jpeg\" \/>\n<script type=\"application\/ld+json\" class=\"yoast-schema-graph\">{\"@context\":\"https:\\\/\\\/schema.org\",\"@graph\":[{\"@type\":\"WebPage\",\"@id\":\"https:\\\/\\\/teiaeducation.ch\\\/fr\\\/produit\\\/grand-prix-waytoplay-2\\\/\",\"url\":\"https:\\\/\\\/teiaeducation.ch\\\/fr\\\/produit\\\/grand-prix-waytoplay-2\\\/\",\"name\":\"Grand Prix - Waytoplay - Teia Education & Play\",\"isPartOf\":{\"@id\":\"https:\\\/\\\/teiaeducation.ch\\\/fr\\\/#website\"},\"primaryImageOfPage\":{\"@id\":\"https:\\\/\\\/teiaeducation.ch\\\/fr\\\/produit\\\/grand-prix-waytoplay-2\\\/#primaryimage\"},\"image\":{\"@id\":\"https:\\\/\\\/teiaeducation.ch\\\/fr\\\/produit\\\/grand-prix-waytoplay-2\\\/#primaryimage\"},\"thumbnailUrl\":\"https:\\\/\\\/teiaeducation.ch\\\/wp-content\\\/uploads\\\/2020\\\/04\\\/Grand-Prix-Waytoplay3.jpg\",\"datePublished\":\"2020-04-03T17:23:32+00:00\",\"dateModified\":\"2020-11-25T10:10:58+00:00\",\"description\":\"L\u2019ensemble Waytoplay Grand Prix contient 24 pi\u00e8ces de route flexibles faciles \u00e0 connecter qui peuvent \u00eatre utilis\u00e9es sur presque n\u2019importe quelle surface : \u00e0 l\u2019int\u00e9rieur ou \u00e0 l\u2019ext\u00e9rieur.\",\"breadcrumb\":{\"@id\":\"https:\\\/\\\/teiaeducation.ch\\\/fr\\\/produit\\\/grand-prix-waytoplay-2\\\/#breadcrumb\"},\"inLanguage\":\"fr-FR\",\"potentialAction\":[{\"@type\":\"ReadAction\",\"target\":[\"https:\\\/\\\/teiaeducation.ch\\\/fr\\\/produit\\\/grand-prix-waytoplay-2\\\/\"]}]},{\"@type\":\"ImageObject\",\"inLanguage\":\"fr-FR\",\"@id\":\"https:\\\/\\\/teiaeducation.ch\\\/fr\\\/produit\\\/grand-prix-waytoplay-2\\\/#primaryimage\",\"url\":\"https:\\\/\\\/teiaeducation.ch\\\/wp-content\\\/uploads\\\/2020\\\/04\\\/Grand-Prix-Waytoplay3.jpg\",\"contentUrl\":\"https:\\\/\\\/teiaeducation.ch\\\/wp-content\\\/uploads\\\/2020\\\/04\\\/Grand-Prix-Waytoplay3.jpg\",\"width\":1060,\"height\":747,\"caption\":\"Parties de route flexibles Grand Prix - Waytoplay\"},{\"@type\":\"BreadcrumbList\",\"@id\":\"https:\\\/\\\/teiaeducation.ch\\\/fr\\\/produit\\\/grand-prix-waytoplay-2\\\/#breadcrumb\",\"itemListElement\":[{\"@type\":\"ListItem\",\"position\":1,\"name\":\"Home\",\"item\":\"https:\\\/\\\/teiaeducation.ch\\\/fr\\\/\"},{\"@type\":\"ListItem\",\"position\":2,\"name\":\"Boutique Teia Education &amp; Play\",\"item\":\"https:\\\/\\\/teiaeducation.ch\\\/fr\\\/boutique\\\/\"},{\"@type\":\"ListItem\",\"position\":3,\"name\":\"Nos Marques\",\"item\":\"https:\\\/\\\/teiaeducation.ch\\\/fr\\\/categorie-produit\\\/marques\\\/\"},{\"@type\":\"ListItem\",\"position\":4,\"name\":\"Waytoplay\",\"item\":\"https:\\\/\\\/teiaeducation.ch\\\/fr\\\/categorie-produit\\\/marques\\\/waytoplay-fr\\\/\"},{\"@type\":\"ListItem\",\"position\":5,\"name\":\"Grand Prix &#8211; Waytoplay\"}]},{\"@type\":\"WebSite\",\"@id\":\"https:\\\/\\\/teiaeducation.ch\\\/fr\\\/#website\",\"url\":\"https:\\\/\\\/teiaeducation.ch\\\/fr\\\/\",\"name\":\"Sustainable Educational Products &amp; Ecological Toys\u00a0\",\"description\":\"Specialised Swiss shop selling sustainable educational toys and games, AMI certified Montessori materials, handmade ecological wooden Waldorf toys and arts &amp; crafts supplies, school supplies, children&#039;s furniture and Montessori reference and parenting books.\",\"publisher\":{\"@id\":\"https:\\\/\\\/teiaeducation.ch\\\/fr\\\/#organization\"},\"alternateName\":\"Teia Education & Play\",\"potentialAction\":[{\"@type\":\"SearchAction\",\"target\":{\"@type\":\"EntryPoint\",\"urlTemplate\":\"https:\\\/\\\/teiaeducation.ch\\\/fr\\\/?s={search_term_string}\"},\"query-input\":{\"@type\":\"PropertyValueSpecification\",\"valueRequired\":true,\"valueName\":\"search_term_string\"}}],\"inLanguage\":\"fr-FR\"},{\"@type\":\"Organization\",\"@id\":\"https:\\\/\\\/teiaeducation.ch\\\/fr\\\/#organization\",\"name\":\"Teia Education & Play\",\"url\":\"https:\\\/\\\/teiaeducation.ch\\\/fr\\\/\",\"logo\":{\"@type\":\"ImageObject\",\"inLanguage\":\"fr-FR\",\"@id\":\"https:\\\/\\\/teiaeducation.ch\\\/fr\\\/#\\\/schema\\\/logo\\\/image\\\/\",\"url\":\"https:\\\/\\\/teiaeducation.ch\\\/wp-content\\\/uploads\\\/2020\\\/11\\\/Teia-Education-Switzerland-e1620156442216.jpg\",\"contentUrl\":\"https:\\\/\\\/teiaeducation.ch\\\/wp-content\\\/uploads\\\/2020\\\/11\\\/Teia-Education-Switzerland-e1620156442216.jpg\",\"width\":166,\"height\":145,\"caption\":\"Teia Education & Play\"},\"image\":{\"@id\":\"https:\\\/\\\/teiaeducation.ch\\\/fr\\\/#\\\/schema\\\/logo\\\/image\\\/\"},\"sameAs\":[\"https:\\\/\\\/www.facebook.com\\\/teiaeducation\\\/\",\"https:\\\/\\\/x.com\\\/EducationTeia\",\"https:\\\/\\\/www.instagram.com\\\/teia.education\\\/\",\"https:\\\/\\\/www.linkedin.com\\\/company\\\/35501660\",\"https:\\\/\\\/www.pinterest.ch\\\/TeiaEducation\\\/\"]}]}<\/script>\n<meta property=\"product:price:amount\" content=\"79.90\" \/>\n<meta property=\"product:price:currency\" content=\"CHF\" \/>\n<meta property=\"og:availability\" content=\"out of stock\" \/>\n<meta property=\"product:availability\" content=\"out of stock\" \/>\n<meta property=\"product:retailer_item_id\" content=\"00000000000000000000000000000000000000000000024683\" \/>\n<meta property=\"product:condition\" content=\"new\" \/>\n<!-- \/ Yoast SEO Premium plugin. -->","yoast_head_json":{"title":"Grand Prix - Waytoplay - Teia Education & Play","description":"L\u2019ensemble Waytoplay Grand Prix contient 24 pi\u00e8ces de route flexibles faciles \u00e0 connecter qui peuvent \u00eatre utilis\u00e9es sur presque n\u2019importe quelle surface : \u00e0 l\u2019int\u00e9rieur ou \u00e0 l\u2019ext\u00e9rieur.","robots":{"index":"index","follow":"follow","max-snippet":"max-snippet:-1","max-image-preview":"max-image-preview:large","max-video-preview":"max-video-preview:-1"},"canonical":"https:\/\/teiaeducation.ch\/fr\/produit\/grand-prix-waytoplay-2\/","og_locale":"fr_FR","og_type":"article","og_title":"Grand Prix - Waytoplay","og_description":"L\u2019ensemble Waytoplay Grand Prix contient 24 pi\u00e8ces de route flexibles faciles \u00e0 connecter qui peuvent \u00eatre utilis\u00e9es sur presque n\u2019importe quelle surface : \u00e0 l\u2019int\u00e9rieur ou \u00e0 l\u2019ext\u00e9rieur.","og_url":"https:\/\/teiaeducation.ch\/fr\/produit\/grand-prix-waytoplay-2\/","og_site_name":"Sustainable Educational Products &amp; Ecological Toys\u00a0","article_publisher":"https:\/\/www.facebook.com\/teiaeducation\/","article_modified_time":"2020-11-25T10:10:58+00:00","og_image":[{"width":1060,"height":747,"url":"https:\/\/teiaeducation.ch\/wp-content\/uploads\/2020\/04\/Grand-Prix-Waytoplay3.jpg","type":"image\/jpeg"}],"schema":{"@context":"https:\/\/schema.org","@graph":[{"@type":"WebPage","@id":"https:\/\/teiaeducation.ch\/fr\/produit\/grand-prix-waytoplay-2\/","url":"https:\/\/teiaeducation.ch\/fr\/produit\/grand-prix-waytoplay-2\/","name":"Grand Prix - Waytoplay - Teia Education & Play","isPartOf":{"@id":"https:\/\/teiaeducation.ch\/fr\/#website"},"primaryImageOfPage":{"@id":"https:\/\/teiaeducation.ch\/fr\/produit\/grand-prix-waytoplay-2\/#primaryimage"},"image":{"@id":"https:\/\/teiaeducation.ch\/fr\/produit\/grand-prix-waytoplay-2\/#primaryimage"},"thumbnailUrl":"https:\/\/teiaeducation.ch\/wp-content\/uploads\/2020\/04\/Grand-Prix-Waytoplay3.jpg","datePublished":"2020-04-03T17:23:32+00:00","dateModified":"2020-11-25T10:10:58+00:00","description":"L\u2019ensemble Waytoplay Grand Prix contient 24 pi\u00e8ces de route flexibles faciles \u00e0 connecter qui peuvent \u00eatre utilis\u00e9es sur presque n\u2019importe quelle surface : \u00e0 l\u2019int\u00e9rieur ou \u00e0 l\u2019ext\u00e9rieur.","breadcrumb":{"@id":"https:\/\/teiaeducation.ch\/fr\/produit\/grand-prix-waytoplay-2\/#breadcrumb"},"inLanguage":"fr-FR","potentialAction":[{"@type":"ReadAction","target":["https:\/\/teiaeducation.ch\/fr\/produit\/grand-prix-waytoplay-2\/"]}]},{"@type":"ImageObject","inLanguage":"fr-FR","@id":"https:\/\/teiaeducation.ch\/fr\/produit\/grand-prix-waytoplay-2\/#primaryimage","url":"https:\/\/teiaeducation.ch\/wp-content\/uploads\/2020\/04\/Grand-Prix-Waytoplay3.jpg","contentUrl":"https:\/\/teiaeducation.ch\/wp-content\/uploads\/2020\/04\/Grand-Prix-Waytoplay3.jpg","width":1060,"height":747,"caption":"Parties de route flexibles Grand Prix - Waytoplay"},{"@type":"BreadcrumbList","@id":"https:\/\/teiaeducation.ch\/fr\/produit\/grand-prix-waytoplay-2\/#breadcrumb","itemListElement":[{"@type":"ListItem","position":1,"name":"Home","item":"https:\/\/teiaeducation.ch\/fr\/"},{"@type":"ListItem","position":2,"name":"Boutique Teia Education &amp; Play","item":"https:\/\/teiaeducation.ch\/fr\/boutique\/"},{"@type":"ListItem","position":3,"name":"Nos Marques","item":"https:\/\/teiaeducation.ch\/fr\/categorie-produit\/marques\/"},{"@type":"ListItem","position":4,"name":"Waytoplay","item":"https:\/\/teiaeducation.ch\/fr\/categorie-produit\/marques\/waytoplay-fr\/"},{"@type":"ListItem","position":5,"name":"Grand Prix &#8211; Waytoplay"}]},{"@type":"WebSite","@id":"https:\/\/teiaeducation.ch\/fr\/#website","url":"https:\/\/teiaeducation.ch\/fr\/","name":"Sustainable Educational Products &amp; Ecological Toys\u00a0","description":"Specialised Swiss shop selling sustainable educational toys and games, AMI certified Montessori materials, handmade ecological wooden Waldorf toys and arts &amp; crafts supplies, school supplies, children&#039;s furniture and Montessori reference and parenting books.","publisher":{"@id":"https:\/\/teiaeducation.ch\/fr\/#organization"},"alternateName":"Teia Education & Play","potentialAction":[{"@type":"SearchAction","target":{"@type":"EntryPoint","urlTemplate":"https:\/\/teiaeducation.ch\/fr\/?s={search_term_string}"},"query-input":{"@type":"PropertyValueSpecification","valueRequired":true,"valueName":"search_term_string"}}],"inLanguage":"fr-FR"},{"@type":"Organization","@id":"https:\/\/teiaeducation.ch\/fr\/#organization","name":"Teia Education & Play","url":"https:\/\/teiaeducation.ch\/fr\/","logo":{"@type":"ImageObject","inLanguage":"fr-FR","@id":"https:\/\/teiaeducation.ch\/fr\/#\/schema\/logo\/image\/","url":"https:\/\/teiaeducation.ch\/wp-content\/uploads\/2020\/11\/Teia-Education-Switzerland-e1620156442216.jpg","contentUrl":"https:\/\/teiaeducation.ch\/wp-content\/uploads\/2020\/11\/Teia-Education-Switzerland-e1620156442216.jpg","width":166,"height":145,"caption":"Teia Education & Play"},"image":{"@id":"https:\/\/teiaeducation.ch\/fr\/#\/schema\/logo\/image\/"},"sameAs":["https:\/\/www.facebook.com\/teiaeducation\/","https:\/\/x.com\/EducationTeia","https:\/\/www.instagram.com\/teia.education\/","https:\/\/www.linkedin.com\/company\/35501660","https:\/\/www.pinterest.ch\/TeiaEducation\/"]}]},"product_price_amount":"79.90","product_price_currency":"CHF","og_availability":"out of stock","product_availability":"out of stock","product_retailer_item_id":"00000000000000000000000000000000000000000000024683","product_condition":"new"},"_links":{"self":[{"href":"https:\/\/teiaeducation.ch\/fr\/wp-json\/wp\/v2\/product\/32380","targetHints":{"allow":["GET"]}}],"collection":[{"href":"https:\/\/teiaeducation.ch\/fr\/wp-json\/wp\/v2\/product"}],"about":[{"href":"https:\/\/teiaeducation.ch\/fr\/wp-json\/wp\/v2\/types\/product"}],"replies":[{"embeddable":true,"href":"https:\/\/teiaeducation.ch\/fr\/wp-json\/wp\/v2\/comments?post=32380"}],"wp:featuredmedia":[{"embeddable":true,"href":"https:\/\/teiaeducation.ch\/fr\/wp-json\/wp\/v2\/media\/24685"}],"wp:attachment":[{"href":"https:\/\/teiaeducation.ch\/fr\/wp-json\/wp\/v2\/media?parent=32380"}],"wp:term":[{"taxonomy":"product_brand","embeddable":true,"href":"https:\/\/teiaeducation.ch\/fr\/wp-json\/wp\/v2\/product_brand?post=32380"},{"taxonomy":"product_cat","embeddable":true,"href":"https:\/\/teiaeducation.ch\/fr\/wp-json\/wp\/v2\/product_cat?post=32380"},{"taxonomy":"product_tag","embeddable":true,"href":"https:\/\/teiaeducation.ch\/fr\/wp-json\/wp\/v2\/product_tag?post=32380"}],"curies":[{"name":"wp","href":"https:\/\/api.w.org\/{rel}","templated":true}]}}