{"id":32381,"date":"2020-04-13T15:03:55","date_gmt":"2020-11-25T10:11:02","guid":{"rendered":"https:\/\/teiaeducation.ch\/product\/gateau-danniversaire-a-la-vanille-le-toy-van\/"},"modified":"2021-11-30T13:15:20","modified_gmt":"2021-11-30T12:15:20","slug":"gateau-anniversaire-vanille-le-toy-van","status":"publish","type":"product","link":"https:\/\/teiaeducation.ch\/fr\/produit\/gateau-anniversaire-vanille-le-toy-van\/","title":{"rendered":"G\u00e2teau d\u2019anniversaire \u00e0 la vanille &#8211; Le Toy Van"},"content":{"rendered":"<p>Le g\u00e2teau d\u2019anniversaire Le Toy Van \u00e0 la vanille de la collection Honeybake se compose d\u2019un g\u00e2teau en bois en 6 tranches, d\u2019un couteau \u00e0 g\u00e2teau en bois, de 6 bougies et d\u2019un napperon d\u00e9coup\u00e9 (attach\u00e9 \u00e0 l\u2019arri\u00e8re de la bo\u00eete cadeau) Le g\u00e2teau d\u2019anniversaire est emball\u00e9 dans une bo\u00eete-cadeau et encourage l\u2019imagination et <a href=\"https:\/\/teiaeducation.ch\/fr\/categorie-produit\/jouer\/jeu-imaginatif-faire-semblant\/\">jeu de r\u00f4le<\/a>, \u00e0\u00a0compter et le jeu social qui d\u00e9veloppe des comp\u00e9tences vocales et des comp\u00e9tences en communication.<\/p>\n<p>Fabriqu\u00e9 \u00e0 partir de bois de caoutchouc durable et durable, le g\u00e2teau d\u2019anniversaire \u00e0 la vanille est un jouet s\u00fbr avec des bords ponc\u00e9s et est d\u00e9cor\u00e9 de peintures non toxiques.<\/p>\n<p>Le Toy Van est une soci\u00e9t\u00e9 anglaise de jouets fond\u00e9e en 1995 et sp\u00e9cialis\u00e9e dans les jouets traditionnels en bois de haute qualit\u00e9 dans un style contemporain. Tous les jouets sont fabriqu\u00e9s \u00e9thiquement selon des normes rigoureuses de qualit\u00e9, de s\u00e9curit\u00e9 et de durabilit\u00e9, en utilisant des mat\u00e9riaux naturels, y compris le caoutchouc-bois lisse recycl\u00e9. Ils sont test\u00e9s selon les normes de s\u00e9curit\u00e9 les plus \u00e9lev\u00e9es et sont conformes aux normes de s\u00e9curit\u00e9 EN-71 et ASTM.<\/p>\n<p>Ces jouets innovants et magnifiquement con\u00e7us encouragent l\u2019apprentissage pr\u00e9coce gr\u00e2ce \u00e0 des jeux de r\u00f4le imaginatifs, offrant de nombreuses possibilit\u00e9s de d\u00e9veloppement linguistique et social ainsi que la motricit\u00e9 fine et sont faits pour durer et \u00eatre appr\u00e9ci\u00e9s pour les g\u00e9n\u00e9rations \u00e0 venir.<\/p>\n<p>Le g\u00e2teau d\u2019anniversaire convient aux enfants \u00e2g\u00e9s de 3 ans et plus.<\/p>\n<p>Contenu:<\/p>\n<p>1 g\u00e2teau en bois coup\u00e9 en 6 tranches (13 x 13 x 19 cm)<br \/>\n1 couteau \u00e0 g\u00e2teau en bois<br \/>\n6 bougies en bois<br \/>\n1 napperon d\u00e9coup\u00e9<\/p>\n","protected":false},"excerpt":{"rendered":"<p>Num\u00e9ro d\u2019article: ltvtv273<\/p>\n<p>Le g\u00e2teau d\u2019anniversaire Le Toy Van \u00e0 la vanille se compose d\u2019un g\u00e2teau en bois en 6 tranches, d\u2019un couteau \u00e0 g\u00e2teau et 6 bougies.<\/p>\n","protected":false},"featured_media":25330,"comment_status":"open","ping_status":"closed","template":"","meta":[],"product_brand":[],"product_cat":[215,96,119,14953,17241,10293,13130,13139,9879,13152,5155,217,5851,120,10283,212],"product_tag":[18059,9880],"class_list":{"0":"post-32381","1":"product","2":"type-product","3":"status-publish","4":"has-post-thumbnail","6":"product_cat-3-6-ans","7":"product_cat-3-6-years-preschool","8":"product_cat-age-range","9":"product_cat-gift-guide-3-6-years-preschool","10":"product_cat-guide-cadeaux-3-6-ans","11":"product_cat-imaginative-role-play","12":"product_cat-jouer","13":"product_cat-jeu-imaginatif-faire-semblant","14":"product_cat-le-toy-van","15":"product_cat-le-toy-van-fr","16":"product_cat-new-arrivals","17":"product_cat-marques","18":"product_cat-nouveautes","19":"product_cat-brands","20":"product_cat-hgh-quality-toys-play","21":"product_cat-tranche-dage","22":"product_tag-le-toy-van-fr","23":"product_tag-le-toy-van","25":"first","26":"outofstock","27":"taxable","28":"shipping-taxable","29":"purchasable","30":"product-type-simple"},"yoast_head":"<!-- This site is optimized with the Yoast SEO plugin v27.1.1 - https:\/\/yoast.com\/product\/yoast-seo-wordpress\/ -->\n<title>G\u00e2teau d\u2019anniversaire \u00e0 la vanille - Le Toy Van - Teia Education &amp; Play<\/title>\n<meta name=\"description\" content=\"Le g\u00e2teau d\u2019anniversaire Le Toy Van \u00e0 la vanille se compose d\u2019un g\u00e2teau en bois en 6 tranches, d\u2019un couteau \u00e0 g\u00e2teau et 6 bougies.\" \/>\n<meta name=\"robots\" content=\"index, follow, max-snippet:-1, max-image-preview:large, max-video-preview:-1\" \/>\n<link rel=\"canonical\" href=\"https:\/\/teiaeducation.ch\/fr\/produit\/gateau-anniversaire-vanille-le-toy-van\/\" \/>\n<meta property=\"og:locale\" content=\"fr_FR\" \/>\n<meta property=\"og:type\" content=\"article\" \/>\n<meta property=\"og:title\" content=\"G\u00e2teau d\u2019anniversaire \u00e0 la vanille - Le Toy Van - Teia Education &amp; Play\" \/>\n<meta property=\"og:description\" content=\"Le g\u00e2teau d\u2019anniversaire Le Toy Van \u00e0 la vanille se compose d\u2019un g\u00e2teau en bois en 6 tranches, d\u2019un couteau \u00e0 g\u00e2teau et 6 bougies.\" \/>\n<meta property=\"og:url\" content=\"https:\/\/teiaeducation.ch\/fr\/produit\/gateau-anniversaire-vanille-le-toy-van\/\" \/>\n<meta property=\"og:site_name\" content=\"Sustainable Educational Products &amp; Ecological Toys\u00a0\" \/>\n<meta property=\"article:publisher\" content=\"https:\/\/www.facebook.com\/teiaeducation\/\" \/>\n<meta property=\"article:modified_time\" content=\"2021-11-30T12:15:20+00:00\" \/>\n<meta property=\"og:image\" content=\"https:\/\/teiaeducation.ch\/wp-content\/uploads\/2020\/04\/Vanilla-Birthday-Cake-Le-Toy-Van.jpg\" \/>\n\t<meta property=\"og:image:width\" content=\"900\" \/>\n\t<meta property=\"og:image:height\" content=\"900\" \/>\n\t<meta property=\"og:image:type\" content=\"image\/jpeg\" \/>\n<script type=\"application\/ld+json\" class=\"yoast-schema-graph\">{\"@context\":\"https:\/\/schema.org\",\"@graph\":[{\"@type\":\"WebPage\",\"@id\":\"https:\/\/teiaeducation.ch\/fr\/produit\/gateau-anniversaire-vanille-le-toy-van\/\",\"url\":\"https:\/\/teiaeducation.ch\/fr\/produit\/gateau-anniversaire-vanille-le-toy-van\/\",\"name\":\"G\u00e2teau d\u2019anniversaire \u00e0 la vanille - Le Toy Van - Teia Education & Play\",\"isPartOf\":{\"@id\":\"https:\/\/teiaeducation.ch\/fr\/#website\"},\"primaryImageOfPage\":{\"@id\":\"https:\/\/teiaeducation.ch\/fr\/produit\/gateau-anniversaire-vanille-le-toy-van\/#primaryimage\"},\"image\":{\"@id\":\"https:\/\/teiaeducation.ch\/fr\/produit\/gateau-anniversaire-vanille-le-toy-van\/#primaryimage\"},\"thumbnailUrl\":\"https:\/\/teiaeducation.ch\/wp-content\/uploads\/2020\/04\/Vanilla-Birthday-Cake-Le-Toy-Van.jpg\",\"datePublished\":\"2020-11-25T10:11:02+00:00\",\"dateModified\":\"2021-11-30T12:15:20+00:00\",\"description\":\"Le g\u00e2teau d\u2019anniversaire Le Toy Van \u00e0 la vanille se compose d\u2019un g\u00e2teau en bois en 6 tranches, d\u2019un couteau \u00e0 g\u00e2teau et 6 bougies.\",\"breadcrumb\":{\"@id\":\"https:\/\/teiaeducation.ch\/fr\/produit\/gateau-anniversaire-vanille-le-toy-van\/#breadcrumb\"},\"inLanguage\":\"fr-FR\",\"potentialAction\":[{\"@type\":\"ReadAction\",\"target\":[\"https:\/\/teiaeducation.ch\/fr\/produit\/gateau-anniversaire-vanille-le-toy-van\/\"]}]},{\"@type\":\"ImageObject\",\"inLanguage\":\"fr-FR\",\"@id\":\"https:\/\/teiaeducation.ch\/fr\/produit\/gateau-anniversaire-vanille-le-toy-van\/#primaryimage\",\"url\":\"https:\/\/teiaeducation.ch\/wp-content\/uploads\/2020\/04\/Vanilla-Birthday-Cake-Le-Toy-Van.jpg\",\"contentUrl\":\"https:\/\/teiaeducation.ch\/wp-content\/uploads\/2020\/04\/Vanilla-Birthday-Cake-Le-Toy-Van.jpg\",\"width\":900,\"height\":900,\"caption\":\"G\u00e2teau d\u2019anniversaire \u00e0 la vanille - Le Toy Van\"},{\"@type\":\"BreadcrumbList\",\"@id\":\"https:\/\/teiaeducation.ch\/fr\/produit\/gateau-anniversaire-vanille-le-toy-van\/#breadcrumb\",\"itemListElement\":[{\"@type\":\"ListItem\",\"position\":1,\"name\":\"Home\",\"item\":\"https:\/\/teiaeducation.ch\/fr\/\"},{\"@type\":\"ListItem\",\"position\":2,\"name\":\"Boutique Teia Education &amp; Play\",\"item\":\"https:\/\/teiaeducation.ch\/fr\/boutique\/\"},{\"@type\":\"ListItem\",\"position\":3,\"name\":\"Tranche d'\u00c2ge\",\"item\":\"https:\/\/teiaeducation.ch\/fr\/categorie-produit\/tranche-dage\/\"},{\"@type\":\"ListItem\",\"position\":4,\"name\":\"3-6 Ans Maternelle\",\"item\":\"https:\/\/teiaeducation.ch\/fr\/categorie-produit\/tranche-dage\/3-6-ans\/\"},{\"@type\":\"ListItem\",\"position\":5,\"name\":\"G\u00e2teau d\u2019anniversaire \u00e0 la vanille &#8211; Le Toy Van\"}]},{\"@type\":\"WebSite\",\"@id\":\"https:\/\/teiaeducation.ch\/fr\/#website\",\"url\":\"https:\/\/teiaeducation.ch\/fr\/\",\"name\":\"Sustainable Educational Products &amp; Ecological Toys\u00a0\",\"description\":\"Specialised Swiss shop selling sustainable educational toys and games, AMI certified Montessori materials, handmade ecological wooden Waldorf toys and arts &amp; crafts supplies, school supplies, children&#039;s furniture and Montessori reference and parenting books.\",\"publisher\":{\"@id\":\"https:\/\/teiaeducation.ch\/fr\/#organization\"},\"alternateName\":\"Teia Education & Play\",\"potentialAction\":[{\"@type\":\"SearchAction\",\"target\":{\"@type\":\"EntryPoint\",\"urlTemplate\":\"https:\/\/teiaeducation.ch\/fr\/?s={search_term_string}\"},\"query-input\":{\"@type\":\"PropertyValueSpecification\",\"valueRequired\":true,\"valueName\":\"search_term_string\"}}],\"inLanguage\":\"fr-FR\"},{\"@type\":\"Organization\",\"@id\":\"https:\/\/teiaeducation.ch\/fr\/#organization\",\"name\":\"Teia Education & Play\",\"url\":\"https:\/\/teiaeducation.ch\/fr\/\",\"logo\":{\"@type\":\"ImageObject\",\"inLanguage\":\"fr-FR\",\"@id\":\"https:\/\/teiaeducation.ch\/fr\/#\/schema\/logo\/image\/\",\"url\":\"https:\/\/teiaeducation.ch\/wp-content\/uploads\/2020\/11\/Teia-Education-Switzerland-e1620156442216.jpg\",\"contentUrl\":\"https:\/\/teiaeducation.ch\/wp-content\/uploads\/2020\/11\/Teia-Education-Switzerland-e1620156442216.jpg\",\"width\":166,\"height\":145,\"caption\":\"Teia Education & Play\"},\"image\":{\"@id\":\"https:\/\/teiaeducation.ch\/fr\/#\/schema\/logo\/image\/\"},\"sameAs\":[\"https:\/\/www.facebook.com\/teiaeducation\/\",\"https:\/\/x.com\/EducationTeia\",\"https:\/\/www.instagram.com\/teia.education\/\",\"https:\/\/www.linkedin.com\/company\/35501660\",\"https:\/\/www.pinterest.ch\/TeiaEducation\/\"]}]}<\/script>\n<!-- \/ Yoast SEO plugin. -->","yoast_head_json":{"title":"G\u00e2teau d\u2019anniversaire \u00e0 la vanille - Le Toy Van - Teia Education & Play","description":"Le g\u00e2teau d\u2019anniversaire Le Toy Van \u00e0 la vanille se compose d\u2019un g\u00e2teau en bois en 6 tranches, d\u2019un couteau \u00e0 g\u00e2teau et 6 bougies.","robots":{"index":"index","follow":"follow","max-snippet":"max-snippet:-1","max-image-preview":"max-image-preview:large","max-video-preview":"max-video-preview:-1"},"canonical":"https:\/\/teiaeducation.ch\/fr\/produit\/gateau-anniversaire-vanille-le-toy-van\/","og_locale":"fr_FR","og_type":"article","og_title":"G\u00e2teau d\u2019anniversaire \u00e0 la vanille - Le Toy Van - Teia Education & Play","og_description":"Le g\u00e2teau d\u2019anniversaire Le Toy Van \u00e0 la vanille se compose d\u2019un g\u00e2teau en bois en 6 tranches, d\u2019un couteau \u00e0 g\u00e2teau et 6 bougies.","og_url":"https:\/\/teiaeducation.ch\/fr\/produit\/gateau-anniversaire-vanille-le-toy-van\/","og_site_name":"Sustainable Educational Products &amp; Ecological Toys\u00a0","article_publisher":"https:\/\/www.facebook.com\/teiaeducation\/","article_modified_time":"2021-11-30T12:15:20+00:00","og_image":[{"width":900,"height":900,"url":"https:\/\/teiaeducation.ch\/wp-content\/uploads\/2020\/04\/Vanilla-Birthday-Cake-Le-Toy-Van.jpg","type":"image\/jpeg"}],"schema":{"@context":"https:\/\/schema.org","@graph":[{"@type":"WebPage","@id":"https:\/\/teiaeducation.ch\/fr\/produit\/gateau-anniversaire-vanille-le-toy-van\/","url":"https:\/\/teiaeducation.ch\/fr\/produit\/gateau-anniversaire-vanille-le-toy-van\/","name":"G\u00e2teau d\u2019anniversaire \u00e0 la vanille - Le Toy Van - Teia Education & Play","isPartOf":{"@id":"https:\/\/teiaeducation.ch\/fr\/#website"},"primaryImageOfPage":{"@id":"https:\/\/teiaeducation.ch\/fr\/produit\/gateau-anniversaire-vanille-le-toy-van\/#primaryimage"},"image":{"@id":"https:\/\/teiaeducation.ch\/fr\/produit\/gateau-anniversaire-vanille-le-toy-van\/#primaryimage"},"thumbnailUrl":"https:\/\/teiaeducation.ch\/wp-content\/uploads\/2020\/04\/Vanilla-Birthday-Cake-Le-Toy-Van.jpg","datePublished":"2020-11-25T10:11:02+00:00","dateModified":"2021-11-30T12:15:20+00:00","description":"Le g\u00e2teau d\u2019anniversaire Le Toy Van \u00e0 la vanille se compose d\u2019un g\u00e2teau en bois en 6 tranches, d\u2019un couteau \u00e0 g\u00e2teau et 6 bougies.","breadcrumb":{"@id":"https:\/\/teiaeducation.ch\/fr\/produit\/gateau-anniversaire-vanille-le-toy-van\/#breadcrumb"},"inLanguage":"fr-FR","potentialAction":[{"@type":"ReadAction","target":["https:\/\/teiaeducation.ch\/fr\/produit\/gateau-anniversaire-vanille-le-toy-van\/"]}]},{"@type":"ImageObject","inLanguage":"fr-FR","@id":"https:\/\/teiaeducation.ch\/fr\/produit\/gateau-anniversaire-vanille-le-toy-van\/#primaryimage","url":"https:\/\/teiaeducation.ch\/wp-content\/uploads\/2020\/04\/Vanilla-Birthday-Cake-Le-Toy-Van.jpg","contentUrl":"https:\/\/teiaeducation.ch\/wp-content\/uploads\/2020\/04\/Vanilla-Birthday-Cake-Le-Toy-Van.jpg","width":900,"height":900,"caption":"G\u00e2teau d\u2019anniversaire \u00e0 la vanille - Le Toy Van"},{"@type":"BreadcrumbList","@id":"https:\/\/teiaeducation.ch\/fr\/produit\/gateau-anniversaire-vanille-le-toy-van\/#breadcrumb","itemListElement":[{"@type":"ListItem","position":1,"name":"Home","item":"https:\/\/teiaeducation.ch\/fr\/"},{"@type":"ListItem","position":2,"name":"Boutique Teia Education &amp; Play","item":"https:\/\/teiaeducation.ch\/fr\/boutique\/"},{"@type":"ListItem","position":3,"name":"Tranche d'\u00c2ge","item":"https:\/\/teiaeducation.ch\/fr\/categorie-produit\/tranche-dage\/"},{"@type":"ListItem","position":4,"name":"3-6 Ans Maternelle","item":"https:\/\/teiaeducation.ch\/fr\/categorie-produit\/tranche-dage\/3-6-ans\/"},{"@type":"ListItem","position":5,"name":"G\u00e2teau d\u2019anniversaire \u00e0 la vanille &#8211; Le Toy Van"}]},{"@type":"WebSite","@id":"https:\/\/teiaeducation.ch\/fr\/#website","url":"https:\/\/teiaeducation.ch\/fr\/","name":"Sustainable Educational Products &amp; Ecological Toys\u00a0","description":"Specialised Swiss shop selling sustainable educational toys and games, AMI certified Montessori materials, handmade ecological wooden Waldorf toys and arts &amp; crafts supplies, school supplies, children&#039;s furniture and Montessori reference and parenting books.","publisher":{"@id":"https:\/\/teiaeducation.ch\/fr\/#organization"},"alternateName":"Teia Education & Play","potentialAction":[{"@type":"SearchAction","target":{"@type":"EntryPoint","urlTemplate":"https:\/\/teiaeducation.ch\/fr\/?s={search_term_string}"},"query-input":{"@type":"PropertyValueSpecification","valueRequired":true,"valueName":"search_term_string"}}],"inLanguage":"fr-FR"},{"@type":"Organization","@id":"https:\/\/teiaeducation.ch\/fr\/#organization","name":"Teia Education & Play","url":"https:\/\/teiaeducation.ch\/fr\/","logo":{"@type":"ImageObject","inLanguage":"fr-FR","@id":"https:\/\/teiaeducation.ch\/fr\/#\/schema\/logo\/image\/","url":"https:\/\/teiaeducation.ch\/wp-content\/uploads\/2020\/11\/Teia-Education-Switzerland-e1620156442216.jpg","contentUrl":"https:\/\/teiaeducation.ch\/wp-content\/uploads\/2020\/11\/Teia-Education-Switzerland-e1620156442216.jpg","width":166,"height":145,"caption":"Teia Education & Play"},"image":{"@id":"https:\/\/teiaeducation.ch\/fr\/#\/schema\/logo\/image\/"},"sameAs":["https:\/\/www.facebook.com\/teiaeducation\/","https:\/\/x.com\/EducationTeia","https:\/\/www.instagram.com\/teia.education\/","https:\/\/www.linkedin.com\/company\/35501660","https:\/\/www.pinterest.ch\/TeiaEducation\/"]}]}},"_links":{"self":[{"href":"https:\/\/teiaeducation.ch\/fr\/wp-json\/wp\/v2\/product\/32381","targetHints":{"allow":["GET"]}}],"collection":[{"href":"https:\/\/teiaeducation.ch\/fr\/wp-json\/wp\/v2\/product"}],"about":[{"href":"https:\/\/teiaeducation.ch\/fr\/wp-json\/wp\/v2\/types\/product"}],"replies":[{"embeddable":true,"href":"https:\/\/teiaeducation.ch\/fr\/wp-json\/wp\/v2\/comments?post=32381"}],"wp:featuredmedia":[{"embeddable":true,"href":"https:\/\/teiaeducation.ch\/fr\/wp-json\/wp\/v2\/media\/25330"}],"wp:attachment":[{"href":"https:\/\/teiaeducation.ch\/fr\/wp-json\/wp\/v2\/media?parent=32381"}],"wp:term":[{"taxonomy":"product_brand","embeddable":true,"href":"https:\/\/teiaeducation.ch\/fr\/wp-json\/wp\/v2\/product_brand?post=32381"},{"taxonomy":"product_cat","embeddable":true,"href":"https:\/\/teiaeducation.ch\/fr\/wp-json\/wp\/v2\/product_cat?post=32381"},{"taxonomy":"product_tag","embeddable":true,"href":"https:\/\/teiaeducation.ch\/fr\/wp-json\/wp\/v2\/product_tag?post=32381"}],"curies":[{"name":"wp","href":"https:\/\/api.w.org\/{rel}","templated":true}]}}