{"id":32384,"date":"2020-04-03T17:36:34","date_gmt":"2020-04-03T15:36:34","guid":{"rendered":"https:\/\/teiaeducation.ch\/product\/peripherique-waytoplay\/"},"modified":"2022-03-10T09:02:10","modified_gmt":"2022-03-10T08:02:10","slug":"peripherique-waytoplay","status":"publish","type":"product","link":"https:\/\/teiaeducation.ch\/fr\/produit\/peripherique-waytoplay\/","title":{"rendered":"P\u00e9riph\u00e9rique &#8211; Waytoplay"},"content":{"rendered":"<p>P\u00e9riph\u00e9rique \/ Parties de route flexibles &#8211; Waytoplay<\/p>\n<p>L\u2019ensemble de p\u00e9riph\u00e9riques de Waytoplay contient 12 pi\u00e8ces de route flexibles et des composants routiers faciles \u00e0 connecter qui peuvent \u00eatre utilis\u00e9s sur presque n\u2019importe quelle surface : \u00e0 l\u2019int\u00e9rieur ou \u00e0 l\u2019ext\u00e9rieur. Le p\u00e9riph\u00e9rique a une longueur totale de 170 centim\u00e8tres et comprend 8 courbes, 2 lignes droites, 1 intersection et 1 rond-point.<\/p>\n<p>Un ensemble de d\u00e9marrage id\u00e9al, le p\u00e9riph\u00e9rique est un jouet g\u00e9nial pour le jeu imaginatif des enfants, leur permettant de cr\u00e9er leurs propres circuits et cartes routi\u00e8res pour leurs jouets et v\u00e9hicules pr\u00e9f\u00e9r\u00e9s. La route peut \u00eatre agrandie avec des ensembles suppl\u00e9mentaires.<\/p>\n<p><span class=\"s1\">Waytoplay les pi\u00e8ces de route sont faites de fa\u00e7on 100% s\u00fbre pour l&#8217;enfant et durable<\/span> <span class=\"s1\">PVC sans<\/span> BPA, cadmium, PAH et Phtalates gratuits et conformes \u00e0 la norme la plus \u00e9lev\u00e9e <span class=\"s1\">des \u00c9tats-Unis et de l\u2019Europe EN-71 pour les jouets<\/span><span class=\"s1\">. Toutes les ressources utilis\u00e9es pour produire les\u00a0pi\u00e8ces de route proviennent d\u2019Allemagne. Cela signifie que le jouet est produit localement, de mani\u00e8re fiable, et qu&#8217;il est certifi\u00e9 et enregistr\u00e9.<\/span><\/p>\n<p>Avec un design original n\u00e9erlandais, Waytoplay est fier de soutenir un fournisseur d\u2019emploi prot\u00e9g\u00e9 aux Pays-Bas qui imprime tous les segments de route et s&#8217;occupe de la plupart des emballages.<\/p>\n<p>Ce mat\u00e9riel convient aux enfants \u00e2g\u00e9s de 0 ans et plus.<\/p>\n<p>Contenu:<\/p>\n<p>12 pi\u00e8ces de route (in total 170 cm)<\/p>\n","protected":false},"excerpt":{"rendered":"<p>Num\u00e9ro d\u2019article: wtp12rr<\/p>\n<p>P\u00e9riph\u00e9rique de Waytoplay contient 12 pi\u00e8ces de route flexibles et durables faciles \u00e0 \u00eatre utilis\u00e9es sur presque n\u2019importe quelle surface.<\/p>\n","protected":false},"featured_media":24649,"comment_status":"open","ping_status":"closed","template":"","meta":[],"product_brand":[],"product_cat":[208,8527,215,8580,216,13138,8526,8572,13130,217,5851,212,17236,13126],"product_tag":[18126,18115,18116,18114,18118,18129,18112,17951,18113,17950],"class_list":{"0":"post-32384","1":"product","2":"type-product","3":"status-publish","4":"has-post-thumbnail","6":"product_cat-1-3-ans","7":"product_cat-3-6-ans-ecole-a-domicile","8":"product_cat-3-6-ans","9":"product_cat-6-12-ans-ecole-a-domicile","10":"product_cat-6-12-ans","11":"product_cat-elements-routiers-flexibles","12":"product_cat-fournitures-scolaires-a-domicile","13":"product_cat-jeu-et-apprentissage-pour-bebes-et-jeunes-enfants","14":"product_cat-jouer","15":"product_cat-marques","16":"product_cat-nouveautes","17":"product_cat-tranche-dage","18":"product_cat-voitures-vehicules","19":"product_cat-waytoplay-fr","20":"product_tag-accessoires-jouet-voiture","21":"product_tag-facon-de-jouer-au-jeu-ouvert","22":"product_tag-jeu-imaginatif","23":"product_tag-parties-de-route-waytoplay","24":"product_tag-pieces-de-route-flexibles-de-jouets","25":"product_tag-way-to-play-peripherique","26":"product_tag-way-to-play-switzerland-fr","27":"product_tag-waytoplay-suisse-fr","28":"product_tag-waytoplay-suisse-fr-2","29":"product_tag-waytoplay-switzerland-fr","31":"first","32":"instock","33":"taxable","34":"shipping-taxable","35":"purchasable","36":"product-type-simple"},"yoast_head":"<!-- This site is optimized with the Yoast SEO plugin v27.1.1 - https:\/\/yoast.com\/product\/yoast-seo-wordpress\/ -->\n<title>P\u00e9riph\u00e9rique - Waytoplay - Teia Education &amp; Play<\/title>\n<meta name=\"description\" content=\"P\u00e9riph\u00e9rique de Waytoplay contient 12 pi\u00e8ces de route flexibles et durables faciles \u00e0 \u00eatre utilis\u00e9es sur presque n\u2019importe quelle surface.\" \/>\n<meta name=\"robots\" content=\"index, follow, max-snippet:-1, max-image-preview:large, max-video-preview:-1\" \/>\n<link rel=\"canonical\" href=\"https:\/\/teiaeducation.ch\/fr\/produit\/peripherique-waytoplay\/\" \/>\n<meta property=\"og:locale\" content=\"fr_FR\" \/>\n<meta property=\"og:type\" content=\"article\" \/>\n<meta property=\"og:title\" content=\"P\u00e9riph\u00e9rique - Waytoplay - Teia Education &amp; Play\" \/>\n<meta property=\"og:description\" content=\"P\u00e9riph\u00e9rique de Waytoplay contient 12 pi\u00e8ces de route flexibles et durables faciles \u00e0 \u00eatre utilis\u00e9es sur presque n\u2019importe quelle surface.\" \/>\n<meta property=\"og:url\" content=\"https:\/\/teiaeducation.ch\/fr\/produit\/peripherique-waytoplay\/\" \/>\n<meta property=\"og:site_name\" content=\"Sustainable Educational Products &amp; Ecological Toys\u00a0\" \/>\n<meta property=\"article:publisher\" content=\"https:\/\/www.facebook.com\/teiaeducation\/\" \/>\n<meta property=\"article:modified_time\" content=\"2022-03-10T08:02:10+00:00\" \/>\n<meta property=\"og:image\" content=\"https:\/\/teiaeducation.ch\/wp-content\/uploads\/2020\/04\/Ringroad-Way-to-Play1.png\" \/>\n\t<meta property=\"og:image:width\" content=\"1060\" \/>\n\t<meta property=\"og:image:height\" content=\"747\" \/>\n\t<meta property=\"og:image:type\" content=\"image\/png\" \/>\n<script type=\"application\/ld+json\" class=\"yoast-schema-graph\">{\"@context\":\"https:\/\/schema.org\",\"@graph\":[{\"@type\":\"WebPage\",\"@id\":\"https:\/\/teiaeducation.ch\/fr\/produit\/peripherique-waytoplay\/\",\"url\":\"https:\/\/teiaeducation.ch\/fr\/produit\/peripherique-waytoplay\/\",\"name\":\"P\u00e9riph\u00e9rique - Waytoplay - Teia Education & Play\",\"isPartOf\":{\"@id\":\"https:\/\/teiaeducation.ch\/fr\/#website\"},\"primaryImageOfPage\":{\"@id\":\"https:\/\/teiaeducation.ch\/fr\/produit\/peripherique-waytoplay\/#primaryimage\"},\"image\":{\"@id\":\"https:\/\/teiaeducation.ch\/fr\/produit\/peripherique-waytoplay\/#primaryimage\"},\"thumbnailUrl\":\"https:\/\/teiaeducation.ch\/wp-content\/uploads\/2020\/04\/Ringroad-Way-to-Play1.png\",\"datePublished\":\"2020-04-03T15:36:34+00:00\",\"dateModified\":\"2022-03-10T08:02:10+00:00\",\"description\":\"P\u00e9riph\u00e9rique de Waytoplay contient 12 pi\u00e8ces de route flexibles et durables faciles \u00e0 \u00eatre utilis\u00e9es sur presque n\u2019importe quelle surface.\",\"breadcrumb\":{\"@id\":\"https:\/\/teiaeducation.ch\/fr\/produit\/peripherique-waytoplay\/#breadcrumb\"},\"inLanguage\":\"fr-FR\",\"potentialAction\":[{\"@type\":\"ReadAction\",\"target\":[\"https:\/\/teiaeducation.ch\/fr\/produit\/peripherique-waytoplay\/\"]}]},{\"@type\":\"ImageObject\",\"inLanguage\":\"fr-FR\",\"@id\":\"https:\/\/teiaeducation.ch\/fr\/produit\/peripherique-waytoplay\/#primaryimage\",\"url\":\"https:\/\/teiaeducation.ch\/wp-content\/uploads\/2020\/04\/Ringroad-Way-to-Play1.png\",\"contentUrl\":\"https:\/\/teiaeducation.ch\/wp-content\/uploads\/2020\/04\/Ringroad-Way-to-Play1.png\",\"width\":1060,\"height\":747,\"caption\":\"parties de route p\u00e9riph\u00e9rique flexibles - Waytoplay\"},{\"@type\":\"BreadcrumbList\",\"@id\":\"https:\/\/teiaeducation.ch\/fr\/produit\/peripherique-waytoplay\/#breadcrumb\",\"itemListElement\":[{\"@type\":\"ListItem\",\"position\":1,\"name\":\"Home\",\"item\":\"https:\/\/teiaeducation.ch\/fr\/\"},{\"@type\":\"ListItem\",\"position\":2,\"name\":\"Boutique Teia Education &amp; Play\",\"item\":\"https:\/\/teiaeducation.ch\/fr\/boutique\/\"},{\"@type\":\"ListItem\",\"position\":3,\"name\":\"Nos Marques\",\"item\":\"https:\/\/teiaeducation.ch\/fr\/categorie-produit\/marques\/\"},{\"@type\":\"ListItem\",\"position\":4,\"name\":\"Waytoplay\",\"item\":\"https:\/\/teiaeducation.ch\/fr\/categorie-produit\/marques\/waytoplay-fr\/\"},{\"@type\":\"ListItem\",\"position\":5,\"name\":\"P\u00e9riph\u00e9rique &#8211; Waytoplay\"}]},{\"@type\":\"WebSite\",\"@id\":\"https:\/\/teiaeducation.ch\/fr\/#website\",\"url\":\"https:\/\/teiaeducation.ch\/fr\/\",\"name\":\"Sustainable Educational Products &amp; Ecological Toys\u00a0\",\"description\":\"Specialised Swiss shop selling sustainable educational toys and games, AMI certified Montessori materials, handmade ecological wooden Waldorf toys and arts &amp; crafts supplies, school supplies, children&#039;s furniture and Montessori reference and parenting books.\",\"publisher\":{\"@id\":\"https:\/\/teiaeducation.ch\/fr\/#organization\"},\"alternateName\":\"Teia Education & Play\",\"potentialAction\":[{\"@type\":\"SearchAction\",\"target\":{\"@type\":\"EntryPoint\",\"urlTemplate\":\"https:\/\/teiaeducation.ch\/fr\/?s={search_term_string}\"},\"query-input\":{\"@type\":\"PropertyValueSpecification\",\"valueRequired\":true,\"valueName\":\"search_term_string\"}}],\"inLanguage\":\"fr-FR\"},{\"@type\":\"Organization\",\"@id\":\"https:\/\/teiaeducation.ch\/fr\/#organization\",\"name\":\"Teia Education & Play\",\"url\":\"https:\/\/teiaeducation.ch\/fr\/\",\"logo\":{\"@type\":\"ImageObject\",\"inLanguage\":\"fr-FR\",\"@id\":\"https:\/\/teiaeducation.ch\/fr\/#\/schema\/logo\/image\/\",\"url\":\"https:\/\/teiaeducation.ch\/wp-content\/uploads\/2020\/11\/Teia-Education-Switzerland-e1620156442216.jpg\",\"contentUrl\":\"https:\/\/teiaeducation.ch\/wp-content\/uploads\/2020\/11\/Teia-Education-Switzerland-e1620156442216.jpg\",\"width\":166,\"height\":145,\"caption\":\"Teia Education & Play\"},\"image\":{\"@id\":\"https:\/\/teiaeducation.ch\/fr\/#\/schema\/logo\/image\/\"},\"sameAs\":[\"https:\/\/www.facebook.com\/teiaeducation\/\",\"https:\/\/x.com\/EducationTeia\",\"https:\/\/www.instagram.com\/teia.education\/\",\"https:\/\/www.linkedin.com\/company\/35501660\",\"https:\/\/www.pinterest.ch\/TeiaEducation\/\"]}]}<\/script>\n<!-- \/ Yoast SEO plugin. -->","yoast_head_json":{"title":"P\u00e9riph\u00e9rique - Waytoplay - Teia Education & Play","description":"P\u00e9riph\u00e9rique de Waytoplay contient 12 pi\u00e8ces de route flexibles et durables faciles \u00e0 \u00eatre utilis\u00e9es sur presque n\u2019importe quelle surface.","robots":{"index":"index","follow":"follow","max-snippet":"max-snippet:-1","max-image-preview":"max-image-preview:large","max-video-preview":"max-video-preview:-1"},"canonical":"https:\/\/teiaeducation.ch\/fr\/produit\/peripherique-waytoplay\/","og_locale":"fr_FR","og_type":"article","og_title":"P\u00e9riph\u00e9rique - Waytoplay - Teia Education & Play","og_description":"P\u00e9riph\u00e9rique de Waytoplay contient 12 pi\u00e8ces de route flexibles et durables faciles \u00e0 \u00eatre utilis\u00e9es sur presque n\u2019importe quelle surface.","og_url":"https:\/\/teiaeducation.ch\/fr\/produit\/peripherique-waytoplay\/","og_site_name":"Sustainable Educational Products &amp; Ecological Toys\u00a0","article_publisher":"https:\/\/www.facebook.com\/teiaeducation\/","article_modified_time":"2022-03-10T08:02:10+00:00","og_image":[{"width":1060,"height":747,"url":"https:\/\/teiaeducation.ch\/wp-content\/uploads\/2020\/04\/Ringroad-Way-to-Play1.png","type":"image\/png"}],"schema":{"@context":"https:\/\/schema.org","@graph":[{"@type":"WebPage","@id":"https:\/\/teiaeducation.ch\/fr\/produit\/peripherique-waytoplay\/","url":"https:\/\/teiaeducation.ch\/fr\/produit\/peripherique-waytoplay\/","name":"P\u00e9riph\u00e9rique - Waytoplay - Teia Education & Play","isPartOf":{"@id":"https:\/\/teiaeducation.ch\/fr\/#website"},"primaryImageOfPage":{"@id":"https:\/\/teiaeducation.ch\/fr\/produit\/peripherique-waytoplay\/#primaryimage"},"image":{"@id":"https:\/\/teiaeducation.ch\/fr\/produit\/peripherique-waytoplay\/#primaryimage"},"thumbnailUrl":"https:\/\/teiaeducation.ch\/wp-content\/uploads\/2020\/04\/Ringroad-Way-to-Play1.png","datePublished":"2020-04-03T15:36:34+00:00","dateModified":"2022-03-10T08:02:10+00:00","description":"P\u00e9riph\u00e9rique de Waytoplay contient 12 pi\u00e8ces de route flexibles et durables faciles \u00e0 \u00eatre utilis\u00e9es sur presque n\u2019importe quelle surface.","breadcrumb":{"@id":"https:\/\/teiaeducation.ch\/fr\/produit\/peripherique-waytoplay\/#breadcrumb"},"inLanguage":"fr-FR","potentialAction":[{"@type":"ReadAction","target":["https:\/\/teiaeducation.ch\/fr\/produit\/peripherique-waytoplay\/"]}]},{"@type":"ImageObject","inLanguage":"fr-FR","@id":"https:\/\/teiaeducation.ch\/fr\/produit\/peripherique-waytoplay\/#primaryimage","url":"https:\/\/teiaeducation.ch\/wp-content\/uploads\/2020\/04\/Ringroad-Way-to-Play1.png","contentUrl":"https:\/\/teiaeducation.ch\/wp-content\/uploads\/2020\/04\/Ringroad-Way-to-Play1.png","width":1060,"height":747,"caption":"parties de route p\u00e9riph\u00e9rique flexibles - Waytoplay"},{"@type":"BreadcrumbList","@id":"https:\/\/teiaeducation.ch\/fr\/produit\/peripherique-waytoplay\/#breadcrumb","itemListElement":[{"@type":"ListItem","position":1,"name":"Home","item":"https:\/\/teiaeducation.ch\/fr\/"},{"@type":"ListItem","position":2,"name":"Boutique Teia Education &amp; Play","item":"https:\/\/teiaeducation.ch\/fr\/boutique\/"},{"@type":"ListItem","position":3,"name":"Nos Marques","item":"https:\/\/teiaeducation.ch\/fr\/categorie-produit\/marques\/"},{"@type":"ListItem","position":4,"name":"Waytoplay","item":"https:\/\/teiaeducation.ch\/fr\/categorie-produit\/marques\/waytoplay-fr\/"},{"@type":"ListItem","position":5,"name":"P\u00e9riph\u00e9rique &#8211; Waytoplay"}]},{"@type":"WebSite","@id":"https:\/\/teiaeducation.ch\/fr\/#website","url":"https:\/\/teiaeducation.ch\/fr\/","name":"Sustainable Educational Products &amp; Ecological Toys\u00a0","description":"Specialised Swiss shop selling sustainable educational toys and games, AMI certified Montessori materials, handmade ecological wooden Waldorf toys and arts &amp; crafts supplies, school supplies, children&#039;s furniture and Montessori reference and parenting books.","publisher":{"@id":"https:\/\/teiaeducation.ch\/fr\/#organization"},"alternateName":"Teia Education & Play","potentialAction":[{"@type":"SearchAction","target":{"@type":"EntryPoint","urlTemplate":"https:\/\/teiaeducation.ch\/fr\/?s={search_term_string}"},"query-input":{"@type":"PropertyValueSpecification","valueRequired":true,"valueName":"search_term_string"}}],"inLanguage":"fr-FR"},{"@type":"Organization","@id":"https:\/\/teiaeducation.ch\/fr\/#organization","name":"Teia Education & Play","url":"https:\/\/teiaeducation.ch\/fr\/","logo":{"@type":"ImageObject","inLanguage":"fr-FR","@id":"https:\/\/teiaeducation.ch\/fr\/#\/schema\/logo\/image\/","url":"https:\/\/teiaeducation.ch\/wp-content\/uploads\/2020\/11\/Teia-Education-Switzerland-e1620156442216.jpg","contentUrl":"https:\/\/teiaeducation.ch\/wp-content\/uploads\/2020\/11\/Teia-Education-Switzerland-e1620156442216.jpg","width":166,"height":145,"caption":"Teia Education & Play"},"image":{"@id":"https:\/\/teiaeducation.ch\/fr\/#\/schema\/logo\/image\/"},"sameAs":["https:\/\/www.facebook.com\/teiaeducation\/","https:\/\/x.com\/EducationTeia","https:\/\/www.instagram.com\/teia.education\/","https:\/\/www.linkedin.com\/company\/35501660","https:\/\/www.pinterest.ch\/TeiaEducation\/"]}]}},"_links":{"self":[{"href":"https:\/\/teiaeducation.ch\/fr\/wp-json\/wp\/v2\/product\/32384","targetHints":{"allow":["GET"]}}],"collection":[{"href":"https:\/\/teiaeducation.ch\/fr\/wp-json\/wp\/v2\/product"}],"about":[{"href":"https:\/\/teiaeducation.ch\/fr\/wp-json\/wp\/v2\/types\/product"}],"replies":[{"embeddable":true,"href":"https:\/\/teiaeducation.ch\/fr\/wp-json\/wp\/v2\/comments?post=32384"}],"wp:featuredmedia":[{"embeddable":true,"href":"https:\/\/teiaeducation.ch\/fr\/wp-json\/wp\/v2\/media\/24649"}],"wp:attachment":[{"href":"https:\/\/teiaeducation.ch\/fr\/wp-json\/wp\/v2\/media?parent=32384"}],"wp:term":[{"taxonomy":"product_brand","embeddable":true,"href":"https:\/\/teiaeducation.ch\/fr\/wp-json\/wp\/v2\/product_brand?post=32384"},{"taxonomy":"product_cat","embeddable":true,"href":"https:\/\/teiaeducation.ch\/fr\/wp-json\/wp\/v2\/product_cat?post=32384"},{"taxonomy":"product_tag","embeddable":true,"href":"https:\/\/teiaeducation.ch\/fr\/wp-json\/wp\/v2\/product_tag?post=32384"}],"curies":[{"name":"wp","href":"https:\/\/api.w.org\/{rel}","templated":true}]}}