{"id":32385,"date":"2020-04-12T14:57:30","date_gmt":"2020-04-12T12:57:30","guid":{"rendered":"https:\/\/teiaeducation.ch\/product\/blocs-abc-en-bois-le-toy-van\/"},"modified":"2021-11-30T12:37:34","modified_gmt":"2021-11-30T11:37:34","slug":"blocs-abc-en-bois-le-toy-van","status":"publish","type":"product","link":"https:\/\/teiaeducation.ch\/fr\/produit\/blocs-abc-en-bois-le-toy-van\/","title":{"rendered":"Blocs ABC en bois &#8211; Le Toy Van"},"content":{"rendered":"<p>Les blocs en bois ABC \/ de l&#8217;alphabet classiques le Toy Van de la collection Petilou se composent de 30 <a href=\"https:\/\/teiaeducation.ch\/fr\/categorie-produit\/jouer\/blocs-de-construction-en-bois\/\">blocs en bois<\/a>. Les blocs ont 6 visages diff\u00e9rents, y compris les chiffres, lettres, illustrations et formes et sont magnifiquement fabriqu\u00e9s \u00e0 partir de bois de caoutchouc massif, avec tous les bords sont lisses pour un toucher s\u00fbr et doux. L\u2019ensemble comporte des conceptions des lettres majuscules et minuscules aussi bien que des chiffres de 0 \u00e0 9. Les illustrations sont li\u00e9es \u00e0 la lettre sur le bloc pour prendre en charge la reconnaissance claire et facile des lettres et des nombres.<\/p>\n<p>Le sixi\u00e8me visage des blocs est con\u00e7u pour donner un jeu \u00e9tendu en \u00e9tant utilis\u00e9 ensemble pour cr\u00e9er des objets et des animaux, id\u00e9al pour encourager la cr\u00e9ativit\u00e9 et l\u2019imagination, chaque bloc est s\u00e9rigraphi\u00e9 \u00e0 la main, ce qui rend chacun unique. L\u2019ensemble de blocs comprend un plateau en bois pratique qui a un alphabet imprim\u00e9 sur la base, et l\u2019ensemble peut \u00e9galement \u00eatre jou\u00e9 avec comme un puzzle pour soutenir l\u2019apprentissage de l\u2019alphabet.<\/p>\n<p>Ce joli ensemble aidera \u00e0 renforcer les habilet\u00e9s motrices, la pens\u00e9e critique, et d\u00e9veloppe les comp\u00e9tences de pr\u00e9-lecture et de comptage pr\u00e9coce. Les blocs sont petits et assez l\u00e9gers pour les petites mains et encourageront l\u2019apprentissage pr\u00e9coce d\u2019une mani\u00e8re amusante la plus traditionnelle.<\/p>\n<p>Le Toy Van est une soci\u00e9t\u00e9 anglaise de jouets fond\u00e9e en 1995 et sp\u00e9cialis\u00e9e dans les jouets traditionnels en bois de haute qualit\u00e9 dans un style contemporain. Tous les jouets sont fabriqu\u00e9s \u00e9thiquement selon des normes rigoureuses de qualit\u00e9, de s\u00e9curit\u00e9 et de durabilit\u00e9, en utilisant des mat\u00e9riaux naturels, y compris le caoutchouc-bois lisse recycl\u00e9. Ils sont test\u00e9s selon les normes de s\u00e9curit\u00e9 les plus \u00e9lev\u00e9es et sont conformes aux normes de s\u00e9curit\u00e9 EN-71 et ASTM.<\/p>\n<p>Ces jouets innovants et magnifiquement con\u00e7us encouragent l\u2019apprentissage pr\u00e9coce gr\u00e2ce \u00e0 des jeux de r\u00f4le imaginatifs, offrant de nombreuses possibilit\u00e9s de d\u00e9veloppement linguistique et social ainsi que la motricit\u00e9 fine et sont faits pour durer et \u00eatre appr\u00e9ci\u00e9s pour les g\u00e9n\u00e9rations \u00e0 venir.<\/p>\n<p>Ce jouet convient aux enfants \u00e2g\u00e9s de 12 mois et plus.<\/p>\n<p>Contenu:<\/p>\n<p>30 blocs en bois avec plateau (27 x 23 x 4,3 cm)<\/p>\n","protected":false},"excerpt":{"rendered":"<p>Num\u00e9ro d\u2019article: ltvpl101<\/p>\n<p>Les blocs en bois ABC classiques de Le Toy Van aident \u00e0 renforcer la motricit\u00e9, la pens\u00e9e critique et le d\u00e9veloppement de la pr\u00e9-lecture.<\/p>\n","protected":false},"featured_media":25287,"comment_status":"open","ping_status":"closed","template":"","meta":[],"product_brand":[],"product_cat":[208,215,285,13128,633,13150,22344,635,283,8526,17242,8572,13130,23650,13152,624,630,607,288,217,5851,209,212],"product_tag":[18130,18131,18059],"class_list":{"0":"post-32385","1":"product","2":"type-product","3":"status-publish","4":"has-post-thumbnail","6":"product_cat-1-3-ans","7":"product_cat-3-6-ans","8":"product_cat-alphabetisation-langage","9":"product_cat-apprendre-a-compter","10":"product_cat-apprendre-les-couleurs","11":"product_cat-blocs-de-construction-en-bois","12":"product_cat-collections-saisonnieres","13":"product_cat-competences-motrices","14":"product_cat-domaines-du-curriculum","15":"product_cat-fournitures-scolaires-a-domicile","16":"product_cat-guide-cadeaux-1-3-ans","17":"product_cat-jeu-et-apprentissage-pour-bebes-et-jeunes-enfants","18":"product_cat-jouer","19":"product_cat-la-rentree-scolaire","20":"product_cat-le-toy-van-fr","21":"product_cat-formes","22":"product_cat-nombres","23":"product_cat-des-lettres","24":"product_cat-mathematiques-calcul","25":"product_cat-marques","26":"product_cat-nouveautes","27":"product_cat-sensorielles-motrices","28":"product_cat-tranche-dage","29":"product_tag-blocs-abc","30":"product_tag-blocs-de-nombres-en-bois","31":"product_tag-le-toy-van-fr","33":"first","34":"instock","35":"taxable","36":"shipping-taxable","37":"purchasable","38":"product-type-simple"},"yoast_head":"<!-- This site is optimized with the Yoast SEO plugin v27.1.1 - https:\/\/yoast.com\/product\/yoast-seo-wordpress\/ -->\n<title>Blocs ABC en bois - Le Toy Van - Teia Education &amp; Play<\/title>\n<meta name=\"description\" content=\"Les blocs en bois ABC classiques de Le Toy Van aident \u00e0 renforcer la motricit\u00e9, la pens\u00e9e critique et le d\u00e9veloppement de la pr\u00e9-lecture.\" \/>\n<meta name=\"robots\" content=\"index, follow, max-snippet:-1, max-image-preview:large, max-video-preview:-1\" \/>\n<link rel=\"canonical\" href=\"https:\/\/teiaeducation.ch\/fr\/produit\/blocs-abc-en-bois-le-toy-van\/\" \/>\n<meta property=\"og:locale\" content=\"fr_FR\" \/>\n<meta property=\"og:type\" content=\"article\" \/>\n<meta property=\"og:title\" content=\"Blocs ABC en bois - Le Toy Van - Teia Education &amp; Play\" \/>\n<meta property=\"og:description\" content=\"Les blocs en bois ABC classiques de Le Toy Van aident \u00e0 renforcer la motricit\u00e9, la pens\u00e9e critique et le d\u00e9veloppement de la pr\u00e9-lecture.\" \/>\n<meta property=\"og:url\" content=\"https:\/\/teiaeducation.ch\/fr\/produit\/blocs-abc-en-bois-le-toy-van\/\" \/>\n<meta property=\"og:site_name\" content=\"Sustainable Educational Products &amp; Ecological Toys\u00a0\" \/>\n<meta property=\"article:publisher\" content=\"https:\/\/www.facebook.com\/teiaeducation\/\" \/>\n<meta property=\"article:modified_time\" content=\"2021-11-30T11:37:34+00:00\" \/>\n<meta property=\"og:image\" content=\"https:\/\/teiaeducation.ch\/wp-content\/uploads\/2020\/04\/ABC-Wooden-Blocks-Le-Toy-Van.jpg\" \/>\n\t<meta property=\"og:image:width\" content=\"900\" \/>\n\t<meta property=\"og:image:height\" content=\"900\" \/>\n\t<meta property=\"og:image:type\" content=\"image\/jpeg\" \/>\n<script type=\"application\/ld+json\" class=\"yoast-schema-graph\">{\"@context\":\"https:\/\/schema.org\",\"@graph\":[{\"@type\":\"WebPage\",\"@id\":\"https:\/\/teiaeducation.ch\/fr\/produit\/blocs-abc-en-bois-le-toy-van\/\",\"url\":\"https:\/\/teiaeducation.ch\/fr\/produit\/blocs-abc-en-bois-le-toy-van\/\",\"name\":\"Blocs ABC en bois - Le Toy Van - Teia Education & Play\",\"isPartOf\":{\"@id\":\"https:\/\/teiaeducation.ch\/fr\/#website\"},\"primaryImageOfPage\":{\"@id\":\"https:\/\/teiaeducation.ch\/fr\/produit\/blocs-abc-en-bois-le-toy-van\/#primaryimage\"},\"image\":{\"@id\":\"https:\/\/teiaeducation.ch\/fr\/produit\/blocs-abc-en-bois-le-toy-van\/#primaryimage\"},\"thumbnailUrl\":\"https:\/\/teiaeducation.ch\/wp-content\/uploads\/2020\/04\/ABC-Wooden-Blocks-Le-Toy-Van.jpg\",\"datePublished\":\"2020-04-12T12:57:30+00:00\",\"dateModified\":\"2021-11-30T11:37:34+00:00\",\"description\":\"Les blocs en bois ABC classiques de Le Toy Van aident \u00e0 renforcer la motricit\u00e9, la pens\u00e9e critique et le d\u00e9veloppement de la pr\u00e9-lecture.\",\"breadcrumb\":{\"@id\":\"https:\/\/teiaeducation.ch\/fr\/produit\/blocs-abc-en-bois-le-toy-van\/#breadcrumb\"},\"inLanguage\":\"fr-FR\",\"potentialAction\":[{\"@type\":\"ReadAction\",\"target\":[\"https:\/\/teiaeducation.ch\/fr\/produit\/blocs-abc-en-bois-le-toy-van\/\"]}]},{\"@type\":\"ImageObject\",\"inLanguage\":\"fr-FR\",\"@id\":\"https:\/\/teiaeducation.ch\/fr\/produit\/blocs-abc-en-bois-le-toy-van\/#primaryimage\",\"url\":\"https:\/\/teiaeducation.ch\/wp-content\/uploads\/2020\/04\/ABC-Wooden-Blocks-Le-Toy-Van.jpg\",\"contentUrl\":\"https:\/\/teiaeducation.ch\/wp-content\/uploads\/2020\/04\/ABC-Wooden-Blocks-Le-Toy-Van.jpg\",\"width\":900,\"height\":900,\"caption\":\"Blocs ABC en bois - Le Toy Van\"},{\"@type\":\"BreadcrumbList\",\"@id\":\"https:\/\/teiaeducation.ch\/fr\/produit\/blocs-abc-en-bois-le-toy-van\/#breadcrumb\",\"itemListElement\":[{\"@type\":\"ListItem\",\"position\":1,\"name\":\"Home\",\"item\":\"https:\/\/teiaeducation.ch\/fr\/\"},{\"@type\":\"ListItem\",\"position\":2,\"name\":\"Boutique Teia Education &amp; Play\",\"item\":\"https:\/\/teiaeducation.ch\/fr\/boutique\/\"},{\"@type\":\"ListItem\",\"position\":3,\"name\":\"Nos Marques\",\"item\":\"https:\/\/teiaeducation.ch\/fr\/categorie-produit\/marques\/\"},{\"@type\":\"ListItem\",\"position\":4,\"name\":\"Le Toy Van\",\"item\":\"https:\/\/teiaeducation.ch\/fr\/categorie-produit\/marques\/le-toy-van-fr\/\"},{\"@type\":\"ListItem\",\"position\":5,\"name\":\"Blocs ABC en bois &#8211; Le Toy Van\"}]},{\"@type\":\"WebSite\",\"@id\":\"https:\/\/teiaeducation.ch\/fr\/#website\",\"url\":\"https:\/\/teiaeducation.ch\/fr\/\",\"name\":\"Sustainable Educational Products &amp; Ecological Toys\u00a0\",\"description\":\"Specialised Swiss shop selling sustainable educational toys and games, AMI certified Montessori materials, handmade ecological wooden Waldorf toys and arts &amp; crafts supplies, school supplies, children&#039;s furniture and Montessori reference and parenting books.\",\"publisher\":{\"@id\":\"https:\/\/teiaeducation.ch\/fr\/#organization\"},\"alternateName\":\"Teia Education & Play\",\"potentialAction\":[{\"@type\":\"SearchAction\",\"target\":{\"@type\":\"EntryPoint\",\"urlTemplate\":\"https:\/\/teiaeducation.ch\/fr\/?s={search_term_string}\"},\"query-input\":{\"@type\":\"PropertyValueSpecification\",\"valueRequired\":true,\"valueName\":\"search_term_string\"}}],\"inLanguage\":\"fr-FR\"},{\"@type\":\"Organization\",\"@id\":\"https:\/\/teiaeducation.ch\/fr\/#organization\",\"name\":\"Teia Education & Play\",\"url\":\"https:\/\/teiaeducation.ch\/fr\/\",\"logo\":{\"@type\":\"ImageObject\",\"inLanguage\":\"fr-FR\",\"@id\":\"https:\/\/teiaeducation.ch\/fr\/#\/schema\/logo\/image\/\",\"url\":\"https:\/\/teiaeducation.ch\/wp-content\/uploads\/2020\/11\/Teia-Education-Switzerland-e1620156442216.jpg\",\"contentUrl\":\"https:\/\/teiaeducation.ch\/wp-content\/uploads\/2020\/11\/Teia-Education-Switzerland-e1620156442216.jpg\",\"width\":166,\"height\":145,\"caption\":\"Teia Education & Play\"},\"image\":{\"@id\":\"https:\/\/teiaeducation.ch\/fr\/#\/schema\/logo\/image\/\"},\"sameAs\":[\"https:\/\/www.facebook.com\/teiaeducation\/\",\"https:\/\/x.com\/EducationTeia\",\"https:\/\/www.instagram.com\/teia.education\/\",\"https:\/\/www.linkedin.com\/company\/35501660\",\"https:\/\/www.pinterest.ch\/TeiaEducation\/\"]}]}<\/script>\n<!-- \/ Yoast SEO plugin. -->","yoast_head_json":{"title":"Blocs ABC en bois - Le Toy Van - Teia Education & Play","description":"Les blocs en bois ABC classiques de Le Toy Van aident \u00e0 renforcer la motricit\u00e9, la pens\u00e9e critique et le d\u00e9veloppement de la pr\u00e9-lecture.","robots":{"index":"index","follow":"follow","max-snippet":"max-snippet:-1","max-image-preview":"max-image-preview:large","max-video-preview":"max-video-preview:-1"},"canonical":"https:\/\/teiaeducation.ch\/fr\/produit\/blocs-abc-en-bois-le-toy-van\/","og_locale":"fr_FR","og_type":"article","og_title":"Blocs ABC en bois - Le Toy Van - Teia Education & Play","og_description":"Les blocs en bois ABC classiques de Le Toy Van aident \u00e0 renforcer la motricit\u00e9, la pens\u00e9e critique et le d\u00e9veloppement de la pr\u00e9-lecture.","og_url":"https:\/\/teiaeducation.ch\/fr\/produit\/blocs-abc-en-bois-le-toy-van\/","og_site_name":"Sustainable Educational Products &amp; Ecological Toys\u00a0","article_publisher":"https:\/\/www.facebook.com\/teiaeducation\/","article_modified_time":"2021-11-30T11:37:34+00:00","og_image":[{"width":900,"height":900,"url":"https:\/\/teiaeducation.ch\/wp-content\/uploads\/2020\/04\/ABC-Wooden-Blocks-Le-Toy-Van.jpg","type":"image\/jpeg"}],"schema":{"@context":"https:\/\/schema.org","@graph":[{"@type":"WebPage","@id":"https:\/\/teiaeducation.ch\/fr\/produit\/blocs-abc-en-bois-le-toy-van\/","url":"https:\/\/teiaeducation.ch\/fr\/produit\/blocs-abc-en-bois-le-toy-van\/","name":"Blocs ABC en bois - Le Toy Van - Teia Education & Play","isPartOf":{"@id":"https:\/\/teiaeducation.ch\/fr\/#website"},"primaryImageOfPage":{"@id":"https:\/\/teiaeducation.ch\/fr\/produit\/blocs-abc-en-bois-le-toy-van\/#primaryimage"},"image":{"@id":"https:\/\/teiaeducation.ch\/fr\/produit\/blocs-abc-en-bois-le-toy-van\/#primaryimage"},"thumbnailUrl":"https:\/\/teiaeducation.ch\/wp-content\/uploads\/2020\/04\/ABC-Wooden-Blocks-Le-Toy-Van.jpg","datePublished":"2020-04-12T12:57:30+00:00","dateModified":"2021-11-30T11:37:34+00:00","description":"Les blocs en bois ABC classiques de Le Toy Van aident \u00e0 renforcer la motricit\u00e9, la pens\u00e9e critique et le d\u00e9veloppement de la pr\u00e9-lecture.","breadcrumb":{"@id":"https:\/\/teiaeducation.ch\/fr\/produit\/blocs-abc-en-bois-le-toy-van\/#breadcrumb"},"inLanguage":"fr-FR","potentialAction":[{"@type":"ReadAction","target":["https:\/\/teiaeducation.ch\/fr\/produit\/blocs-abc-en-bois-le-toy-van\/"]}]},{"@type":"ImageObject","inLanguage":"fr-FR","@id":"https:\/\/teiaeducation.ch\/fr\/produit\/blocs-abc-en-bois-le-toy-van\/#primaryimage","url":"https:\/\/teiaeducation.ch\/wp-content\/uploads\/2020\/04\/ABC-Wooden-Blocks-Le-Toy-Van.jpg","contentUrl":"https:\/\/teiaeducation.ch\/wp-content\/uploads\/2020\/04\/ABC-Wooden-Blocks-Le-Toy-Van.jpg","width":900,"height":900,"caption":"Blocs ABC en bois - Le Toy Van"},{"@type":"BreadcrumbList","@id":"https:\/\/teiaeducation.ch\/fr\/produit\/blocs-abc-en-bois-le-toy-van\/#breadcrumb","itemListElement":[{"@type":"ListItem","position":1,"name":"Home","item":"https:\/\/teiaeducation.ch\/fr\/"},{"@type":"ListItem","position":2,"name":"Boutique Teia Education &amp; Play","item":"https:\/\/teiaeducation.ch\/fr\/boutique\/"},{"@type":"ListItem","position":3,"name":"Nos Marques","item":"https:\/\/teiaeducation.ch\/fr\/categorie-produit\/marques\/"},{"@type":"ListItem","position":4,"name":"Le Toy Van","item":"https:\/\/teiaeducation.ch\/fr\/categorie-produit\/marques\/le-toy-van-fr\/"},{"@type":"ListItem","position":5,"name":"Blocs ABC en bois &#8211; Le Toy Van"}]},{"@type":"WebSite","@id":"https:\/\/teiaeducation.ch\/fr\/#website","url":"https:\/\/teiaeducation.ch\/fr\/","name":"Sustainable Educational Products &amp; Ecological Toys\u00a0","description":"Specialised Swiss shop selling sustainable educational toys and games, AMI certified Montessori materials, handmade ecological wooden Waldorf toys and arts &amp; crafts supplies, school supplies, children&#039;s furniture and Montessori reference and parenting books.","publisher":{"@id":"https:\/\/teiaeducation.ch\/fr\/#organization"},"alternateName":"Teia Education & Play","potentialAction":[{"@type":"SearchAction","target":{"@type":"EntryPoint","urlTemplate":"https:\/\/teiaeducation.ch\/fr\/?s={search_term_string}"},"query-input":{"@type":"PropertyValueSpecification","valueRequired":true,"valueName":"search_term_string"}}],"inLanguage":"fr-FR"},{"@type":"Organization","@id":"https:\/\/teiaeducation.ch\/fr\/#organization","name":"Teia Education & Play","url":"https:\/\/teiaeducation.ch\/fr\/","logo":{"@type":"ImageObject","inLanguage":"fr-FR","@id":"https:\/\/teiaeducation.ch\/fr\/#\/schema\/logo\/image\/","url":"https:\/\/teiaeducation.ch\/wp-content\/uploads\/2020\/11\/Teia-Education-Switzerland-e1620156442216.jpg","contentUrl":"https:\/\/teiaeducation.ch\/wp-content\/uploads\/2020\/11\/Teia-Education-Switzerland-e1620156442216.jpg","width":166,"height":145,"caption":"Teia Education & Play"},"image":{"@id":"https:\/\/teiaeducation.ch\/fr\/#\/schema\/logo\/image\/"},"sameAs":["https:\/\/www.facebook.com\/teiaeducation\/","https:\/\/x.com\/EducationTeia","https:\/\/www.instagram.com\/teia.education\/","https:\/\/www.linkedin.com\/company\/35501660","https:\/\/www.pinterest.ch\/TeiaEducation\/"]}]}},"_links":{"self":[{"href":"https:\/\/teiaeducation.ch\/fr\/wp-json\/wp\/v2\/product\/32385","targetHints":{"allow":["GET"]}}],"collection":[{"href":"https:\/\/teiaeducation.ch\/fr\/wp-json\/wp\/v2\/product"}],"about":[{"href":"https:\/\/teiaeducation.ch\/fr\/wp-json\/wp\/v2\/types\/product"}],"replies":[{"embeddable":true,"href":"https:\/\/teiaeducation.ch\/fr\/wp-json\/wp\/v2\/comments?post=32385"}],"wp:featuredmedia":[{"embeddable":true,"href":"https:\/\/teiaeducation.ch\/fr\/wp-json\/wp\/v2\/media\/25287"}],"wp:attachment":[{"href":"https:\/\/teiaeducation.ch\/fr\/wp-json\/wp\/v2\/media?parent=32385"}],"wp:term":[{"taxonomy":"product_brand","embeddable":true,"href":"https:\/\/teiaeducation.ch\/fr\/wp-json\/wp\/v2\/product_brand?post=32385"},{"taxonomy":"product_cat","embeddable":true,"href":"https:\/\/teiaeducation.ch\/fr\/wp-json\/wp\/v2\/product_cat?post=32385"},{"taxonomy":"product_tag","embeddable":true,"href":"https:\/\/teiaeducation.ch\/fr\/wp-json\/wp\/v2\/product_tag?post=32385"}],"curies":[{"name":"wp","href":"https:\/\/api.w.org\/{rel}","templated":true}]}}